{"id":35357,"date":"2025-02-11T12:44:39","date_gmt":"2025-02-11T12:44:39","guid":{"rendered":"https:\/\/likeink.se\/gnuggis\/silvertatuering-ark\/"},"modified":"2025-02-11T12:52:11","modified_gmt":"2025-02-11T12:52:11","slug":"soelvtatovering-ark","status":"publish","type":"product","link":"https:\/\/likeink.com\/da\/midlertidige-tatoveringer\/soelvtatovering-ark\/","title":{"rendered":"S\u00f8lvtatovering ark A4"},"content":{"rendered":"","protected":false},"excerpt":{"rendered":"<p>S\u00f8lvtatovering \u2013 Slip din kreativitet l\u00f8s med vores glitrende s\u00f8lv A4-ark. Hele overfladen fungerer som en midlertidig tatovering! Klip dine egne m\u00f8nstre ud og skab unikke designs, der med garanti tiltr\u00e6kker opm\u00e6rksomhed. Perfekt til fester, festivaler eller n\u00e5r du bare vil skinne lidt ekstra.<\/p>\n<h2>Skab dine egne midlertidige s\u00f8lvtatoveringer ved at klippe dine yndlingsm\u00f8nstre ud<\/h2>\n<p>Hudvenlige og lette at bruge \u2013 p\u00e5f\u00f8r hurtigt med vand og vask dem af, n\u00e5r du vil skifte stil. Skab alt fra sm\u00e5 detaljer til store motiver, helt efter din egen fantasi.<\/p>\n<p>St\u00f8rrelse: A4<\/p>\n","protected":false},"featured_media":35331,"template":"","meta":[],"product_brand":[],"product_cat":[53,171],"product_tag":[],"class_list":{"0":"post-35357","1":"product","2":"type-product","3":"status-publish","4":"has-post-thumbnail","6":"product_cat-faerdige-ark","7":"product_cat-oevrige-tatoveringer","9":"first","10":"instock","11":"taxable","12":"shipping-taxable","13":"purchasable","14":"product-type-simple"},"yoast_head":"<!-- This site is optimized with the Yoast SEO Premium plugin v26.2 (Yoast SEO v27.4) - https:\/\/yoast.com\/product\/yoast-seo-premium-wordpress\/ -->\n<title>S\u00f8lvtatovering \u2013 Skab Unikke Midlertidige Tatoveringer i S\u00f8lv - Like ink<\/title>\n<meta name=\"description\" content=\"Design dine egne s\u00f8lvtatoveringer med vores A4-ark i s\u00f8lv. Hudvenlige tatoveringer, nemme at p\u00e5f\u00f8re og vaske af. - Like ink\" \/>\n<meta name=\"robots\" content=\"index, follow, max-snippet:-1, max-image-preview:large, max-video-preview:-1\" \/>\n<link rel=\"canonical\" href=\"https:\/\/likeink.com\/da\/midlertidige-tatoveringer\/soelvtatovering-ark\/\" \/>\n<meta property=\"og:locale\" content=\"da_DK\" \/>\n<meta property=\"og:type\" content=\"article\" \/>\n<meta property=\"og:title\" content=\"S\u00f8lvtatovering ark A4\" \/>\n<meta property=\"og:description\" content=\"S\u00f8lvtatovering \u2013 Slip din kreativitet l\u00f8s med vores glitrende s\u00f8lv A4-ark. Hele overfladen fungerer som en midlertidig tatovering! Klip dine egne m\u00f8nstre ud og skab unikke designs, der med garanti tiltr\u00e6kker opm\u00e6rksomhed. Perfekt til fester, festivaler eller n\u00e5r du bare vil skinne lidt ekstra.  Skab dine egne midlertidige s\u00f8lvtatoveringer ved at klippe dine yndlingsm\u00f8nstre ud   Hudvenlige og lette at bruge \u2013 p\u00e5f\u00f8r hurtigt med vand og vask dem af, n\u00e5r du vil skifte stil. Skab alt fra sm\u00e5 detaljer til store motiver, helt efter din egen fantasi.  St\u00f8rrelse: A4\" \/>\n<meta property=\"og:url\" content=\"https:\/\/likeink.com\/da\/midlertidige-tatoveringer\/soelvtatovering-ark\/\" \/>\n<meta property=\"og:site_name\" content=\"Like ink\" \/>\n<meta property=\"article:publisher\" content=\"https:\/\/www.facebook.com\/LikeInkSe\" \/>\n<meta property=\"article:modified_time\" content=\"2025-02-11T12:52:11+00:00\" \/>\n<meta property=\"og:image\" content=\"https:\/\/likeink.com\/wp-content\/uploads\/2025\/02\/SilverTemporaryTattooPaper-Likeink.jpg\" \/>\n\t<meta property=\"og:image:width\" content=\"2481\" \/>\n\t<meta property=\"og:image:height\" content=\"1749\" \/>\n\t<meta property=\"og:image:type\" content=\"image\/jpeg\" \/>\n<meta name=\"twitter:card\" content=\"summary_large_image\" \/>\n<meta name=\"twitter:label1\" content=\"Estimeret l\u00e6setid\" \/>\n\t<meta name=\"twitter:data1\" content=\"1 minut\" \/>\n<script type=\"application\/ld+json\" class=\"yoast-schema-graph\">{\"@context\":\"https:\\\/\\\/schema.org\",\"@graph\":[{\"@type\":\"WebPage\",\"@id\":\"https:\\\/\\\/likeink.com\\\/da\\\/midlertidige-tatoveringer\\\/soelvtatovering-ark\\\/\",\"url\":\"https:\\\/\\\/likeink.com\\\/da\\\/midlertidige-tatoveringer\\\/soelvtatovering-ark\\\/\",\"name\":\"S\u00f8lvtatovering \u2013 Skab Unikke Midlertidige Tatoveringer i S\u00f8lv - Like ink\",\"isPartOf\":{\"@id\":\"https:\\\/\\\/likeink.com\\\/da\\\/#website\"},\"primaryImageOfPage\":{\"@id\":\"https:\\\/\\\/likeink.com\\\/da\\\/midlertidige-tatoveringer\\\/soelvtatovering-ark\\\/#primaryimage\"},\"image\":{\"@id\":\"https:\\\/\\\/likeink.com\\\/da\\\/midlertidige-tatoveringer\\\/soelvtatovering-ark\\\/#primaryimage\"},\"thumbnailUrl\":\"https:\\\/\\\/likeink.com\\\/wp-content\\\/uploads\\\/2025\\\/02\\\/SilverTemporaryTattooPaper-Likeink.jpg\",\"datePublished\":\"2025-02-11T12:44:39+00:00\",\"dateModified\":\"2025-02-11T12:52:11+00:00\",\"description\":\"Design dine egne s\u00f8lvtatoveringer med vores A4-ark i s\u00f8lv. Hudvenlige tatoveringer, nemme at p\u00e5f\u00f8re og vaske af. - Like ink\",\"breadcrumb\":{\"@id\":\"https:\\\/\\\/likeink.com\\\/da\\\/midlertidige-tatoveringer\\\/soelvtatovering-ark\\\/#breadcrumb\"},\"inLanguage\":\"da-DK\",\"potentialAction\":[{\"@type\":\"ReadAction\",\"target\":[\"https:\\\/\\\/likeink.com\\\/da\\\/midlertidige-tatoveringer\\\/soelvtatovering-ark\\\/\"]}]},{\"@type\":\"ImageObject\",\"inLanguage\":\"da-DK\",\"@id\":\"https:\\\/\\\/likeink.com\\\/da\\\/midlertidige-tatoveringer\\\/soelvtatovering-ark\\\/#primaryimage\",\"url\":\"https:\\\/\\\/likeink.com\\\/wp-content\\\/uploads\\\/2025\\\/02\\\/SilverTemporaryTattooPaper-Likeink.jpg\",\"contentUrl\":\"https:\\\/\\\/likeink.com\\\/wp-content\\\/uploads\\\/2025\\\/02\\\/SilverTemporaryTattooPaper-Likeink.jpg\",\"width\":2481,\"height\":1749,\"caption\":\"Silver Fake Tattoo Paper\"},{\"@type\":\"BreadcrumbList\",\"@id\":\"https:\\\/\\\/likeink.com\\\/da\\\/midlertidige-tatoveringer\\\/soelvtatovering-ark\\\/#breadcrumb\",\"itemListElement\":[{\"@type\":\"ListItem\",\"position\":1,\"name\":\"Hem\",\"item\":\"https:\\\/\\\/likeink.com\\\/da\\\/\"},{\"@type\":\"ListItem\",\"position\":2,\"name\":\"Shop\",\"item\":\"https:\\\/\\\/likeink.com\\\/da\\\/shop\\\/\"},{\"@type\":\"ListItem\",\"position\":3,\"name\":\"S\u00f8lvtatovering ark A4\"}]},{\"@type\":\"WebSite\",\"@id\":\"https:\\\/\\\/likeink.com\\\/da\\\/#website\",\"url\":\"https:\\\/\\\/likeink.com\\\/da\\\/\",\"name\":\"Like ink\",\"description\":\"Make your own custom design\",\"potentialAction\":[{\"@type\":\"SearchAction\",\"target\":{\"@type\":\"EntryPoint\",\"urlTemplate\":\"https:\\\/\\\/likeink.com\\\/da\\\/?s={search_term_string}\"},\"query-input\":{\"@type\":\"PropertyValueSpecification\",\"valueRequired\":true,\"valueName\":\"search_term_string\"}}],\"inLanguage\":\"da-DK\"}]}<\/script>\n<!-- \/ Yoast SEO Premium plugin. -->","yoast_head_json":{"title":"S\u00f8lvtatovering \u2013 Skab Unikke Midlertidige Tatoveringer i S\u00f8lv - Like ink","description":"Design dine egne s\u00f8lvtatoveringer med vores A4-ark i s\u00f8lv. Hudvenlige tatoveringer, nemme at p\u00e5f\u00f8re og vaske af. - Like ink","robots":{"index":"index","follow":"follow","max-snippet":"max-snippet:-1","max-image-preview":"max-image-preview:large","max-video-preview":"max-video-preview:-1"},"canonical":"https:\/\/likeink.com\/da\/midlertidige-tatoveringer\/soelvtatovering-ark\/","og_locale":"da_DK","og_type":"article","og_title":"S\u00f8lvtatovering ark A4","og_description":"S\u00f8lvtatovering \u2013 Slip din kreativitet l\u00f8s med vores glitrende s\u00f8lv A4-ark. Hele overfladen fungerer som en midlertidig tatovering! Klip dine egne m\u00f8nstre ud og skab unikke designs, der med garanti tiltr\u00e6kker opm\u00e6rksomhed. Perfekt til fester, festivaler eller n\u00e5r du bare vil skinne lidt ekstra.  Skab dine egne midlertidige s\u00f8lvtatoveringer ved at klippe dine yndlingsm\u00f8nstre ud   Hudvenlige og lette at bruge \u2013 p\u00e5f\u00f8r hurtigt med vand og vask dem af, n\u00e5r du vil skifte stil. Skab alt fra sm\u00e5 detaljer til store motiver, helt efter din egen fantasi.  St\u00f8rrelse: A4","og_url":"https:\/\/likeink.com\/da\/midlertidige-tatoveringer\/soelvtatovering-ark\/","og_site_name":"Like ink","article_publisher":"https:\/\/www.facebook.com\/LikeInkSe","article_modified_time":"2025-02-11T12:52:11+00:00","og_image":[{"width":2481,"height":1749,"url":"https:\/\/likeink.com\/wp-content\/uploads\/2025\/02\/SilverTemporaryTattooPaper-Likeink.jpg","type":"image\/jpeg"}],"twitter_card":"summary_large_image","twitter_misc":{"Estimeret l\u00e6setid":"1 minut"},"schema":{"@context":"https:\/\/schema.org","@graph":[{"@type":"WebPage","@id":"https:\/\/likeink.com\/da\/midlertidige-tatoveringer\/soelvtatovering-ark\/","url":"https:\/\/likeink.com\/da\/midlertidige-tatoveringer\/soelvtatovering-ark\/","name":"S\u00f8lvtatovering \u2013 Skab Unikke Midlertidige Tatoveringer i S\u00f8lv - Like ink","isPartOf":{"@id":"https:\/\/likeink.com\/da\/#website"},"primaryImageOfPage":{"@id":"https:\/\/likeink.com\/da\/midlertidige-tatoveringer\/soelvtatovering-ark\/#primaryimage"},"image":{"@id":"https:\/\/likeink.com\/da\/midlertidige-tatoveringer\/soelvtatovering-ark\/#primaryimage"},"thumbnailUrl":"https:\/\/likeink.com\/wp-content\/uploads\/2025\/02\/SilverTemporaryTattooPaper-Likeink.jpg","datePublished":"2025-02-11T12:44:39+00:00","dateModified":"2025-02-11T12:52:11+00:00","description":"Design dine egne s\u00f8lvtatoveringer med vores A4-ark i s\u00f8lv. Hudvenlige tatoveringer, nemme at p\u00e5f\u00f8re og vaske af. - Like ink","breadcrumb":{"@id":"https:\/\/likeink.com\/da\/midlertidige-tatoveringer\/soelvtatovering-ark\/#breadcrumb"},"inLanguage":"da-DK","potentialAction":[{"@type":"ReadAction","target":["https:\/\/likeink.com\/da\/midlertidige-tatoveringer\/soelvtatovering-ark\/"]}]},{"@type":"ImageObject","inLanguage":"da-DK","@id":"https:\/\/likeink.com\/da\/midlertidige-tatoveringer\/soelvtatovering-ark\/#primaryimage","url":"https:\/\/likeink.com\/wp-content\/uploads\/2025\/02\/SilverTemporaryTattooPaper-Likeink.jpg","contentUrl":"https:\/\/likeink.com\/wp-content\/uploads\/2025\/02\/SilverTemporaryTattooPaper-Likeink.jpg","width":2481,"height":1749,"caption":"Silver Fake Tattoo Paper"},{"@type":"BreadcrumbList","@id":"https:\/\/likeink.com\/da\/midlertidige-tatoveringer\/soelvtatovering-ark\/#breadcrumb","itemListElement":[{"@type":"ListItem","position":1,"name":"Hem","item":"https:\/\/likeink.com\/da\/"},{"@type":"ListItem","position":2,"name":"Shop","item":"https:\/\/likeink.com\/da\/shop\/"},{"@type":"ListItem","position":3,"name":"S\u00f8lvtatovering ark A4"}]},{"@type":"WebSite","@id":"https:\/\/likeink.com\/da\/#website","url":"https:\/\/likeink.com\/da\/","name":"Like ink","description":"Make your own custom design","potentialAction":[{"@type":"SearchAction","target":{"@type":"EntryPoint","urlTemplate":"https:\/\/likeink.com\/da\/?s={search_term_string}"},"query-input":{"@type":"PropertyValueSpecification","valueRequired":true,"valueName":"search_term_string"}}],"inLanguage":"da-DK"}]}},"_links":{"self":[{"href":"https:\/\/likeink.com\/da\/wp-json\/wp\/v2\/product\/35357","targetHints":{"allow":["GET"]}}],"collection":[{"href":"https:\/\/likeink.com\/da\/wp-json\/wp\/v2\/product"}],"about":[{"href":"https:\/\/likeink.com\/da\/wp-json\/wp\/v2\/types\/product"}],"wp:featuredmedia":[{"embeddable":true,"href":"https:\/\/likeink.com\/da\/wp-json\/wp\/v2\/media\/35331"}],"wp:attachment":[{"href":"https:\/\/likeink.com\/da\/wp-json\/wp\/v2\/media?parent=35357"}],"wp:term":[{"taxonomy":"product_brand","embeddable":true,"href":"https:\/\/likeink.com\/da\/wp-json\/wp\/v2\/product_brand?post=35357"},{"taxonomy":"product_cat","embeddable":true,"href":"https:\/\/likeink.com\/da\/wp-json\/wp\/v2\/product_cat?post=35357"},{"taxonomy":"product_tag","embeddable":true,"href":"https:\/\/likeink.com\/da\/wp-json\/wp\/v2\/product_tag?post=35357"}],"curies":[{"name":"wp","href":"https:\/\/api.w.org\/{rel}","templated":true}]}}