{"id":35906,"date":"2025-03-13T16:40:10","date_gmt":"2025-03-13T16:40:10","guid":{"rendered":"https:\/\/likeink.se\/?post_type=product&#038;p=35906"},"modified":"2025-03-13T16:55:10","modified_gmt":"2025-03-13T16:55:10","slug":"boys-dont-cry","status":"publish","type":"product","link":"https:\/\/likeink.com\/da\/midlertidige-tatoveringer\/boys-dont-cry\/","title":{"rendered":"Flash \u201dBoys dont cry\u201d by Kristoffer Don Cash"},"content":{"rendered":"","protected":false},"excerpt":{"rendered":"<p>Opdag unikke siertotatoveringer skabt af tatov\u00f8ren Kristoffer Don Cash. Hvert design er h\u00e5ndtegnet og inspireret af hans s\u00e6rlige stil med grafiske detaljer og et strejf af realisme. Tatoveringerne er veganske, allergivenlige og nemme at p\u00e5f\u00f8re med vand. Disse siertotatoveringer holder i flere dage, men kan let vaskes af, n\u00e5r du vil skifte design.  <\/p>\n<h2>Bestil tatoveringer designet af tatov\u00f8ren Kristoffer Don Cash<\/h2>\n<p><strong>Om Kristoffer Segerstr\u00f6m:<\/strong><br \/>\nJeg arbejder med sort bl\u00e6k 93,6 % af tiden og foretr\u00e6kker grafiske designs med et strejf af realisme.<br \/>\nLigesom mange andre i branchen har jeg en baggrund i graffiti, men p\u00e5 et tidspunkt f\u00f8lte jeg, at det var tid til at komme videre, og begyndte at studere kunst. Under mine studier opdagede jeg tatoveringer, og en sen aften i et studie besluttede jeg at tatovere mit eget l\u00e5r \u2013 og fra det \u00f8jeblik var jeg solgt!  <\/p>\n<p>Jeg har nu arbejdet som tatov\u00f8r i omkring ti \u00e5r og elsker hver eneste del af det. Jeg har g\u00e6stetatoveret i studier over hele verden og planl\u00e6gger at forts\u00e6tte, s\u00e5 l\u00e6nge min ryg holder!  <\/p>\n<p><strong>Navn:<\/strong> Kristoffer Don Cash<br \/>\n<strong>Instagram:<\/strong> @k.doncash<br \/>\n<strong>Studio:<\/strong> Kopparhjerta Falun \/ Stockholm<br \/>\n<strong>Studio Instagram:<\/strong> @kopparhjerta  <\/p>\n<p><strong>Arkst\u00f8rrelse:<\/strong> A5<br \/>\n<strong>Antal tatoveringer:<\/strong> 22<br \/>\n<strong>Tatoveringsst\u00f8rrelse:<\/strong> 25-85 mm  <\/p>\n","protected":false},"featured_media":35858,"template":"","meta":[],"product_brand":[],"product_cat":[53,500],"product_tag":[],"class_list":{"0":"post-35906","1":"product","2":"type-product","3":"status-publish","4":"has-post-thumbnail","6":"product_cat-faerdige-ark","7":"product_cat-samarbejder-med-tatovoerer","9":"first","10":"instock","11":"taxable","12":"shipping-taxable","13":"purchasable","14":"product-type-simple"},"yoast_head":"<!-- This site is optimized with the Yoast SEO Premium plugin v26.2 (Yoast SEO v27.5) - https:\/\/yoast.com\/product\/yoast-seo-premium-wordpress\/ -->\n<title>Boys dont cry Tatoveringer i en unik stil tegnet af en tatov\u00f8r! - Like ink<\/title>\n<meta name=\"description\" content=\"Boys dont cry Tatoveringer af tatov\u00f8r Kristoffer Don Cash fra studiet Kopparhjerta. Real Fake Tattoos - Like ink\" \/>\n<meta name=\"robots\" content=\"index, follow, max-snippet:-1, max-image-preview:large, max-video-preview:-1\" \/>\n<link rel=\"canonical\" href=\"https:\/\/likeink.com\/da\/midlertidige-tatoveringer\/boys-dont-cry\/\" \/>\n<meta property=\"og:locale\" content=\"da_DK\" \/>\n<meta property=\"og:type\" content=\"article\" \/>\n<meta property=\"og:title\" content=\"Flash \u201dBoys dont cry\u201d by Kristoffer Don Cash\" \/>\n<meta property=\"og:description\" content=\"Opdag unikke siertotatoveringer skabt af tatov\u00f8ren Kristoffer Don Cash. Hvert design er h\u00e5ndtegnet og inspireret af hans s\u00e6rlige stil med grafiske detaljer og et strejf af realisme. Tatoveringerne er veganske, allergivenlige og nemme at p\u00e5f\u00f8re med vand. Disse siertotatoveringer holder i flere dage, men kan let vaskes af, n\u00e5r du vil skifte design.   Bestil tatoveringer designet af tatov\u00f8ren Kristoffer Don Cash   Om Kristoffer Segerstr\u00f6m:  Jeg arbejder med sort bl\u00e6k 93,6 % af tiden og foretr\u00e6kker grafiske designs med et strejf af realisme.  Ligesom mange andre i branchen har jeg en baggrund i graffiti, men p\u00e5 et tidspunkt f\u00f8lte jeg, at det var tid til at komme videre, og begyndte at studere kunst. Under mine studier opdagede jeg tatoveringer, og en sen aften i et studie besluttede jeg at tatovere mit eget l\u00e5r \u2013 og fra det \u00f8jeblik var jeg solgt!   Jeg har nu arbejdet som tatov\u00f8r i omkring ti \u00e5r og elsker hver eneste del af det. Jeg har g\u00e6stetatoveret i studier over hele verden og planl\u00e6gger at forts\u00e6tte, s\u00e5 l\u00e6nge min ryg holder!   Navn: Kristoffer Don Cash  Instagram: @k.doncash  Studio: Kopparhjerta Falun \/ Stockholm  Studio Instagram: @kopparhjerta   Arkst\u00f8rrelse: A5  Antal tatoveringer: 22  Tatoveringsst\u00f8rrelse: 25-85 mm\" \/>\n<meta property=\"og:url\" content=\"https:\/\/likeink.com\/da\/midlertidige-tatoveringer\/boys-dont-cry\/\" \/>\n<meta property=\"og:site_name\" content=\"Like ink\" \/>\n<meta property=\"article:publisher\" content=\"https:\/\/www.facebook.com\/LikeInkSe\" \/>\n<meta property=\"article:modified_time\" content=\"2025-03-13T16:55:10+00:00\" \/>\n<meta property=\"og:image\" content=\"https:\/\/likeink.com\/wp-content\/uploads\/2025\/03\/Kopparhjerta-666-tattoo-Likeink.jpg\" \/>\n\t<meta property=\"og:image:width\" content=\"1600\" \/>\n\t<meta property=\"og:image:height\" content=\"1127\" \/>\n\t<meta property=\"og:image:type\" content=\"image\/jpeg\" \/>\n<meta name=\"twitter:card\" content=\"summary_large_image\" \/>\n<meta name=\"twitter:label1\" content=\"Estimeret l\u00e6setid\" \/>\n\t<meta name=\"twitter:data1\" content=\"1 minut\" \/>\n<!-- \/ Yoast SEO Premium plugin. -->","yoast_head_json":{"title":"Boys dont cry Tatoveringer i en unik stil tegnet af en tatov\u00f8r! - Like ink","description":"Boys dont cry Tatoveringer af tatov\u00f8r Kristoffer Don Cash fra studiet Kopparhjerta. Real Fake Tattoos - Like ink","robots":{"index":"index","follow":"follow","max-snippet":"max-snippet:-1","max-image-preview":"max-image-preview:large","max-video-preview":"max-video-preview:-1"},"canonical":"https:\/\/likeink.com\/da\/midlertidige-tatoveringer\/boys-dont-cry\/","og_locale":"da_DK","og_type":"article","og_title":"Flash \u201dBoys dont cry\u201d by Kristoffer Don Cash","og_description":"Opdag unikke siertotatoveringer skabt af tatov\u00f8ren Kristoffer Don Cash. Hvert design er h\u00e5ndtegnet og inspireret af hans s\u00e6rlige stil med grafiske detaljer og et strejf af realisme. Tatoveringerne er veganske, allergivenlige og nemme at p\u00e5f\u00f8re med vand. Disse siertotatoveringer holder i flere dage, men kan let vaskes af, n\u00e5r du vil skifte design.   Bestil tatoveringer designet af tatov\u00f8ren Kristoffer Don Cash   Om Kristoffer Segerstr\u00f6m:  Jeg arbejder med sort bl\u00e6k 93,6 % af tiden og foretr\u00e6kker grafiske designs med et strejf af realisme.  Ligesom mange andre i branchen har jeg en baggrund i graffiti, men p\u00e5 et tidspunkt f\u00f8lte jeg, at det var tid til at komme videre, og begyndte at studere kunst. Under mine studier opdagede jeg tatoveringer, og en sen aften i et studie besluttede jeg at tatovere mit eget l\u00e5r \u2013 og fra det \u00f8jeblik var jeg solgt!   Jeg har nu arbejdet som tatov\u00f8r i omkring ti \u00e5r og elsker hver eneste del af det. Jeg har g\u00e6stetatoveret i studier over hele verden og planl\u00e6gger at forts\u00e6tte, s\u00e5 l\u00e6nge min ryg holder!   Navn: Kristoffer Don Cash  Instagram: @k.doncash  Studio: Kopparhjerta Falun \/ Stockholm  Studio Instagram: @kopparhjerta   Arkst\u00f8rrelse: A5  Antal tatoveringer: 22  Tatoveringsst\u00f8rrelse: 25-85 mm","og_url":"https:\/\/likeink.com\/da\/midlertidige-tatoveringer\/boys-dont-cry\/","og_site_name":"Like ink","article_publisher":"https:\/\/www.facebook.com\/LikeInkSe","article_modified_time":"2025-03-13T16:55:10+00:00","og_image":[{"width":1600,"height":1127,"url":"https:\/\/likeink.com\/wp-content\/uploads\/2025\/03\/Kopparhjerta-666-tattoo-Likeink.jpg","type":"image\/jpeg"}],"twitter_card":"summary_large_image","twitter_misc":{"Estimeret l\u00e6setid":"1 minut"},"schema":{"@context":"https:\/\/schema.org","@graph":[{"@type":"WebPage","@id":"https:\/\/likeink.com\/da\/midlertidige-tatoveringer\/boys-dont-cry\/","url":"https:\/\/likeink.com\/da\/midlertidige-tatoveringer\/boys-dont-cry\/","name":"Boys dont cry Tatoveringer i en unik stil tegnet af en tatov\u00f8r! - Like ink","isPartOf":{"@id":"https:\/\/likeink.com\/da\/#website"},"primaryImageOfPage":{"@id":"https:\/\/likeink.com\/da\/midlertidige-tatoveringer\/boys-dont-cry\/#primaryimage"},"image":{"@id":"https:\/\/likeink.com\/da\/midlertidige-tatoveringer\/boys-dont-cry\/#primaryimage"},"thumbnailUrl":"https:\/\/likeink.com\/wp-content\/uploads\/2025\/03\/Kopparhjerta-666-tattoo-Likeink.jpg","datePublished":"2025-03-13T16:40:10+00:00","dateModified":"2025-03-13T16:55:10+00:00","description":"Boys dont cry Tatoveringer af tatov\u00f8r Kristoffer Don Cash fra studiet Kopparhjerta. Real Fake Tattoos - Like ink","breadcrumb":{"@id":"https:\/\/likeink.com\/da\/midlertidige-tatoveringer\/boys-dont-cry\/#breadcrumb"},"inLanguage":"da-DK","potentialAction":[{"@type":"ReadAction","target":["https:\/\/likeink.com\/da\/midlertidige-tatoveringer\/boys-dont-cry\/"]}]},{"@type":"ImageObject","inLanguage":"da-DK","@id":"https:\/\/likeink.com\/da\/midlertidige-tatoveringer\/boys-dont-cry\/#primaryimage","url":"https:\/\/likeink.com\/wp-content\/uploads\/2025\/03\/Kopparhjerta-666-tattoo-Likeink.jpg","contentUrl":"https:\/\/likeink.com\/wp-content\/uploads\/2025\/03\/Kopparhjerta-666-tattoo-Likeink.jpg","width":1600,"height":1127,"caption":"R\u00e5t sort-hvidt midlertidige tatoveringer med blomster, en lighter, gotiske bogstaver og rebelske motiver."},{"@type":"BreadcrumbList","@id":"https:\/\/likeink.com\/da\/midlertidige-tatoveringer\/boys-dont-cry\/#breadcrumb","itemListElement":[{"@type":"ListItem","position":1,"name":"Hem","item":"https:\/\/likeink.com\/da\/"},{"@type":"ListItem","position":2,"name":"Shop","item":"https:\/\/likeink.com\/da\/shop\/"},{"@type":"ListItem","position":3,"name":"Flash \u201dBoys dont cry\u201d by Kristoffer Don Cash"}]},{"@type":"WebSite","@id":"https:\/\/likeink.com\/da\/#website","url":"https:\/\/likeink.com\/da\/","name":"Like ink","description":"Make your own custom design","potentialAction":[{"@type":"SearchAction","target":{"@type":"EntryPoint","urlTemplate":"https:\/\/likeink.com\/da\/?s={search_term_string}"},"query-input":{"@type":"PropertyValueSpecification","valueRequired":true,"valueName":"search_term_string"}}],"inLanguage":"da-DK"}]}},"_links":{"self":[{"href":"https:\/\/likeink.com\/da\/wp-json\/wp\/v2\/product\/35906","targetHints":{"allow":["GET"]}}],"collection":[{"href":"https:\/\/likeink.com\/da\/wp-json\/wp\/v2\/product"}],"about":[{"href":"https:\/\/likeink.com\/da\/wp-json\/wp\/v2\/types\/product"}],"wp:featuredmedia":[{"embeddable":true,"href":"https:\/\/likeink.com\/da\/wp-json\/wp\/v2\/media\/35858"}],"wp:attachment":[{"href":"https:\/\/likeink.com\/da\/wp-json\/wp\/v2\/media?parent=35906"}],"wp:term":[{"taxonomy":"product_brand","embeddable":true,"href":"https:\/\/likeink.com\/da\/wp-json\/wp\/v2\/product_brand?post=35906"},{"taxonomy":"product_cat","embeddable":true,"href":"https:\/\/likeink.com\/da\/wp-json\/wp\/v2\/product_cat?post=35906"},{"taxonomy":"product_tag","embeddable":true,"href":"https:\/\/likeink.com\/da\/wp-json\/wp\/v2\/product_tag?post=35906"}],"curies":[{"name":"wp","href":"https:\/\/api.w.org\/{rel}","templated":true}]}}