{"id":36135,"date":"2025-03-25T13:33:52","date_gmt":"2025-03-25T13:33:52","guid":{"rendered":"https:\/\/likeink.se\/gnuggis\/ironiska-citat-tatueringar-the-ironic-company-a5\/"},"modified":"2026-03-16T15:45:45","modified_gmt":"2026-03-16T15:45:45","slug":"ironiske-citat-tatoveringer","status":"publish","type":"product","link":"https:\/\/likeink.com\/da\/midlertidige-tatoveringer\/ironiske-citat-tatoveringer\/","title":{"rendered":"Ironiske citat tatoveringer  \u201dThe Ironic Company\u201d"},"content":{"rendered":"","protected":false},"excerpt":{"rendered":"<p>Et A5-ark fyldt med midlertidige tatoveringer med ironiske citater, designet af det skarpe team bag The Ironic Company. Perfekt til fester, festivaler eller bare for at tilf\u00f8je lidt sarkasme i hverdagen.<\/p>\n<h2>K\u00f8b sjove citat tatoveringer \u2013 nemme at p\u00e5f\u00f8re og fjerne<\/h2>\n<p>\u2714 Hurtig levering<br \/>\n\u2714 Allergivenlige og sk\u00e5nsomme mod huden<br \/>\n\u2714 Nemme at p\u00e5f\u00f8re \u2013 placer, fugt, f\u00e6rdig!<br \/>\n\u2714 Let at vaske af<\/p>\n<p>Vis verden din humor \u2013 uden at binde dig for livet!<\/p>\n<p>Arkst\u00f8rrelse: A5<br \/>\nAntal tatoveringer: 12<br \/>\nSt\u00f8rrelse p\u00e5 tatoveringer: 30\u201365 mm<\/p>\n","protected":false},"featured_media":36023,"template":"","meta":[],"product_brand":[],"product_cat":[53,536],"product_tag":[],"class_list":{"0":"post-36135","1":"product","2":"type-product","3":"status-publish","4":"has-post-thumbnail","6":"product_cat-faerdige-ark","7":"product_cat-samarbejder-med-virksomheder","9":"first","10":"instock","11":"taxable","12":"shipping-taxable","13":"purchasable","14":"product-type-simple"},"yoast_head":"<!-- This site is optimized with the Yoast SEO Premium plugin v27.5 (Yoast SEO v27.6) - https:\/\/yoast.com\/product\/yoast-seo-premium-wordpress\/ -->\n<title>Ironiske citat tatoveringer - Like ink<\/title>\n<meta name=\"description\" content=\"Ironiske citat tatoveringer designet af &quot;The Ironic Company&quot;. Hurtig levering, allergivenlige tatoveringer og lynhurtig fragt! - Like ink\" \/>\n<meta name=\"robots\" content=\"index, follow, max-snippet:-1, max-image-preview:large, max-video-preview:-1\" \/>\n<link rel=\"canonical\" href=\"https:\/\/likeink.com\/da\/midlertidige-tatoveringer\/ironiske-citat-tatoveringer\/\" \/>\n<meta property=\"og:locale\" content=\"da_DK\" \/>\n<meta property=\"og:type\" content=\"article\" \/>\n<meta property=\"og:title\" content=\"Ironiske citat tatoveringer \u201dThe Ironic Company\u201d\" \/>\n<meta property=\"og:description\" content=\"Et A5-ark fyldt med midlertidige tatoveringer med ironiske citater, designet af det skarpe team bag The Ironic Company. Perfekt til fester, festivaler eller bare for at tilf\u00f8je lidt sarkasme i hverdagen.  K\u00f8b sjove citat tatoveringer \u2013 nemme at p\u00e5f\u00f8re og fjerne \u2714 Hurtig levering \u2714 Allergivenlige og sk\u00e5nsomme mod huden \u2714 Nemme at p\u00e5f\u00f8re \u2013 placer, fugt, f\u00e6rdig! \u2714 Let at vaske af  Vis verden din humor \u2013 uden at binde dig for livet!  Arkst\u00f8rrelse: A5 Antal tatoveringer: 12 St\u00f8rrelse p\u00e5 tatoveringer: 30\u201365 mm\" \/>\n<meta property=\"og:url\" content=\"https:\/\/likeink.com\/da\/midlertidige-tatoveringer\/ironiske-citat-tatoveringer\/\" \/>\n<meta property=\"og:site_name\" content=\"Like ink\" \/>\n<meta property=\"article:publisher\" content=\"https:\/\/www.facebook.com\/LikeInkSe\" \/>\n<meta property=\"article:modified_time\" content=\"2026-03-16T15:45:45+00:00\" \/>\n<meta property=\"og:image\" content=\"https:\/\/likeink.com\/wp-content\/uploads\/2025\/03\/StayWeirdTattoos-Likeink-1.jpg\" \/>\n\t<meta property=\"og:image:width\" content=\"1400\" \/>\n\t<meta property=\"og:image:height\" content=\"986\" \/>\n\t<meta property=\"og:image:type\" content=\"image\/jpeg\" \/>\n<meta name=\"twitter:card\" content=\"summary_large_image\" \/>\n<meta name=\"twitter:label1\" content=\"Estimeret l\u00e6setid\" \/>\n\t<meta name=\"twitter:data1\" content=\"1 minut\" \/>\n<!-- \/ Yoast SEO Premium plugin. -->","yoast_head_json":{"title":"Ironiske citat tatoveringer - Like ink","description":"Ironiske citat tatoveringer designet af \"The Ironic Company\". Hurtig levering, allergivenlige tatoveringer og lynhurtig fragt! - Like ink","robots":{"index":"index","follow":"follow","max-snippet":"max-snippet:-1","max-image-preview":"max-image-preview:large","max-video-preview":"max-video-preview:-1"},"canonical":"https:\/\/likeink.com\/da\/midlertidige-tatoveringer\/ironiske-citat-tatoveringer\/","og_locale":"da_DK","og_type":"article","og_title":"Ironiske citat tatoveringer \u201dThe Ironic Company\u201d","og_description":"Et A5-ark fyldt med midlertidige tatoveringer med ironiske citater, designet af det skarpe team bag The Ironic Company. Perfekt til fester, festivaler eller bare for at tilf\u00f8je lidt sarkasme i hverdagen.  K\u00f8b sjove citat tatoveringer \u2013 nemme at p\u00e5f\u00f8re og fjerne \u2714 Hurtig levering \u2714 Allergivenlige og sk\u00e5nsomme mod huden \u2714 Nemme at p\u00e5f\u00f8re \u2013 placer, fugt, f\u00e6rdig! \u2714 Let at vaske af  Vis verden din humor \u2013 uden at binde dig for livet!  Arkst\u00f8rrelse: A5 Antal tatoveringer: 12 St\u00f8rrelse p\u00e5 tatoveringer: 30\u201365 mm","og_url":"https:\/\/likeink.com\/da\/midlertidige-tatoveringer\/ironiske-citat-tatoveringer\/","og_site_name":"Like ink","article_publisher":"https:\/\/www.facebook.com\/LikeInkSe","article_modified_time":"2026-03-16T15:45:45+00:00","og_image":[{"width":1400,"height":986,"url":"https:\/\/likeink.com\/wp-content\/uploads\/2025\/03\/StayWeirdTattoos-Likeink-1.jpg","type":"image\/jpeg"}],"twitter_card":"summary_large_image","twitter_misc":{"Estimeret l\u00e6setid":"1 minut"},"schema":{"@context":"https:\/\/schema.org","@graph":[{"@type":"WebPage","@id":"https:\/\/likeink.com\/da\/midlertidige-tatoveringer\/ironiske-citat-tatoveringer\/","url":"https:\/\/likeink.com\/da\/midlertidige-tatoveringer\/ironiske-citat-tatoveringer\/","name":"Ironiske citat tatoveringer - Like ink","isPartOf":{"@id":"https:\/\/likeink.com\/da\/#website"},"primaryImageOfPage":{"@id":"https:\/\/likeink.com\/da\/midlertidige-tatoveringer\/ironiske-citat-tatoveringer\/#primaryimage"},"image":{"@id":"https:\/\/likeink.com\/da\/midlertidige-tatoveringer\/ironiske-citat-tatoveringer\/#primaryimage"},"thumbnailUrl":"https:\/\/likeink.com\/wp-content\/uploads\/2025\/03\/StayWeirdTattoos-Likeink-1.jpg","datePublished":"2025-03-25T13:33:52+00:00","dateModified":"2026-03-16T15:45:45+00:00","description":"Ironiske citat tatoveringer designet af \"The Ironic Company\". Hurtig levering, allergivenlige tatoveringer og lynhurtig fragt! - Like ink","breadcrumb":{"@id":"https:\/\/likeink.com\/da\/midlertidige-tatoveringer\/ironiske-citat-tatoveringer\/#breadcrumb"},"inLanguage":"da-DK","potentialAction":[{"@type":"ReadAction","target":["https:\/\/likeink.com\/da\/midlertidige-tatoveringer\/ironiske-citat-tatoveringer\/"]}]},{"@type":"ImageObject","inLanguage":"da-DK","@id":"https:\/\/likeink.com\/da\/midlertidige-tatoveringer\/ironiske-citat-tatoveringer\/#primaryimage","url":"https:\/\/likeink.com\/wp-content\/uploads\/2025\/03\/StayWeirdTattoos-Likeink-1.jpg","contentUrl":"https:\/\/likeink.com\/wp-content\/uploads\/2025\/03\/StayWeirdTattoos-Likeink-1.jpg","width":1400,"height":986,"caption":"Midlertidige tatoveringer med sjove og finurlige citater, kaffe-temaer og positive affirmationer."},{"@type":"BreadcrumbList","@id":"https:\/\/likeink.com\/da\/midlertidige-tatoveringer\/ironiske-citat-tatoveringer\/#breadcrumb","itemListElement":[{"@type":"ListItem","position":1,"name":"Hem","item":"https:\/\/likeink.com\/da\/"},{"@type":"ListItem","position":2,"name":"Shop","item":"https:\/\/likeink.com\/da\/shop\/"},{"@type":"ListItem","position":3,"name":"Ironiske citat tatoveringer \u201dThe Ironic Company\u201d"}]},{"@type":"WebSite","@id":"https:\/\/likeink.com\/da\/#website","url":"https:\/\/likeink.com\/da\/","name":"Like ink","description":"Make your own custom design","potentialAction":[{"@type":"SearchAction","target":{"@type":"EntryPoint","urlTemplate":"https:\/\/likeink.com\/da\/?s={search_term_string}"},"query-input":{"@type":"PropertyValueSpecification","valueRequired":true,"valueName":"search_term_string"}}],"inLanguage":"da-DK"}]}},"_links":{"self":[{"href":"https:\/\/likeink.com\/da\/wp-json\/wp\/v2\/product\/36135","targetHints":{"allow":["GET"]}}],"collection":[{"href":"https:\/\/likeink.com\/da\/wp-json\/wp\/v2\/product"}],"about":[{"href":"https:\/\/likeink.com\/da\/wp-json\/wp\/v2\/types\/product"}],"wp:featuredmedia":[{"embeddable":true,"href":"https:\/\/likeink.com\/da\/wp-json\/wp\/v2\/media\/36023"}],"wp:attachment":[{"href":"https:\/\/likeink.com\/da\/wp-json\/wp\/v2\/media?parent=36135"}],"wp:term":[{"taxonomy":"product_brand","embeddable":true,"href":"https:\/\/likeink.com\/da\/wp-json\/wp\/v2\/product_brand?post=36135"},{"taxonomy":"product_cat","embeddable":true,"href":"https:\/\/likeink.com\/da\/wp-json\/wp\/v2\/product_cat?post=36135"},{"taxonomy":"product_tag","embeddable":true,"href":"https:\/\/likeink.com\/da\/wp-json\/wp\/v2\/product_tag?post=36135"}],"curies":[{"name":"wp","href":"https:\/\/api.w.org\/{rel}","templated":true}]}}