{"id":4377,"date":"2020-12-07T15:35:39","date_gmt":"2020-12-07T15:35:39","guid":{"rendered":"https:\/\/likeink.se\/produkt\/flash-5-by-blackmagicjake-at-wimans-tattoo\/"},"modified":"2026-04-28T12:00:12","modified_gmt":"2026-04-28T12:00:12","slug":"flash-expressions-by-wimans-tattoo","status":"publish","type":"product","link":"https:\/\/likeink.com\/da\/midlertidige-tatoveringer\/flash-expressions-by-wimans-tattoo\/","title":{"rendered":"Flash &#8220;Expressions&#8221; by Wimans Tattoo"},"content":{"rendered":"","protected":false},"excerpt":{"rendered":"<p>Vores f\u00e6rdige ark med disse flotte midlertidige tatoveringer er cirka 20\u00d715 cm og fyldt med designet, du ser p\u00e5 billedet. Vi trykker og sender dit ark med midlertidige tatoveringer inden for 24 timer efter din bestilling. Dette ark er designet af den dygtige tatov\u00f8r Jacob Wiman fra Wimans Tattoo i Karlshamn. Rigtig fedt at kunne tilbyde kunst fra Jake, som ogs\u00e5 har tatoveret mig i virkeligheden.<\/p>\n<h2>Midlertidige tatoveringer Flash &#8220;Expressions&#8221; af @blackmagicjake<\/h2>\n<p><strong>This is Jake:<\/strong><br \/>\nJeg er anden generations tatov\u00f8r og har drevet egen forretning siden 2010. Jeg er vokset op i og omkring en tatov\u00f8rbutik. For nylig er jeg flyttet fra Malm\u00f6, hvor jeg har arbejdet de sidste fem \u00e5r. Nu vender jeg hjem til min hjemby Karlshamn for at starte en ny tatov\u00f8rbutik.<\/p>\n<p>Gennem \u00e5rene har jeg rejst verden rundt for at deltage i conventions og lave guest spots. Jeg har vundet et par tatoveringskonkurrencer, set mange smukke steder, drukket lidt for meget vin indimellem, delt god mad og vigtigst af alt haft det sjovt med at m\u00f8de fantastiske mennesker i branchen.<\/p>\n<p>Jeg h\u00e5ber, du kan lide mine illustrationer. Det er et udvalg af skitser, som gennem \u00e5rene er blevet til tatoveringer, jeg har lavet p\u00e5 mennesker.<\/p>\n<p>K\u00e6rlig hilsen<br \/>\nJacob Wiman<\/p>\n<p><strong>Kontakt Jake:<\/strong><\/p>\n<p><strong>Instagram:<\/strong><br \/>\n@blackmagicjake<\/p>\n<p><strong>Studio:<\/strong><br \/>\nWimans Tattoo<\/p>\n<p><strong>Adresse:<\/strong><br \/>\nNorra Fogdelyckegatan 33, 374 38 Karlshamn<\/p>\n<p><strong>Hjemmeside:<\/strong><br \/>\nhttps:\/\/wimanstattoo.com<\/p>\n","protected":false},"featured_media":60148,"template":"","meta":[],"product_brand":[],"product_cat":[53,500],"product_tag":[81],"class_list":{"0":"post-4377","1":"product","2":"type-product","3":"status-publish","4":"has-post-thumbnail","6":"product_cat-faerdige-ark","7":"product_cat-samarbejder-med-tatovoerer","8":"product_tag-blackmagicjake-da","10":"first","11":"instock","12":"taxable","13":"shipping-taxable","14":"purchasable","15":"product-type-simple"},"yoast_head":"<!-- This site is optimized with the Yoast SEO Premium plugin v26.2 (Yoast SEO v27.5) - https:\/\/yoast.com\/product\/yoast-seo-premium-wordpress\/ -->\n<title>Flash &quot;Expressions&quot; by Wimans Tattoo - Like ink<\/title>\n<meta name=\"description\" content=\"Bestil Expressions Tattoos fra tatov\u00f8ren Wimans Tattoo. Hurtig levering og \u00e6gte tatoveringsf\u00f8lelse! - Like ink\" \/>\n<meta name=\"robots\" content=\"index, follow, max-snippet:-1, max-image-preview:large, max-video-preview:-1\" \/>\n<link rel=\"canonical\" href=\"https:\/\/likeink.com\/da\/midlertidige-tatoveringer\/flash-expressions-by-wimans-tattoo\/\" \/>\n<meta property=\"og:locale\" content=\"da_DK\" \/>\n<meta property=\"og:type\" content=\"article\" \/>\n<meta property=\"og:title\" content=\"Flash &quot;Expressions&quot; by Wimans Tattoo\" \/>\n<meta property=\"og:description\" content=\"Vores f\u00e6rdige ark med disse flotte midlertidige tatoveringer er cirka 20\u00d715 cm og fyldt med designet, du ser p\u00e5 billedet. Vi trykker og sender dit ark med midlertidige tatoveringer inden for 24 timer efter din bestilling. Dette ark er designet af den dygtige tatov\u00f8r Jacob Wiman fra Wimans Tattoo i Karlshamn. Rigtig fedt at kunne tilbyde kunst fra Jake, som ogs\u00e5 har tatoveret mig i virkeligheden. Midlertidige tatoveringer Flash &quot;Expressions&quot; af @blackmagicjake This is Jake: Jeg er anden generations tatov\u00f8r og har drevet egen forretning siden 2010. Jeg er vokset op i og omkring en tatov\u00f8rbutik. For nylig er jeg flyttet fra Malm\u00f6, hvor jeg har arbejdet de sidste fem \u00e5r. Nu vender jeg hjem til min hjemby Karlshamn for at starte en ny tatov\u00f8rbutik.  Gennem \u00e5rene har jeg rejst verden rundt for at deltage i conventions og lave guest spots. Jeg har vundet et par tatoveringskonkurrencer, set mange smukke steder, drukket lidt for meget vin indimellem, delt god mad og vigtigst af alt haft det sjovt med at m\u00f8de fantastiske mennesker i branchen.  Jeg h\u00e5ber, du kan lide mine illustrationer. Det er et udvalg af skitser, som gennem \u00e5rene er blevet til tatoveringer, jeg har lavet p\u00e5 mennesker.  K\u00e6rlig hilsen Jacob Wiman  Kontakt Jake:  Instagram: @blackmagicjake  Studio: Wimans Tattoo  Adresse: Norra Fogdelyckegatan 33, 374 38 Karlshamn  Hjemmeside: https:\/\/wimanstattoo.com\" \/>\n<meta property=\"og:url\" content=\"https:\/\/likeink.com\/da\/midlertidige-tatoveringer\/flash-expressions-by-wimans-tattoo\/\" \/>\n<meta property=\"og:site_name\" content=\"Like ink\" \/>\n<meta property=\"article:publisher\" content=\"https:\/\/www.facebook.com\/LikeInkSe\" \/>\n<meta property=\"article:modified_time\" content=\"2026-04-28T12:00:12+00:00\" \/>\n<meta property=\"og:image\" content=\"https:\/\/likeink.com\/wp-content\/uploads\/2026\/03\/WimanTattoo-Flash-unicorn-Likeink.jpg\" \/>\n\t<meta property=\"og:image:width\" content=\"2481\" \/>\n\t<meta property=\"og:image:height\" content=\"1749\" \/>\n\t<meta property=\"og:image:type\" content=\"image\/jpeg\" \/>\n<meta name=\"twitter:card\" content=\"summary_large_image\" \/>\n<meta name=\"twitter:label1\" content=\"Estimeret l\u00e6setid\" \/>\n\t<meta name=\"twitter:data1\" content=\"1 minut\" \/>\n<!-- \/ Yoast SEO Premium plugin. -->","yoast_head_json":{"title":"Flash \"Expressions\" by Wimans Tattoo - Like ink","description":"Bestil Expressions Tattoos fra tatov\u00f8ren Wimans Tattoo. Hurtig levering og \u00e6gte tatoveringsf\u00f8lelse! - Like ink","robots":{"index":"index","follow":"follow","max-snippet":"max-snippet:-1","max-image-preview":"max-image-preview:large","max-video-preview":"max-video-preview:-1"},"canonical":"https:\/\/likeink.com\/da\/midlertidige-tatoveringer\/flash-expressions-by-wimans-tattoo\/","og_locale":"da_DK","og_type":"article","og_title":"Flash \"Expressions\" by Wimans Tattoo","og_description":"Vores f\u00e6rdige ark med disse flotte midlertidige tatoveringer er cirka 20\u00d715 cm og fyldt med designet, du ser p\u00e5 billedet. Vi trykker og sender dit ark med midlertidige tatoveringer inden for 24 timer efter din bestilling. Dette ark er designet af den dygtige tatov\u00f8r Jacob Wiman fra Wimans Tattoo i Karlshamn. Rigtig fedt at kunne tilbyde kunst fra Jake, som ogs\u00e5 har tatoveret mig i virkeligheden. Midlertidige tatoveringer Flash \"Expressions\" af @blackmagicjake This is Jake: Jeg er anden generations tatov\u00f8r og har drevet egen forretning siden 2010. Jeg er vokset op i og omkring en tatov\u00f8rbutik. For nylig er jeg flyttet fra Malm\u00f6, hvor jeg har arbejdet de sidste fem \u00e5r. Nu vender jeg hjem til min hjemby Karlshamn for at starte en ny tatov\u00f8rbutik.  Gennem \u00e5rene har jeg rejst verden rundt for at deltage i conventions og lave guest spots. Jeg har vundet et par tatoveringskonkurrencer, set mange smukke steder, drukket lidt for meget vin indimellem, delt god mad og vigtigst af alt haft det sjovt med at m\u00f8de fantastiske mennesker i branchen.  Jeg h\u00e5ber, du kan lide mine illustrationer. Det er et udvalg af skitser, som gennem \u00e5rene er blevet til tatoveringer, jeg har lavet p\u00e5 mennesker.  K\u00e6rlig hilsen Jacob Wiman  Kontakt Jake:  Instagram: @blackmagicjake  Studio: Wimans Tattoo  Adresse: Norra Fogdelyckegatan 33, 374 38 Karlshamn  Hjemmeside: https:\/\/wimanstattoo.com","og_url":"https:\/\/likeink.com\/da\/midlertidige-tatoveringer\/flash-expressions-by-wimans-tattoo\/","og_site_name":"Like ink","article_publisher":"https:\/\/www.facebook.com\/LikeInkSe","article_modified_time":"2026-04-28T12:00:12+00:00","og_image":[{"width":2481,"height":1749,"url":"https:\/\/likeink.com\/wp-content\/uploads\/2026\/03\/WimanTattoo-Flash-unicorn-Likeink.jpg","type":"image\/jpeg"}],"twitter_card":"summary_large_image","twitter_misc":{"Estimeret l\u00e6setid":"1 minut"},"schema":{"@context":"https:\/\/schema.org","@graph":[{"@type":"WebPage","@id":"https:\/\/likeink.com\/da\/midlertidige-tatoveringer\/flash-expressions-by-wimans-tattoo\/","url":"https:\/\/likeink.com\/da\/midlertidige-tatoveringer\/flash-expressions-by-wimans-tattoo\/","name":"Flash \"Expressions\" by Wimans Tattoo - Like ink","isPartOf":{"@id":"https:\/\/likeink.com\/da\/#website"},"primaryImageOfPage":{"@id":"https:\/\/likeink.com\/da\/midlertidige-tatoveringer\/flash-expressions-by-wimans-tattoo\/#primaryimage"},"image":{"@id":"https:\/\/likeink.com\/da\/midlertidige-tatoveringer\/flash-expressions-by-wimans-tattoo\/#primaryimage"},"thumbnailUrl":"https:\/\/likeink.com\/wp-content\/uploads\/2026\/03\/WimanTattoo-Flash-unicorn-Likeink.jpg","datePublished":"2020-12-07T15:35:39+00:00","dateModified":"2026-04-28T12:00:12+00:00","description":"Bestil Expressions Tattoos fra tatov\u00f8ren Wimans Tattoo. Hurtig levering og \u00e6gte tatoveringsf\u00f8lelse! - Like ink","breadcrumb":{"@id":"https:\/\/likeink.com\/da\/midlertidige-tatoveringer\/flash-expressions-by-wimans-tattoo\/#breadcrumb"},"inLanguage":"da-DK","potentialAction":[{"@type":"ReadAction","target":["https:\/\/likeink.com\/da\/midlertidige-tatoveringer\/flash-expressions-by-wimans-tattoo\/"]}]},{"@type":"ImageObject","inLanguage":"da-DK","@id":"https:\/\/likeink.com\/da\/midlertidige-tatoveringer\/flash-expressions-by-wimans-tattoo\/#primaryimage","url":"https:\/\/likeink.com\/wp-content\/uploads\/2026\/03\/WimanTattoo-Flash-unicorn-Likeink.jpg","contentUrl":"https:\/\/likeink.com\/wp-content\/uploads\/2026\/03\/WimanTattoo-Flash-unicorn-Likeink.jpg","width":2481,"height":1749,"caption":"En samling af syv farverige, stiliserede illustrationer af v\u00e6sner og monsterhoveder, bl.a. en enhj\u00f8rning, en astronaut, to hornede d\u00e6moner, en tyrannosaurus, en abe med hjelm og en bl\u00e6ksprutte."},{"@type":"BreadcrumbList","@id":"https:\/\/likeink.com\/da\/midlertidige-tatoveringer\/flash-expressions-by-wimans-tattoo\/#breadcrumb","itemListElement":[{"@type":"ListItem","position":1,"name":"Hem","item":"https:\/\/likeink.com\/da\/"},{"@type":"ListItem","position":2,"name":"Shop","item":"https:\/\/likeink.com\/da\/shop\/"},{"@type":"ListItem","position":3,"name":"Flash &#8220;Expressions&#8221; by Wimans Tattoo"}]},{"@type":"WebSite","@id":"https:\/\/likeink.com\/da\/#website","url":"https:\/\/likeink.com\/da\/","name":"Like ink","description":"Make your own custom design","potentialAction":[{"@type":"SearchAction","target":{"@type":"EntryPoint","urlTemplate":"https:\/\/likeink.com\/da\/?s={search_term_string}"},"query-input":{"@type":"PropertyValueSpecification","valueRequired":true,"valueName":"search_term_string"}}],"inLanguage":"da-DK"}]}},"_links":{"self":[{"href":"https:\/\/likeink.com\/da\/wp-json\/wp\/v2\/product\/4377","targetHints":{"allow":["GET"]}}],"collection":[{"href":"https:\/\/likeink.com\/da\/wp-json\/wp\/v2\/product"}],"about":[{"href":"https:\/\/likeink.com\/da\/wp-json\/wp\/v2\/types\/product"}],"wp:featuredmedia":[{"embeddable":true,"href":"https:\/\/likeink.com\/da\/wp-json\/wp\/v2\/media\/60148"}],"wp:attachment":[{"href":"https:\/\/likeink.com\/da\/wp-json\/wp\/v2\/media?parent=4377"}],"wp:term":[{"taxonomy":"product_brand","embeddable":true,"href":"https:\/\/likeink.com\/da\/wp-json\/wp\/v2\/product_brand?post=4377"},{"taxonomy":"product_cat","embeddable":true,"href":"https:\/\/likeink.com\/da\/wp-json\/wp\/v2\/product_cat?post=4377"},{"taxonomy":"product_tag","embeddable":true,"href":"https:\/\/likeink.com\/da\/wp-json\/wp\/v2\/product_tag?post=4377"}],"curies":[{"name":"wp","href":"https:\/\/api.w.org\/{rel}","templated":true}]}}