{"id":4401,"date":"2020-12-07T21:42:44","date_gmt":"2020-12-07T21:42:44","guid":{"rendered":"https:\/\/likeink.se\/produkt\/flash-3-by-blackmagicjake-at-wimans-tattoo\/"},"modified":"2024-02-14T15:41:38","modified_gmt":"2024-02-14T15:41:38","slug":"lets-dance-wimans-tattoo","status":"publish","type":"product","link":"https:\/\/likeink.com\/da\/midlertidige-tatoveringer\/lets-dance-wimans-tattoo\/","title":{"rendered":"Flash &#8220;Lets Dance&#8221; by Wimans Tattoo"},"content":{"rendered":"","protected":false},"excerpt":{"rendered":"<p>Our finished disposable sheets with fake tattoos are approximately 20\u00d715 cm large and filled with the design you see in the picture.o ensure your satisfaction, we will print and send the sheet within 24 hours after you have ordered. This sheet is designed by the talented tattoo artist Jake at Wimans Tattoo.<\/p>\n<p><strong>This is Jake:<\/strong> I\u2019m a second generation tattooer that\u2019s been running a business since 2010. But I\u2019ve grown up in and around a tattoo shop. I\u2019ve recently just moved from Malm\u00f6 where I\u2019ve worked for the past five years. I\u2019m coming home to my home town, Karlshamn to start a new tattoo shop!<br \/>\nThroughout the years I\u2019ve travelled the world to attend conventions and to do guest spots. I\u2019ve won a few tattoo competitions, seen some beautiful places, had a little too much wine on occasions, shared some delicious food but most importantly had a lot of fun meeting all the beautiful people of the industry.<br \/>\nI hope you enjoy my artwork! They\u2019re a selection of all sketches that have become tattoos that I\u2019ve made on people through the years!<\/p>\n<p>Love<br \/>\nJacob Wiman<\/p>\n<p><strong>Get in touch with Jake:<\/strong><\/p>\n<p><strong>Instagram: <\/strong><\/p>\n<p>@blackmagicjake<\/p>\n<p><strong>Studio:<\/strong><\/p>\n<p>Wimans Tattoo<\/p>\n<p><strong>Adress:<\/strong><br \/>\nNorra Fogdelyckegatan 33, 374 38 Karlshamn<\/p>\n<p><strong>Hemsida:<\/strong> www.wimanstattoo.com<\/p>\n","protected":false},"featured_media":60158,"template":"","meta":[],"product_brand":[],"product_cat":[53,156],"product_tag":[],"class_list":{"0":"post-4401","1":"product","2":"type-product","3":"status-publish","4":"has-post-thumbnail","6":"product_cat-faerdige-ark","7":"product_cat-samarbejde-med-tatovoerer","9":"first","10":"instock","11":"taxable","12":"shipping-taxable","13":"purchasable","14":"product-type-simple"},"yoast_head":"<!-- This site is optimized with the Yoast SEO Premium plugin v26.2 (Yoast SEO v27.4) - https:\/\/yoast.com\/product\/yoast-seo-premium-wordpress\/ -->\n<title>Flash &quot;Lets Dance&quot; by Wimans Tattoo - Like ink<\/title>\n<meta name=\"description\" content=\"Bestil Lets Dance Fake Tattoos fra tatov\u00f8ren Wimans Tattoo. Hurtig levering og \u00e6gte tatoveringsf\u00f8lelse! - Like ink\" \/>\n<meta name=\"robots\" content=\"index, follow, max-snippet:-1, max-image-preview:large, max-video-preview:-1\" \/>\n<link rel=\"canonical\" href=\"https:\/\/likeink.com\/da\/midlertidige-tatoveringer\/lets-dance-wimans-tattoo\/\" \/>\n<meta property=\"og:locale\" content=\"da_DK\" \/>\n<meta property=\"og:type\" content=\"article\" \/>\n<meta property=\"og:title\" content=\"Flash &quot;Lets Dance&quot; by Wimans Tattoo\" \/>\n<meta property=\"og:description\" content=\"Our finished disposable sheets with fake tattoos are approximately 20\u00d715 cm large and filled with the design you see in the picture.o ensure your satisfaction, we will print and send the sheet within 24 hours after you have ordered. This sheet is designed by the talented tattoo artist Jake at Wimans Tattoo.  This is Jake: I\u2019m a second generation tattooer that\u2019s been running a business since 2010. But I\u2019ve grown up in and around a tattoo shop. I\u2019ve recently just moved from Malm\u00f6 where I\u2019ve worked for the past five years. I\u2019m coming home to my home town, Karlshamn to start a new tattoo shop! Throughout the years I\u2019ve travelled the world to attend conventions and to do guest spots. I\u2019ve won a few tattoo competitions, seen some beautiful places, had a little too much wine on occasions, shared some delicious food but most importantly had a lot of fun meeting all the beautiful people of the industry. I hope you enjoy my artwork! They\u2019re a selection of all sketches that have become tattoos that I\u2019ve made on people through the years!  Love Jacob Wiman  Get in touch with Jake:  Instagram:   @blackmagicjake  Studio:  Wimans Tattoo  Adress: Norra Fogdelyckegatan 33, 374 38 Karlshamn  Hemsida: www.wimanstattoo.com\" \/>\n<meta property=\"og:url\" content=\"https:\/\/likeink.com\/da\/midlertidige-tatoveringer\/lets-dance-wimans-tattoo\/\" \/>\n<meta property=\"og:site_name\" content=\"Like ink\" \/>\n<meta property=\"article:publisher\" content=\"https:\/\/www.facebook.com\/LikeInkSe\" \/>\n<meta property=\"article:modified_time\" content=\"2024-02-14T15:41:38+00:00\" \/>\n<meta property=\"og:image\" content=\"https:\/\/likeink.com\/wp-content\/uploads\/2020\/12\/JAkeArk3WEB-e1615818292729.png\" \/>\n\t<meta property=\"og:image:width\" content=\"567\" \/>\n\t<meta property=\"og:image:height\" content=\"400\" \/>\n\t<meta property=\"og:image:type\" content=\"image\/png\" \/>\n<meta name=\"twitter:card\" content=\"summary_large_image\" \/>\n<script type=\"application\/ld+json\" class=\"yoast-schema-graph\">{\"@context\":\"https:\\\/\\\/schema.org\",\"@graph\":[{\"@type\":\"WebPage\",\"@id\":\"https:\\\/\\\/likeink.com\\\/da\\\/midlertidige-tatoveringer\\\/lets-dance-wimans-tattoo\\\/\",\"url\":\"https:\\\/\\\/likeink.com\\\/da\\\/midlertidige-tatoveringer\\\/lets-dance-wimans-tattoo\\\/\",\"name\":\"Flash \\\"Lets Dance\\\" by Wimans Tattoo - Like ink\",\"isPartOf\":{\"@id\":\"https:\\\/\\\/likeink.com\\\/da\\\/#website\"},\"primaryImageOfPage\":{\"@id\":\"https:\\\/\\\/likeink.com\\\/da\\\/midlertidige-tatoveringer\\\/lets-dance-wimans-tattoo\\\/#primaryimage\"},\"image\":{\"@id\":\"https:\\\/\\\/likeink.com\\\/da\\\/midlertidige-tatoveringer\\\/lets-dance-wimans-tattoo\\\/#primaryimage\"},\"thumbnailUrl\":\"https:\\\/\\\/likeink.com\\\/wp-content\\\/uploads\\\/2026\\\/03\\\/JacobWiman-Svala-flash-likeink.jpg\",\"datePublished\":\"2020-12-07T21:42:44+00:00\",\"dateModified\":\"2024-02-14T15:41:38+00:00\",\"description\":\"Bestil Lets Dance Fake Tattoos fra tatov\u00f8ren Wimans Tattoo. Hurtig levering og \u00e6gte tatoveringsf\u00f8lelse! - Like ink\",\"breadcrumb\":{\"@id\":\"https:\\\/\\\/likeink.com\\\/da\\\/midlertidige-tatoveringer\\\/lets-dance-wimans-tattoo\\\/#breadcrumb\"},\"inLanguage\":\"da-DK\",\"potentialAction\":[{\"@type\":\"ReadAction\",\"target\":[\"https:\\\/\\\/likeink.com\\\/da\\\/midlertidige-tatoveringer\\\/lets-dance-wimans-tattoo\\\/\"]}]},{\"@type\":\"ImageObject\",\"inLanguage\":\"da-DK\",\"@id\":\"https:\\\/\\\/likeink.com\\\/da\\\/midlertidige-tatoveringer\\\/lets-dance-wimans-tattoo\\\/#primaryimage\",\"url\":\"https:\\\/\\\/likeink.com\\\/wp-content\\\/uploads\\\/2026\\\/03\\\/JacobWiman-Svala-flash-likeink.jpg\",\"contentUrl\":\"https:\\\/\\\/likeink.com\\\/wp-content\\\/uploads\\\/2026\\\/03\\\/JacobWiman-Svala-flash-likeink.jpg\",\"width\":2481,\"height\":1749,\"caption\":\"En collage af illustrationer i tatoveringsstil: flyvende fugle, en snerrende bj\u00f8rn, en \u00f8rn, to kvindeansigter prydet med blomster og lianer, et ulvehoved, en lilla robotulv og en orange kiste med en blomst.\"},{\"@type\":\"BreadcrumbList\",\"@id\":\"https:\\\/\\\/likeink.com\\\/da\\\/midlertidige-tatoveringer\\\/lets-dance-wimans-tattoo\\\/#breadcrumb\",\"itemListElement\":[{\"@type\":\"ListItem\",\"position\":1,\"name\":\"Hem\",\"item\":\"https:\\\/\\\/likeink.com\\\/da\\\/\"},{\"@type\":\"ListItem\",\"position\":2,\"name\":\"Shop\",\"item\":\"https:\\\/\\\/likeink.com\\\/da\\\/shop\\\/\"},{\"@type\":\"ListItem\",\"position\":3,\"name\":\"Flash &#8220;Lets Dance&#8221; by Wimans Tattoo\"}]},{\"@type\":\"WebSite\",\"@id\":\"https:\\\/\\\/likeink.com\\\/da\\\/#website\",\"url\":\"https:\\\/\\\/likeink.com\\\/da\\\/\",\"name\":\"Like ink\",\"description\":\"Make your own custom design\",\"potentialAction\":[{\"@type\":\"SearchAction\",\"target\":{\"@type\":\"EntryPoint\",\"urlTemplate\":\"https:\\\/\\\/likeink.com\\\/da\\\/?s={search_term_string}\"},\"query-input\":{\"@type\":\"PropertyValueSpecification\",\"valueRequired\":true,\"valueName\":\"search_term_string\"}}],\"inLanguage\":\"da-DK\"}]}<\/script>\n<!-- \/ Yoast SEO Premium plugin. -->","yoast_head_json":{"title":"Flash \"Lets Dance\" by Wimans Tattoo - Like ink","description":"Bestil Lets Dance Fake Tattoos fra tatov\u00f8ren Wimans Tattoo. Hurtig levering og \u00e6gte tatoveringsf\u00f8lelse! - Like ink","robots":{"index":"index","follow":"follow","max-snippet":"max-snippet:-1","max-image-preview":"max-image-preview:large","max-video-preview":"max-video-preview:-1"},"canonical":"https:\/\/likeink.com\/da\/midlertidige-tatoveringer\/lets-dance-wimans-tattoo\/","og_locale":"da_DK","og_type":"article","og_title":"Flash \"Lets Dance\" by Wimans Tattoo","og_description":"Our finished disposable sheets with fake tattoos are approximately 20\u00d715 cm large and filled with the design you see in the picture.o ensure your satisfaction, we will print and send the sheet within 24 hours after you have ordered. This sheet is designed by the talented tattoo artist Jake at Wimans Tattoo.  This is Jake: I\u2019m a second generation tattooer that\u2019s been running a business since 2010. But I\u2019ve grown up in and around a tattoo shop. I\u2019ve recently just moved from Malm\u00f6 where I\u2019ve worked for the past five years. I\u2019m coming home to my home town, Karlshamn to start a new tattoo shop! Throughout the years I\u2019ve travelled the world to attend conventions and to do guest spots. I\u2019ve won a few tattoo competitions, seen some beautiful places, had a little too much wine on occasions, shared some delicious food but most importantly had a lot of fun meeting all the beautiful people of the industry. I hope you enjoy my artwork! They\u2019re a selection of all sketches that have become tattoos that I\u2019ve made on people through the years!  Love Jacob Wiman  Get in touch with Jake:  Instagram:   @blackmagicjake  Studio:  Wimans Tattoo  Adress: Norra Fogdelyckegatan 33, 374 38 Karlshamn  Hemsida: www.wimanstattoo.com","og_url":"https:\/\/likeink.com\/da\/midlertidige-tatoveringer\/lets-dance-wimans-tattoo\/","og_site_name":"Like ink","article_publisher":"https:\/\/www.facebook.com\/LikeInkSe","article_modified_time":"2024-02-14T15:41:38+00:00","og_image":[{"width":567,"height":400,"url":"https:\/\/likeink.com\/wp-content\/uploads\/2020\/12\/JAkeArk3WEB-e1615818292729.png","type":"image\/png"}],"twitter_card":"summary_large_image","schema":{"@context":"https:\/\/schema.org","@graph":[{"@type":"WebPage","@id":"https:\/\/likeink.com\/da\/midlertidige-tatoveringer\/lets-dance-wimans-tattoo\/","url":"https:\/\/likeink.com\/da\/midlertidige-tatoveringer\/lets-dance-wimans-tattoo\/","name":"Flash \"Lets Dance\" by Wimans Tattoo - Like ink","isPartOf":{"@id":"https:\/\/likeink.com\/da\/#website"},"primaryImageOfPage":{"@id":"https:\/\/likeink.com\/da\/midlertidige-tatoveringer\/lets-dance-wimans-tattoo\/#primaryimage"},"image":{"@id":"https:\/\/likeink.com\/da\/midlertidige-tatoveringer\/lets-dance-wimans-tattoo\/#primaryimage"},"thumbnailUrl":"https:\/\/likeink.com\/wp-content\/uploads\/2026\/03\/JacobWiman-Svala-flash-likeink.jpg","datePublished":"2020-12-07T21:42:44+00:00","dateModified":"2024-02-14T15:41:38+00:00","description":"Bestil Lets Dance Fake Tattoos fra tatov\u00f8ren Wimans Tattoo. Hurtig levering og \u00e6gte tatoveringsf\u00f8lelse! - Like ink","breadcrumb":{"@id":"https:\/\/likeink.com\/da\/midlertidige-tatoveringer\/lets-dance-wimans-tattoo\/#breadcrumb"},"inLanguage":"da-DK","potentialAction":[{"@type":"ReadAction","target":["https:\/\/likeink.com\/da\/midlertidige-tatoveringer\/lets-dance-wimans-tattoo\/"]}]},{"@type":"ImageObject","inLanguage":"da-DK","@id":"https:\/\/likeink.com\/da\/midlertidige-tatoveringer\/lets-dance-wimans-tattoo\/#primaryimage","url":"https:\/\/likeink.com\/wp-content\/uploads\/2026\/03\/JacobWiman-Svala-flash-likeink.jpg","contentUrl":"https:\/\/likeink.com\/wp-content\/uploads\/2026\/03\/JacobWiman-Svala-flash-likeink.jpg","width":2481,"height":1749,"caption":"En collage af illustrationer i tatoveringsstil: flyvende fugle, en snerrende bj\u00f8rn, en \u00f8rn, to kvindeansigter prydet med blomster og lianer, et ulvehoved, en lilla robotulv og en orange kiste med en blomst."},{"@type":"BreadcrumbList","@id":"https:\/\/likeink.com\/da\/midlertidige-tatoveringer\/lets-dance-wimans-tattoo\/#breadcrumb","itemListElement":[{"@type":"ListItem","position":1,"name":"Hem","item":"https:\/\/likeink.com\/da\/"},{"@type":"ListItem","position":2,"name":"Shop","item":"https:\/\/likeink.com\/da\/shop\/"},{"@type":"ListItem","position":3,"name":"Flash &#8220;Lets Dance&#8221; by Wimans Tattoo"}]},{"@type":"WebSite","@id":"https:\/\/likeink.com\/da\/#website","url":"https:\/\/likeink.com\/da\/","name":"Like ink","description":"Make your own custom design","potentialAction":[{"@type":"SearchAction","target":{"@type":"EntryPoint","urlTemplate":"https:\/\/likeink.com\/da\/?s={search_term_string}"},"query-input":{"@type":"PropertyValueSpecification","valueRequired":true,"valueName":"search_term_string"}}],"inLanguage":"da-DK"}]}},"_links":{"self":[{"href":"https:\/\/likeink.com\/da\/wp-json\/wp\/v2\/product\/4401","targetHints":{"allow":["GET"]}}],"collection":[{"href":"https:\/\/likeink.com\/da\/wp-json\/wp\/v2\/product"}],"about":[{"href":"https:\/\/likeink.com\/da\/wp-json\/wp\/v2\/types\/product"}],"wp:featuredmedia":[{"embeddable":true,"href":"https:\/\/likeink.com\/da\/wp-json\/wp\/v2\/media\/60158"}],"wp:attachment":[{"href":"https:\/\/likeink.com\/da\/wp-json\/wp\/v2\/media?parent=4401"}],"wp:term":[{"taxonomy":"product_brand","embeddable":true,"href":"https:\/\/likeink.com\/da\/wp-json\/wp\/v2\/product_brand?post=4401"},{"taxonomy":"product_cat","embeddable":true,"href":"https:\/\/likeink.com\/da\/wp-json\/wp\/v2\/product_cat?post=4401"},{"taxonomy":"product_tag","embeddable":true,"href":"https:\/\/likeink.com\/da\/wp-json\/wp\/v2\/product_tag?post=4401"}],"curies":[{"name":"wp","href":"https:\/\/api.w.org\/{rel}","templated":true}]}}