{"id":45654,"date":"2025-06-24T05:53:58","date_gmt":"2025-06-24T05:53:59","guid":{"rendered":"http:\/\/gustavHedlund"},"modified":"2026-03-16T15:45:45","modified_gmt":"2026-03-16T15:45:45","slug":"like-ink-tattoosheet-a5-ark-2","status":"publish","type":"product","link":"https:\/\/likeink.com\/da\/midlertidige-tatoveringer\/like-ink-tattoosheet-a5-ark-2\/","title":{"rendered":"Like ink Tattoosheet"},"content":{"rendered":"","protected":false},"excerpt":{"rendered":"<p>Hos Like ink kan du bestille f\u00e6rdige ark med engangstatoveringer, ogs\u00e5 kendt som midlertidige eller fake tatoveringer. Vi printer og sender dine tatoveringer inden for 24 timer!<br \/>\nVi har masser af f\u00e6rdige ark med fake tatoveringer, og du kan desuden uploade valgfrie billeder eller illustrationer og bestille midlertidige tatoveringer med dit eget design.<\/p>\n<p>Vi h\u00e5ber, du kan lide designet\/tatoveringerne p\u00e5 dette ark med produktnavnet &#8220;Like ink Tattoosheet A5-ark&#8221; &#8211; tak for, at du har valgt at bestille dine engangstatoveringer hos Like ink.<\/p>\n<h2>K\u00f8b Fake tattooes online med blandede motiver i sand old school-\u00e5nd. Perfekt til dig, der elsker at midlertidige tatoveringer eller old school tattoos<\/h2>\n<p>Tatoveringen m\u00e5ler:<br \/>\nVores ark med engangstatoveringer m\u00e5ler 20 x 14 cm og er udfyldt med det design, du ser p\u00e5 produktbilledet.<\/p>\n<p>Hvor l\u00e6nge holder jeres fake tatoveringer, og hvordan g\u00f8r man?<br \/>\nAlt afh\u00e6ngigt af hvor du v\u00e6lger at placere din tatovering, og hvordan du plejer den, vil den holde i ca. 1-10 dage. De fake tatoveringerne er nemme at s\u00e6tte p\u00e5 hunden og vaske af igen, og der medf\u00f8lger naturligvis instruktioner med din ordre.<\/p>\n<p>&#8211; Klip den midlertidige tatovering ud fra arket med en s\u00e5 lille margin som muligt<br \/>\n&#8211; Fjern den beskyttende plastfilm<br \/>\n&#8211; Plac\u00e9r engangstatoveringen det \u00f8nskede sted p\u00e5 huden<br \/>\n&#8211; P\u00e5f\u00f8r vand med en v\u00e5d svamp eller et h\u00e5ndkl\u00e6de<br \/>\n&#8211; Fjern forsigtigt det v\u00e5de papir efter 15 sekunder<br \/>\n&#8211; S\u00e5 er du f\u00e6rdig! God forn\u00f8jelse!<br \/>\n&#8211; Hvis du vil undg\u00e5 alt for meget glans, kan du bruge lidt babypudder.<\/p>\n<p>\u00d8vrig information!<\/p>\n<p>Levering:<br \/>\nVi sender dagligt ordrer over hele verden fra vores trykkeri i Malm\u00f8. Vi printer og sender dine midlertidige tatoveringer inden for 24 timer, men selvom vi er hurtige, er den normale leveringstid 5-10 dage uden for Sveriges gr\u00e6nser. Bestil dine tatoveringer i god tid.<\/p>\n<p>Er jeres fake tatoveringer milj\u00f8venlige?<br \/>\nLike inks engangstatoveringer er veganske, da milj\u00f8et er et vigtigt element for hele vores team. Alle komponenter er fri for PVC og PCB.<br \/>\nVi klimakompenserer alle forsendelser og bruger bl\u00e6k, kuverter og tryksager, der er svanem\u00e6rket &#8211; det er b\u00e5de mere sikkert for dig og milj\u00f8et.<br \/>\nVi f\u00f8lger EC1223-2009 Cosmetics Regulations (EF-forordning om kosmetiske produkter vedr\u00f8rende sikkerhed)<\/p>\n<p>Hav en fantastisk dag!<\/p>\n<p>Like ink \u2013 Real Fake Tattoos!<\/p>\n","protected":false},"featured_media":52489,"template":"","meta":[],"product_brand":[],"product_cat":[53,157,166],"product_tag":[],"class_list":{"0":"post-45654","1":"product","2":"type-product","3":"status-publish","4":"has-post-thumbnail","6":"product_cat-faerdige-ark","7":"product_cat-oldschool-tatoveringer","8":"product_cat-symbol-tatovering","10":"first","11":"instock","12":"taxable","13":"shipping-taxable","14":"purchasable","15":"product-type-simple"},"yoast_head":"<!-- This site is optimized with the Yoast SEO Premium plugin v26.2 (Yoast SEO v27.4) - https:\/\/yoast.com\/product\/yoast-seo-premium-wordpress\/ -->\n<title>Like ink Tattoosheet A5-ark I midlertidige tatoveringer - Like ink<\/title>\n<meta name=\"description\" content=\"K\u00f8b midlertidige tatoveringer med blandede motiver i sand old school-\u00e5nd. Perfekt til dig, der elsker at midlertidige tatoveringer.\" \/>\n<meta name=\"robots\" content=\"index, follow, max-snippet:-1, max-image-preview:large, max-video-preview:-1\" \/>\n<link rel=\"canonical\" href=\"https:\/\/likeink.com\/da\/midlertidige-tatoveringer\/like-ink-tattoosheet-a5-ark-2\/\" \/>\n<meta property=\"og:locale\" content=\"da_DK\" \/>\n<meta property=\"og:type\" content=\"article\" \/>\n<meta property=\"og:title\" content=\"Like ink Tattoosheet\" \/>\n<meta property=\"og:description\" content=\"Hos Like ink kan du bestille f\u00e6rdige ark med engangstatoveringer, ogs\u00e5 kendt som midlertidige eller fake tatoveringer. Vi printer og sender dine tatoveringer inden for 24 timer! Vi har masser af f\u00e6rdige ark med fake tatoveringer, og du kan desuden uploade valgfrie billeder eller illustrationer og bestille midlertidige tatoveringer med dit eget design.  Vi h\u00e5ber, du kan lide designet\/tatoveringerne p\u00e5 dette ark med produktnavnet &quot;Like ink Tattoosheet A5-ark&quot; - tak for, at du har valgt at bestille dine engangstatoveringer hos Like ink. K\u00f8b Fake tattooes online med blandede motiver i sand old school-\u00e5nd. Perfekt til dig, der elsker at midlertidige tatoveringer eller old school tattoos Tatoveringen m\u00e5ler: Vores ark med engangstatoveringer m\u00e5ler 20 x 14 cm og er udfyldt med det design, du ser p\u00e5 produktbilledet.  Hvor l\u00e6nge holder jeres fake tatoveringer, og hvordan g\u00f8r man? Alt afh\u00e6ngigt af hvor du v\u00e6lger at placere din tatovering, og hvordan du plejer den, vil den holde i ca. 1-10 dage. De fake tatoveringerne er nemme at s\u00e6tte p\u00e5 hunden og vaske af igen, og der medf\u00f8lger naturligvis instruktioner med din ordre.  - Klip den midlertidige tatovering ud fra arket med en s\u00e5 lille margin som muligt - Fjern den beskyttende plastfilm - Plac\u00e9r engangstatoveringen det \u00f8nskede sted p\u00e5 huden - P\u00e5f\u00f8r vand med en v\u00e5d svamp eller et h\u00e5ndkl\u00e6de - Fjern forsigtigt det v\u00e5de papir efter 15 sekunder - S\u00e5 er du f\u00e6rdig! God forn\u00f8jelse! - Hvis du vil undg\u00e5 alt for meget glans, kan du bruge lidt babypudder.  \u00d8vrig information!  Levering: Vi sender dagligt ordrer over hele verden fra vores trykkeri i Malm\u00f8. Vi printer og sender dine midlertidige tatoveringer inden for 24 timer, men selvom vi er hurtige, er den normale leveringstid 5-10 dage uden for Sveriges gr\u00e6nser. Bestil dine tatoveringer i god tid.  Er jeres fake tatoveringer milj\u00f8venlige? Like inks engangstatoveringer er veganske, da milj\u00f8et er et vigtigt element for hele vores team. Alle komponenter er fri for PVC og PCB. Vi klimakompenserer alle forsendelser og bruger bl\u00e6k, kuverter og tryksager, der er svanem\u00e6rket - det er b\u00e5de mere sikkert for dig og milj\u00f8et. Vi f\u00f8lger EC1223-2009 Cosmetics Regulations (EF-forordning om kosmetiske produkter vedr\u00f8rende sikkerhed)  Hav en fantastisk dag!  Like ink \u2013 Real Fake Tattoos!\" \/>\n<meta property=\"og:url\" content=\"https:\/\/likeink.com\/da\/midlertidige-tatoveringer\/like-ink-tattoosheet-a5-ark-2\/\" \/>\n<meta property=\"og:site_name\" content=\"Like ink\" \/>\n<meta property=\"article:publisher\" content=\"https:\/\/www.facebook.com\/LikeInkSe\" \/>\n<meta property=\"article:modified_time\" content=\"2026-03-16T15:45:45+00:00\" \/>\n<meta property=\"og:image\" content=\"https:\/\/likeink.com\/wp-content\/uploads\/2025\/10\/Likeink-TattooSheet-Oldschool-Stars-FakeTattoos-1.jpg\" \/>\n\t<meta property=\"og:image:width\" content=\"1985\" \/>\n\t<meta property=\"og:image:height\" content=\"1400\" \/>\n\t<meta property=\"og:image:type\" content=\"image\/jpeg\" \/>\n<meta name=\"twitter:card\" content=\"summary_large_image\" \/>\n<script type=\"application\/ld+json\" class=\"yoast-schema-graph\">{\"@context\":\"https:\\\/\\\/schema.org\",\"@graph\":[{\"@type\":\"WebPage\",\"@id\":\"https:\\\/\\\/likeink.com\\\/da\\\/midlertidige-tatoveringer\\\/like-ink-tattoosheet-a5-ark-2\\\/\",\"url\":\"https:\\\/\\\/likeink.com\\\/da\\\/midlertidige-tatoveringer\\\/like-ink-tattoosheet-a5-ark-2\\\/\",\"name\":\"Like ink Tattoosheet A5-ark I midlertidige tatoveringer - Like ink\",\"isPartOf\":{\"@id\":\"https:\\\/\\\/likeink.com\\\/da\\\/#website\"},\"primaryImageOfPage\":{\"@id\":\"https:\\\/\\\/likeink.com\\\/da\\\/midlertidige-tatoveringer\\\/like-ink-tattoosheet-a5-ark-2\\\/#primaryimage\"},\"image\":{\"@id\":\"https:\\\/\\\/likeink.com\\\/da\\\/midlertidige-tatoveringer\\\/like-ink-tattoosheet-a5-ark-2\\\/#primaryimage\"},\"thumbnailUrl\":\"https:\\\/\\\/likeink.com\\\/wp-content\\\/uploads\\\/2025\\\/10\\\/Likeink-TattooSheet-Oldschool-Stars-FakeTattoos-1.jpg\",\"datePublished\":\"2025-06-24T05:53:59+00:00\",\"dateModified\":\"2026-03-16T15:45:45+00:00\",\"description\":\"K\u00f8b midlertidige tatoveringer med blandede motiver i sand old school-\u00e5nd. Perfekt til dig, der elsker at midlertidige tatoveringer.\",\"breadcrumb\":{\"@id\":\"https:\\\/\\\/likeink.com\\\/da\\\/midlertidige-tatoveringer\\\/like-ink-tattoosheet-a5-ark-2\\\/#breadcrumb\"},\"inLanguage\":\"da-DK\",\"potentialAction\":[{\"@type\":\"ReadAction\",\"target\":[\"https:\\\/\\\/likeink.com\\\/da\\\/midlertidige-tatoveringer\\\/like-ink-tattoosheet-a5-ark-2\\\/\"]}]},{\"@type\":\"ImageObject\",\"inLanguage\":\"da-DK\",\"@id\":\"https:\\\/\\\/likeink.com\\\/da\\\/midlertidige-tatoveringer\\\/like-ink-tattoosheet-a5-ark-2\\\/#primaryimage\",\"url\":\"https:\\\/\\\/likeink.com\\\/wp-content\\\/uploads\\\/2025\\\/10\\\/Likeink-TattooSheet-Oldschool-Stars-FakeTattoos-1.jpg\",\"contentUrl\":\"https:\\\/\\\/likeink.com\\\/wp-content\\\/uploads\\\/2025\\\/10\\\/Likeink-TattooSheet-Oldschool-Stars-FakeTattoos-1.jpg\",\"width\":1985,\"height\":1400,\"caption\":\"Vintage-tatoveringsdesign med hjerter og sv\u00e6rd, k\u00e6rlighedssvaler, kranier, ankre og symboler som diamant, rose og telefon.\"},{\"@type\":\"BreadcrumbList\",\"@id\":\"https:\\\/\\\/likeink.com\\\/da\\\/midlertidige-tatoveringer\\\/like-ink-tattoosheet-a5-ark-2\\\/#breadcrumb\",\"itemListElement\":[{\"@type\":\"ListItem\",\"position\":1,\"name\":\"Hem\",\"item\":\"https:\\\/\\\/likeink.com\\\/da\\\/\"},{\"@type\":\"ListItem\",\"position\":2,\"name\":\"Shop\",\"item\":\"https:\\\/\\\/likeink.com\\\/da\\\/shop\\\/\"},{\"@type\":\"ListItem\",\"position\":3,\"name\":\"Like ink Tattoosheet\"}]},{\"@type\":\"WebSite\",\"@id\":\"https:\\\/\\\/likeink.com\\\/da\\\/#website\",\"url\":\"https:\\\/\\\/likeink.com\\\/da\\\/\",\"name\":\"Like ink\",\"description\":\"Make your own custom design\",\"potentialAction\":[{\"@type\":\"SearchAction\",\"target\":{\"@type\":\"EntryPoint\",\"urlTemplate\":\"https:\\\/\\\/likeink.com\\\/da\\\/?s={search_term_string}\"},\"query-input\":{\"@type\":\"PropertyValueSpecification\",\"valueRequired\":true,\"valueName\":\"search_term_string\"}}],\"inLanguage\":\"da-DK\"}]}<\/script>\n<!-- \/ Yoast SEO Premium plugin. -->","yoast_head_json":{"title":"Like ink Tattoosheet A5-ark I midlertidige tatoveringer - Like ink","description":"K\u00f8b midlertidige tatoveringer med blandede motiver i sand old school-\u00e5nd. Perfekt til dig, der elsker at midlertidige tatoveringer.","robots":{"index":"index","follow":"follow","max-snippet":"max-snippet:-1","max-image-preview":"max-image-preview:large","max-video-preview":"max-video-preview:-1"},"canonical":"https:\/\/likeink.com\/da\/midlertidige-tatoveringer\/like-ink-tattoosheet-a5-ark-2\/","og_locale":"da_DK","og_type":"article","og_title":"Like ink Tattoosheet","og_description":"Hos Like ink kan du bestille f\u00e6rdige ark med engangstatoveringer, ogs\u00e5 kendt som midlertidige eller fake tatoveringer. Vi printer og sender dine tatoveringer inden for 24 timer! Vi har masser af f\u00e6rdige ark med fake tatoveringer, og du kan desuden uploade valgfrie billeder eller illustrationer og bestille midlertidige tatoveringer med dit eget design.  Vi h\u00e5ber, du kan lide designet\/tatoveringerne p\u00e5 dette ark med produktnavnet \"Like ink Tattoosheet A5-ark\" - tak for, at du har valgt at bestille dine engangstatoveringer hos Like ink. K\u00f8b Fake tattooes online med blandede motiver i sand old school-\u00e5nd. Perfekt til dig, der elsker at midlertidige tatoveringer eller old school tattoos Tatoveringen m\u00e5ler: Vores ark med engangstatoveringer m\u00e5ler 20 x 14 cm og er udfyldt med det design, du ser p\u00e5 produktbilledet.  Hvor l\u00e6nge holder jeres fake tatoveringer, og hvordan g\u00f8r man? Alt afh\u00e6ngigt af hvor du v\u00e6lger at placere din tatovering, og hvordan du plejer den, vil den holde i ca. 1-10 dage. De fake tatoveringerne er nemme at s\u00e6tte p\u00e5 hunden og vaske af igen, og der medf\u00f8lger naturligvis instruktioner med din ordre.  - Klip den midlertidige tatovering ud fra arket med en s\u00e5 lille margin som muligt - Fjern den beskyttende plastfilm - Plac\u00e9r engangstatoveringen det \u00f8nskede sted p\u00e5 huden - P\u00e5f\u00f8r vand med en v\u00e5d svamp eller et h\u00e5ndkl\u00e6de - Fjern forsigtigt det v\u00e5de papir efter 15 sekunder - S\u00e5 er du f\u00e6rdig! God forn\u00f8jelse! - Hvis du vil undg\u00e5 alt for meget glans, kan du bruge lidt babypudder.  \u00d8vrig information!  Levering: Vi sender dagligt ordrer over hele verden fra vores trykkeri i Malm\u00f8. Vi printer og sender dine midlertidige tatoveringer inden for 24 timer, men selvom vi er hurtige, er den normale leveringstid 5-10 dage uden for Sveriges gr\u00e6nser. Bestil dine tatoveringer i god tid.  Er jeres fake tatoveringer milj\u00f8venlige? Like inks engangstatoveringer er veganske, da milj\u00f8et er et vigtigt element for hele vores team. Alle komponenter er fri for PVC og PCB. Vi klimakompenserer alle forsendelser og bruger bl\u00e6k, kuverter og tryksager, der er svanem\u00e6rket - det er b\u00e5de mere sikkert for dig og milj\u00f8et. Vi f\u00f8lger EC1223-2009 Cosmetics Regulations (EF-forordning om kosmetiske produkter vedr\u00f8rende sikkerhed)  Hav en fantastisk dag!  Like ink \u2013 Real Fake Tattoos!","og_url":"https:\/\/likeink.com\/da\/midlertidige-tatoveringer\/like-ink-tattoosheet-a5-ark-2\/","og_site_name":"Like ink","article_publisher":"https:\/\/www.facebook.com\/LikeInkSe","article_modified_time":"2026-03-16T15:45:45+00:00","og_image":[{"width":1985,"height":1400,"url":"https:\/\/likeink.com\/wp-content\/uploads\/2025\/10\/Likeink-TattooSheet-Oldschool-Stars-FakeTattoos-1.jpg","type":"image\/jpeg"}],"twitter_card":"summary_large_image","schema":{"@context":"https:\/\/schema.org","@graph":[{"@type":"WebPage","@id":"https:\/\/likeink.com\/da\/midlertidige-tatoveringer\/like-ink-tattoosheet-a5-ark-2\/","url":"https:\/\/likeink.com\/da\/midlertidige-tatoveringer\/like-ink-tattoosheet-a5-ark-2\/","name":"Like ink Tattoosheet A5-ark I midlertidige tatoveringer - Like ink","isPartOf":{"@id":"https:\/\/likeink.com\/da\/#website"},"primaryImageOfPage":{"@id":"https:\/\/likeink.com\/da\/midlertidige-tatoveringer\/like-ink-tattoosheet-a5-ark-2\/#primaryimage"},"image":{"@id":"https:\/\/likeink.com\/da\/midlertidige-tatoveringer\/like-ink-tattoosheet-a5-ark-2\/#primaryimage"},"thumbnailUrl":"https:\/\/likeink.com\/wp-content\/uploads\/2025\/10\/Likeink-TattooSheet-Oldschool-Stars-FakeTattoos-1.jpg","datePublished":"2025-06-24T05:53:59+00:00","dateModified":"2026-03-16T15:45:45+00:00","description":"K\u00f8b midlertidige tatoveringer med blandede motiver i sand old school-\u00e5nd. Perfekt til dig, der elsker at midlertidige tatoveringer.","breadcrumb":{"@id":"https:\/\/likeink.com\/da\/midlertidige-tatoveringer\/like-ink-tattoosheet-a5-ark-2\/#breadcrumb"},"inLanguage":"da-DK","potentialAction":[{"@type":"ReadAction","target":["https:\/\/likeink.com\/da\/midlertidige-tatoveringer\/like-ink-tattoosheet-a5-ark-2\/"]}]},{"@type":"ImageObject","inLanguage":"da-DK","@id":"https:\/\/likeink.com\/da\/midlertidige-tatoveringer\/like-ink-tattoosheet-a5-ark-2\/#primaryimage","url":"https:\/\/likeink.com\/wp-content\/uploads\/2025\/10\/Likeink-TattooSheet-Oldschool-Stars-FakeTattoos-1.jpg","contentUrl":"https:\/\/likeink.com\/wp-content\/uploads\/2025\/10\/Likeink-TattooSheet-Oldschool-Stars-FakeTattoos-1.jpg","width":1985,"height":1400,"caption":"Vintage-tatoveringsdesign med hjerter og sv\u00e6rd, k\u00e6rlighedssvaler, kranier, ankre og symboler som diamant, rose og telefon."},{"@type":"BreadcrumbList","@id":"https:\/\/likeink.com\/da\/midlertidige-tatoveringer\/like-ink-tattoosheet-a5-ark-2\/#breadcrumb","itemListElement":[{"@type":"ListItem","position":1,"name":"Hem","item":"https:\/\/likeink.com\/da\/"},{"@type":"ListItem","position":2,"name":"Shop","item":"https:\/\/likeink.com\/da\/shop\/"},{"@type":"ListItem","position":3,"name":"Like ink Tattoosheet"}]},{"@type":"WebSite","@id":"https:\/\/likeink.com\/da\/#website","url":"https:\/\/likeink.com\/da\/","name":"Like ink","description":"Make your own custom design","potentialAction":[{"@type":"SearchAction","target":{"@type":"EntryPoint","urlTemplate":"https:\/\/likeink.com\/da\/?s={search_term_string}"},"query-input":{"@type":"PropertyValueSpecification","valueRequired":true,"valueName":"search_term_string"}}],"inLanguage":"da-DK"}]}},"_links":{"self":[{"href":"https:\/\/likeink.com\/da\/wp-json\/wp\/v2\/product\/45654","targetHints":{"allow":["GET"]}}],"collection":[{"href":"https:\/\/likeink.com\/da\/wp-json\/wp\/v2\/product"}],"about":[{"href":"https:\/\/likeink.com\/da\/wp-json\/wp\/v2\/types\/product"}],"wp:featuredmedia":[{"embeddable":true,"href":"https:\/\/likeink.com\/da\/wp-json\/wp\/v2\/media\/52489"}],"wp:attachment":[{"href":"https:\/\/likeink.com\/da\/wp-json\/wp\/v2\/media?parent=45654"}],"wp:term":[{"taxonomy":"product_brand","embeddable":true,"href":"https:\/\/likeink.com\/da\/wp-json\/wp\/v2\/product_brand?post=45654"},{"taxonomy":"product_cat","embeddable":true,"href":"https:\/\/likeink.com\/da\/wp-json\/wp\/v2\/product_cat?post=45654"},{"taxonomy":"product_tag","embeddable":true,"href":"https:\/\/likeink.com\/da\/wp-json\/wp\/v2\/product_tag?post=45654"}],"curies":[{"name":"wp","href":"https:\/\/api.w.org\/{rel}","templated":true}]}}