{"id":45661,"date":"2025-06-24T05:53:54","date_gmt":"2025-06-24T05:54:04","guid":{"rendered":"http:\/\/webmasterVirre"},"modified":"2026-04-21T13:01:55","modified_gmt":"2026-04-21T13:01:55","slug":"store-insekter","status":"publish","type":"product","link":"https:\/\/likeink.com\/da\/midlertidige-tatoveringer\/store-insekter\/","title":{"rendered":"Store insekter A5"},"content":{"rendered":"","protected":false},"excerpt":{"rendered":"<h2>Engangstatoveringer med motiv af store insekter!<\/h2>\n<p>Vores f\u00e6rdige ark med engangstatoveringer er cirka 20\u00d715 cm store og fyldt med smukke fotos af blomster og blade. At tatovere sig med motiv af blomster og blade bliver superflot og passer b\u00e5de til festen og til hverdag. Klip motiverne t\u00e6t p\u00e5 kanten for det bedste resultat.<\/p>\n<p>Vores engangstatoveringer holder i op til en uge, er allergivenlige og desuden trykker vi med svanem\u00e6rket farve.<\/p>\n<p>Hvem kender du, som kan lide eller m\u00e5ske ikke kan lide insekter?<\/p>\n<p>St\u00f8rrelse ark: A5<br \/>\nAntal tatoveringer: 5<br \/>\nSt\u00f8rrelse p\u00e5 den st\u00f8rste tatovering: 14X9 cm<\/p>\n","protected":false},"featured_media":61257,"template":"","meta":[],"product_brand":[],"product_cat":[519,53],"product_tag":[],"class_list":{"0":"post-45661","1":"product","2":"type-product","3":"status-publish","4":"has-post-thumbnail","6":"product_cat-dyr-natur","7":"product_cat-faerdige-ark","9":"first","10":"instock","11":"taxable","12":"shipping-taxable","13":"purchasable","14":"product-type-simple"},"yoast_head":"<!-- This site is optimized with the Yoast SEO Premium plugin v26.2 (Yoast SEO v27.5) - https:\/\/yoast.com\/product\/yoast-seo-premium-wordpress\/ -->\n<title>Store insekter som engangstatoveringer - Like ink<\/title>\n<meta name=\"description\" content=\"Tatoveringer med motiv af store insekter! Supersnabb levering og flotte engangstatoveringer i god kvalitet! - Like ink\" \/>\n<meta name=\"robots\" content=\"index, follow, max-snippet:-1, max-image-preview:large, max-video-preview:-1\" \/>\n<link rel=\"canonical\" href=\"https:\/\/likeink.com\/da\/midlertidige-tatoveringer\/store-insekter\/\" \/>\n<meta property=\"og:locale\" content=\"da_DK\" \/>\n<meta property=\"og:type\" content=\"article\" \/>\n<meta property=\"og:title\" content=\"Store insekter A5\" \/>\n<meta property=\"og:description\" content=\"Engangstatoveringer med motiv af store insekter! Vores f\u00e6rdige ark med engangstatoveringer er cirka 20\u00d715 cm store og fyldt med smukke fotos af blomster og blade. At tatovere sig med motiv af blomster og blade bliver superflot og passer b\u00e5de til festen og til hverdag. Klip motiverne t\u00e6t p\u00e5 kanten for det bedste resultat.  Vores engangstatoveringer holder i op til en uge, er allergivenlige og desuden trykker vi med svanem\u00e6rket farve.  Hvem kender du, som kan lide eller m\u00e5ske ikke kan lide insekter?  St\u00f8rrelse ark: A5 Antal tatoveringer: 5 St\u00f8rrelse p\u00e5 den st\u00f8rste tatovering: 14X9 cm\" \/>\n<meta property=\"og:url\" content=\"https:\/\/likeink.com\/da\/midlertidige-tatoveringer\/store-insekter\/\" \/>\n<meta property=\"og:site_name\" content=\"Like ink\" \/>\n<meta property=\"article:publisher\" content=\"https:\/\/www.facebook.com\/LikeInkSe\" \/>\n<meta property=\"article:modified_time\" content=\"2026-04-21T13:01:55+00:00\" \/>\n<meta property=\"og:image\" content=\"https:\/\/likeink.com\/wp-content\/uploads\/2019\/01\/tattoosheet-insects-1.jpg\" \/>\n\t<meta property=\"og:image:width\" content=\"400\" \/>\n\t<meta property=\"og:image:height\" content=\"282\" \/>\n\t<meta property=\"og:image:type\" content=\"image\/jpeg\" \/>\n<meta name=\"twitter:card\" content=\"summary_large_image\" \/>\n<meta name=\"twitter:label1\" content=\"Estimeret l\u00e6setid\" \/>\n\t<meta name=\"twitter:data1\" content=\"1 minut\" \/>\n<!-- \/ Yoast SEO Premium plugin. -->","yoast_head_json":{"title":"Store insekter som engangstatoveringer - Like ink","description":"Tatoveringer med motiv af store insekter! Supersnabb levering og flotte engangstatoveringer i god kvalitet! - Like ink","robots":{"index":"index","follow":"follow","max-snippet":"max-snippet:-1","max-image-preview":"max-image-preview:large","max-video-preview":"max-video-preview:-1"},"canonical":"https:\/\/likeink.com\/da\/midlertidige-tatoveringer\/store-insekter\/","og_locale":"da_DK","og_type":"article","og_title":"Store insekter A5","og_description":"Engangstatoveringer med motiv af store insekter! Vores f\u00e6rdige ark med engangstatoveringer er cirka 20\u00d715 cm store og fyldt med smukke fotos af blomster og blade. At tatovere sig med motiv af blomster og blade bliver superflot og passer b\u00e5de til festen og til hverdag. Klip motiverne t\u00e6t p\u00e5 kanten for det bedste resultat.  Vores engangstatoveringer holder i op til en uge, er allergivenlige og desuden trykker vi med svanem\u00e6rket farve.  Hvem kender du, som kan lide eller m\u00e5ske ikke kan lide insekter?  St\u00f8rrelse ark: A5 Antal tatoveringer: 5 St\u00f8rrelse p\u00e5 den st\u00f8rste tatovering: 14X9 cm","og_url":"https:\/\/likeink.com\/da\/midlertidige-tatoveringer\/store-insekter\/","og_site_name":"Like ink","article_publisher":"https:\/\/www.facebook.com\/LikeInkSe","article_modified_time":"2026-04-21T13:01:55+00:00","og_image":[{"width":400,"height":282,"url":"https:\/\/likeink.com\/wp-content\/uploads\/2019\/01\/tattoosheet-insects-1.jpg","type":"image\/jpeg"}],"twitter_card":"summary_large_image","twitter_misc":{"Estimeret l\u00e6setid":"1 minut"},"schema":{"@context":"https:\/\/schema.org","@graph":[{"@type":"WebPage","@id":"https:\/\/likeink.com\/da\/midlertidige-tatoveringer\/store-insekter\/","url":"https:\/\/likeink.com\/da\/midlertidige-tatoveringer\/store-insekter\/","name":"Store insekter som engangstatoveringer - Like ink","isPartOf":{"@id":"https:\/\/likeink.com\/da\/#website"},"primaryImageOfPage":{"@id":"https:\/\/likeink.com\/da\/midlertidige-tatoveringer\/store-insekter\/#primaryimage"},"image":{"@id":"https:\/\/likeink.com\/da\/midlertidige-tatoveringer\/store-insekter\/#primaryimage"},"thumbnailUrl":"https:\/\/likeink.com\/wp-content\/uploads\/2019\/01\/tattoosheet-insects-1.jpg","datePublished":"2025-06-24T05:54:04+00:00","dateModified":"2026-04-21T13:01:55+00:00","description":"Tatoveringer med motiv af store insekter! Supersnabb levering og flotte engangstatoveringer i god kvalitet! - Like ink","breadcrumb":{"@id":"https:\/\/likeink.com\/da\/midlertidige-tatoveringer\/store-insekter\/#breadcrumb"},"inLanguage":"da-DK","potentialAction":[{"@type":"ReadAction","target":["https:\/\/likeink.com\/da\/midlertidige-tatoveringer\/store-insekter\/"]}]},{"@type":"ImageObject","inLanguage":"da-DK","@id":"https:\/\/likeink.com\/da\/midlertidige-tatoveringer\/store-insekter\/#primaryimage","url":"https:\/\/likeink.com\/wp-content\/uploads\/2019\/01\/tattoosheet-insects-1.jpg","contentUrl":"https:\/\/likeink.com\/wp-content\/uploads\/2019\/01\/tattoosheet-insects-1.jpg","width":400,"height":282,"caption":"Tempor\u00e4r tatuering med insekter. Skalbagge tatuering"},{"@type":"BreadcrumbList","@id":"https:\/\/likeink.com\/da\/midlertidige-tatoveringer\/store-insekter\/#breadcrumb","itemListElement":[{"@type":"ListItem","position":1,"name":"Hem","item":"https:\/\/likeink.com\/da\/"},{"@type":"ListItem","position":2,"name":"Shop","item":"https:\/\/likeink.com\/da\/shop\/"},{"@type":"ListItem","position":3,"name":"Store insekter A5"}]},{"@type":"WebSite","@id":"https:\/\/likeink.com\/da\/#website","url":"https:\/\/likeink.com\/da\/","name":"Like ink","description":"Make your own custom design","potentialAction":[{"@type":"SearchAction","target":{"@type":"EntryPoint","urlTemplate":"https:\/\/likeink.com\/da\/?s={search_term_string}"},"query-input":{"@type":"PropertyValueSpecification","valueRequired":true,"valueName":"search_term_string"}}],"inLanguage":"da-DK"}]}},"_links":{"self":[{"href":"https:\/\/likeink.com\/da\/wp-json\/wp\/v2\/product\/45661","targetHints":{"allow":["GET"]}}],"collection":[{"href":"https:\/\/likeink.com\/da\/wp-json\/wp\/v2\/product"}],"about":[{"href":"https:\/\/likeink.com\/da\/wp-json\/wp\/v2\/types\/product"}],"wp:featuredmedia":[{"embeddable":true,"href":"https:\/\/likeink.com\/da\/wp-json\/wp\/v2\/media\/61257"}],"wp:attachment":[{"href":"https:\/\/likeink.com\/da\/wp-json\/wp\/v2\/media?parent=45661"}],"wp:term":[{"taxonomy":"product_brand","embeddable":true,"href":"https:\/\/likeink.com\/da\/wp-json\/wp\/v2\/product_brand?post=45661"},{"taxonomy":"product_cat","embeddable":true,"href":"https:\/\/likeink.com\/da\/wp-json\/wp\/v2\/product_cat?post=45661"},{"taxonomy":"product_tag","embeddable":true,"href":"https:\/\/likeink.com\/da\/wp-json\/wp\/v2\/product_tag?post=45661"}],"curies":[{"name":"wp","href":"https:\/\/api.w.org\/{rel}","templated":true}]}}