{"id":48137,"date":"2025-06-26T13:34:50","date_gmt":"2025-06-26T13:34:50","guid":{"rendered":"https:\/\/likeink.com\/gnuggis\/temporary-tattoo-sheet-classic-like-ink-style-a6\/"},"modified":"2026-03-16T15:45:55","modified_gmt":"2026-03-16T15:45:55","slug":"idlertidige-tatoveringer-like-ink-style","status":"publish","type":"product","link":"https:\/\/likeink.com\/da\/midlertidige-tatoveringer\/idlertidige-tatoveringer-like-ink-style\/","title":{"rendered":"Midlertidige Tatoveringer Like ink Style"},"content":{"rendered":"","protected":false},"excerpt":{"rendered":"<p><strong data-start=\"676\" data-end=\"751\">A6-ark med Midlertidige Tatoveringer \u2013 Classic Ink Style.<\/strong><\/p>\n<p><br data-start=\"751\" data-end=\"754\" \/>Giv din stil et cool twist med dette A6-ark med 14 unikke designs \u2013 ankre, hjerter, stjerner, kranier, en gr\u00f8n kat og meget mere. Nemme at p\u00e5f\u00f8re og sjove at b\u00e6re \u2013 ideelle til fester, events eller hverdags\u00adudtryk uden bl\u00e6k for livet.<\/p>\n<p><br data-start=\"988\" data-end=\"991\" \/><strong data-start=\"991\" data-end=\"1005\">St\u00f8rrelse:<\/strong> A6<\/p>\n<p><strong data-start=\"1009\" data-end=\"1032\">Antal tatoveringer:<\/strong> 14<\/p>\n","protected":false},"featured_media":48127,"template":"","meta":[],"product_brand":[],"product_cat":[53,506],"product_tag":[],"class_list":{"0":"post-48137","1":"product","2":"type-product","3":"status-publish","4":"has-post-thumbnail","6":"product_cat-faerdige-ark","7":"product_cat-old-school-retro-da","9":"first","10":"instock","11":"taxable","12":"shipping-taxable","13":"purchasable","14":"product-type-simple"},"yoast_head":"<!-- This site is optimized with the Yoast SEO Premium plugin v26.2 (Yoast SEO v27.5) - https:\/\/yoast.com\/product\/yoast-seo-premium-wordpress\/ -->\n<title>Midlertidige Tatoveringer A6 \u2013 Klassisk Tattoo Stil | 14 Fake Tattoos - Like ink<\/title>\n<meta name=\"description\" content=\"Shop et stilfuldt A6-ark med 14 dristige midlertidige tatoveringer \u2013 kranier, ankre, hjerter, stjerner m.m. Perfekt til festivaler, fester eller hverdag!\" \/>\n<meta name=\"robots\" content=\"index, follow, max-snippet:-1, max-image-preview:large, max-video-preview:-1\" \/>\n<link rel=\"canonical\" href=\"https:\/\/likeink.com\/da\/midlertidige-tatoveringer\/idlertidige-tatoveringer-like-ink-style\/\" \/>\n<meta property=\"og:locale\" content=\"da_DK\" \/>\n<meta property=\"og:type\" content=\"article\" \/>\n<meta property=\"og:title\" content=\"Midlertidige Tatoveringer Like ink Style\" \/>\n<meta property=\"og:description\" content=\"A6-ark med Midlertidige Tatoveringer \u2013 Classic Ink Style.  Giv din stil et cool twist med dette A6-ark med 14 unikke designs \u2013 ankre, hjerter, stjerner, kranier, en gr\u00f8n kat og meget mere. Nemme at p\u00e5f\u00f8re og sjove at b\u00e6re \u2013 ideelle til fester, events eller hverdags\u00adudtryk uden bl\u00e6k for livet.  St\u00f8rrelse: A6  Antal tatoveringer: 14\" \/>\n<meta property=\"og:url\" content=\"https:\/\/likeink.com\/da\/midlertidige-tatoveringer\/idlertidige-tatoveringer-like-ink-style\/\" \/>\n<meta property=\"og:site_name\" content=\"Like ink\" \/>\n<meta property=\"article:publisher\" content=\"https:\/\/www.facebook.com\/LikeInkSe\" \/>\n<meta property=\"article:modified_time\" content=\"2026-03-16T15:45:55+00:00\" \/>\n<meta property=\"og:image\" content=\"https:\/\/likeink.com\/wp-content\/uploads\/2025\/06\/Likeink-ark-testark-temporaratatueringar.jpg\" \/>\n\t<meta property=\"og:image:width\" content=\"1600\" \/>\n\t<meta property=\"og:image:height\" content=\"1127\" \/>\n\t<meta property=\"og:image:type\" content=\"image\/jpeg\" \/>\n<meta name=\"twitter:card\" content=\"summary_large_image\" \/>\n<meta name=\"twitter:label1\" content=\"Estimeret l\u00e6setid\" \/>\n\t<meta name=\"twitter:data1\" content=\"1 minut\" \/>\n<!-- \/ Yoast SEO Premium plugin. -->","yoast_head_json":{"title":"Midlertidige Tatoveringer A6 \u2013 Klassisk Tattoo Stil | 14 Fake Tattoos - Like ink","description":"Shop et stilfuldt A6-ark med 14 dristige midlertidige tatoveringer \u2013 kranier, ankre, hjerter, stjerner m.m. Perfekt til festivaler, fester eller hverdag!","robots":{"index":"index","follow":"follow","max-snippet":"max-snippet:-1","max-image-preview":"max-image-preview:large","max-video-preview":"max-video-preview:-1"},"canonical":"https:\/\/likeink.com\/da\/midlertidige-tatoveringer\/idlertidige-tatoveringer-like-ink-style\/","og_locale":"da_DK","og_type":"article","og_title":"Midlertidige Tatoveringer Like ink Style","og_description":"A6-ark med Midlertidige Tatoveringer \u2013 Classic Ink Style.  Giv din stil et cool twist med dette A6-ark med 14 unikke designs \u2013 ankre, hjerter, stjerner, kranier, en gr\u00f8n kat og meget mere. Nemme at p\u00e5f\u00f8re og sjove at b\u00e6re \u2013 ideelle til fester, events eller hverdags\u00adudtryk uden bl\u00e6k for livet.  St\u00f8rrelse: A6  Antal tatoveringer: 14","og_url":"https:\/\/likeink.com\/da\/midlertidige-tatoveringer\/idlertidige-tatoveringer-like-ink-style\/","og_site_name":"Like ink","article_publisher":"https:\/\/www.facebook.com\/LikeInkSe","article_modified_time":"2026-03-16T15:45:55+00:00","og_image":[{"width":1600,"height":1127,"url":"https:\/\/likeink.com\/wp-content\/uploads\/2025\/06\/Likeink-ark-testark-temporaratatueringar.jpg","type":"image\/jpeg"}],"twitter_card":"summary_large_image","twitter_misc":{"Estimeret l\u00e6setid":"1 minut"},"schema":{"@context":"https:\/\/schema.org","@graph":[{"@type":"WebPage","@id":"https:\/\/likeink.com\/da\/midlertidige-tatoveringer\/idlertidige-tatoveringer-like-ink-style\/","url":"https:\/\/likeink.com\/da\/midlertidige-tatoveringer\/idlertidige-tatoveringer-like-ink-style\/","name":"Midlertidige Tatoveringer A6 \u2013 Klassisk Tattoo Stil | 14 Fake Tattoos - Like ink","isPartOf":{"@id":"https:\/\/likeink.com\/da\/#website"},"primaryImageOfPage":{"@id":"https:\/\/likeink.com\/da\/midlertidige-tatoveringer\/idlertidige-tatoveringer-like-ink-style\/#primaryimage"},"image":{"@id":"https:\/\/likeink.com\/da\/midlertidige-tatoveringer\/idlertidige-tatoveringer-like-ink-style\/#primaryimage"},"thumbnailUrl":"https:\/\/likeink.com\/wp-content\/uploads\/2025\/06\/Likeink-ark-testark-temporaratatueringar.jpg","datePublished":"2025-06-26T13:34:50+00:00","dateModified":"2026-03-16T15:45:55+00:00","description":"Shop et stilfuldt A6-ark med 14 dristige midlertidige tatoveringer \u2013 kranier, ankre, hjerter, stjerner m.m. Perfekt til festivaler, fester eller hverdag!","breadcrumb":{"@id":"https:\/\/likeink.com\/da\/midlertidige-tatoveringer\/idlertidige-tatoveringer-like-ink-style\/#breadcrumb"},"inLanguage":"da-DK","potentialAction":[{"@type":"ReadAction","target":["https:\/\/likeink.com\/da\/midlertidige-tatoveringer\/idlertidige-tatoveringer-like-ink-style\/"]}]},{"@type":"ImageObject","inLanguage":"da-DK","@id":"https:\/\/likeink.com\/da\/midlertidige-tatoveringer\/idlertidige-tatoveringer-like-ink-style\/#primaryimage","url":"https:\/\/likeink.com\/wp-content\/uploads\/2025\/06\/Likeink-ark-testark-temporaratatueringar.jpg","contentUrl":"https:\/\/likeink.com\/wp-content\/uploads\/2025\/06\/Likeink-ark-testark-temporaratatueringar.jpg","width":1600,"height":1127,"caption":"Blandet ark med midlertidige tatoveringer som inkluderer ankre, hjerter, kranie, kat, stjerner og tekst som \u201cLOVE FOR ALL\u201d og \u201cPERMANENT."},{"@type":"BreadcrumbList","@id":"https:\/\/likeink.com\/da\/midlertidige-tatoveringer\/idlertidige-tatoveringer-like-ink-style\/#breadcrumb","itemListElement":[{"@type":"ListItem","position":1,"name":"Hem","item":"https:\/\/likeink.com\/da\/"},{"@type":"ListItem","position":2,"name":"Shop","item":"https:\/\/likeink.com\/da\/shop\/"},{"@type":"ListItem","position":3,"name":"Midlertidige Tatoveringer Like ink Style"}]},{"@type":"WebSite","@id":"https:\/\/likeink.com\/da\/#website","url":"https:\/\/likeink.com\/da\/","name":"Like ink","description":"Make your own custom design","potentialAction":[{"@type":"SearchAction","target":{"@type":"EntryPoint","urlTemplate":"https:\/\/likeink.com\/da\/?s={search_term_string}"},"query-input":{"@type":"PropertyValueSpecification","valueRequired":true,"valueName":"search_term_string"}}],"inLanguage":"da-DK"}]}},"_links":{"self":[{"href":"https:\/\/likeink.com\/da\/wp-json\/wp\/v2\/product\/48137","targetHints":{"allow":["GET"]}}],"collection":[{"href":"https:\/\/likeink.com\/da\/wp-json\/wp\/v2\/product"}],"about":[{"href":"https:\/\/likeink.com\/da\/wp-json\/wp\/v2\/types\/product"}],"wp:featuredmedia":[{"embeddable":true,"href":"https:\/\/likeink.com\/da\/wp-json\/wp\/v2\/media\/48127"}],"wp:attachment":[{"href":"https:\/\/likeink.com\/da\/wp-json\/wp\/v2\/media?parent=48137"}],"wp:term":[{"taxonomy":"product_brand","embeddable":true,"href":"https:\/\/likeink.com\/da\/wp-json\/wp\/v2\/product_brand?post=48137"},{"taxonomy":"product_cat","embeddable":true,"href":"https:\/\/likeink.com\/da\/wp-json\/wp\/v2\/product_cat?post=48137"},{"taxonomy":"product_tag","embeddable":true,"href":"https:\/\/likeink.com\/da\/wp-json\/wp\/v2\/product_tag?post=48137"}],"curies":[{"name":"wp","href":"https:\/\/api.w.org\/{rel}","templated":true}]}}