{"id":50883,"date":"2025-09-08T11:56:47","date_gmt":"2025-09-08T11:56:47","guid":{"rendered":"https:\/\/likeink.com\/gnuggis\/lafufu-babies-a5\/"},"modified":"2025-09-08T12:10:16","modified_gmt":"2025-09-08T12:10:16","slug":"lafufu-babies-a5","status":"publish","type":"product","link":"https:\/\/likeink.com\/da\/midlertidige-tatoveringer\/lafufu-babies-a5\/","title":{"rendered":"Lafufu babies A5"},"content":{"rendered":"","protected":false},"excerpt":{"rendered":"<p>M\u00f8d Lafufu, det godhjertede monster inspireret af den virale Labubu-sensation. Hvert A5-ark er fyldt med farverige, h\u00e5ndtegnede Lafufu tattoos, designet og fremstillet i Sverige.<br \/>\nUanset om du leder efter en lille ven til at lyse din dag op eller en sjov statement-tatovering, er disse perfekte til fester, begivenheder eller bare til at vise din unikke stil.<\/p>\n<h2>F\u00e5 dine Lafufu falske tatoveringer i dag.<\/h2>\n<p> Like Ink-tatoveringer er nemme at p\u00e5f\u00f8re og holder i flere dage \u2013 pil af, s\u00e6t p\u00e5 og smil!<\/p>\n<p><strong>Arkst\u00f8rrelse:<\/strong> A5<br \/>\n<strong>Antal tatoveringer:<\/strong> 16<br \/>\n<strong>Tatoveringsst\u00f8rrelse:<\/strong> ca. 3\u20135 cm<\/p>\n","protected":false},"featured_media":50575,"template":"","meta":[],"product_brand":[],"product_cat":[160,53,171],"product_tag":[],"class_list":{"0":"post-50883","1":"product","2":"type-product","3":"status-publish","4":"has-post-thumbnail","6":"product_cat-boerne-tatoveringer","7":"product_cat-faerdige-ark","8":"product_cat-oevrige-tatoveringer","10":"first","11":"instock","12":"taxable","13":"shipping-taxable","14":"purchasable","15":"product-type-simple"},"yoast_head":"<!-- This site is optimized with the Yoast SEO Premium plugin v26.2 (Yoast SEO v27.4) - https:\/\/yoast.com\/product\/yoast-seo-premium-wordpress\/ -->\n<title>Lafufu babies A5 - Like ink<\/title>\n<meta name=\"description\" content=\"Shop Lafufu falske tatoveringer inspireret af den virale Labubu-figur. Hvert A5-ark har legende, h\u00e5ndtegnede monstermotiver \u2013 nemme at p\u00e5f\u00f8re og holder l\u00e6nge\" \/>\n<meta name=\"robots\" content=\"index, follow, max-snippet:-1, max-image-preview:large, max-video-preview:-1\" \/>\n<link rel=\"canonical\" href=\"https:\/\/likeink.com\/da\/midlertidige-tatoveringer\/lafufu-babies-a5\/\" \/>\n<meta property=\"og:locale\" content=\"da_DK\" \/>\n<meta property=\"og:type\" content=\"article\" \/>\n<meta property=\"og:title\" content=\"Lafufu babies A5\" \/>\n<meta property=\"og:description\" content=\"M\u00f8d Lafufu, det godhjertede monster inspireret af den virale Labubu-sensation. Hvert A5-ark er fyldt med farverige, h\u00e5ndtegnede Lafufu tattoos, designet og fremstillet i Sverige. Uanset om du leder efter en lille ven til at lyse din dag op eller en sjov statement-tatovering, er disse perfekte til fester, begivenheder eller bare til at vise din unikke stil.  F\u00e5 dine Lafufu falske tatoveringer i dag. Like Ink-tatoveringer er nemme at p\u00e5f\u00f8re og holder i flere dage \u2013 pil af, s\u00e6t p\u00e5 og smil!  Arkst\u00f8rrelse: A5 Antal tatoveringer: 16 Tatoveringsst\u00f8rrelse: ca. 3\u20135 cm\" \/>\n<meta property=\"og:url\" content=\"https:\/\/likeink.com\/da\/midlertidige-tatoveringer\/lafufu-babies-a5\/\" \/>\n<meta property=\"og:site_name\" content=\"Like ink\" \/>\n<meta property=\"article:publisher\" content=\"https:\/\/www.facebook.com\/LikeInkSe\" \/>\n<meta property=\"article:modified_time\" content=\"2025-09-08T12:10:16+00:00\" \/>\n<meta property=\"og:image\" content=\"https:\/\/likeink.com\/wp-content\/uploads\/2025\/08\/Labubu-babies-tattoos-likeink.jpg\" \/>\n\t<meta property=\"og:image:width\" content=\"1985\" \/>\n\t<meta property=\"og:image:height\" content=\"1400\" \/>\n\t<meta property=\"og:image:type\" content=\"image\/jpeg\" \/>\n<meta name=\"twitter:card\" content=\"summary_large_image\" \/>\n<meta name=\"twitter:label1\" content=\"Estimeret l\u00e6setid\" \/>\n\t<meta name=\"twitter:data1\" content=\"1 minut\" \/>\n<script type=\"application\/ld+json\" class=\"yoast-schema-graph\">{\"@context\":\"https:\\\/\\\/schema.org\",\"@graph\":[{\"@type\":\"WebPage\",\"@id\":\"https:\\\/\\\/likeink.com\\\/da\\\/midlertidige-tatoveringer\\\/lafufu-babies-a5\\\/\",\"url\":\"https:\\\/\\\/likeink.com\\\/da\\\/midlertidige-tatoveringer\\\/lafufu-babies-a5\\\/\",\"name\":\"Lafufu babies A5 - Like ink\",\"isPartOf\":{\"@id\":\"https:\\\/\\\/likeink.com\\\/da\\\/#website\"},\"primaryImageOfPage\":{\"@id\":\"https:\\\/\\\/likeink.com\\\/da\\\/midlertidige-tatoveringer\\\/lafufu-babies-a5\\\/#primaryimage\"},\"image\":{\"@id\":\"https:\\\/\\\/likeink.com\\\/da\\\/midlertidige-tatoveringer\\\/lafufu-babies-a5\\\/#primaryimage\"},\"thumbnailUrl\":\"https:\\\/\\\/likeink.com\\\/wp-content\\\/uploads\\\/2025\\\/08\\\/Labubu-babies-tattoos-likeink.jpg\",\"datePublished\":\"2025-09-08T11:56:47+00:00\",\"dateModified\":\"2025-09-08T12:10:16+00:00\",\"description\":\"Shop Lafufu falske tatoveringer inspireret af den virale Labubu-figur. Hvert A5-ark har legende, h\u00e5ndtegnede monstermotiver \u2013 nemme at p\u00e5f\u00f8re og holder l\u00e6nge\",\"breadcrumb\":{\"@id\":\"https:\\\/\\\/likeink.com\\\/da\\\/midlertidige-tatoveringer\\\/lafufu-babies-a5\\\/#breadcrumb\"},\"inLanguage\":\"da-DK\",\"potentialAction\":[{\"@type\":\"ReadAction\",\"target\":[\"https:\\\/\\\/likeink.com\\\/da\\\/midlertidige-tatoveringer\\\/lafufu-babies-a5\\\/\"]}]},{\"@type\":\"ImageObject\",\"inLanguage\":\"da-DK\",\"@id\":\"https:\\\/\\\/likeink.com\\\/da\\\/midlertidige-tatoveringer\\\/lafufu-babies-a5\\\/#primaryimage\",\"url\":\"https:\\\/\\\/likeink.com\\\/wp-content\\\/uploads\\\/2025\\\/08\\\/Labubu-babies-tattoos-likeink.jpg\",\"contentUrl\":\"https:\\\/\\\/likeink.com\\\/wp-content\\\/uploads\\\/2025\\\/08\\\/Labubu-babies-tattoos-likeink.jpg\",\"width\":1985,\"height\":1400,\"caption\":\"Ark med Labubu babies-tatoveringer og midlertidige tatoveringer med bl\u00f8de babymonstre i forskellige outfits, stemninger og aktiviteter.\"},{\"@type\":\"BreadcrumbList\",\"@id\":\"https:\\\/\\\/likeink.com\\\/da\\\/midlertidige-tatoveringer\\\/lafufu-babies-a5\\\/#breadcrumb\",\"itemListElement\":[{\"@type\":\"ListItem\",\"position\":1,\"name\":\"Hem\",\"item\":\"https:\\\/\\\/likeink.com\\\/da\\\/\"},{\"@type\":\"ListItem\",\"position\":2,\"name\":\"Shop\",\"item\":\"https:\\\/\\\/likeink.com\\\/da\\\/shop\\\/\"},{\"@type\":\"ListItem\",\"position\":3,\"name\":\"Lafufu babies A5\"}]},{\"@type\":\"WebSite\",\"@id\":\"https:\\\/\\\/likeink.com\\\/da\\\/#website\",\"url\":\"https:\\\/\\\/likeink.com\\\/da\\\/\",\"name\":\"Like ink\",\"description\":\"Make your own custom design\",\"potentialAction\":[{\"@type\":\"SearchAction\",\"target\":{\"@type\":\"EntryPoint\",\"urlTemplate\":\"https:\\\/\\\/likeink.com\\\/da\\\/?s={search_term_string}\"},\"query-input\":{\"@type\":\"PropertyValueSpecification\",\"valueRequired\":true,\"valueName\":\"search_term_string\"}}],\"inLanguage\":\"da-DK\"}]}<\/script>\n<!-- \/ Yoast SEO Premium plugin. -->","yoast_head_json":{"title":"Lafufu babies A5 - Like ink","description":"Shop Lafufu falske tatoveringer inspireret af den virale Labubu-figur. Hvert A5-ark har legende, h\u00e5ndtegnede monstermotiver \u2013 nemme at p\u00e5f\u00f8re og holder l\u00e6nge","robots":{"index":"index","follow":"follow","max-snippet":"max-snippet:-1","max-image-preview":"max-image-preview:large","max-video-preview":"max-video-preview:-1"},"canonical":"https:\/\/likeink.com\/da\/midlertidige-tatoveringer\/lafufu-babies-a5\/","og_locale":"da_DK","og_type":"article","og_title":"Lafufu babies A5","og_description":"M\u00f8d Lafufu, det godhjertede monster inspireret af den virale Labubu-sensation. Hvert A5-ark er fyldt med farverige, h\u00e5ndtegnede Lafufu tattoos, designet og fremstillet i Sverige. Uanset om du leder efter en lille ven til at lyse din dag op eller en sjov statement-tatovering, er disse perfekte til fester, begivenheder eller bare til at vise din unikke stil.  F\u00e5 dine Lafufu falske tatoveringer i dag. Like Ink-tatoveringer er nemme at p\u00e5f\u00f8re og holder i flere dage \u2013 pil af, s\u00e6t p\u00e5 og smil!  Arkst\u00f8rrelse: A5 Antal tatoveringer: 16 Tatoveringsst\u00f8rrelse: ca. 3\u20135 cm","og_url":"https:\/\/likeink.com\/da\/midlertidige-tatoveringer\/lafufu-babies-a5\/","og_site_name":"Like ink","article_publisher":"https:\/\/www.facebook.com\/LikeInkSe","article_modified_time":"2025-09-08T12:10:16+00:00","og_image":[{"width":1985,"height":1400,"url":"https:\/\/likeink.com\/wp-content\/uploads\/2025\/08\/Labubu-babies-tattoos-likeink.jpg","type":"image\/jpeg"}],"twitter_card":"summary_large_image","twitter_misc":{"Estimeret l\u00e6setid":"1 minut"},"schema":{"@context":"https:\/\/schema.org","@graph":[{"@type":"WebPage","@id":"https:\/\/likeink.com\/da\/midlertidige-tatoveringer\/lafufu-babies-a5\/","url":"https:\/\/likeink.com\/da\/midlertidige-tatoveringer\/lafufu-babies-a5\/","name":"Lafufu babies A5 - Like ink","isPartOf":{"@id":"https:\/\/likeink.com\/da\/#website"},"primaryImageOfPage":{"@id":"https:\/\/likeink.com\/da\/midlertidige-tatoveringer\/lafufu-babies-a5\/#primaryimage"},"image":{"@id":"https:\/\/likeink.com\/da\/midlertidige-tatoveringer\/lafufu-babies-a5\/#primaryimage"},"thumbnailUrl":"https:\/\/likeink.com\/wp-content\/uploads\/2025\/08\/Labubu-babies-tattoos-likeink.jpg","datePublished":"2025-09-08T11:56:47+00:00","dateModified":"2025-09-08T12:10:16+00:00","description":"Shop Lafufu falske tatoveringer inspireret af den virale Labubu-figur. Hvert A5-ark har legende, h\u00e5ndtegnede monstermotiver \u2013 nemme at p\u00e5f\u00f8re og holder l\u00e6nge","breadcrumb":{"@id":"https:\/\/likeink.com\/da\/midlertidige-tatoveringer\/lafufu-babies-a5\/#breadcrumb"},"inLanguage":"da-DK","potentialAction":[{"@type":"ReadAction","target":["https:\/\/likeink.com\/da\/midlertidige-tatoveringer\/lafufu-babies-a5\/"]}]},{"@type":"ImageObject","inLanguage":"da-DK","@id":"https:\/\/likeink.com\/da\/midlertidige-tatoveringer\/lafufu-babies-a5\/#primaryimage","url":"https:\/\/likeink.com\/wp-content\/uploads\/2025\/08\/Labubu-babies-tattoos-likeink.jpg","contentUrl":"https:\/\/likeink.com\/wp-content\/uploads\/2025\/08\/Labubu-babies-tattoos-likeink.jpg","width":1985,"height":1400,"caption":"Ark med Labubu babies-tatoveringer og midlertidige tatoveringer med bl\u00f8de babymonstre i forskellige outfits, stemninger og aktiviteter."},{"@type":"BreadcrumbList","@id":"https:\/\/likeink.com\/da\/midlertidige-tatoveringer\/lafufu-babies-a5\/#breadcrumb","itemListElement":[{"@type":"ListItem","position":1,"name":"Hem","item":"https:\/\/likeink.com\/da\/"},{"@type":"ListItem","position":2,"name":"Shop","item":"https:\/\/likeink.com\/da\/shop\/"},{"@type":"ListItem","position":3,"name":"Lafufu babies A5"}]},{"@type":"WebSite","@id":"https:\/\/likeink.com\/da\/#website","url":"https:\/\/likeink.com\/da\/","name":"Like ink","description":"Make your own custom design","potentialAction":[{"@type":"SearchAction","target":{"@type":"EntryPoint","urlTemplate":"https:\/\/likeink.com\/da\/?s={search_term_string}"},"query-input":{"@type":"PropertyValueSpecification","valueRequired":true,"valueName":"search_term_string"}}],"inLanguage":"da-DK"}]}},"_links":{"self":[{"href":"https:\/\/likeink.com\/da\/wp-json\/wp\/v2\/product\/50883","targetHints":{"allow":["GET"]}}],"collection":[{"href":"https:\/\/likeink.com\/da\/wp-json\/wp\/v2\/product"}],"about":[{"href":"https:\/\/likeink.com\/da\/wp-json\/wp\/v2\/types\/product"}],"wp:featuredmedia":[{"embeddable":true,"href":"https:\/\/likeink.com\/da\/wp-json\/wp\/v2\/media\/50575"}],"wp:attachment":[{"href":"https:\/\/likeink.com\/da\/wp-json\/wp\/v2\/media?parent=50883"}],"wp:term":[{"taxonomy":"product_brand","embeddable":true,"href":"https:\/\/likeink.com\/da\/wp-json\/wp\/v2\/product_brand?post=50883"},{"taxonomy":"product_cat","embeddable":true,"href":"https:\/\/likeink.com\/da\/wp-json\/wp\/v2\/product_cat?post=50883"},{"taxonomy":"product_tag","embeddable":true,"href":"https:\/\/likeink.com\/da\/wp-json\/wp\/v2\/product_tag?post=50883"}],"curies":[{"name":"wp","href":"https:\/\/api.w.org\/{rel}","templated":true}]}}