{"id":53147,"date":"2025-11-30T16:25:40","date_gmt":"2025-11-30T16:25:40","guid":{"rendered":"https:\/\/likeink.com\/gnuggis\/black-eye-art-tattoos\/"},"modified":"2025-11-30T16:42:23","modified_gmt":"2025-11-30T16:42:23","slug":"black-eye-art-tattoos","status":"publish","type":"product","link":"https:\/\/likeink.com\/da\/midlertidige-tatoveringer\/black-eye-art-tattoos\/","title":{"rendered":"Black Eye Art Tattoos"},"content":{"rendered":"","protected":false},"excerpt":{"rendered":"<p>Black Eye Art Tattoos: Elegante sorte \u00f8jentatoveringer i tynde, dekorative m\u00f8nstre, der indrammer \u00f8jet b\u00e5de over og under.<\/p>\n<p><strong>Black Eye Art Tattoos \u2013 Stilrene sorte motiver med eyeliner-effekt.<\/strong><\/p>\n<p>L\u00f8ft din makeup med Like Ink Black Eye Art Tattoos \u2013 dekorative, sorte mini-tatoveringer designet til at placeres under og over \u00f8jnene. Hvert ark indeholder tre komplette s\u00e6t, der giver en unik og dramatisk effekt sammen med din almindelige makeup. Perfekt til fest, fotoshoots, temaaftener eller n\u00e5r du vil skabe et stilfuldt og kunstnerisk look uden besv\u00e6r.<br \/>\nKlip det \u00f8nskede par ud og placer dem som du vil.<\/p>\n<h2>K\u00f8b \u00f8jentatoveringer i h\u00f8j kvalitet<\/h2>\n<p>Vores Black Eye Art Tattoos er skabt til at sidde sikkert og samtidig give et flatterende og detaljeret resultat. Takket v\u00e6re vores smarte pr\u00e6cisionsteknik kl\u00e6ber limen kun til det trykte motiv \u2013 ingen un\u00f8dvendig plastfilm omkring tatoveringen, hvilket giver en ren og professionel finish. Tatoveringerne er ca. 4 cm brede og giver et unikt touch til enhver stil.<br \/>\nLike Inks Siirtotatuointi er desuden allergivenlige, sk\u00e5nsomme mod huden og nemme at p\u00e5f\u00f8re og fjerne. Skab en kreativ og effektfuld \u00f8jenmakeup p\u00e5 f\u00e5 sekunder \u2013 helt uden avancerede pensler eller makeupf\u00e6rdigheder.<br \/>\n\u2728 Forvandl din makeup med Like Ink \u2013 sm\u00e5 detaljer g\u00f8r en stor forskel! \u2728<\/p>\n<p><strong>St\u00f8rrelse:<\/strong> A6 ark, tatoveringer ca. 4 cm.<\/p>\n","protected":false},"featured_media":53094,"template":"","meta":[],"product_brand":[],"product_cat":[53,169],"product_tag":[],"class_list":{"0":"post-53147","1":"product","2":"type-product","3":"status-publish","4":"has-post-thumbnail","6":"product_cat-faerdige-ark","7":"product_cat-hoejtids-tatoveringer","9":"first","10":"instock","11":"taxable","12":"shipping-taxable","13":"purchasable","14":"product-type-simple"},"yoast_head":"<!-- This site is optimized with the Yoast SEO Premium plugin v26.2 (Yoast SEO v27.4) - https:\/\/yoast.com\/product\/yoast-seo-premium-wordpress\/ -->\n<title>Black Eye Art Tattoos - Like ink<\/title>\n<meta name=\"description\" content=\"Udforsk din kreativitet med vores fantastiske Black Eye Art Tattoos, designet til at g\u00f8re et st\u00e6rkt indtryk. Opdag din unikke stil allerede i dag! Like ink\" \/>\n<meta name=\"robots\" content=\"index, follow, max-snippet:-1, max-image-preview:large, max-video-preview:-1\" \/>\n<link rel=\"canonical\" href=\"https:\/\/likeink.com\/da\/midlertidige-tatoveringer\/black-eye-art-tattoos\/\" \/>\n<meta property=\"og:locale\" content=\"da_DK\" \/>\n<meta property=\"og:type\" content=\"article\" \/>\n<meta property=\"og:title\" content=\"Black Eye Art Tattoos\" \/>\n<meta property=\"og:description\" content=\"Black Eye Art Tattoos: Elegante sorte \u00f8jentatoveringer i tynde, dekorative m\u00f8nstre, der indrammer \u00f8jet b\u00e5de over og under.  Black Eye Art Tattoos \u2013 Stilrene sorte motiver med eyeliner-effekt.  L\u00f8ft din makeup med Like Ink Black Eye Art Tattoos \u2013 dekorative, sorte mini-tatoveringer designet til at placeres under og over \u00f8jnene. Hvert ark indeholder tre komplette s\u00e6t, der giver en unik og dramatisk effekt sammen med din almindelige makeup. Perfekt til fest, fotoshoots, temaaftener eller n\u00e5r du vil skabe et stilfuldt og kunstnerisk look uden besv\u00e6r. Klip det \u00f8nskede par ud og placer dem som du vil. K\u00f8b \u00f8jentatoveringer i h\u00f8j kvalitet Vores Black Eye Art Tattoos er skabt til at sidde sikkert og samtidig give et flatterende og detaljeret resultat. Takket v\u00e6re vores smarte pr\u00e6cisionsteknik kl\u00e6ber limen kun til det trykte motiv \u2013 ingen un\u00f8dvendig plastfilm omkring tatoveringen, hvilket giver en ren og professionel finish. Tatoveringerne er ca. 4 cm brede og giver et unikt touch til enhver stil. Like Inks Siirtotatuointi er desuden allergivenlige, sk\u00e5nsomme mod huden og nemme at p\u00e5f\u00f8re og fjerne. Skab en kreativ og effektfuld \u00f8jenmakeup p\u00e5 f\u00e5 sekunder \u2013 helt uden avancerede pensler eller makeupf\u00e6rdigheder. \u2728 Forvandl din makeup med Like Ink \u2013 sm\u00e5 detaljer g\u00f8r en stor forskel! \u2728  St\u00f8rrelse: A6 ark, tatoveringer ca. 4 cm.\" \/>\n<meta property=\"og:url\" content=\"https:\/\/likeink.com\/da\/midlertidige-tatoveringer\/black-eye-art-tattoos\/\" \/>\n<meta property=\"og:site_name\" content=\"Like ink\" \/>\n<meta property=\"article:publisher\" content=\"https:\/\/www.facebook.com\/LikeInkSe\" \/>\n<meta property=\"article:modified_time\" content=\"2025-11-30T16:42:23+00:00\" \/>\n<meta property=\"og:image\" content=\"https:\/\/likeink.com\/wp-content\/uploads\/2025\/11\/Eyelash-black-Tattoos-Likeink-1024x1024.png\" \/>\n\t<meta property=\"og:image:width\" content=\"1024\" \/>\n\t<meta property=\"og:image:height\" content=\"1024\" \/>\n\t<meta property=\"og:image:type\" content=\"image\/png\" \/>\n<meta name=\"twitter:card\" content=\"summary_large_image\" \/>\n<meta name=\"twitter:label1\" content=\"Estimeret l\u00e6setid\" \/>\n\t<meta name=\"twitter:data1\" content=\"1 minut\" \/>\n<script type=\"application\/ld+json\" class=\"yoast-schema-graph\">{\"@context\":\"https:\\\/\\\/schema.org\",\"@graph\":[{\"@type\":\"WebPage\",\"@id\":\"https:\\\/\\\/likeink.com\\\/da\\\/midlertidige-tatoveringer\\\/black-eye-art-tattoos\\\/\",\"url\":\"https:\\\/\\\/likeink.com\\\/da\\\/midlertidige-tatoveringer\\\/black-eye-art-tattoos\\\/\",\"name\":\"Black Eye Art Tattoos - Like ink\",\"isPartOf\":{\"@id\":\"https:\\\/\\\/likeink.com\\\/da\\\/#website\"},\"primaryImageOfPage\":{\"@id\":\"https:\\\/\\\/likeink.com\\\/da\\\/midlertidige-tatoveringer\\\/black-eye-art-tattoos\\\/#primaryimage\"},\"image\":{\"@id\":\"https:\\\/\\\/likeink.com\\\/da\\\/midlertidige-tatoveringer\\\/black-eye-art-tattoos\\\/#primaryimage\"},\"thumbnailUrl\":\"https:\\\/\\\/likeink.com\\\/wp-content\\\/uploads\\\/2025\\\/11\\\/Eyelash-black-Tattoos-Likeink.png\",\"datePublished\":\"2025-11-30T16:25:40+00:00\",\"dateModified\":\"2025-11-30T16:42:23+00:00\",\"description\":\"Udforsk din kreativitet med vores fantastiske Black Eye Art Tattoos, designet til at g\u00f8re et st\u00e6rkt indtryk. Opdag din unikke stil allerede i dag! Like ink\",\"breadcrumb\":{\"@id\":\"https:\\\/\\\/likeink.com\\\/da\\\/midlertidige-tatoveringer\\\/black-eye-art-tattoos\\\/#breadcrumb\"},\"inLanguage\":\"da-DK\",\"potentialAction\":[{\"@type\":\"ReadAction\",\"target\":[\"https:\\\/\\\/likeink.com\\\/da\\\/midlertidige-tatoveringer\\\/black-eye-art-tattoos\\\/\"]}]},{\"@type\":\"ImageObject\",\"inLanguage\":\"da-DK\",\"@id\":\"https:\\\/\\\/likeink.com\\\/da\\\/midlertidige-tatoveringer\\\/black-eye-art-tattoos\\\/#primaryimage\",\"url\":\"https:\\\/\\\/likeink.com\\\/wp-content\\\/uploads\\\/2025\\\/11\\\/Eyelash-black-Tattoos-Likeink.png\",\"contentUrl\":\"https:\\\/\\\/likeink.com\\\/wp-content\\\/uploads\\\/2025\\\/11\\\/Eyelash-black-Tattoos-Likeink.png\",\"width\":1772,\"height\":1772,\"caption\":\"En kvinna med l\u00e5ngt m\u00f6rkt h\u00e5r har intrikata svarta blom- och virvelm\u00f6nster ritade runt h\u00f6ger \u00f6ga, fr\u00e5n \u00f6gonlocket till kindbenet. Hon tittar mjukt in i kameran med ett neutralt uttryck.\"},{\"@type\":\"BreadcrumbList\",\"@id\":\"https:\\\/\\\/likeink.com\\\/da\\\/midlertidige-tatoveringer\\\/black-eye-art-tattoos\\\/#breadcrumb\",\"itemListElement\":[{\"@type\":\"ListItem\",\"position\":1,\"name\":\"Hem\",\"item\":\"https:\\\/\\\/likeink.com\\\/da\\\/\"},{\"@type\":\"ListItem\",\"position\":2,\"name\":\"Shop\",\"item\":\"https:\\\/\\\/likeink.com\\\/da\\\/shop\\\/\"},{\"@type\":\"ListItem\",\"position\":3,\"name\":\"Black Eye Art Tattoos\"}]},{\"@type\":\"WebSite\",\"@id\":\"https:\\\/\\\/likeink.com\\\/da\\\/#website\",\"url\":\"https:\\\/\\\/likeink.com\\\/da\\\/\",\"name\":\"Like ink\",\"description\":\"Make your own custom design\",\"potentialAction\":[{\"@type\":\"SearchAction\",\"target\":{\"@type\":\"EntryPoint\",\"urlTemplate\":\"https:\\\/\\\/likeink.com\\\/da\\\/?s={search_term_string}\"},\"query-input\":{\"@type\":\"PropertyValueSpecification\",\"valueRequired\":true,\"valueName\":\"search_term_string\"}}],\"inLanguage\":\"da-DK\"}]}<\/script>\n<!-- \/ Yoast SEO Premium plugin. -->","yoast_head_json":{"title":"Black Eye Art Tattoos - Like ink","description":"Udforsk din kreativitet med vores fantastiske Black Eye Art Tattoos, designet til at g\u00f8re et st\u00e6rkt indtryk. Opdag din unikke stil allerede i dag! Like ink","robots":{"index":"index","follow":"follow","max-snippet":"max-snippet:-1","max-image-preview":"max-image-preview:large","max-video-preview":"max-video-preview:-1"},"canonical":"https:\/\/likeink.com\/da\/midlertidige-tatoveringer\/black-eye-art-tattoos\/","og_locale":"da_DK","og_type":"article","og_title":"Black Eye Art Tattoos","og_description":"Black Eye Art Tattoos: Elegante sorte \u00f8jentatoveringer i tynde, dekorative m\u00f8nstre, der indrammer \u00f8jet b\u00e5de over og under.  Black Eye Art Tattoos \u2013 Stilrene sorte motiver med eyeliner-effekt.  L\u00f8ft din makeup med Like Ink Black Eye Art Tattoos \u2013 dekorative, sorte mini-tatoveringer designet til at placeres under og over \u00f8jnene. Hvert ark indeholder tre komplette s\u00e6t, der giver en unik og dramatisk effekt sammen med din almindelige makeup. Perfekt til fest, fotoshoots, temaaftener eller n\u00e5r du vil skabe et stilfuldt og kunstnerisk look uden besv\u00e6r. Klip det \u00f8nskede par ud og placer dem som du vil. K\u00f8b \u00f8jentatoveringer i h\u00f8j kvalitet Vores Black Eye Art Tattoos er skabt til at sidde sikkert og samtidig give et flatterende og detaljeret resultat. Takket v\u00e6re vores smarte pr\u00e6cisionsteknik kl\u00e6ber limen kun til det trykte motiv \u2013 ingen un\u00f8dvendig plastfilm omkring tatoveringen, hvilket giver en ren og professionel finish. Tatoveringerne er ca. 4 cm brede og giver et unikt touch til enhver stil. Like Inks Siirtotatuointi er desuden allergivenlige, sk\u00e5nsomme mod huden og nemme at p\u00e5f\u00f8re og fjerne. Skab en kreativ og effektfuld \u00f8jenmakeup p\u00e5 f\u00e5 sekunder \u2013 helt uden avancerede pensler eller makeupf\u00e6rdigheder. \u2728 Forvandl din makeup med Like Ink \u2013 sm\u00e5 detaljer g\u00f8r en stor forskel! \u2728  St\u00f8rrelse: A6 ark, tatoveringer ca. 4 cm.","og_url":"https:\/\/likeink.com\/da\/midlertidige-tatoveringer\/black-eye-art-tattoos\/","og_site_name":"Like ink","article_publisher":"https:\/\/www.facebook.com\/LikeInkSe","article_modified_time":"2025-11-30T16:42:23+00:00","og_image":[{"width":1024,"height":1024,"url":"https:\/\/likeink.com\/wp-content\/uploads\/2025\/11\/Eyelash-black-Tattoos-Likeink-1024x1024.png","type":"image\/png"}],"twitter_card":"summary_large_image","twitter_misc":{"Estimeret l\u00e6setid":"1 minut"},"schema":{"@context":"https:\/\/schema.org","@graph":[{"@type":"WebPage","@id":"https:\/\/likeink.com\/da\/midlertidige-tatoveringer\/black-eye-art-tattoos\/","url":"https:\/\/likeink.com\/da\/midlertidige-tatoveringer\/black-eye-art-tattoos\/","name":"Black Eye Art Tattoos - Like ink","isPartOf":{"@id":"https:\/\/likeink.com\/da\/#website"},"primaryImageOfPage":{"@id":"https:\/\/likeink.com\/da\/midlertidige-tatoveringer\/black-eye-art-tattoos\/#primaryimage"},"image":{"@id":"https:\/\/likeink.com\/da\/midlertidige-tatoveringer\/black-eye-art-tattoos\/#primaryimage"},"thumbnailUrl":"https:\/\/likeink.com\/wp-content\/uploads\/2025\/11\/Eyelash-black-Tattoos-Likeink.png","datePublished":"2025-11-30T16:25:40+00:00","dateModified":"2025-11-30T16:42:23+00:00","description":"Udforsk din kreativitet med vores fantastiske Black Eye Art Tattoos, designet til at g\u00f8re et st\u00e6rkt indtryk. Opdag din unikke stil allerede i dag! Like ink","breadcrumb":{"@id":"https:\/\/likeink.com\/da\/midlertidige-tatoveringer\/black-eye-art-tattoos\/#breadcrumb"},"inLanguage":"da-DK","potentialAction":[{"@type":"ReadAction","target":["https:\/\/likeink.com\/da\/midlertidige-tatoveringer\/black-eye-art-tattoos\/"]}]},{"@type":"ImageObject","inLanguage":"da-DK","@id":"https:\/\/likeink.com\/da\/midlertidige-tatoveringer\/black-eye-art-tattoos\/#primaryimage","url":"https:\/\/likeink.com\/wp-content\/uploads\/2025\/11\/Eyelash-black-Tattoos-Likeink.png","contentUrl":"https:\/\/likeink.com\/wp-content\/uploads\/2025\/11\/Eyelash-black-Tattoos-Likeink.png","width":1772,"height":1772,"caption":"En kvinna med l\u00e5ngt m\u00f6rkt h\u00e5r har intrikata svarta blom- och virvelm\u00f6nster ritade runt h\u00f6ger \u00f6ga, fr\u00e5n \u00f6gonlocket till kindbenet. Hon tittar mjukt in i kameran med ett neutralt uttryck."},{"@type":"BreadcrumbList","@id":"https:\/\/likeink.com\/da\/midlertidige-tatoveringer\/black-eye-art-tattoos\/#breadcrumb","itemListElement":[{"@type":"ListItem","position":1,"name":"Hem","item":"https:\/\/likeink.com\/da\/"},{"@type":"ListItem","position":2,"name":"Shop","item":"https:\/\/likeink.com\/da\/shop\/"},{"@type":"ListItem","position":3,"name":"Black Eye Art Tattoos"}]},{"@type":"WebSite","@id":"https:\/\/likeink.com\/da\/#website","url":"https:\/\/likeink.com\/da\/","name":"Like ink","description":"Make your own custom design","potentialAction":[{"@type":"SearchAction","target":{"@type":"EntryPoint","urlTemplate":"https:\/\/likeink.com\/da\/?s={search_term_string}"},"query-input":{"@type":"PropertyValueSpecification","valueRequired":true,"valueName":"search_term_string"}}],"inLanguage":"da-DK"}]}},"_links":{"self":[{"href":"https:\/\/likeink.com\/da\/wp-json\/wp\/v2\/product\/53147","targetHints":{"allow":["GET"]}}],"collection":[{"href":"https:\/\/likeink.com\/da\/wp-json\/wp\/v2\/product"}],"about":[{"href":"https:\/\/likeink.com\/da\/wp-json\/wp\/v2\/types\/product"}],"wp:featuredmedia":[{"embeddable":true,"href":"https:\/\/likeink.com\/da\/wp-json\/wp\/v2\/media\/53094"}],"wp:attachment":[{"href":"https:\/\/likeink.com\/da\/wp-json\/wp\/v2\/media?parent=53147"}],"wp:term":[{"taxonomy":"product_brand","embeddable":true,"href":"https:\/\/likeink.com\/da\/wp-json\/wp\/v2\/product_brand?post=53147"},{"taxonomy":"product_cat","embeddable":true,"href":"https:\/\/likeink.com\/da\/wp-json\/wp\/v2\/product_cat?post=53147"},{"taxonomy":"product_tag","embeddable":true,"href":"https:\/\/likeink.com\/da\/wp-json\/wp\/v2\/product_tag?post=53147"}],"curies":[{"name":"wp","href":"https:\/\/api.w.org\/{rel}","templated":true}]}}