{"id":57390,"date":"2026-01-27T12:12:38","date_gmt":"2026-02-02T10:20:29","guid":{"rendered":"https:\/\/likeink.com\/gnuggisar\/glow-in-the-dark-celestial-nail-stickers\/"},"modified":"2026-02-25T09:52:06","modified_gmt":"2026-02-25T09:52:06","slug":"glow-in-the-dark-celestial-nail-stickers","status":"publish","type":"product","link":"https:\/\/likeink.com\/da\/midlertidige-tatoveringer\/glow-in-the-dark-celestial-nail-stickers\/","title":{"rendered":"Glow in the Dark Celestial Nail stickers"},"content":{"rendered":"","protected":false},"excerpt":{"rendered":"<p>Like Ink<br \/>\nNail tattoos<br \/>\n\u2013 Glow in the Dark-Nail stickers<\/p>\n<h2>Bestil glow in the dark-Nail stickers med himmelske designs!<\/h2>\n<p>F\u00e5 din manicure til at lyse med Like Ink<br \/>\nGlow in the Dark Celestial Nail stickers<br \/>\n. Dette ark har charmerende sol-, m\u00e5ne- og stjernedesign, der lyser blidt i m\u00f8rket og skaber en legende og magisk Nail art<br \/>\neffekt, n\u00e5r lyset slukkes.<\/p>\n<p>Med motivst\u00f8rrelser fra ca. 5 til 8 mm er disse Nail stickers<br \/>\nperfekte til subtile accenter s\u00e5vel som fulde negledesign med himmelsk tema. Om dagen ser de rene og stilfulde ud, og om natten forvandles de til lysende detaljer, der tilf\u00f8jer en uventet twist.<\/p>\n<p>Ideel til festivaler, fester, aftenarrangementer eller alle, der elsker sjove Nail art<br \/>\nmed en kosmisk stemning. Disse Nail stickers<br \/>\ner nemme at p\u00e5f\u00f8re og behagelige at have p\u00e5 og holder sig p\u00e5 plads i flere dage uden at smitte af eller skalle af.<\/p>\n<p>Ingen rod, ingen t\u00f8rretid og ingen salonbes\u00f8g n\u00f8dvendigt \u2013 bare lysende Nail art<br \/>\np\u00e5 f\u00e5 minutter.<\/p>\n<p><strong>S\u00e5dan p\u00e5f\u00f8res Nail stickers <\/strong><br \/>\nReng\u00f8r og t\u00f8r neglen<\/p>\n<p>V\u00e6lg et klisterm\u00e6rke fra arket og l\u00f8ft det forsigtigt op med en pincet<\/p>\n<p>Placer designet p\u00e5 neglen og tryk forsigtigt<\/p>\n<p>P\u00e5f\u00f8r et topcoat for ekstra holdbarhed<\/p>\n<p>F\u00e6rdig!<\/p>\n<p><strong>Produktinformation<\/strong><\/p>\n<p><strong>Arkst\u00f8rrelse:<\/strong><br \/>\n7 \u00d7 10 <strong>cm<br \/>\nEffekt:<\/strong><br \/>\nLyser i m\u00f8rke<br \/>\n<strong>Motiver:<\/strong><br \/>\nSoler, m\u00e5ner, <strong>stjerner<br \/>\nMotivst\u00f8rrelse:<\/strong><br \/>\nca. 5\u20138 <strong>mm<\/p>\n<p>PS:<\/strong><br \/>\nK\u00f8b 6 ark og betal for 5 med rabatkoden<strong> INKNAILS <\/strong><br \/>\n\ud83c\udf1f\ud83d\udc85<\/p>\n","protected":false},"featured_media":59408,"template":"","meta":[],"product_brand":[],"product_cat":[467],"product_tag":[],"class_list":{"0":"post-57390","1":"product","2":"type-product","3":"status-publish","4":"has-post-thumbnail","6":"product_cat-negleklistermaerker","8":"first","9":"instock","10":"taxable","11":"shipping-taxable","12":"purchasable","13":"product-type-simple"},"yoast_head":"<!-- This site is optimized with the Yoast SEO Premium plugin v27.5 (Yoast SEO v27.6) - https:\/\/yoast.com\/product\/yoast-seo-premium-wordpress\/ -->\n<title>Glow in the Dark Celestial Nail stickers | Like Ink<\/title>\n<meta name=\"description\" content=\"Glow in the dark-Nail stickers fra Like Ink med sol, m\u00e5ne og stjerner. Sjovt, nemt at p\u00e5f\u00f8re og perfekt til natlig Nail art. - Like ink\" \/>\n<meta name=\"robots\" content=\"index, follow, max-snippet:-1, max-image-preview:large, max-video-preview:-1\" \/>\n<link rel=\"canonical\" href=\"https:\/\/likeink.com\/da\/midlertidige-tatoveringer\/glow-in-the-dark-celestial-nail-stickers\/\" \/>\n<meta property=\"og:locale\" content=\"da_DK\" \/>\n<meta property=\"og:type\" content=\"article\" \/>\n<meta property=\"og:title\" content=\"Glow in the Dark Celestial Nail stickers\" \/>\n<meta property=\"og:description\" content=\"Like Ink Nail tattoos \u2013 Glow in the Dark-Nail stickers Bestil glow in the dark-Nail stickers med himmelske designs! F\u00e5 din manicure til at lyse med Like Ink Glow in the Dark Celestial Nail stickers . Dette ark har charmerende sol-, m\u00e5ne- og stjernedesign, der lyser blidt i m\u00f8rket og skaber en legende og magisk Nail art effekt, n\u00e5r lyset slukkes. Med motivst\u00f8rrelser fra ca. 5 til 8 mm er disse Nail stickers perfekte til subtile accenter s\u00e5vel som fulde negledesign med himmelsk tema. Om dagen ser de rene og stilfulde ud, og om natten forvandles de til lysende detaljer, der tilf\u00f8jer en uventet twist. Ideel til festivaler, fester, aftenarrangementer eller alle, der elsker sjove Nail art med en kosmisk stemning. Disse Nail stickers er nemme at p\u00e5f\u00f8re og behagelige at have p\u00e5 og holder sig p\u00e5 plads i flere dage uden at smitte af eller skalle af. Ingen rod, ingen t\u00f8rretid og ingen salonbes\u00f8g n\u00f8dvendigt \u2013 bare lysende Nail art p\u00e5 f\u00e5 minutter. S\u00e5dan p\u00e5f\u00f8res Nail stickers Reng\u00f8r og t\u00f8r neglen V\u00e6lg et klisterm\u00e6rke fra arket og l\u00f8ft det forsigtigt op med en pincet Placer designet p\u00e5 neglen og tryk forsigtigt P\u00e5f\u00f8r et topcoat for ekstra holdbarhed F\u00e6rdig! Produktinformation  Arkst\u00f8rrelse: 7 \u00d7 10 cm Effekt: Lyser i m\u00f8rke Motiver: Soler, m\u00e5ner, stjerner Motivst\u00f8rrelse: ca. 5\u20138 mm PS: K\u00f8b 6 ark og betal for 5 med rabatkoden INKNAILS \ud83c\udf1f\ud83d\udc85\" \/>\n<meta property=\"og:url\" content=\"https:\/\/likeink.com\/da\/midlertidige-tatoveringer\/glow-in-the-dark-celestial-nail-stickers\/\" \/>\n<meta property=\"og:site_name\" content=\"Like ink\" \/>\n<meta property=\"article:publisher\" content=\"https:\/\/www.facebook.com\/LikeInkSe\" \/>\n<meta property=\"article:modified_time\" content=\"2026-02-25T09:52:06+00:00\" \/>\n<meta property=\"og:image\" content=\"https:\/\/likeink.com\/wp-content\/uploads\/2026\/02\/nailstickers-glowinthedark-sun.png\" \/>\n\t<meta property=\"og:image:width\" content=\"1024\" \/>\n\t<meta property=\"og:image:height\" content=\"1024\" \/>\n\t<meta property=\"og:image:type\" content=\"image\/png\" \/>\n<meta name=\"twitter:card\" content=\"summary_large_image\" \/>\n<!-- \/ Yoast SEO Premium plugin. -->","yoast_head_json":{"title":"Glow in the Dark Celestial Nail stickers | Like Ink","description":"Glow in the dark-Nail stickers fra Like Ink med sol, m\u00e5ne og stjerner. Sjovt, nemt at p\u00e5f\u00f8re og perfekt til natlig Nail art. - Like ink","robots":{"index":"index","follow":"follow","max-snippet":"max-snippet:-1","max-image-preview":"max-image-preview:large","max-video-preview":"max-video-preview:-1"},"canonical":"https:\/\/likeink.com\/da\/midlertidige-tatoveringer\/glow-in-the-dark-celestial-nail-stickers\/","og_locale":"da_DK","og_type":"article","og_title":"Glow in the Dark Celestial Nail stickers","og_description":"Like Ink Nail tattoos \u2013 Glow in the Dark-Nail stickers Bestil glow in the dark-Nail stickers med himmelske designs! F\u00e5 din manicure til at lyse med Like Ink Glow in the Dark Celestial Nail stickers . Dette ark har charmerende sol-, m\u00e5ne- og stjernedesign, der lyser blidt i m\u00f8rket og skaber en legende og magisk Nail art effekt, n\u00e5r lyset slukkes. Med motivst\u00f8rrelser fra ca. 5 til 8 mm er disse Nail stickers perfekte til subtile accenter s\u00e5vel som fulde negledesign med himmelsk tema. Om dagen ser de rene og stilfulde ud, og om natten forvandles de til lysende detaljer, der tilf\u00f8jer en uventet twist. Ideel til festivaler, fester, aftenarrangementer eller alle, der elsker sjove Nail art med en kosmisk stemning. Disse Nail stickers er nemme at p\u00e5f\u00f8re og behagelige at have p\u00e5 og holder sig p\u00e5 plads i flere dage uden at smitte af eller skalle af. Ingen rod, ingen t\u00f8rretid og ingen salonbes\u00f8g n\u00f8dvendigt \u2013 bare lysende Nail art p\u00e5 f\u00e5 minutter. S\u00e5dan p\u00e5f\u00f8res Nail stickers Reng\u00f8r og t\u00f8r neglen V\u00e6lg et klisterm\u00e6rke fra arket og l\u00f8ft det forsigtigt op med en pincet Placer designet p\u00e5 neglen og tryk forsigtigt P\u00e5f\u00f8r et topcoat for ekstra holdbarhed F\u00e6rdig! Produktinformation  Arkst\u00f8rrelse: 7 \u00d7 10 cm Effekt: Lyser i m\u00f8rke Motiver: Soler, m\u00e5ner, stjerner Motivst\u00f8rrelse: ca. 5\u20138 mm PS: K\u00f8b 6 ark og betal for 5 med rabatkoden INKNAILS \ud83c\udf1f\ud83d\udc85","og_url":"https:\/\/likeink.com\/da\/midlertidige-tatoveringer\/glow-in-the-dark-celestial-nail-stickers\/","og_site_name":"Like ink","article_publisher":"https:\/\/www.facebook.com\/LikeInkSe","article_modified_time":"2026-02-25T09:52:06+00:00","og_image":[{"width":1024,"height":1024,"url":"https:\/\/likeink.com\/wp-content\/uploads\/2026\/02\/nailstickers-glowinthedark-sun.png","type":"image\/png"}],"twitter_card":"summary_large_image","schema":{"@context":"https:\/\/schema.org","@graph":[{"@type":"WebPage","@id":"https:\/\/likeink.com\/da\/midlertidige-tatoveringer\/glow-in-the-dark-celestial-nail-stickers\/","url":"https:\/\/likeink.com\/da\/midlertidige-tatoveringer\/glow-in-the-dark-celestial-nail-stickers\/","name":"Glow in the Dark Celestial Nail stickers | Like Ink","isPartOf":{"@id":"https:\/\/likeink.com\/da\/#website"},"primaryImageOfPage":{"@id":"https:\/\/likeink.com\/da\/midlertidige-tatoveringer\/glow-in-the-dark-celestial-nail-stickers\/#primaryimage"},"image":{"@id":"https:\/\/likeink.com\/da\/midlertidige-tatoveringer\/glow-in-the-dark-celestial-nail-stickers\/#primaryimage"},"thumbnailUrl":"https:\/\/likeink.com\/wp-content\/uploads\/2026\/02\/nailstickers-glowinthedark-sun.png","datePublished":"2026-02-02T10:20:29+00:00","dateModified":"2026-02-25T09:52:06+00:00","description":"Glow in the dark-Nail stickers fra Like Ink med sol, m\u00e5ne og stjerner. Sjovt, nemt at p\u00e5f\u00f8re og perfekt til natlig Nail art. - Like ink","breadcrumb":{"@id":"https:\/\/likeink.com\/da\/midlertidige-tatoveringer\/glow-in-the-dark-celestial-nail-stickers\/#breadcrumb"},"inLanguage":"da-DK","potentialAction":[{"@type":"ReadAction","target":["https:\/\/likeink.com\/da\/midlertidige-tatoveringer\/glow-in-the-dark-celestial-nail-stickers\/"]}]},{"@type":"ImageObject","inLanguage":"da-DK","@id":"https:\/\/likeink.com\/da\/midlertidige-tatoveringer\/glow-in-the-dark-celestial-nail-stickers\/#primaryimage","url":"https:\/\/likeink.com\/wp-content\/uploads\/2026\/02\/nailstickers-glowinthedark-sun.png","contentUrl":"https:\/\/likeink.com\/wp-content\/uploads\/2026\/02\/nailstickers-glowinthedark-sun.png","width":1024,"height":1024,"caption":"Et n\u00e6rbillede af fire fingernegle med lysende neongr\u00f8nne motiver: en stjerne, en smilende sol, en halvm\u00e5ne og endnu en stjerne p\u00e5 en farverig, ufokuseret baggrund med pink og lilla lys."},{"@type":"BreadcrumbList","@id":"https:\/\/likeink.com\/da\/midlertidige-tatoveringer\/glow-in-the-dark-celestial-nail-stickers\/#breadcrumb","itemListElement":[{"@type":"ListItem","position":1,"name":"Hem","item":"https:\/\/likeink.com\/da\/"},{"@type":"ListItem","position":2,"name":"Shop","item":"https:\/\/likeink.com\/da\/shop\/"},{"@type":"ListItem","position":3,"name":"Glow in the Dark Celestial Nail stickers"}]},{"@type":"WebSite","@id":"https:\/\/likeink.com\/da\/#website","url":"https:\/\/likeink.com\/da\/","name":"Like ink","description":"Make your own custom design","potentialAction":[{"@type":"SearchAction","target":{"@type":"EntryPoint","urlTemplate":"https:\/\/likeink.com\/da\/?s={search_term_string}"},"query-input":{"@type":"PropertyValueSpecification","valueRequired":true,"valueName":"search_term_string"}}],"inLanguage":"da-DK"}]}},"_links":{"self":[{"href":"https:\/\/likeink.com\/da\/wp-json\/wp\/v2\/product\/57390","targetHints":{"allow":["GET"]}}],"collection":[{"href":"https:\/\/likeink.com\/da\/wp-json\/wp\/v2\/product"}],"about":[{"href":"https:\/\/likeink.com\/da\/wp-json\/wp\/v2\/types\/product"}],"wp:featuredmedia":[{"embeddable":true,"href":"https:\/\/likeink.com\/da\/wp-json\/wp\/v2\/media\/59408"}],"wp:attachment":[{"href":"https:\/\/likeink.com\/da\/wp-json\/wp\/v2\/media?parent=57390"}],"wp:term":[{"taxonomy":"product_brand","embeddable":true,"href":"https:\/\/likeink.com\/da\/wp-json\/wp\/v2\/product_brand?post=57390"},{"taxonomy":"product_cat","embeddable":true,"href":"https:\/\/likeink.com\/da\/wp-json\/wp\/v2\/product_cat?post=57390"},{"taxonomy":"product_tag","embeddable":true,"href":"https:\/\/likeink.com\/da\/wp-json\/wp\/v2\/product_tag?post=57390"}],"curies":[{"name":"wp","href":"https:\/\/api.w.org\/{rel}","templated":true}]}}