{"id":57394,"date":"2026-01-27T10:07:52","date_gmt":"2026-02-02T10:20:33","guid":{"rendered":"https:\/\/likeink.com\/gnuggisar\/white-halloween-nail-stickers\/"},"modified":"2026-02-25T09:52:09","modified_gmt":"2026-02-25T09:52:09","slug":"white-halloween-nail-stickers","status":"publish","type":"product","link":"https:\/\/likeink.com\/da\/midlertidige-tatoveringer\/white-halloween-nail-stickers\/","title":{"rendered":"Hvid Halloween-Nail stickers"},"content":{"rendered":"","protected":false},"excerpt":{"rendered":"<p>Like Ink<br \/>\nNail tattoos<br \/>\n\u2013 Hvide Halloween-Nail stickers<\/p>\n<h2>Bestil Nail stickers med klassiske hvide Halloween-designs!<\/h2>\n<p>Skab en ren, men alligevel uhyggelig manicure med Like Ink<br \/>\nHvide Halloween-Nail stickers<br \/>\n. Dette ark indeholder klare hvide designs med ikoniske Halloween-motiver s\u00e5som skeletth\u00e6nder, gr\u00e6skar, knogler og flagermus.<\/p>\n<p>Med motivst\u00f8rrelser fra ca. 6 mm til 2 cm i h\u00f8jden er disse Nail stickers<br \/>\nperfekte til b\u00e5de subtile detaljer og markante negle. De hvide designs fremst\u00e5r smukt p\u00e5 m\u00f8rke, nude eller farvede negle, hvilket g\u00f8r dem ideelle til Halloween-looks med et moderne twist.<\/p>\n<p>Disse Nail stickers<br \/>\ner nemme at p\u00e5f\u00f8re og behagelige at have p\u00e5 og holder sig p\u00e5 plads i flere dage uden at smitte af eller skalle af. Ingen rod, ingen t\u00f8rretid og ingen salonbes\u00f8g n\u00f8dvendigt \u2013 bare \u00f8jeblikkelig Halloween-Nail art<br \/>\ne.<\/p>\n<p><strong>S\u00e5dan p\u00e5f\u00f8res Nail stickers <\/strong><br \/>\nReng\u00f8r og t\u00f8r neglen<\/p>\n<p>V\u00e6lg et klisterm\u00e6rke fra arket og l\u00f8ft det forsigtigt op med en pincet<\/p>\n<p>Placer motivet p\u00e5 neglen og tryk forsigtigt<\/p>\n<p>P\u00e5f\u00f8r et topcoat for ekstra holdbarhed<\/p>\n<p>F\u00e6rdig!<\/p>\n<p><strong>Produktinformation<\/strong><\/p>\n<p><strong>Arkst\u00f8rrelse:<\/strong><br \/>\n7 \u00d7 10 <strong>cm<br \/>\nFarve:<\/strong><br \/>\n<strong>Hvid<br \/>\nMotiver:<\/strong><br \/>\nSkeleth\u00e6nder, gr\u00e6skar, knogler, <strong>flagermus<br \/>\nMotivst\u00f8rrelse:<\/strong><br \/>\nca. 6 mm \u2013 2 <strong>cm<\/p>\n<p>PS:<\/strong><br \/>\nK\u00f8b 6 ark og betal for 5 med rabatkoden<strong> INKNAILS <\/strong><br \/>\n\ud83c\udf83\u2728<\/p>\n","protected":false},"featured_media":59020,"template":"","meta":[],"product_brand":[],"product_cat":[467],"product_tag":[],"class_list":{"0":"post-57394","1":"product","2":"type-product","3":"status-publish","4":"has-post-thumbnail","6":"product_cat-negleklistermaerker","8":"first","9":"instock","10":"taxable","11":"shipping-taxable","12":"purchasable","13":"product-type-simple"},"yoast_head":"<!-- This site is optimized with the Yoast SEO Premium plugin v26.2 (Yoast SEO v27.5) - https:\/\/yoast.com\/product\/yoast-seo-premium-wordpress\/ -->\n<title>White Halloween Nail stickers | Like Ink<\/title>\n<meta name=\"description\" content=\"Hvid Halloween-Nail stickers fra Like Ink med skeletth\u00e6nder, gr\u00e6skar, knogler og flagermus. Let at p\u00e5f\u00f8re og perfekt til uhyggelig Nail art. - Like ink\" \/>\n<meta name=\"robots\" content=\"index, follow, max-snippet:-1, max-image-preview:large, max-video-preview:-1\" \/>\n<link rel=\"canonical\" href=\"https:\/\/likeink.com\/da\/midlertidige-tatoveringer\/white-halloween-nail-stickers\/\" \/>\n<meta property=\"og:locale\" content=\"da_DK\" \/>\n<meta property=\"og:type\" content=\"article\" \/>\n<meta property=\"og:title\" content=\"Hvid Halloween-Nail stickers\" \/>\n<meta property=\"og:description\" content=\"Like Ink Nail tattoos \u2013 Hvide Halloween-Nail stickers Bestil Nail stickers med klassiske hvide Halloween-designs! Skab en ren, men alligevel uhyggelig manicure med Like Ink Hvide Halloween-Nail stickers . Dette ark indeholder klare hvide designs med ikoniske Halloween-motiver s\u00e5som skeletth\u00e6nder, gr\u00e6skar, knogler og flagermus. Med motivst\u00f8rrelser fra ca. 6 mm til 2 cm i h\u00f8jden er disse Nail stickers perfekte til b\u00e5de subtile detaljer og markante negle. De hvide designs fremst\u00e5r smukt p\u00e5 m\u00f8rke, nude eller farvede negle, hvilket g\u00f8r dem ideelle til Halloween-looks med et moderne twist. Disse Nail stickers er nemme at p\u00e5f\u00f8re og behagelige at have p\u00e5 og holder sig p\u00e5 plads i flere dage uden at smitte af eller skalle af. Ingen rod, ingen t\u00f8rretid og ingen salonbes\u00f8g n\u00f8dvendigt \u2013 bare \u00f8jeblikkelig Halloween-Nail art e. S\u00e5dan p\u00e5f\u00f8res Nail stickers Reng\u00f8r og t\u00f8r neglen V\u00e6lg et klisterm\u00e6rke fra arket og l\u00f8ft det forsigtigt op med en pincet Placer motivet p\u00e5 neglen og tryk forsigtigt P\u00e5f\u00f8r et topcoat for ekstra holdbarhed F\u00e6rdig! Produktinformation  Arkst\u00f8rrelse: 7 \u00d7 10 cm Farve: Hvid Motiver: Skeleth\u00e6nder, gr\u00e6skar, knogler, flagermus Motivst\u00f8rrelse: ca. 6 mm \u2013 2 cm PS: K\u00f8b 6 ark og betal for 5 med rabatkoden INKNAILS \ud83c\udf83\u2728\" \/>\n<meta property=\"og:url\" content=\"https:\/\/likeink.com\/da\/midlertidige-tatoveringer\/white-halloween-nail-stickers\/\" \/>\n<meta property=\"og:site_name\" content=\"Like ink\" \/>\n<meta property=\"article:publisher\" content=\"https:\/\/www.facebook.com\/LikeInkSe\" \/>\n<meta property=\"article:modified_time\" content=\"2026-02-25T09:52:09+00:00\" \/>\n<meta property=\"og:image\" content=\"https:\/\/likeink.com\/wp-content\/uploads\/2026\/02\/Halloween-nailstickers-best-likeink.png\" \/>\n\t<meta property=\"og:image:width\" content=\"1024\" \/>\n\t<meta property=\"og:image:height\" content=\"1024\" \/>\n\t<meta property=\"og:image:type\" content=\"image\/png\" \/>\n<meta name=\"twitter:card\" content=\"summary_large_image\" \/>\n<!-- \/ Yoast SEO Premium plugin. -->","yoast_head_json":{"title":"White Halloween Nail stickers | Like Ink","description":"Hvid Halloween-Nail stickers fra Like Ink med skeletth\u00e6nder, gr\u00e6skar, knogler og flagermus. Let at p\u00e5f\u00f8re og perfekt til uhyggelig Nail art. - Like ink","robots":{"index":"index","follow":"follow","max-snippet":"max-snippet:-1","max-image-preview":"max-image-preview:large","max-video-preview":"max-video-preview:-1"},"canonical":"https:\/\/likeink.com\/da\/midlertidige-tatoveringer\/white-halloween-nail-stickers\/","og_locale":"da_DK","og_type":"article","og_title":"Hvid Halloween-Nail stickers","og_description":"Like Ink Nail tattoos \u2013 Hvide Halloween-Nail stickers Bestil Nail stickers med klassiske hvide Halloween-designs! Skab en ren, men alligevel uhyggelig manicure med Like Ink Hvide Halloween-Nail stickers . Dette ark indeholder klare hvide designs med ikoniske Halloween-motiver s\u00e5som skeletth\u00e6nder, gr\u00e6skar, knogler og flagermus. Med motivst\u00f8rrelser fra ca. 6 mm til 2 cm i h\u00f8jden er disse Nail stickers perfekte til b\u00e5de subtile detaljer og markante negle. De hvide designs fremst\u00e5r smukt p\u00e5 m\u00f8rke, nude eller farvede negle, hvilket g\u00f8r dem ideelle til Halloween-looks med et moderne twist. Disse Nail stickers er nemme at p\u00e5f\u00f8re og behagelige at have p\u00e5 og holder sig p\u00e5 plads i flere dage uden at smitte af eller skalle af. Ingen rod, ingen t\u00f8rretid og ingen salonbes\u00f8g n\u00f8dvendigt \u2013 bare \u00f8jeblikkelig Halloween-Nail art e. S\u00e5dan p\u00e5f\u00f8res Nail stickers Reng\u00f8r og t\u00f8r neglen V\u00e6lg et klisterm\u00e6rke fra arket og l\u00f8ft det forsigtigt op med en pincet Placer motivet p\u00e5 neglen og tryk forsigtigt P\u00e5f\u00f8r et topcoat for ekstra holdbarhed F\u00e6rdig! Produktinformation  Arkst\u00f8rrelse: 7 \u00d7 10 cm Farve: Hvid Motiver: Skeleth\u00e6nder, gr\u00e6skar, knogler, flagermus Motivst\u00f8rrelse: ca. 6 mm \u2013 2 cm PS: K\u00f8b 6 ark og betal for 5 med rabatkoden INKNAILS \ud83c\udf83\u2728","og_url":"https:\/\/likeink.com\/da\/midlertidige-tatoveringer\/white-halloween-nail-stickers\/","og_site_name":"Like ink","article_publisher":"https:\/\/www.facebook.com\/LikeInkSe","article_modified_time":"2026-02-25T09:52:09+00:00","og_image":[{"width":1024,"height":1024,"url":"https:\/\/likeink.com\/wp-content\/uploads\/2026\/02\/Halloween-nailstickers-best-likeink.png","type":"image\/png"}],"twitter_card":"summary_large_image","schema":{"@context":"https:\/\/schema.org","@graph":[{"@type":"WebPage","@id":"https:\/\/likeink.com\/da\/midlertidige-tatoveringer\/white-halloween-nail-stickers\/","url":"https:\/\/likeink.com\/da\/midlertidige-tatoveringer\/white-halloween-nail-stickers\/","name":"White Halloween Nail stickers | Like Ink","isPartOf":{"@id":"https:\/\/likeink.com\/da\/#website"},"primaryImageOfPage":{"@id":"https:\/\/likeink.com\/da\/midlertidige-tatoveringer\/white-halloween-nail-stickers\/#primaryimage"},"image":{"@id":"https:\/\/likeink.com\/da\/midlertidige-tatoveringer\/white-halloween-nail-stickers\/#primaryimage"},"thumbnailUrl":"https:\/\/likeink.com\/wp-content\/uploads\/2026\/02\/Halloween-nailstickers-best-likeink.png","datePublished":"2026-02-02T10:20:33+00:00","dateModified":"2026-02-25T09:52:09+00:00","description":"Hvid Halloween-Nail stickers fra Like Ink med skeletth\u00e6nder, gr\u00e6skar, knogler og flagermus. Let at p\u00e5f\u00f8re og perfekt til uhyggelig Nail art. - Like ink","breadcrumb":{"@id":"https:\/\/likeink.com\/da\/midlertidige-tatoveringer\/white-halloween-nail-stickers\/#breadcrumb"},"inLanguage":"da-DK","potentialAction":[{"@type":"ReadAction","target":["https:\/\/likeink.com\/da\/midlertidige-tatoveringer\/white-halloween-nail-stickers\/"]}]},{"@type":"ImageObject","inLanguage":"da-DK","@id":"https:\/\/likeink.com\/da\/midlertidige-tatoveringer\/white-halloween-nail-stickers\/#primaryimage","url":"https:\/\/likeink.com\/wp-content\/uploads\/2026\/02\/Halloween-nailstickers-best-likeink.png","contentUrl":"https:\/\/likeink.com\/wp-content\/uploads\/2026\/02\/Halloween-nailstickers-best-likeink.png","width":1024,"height":1024,"caption":"Fire fingre med lange, blanke, sorte negle med hvide Halloween-designs: to negle viser h\u00e5ndaftryk af skeletter, og to viser uhyggelige, grinende gr\u00e6skaransigter."},{"@type":"BreadcrumbList","@id":"https:\/\/likeink.com\/da\/midlertidige-tatoveringer\/white-halloween-nail-stickers\/#breadcrumb","itemListElement":[{"@type":"ListItem","position":1,"name":"Hem","item":"https:\/\/likeink.com\/da\/"},{"@type":"ListItem","position":2,"name":"Shop","item":"https:\/\/likeink.com\/da\/shop\/"},{"@type":"ListItem","position":3,"name":"Hvid Halloween-Nail stickers"}]},{"@type":"WebSite","@id":"https:\/\/likeink.com\/da\/#website","url":"https:\/\/likeink.com\/da\/","name":"Like ink","description":"Make your own custom design","potentialAction":[{"@type":"SearchAction","target":{"@type":"EntryPoint","urlTemplate":"https:\/\/likeink.com\/da\/?s={search_term_string}"},"query-input":{"@type":"PropertyValueSpecification","valueRequired":true,"valueName":"search_term_string"}}],"inLanguage":"da-DK"}]}},"_links":{"self":[{"href":"https:\/\/likeink.com\/da\/wp-json\/wp\/v2\/product\/57394","targetHints":{"allow":["GET"]}}],"collection":[{"href":"https:\/\/likeink.com\/da\/wp-json\/wp\/v2\/product"}],"about":[{"href":"https:\/\/likeink.com\/da\/wp-json\/wp\/v2\/types\/product"}],"wp:featuredmedia":[{"embeddable":true,"href":"https:\/\/likeink.com\/da\/wp-json\/wp\/v2\/media\/59020"}],"wp:attachment":[{"href":"https:\/\/likeink.com\/da\/wp-json\/wp\/v2\/media?parent=57394"}],"wp:term":[{"taxonomy":"product_brand","embeddable":true,"href":"https:\/\/likeink.com\/da\/wp-json\/wp\/v2\/product_brand?post=57394"},{"taxonomy":"product_cat","embeddable":true,"href":"https:\/\/likeink.com\/da\/wp-json\/wp\/v2\/product_cat?post=57394"},{"taxonomy":"product_tag","embeddable":true,"href":"https:\/\/likeink.com\/da\/wp-json\/wp\/v2\/product_tag?post=57394"}],"curies":[{"name":"wp","href":"https:\/\/api.w.org\/{rel}","templated":true}]}}