{"id":57396,"date":"2026-01-27T09:47:51","date_gmt":"2026-02-02T10:20:35","guid":{"rendered":"https:\/\/likeink.com\/gnuggisar\/brown-leopard-star-cross-nail-stickers\/"},"modified":"2026-02-25T09:52:11","modified_gmt":"2026-02-25T09:52:11","slug":"brown-leopard-star-cross-nail-stickers","status":"publish","type":"product","link":"https:\/\/likeink.com\/da\/midlertidige-tatoveringer\/brown-leopard-star-cross-nail-stickers\/","title":{"rendered":"Brun leopardstjerne og kors Nail stickers"},"content":{"rendered":"","protected":false},"excerpt":{"rendered":"<p>Like Ink<br \/>\nNail tattoos<br \/>\n\u2013 Leopard Star &#038; Cross-Nail stickers<\/p>\n<h2>Bestil Nail stickers med dristige stjernedesigns i leopardm\u00f8nster!<\/h2>\n<p>Giv din manicure attitude og tekstur med Like Ink<br \/>\nLeopard Star &#038; Cross-Nail stickers<br \/>\n. Dette ark har brune stjerner og kors i leopardm\u00f8nster kombineret med minimalistiske prikkede detaljer, hvilket skaber et look, der er b\u00e5de dristigt og stilfuldt.<\/p>\n<p>Stjerne- og korsmotiverne varierer fra ca. 6 til 15 mm, hvilket g\u00f8r dem perfekte til statement-negle eller st\u00e6rke accentdesign. De mindre 3 mm prikker er ideelle til subtile detaljer, afstand eller lagdelte Nail art<br \/>\n-kompositioner.<\/p>\n<p>Perfekt til rockinspirerede looks, elskere af dyreprint og alle, der nyder at blande kantede symboler med klassiske m\u00f8nstre. Disse Nail stickers<br \/>\ner nemme at p\u00e5f\u00f8re og behagelige at have p\u00e5 og holder sig p\u00e5 plads i flere dage uden at smitte af eller skalle af.<\/p>\n<p>Ingen rod, ingen t\u00f8rretid og ingen salonbes\u00f8g n\u00f8dvendigt \u2013 bare nem Nail art<br \/>\nmed karakter.<\/p>\n<p><strong>S\u00e5dan p\u00e5f\u00f8res Nail stickers <\/strong><br \/>\nReng\u00f8r og t\u00f8r neglen.<\/p>\n<p>V\u00e6lg et klisterm\u00e6rke fra arket og l\u00f8ft det forsigtigt op med en pincet.<\/p>\n<p>Placer designet p\u00e5 neglen og tryk forsigtigt.<\/p>\n<p>P\u00e5f\u00f8r en topcoat for ekstra holdbarhed.<\/p>\n<p>F\u00e6rdig!<\/p>\n<p><strong>Produktinformation<\/strong><\/p>\n<p><strong>Arkst\u00f8rrelse:<\/strong><br \/>\n7 \u00d7 10 <strong>cm<br \/>\nFarver:<\/strong><br \/>\nBrun (leopardm\u00f8nster)<br \/>\n<strong>Motiver:<\/strong><br \/>\nStjerner, krydser, <strong>prikker<br \/>\nMotivst\u00f8rrelse:<\/strong><br \/>\n\u2013 Stjerner og krydser: ca. 6\u201315 mm<br \/>\n\u2013 Prikker: ca. 3 mm<\/p>\n<p><strong>PS:<\/strong><br \/>\nK\u00f8b 6 ark og betal for 5 med rabatkoden<strong> INKNAILS <\/strong><br \/>\n\ud83e\udd0e\u2728<\/p>\n","protected":false},"featured_media":59525,"template":"","meta":[],"product_brand":[],"product_cat":[467],"product_tag":[],"class_list":{"0":"post-57396","1":"product","2":"type-product","3":"status-publish","4":"has-post-thumbnail","6":"product_cat-negleklistermaerker","8":"first","9":"instock","10":"taxable","11":"shipping-taxable","12":"purchasable","13":"product-type-simple"},"yoast_head":"<!-- This site is optimized with the Yoast SEO Premium plugin v26.2 (Yoast SEO v27.4) - https:\/\/yoast.com\/product\/yoast-seo-premium-wordpress\/ -->\n<title>Brown Leopard Star &amp; Cross Nail stickers | Like Ink<\/title>\n<meta name=\"description\" content=\"Brun leopardm\u00f8nstret Nail stickers fra Like Ink med stjerner, krydser og prikker. Modige, stilfulde designs i forskellige st\u00f8rrelser. - Like ink\" \/>\n<meta name=\"robots\" content=\"index, follow, max-snippet:-1, max-image-preview:large, max-video-preview:-1\" \/>\n<link rel=\"canonical\" href=\"https:\/\/likeink.com\/da\/midlertidige-tatoveringer\/brown-leopard-star-cross-nail-stickers\/\" \/>\n<meta property=\"og:locale\" content=\"da_DK\" \/>\n<meta property=\"og:type\" content=\"article\" \/>\n<meta property=\"og:title\" content=\"Brun leopardstjerne og kors Nail stickers\" \/>\n<meta property=\"og:description\" content=\"Like Ink Nail tattoos \u2013 Leopard Star &amp; Cross-Nail stickers Bestil Nail stickers med dristige stjernedesigns i leopardm\u00f8nster! Giv din manicure attitude og tekstur med Like Ink Leopard Star &amp; Cross-Nail stickers . Dette ark har brune stjerner og kors i leopardm\u00f8nster kombineret med minimalistiske prikkede detaljer, hvilket skaber et look, der er b\u00e5de dristigt og stilfuldt. Stjerne- og korsmotiverne varierer fra ca. 6 til 15 mm, hvilket g\u00f8r dem perfekte til statement-negle eller st\u00e6rke accentdesign. De mindre 3 mm prikker er ideelle til subtile detaljer, afstand eller lagdelte Nail art -kompositioner. Perfekt til rockinspirerede looks, elskere af dyreprint og alle, der nyder at blande kantede symboler med klassiske m\u00f8nstre. Disse Nail stickers er nemme at p\u00e5f\u00f8re og behagelige at have p\u00e5 og holder sig p\u00e5 plads i flere dage uden at smitte af eller skalle af. Ingen rod, ingen t\u00f8rretid og ingen salonbes\u00f8g n\u00f8dvendigt \u2013 bare nem Nail art med karakter. S\u00e5dan p\u00e5f\u00f8res Nail stickers Reng\u00f8r og t\u00f8r neglen. V\u00e6lg et klisterm\u00e6rke fra arket og l\u00f8ft det forsigtigt op med en pincet. Placer designet p\u00e5 neglen og tryk forsigtigt. P\u00e5f\u00f8r en topcoat for ekstra holdbarhed. F\u00e6rdig! Produktinformation  Arkst\u00f8rrelse: 7 \u00d7 10 cm Farver: Brun (leopardm\u00f8nster) Motiver: Stjerner, krydser, prikker Motivst\u00f8rrelse: \u2013 Stjerner og krydser: ca. 6\u201315 mm \u2013 Prikker: ca. 3 mm PS: K\u00f8b 6 ark og betal for 5 med rabatkoden INKNAILS \ud83e\udd0e\u2728\" \/>\n<meta property=\"og:url\" content=\"https:\/\/likeink.com\/da\/midlertidige-tatoveringer\/brown-leopard-star-cross-nail-stickers\/\" \/>\n<meta property=\"og:site_name\" content=\"Like ink\" \/>\n<meta property=\"article:publisher\" content=\"https:\/\/www.facebook.com\/LikeInkSe\" \/>\n<meta property=\"article:modified_time\" content=\"2026-02-25T09:52:11+00:00\" \/>\n<meta property=\"og:image\" content=\"https:\/\/likeink.com\/wp-content\/uploads\/2026\/02\/nail-sticker-design-stars-likeink.png\" \/>\n\t<meta property=\"og:image:width\" content=\"1024\" \/>\n\t<meta property=\"og:image:height\" content=\"1024\" \/>\n\t<meta property=\"og:image:type\" content=\"image\/png\" \/>\n<meta name=\"twitter:card\" content=\"summary_large_image\" \/>\n<script type=\"application\/ld+json\" class=\"yoast-schema-graph\">{\"@context\":\"https:\\\/\\\/schema.org\",\"@graph\":[{\"@type\":\"WebPage\",\"@id\":\"https:\\\/\\\/likeink.com\\\/da\\\/midlertidige-tatoveringer\\\/brown-leopard-star-cross-nail-stickers\\\/\",\"url\":\"https:\\\/\\\/likeink.com\\\/da\\\/midlertidige-tatoveringer\\\/brown-leopard-star-cross-nail-stickers\\\/\",\"name\":\"Brown Leopard Star & Cross Nail stickers | Like Ink\",\"isPartOf\":{\"@id\":\"https:\\\/\\\/likeink.com\\\/da\\\/#website\"},\"primaryImageOfPage\":{\"@id\":\"https:\\\/\\\/likeink.com\\\/da\\\/midlertidige-tatoveringer\\\/brown-leopard-star-cross-nail-stickers\\\/#primaryimage\"},\"image\":{\"@id\":\"https:\\\/\\\/likeink.com\\\/da\\\/midlertidige-tatoveringer\\\/brown-leopard-star-cross-nail-stickers\\\/#primaryimage\"},\"thumbnailUrl\":\"https:\\\/\\\/likeink.com\\\/wp-content\\\/uploads\\\/2026\\\/02\\\/nail-sticker-design-stars-likeink.png\",\"datePublished\":\"2026-02-02T10:20:35+00:00\",\"dateModified\":\"2026-02-25T09:52:11+00:00\",\"description\":\"Brun leopardm\u00f8nstret Nail stickers fra Like Ink med stjerner, krydser og prikker. Modige, stilfulde designs i forskellige st\u00f8rrelser. - Like ink\",\"breadcrumb\":{\"@id\":\"https:\\\/\\\/likeink.com\\\/da\\\/midlertidige-tatoveringer\\\/brown-leopard-star-cross-nail-stickers\\\/#breadcrumb\"},\"inLanguage\":\"da-DK\",\"potentialAction\":[{\"@type\":\"ReadAction\",\"target\":[\"https:\\\/\\\/likeink.com\\\/da\\\/midlertidige-tatoveringer\\\/brown-leopard-star-cross-nail-stickers\\\/\"]}]},{\"@type\":\"ImageObject\",\"inLanguage\":\"da-DK\",\"@id\":\"https:\\\/\\\/likeink.com\\\/da\\\/midlertidige-tatoveringer\\\/brown-leopard-star-cross-nail-stickers\\\/#primaryimage\",\"url\":\"https:\\\/\\\/likeink.com\\\/wp-content\\\/uploads\\\/2026\\\/02\\\/nail-sticker-design-stars-likeink.png\",\"contentUrl\":\"https:\\\/\\\/likeink.com\\\/wp-content\\\/uploads\\\/2026\\\/02\\\/nail-sticker-design-stars-likeink.png\",\"width\":1024,\"height\":1024,\"caption\":\"En h\u00e5nd med gul neglelak har leopardm\u00f8nstrede sommerfugle og stjerner p\u00e5 neglene, hvilket skaber en legende og stilfuld manicure.\"},{\"@type\":\"BreadcrumbList\",\"@id\":\"https:\\\/\\\/likeink.com\\\/da\\\/midlertidige-tatoveringer\\\/brown-leopard-star-cross-nail-stickers\\\/#breadcrumb\",\"itemListElement\":[{\"@type\":\"ListItem\",\"position\":1,\"name\":\"Hem\",\"item\":\"https:\\\/\\\/likeink.com\\\/da\\\/\"},{\"@type\":\"ListItem\",\"position\":2,\"name\":\"Shop\",\"item\":\"https:\\\/\\\/likeink.com\\\/da\\\/shop\\\/\"},{\"@type\":\"ListItem\",\"position\":3,\"name\":\"Brun leopardstjerne og kors Nail stickers\"}]},{\"@type\":\"WebSite\",\"@id\":\"https:\\\/\\\/likeink.com\\\/da\\\/#website\",\"url\":\"https:\\\/\\\/likeink.com\\\/da\\\/\",\"name\":\"Like ink\",\"description\":\"Make your own custom design\",\"potentialAction\":[{\"@type\":\"SearchAction\",\"target\":{\"@type\":\"EntryPoint\",\"urlTemplate\":\"https:\\\/\\\/likeink.com\\\/da\\\/?s={search_term_string}\"},\"query-input\":{\"@type\":\"PropertyValueSpecification\",\"valueRequired\":true,\"valueName\":\"search_term_string\"}}],\"inLanguage\":\"da-DK\"}]}<\/script>\n<!-- \/ Yoast SEO Premium plugin. -->","yoast_head_json":{"title":"Brown Leopard Star & Cross Nail stickers | Like Ink","description":"Brun leopardm\u00f8nstret Nail stickers fra Like Ink med stjerner, krydser og prikker. Modige, stilfulde designs i forskellige st\u00f8rrelser. - Like ink","robots":{"index":"index","follow":"follow","max-snippet":"max-snippet:-1","max-image-preview":"max-image-preview:large","max-video-preview":"max-video-preview:-1"},"canonical":"https:\/\/likeink.com\/da\/midlertidige-tatoveringer\/brown-leopard-star-cross-nail-stickers\/","og_locale":"da_DK","og_type":"article","og_title":"Brun leopardstjerne og kors Nail stickers","og_description":"Like Ink Nail tattoos \u2013 Leopard Star & Cross-Nail stickers Bestil Nail stickers med dristige stjernedesigns i leopardm\u00f8nster! Giv din manicure attitude og tekstur med Like Ink Leopard Star & Cross-Nail stickers . Dette ark har brune stjerner og kors i leopardm\u00f8nster kombineret med minimalistiske prikkede detaljer, hvilket skaber et look, der er b\u00e5de dristigt og stilfuldt. Stjerne- og korsmotiverne varierer fra ca. 6 til 15 mm, hvilket g\u00f8r dem perfekte til statement-negle eller st\u00e6rke accentdesign. De mindre 3 mm prikker er ideelle til subtile detaljer, afstand eller lagdelte Nail art -kompositioner. Perfekt til rockinspirerede looks, elskere af dyreprint og alle, der nyder at blande kantede symboler med klassiske m\u00f8nstre. Disse Nail stickers er nemme at p\u00e5f\u00f8re og behagelige at have p\u00e5 og holder sig p\u00e5 plads i flere dage uden at smitte af eller skalle af. Ingen rod, ingen t\u00f8rretid og ingen salonbes\u00f8g n\u00f8dvendigt \u2013 bare nem Nail art med karakter. S\u00e5dan p\u00e5f\u00f8res Nail stickers Reng\u00f8r og t\u00f8r neglen. V\u00e6lg et klisterm\u00e6rke fra arket og l\u00f8ft det forsigtigt op med en pincet. Placer designet p\u00e5 neglen og tryk forsigtigt. P\u00e5f\u00f8r en topcoat for ekstra holdbarhed. F\u00e6rdig! Produktinformation  Arkst\u00f8rrelse: 7 \u00d7 10 cm Farver: Brun (leopardm\u00f8nster) Motiver: Stjerner, krydser, prikker Motivst\u00f8rrelse: \u2013 Stjerner og krydser: ca. 6\u201315 mm \u2013 Prikker: ca. 3 mm PS: K\u00f8b 6 ark og betal for 5 med rabatkoden INKNAILS \ud83e\udd0e\u2728","og_url":"https:\/\/likeink.com\/da\/midlertidige-tatoveringer\/brown-leopard-star-cross-nail-stickers\/","og_site_name":"Like ink","article_publisher":"https:\/\/www.facebook.com\/LikeInkSe","article_modified_time":"2026-02-25T09:52:11+00:00","og_image":[{"width":1024,"height":1024,"url":"https:\/\/likeink.com\/wp-content\/uploads\/2026\/02\/nail-sticker-design-stars-likeink.png","type":"image\/png"}],"twitter_card":"summary_large_image","schema":{"@context":"https:\/\/schema.org","@graph":[{"@type":"WebPage","@id":"https:\/\/likeink.com\/da\/midlertidige-tatoveringer\/brown-leopard-star-cross-nail-stickers\/","url":"https:\/\/likeink.com\/da\/midlertidige-tatoveringer\/brown-leopard-star-cross-nail-stickers\/","name":"Brown Leopard Star & Cross Nail stickers | Like Ink","isPartOf":{"@id":"https:\/\/likeink.com\/da\/#website"},"primaryImageOfPage":{"@id":"https:\/\/likeink.com\/da\/midlertidige-tatoveringer\/brown-leopard-star-cross-nail-stickers\/#primaryimage"},"image":{"@id":"https:\/\/likeink.com\/da\/midlertidige-tatoveringer\/brown-leopard-star-cross-nail-stickers\/#primaryimage"},"thumbnailUrl":"https:\/\/likeink.com\/wp-content\/uploads\/2026\/02\/nail-sticker-design-stars-likeink.png","datePublished":"2026-02-02T10:20:35+00:00","dateModified":"2026-02-25T09:52:11+00:00","description":"Brun leopardm\u00f8nstret Nail stickers fra Like Ink med stjerner, krydser og prikker. Modige, stilfulde designs i forskellige st\u00f8rrelser. - Like ink","breadcrumb":{"@id":"https:\/\/likeink.com\/da\/midlertidige-tatoveringer\/brown-leopard-star-cross-nail-stickers\/#breadcrumb"},"inLanguage":"da-DK","potentialAction":[{"@type":"ReadAction","target":["https:\/\/likeink.com\/da\/midlertidige-tatoveringer\/brown-leopard-star-cross-nail-stickers\/"]}]},{"@type":"ImageObject","inLanguage":"da-DK","@id":"https:\/\/likeink.com\/da\/midlertidige-tatoveringer\/brown-leopard-star-cross-nail-stickers\/#primaryimage","url":"https:\/\/likeink.com\/wp-content\/uploads\/2026\/02\/nail-sticker-design-stars-likeink.png","contentUrl":"https:\/\/likeink.com\/wp-content\/uploads\/2026\/02\/nail-sticker-design-stars-likeink.png","width":1024,"height":1024,"caption":"En h\u00e5nd med gul neglelak har leopardm\u00f8nstrede sommerfugle og stjerner p\u00e5 neglene, hvilket skaber en legende og stilfuld manicure."},{"@type":"BreadcrumbList","@id":"https:\/\/likeink.com\/da\/midlertidige-tatoveringer\/brown-leopard-star-cross-nail-stickers\/#breadcrumb","itemListElement":[{"@type":"ListItem","position":1,"name":"Hem","item":"https:\/\/likeink.com\/da\/"},{"@type":"ListItem","position":2,"name":"Shop","item":"https:\/\/likeink.com\/da\/shop\/"},{"@type":"ListItem","position":3,"name":"Brun leopardstjerne og kors Nail stickers"}]},{"@type":"WebSite","@id":"https:\/\/likeink.com\/da\/#website","url":"https:\/\/likeink.com\/da\/","name":"Like ink","description":"Make your own custom design","potentialAction":[{"@type":"SearchAction","target":{"@type":"EntryPoint","urlTemplate":"https:\/\/likeink.com\/da\/?s={search_term_string}"},"query-input":{"@type":"PropertyValueSpecification","valueRequired":true,"valueName":"search_term_string"}}],"inLanguage":"da-DK"}]}},"_links":{"self":[{"href":"https:\/\/likeink.com\/da\/wp-json\/wp\/v2\/product\/57396","targetHints":{"allow":["GET"]}}],"collection":[{"href":"https:\/\/likeink.com\/da\/wp-json\/wp\/v2\/product"}],"about":[{"href":"https:\/\/likeink.com\/da\/wp-json\/wp\/v2\/types\/product"}],"wp:featuredmedia":[{"embeddable":true,"href":"https:\/\/likeink.com\/da\/wp-json\/wp\/v2\/media\/59525"}],"wp:attachment":[{"href":"https:\/\/likeink.com\/da\/wp-json\/wp\/v2\/media?parent=57396"}],"wp:term":[{"taxonomy":"product_brand","embeddable":true,"href":"https:\/\/likeink.com\/da\/wp-json\/wp\/v2\/product_brand?post=57396"},{"taxonomy":"product_cat","embeddable":true,"href":"https:\/\/likeink.com\/da\/wp-json\/wp\/v2\/product_cat?post=57396"},{"taxonomy":"product_tag","embeddable":true,"href":"https:\/\/likeink.com\/da\/wp-json\/wp\/v2\/product_tag?post=57396"}],"curies":[{"name":"wp","href":"https:\/\/api.w.org\/{rel}","templated":true}]}}