{"id":57401,"date":"2026-01-26T21:43:21","date_gmt":"2026-02-02T10:20:40","guid":{"rendered":"https:\/\/likeink.com\/gnuggisar\/silver-glitter-nail-stickers\/"},"modified":"2026-02-25T09:52:16","modified_gmt":"2026-02-25T09:52:16","slug":"silver-glitter-nail-stickers","status":"publish","type":"product","link":"https:\/\/likeink.com\/da\/midlertidige-tatoveringer\/silver-glitter-nail-stickers\/","title":{"rendered":"S\u00f8lvglitter Nail stickers"},"content":{"rendered":"","protected":false},"excerpt":{"rendered":"<p>Like Ink<br \/>\nNail tattoos<br \/>\n\u2013 S\u00f8lvglitter-Nail stickers<\/p>\n<h2>Bestil s\u00f8lvglitter-Nail stickers med seje symbolske designs!<\/h2>\n<p>Skab en dristig, men elegant manicure med Like Ink<br \/>\nS\u00f8lvglitter-Nail stickers<br \/>\n. Dette ark har skinnende s\u00f8lvdesign med en blanding af fine linjesymboler og markante motiver, herunder hjerter, m\u00e5ner, en delikat fjer, en stor slange og teksten &#8220;LOVE&#8221;.<\/p>\n<p>Det i\u00f8jnefaldende slangedesign m\u00e5ler ca. 2 cm og kan deles og p\u00e5f\u00f8res p\u00e5 fire fingre, hvilket skaber et sl\u00e5ende, sammenh\u00e6ngende Nail art<br \/>\nlook. Kombineret med mindre fine linjemotiver giver dette ark dig mulighed for at blande subtile detaljer med kraftfulde statement-elementer.<\/p>\n<p>Perfekt til kantede minimalister, moderne Nail art<br \/>\nelskere og alle, der \u00f8nsker en cool, glitrende finish med symbolsk betydning. Disse Nail stickers<br \/>\ner nemme at p\u00e5f\u00f8re og behagelige at have p\u00e5 og holder sig p\u00e5 plads i flere dage uden at smitte af eller skalle af.<\/p>\n<p>Ingen rod, ingen t\u00f8rretid og ingen salonbes\u00f8g n\u00f8dvendigt \u2013 bare udtryksfulde s\u00f8lv Nail art<br \/>\ne p\u00e5 f\u00e5 minutter.<\/p>\n<p><strong>S\u00e5dan p\u00e5f\u00f8res Nail stickers <\/strong><br \/>\nReng\u00f8r og t\u00f8r neglen.<\/p>\n<p>V\u00e6lg et klisterm\u00e6rke fra arket og l\u00f8ft det forsigtigt op med en pincet.<\/p>\n<p>Placer designet p\u00e5 neglen og tryk forsigtigt.<\/p>\n<p>For slangedesignet skal du dele motivet og p\u00e5f\u00f8re det p\u00e5 fire negle.<\/p>\n<p>P\u00e5f\u00f8r en topcoat for ekstra holdbarhed og glans.<\/p>\n<p>F\u00e6rdig!<\/p>\n<p><strong>Produktinformation<\/strong><\/p>\n<p><strong>Arkst\u00f8rrelse:<\/strong><br \/>\n7 \u00d7 10 <strong>cm<br \/>\nFarve:<\/strong><br \/>\nS\u00f8lvglitter<br \/>\n<strong>Motiver:<\/strong><br \/>\nHjerte, m\u00e5ne, fine linjesymboler, fjer, slange, <strong>tekst<br \/>\nMotivst\u00f8rrelse:<\/strong><br \/>\n5 mm op til ca. 2 <strong>cm<br \/>\nS\u00e6rligt kendetegn:<\/strong><br \/>\nSlange- og tekstdesign kan deles over flere negle<\/p>\n<p><strong>PS:<\/strong><br \/>\nK\u00f8b 6 ark og betal for 5 med rabatkoden<strong> INKNAILS <\/strong><br \/>\n\u2728\ud83d\udda4<\/p>\n","protected":false},"featured_media":59358,"template":"","meta":[],"product_brand":[],"product_cat":[467],"product_tag":[],"class_list":{"0":"post-57401","1":"product","2":"type-product","3":"status-publish","4":"has-post-thumbnail","6":"product_cat-negleklistermaerker","8":"first","9":"instock","10":"taxable","11":"shipping-taxable","12":"purchasable","13":"product-type-simple"},"yoast_head":"<!-- This site is optimized with the Yoast SEO Premium plugin v26.2 (Yoast SEO v27.4) - https:\/\/yoast.com\/product\/yoast-seo-premium-wordpress\/ -->\n<title>S\u00f8lvglitter Nail stickers -symboler og slange | Like Ink<\/title>\n<meta name=\"description\" content=\"Cool s\u00f8lvglitter-Nail stickers fra Like Ink med hjerter, m\u00e5ne, fine linjesymboler, fjer, slange og LOVE-tekst. Let at p\u00e5f\u00f8re. - Like ink\" \/>\n<meta name=\"robots\" content=\"index, follow, max-snippet:-1, max-image-preview:large, max-video-preview:-1\" \/>\n<link rel=\"canonical\" href=\"https:\/\/likeink.com\/da\/midlertidige-tatoveringer\/silver-glitter-nail-stickers\/\" \/>\n<meta property=\"og:locale\" content=\"da_DK\" \/>\n<meta property=\"og:type\" content=\"article\" \/>\n<meta property=\"og:title\" content=\"S\u00f8lvglitter Nail stickers\" \/>\n<meta property=\"og:description\" content=\"Like Ink Nail tattoos \u2013 S\u00f8lvglitter-Nail stickers Bestil s\u00f8lvglitter-Nail stickers med seje symbolske designs! Skab en dristig, men elegant manicure med Like Ink S\u00f8lvglitter-Nail stickers . Dette ark har skinnende s\u00f8lvdesign med en blanding af fine linjesymboler og markante motiver, herunder hjerter, m\u00e5ner, en delikat fjer, en stor slange og teksten &quot;LOVE&quot;. Det i\u00f8jnefaldende slangedesign m\u00e5ler ca. 2 cm og kan deles og p\u00e5f\u00f8res p\u00e5 fire fingre, hvilket skaber et sl\u00e5ende, sammenh\u00e6ngende Nail art look. Kombineret med mindre fine linjemotiver giver dette ark dig mulighed for at blande subtile detaljer med kraftfulde statement-elementer. Perfekt til kantede minimalister, moderne Nail art elskere og alle, der \u00f8nsker en cool, glitrende finish med symbolsk betydning. Disse Nail stickers er nemme at p\u00e5f\u00f8re og behagelige at have p\u00e5 og holder sig p\u00e5 plads i flere dage uden at smitte af eller skalle af. Ingen rod, ingen t\u00f8rretid og ingen salonbes\u00f8g n\u00f8dvendigt \u2013 bare udtryksfulde s\u00f8lv Nail art e p\u00e5 f\u00e5 minutter. S\u00e5dan p\u00e5f\u00f8res Nail stickers Reng\u00f8r og t\u00f8r neglen. V\u00e6lg et klisterm\u00e6rke fra arket og l\u00f8ft det forsigtigt op med en pincet. Placer designet p\u00e5 neglen og tryk forsigtigt. For slangedesignet skal du dele motivet og p\u00e5f\u00f8re det p\u00e5 fire negle. P\u00e5f\u00f8r en topcoat for ekstra holdbarhed og glans. F\u00e6rdig! Produktinformation  Arkst\u00f8rrelse: 7 \u00d7 10 cm Farve: S\u00f8lvglitter Motiver: Hjerte, m\u00e5ne, fine linjesymboler, fjer, slange, tekst Motivst\u00f8rrelse: 5 mm op til ca. 2 cm S\u00e6rligt kendetegn: Slange- og tekstdesign kan deles over flere negle PS: K\u00f8b 6 ark og betal for 5 med rabatkoden INKNAILS \u2728\ud83d\udda4\" \/>\n<meta property=\"og:url\" content=\"https:\/\/likeink.com\/da\/midlertidige-tatoveringer\/silver-glitter-nail-stickers\/\" \/>\n<meta property=\"og:site_name\" content=\"Like ink\" \/>\n<meta property=\"article:publisher\" content=\"https:\/\/www.facebook.com\/LikeInkSe\" \/>\n<meta property=\"article:modified_time\" content=\"2026-02-25T09:52:16+00:00\" \/>\n<meta property=\"og:image\" content=\"https:\/\/likeink.com\/wp-content\/uploads\/2026\/02\/nail-stickers-silver-holo-likeink-683x1024.png\" \/>\n\t<meta property=\"og:image:width\" content=\"683\" \/>\n\t<meta property=\"og:image:height\" content=\"1024\" \/>\n\t<meta property=\"og:image:type\" content=\"image\/png\" \/>\n<meta name=\"twitter:card\" content=\"summary_large_image\" \/>\n<script type=\"application\/ld+json\" class=\"yoast-schema-graph\">{\"@context\":\"https:\\\/\\\/schema.org\",\"@graph\":[{\"@type\":\"WebPage\",\"@id\":\"https:\\\/\\\/likeink.com\\\/da\\\/midlertidige-tatoveringer\\\/silver-glitter-nail-stickers\\\/\",\"url\":\"https:\\\/\\\/likeink.com\\\/da\\\/midlertidige-tatoveringer\\\/silver-glitter-nail-stickers\\\/\",\"name\":\"S\u00f8lvglitter Nail stickers -symboler og slange | Like Ink\",\"isPartOf\":{\"@id\":\"https:\\\/\\\/likeink.com\\\/da\\\/#website\"},\"primaryImageOfPage\":{\"@id\":\"https:\\\/\\\/likeink.com\\\/da\\\/midlertidige-tatoveringer\\\/silver-glitter-nail-stickers\\\/#primaryimage\"},\"image\":{\"@id\":\"https:\\\/\\\/likeink.com\\\/da\\\/midlertidige-tatoveringer\\\/silver-glitter-nail-stickers\\\/#primaryimage\"},\"thumbnailUrl\":\"https:\\\/\\\/likeink.com\\\/wp-content\\\/uploads\\\/2026\\\/02\\\/nail-stickers-silver-holo-likeink.png\",\"datePublished\":\"2026-02-02T10:20:40+00:00\",\"dateModified\":\"2026-02-25T09:52:16+00:00\",\"description\":\"Cool s\u00f8lvglitter-Nail stickers fra Like Ink med hjerter, m\u00e5ne, fine linjesymboler, fjer, slange og LOVE-tekst. Let at p\u00e5f\u00f8re. - Like ink\",\"breadcrumb\":{\"@id\":\"https:\\\/\\\/likeink.com\\\/da\\\/midlertidige-tatoveringer\\\/silver-glitter-nail-stickers\\\/#breadcrumb\"},\"inLanguage\":\"da-DK\",\"potentialAction\":[{\"@type\":\"ReadAction\",\"target\":[\"https:\\\/\\\/likeink.com\\\/da\\\/midlertidige-tatoveringer\\\/silver-glitter-nail-stickers\\\/\"]}]},{\"@type\":\"ImageObject\",\"inLanguage\":\"da-DK\",\"@id\":\"https:\\\/\\\/likeink.com\\\/da\\\/midlertidige-tatoveringer\\\/silver-glitter-nail-stickers\\\/#primaryimage\",\"url\":\"https:\\\/\\\/likeink.com\\\/wp-content\\\/uploads\\\/2026\\\/02\\\/nail-stickers-silver-holo-likeink.png\",\"contentUrl\":\"https:\\\/\\\/likeink.com\\\/wp-content\\\/uploads\\\/2026\\\/02\\\/nail-stickers-silver-holo-likeink.png\",\"width\":1024,\"height\":1536,\"caption\":\"En h\u00e5nd med nudefarvede negle har neglekunst: et lyser\u00f8dt hjerte p\u00e5 pegefingeren, en s\u00f8lvslange p\u00e5 langfingeren og en s\u00f8lvhalvm\u00e5ne p\u00e5 ringfingeren, der hviler p\u00e5 sort l\u00e6der.\"},{\"@type\":\"BreadcrumbList\",\"@id\":\"https:\\\/\\\/likeink.com\\\/da\\\/midlertidige-tatoveringer\\\/silver-glitter-nail-stickers\\\/#breadcrumb\",\"itemListElement\":[{\"@type\":\"ListItem\",\"position\":1,\"name\":\"Hem\",\"item\":\"https:\\\/\\\/likeink.com\\\/da\\\/\"},{\"@type\":\"ListItem\",\"position\":2,\"name\":\"Shop\",\"item\":\"https:\\\/\\\/likeink.com\\\/da\\\/shop\\\/\"},{\"@type\":\"ListItem\",\"position\":3,\"name\":\"S\u00f8lvglitter Nail stickers\"}]},{\"@type\":\"WebSite\",\"@id\":\"https:\\\/\\\/likeink.com\\\/da\\\/#website\",\"url\":\"https:\\\/\\\/likeink.com\\\/da\\\/\",\"name\":\"Like ink\",\"description\":\"Make your own custom design\",\"potentialAction\":[{\"@type\":\"SearchAction\",\"target\":{\"@type\":\"EntryPoint\",\"urlTemplate\":\"https:\\\/\\\/likeink.com\\\/da\\\/?s={search_term_string}\"},\"query-input\":{\"@type\":\"PropertyValueSpecification\",\"valueRequired\":true,\"valueName\":\"search_term_string\"}}],\"inLanguage\":\"da-DK\"}]}<\/script>\n<!-- \/ Yoast SEO Premium plugin. -->","yoast_head_json":{"title":"S\u00f8lvglitter Nail stickers -symboler og slange | Like Ink","description":"Cool s\u00f8lvglitter-Nail stickers fra Like Ink med hjerter, m\u00e5ne, fine linjesymboler, fjer, slange og LOVE-tekst. Let at p\u00e5f\u00f8re. - Like ink","robots":{"index":"index","follow":"follow","max-snippet":"max-snippet:-1","max-image-preview":"max-image-preview:large","max-video-preview":"max-video-preview:-1"},"canonical":"https:\/\/likeink.com\/da\/midlertidige-tatoveringer\/silver-glitter-nail-stickers\/","og_locale":"da_DK","og_type":"article","og_title":"S\u00f8lvglitter Nail stickers","og_description":"Like Ink Nail tattoos \u2013 S\u00f8lvglitter-Nail stickers Bestil s\u00f8lvglitter-Nail stickers med seje symbolske designs! Skab en dristig, men elegant manicure med Like Ink S\u00f8lvglitter-Nail stickers . Dette ark har skinnende s\u00f8lvdesign med en blanding af fine linjesymboler og markante motiver, herunder hjerter, m\u00e5ner, en delikat fjer, en stor slange og teksten \"LOVE\". Det i\u00f8jnefaldende slangedesign m\u00e5ler ca. 2 cm og kan deles og p\u00e5f\u00f8res p\u00e5 fire fingre, hvilket skaber et sl\u00e5ende, sammenh\u00e6ngende Nail art look. Kombineret med mindre fine linjemotiver giver dette ark dig mulighed for at blande subtile detaljer med kraftfulde statement-elementer. Perfekt til kantede minimalister, moderne Nail art elskere og alle, der \u00f8nsker en cool, glitrende finish med symbolsk betydning. Disse Nail stickers er nemme at p\u00e5f\u00f8re og behagelige at have p\u00e5 og holder sig p\u00e5 plads i flere dage uden at smitte af eller skalle af. Ingen rod, ingen t\u00f8rretid og ingen salonbes\u00f8g n\u00f8dvendigt \u2013 bare udtryksfulde s\u00f8lv Nail art e p\u00e5 f\u00e5 minutter. S\u00e5dan p\u00e5f\u00f8res Nail stickers Reng\u00f8r og t\u00f8r neglen. V\u00e6lg et klisterm\u00e6rke fra arket og l\u00f8ft det forsigtigt op med en pincet. Placer designet p\u00e5 neglen og tryk forsigtigt. For slangedesignet skal du dele motivet og p\u00e5f\u00f8re det p\u00e5 fire negle. P\u00e5f\u00f8r en topcoat for ekstra holdbarhed og glans. F\u00e6rdig! Produktinformation  Arkst\u00f8rrelse: 7 \u00d7 10 cm Farve: S\u00f8lvglitter Motiver: Hjerte, m\u00e5ne, fine linjesymboler, fjer, slange, tekst Motivst\u00f8rrelse: 5 mm op til ca. 2 cm S\u00e6rligt kendetegn: Slange- og tekstdesign kan deles over flere negle PS: K\u00f8b 6 ark og betal for 5 med rabatkoden INKNAILS \u2728\ud83d\udda4","og_url":"https:\/\/likeink.com\/da\/midlertidige-tatoveringer\/silver-glitter-nail-stickers\/","og_site_name":"Like ink","article_publisher":"https:\/\/www.facebook.com\/LikeInkSe","article_modified_time":"2026-02-25T09:52:16+00:00","og_image":[{"width":683,"height":1024,"url":"https:\/\/likeink.com\/wp-content\/uploads\/2026\/02\/nail-stickers-silver-holo-likeink-683x1024.png","type":"image\/png"}],"twitter_card":"summary_large_image","schema":{"@context":"https:\/\/schema.org","@graph":[{"@type":"WebPage","@id":"https:\/\/likeink.com\/da\/midlertidige-tatoveringer\/silver-glitter-nail-stickers\/","url":"https:\/\/likeink.com\/da\/midlertidige-tatoveringer\/silver-glitter-nail-stickers\/","name":"S\u00f8lvglitter Nail stickers -symboler og slange | Like Ink","isPartOf":{"@id":"https:\/\/likeink.com\/da\/#website"},"primaryImageOfPage":{"@id":"https:\/\/likeink.com\/da\/midlertidige-tatoveringer\/silver-glitter-nail-stickers\/#primaryimage"},"image":{"@id":"https:\/\/likeink.com\/da\/midlertidige-tatoveringer\/silver-glitter-nail-stickers\/#primaryimage"},"thumbnailUrl":"https:\/\/likeink.com\/wp-content\/uploads\/2026\/02\/nail-stickers-silver-holo-likeink.png","datePublished":"2026-02-02T10:20:40+00:00","dateModified":"2026-02-25T09:52:16+00:00","description":"Cool s\u00f8lvglitter-Nail stickers fra Like Ink med hjerter, m\u00e5ne, fine linjesymboler, fjer, slange og LOVE-tekst. Let at p\u00e5f\u00f8re. - Like ink","breadcrumb":{"@id":"https:\/\/likeink.com\/da\/midlertidige-tatoveringer\/silver-glitter-nail-stickers\/#breadcrumb"},"inLanguage":"da-DK","potentialAction":[{"@type":"ReadAction","target":["https:\/\/likeink.com\/da\/midlertidige-tatoveringer\/silver-glitter-nail-stickers\/"]}]},{"@type":"ImageObject","inLanguage":"da-DK","@id":"https:\/\/likeink.com\/da\/midlertidige-tatoveringer\/silver-glitter-nail-stickers\/#primaryimage","url":"https:\/\/likeink.com\/wp-content\/uploads\/2026\/02\/nail-stickers-silver-holo-likeink.png","contentUrl":"https:\/\/likeink.com\/wp-content\/uploads\/2026\/02\/nail-stickers-silver-holo-likeink.png","width":1024,"height":1536,"caption":"En h\u00e5nd med nudefarvede negle har neglekunst: et lyser\u00f8dt hjerte p\u00e5 pegefingeren, en s\u00f8lvslange p\u00e5 langfingeren og en s\u00f8lvhalvm\u00e5ne p\u00e5 ringfingeren, der hviler p\u00e5 sort l\u00e6der."},{"@type":"BreadcrumbList","@id":"https:\/\/likeink.com\/da\/midlertidige-tatoveringer\/silver-glitter-nail-stickers\/#breadcrumb","itemListElement":[{"@type":"ListItem","position":1,"name":"Hem","item":"https:\/\/likeink.com\/da\/"},{"@type":"ListItem","position":2,"name":"Shop","item":"https:\/\/likeink.com\/da\/shop\/"},{"@type":"ListItem","position":3,"name":"S\u00f8lvglitter Nail stickers"}]},{"@type":"WebSite","@id":"https:\/\/likeink.com\/da\/#website","url":"https:\/\/likeink.com\/da\/","name":"Like ink","description":"Make your own custom design","potentialAction":[{"@type":"SearchAction","target":{"@type":"EntryPoint","urlTemplate":"https:\/\/likeink.com\/da\/?s={search_term_string}"},"query-input":{"@type":"PropertyValueSpecification","valueRequired":true,"valueName":"search_term_string"}}],"inLanguage":"da-DK"}]}},"_links":{"self":[{"href":"https:\/\/likeink.com\/da\/wp-json\/wp\/v2\/product\/57401","targetHints":{"allow":["GET"]}}],"collection":[{"href":"https:\/\/likeink.com\/da\/wp-json\/wp\/v2\/product"}],"about":[{"href":"https:\/\/likeink.com\/da\/wp-json\/wp\/v2\/types\/product"}],"wp:featuredmedia":[{"embeddable":true,"href":"https:\/\/likeink.com\/da\/wp-json\/wp\/v2\/media\/59358"}],"wp:attachment":[{"href":"https:\/\/likeink.com\/da\/wp-json\/wp\/v2\/media?parent=57401"}],"wp:term":[{"taxonomy":"product_brand","embeddable":true,"href":"https:\/\/likeink.com\/da\/wp-json\/wp\/v2\/product_brand?post=57401"},{"taxonomy":"product_cat","embeddable":true,"href":"https:\/\/likeink.com\/da\/wp-json\/wp\/v2\/product_cat?post=57401"},{"taxonomy":"product_tag","embeddable":true,"href":"https:\/\/likeink.com\/da\/wp-json\/wp\/v2\/product_tag?post=57401"}],"curies":[{"name":"wp","href":"https:\/\/api.w.org\/{rel}","templated":true}]}}