{"id":57403,"date":"2026-01-26T21:31:11","date_gmt":"2026-02-02T10:20:42","guid":{"rendered":"https:\/\/likeink.com\/gnuggisar\/autumn-butterfly-nail-stickers\/"},"modified":"2026-02-25T09:52:18","modified_gmt":"2026-02-25T09:52:18","slug":"autumn-butterfly-nail-stickers","status":"publish","type":"product","link":"https:\/\/likeink.com\/da\/midlertidige-tatoveringer\/autumn-butterfly-nail-stickers\/","title":{"rendered":"Efter\u00e5rssommerfugl Nail stickers"},"content":{"rendered":"","protected":false},"excerpt":{"rendered":"<p>Like Ink<br \/>\nNail tattoos<br \/>\n\u2013 Autumn Butterfly Nail stickers<\/p>\n<h2>Bestil Nail stickers med smukt illustrerede efter\u00e5rsbutterflies!<\/h2>\n<p>Skab en elegant og kunstnerisk manicure med Like Ink<br \/>\nAutumn Butterfly Nail stickers<br \/>\n. Dette ark indeholder fint illustrerede butterflies i varme efter\u00e5rsfarver som lyser\u00f8d, orange, r\u00f8d og gr\u00f8n, designet til at tilf\u00f8re dine negle bl\u00f8dhed og bev\u00e6gelse.<\/p>\n<p>Arket indeholder en blanding af st\u00f8rrelser, fra delikate 6 mm sommerfugle til st\u00f8rre, markante designs, der m\u00e5ler op til ca. 2 cm i bredden. De st\u00f8rste sommerfugle kan deles og p\u00e5f\u00f8res p\u00e5 to negle, hvilket giver mulighed for kreative, flydende designs og unikke Nail art<br \/>\nkompositioner.<\/p>\n<p>Perfekt til romantiske looks, s\u00e6sonbestemte stilarter eller alle, der s\u00e6tter pris p\u00e5 detaljerede illustrationer og naturinspirerede Nail art<br \/>\n. Disse Nail stickers<br \/>\ner nemme at p\u00e5f\u00f8re og behagelige at have p\u00e5 og holder sig p\u00e5 plads i flere dage uden at smitte af eller skalle af.<\/p>\n<p>Ingen rod, ingen t\u00f8rretid og ingen salonbes\u00f8g n\u00f8dvendigt \u2013 bare smukt detaljeret Nail art<br \/>\np\u00e5 f\u00e5 minutter.<\/p>\n<p><strong>S\u00e5dan p\u00e5f\u00f8res Nail stickers <\/strong><br \/>\nReng\u00f8r og t\u00f8r neglen.<\/p>\n<p>V\u00e6lg et klisterm\u00e6rke fra arket og l\u00f8ft det forsigtigt op med en pincet.<\/p>\n<p>Placer designet p\u00e5 neglen og tryk forsigtigt.<\/p>\n<p>For st\u00f8rre designs kan du dele motivet og p\u00e5f\u00f8re det p\u00e5 to negle.<\/p>\n<p>P\u00e5f\u00f8r en topcoat for ekstra holdbarhed.<\/p>\n<p>F\u00e6rdig!<\/p>\n<p><strong>Produktinformation<\/strong><\/p>\n<p><strong>Arkst\u00f8rrelse:<\/strong><br \/>\n7 \u00d7 10 <strong>cm<br \/>\nFarver:<\/strong><br \/>\nPink, orange, r\u00f8d og <strong>gr\u00f8n<br \/>\nMotiver:<\/strong><br \/>\nIllustrerede <strong>sommerfugle<br \/>\nMotivst\u00f8rrelse:<\/strong><br \/>\nca. 6 mm \u2013 2 <strong>cm<br \/>\nS\u00e6rligt kendetegn:<\/strong><br \/>\nStore designs kan deles over to <strong>negle<\/p>\n<p>PS:<\/strong><br \/>\nK\u00f8b 6 ark og betal for 5 med rabatkoden<strong> INKNAILS <\/strong><br \/>\n\ud83e\udd8b<\/p>\n","protected":false},"featured_media":59388,"template":"","meta":[],"product_brand":[],"product_cat":[467],"product_tag":[],"class_list":{"0":"post-57403","1":"product","2":"type-product","3":"status-publish","4":"has-post-thumbnail","6":"product_cat-negleklistermaerker","8":"first","9":"instock","10":"taxable","11":"shipping-taxable","12":"purchasable","13":"product-type-simple"},"yoast_head":"<!-- This site is optimized with the Yoast SEO Premium plugin v26.2 (Yoast SEO v27.4) - https:\/\/yoast.com\/product\/yoast-seo-premium-wordpress\/ -->\n<title>Autumn Butterfly Nail stickers | Like Ink<\/title>\n<meta name=\"description\" content=\"Smukt illustreret sommerfugle-Nail stickers e i efter\u00e5rsfarver fra Like Ink. Med sm\u00e5 og store motiver, perfekte til kreative Nail art. - Like ink\" \/>\n<meta name=\"robots\" content=\"index, follow, max-snippet:-1, max-image-preview:large, max-video-preview:-1\" \/>\n<link rel=\"canonical\" href=\"https:\/\/likeink.com\/da\/midlertidige-tatoveringer\/autumn-butterfly-nail-stickers\/\" \/>\n<meta property=\"og:locale\" content=\"da_DK\" \/>\n<meta property=\"og:type\" content=\"article\" \/>\n<meta property=\"og:title\" content=\"Efter\u00e5rssommerfugl Nail stickers\" \/>\n<meta property=\"og:description\" content=\"Like Ink Nail tattoos \u2013 Autumn Butterfly Nail stickers Bestil Nail stickers med smukt illustrerede efter\u00e5rsbutterflies! Skab en elegant og kunstnerisk manicure med Like Ink Autumn Butterfly Nail stickers . Dette ark indeholder fint illustrerede butterflies i varme efter\u00e5rsfarver som lyser\u00f8d, orange, r\u00f8d og gr\u00f8n, designet til at tilf\u00f8re dine negle bl\u00f8dhed og bev\u00e6gelse. Arket indeholder en blanding af st\u00f8rrelser, fra delikate 6 mm sommerfugle til st\u00f8rre, markante designs, der m\u00e5ler op til ca. 2 cm i bredden. De st\u00f8rste sommerfugle kan deles og p\u00e5f\u00f8res p\u00e5 to negle, hvilket giver mulighed for kreative, flydende designs og unikke Nail art kompositioner. Perfekt til romantiske looks, s\u00e6sonbestemte stilarter eller alle, der s\u00e6tter pris p\u00e5 detaljerede illustrationer og naturinspirerede Nail art . Disse Nail stickers er nemme at p\u00e5f\u00f8re og behagelige at have p\u00e5 og holder sig p\u00e5 plads i flere dage uden at smitte af eller skalle af. Ingen rod, ingen t\u00f8rretid og ingen salonbes\u00f8g n\u00f8dvendigt \u2013 bare smukt detaljeret Nail art p\u00e5 f\u00e5 minutter. S\u00e5dan p\u00e5f\u00f8res Nail stickers Reng\u00f8r og t\u00f8r neglen. V\u00e6lg et klisterm\u00e6rke fra arket og l\u00f8ft det forsigtigt op med en pincet. Placer designet p\u00e5 neglen og tryk forsigtigt. For st\u00f8rre designs kan du dele motivet og p\u00e5f\u00f8re det p\u00e5 to negle. P\u00e5f\u00f8r en topcoat for ekstra holdbarhed. F\u00e6rdig! Produktinformation  Arkst\u00f8rrelse: 7 \u00d7 10 cm Farver: Pink, orange, r\u00f8d og gr\u00f8n Motiver: Illustrerede sommerfugle Motivst\u00f8rrelse: ca. 6 mm \u2013 2 cm S\u00e6rligt kendetegn: Store designs kan deles over to negle PS: K\u00f8b 6 ark og betal for 5 med rabatkoden INKNAILS \ud83e\udd8b\" \/>\n<meta property=\"og:url\" content=\"https:\/\/likeink.com\/da\/midlertidige-tatoveringer\/autumn-butterfly-nail-stickers\/\" \/>\n<meta property=\"og:site_name\" content=\"Like ink\" \/>\n<meta property=\"article:publisher\" content=\"https:\/\/www.facebook.com\/LikeInkSe\" \/>\n<meta property=\"article:modified_time\" content=\"2026-02-25T09:52:18+00:00\" \/>\n<meta property=\"og:image\" content=\"https:\/\/likeink.com\/wp-content\/uploads\/2026\/02\/nailsticker-design-butterfly-likeink.png\" \/>\n\t<meta property=\"og:image:width\" content=\"1024\" \/>\n\t<meta property=\"og:image:height\" content=\"1024\" \/>\n\t<meta property=\"og:image:type\" content=\"image\/png\" \/>\n<meta name=\"twitter:card\" content=\"summary_large_image\" \/>\n<script type=\"application\/ld+json\" class=\"yoast-schema-graph\">{\"@context\":\"https:\\\/\\\/schema.org\",\"@graph\":[{\"@type\":\"WebPage\",\"@id\":\"https:\\\/\\\/likeink.com\\\/da\\\/midlertidige-tatoveringer\\\/autumn-butterfly-nail-stickers\\\/\",\"url\":\"https:\\\/\\\/likeink.com\\\/da\\\/midlertidige-tatoveringer\\\/autumn-butterfly-nail-stickers\\\/\",\"name\":\"Autumn Butterfly Nail stickers | Like Ink\",\"isPartOf\":{\"@id\":\"https:\\\/\\\/likeink.com\\\/da\\\/#website\"},\"primaryImageOfPage\":{\"@id\":\"https:\\\/\\\/likeink.com\\\/da\\\/midlertidige-tatoveringer\\\/autumn-butterfly-nail-stickers\\\/#primaryimage\"},\"image\":{\"@id\":\"https:\\\/\\\/likeink.com\\\/da\\\/midlertidige-tatoveringer\\\/autumn-butterfly-nail-stickers\\\/#primaryimage\"},\"thumbnailUrl\":\"https:\\\/\\\/likeink.com\\\/wp-content\\\/uploads\\\/2026\\\/02\\\/nailsticker-design-butterfly-likeink.png\",\"datePublished\":\"2026-02-02T10:20:42+00:00\",\"dateModified\":\"2026-02-25T09:52:18+00:00\",\"description\":\"Smukt illustreret sommerfugle-Nail stickers e i efter\u00e5rsfarver fra Like Ink. Med sm\u00e5 og store motiver, perfekte til kreative Nail art. - Like ink\",\"breadcrumb\":{\"@id\":\"https:\\\/\\\/likeink.com\\\/da\\\/midlertidige-tatoveringer\\\/autumn-butterfly-nail-stickers\\\/#breadcrumb\"},\"inLanguage\":\"da-DK\",\"potentialAction\":[{\"@type\":\"ReadAction\",\"target\":[\"https:\\\/\\\/likeink.com\\\/da\\\/midlertidige-tatoveringer\\\/autumn-butterfly-nail-stickers\\\/\"]}]},{\"@type\":\"ImageObject\",\"inLanguage\":\"da-DK\",\"@id\":\"https:\\\/\\\/likeink.com\\\/da\\\/midlertidige-tatoveringer\\\/autumn-butterfly-nail-stickers\\\/#primaryimage\",\"url\":\"https:\\\/\\\/likeink.com\\\/wp-content\\\/uploads\\\/2026\\\/02\\\/nailsticker-design-butterfly-likeink.png\",\"contentUrl\":\"https:\\\/\\\/likeink.com\\\/wp-content\\\/uploads\\\/2026\\\/02\\\/nailsticker-design-butterfly-likeink.png\",\"width\":1024,\"height\":1024,\"caption\":\"Et n\u00e6rbillede af en h\u00e5nd med lyser\u00f8d neglelak med farverige sommerfuglem\u00f8nstre p\u00e5 hver fingernegl. Sommerfuglene er detaljerede med levende orange, pink og gr\u00f8nne vinger.\"},{\"@type\":\"BreadcrumbList\",\"@id\":\"https:\\\/\\\/likeink.com\\\/da\\\/midlertidige-tatoveringer\\\/autumn-butterfly-nail-stickers\\\/#breadcrumb\",\"itemListElement\":[{\"@type\":\"ListItem\",\"position\":1,\"name\":\"Hem\",\"item\":\"https:\\\/\\\/likeink.com\\\/da\\\/\"},{\"@type\":\"ListItem\",\"position\":2,\"name\":\"Shop\",\"item\":\"https:\\\/\\\/likeink.com\\\/da\\\/shop\\\/\"},{\"@type\":\"ListItem\",\"position\":3,\"name\":\"Efter\u00e5rssommerfugl Nail stickers\"}]},{\"@type\":\"WebSite\",\"@id\":\"https:\\\/\\\/likeink.com\\\/da\\\/#website\",\"url\":\"https:\\\/\\\/likeink.com\\\/da\\\/\",\"name\":\"Like ink\",\"description\":\"Make your own custom design\",\"potentialAction\":[{\"@type\":\"SearchAction\",\"target\":{\"@type\":\"EntryPoint\",\"urlTemplate\":\"https:\\\/\\\/likeink.com\\\/da\\\/?s={search_term_string}\"},\"query-input\":{\"@type\":\"PropertyValueSpecification\",\"valueRequired\":true,\"valueName\":\"search_term_string\"}}],\"inLanguage\":\"da-DK\"}]}<\/script>\n<!-- \/ Yoast SEO Premium plugin. -->","yoast_head_json":{"title":"Autumn Butterfly Nail stickers | Like Ink","description":"Smukt illustreret sommerfugle-Nail stickers e i efter\u00e5rsfarver fra Like Ink. Med sm\u00e5 og store motiver, perfekte til kreative Nail art. - Like ink","robots":{"index":"index","follow":"follow","max-snippet":"max-snippet:-1","max-image-preview":"max-image-preview:large","max-video-preview":"max-video-preview:-1"},"canonical":"https:\/\/likeink.com\/da\/midlertidige-tatoveringer\/autumn-butterfly-nail-stickers\/","og_locale":"da_DK","og_type":"article","og_title":"Efter\u00e5rssommerfugl Nail stickers","og_description":"Like Ink Nail tattoos \u2013 Autumn Butterfly Nail stickers Bestil Nail stickers med smukt illustrerede efter\u00e5rsbutterflies! Skab en elegant og kunstnerisk manicure med Like Ink Autumn Butterfly Nail stickers . Dette ark indeholder fint illustrerede butterflies i varme efter\u00e5rsfarver som lyser\u00f8d, orange, r\u00f8d og gr\u00f8n, designet til at tilf\u00f8re dine negle bl\u00f8dhed og bev\u00e6gelse. Arket indeholder en blanding af st\u00f8rrelser, fra delikate 6 mm sommerfugle til st\u00f8rre, markante designs, der m\u00e5ler op til ca. 2 cm i bredden. De st\u00f8rste sommerfugle kan deles og p\u00e5f\u00f8res p\u00e5 to negle, hvilket giver mulighed for kreative, flydende designs og unikke Nail art kompositioner. Perfekt til romantiske looks, s\u00e6sonbestemte stilarter eller alle, der s\u00e6tter pris p\u00e5 detaljerede illustrationer og naturinspirerede Nail art . Disse Nail stickers er nemme at p\u00e5f\u00f8re og behagelige at have p\u00e5 og holder sig p\u00e5 plads i flere dage uden at smitte af eller skalle af. Ingen rod, ingen t\u00f8rretid og ingen salonbes\u00f8g n\u00f8dvendigt \u2013 bare smukt detaljeret Nail art p\u00e5 f\u00e5 minutter. S\u00e5dan p\u00e5f\u00f8res Nail stickers Reng\u00f8r og t\u00f8r neglen. V\u00e6lg et klisterm\u00e6rke fra arket og l\u00f8ft det forsigtigt op med en pincet. Placer designet p\u00e5 neglen og tryk forsigtigt. For st\u00f8rre designs kan du dele motivet og p\u00e5f\u00f8re det p\u00e5 to negle. P\u00e5f\u00f8r en topcoat for ekstra holdbarhed. F\u00e6rdig! Produktinformation  Arkst\u00f8rrelse: 7 \u00d7 10 cm Farver: Pink, orange, r\u00f8d og gr\u00f8n Motiver: Illustrerede sommerfugle Motivst\u00f8rrelse: ca. 6 mm \u2013 2 cm S\u00e6rligt kendetegn: Store designs kan deles over to negle PS: K\u00f8b 6 ark og betal for 5 med rabatkoden INKNAILS \ud83e\udd8b","og_url":"https:\/\/likeink.com\/da\/midlertidige-tatoveringer\/autumn-butterfly-nail-stickers\/","og_site_name":"Like ink","article_publisher":"https:\/\/www.facebook.com\/LikeInkSe","article_modified_time":"2026-02-25T09:52:18+00:00","og_image":[{"width":1024,"height":1024,"url":"https:\/\/likeink.com\/wp-content\/uploads\/2026\/02\/nailsticker-design-butterfly-likeink.png","type":"image\/png"}],"twitter_card":"summary_large_image","schema":{"@context":"https:\/\/schema.org","@graph":[{"@type":"WebPage","@id":"https:\/\/likeink.com\/da\/midlertidige-tatoveringer\/autumn-butterfly-nail-stickers\/","url":"https:\/\/likeink.com\/da\/midlertidige-tatoveringer\/autumn-butterfly-nail-stickers\/","name":"Autumn Butterfly Nail stickers | Like Ink","isPartOf":{"@id":"https:\/\/likeink.com\/da\/#website"},"primaryImageOfPage":{"@id":"https:\/\/likeink.com\/da\/midlertidige-tatoveringer\/autumn-butterfly-nail-stickers\/#primaryimage"},"image":{"@id":"https:\/\/likeink.com\/da\/midlertidige-tatoveringer\/autumn-butterfly-nail-stickers\/#primaryimage"},"thumbnailUrl":"https:\/\/likeink.com\/wp-content\/uploads\/2026\/02\/nailsticker-design-butterfly-likeink.png","datePublished":"2026-02-02T10:20:42+00:00","dateModified":"2026-02-25T09:52:18+00:00","description":"Smukt illustreret sommerfugle-Nail stickers e i efter\u00e5rsfarver fra Like Ink. Med sm\u00e5 og store motiver, perfekte til kreative Nail art. - Like ink","breadcrumb":{"@id":"https:\/\/likeink.com\/da\/midlertidige-tatoveringer\/autumn-butterfly-nail-stickers\/#breadcrumb"},"inLanguage":"da-DK","potentialAction":[{"@type":"ReadAction","target":["https:\/\/likeink.com\/da\/midlertidige-tatoveringer\/autumn-butterfly-nail-stickers\/"]}]},{"@type":"ImageObject","inLanguage":"da-DK","@id":"https:\/\/likeink.com\/da\/midlertidige-tatoveringer\/autumn-butterfly-nail-stickers\/#primaryimage","url":"https:\/\/likeink.com\/wp-content\/uploads\/2026\/02\/nailsticker-design-butterfly-likeink.png","contentUrl":"https:\/\/likeink.com\/wp-content\/uploads\/2026\/02\/nailsticker-design-butterfly-likeink.png","width":1024,"height":1024,"caption":"Et n\u00e6rbillede af en h\u00e5nd med lyser\u00f8d neglelak med farverige sommerfuglem\u00f8nstre p\u00e5 hver fingernegl. Sommerfuglene er detaljerede med levende orange, pink og gr\u00f8nne vinger."},{"@type":"BreadcrumbList","@id":"https:\/\/likeink.com\/da\/midlertidige-tatoveringer\/autumn-butterfly-nail-stickers\/#breadcrumb","itemListElement":[{"@type":"ListItem","position":1,"name":"Hem","item":"https:\/\/likeink.com\/da\/"},{"@type":"ListItem","position":2,"name":"Shop","item":"https:\/\/likeink.com\/da\/shop\/"},{"@type":"ListItem","position":3,"name":"Efter\u00e5rssommerfugl Nail stickers"}]},{"@type":"WebSite","@id":"https:\/\/likeink.com\/da\/#website","url":"https:\/\/likeink.com\/da\/","name":"Like ink","description":"Make your own custom design","potentialAction":[{"@type":"SearchAction","target":{"@type":"EntryPoint","urlTemplate":"https:\/\/likeink.com\/da\/?s={search_term_string}"},"query-input":{"@type":"PropertyValueSpecification","valueRequired":true,"valueName":"search_term_string"}}],"inLanguage":"da-DK"}]}},"_links":{"self":[{"href":"https:\/\/likeink.com\/da\/wp-json\/wp\/v2\/product\/57403","targetHints":{"allow":["GET"]}}],"collection":[{"href":"https:\/\/likeink.com\/da\/wp-json\/wp\/v2\/product"}],"about":[{"href":"https:\/\/likeink.com\/da\/wp-json\/wp\/v2\/types\/product"}],"wp:featuredmedia":[{"embeddable":true,"href":"https:\/\/likeink.com\/da\/wp-json\/wp\/v2\/media\/59388"}],"wp:attachment":[{"href":"https:\/\/likeink.com\/da\/wp-json\/wp\/v2\/media?parent=57403"}],"wp:term":[{"taxonomy":"product_brand","embeddable":true,"href":"https:\/\/likeink.com\/da\/wp-json\/wp\/v2\/product_brand?post=57403"},{"taxonomy":"product_cat","embeddable":true,"href":"https:\/\/likeink.com\/da\/wp-json\/wp\/v2\/product_cat?post=57403"},{"taxonomy":"product_tag","embeddable":true,"href":"https:\/\/likeink.com\/da\/wp-json\/wp\/v2\/product_tag?post=57403"}],"curies":[{"name":"wp","href":"https:\/\/api.w.org\/{rel}","templated":true}]}}