{"id":57406,"date":"2026-01-26T18:01:49","date_gmt":"2026-02-02T10:20:45","guid":{"rendered":"https:\/\/likeink.com\/gnuggisar\/glitter-gothic-nail-stickers\/"},"modified":"2026-02-25T09:52:21","modified_gmt":"2026-02-25T09:52:21","slug":"glitter-gothic-nail-stickers","status":"publish","type":"product","link":"https:\/\/likeink.com\/da\/midlertidige-tatoveringer\/glitter-gothic-nail-stickers\/","title":{"rendered":"Glitter Gothic Nail stickers"},"content":{"rendered":"","protected":false},"excerpt":{"rendered":"<p>Like Ink<br \/>\nNail tattoos<br \/>\n\u2013 Glitter Gothic Nail stickers<\/p>\n<h2>Bestil glitter-Nail stickers med gotiske og mystiske designs!<\/h2>\n<p>Tilf\u00f8j m\u00f8rk glamour til din manicure med Like Ink<br \/>\nGlitter Gothic Nail stickers<br \/>\n. Dette ark indeholder glitrende lyser\u00f8de, sorte og hvide designs med ikoniske motiver s\u00e5som spindelv\u00e6v, h\u00e5ndaftryk, kranier, hjerter, m\u00e5ner og sm\u00e5 stjerner.<\/p>\n<p>Med st\u00f8rrelser fra 3 mm til 15 mm er disse Nail stickers<br \/>\nperfekte til alt fra subtile detaljer til markante statement-negle. Blandingen af glitterfinish og symbolske billeder skaber et mystisk, kantet look inspireret af gotisk \u00e6stetik, rockkultur og nattens magi.<\/p>\n<p>Stickersene er nemme at p\u00e5f\u00f8re og behagelige at have p\u00e5 og holder sig p\u00e5 plads i flere dage uden at smitte af eller skalle af. Ingen rod, ingen t\u00f8rretid og ingen salonbes\u00f8g n\u00f8dvendigt \u2013 bare \u00f8jeblikkelig glitter Nail art<br \/>\ne med attitude.<\/p>\n<p><strong>S\u00e5dan p\u00e5f\u00f8res Nail stickers <\/strong><br \/>\nReng\u00f8r og t\u00f8r neglen<\/p>\n<p>V\u00e6lg et sticker fra arket og l\u00f8ft det forsigtigt op med en pincet<\/p>\n<p>Placer motivet p\u00e5 neglen og tryk forsigtigt<\/p>\n<p>P\u00e5f\u00f8r et topcoat for ekstra holdbarhed og glans<\/p>\n<p>F\u00e6rdig!<\/p>\n<p><strong>Produktinformation<\/strong><\/p>\n<p><strong>Arkst\u00f8rrelse:<\/strong><br \/>\n7 \u00d7 10 <strong>cm<br \/>\nMotivst\u00f8rrelse:<\/strong><br \/>\nca. 3\u201315 <strong>mm<br \/>\nFarver:<\/strong><br \/>\nGlitterrosa, sort og <strong>hvid<br \/>\nMotiver:<\/strong><br \/>\nEdderkoppespind, h\u00e5ndaftryk, d\u00f8dningehoved, hjerte, m\u00e5ne, stjerner<\/p>\n<p><strong>PS:<\/strong><br \/>\nK\u00f8b 6 ark og betal for 5 med rabatkoden <strong> INKNAILS <\/strong><\/p>\n","protected":false},"featured_media":59248,"template":"","meta":[],"product_brand":[],"product_cat":[467],"product_tag":[],"class_list":{"0":"post-57406","1":"product","2":"type-product","3":"status-publish","4":"has-post-thumbnail","6":"product_cat-negleklistermaerker","8":"first","9":"instock","10":"taxable","11":"shipping-taxable","12":"purchasable","13":"product-type-simple"},"yoast_head":"<!-- This site is optimized with the Yoast SEO Premium plugin v26.2 (Yoast SEO v27.4) - https:\/\/yoast.com\/product\/yoast-seo-premium-wordpress\/ -->\n<title>Glitter Gothic Nail stickers Pink Black &amp; White | Like Ink<\/title>\n<meta name=\"description\" content=\"Glitter-Nail stickers i pink, sort og hvid fra Like Ink. Med edderkoppespind, kranier, m\u00e5ner, hjerter og stjerner. Let at p\u00e5f\u00f8re og kantet. - Like ink\" \/>\n<meta name=\"robots\" content=\"index, follow, max-snippet:-1, max-image-preview:large, max-video-preview:-1\" \/>\n<link rel=\"canonical\" href=\"https:\/\/likeink.com\/da\/midlertidige-tatoveringer\/glitter-gothic-nail-stickers\/\" \/>\n<meta property=\"og:locale\" content=\"da_DK\" \/>\n<meta property=\"og:type\" content=\"article\" \/>\n<meta property=\"og:title\" content=\"Glitter Gothic Nail stickers\" \/>\n<meta property=\"og:description\" content=\"Like Ink Nail tattoos \u2013 Glitter Gothic Nail stickers Bestil glitter-Nail stickers med gotiske og mystiske designs! Tilf\u00f8j m\u00f8rk glamour til din manicure med Like Ink Glitter Gothic Nail stickers . Dette ark indeholder glitrende lyser\u00f8de, sorte og hvide designs med ikoniske motiver s\u00e5som spindelv\u00e6v, h\u00e5ndaftryk, kranier, hjerter, m\u00e5ner og sm\u00e5 stjerner. Med st\u00f8rrelser fra 3 mm til 15 mm er disse Nail stickers perfekte til alt fra subtile detaljer til markante statement-negle. Blandingen af glitterfinish og symbolske billeder skaber et mystisk, kantet look inspireret af gotisk \u00e6stetik, rockkultur og nattens magi. Stickersene er nemme at p\u00e5f\u00f8re og behagelige at have p\u00e5 og holder sig p\u00e5 plads i flere dage uden at smitte af eller skalle af. Ingen rod, ingen t\u00f8rretid og ingen salonbes\u00f8g n\u00f8dvendigt \u2013 bare \u00f8jeblikkelig glitter Nail art e med attitude. S\u00e5dan p\u00e5f\u00f8res Nail stickers Reng\u00f8r og t\u00f8r neglen V\u00e6lg et sticker fra arket og l\u00f8ft det forsigtigt op med en pincet Placer motivet p\u00e5 neglen og tryk forsigtigt P\u00e5f\u00f8r et topcoat for ekstra holdbarhed og glans F\u00e6rdig! Produktinformation  Arkst\u00f8rrelse: 7 \u00d7 10 cm Motivst\u00f8rrelse: ca. 3\u201315 mm Farver: Glitterrosa, sort og hvid Motiver: Edderkoppespind, h\u00e5ndaftryk, d\u00f8dningehoved, hjerte, m\u00e5ne, stjerner PS: K\u00f8b 6 ark og betal for 5 med rabatkoden INKNAILS\" \/>\n<meta property=\"og:url\" content=\"https:\/\/likeink.com\/da\/midlertidige-tatoveringer\/glitter-gothic-nail-stickers\/\" \/>\n<meta property=\"og:site_name\" content=\"Like ink\" \/>\n<meta property=\"article:publisher\" content=\"https:\/\/www.facebook.com\/LikeInkSe\" \/>\n<meta property=\"article:modified_time\" content=\"2026-02-25T09:52:21+00:00\" \/>\n<meta property=\"og:image\" content=\"https:\/\/likeink.com\/wp-content\/uploads\/2026\/02\/nail-sticker-spider-web-likeink.png\" \/>\n\t<meta property=\"og:image:width\" content=\"1024\" \/>\n\t<meta property=\"og:image:height\" content=\"1024\" \/>\n\t<meta property=\"og:image:type\" content=\"image\/png\" \/>\n<meta name=\"twitter:card\" content=\"summary_large_image\" \/>\n<script type=\"application\/ld+json\" class=\"yoast-schema-graph\">{\"@context\":\"https:\\\/\\\/schema.org\",\"@graph\":[{\"@type\":\"WebPage\",\"@id\":\"https:\\\/\\\/likeink.com\\\/da\\\/midlertidige-tatoveringer\\\/glitter-gothic-nail-stickers\\\/\",\"url\":\"https:\\\/\\\/likeink.com\\\/da\\\/midlertidige-tatoveringer\\\/glitter-gothic-nail-stickers\\\/\",\"name\":\"Glitter Gothic Nail stickers Pink Black & White | Like Ink\",\"isPartOf\":{\"@id\":\"https:\\\/\\\/likeink.com\\\/da\\\/#website\"},\"primaryImageOfPage\":{\"@id\":\"https:\\\/\\\/likeink.com\\\/da\\\/midlertidige-tatoveringer\\\/glitter-gothic-nail-stickers\\\/#primaryimage\"},\"image\":{\"@id\":\"https:\\\/\\\/likeink.com\\\/da\\\/midlertidige-tatoveringer\\\/glitter-gothic-nail-stickers\\\/#primaryimage\"},\"thumbnailUrl\":\"https:\\\/\\\/likeink.com\\\/wp-content\\\/uploads\\\/2026\\\/02\\\/nail-sticker-spider-web-likeink.png\",\"datePublished\":\"2026-02-02T10:20:45+00:00\",\"dateModified\":\"2026-02-25T09:52:21+00:00\",\"description\":\"Glitter-Nail stickers i pink, sort og hvid fra Like Ink. Med edderkoppespind, kranier, m\u00e5ner, hjerter og stjerner. Let at p\u00e5f\u00f8re og kantet. - Like ink\",\"breadcrumb\":{\"@id\":\"https:\\\/\\\/likeink.com\\\/da\\\/midlertidige-tatoveringer\\\/glitter-gothic-nail-stickers\\\/#breadcrumb\"},\"inLanguage\":\"da-DK\",\"potentialAction\":[{\"@type\":\"ReadAction\",\"target\":[\"https:\\\/\\\/likeink.com\\\/da\\\/midlertidige-tatoveringer\\\/glitter-gothic-nail-stickers\\\/\"]}]},{\"@type\":\"ImageObject\",\"inLanguage\":\"da-DK\",\"@id\":\"https:\\\/\\\/likeink.com\\\/da\\\/midlertidige-tatoveringer\\\/glitter-gothic-nail-stickers\\\/#primaryimage\",\"url\":\"https:\\\/\\\/likeink.com\\\/wp-content\\\/uploads\\\/2026\\\/02\\\/nail-sticker-spider-web-likeink.png\",\"contentUrl\":\"https:\\\/\\\/likeink.com\\\/wp-content\\\/uploads\\\/2026\\\/02\\\/nail-sticker-spider-web-likeink.png\",\"width\":1024,\"height\":1024,\"caption\":\"En h\u00e5nd med lyser\u00f8de manicurerede negle med neglekunst med Halloween-tema: r\u00f8de glitterhjerter, edderkoppespind, sorte stjerner og r\u00f8de geometriske m\u00f8nstre p\u00e5 en baggrund af r\u00f8de lys og lilla b\u00e5nd.\"},{\"@type\":\"BreadcrumbList\",\"@id\":\"https:\\\/\\\/likeink.com\\\/da\\\/midlertidige-tatoveringer\\\/glitter-gothic-nail-stickers\\\/#breadcrumb\",\"itemListElement\":[{\"@type\":\"ListItem\",\"position\":1,\"name\":\"Hem\",\"item\":\"https:\\\/\\\/likeink.com\\\/da\\\/\"},{\"@type\":\"ListItem\",\"position\":2,\"name\":\"Shop\",\"item\":\"https:\\\/\\\/likeink.com\\\/da\\\/shop\\\/\"},{\"@type\":\"ListItem\",\"position\":3,\"name\":\"Glitter Gothic Nail stickers\"}]},{\"@type\":\"WebSite\",\"@id\":\"https:\\\/\\\/likeink.com\\\/da\\\/#website\",\"url\":\"https:\\\/\\\/likeink.com\\\/da\\\/\",\"name\":\"Like ink\",\"description\":\"Make your own custom design\",\"potentialAction\":[{\"@type\":\"SearchAction\",\"target\":{\"@type\":\"EntryPoint\",\"urlTemplate\":\"https:\\\/\\\/likeink.com\\\/da\\\/?s={search_term_string}\"},\"query-input\":{\"@type\":\"PropertyValueSpecification\",\"valueRequired\":true,\"valueName\":\"search_term_string\"}}],\"inLanguage\":\"da-DK\"}]}<\/script>\n<!-- \/ Yoast SEO Premium plugin. -->","yoast_head_json":{"title":"Glitter Gothic Nail stickers Pink Black & White | Like Ink","description":"Glitter-Nail stickers i pink, sort og hvid fra Like Ink. Med edderkoppespind, kranier, m\u00e5ner, hjerter og stjerner. Let at p\u00e5f\u00f8re og kantet. - Like ink","robots":{"index":"index","follow":"follow","max-snippet":"max-snippet:-1","max-image-preview":"max-image-preview:large","max-video-preview":"max-video-preview:-1"},"canonical":"https:\/\/likeink.com\/da\/midlertidige-tatoveringer\/glitter-gothic-nail-stickers\/","og_locale":"da_DK","og_type":"article","og_title":"Glitter Gothic Nail stickers","og_description":"Like Ink Nail tattoos \u2013 Glitter Gothic Nail stickers Bestil glitter-Nail stickers med gotiske og mystiske designs! Tilf\u00f8j m\u00f8rk glamour til din manicure med Like Ink Glitter Gothic Nail stickers . Dette ark indeholder glitrende lyser\u00f8de, sorte og hvide designs med ikoniske motiver s\u00e5som spindelv\u00e6v, h\u00e5ndaftryk, kranier, hjerter, m\u00e5ner og sm\u00e5 stjerner. Med st\u00f8rrelser fra 3 mm til 15 mm er disse Nail stickers perfekte til alt fra subtile detaljer til markante statement-negle. Blandingen af glitterfinish og symbolske billeder skaber et mystisk, kantet look inspireret af gotisk \u00e6stetik, rockkultur og nattens magi. Stickersene er nemme at p\u00e5f\u00f8re og behagelige at have p\u00e5 og holder sig p\u00e5 plads i flere dage uden at smitte af eller skalle af. Ingen rod, ingen t\u00f8rretid og ingen salonbes\u00f8g n\u00f8dvendigt \u2013 bare \u00f8jeblikkelig glitter Nail art e med attitude. S\u00e5dan p\u00e5f\u00f8res Nail stickers Reng\u00f8r og t\u00f8r neglen V\u00e6lg et sticker fra arket og l\u00f8ft det forsigtigt op med en pincet Placer motivet p\u00e5 neglen og tryk forsigtigt P\u00e5f\u00f8r et topcoat for ekstra holdbarhed og glans F\u00e6rdig! Produktinformation  Arkst\u00f8rrelse: 7 \u00d7 10 cm Motivst\u00f8rrelse: ca. 3\u201315 mm Farver: Glitterrosa, sort og hvid Motiver: Edderkoppespind, h\u00e5ndaftryk, d\u00f8dningehoved, hjerte, m\u00e5ne, stjerner PS: K\u00f8b 6 ark og betal for 5 med rabatkoden INKNAILS","og_url":"https:\/\/likeink.com\/da\/midlertidige-tatoveringer\/glitter-gothic-nail-stickers\/","og_site_name":"Like ink","article_publisher":"https:\/\/www.facebook.com\/LikeInkSe","article_modified_time":"2026-02-25T09:52:21+00:00","og_image":[{"width":1024,"height":1024,"url":"https:\/\/likeink.com\/wp-content\/uploads\/2026\/02\/nail-sticker-spider-web-likeink.png","type":"image\/png"}],"twitter_card":"summary_large_image","schema":{"@context":"https:\/\/schema.org","@graph":[{"@type":"WebPage","@id":"https:\/\/likeink.com\/da\/midlertidige-tatoveringer\/glitter-gothic-nail-stickers\/","url":"https:\/\/likeink.com\/da\/midlertidige-tatoveringer\/glitter-gothic-nail-stickers\/","name":"Glitter Gothic Nail stickers Pink Black & White | Like Ink","isPartOf":{"@id":"https:\/\/likeink.com\/da\/#website"},"primaryImageOfPage":{"@id":"https:\/\/likeink.com\/da\/midlertidige-tatoveringer\/glitter-gothic-nail-stickers\/#primaryimage"},"image":{"@id":"https:\/\/likeink.com\/da\/midlertidige-tatoveringer\/glitter-gothic-nail-stickers\/#primaryimage"},"thumbnailUrl":"https:\/\/likeink.com\/wp-content\/uploads\/2026\/02\/nail-sticker-spider-web-likeink.png","datePublished":"2026-02-02T10:20:45+00:00","dateModified":"2026-02-25T09:52:21+00:00","description":"Glitter-Nail stickers i pink, sort og hvid fra Like Ink. Med edderkoppespind, kranier, m\u00e5ner, hjerter og stjerner. Let at p\u00e5f\u00f8re og kantet. - Like ink","breadcrumb":{"@id":"https:\/\/likeink.com\/da\/midlertidige-tatoveringer\/glitter-gothic-nail-stickers\/#breadcrumb"},"inLanguage":"da-DK","potentialAction":[{"@type":"ReadAction","target":["https:\/\/likeink.com\/da\/midlertidige-tatoveringer\/glitter-gothic-nail-stickers\/"]}]},{"@type":"ImageObject","inLanguage":"da-DK","@id":"https:\/\/likeink.com\/da\/midlertidige-tatoveringer\/glitter-gothic-nail-stickers\/#primaryimage","url":"https:\/\/likeink.com\/wp-content\/uploads\/2026\/02\/nail-sticker-spider-web-likeink.png","contentUrl":"https:\/\/likeink.com\/wp-content\/uploads\/2026\/02\/nail-sticker-spider-web-likeink.png","width":1024,"height":1024,"caption":"En h\u00e5nd med lyser\u00f8de manicurerede negle med neglekunst med Halloween-tema: r\u00f8de glitterhjerter, edderkoppespind, sorte stjerner og r\u00f8de geometriske m\u00f8nstre p\u00e5 en baggrund af r\u00f8de lys og lilla b\u00e5nd."},{"@type":"BreadcrumbList","@id":"https:\/\/likeink.com\/da\/midlertidige-tatoveringer\/glitter-gothic-nail-stickers\/#breadcrumb","itemListElement":[{"@type":"ListItem","position":1,"name":"Hem","item":"https:\/\/likeink.com\/da\/"},{"@type":"ListItem","position":2,"name":"Shop","item":"https:\/\/likeink.com\/da\/shop\/"},{"@type":"ListItem","position":3,"name":"Glitter Gothic Nail stickers"}]},{"@type":"WebSite","@id":"https:\/\/likeink.com\/da\/#website","url":"https:\/\/likeink.com\/da\/","name":"Like ink","description":"Make your own custom design","potentialAction":[{"@type":"SearchAction","target":{"@type":"EntryPoint","urlTemplate":"https:\/\/likeink.com\/da\/?s={search_term_string}"},"query-input":{"@type":"PropertyValueSpecification","valueRequired":true,"valueName":"search_term_string"}}],"inLanguage":"da-DK"}]}},"_links":{"self":[{"href":"https:\/\/likeink.com\/da\/wp-json\/wp\/v2\/product\/57406","targetHints":{"allow":["GET"]}}],"collection":[{"href":"https:\/\/likeink.com\/da\/wp-json\/wp\/v2\/product"}],"about":[{"href":"https:\/\/likeink.com\/da\/wp-json\/wp\/v2\/types\/product"}],"wp:featuredmedia":[{"embeddable":true,"href":"https:\/\/likeink.com\/da\/wp-json\/wp\/v2\/media\/59248"}],"wp:attachment":[{"href":"https:\/\/likeink.com\/da\/wp-json\/wp\/v2\/media?parent=57406"}],"wp:term":[{"taxonomy":"product_brand","embeddable":true,"href":"https:\/\/likeink.com\/da\/wp-json\/wp\/v2\/product_brand?post=57406"},{"taxonomy":"product_cat","embeddable":true,"href":"https:\/\/likeink.com\/da\/wp-json\/wp\/v2\/product_cat?post=57406"},{"taxonomy":"product_tag","embeddable":true,"href":"https:\/\/likeink.com\/da\/wp-json\/wp\/v2\/product_tag?post=57406"}],"curies":[{"name":"wp","href":"https:\/\/api.w.org\/{rel}","templated":true}]}}