{"id":57407,"date":"2026-01-26T17:38:50","date_gmt":"2026-02-02T10:20:46","guid":{"rendered":"https:\/\/likeink.com\/gnuggisar\/pastel-rock-nail-stickers\/"},"modified":"2026-02-25T09:52:22","modified_gmt":"2026-02-25T09:52:22","slug":"pastel-rock-nail-stickers","status":"publish","type":"product","link":"https:\/\/likeink.com\/da\/midlertidige-tatoveringer\/pastel-rock-nail-stickers\/","title":{"rendered":"Pastel Rock Nail stickers"},"content":{"rendered":"","protected":false},"excerpt":{"rendered":"<p>Like Ink<br \/>\nNail tattoos<br \/>\n\u2013 Pastel Rock-Nail stickers<\/p>\n<h2>Bestil Nail stickers med pastelfarver og punkrock-inspirerede designs!<\/h2>\n<p>Bland bl\u00f8de farver med en dristig attitude ved hj\u00e6lp af Like Ink<br \/>\nPastel Rock-Nail stickers<br \/>\n. Dette ark kombinerer pastellbl\u00e5 og lyser\u00f8de toner med sl\u00e5ende sorte designs med ordene &#8220;Rock&#8221; og &#8220;Have a good day&#8221; sammen med ikoniske motiver som kors, hjerter, \u00f8jne og stjerner.<\/p>\n<p>Kontrasten mellem blide pastelfarver og skarpe sorte grafikker skaber et legesygt, men kantet look, der er perfekt til alle, der elsker udtryksfuld Nail art<br \/>\nmed et rockinspireret twist. Ideel til accentnegle, fulde designs eller kreative kombinationer.<\/p>\n<p>Disse Nail stickers<br \/>\ner nemme at p\u00e5f\u00f8re og behagelige at have p\u00e5 og holder sig p\u00e5 plads i flere dage uden at smitte af eller skalle af. Ingen rod, ingen t\u00f8rretid og ingen salonbes\u00f8g n\u00f8dvendigt \u2013 bare nem Nail art<br \/>\nmed personlighed.<\/p>\n<p><strong>S\u00e5dan p\u00e5f\u00f8res Nail stickers <\/strong><br \/>\nReng\u00f8r og t\u00f8r neglen.<\/p>\n<p>V\u00e6lg et klisterm\u00e6rke fra arket og l\u00f8ft det forsigtigt op med en pincet.<\/p>\n<p>Placer designet p\u00e5 neglen og tryk forsigtigt.<\/p>\n<p>P\u00e5f\u00f8r et topcoat for ekstra holdbarhed.<\/p>\n<p>F\u00e6rdig!<\/p>\n<p><strong>Produktinformation<\/strong><\/p>\n<p><strong>Arkst\u00f8rrelse:<\/strong><br \/>\n7 \u00d7 10 cm, klisterm\u00e6rker er 5-12 mm.<br \/>\n<strong>Farver:<\/strong><br \/>\nPastelbl\u00e5, pastelrosa og sort<strong>.<br \/>\nMotiver:<\/strong><br \/>\nTekst, kors, hjerte, \u00f8jne, stjerner<strong>.<\/p>\n<p>PS:<\/strong><br \/>\nK\u00f8b 6 ark og betal for 5 med rabatkoden<strong> INKNAILS <\/strong><br \/>\n\ud83c\udfb8\ud83d\udc96.<\/p>\n","protected":false},"featured_media":59228,"template":"","meta":[],"product_brand":[],"product_cat":[467],"product_tag":[],"class_list":{"0":"post-57407","1":"product","2":"type-product","3":"status-publish","4":"has-post-thumbnail","6":"product_cat-negleklistermaerker","8":"first","9":"instock","10":"taxable","11":"shipping-taxable","12":"purchasable","13":"product-type-simple"},"yoast_head":"<!-- This site is optimized with the Yoast SEO Premium plugin v26.2 (Yoast SEO v27.4) - https:\/\/yoast.com\/product\/yoast-seo-premium-wordpress\/ -->\n<title>Pastel Rock-Nail stickers -bl\u00e5 og lyser\u00f8d | Like Ink<\/title>\n<meta name=\"description\" content=\"Pastelbl\u00e5 og lyser\u00f8d Nail stickers med sorte rockinspirerede motiver fra Like Ink. Med tekst, kors, hjerter, \u00f8jne og stjerner. - Like ink\" \/>\n<meta name=\"robots\" content=\"index, follow, max-snippet:-1, max-image-preview:large, max-video-preview:-1\" \/>\n<link rel=\"canonical\" href=\"https:\/\/likeink.com\/da\/midlertidige-tatoveringer\/pastel-rock-nail-stickers\/\" \/>\n<meta property=\"og:locale\" content=\"da_DK\" \/>\n<meta property=\"og:type\" content=\"article\" \/>\n<meta property=\"og:title\" content=\"Pastel Rock Nail stickers\" \/>\n<meta property=\"og:description\" content=\"Like Ink Nail tattoos \u2013 Pastel Rock-Nail stickers Bestil Nail stickers med pastelfarver og punkrock-inspirerede designs! Bland bl\u00f8de farver med en dristig attitude ved hj\u00e6lp af Like Ink Pastel Rock-Nail stickers . Dette ark kombinerer pastellbl\u00e5 og lyser\u00f8de toner med sl\u00e5ende sorte designs med ordene &quot;Rock&quot; og &quot;Have a good day&quot; sammen med ikoniske motiver som kors, hjerter, \u00f8jne og stjerner. Kontrasten mellem blide pastelfarver og skarpe sorte grafikker skaber et legesygt, men kantet look, der er perfekt til alle, der elsker udtryksfuld Nail art med et rockinspireret twist. Ideel til accentnegle, fulde designs eller kreative kombinationer. Disse Nail stickers er nemme at p\u00e5f\u00f8re og behagelige at have p\u00e5 og holder sig p\u00e5 plads i flere dage uden at smitte af eller skalle af. Ingen rod, ingen t\u00f8rretid og ingen salonbes\u00f8g n\u00f8dvendigt \u2013 bare nem Nail art med personlighed. S\u00e5dan p\u00e5f\u00f8res Nail stickers Reng\u00f8r og t\u00f8r neglen. V\u00e6lg et klisterm\u00e6rke fra arket og l\u00f8ft det forsigtigt op med en pincet. Placer designet p\u00e5 neglen og tryk forsigtigt. P\u00e5f\u00f8r et topcoat for ekstra holdbarhed. F\u00e6rdig! Produktinformation  Arkst\u00f8rrelse: 7 \u00d7 10 cm, klisterm\u00e6rker er 5-12 mm. Farver: Pastelbl\u00e5, pastelrosa og sort. Motiver: Tekst, kors, hjerte, \u00f8jne, stjerner. PS: K\u00f8b 6 ark og betal for 5 med rabatkoden INKNAILS \ud83c\udfb8\ud83d\udc96.\" \/>\n<meta property=\"og:url\" content=\"https:\/\/likeink.com\/da\/midlertidige-tatoveringer\/pastel-rock-nail-stickers\/\" \/>\n<meta property=\"og:site_name\" content=\"Like ink\" \/>\n<meta property=\"article:publisher\" content=\"https:\/\/www.facebook.com\/LikeInkSe\" \/>\n<meta property=\"article:modified_time\" content=\"2026-02-25T09:52:22+00:00\" \/>\n<meta property=\"og:image\" content=\"https:\/\/likeink.com\/wp-content\/uploads\/2026\/02\/nail-sticker-pink-design-likeink.png\" \/>\n\t<meta property=\"og:image:width\" content=\"1024\" \/>\n\t<meta property=\"og:image:height\" content=\"1024\" \/>\n\t<meta property=\"og:image:type\" content=\"image\/png\" \/>\n<meta name=\"twitter:card\" content=\"summary_large_image\" \/>\n<script type=\"application\/ld+json\" class=\"yoast-schema-graph\">{\"@context\":\"https:\\\/\\\/schema.org\",\"@graph\":[{\"@type\":\"WebPage\",\"@id\":\"https:\\\/\\\/likeink.com\\\/da\\\/midlertidige-tatoveringer\\\/pastel-rock-nail-stickers\\\/\",\"url\":\"https:\\\/\\\/likeink.com\\\/da\\\/midlertidige-tatoveringer\\\/pastel-rock-nail-stickers\\\/\",\"name\":\"Pastel Rock-Nail stickers -bl\u00e5 og lyser\u00f8d | Like Ink\",\"isPartOf\":{\"@id\":\"https:\\\/\\\/likeink.com\\\/da\\\/#website\"},\"primaryImageOfPage\":{\"@id\":\"https:\\\/\\\/likeink.com\\\/da\\\/midlertidige-tatoveringer\\\/pastel-rock-nail-stickers\\\/#primaryimage\"},\"image\":{\"@id\":\"https:\\\/\\\/likeink.com\\\/da\\\/midlertidige-tatoveringer\\\/pastel-rock-nail-stickers\\\/#primaryimage\"},\"thumbnailUrl\":\"https:\\\/\\\/likeink.com\\\/wp-content\\\/uploads\\\/2026\\\/02\\\/nail-sticker-pink-design-likeink.png\",\"datePublished\":\"2026-02-02T10:20:46+00:00\",\"dateModified\":\"2026-02-25T09:52:22+00:00\",\"description\":\"Pastelbl\u00e5 og lyser\u00f8d Nail stickers med sorte rockinspirerede motiver fra Like Ink. Med tekst, kors, hjerter, \u00f8jne og stjerner. - Like ink\",\"breadcrumb\":{\"@id\":\"https:\\\/\\\/likeink.com\\\/da\\\/midlertidige-tatoveringer\\\/pastel-rock-nail-stickers\\\/#breadcrumb\"},\"inLanguage\":\"da-DK\",\"potentialAction\":[{\"@type\":\"ReadAction\",\"target\":[\"https:\\\/\\\/likeink.com\\\/da\\\/midlertidige-tatoveringer\\\/pastel-rock-nail-stickers\\\/\"]}]},{\"@type\":\"ImageObject\",\"inLanguage\":\"da-DK\",\"@id\":\"https:\\\/\\\/likeink.com\\\/da\\\/midlertidige-tatoveringer\\\/pastel-rock-nail-stickers\\\/#primaryimage\",\"url\":\"https:\\\/\\\/likeink.com\\\/wp-content\\\/uploads\\\/2026\\\/02\\\/nail-sticker-pink-design-likeink.png\",\"contentUrl\":\"https:\\\/\\\/likeink.com\\\/wp-content\\\/uploads\\\/2026\\\/02\\\/nail-sticker-pink-design-likeink.png\",\"width\":1024,\"height\":1024,\"caption\":\"En h\u00e5nd med nudefarvede negle har unikke designs: et turkis hjerte, Have a good day-tekst og en lilla sommerfugl p\u00e5 forskellige negle. Baggrunden er en sort l\u00e6dertaske med metalnitter.\"},{\"@type\":\"BreadcrumbList\",\"@id\":\"https:\\\/\\\/likeink.com\\\/da\\\/midlertidige-tatoveringer\\\/pastel-rock-nail-stickers\\\/#breadcrumb\",\"itemListElement\":[{\"@type\":\"ListItem\",\"position\":1,\"name\":\"Hem\",\"item\":\"https:\\\/\\\/likeink.com\\\/da\\\/\"},{\"@type\":\"ListItem\",\"position\":2,\"name\":\"Shop\",\"item\":\"https:\\\/\\\/likeink.com\\\/da\\\/shop\\\/\"},{\"@type\":\"ListItem\",\"position\":3,\"name\":\"Pastel Rock Nail stickers\"}]},{\"@type\":\"WebSite\",\"@id\":\"https:\\\/\\\/likeink.com\\\/da\\\/#website\",\"url\":\"https:\\\/\\\/likeink.com\\\/da\\\/\",\"name\":\"Like ink\",\"description\":\"Make your own custom design\",\"potentialAction\":[{\"@type\":\"SearchAction\",\"target\":{\"@type\":\"EntryPoint\",\"urlTemplate\":\"https:\\\/\\\/likeink.com\\\/da\\\/?s={search_term_string}\"},\"query-input\":{\"@type\":\"PropertyValueSpecification\",\"valueRequired\":true,\"valueName\":\"search_term_string\"}}],\"inLanguage\":\"da-DK\"}]}<\/script>\n<!-- \/ Yoast SEO Premium plugin. -->","yoast_head_json":{"title":"Pastel Rock-Nail stickers -bl\u00e5 og lyser\u00f8d | Like Ink","description":"Pastelbl\u00e5 og lyser\u00f8d Nail stickers med sorte rockinspirerede motiver fra Like Ink. Med tekst, kors, hjerter, \u00f8jne og stjerner. - Like ink","robots":{"index":"index","follow":"follow","max-snippet":"max-snippet:-1","max-image-preview":"max-image-preview:large","max-video-preview":"max-video-preview:-1"},"canonical":"https:\/\/likeink.com\/da\/midlertidige-tatoveringer\/pastel-rock-nail-stickers\/","og_locale":"da_DK","og_type":"article","og_title":"Pastel Rock Nail stickers","og_description":"Like Ink Nail tattoos \u2013 Pastel Rock-Nail stickers Bestil Nail stickers med pastelfarver og punkrock-inspirerede designs! Bland bl\u00f8de farver med en dristig attitude ved hj\u00e6lp af Like Ink Pastel Rock-Nail stickers . Dette ark kombinerer pastellbl\u00e5 og lyser\u00f8de toner med sl\u00e5ende sorte designs med ordene \"Rock\" og \"Have a good day\" sammen med ikoniske motiver som kors, hjerter, \u00f8jne og stjerner. Kontrasten mellem blide pastelfarver og skarpe sorte grafikker skaber et legesygt, men kantet look, der er perfekt til alle, der elsker udtryksfuld Nail art med et rockinspireret twist. Ideel til accentnegle, fulde designs eller kreative kombinationer. Disse Nail stickers er nemme at p\u00e5f\u00f8re og behagelige at have p\u00e5 og holder sig p\u00e5 plads i flere dage uden at smitte af eller skalle af. Ingen rod, ingen t\u00f8rretid og ingen salonbes\u00f8g n\u00f8dvendigt \u2013 bare nem Nail art med personlighed. S\u00e5dan p\u00e5f\u00f8res Nail stickers Reng\u00f8r og t\u00f8r neglen. V\u00e6lg et klisterm\u00e6rke fra arket og l\u00f8ft det forsigtigt op med en pincet. Placer designet p\u00e5 neglen og tryk forsigtigt. P\u00e5f\u00f8r et topcoat for ekstra holdbarhed. F\u00e6rdig! Produktinformation  Arkst\u00f8rrelse: 7 \u00d7 10 cm, klisterm\u00e6rker er 5-12 mm. Farver: Pastelbl\u00e5, pastelrosa og sort. Motiver: Tekst, kors, hjerte, \u00f8jne, stjerner. PS: K\u00f8b 6 ark og betal for 5 med rabatkoden INKNAILS \ud83c\udfb8\ud83d\udc96.","og_url":"https:\/\/likeink.com\/da\/midlertidige-tatoveringer\/pastel-rock-nail-stickers\/","og_site_name":"Like ink","article_publisher":"https:\/\/www.facebook.com\/LikeInkSe","article_modified_time":"2026-02-25T09:52:22+00:00","og_image":[{"width":1024,"height":1024,"url":"https:\/\/likeink.com\/wp-content\/uploads\/2026\/02\/nail-sticker-pink-design-likeink.png","type":"image\/png"}],"twitter_card":"summary_large_image","schema":{"@context":"https:\/\/schema.org","@graph":[{"@type":"WebPage","@id":"https:\/\/likeink.com\/da\/midlertidige-tatoveringer\/pastel-rock-nail-stickers\/","url":"https:\/\/likeink.com\/da\/midlertidige-tatoveringer\/pastel-rock-nail-stickers\/","name":"Pastel Rock-Nail stickers -bl\u00e5 og lyser\u00f8d | Like Ink","isPartOf":{"@id":"https:\/\/likeink.com\/da\/#website"},"primaryImageOfPage":{"@id":"https:\/\/likeink.com\/da\/midlertidige-tatoveringer\/pastel-rock-nail-stickers\/#primaryimage"},"image":{"@id":"https:\/\/likeink.com\/da\/midlertidige-tatoveringer\/pastel-rock-nail-stickers\/#primaryimage"},"thumbnailUrl":"https:\/\/likeink.com\/wp-content\/uploads\/2026\/02\/nail-sticker-pink-design-likeink.png","datePublished":"2026-02-02T10:20:46+00:00","dateModified":"2026-02-25T09:52:22+00:00","description":"Pastelbl\u00e5 og lyser\u00f8d Nail stickers med sorte rockinspirerede motiver fra Like Ink. Med tekst, kors, hjerter, \u00f8jne og stjerner. - Like ink","breadcrumb":{"@id":"https:\/\/likeink.com\/da\/midlertidige-tatoveringer\/pastel-rock-nail-stickers\/#breadcrumb"},"inLanguage":"da-DK","potentialAction":[{"@type":"ReadAction","target":["https:\/\/likeink.com\/da\/midlertidige-tatoveringer\/pastel-rock-nail-stickers\/"]}]},{"@type":"ImageObject","inLanguage":"da-DK","@id":"https:\/\/likeink.com\/da\/midlertidige-tatoveringer\/pastel-rock-nail-stickers\/#primaryimage","url":"https:\/\/likeink.com\/wp-content\/uploads\/2026\/02\/nail-sticker-pink-design-likeink.png","contentUrl":"https:\/\/likeink.com\/wp-content\/uploads\/2026\/02\/nail-sticker-pink-design-likeink.png","width":1024,"height":1024,"caption":"En h\u00e5nd med nudefarvede negle har unikke designs: et turkis hjerte, Have a good day-tekst og en lilla sommerfugl p\u00e5 forskellige negle. Baggrunden er en sort l\u00e6dertaske med metalnitter."},{"@type":"BreadcrumbList","@id":"https:\/\/likeink.com\/da\/midlertidige-tatoveringer\/pastel-rock-nail-stickers\/#breadcrumb","itemListElement":[{"@type":"ListItem","position":1,"name":"Hem","item":"https:\/\/likeink.com\/da\/"},{"@type":"ListItem","position":2,"name":"Shop","item":"https:\/\/likeink.com\/da\/shop\/"},{"@type":"ListItem","position":3,"name":"Pastel Rock Nail stickers"}]},{"@type":"WebSite","@id":"https:\/\/likeink.com\/da\/#website","url":"https:\/\/likeink.com\/da\/","name":"Like ink","description":"Make your own custom design","potentialAction":[{"@type":"SearchAction","target":{"@type":"EntryPoint","urlTemplate":"https:\/\/likeink.com\/da\/?s={search_term_string}"},"query-input":{"@type":"PropertyValueSpecification","valueRequired":true,"valueName":"search_term_string"}}],"inLanguage":"da-DK"}]}},"_links":{"self":[{"href":"https:\/\/likeink.com\/da\/wp-json\/wp\/v2\/product\/57407","targetHints":{"allow":["GET"]}}],"collection":[{"href":"https:\/\/likeink.com\/da\/wp-json\/wp\/v2\/product"}],"about":[{"href":"https:\/\/likeink.com\/da\/wp-json\/wp\/v2\/types\/product"}],"wp:featuredmedia":[{"embeddable":true,"href":"https:\/\/likeink.com\/da\/wp-json\/wp\/v2\/media\/59228"}],"wp:attachment":[{"href":"https:\/\/likeink.com\/da\/wp-json\/wp\/v2\/media?parent=57407"}],"wp:term":[{"taxonomy":"product_brand","embeddable":true,"href":"https:\/\/likeink.com\/da\/wp-json\/wp\/v2\/product_brand?post=57407"},{"taxonomy":"product_cat","embeddable":true,"href":"https:\/\/likeink.com\/da\/wp-json\/wp\/v2\/product_cat?post=57407"},{"taxonomy":"product_tag","embeddable":true,"href":"https:\/\/likeink.com\/da\/wp-json\/wp\/v2\/product_tag?post=57407"}],"curies":[{"name":"wp","href":"https:\/\/api.w.org\/{rel}","templated":true}]}}