{"id":57410,"date":"2026-01-26T15:08:36","date_gmt":"2026-02-02T10:20:49","guid":{"rendered":"https:\/\/likeink.com\/gnuggisar\/tattoo-style-nail-stickers-black-red\/"},"modified":"2026-02-25T09:52:25","modified_gmt":"2026-02-25T09:52:25","slug":"tattoo-style-nail-stickers-black-red","status":"publish","type":"product","link":"https:\/\/likeink.com\/da\/midlertidige-tatoveringer\/tattoo-style-nail-stickers-black-red\/","title":{"rendered":"Tattoo-stil Nail stickers e \u2013 Sort og r\u00f8d"},"content":{"rendered":"","protected":false},"excerpt":{"rendered":"<p>Like Ink<br \/>\nNail tattoos<br \/>\n\u2013 Tattoo Style Nail stickers<\/p>\n<h2>Bestil Nail stickers inspireret af klassisk tatoveringskunst!<\/h2>\n<p>Skab en dristig, udtryksfuld manicure med Like Ink<br \/>\nTattoo Style Nail stickers<br \/>\n. Inspireret af traditionel tatoverings\u00e6stetik har disse Nail stickers<br \/>\ndetaljerede sorte og r\u00f8de designs, herunder kranier, kistemotiver, sommerfugle og \u00f8jne.<\/p>\n<p>Disse tatoveringsinspirerede Nail stickers<br \/>\ner perfekte til kantede stilarter, alternative modefans og markante looks og tilf\u00f8jer attitude og personlighed til dine negle uden at du beh\u00f8ver at forpligte dig til permanent bl\u00e6k. De kontrastrige farver og ikoniske motiver fremst\u00e5r smukt p\u00e5 b\u00e5de naturlige og lakerede negle.<\/p>\n<p>De er nemme at p\u00e5f\u00f8re og behagelige at have p\u00e5 og holder sig p\u00e5 plads i flere dage uden at smitte af eller l\u00f8fte sig. Ingen t\u00f8rretid, ingen rod og ingen salonbes\u00f8g n\u00f8dvendigt \u2013 bare \u00f8jeblikkelige tatoveringsinspirerede Nail art<br \/>\n.<\/p>\n<p><strong>S\u00e5dan p\u00e5f\u00f8res Nail stickers <\/strong><br \/>\nReng\u00f8r og t\u00f8r neglen<\/p>\n<p>V\u00e6lg et klisterm\u00e6rke fra arket og l\u00f8ft det forsigtigt op med en pincet<\/p>\n<p>Placer designet p\u00e5 neglen og tryk forsigtigt<\/p>\n<p>P\u00e5f\u00f8r et topcoat for ekstra holdbarhed<\/p>\n<p>F\u00e6rdig!<\/p>\n<p>Produktinformation<\/p>\n<p><strong>Arkst\u00f8rrelse:<\/strong><br \/>\n7 \u00d7 10 <strong>cm<br \/>\nAntal Nail stickers:<\/strong><br \/>\nca. 40\u201350 stk.<br \/>\n<strong>Farver:<\/strong><br \/>\nSort og <strong>r\u00f8d<br \/>\nMotiver:<\/strong><br \/>\nKranier, kiste, sommerfugl, \u00f8jne<\/p>\n<p><strong>PS:<\/strong><br \/>\nK\u00f8b 6 ark og betal for 5 med rabatkoden<strong> INKNAILS <\/strong><br \/>\n\ud83d\udda4<\/p>\n","protected":false},"featured_media":59288,"template":"","meta":[],"product_brand":[],"product_cat":[467],"product_tag":[],"class_list":{"0":"post-57410","1":"product","2":"type-product","3":"status-publish","4":"has-post-thumbnail","6":"product_cat-negleklistermaerker","8":"first","9":"instock","10":"taxable","11":"shipping-taxable","12":"purchasable","13":"product-type-simple"},"yoast_head":"<!-- This site is optimized with the Yoast SEO Premium plugin v26.2 (Yoast SEO v27.4) - https:\/\/yoast.com\/product\/yoast-seo-premium-wordpress\/ -->\n<title>Tattoo-stil Nail stickers Sort og r\u00f8d | Like Ink<\/title>\n<meta name=\"description\" content=\"Nail stickers i sort og r\u00f8d i tatoveringsstil fra Like Ink. Med motiver af kranier, kister, sommerfugle og \u00f8jne. Let at p\u00e5f\u00f8re og langtidsholdbar. - Like ink\" \/>\n<meta name=\"robots\" content=\"index, follow, max-snippet:-1, max-image-preview:large, max-video-preview:-1\" \/>\n<link rel=\"canonical\" href=\"https:\/\/likeink.com\/da\/midlertidige-tatoveringer\/tattoo-style-nail-stickers-black-red\/\" \/>\n<meta property=\"og:locale\" content=\"da_DK\" \/>\n<meta property=\"og:type\" content=\"article\" \/>\n<meta property=\"og:title\" content=\"Tattoo-stil Nail stickers e \u2013 Sort og r\u00f8d\" \/>\n<meta property=\"og:description\" content=\"Like Ink Nail tattoos \u2013 Tattoo Style Nail stickers Bestil Nail stickers inspireret af klassisk tatoveringskunst! Skab en dristig, udtryksfuld manicure med Like Ink Tattoo Style Nail stickers . Inspireret af traditionel tatoverings\u00e6stetik har disse Nail stickers detaljerede sorte og r\u00f8de designs, herunder kranier, kistemotiver, sommerfugle og \u00f8jne. Disse tatoveringsinspirerede Nail stickers er perfekte til kantede stilarter, alternative modefans og markante looks og tilf\u00f8jer attitude og personlighed til dine negle uden at du beh\u00f8ver at forpligte dig til permanent bl\u00e6k. De kontrastrige farver og ikoniske motiver fremst\u00e5r smukt p\u00e5 b\u00e5de naturlige og lakerede negle. De er nemme at p\u00e5f\u00f8re og behagelige at have p\u00e5 og holder sig p\u00e5 plads i flere dage uden at smitte af eller l\u00f8fte sig. Ingen t\u00f8rretid, ingen rod og ingen salonbes\u00f8g n\u00f8dvendigt \u2013 bare \u00f8jeblikkelige tatoveringsinspirerede Nail art . S\u00e5dan p\u00e5f\u00f8res Nail stickers Reng\u00f8r og t\u00f8r neglen V\u00e6lg et klisterm\u00e6rke fra arket og l\u00f8ft det forsigtigt op med en pincet Placer designet p\u00e5 neglen og tryk forsigtigt P\u00e5f\u00f8r et topcoat for ekstra holdbarhed F\u00e6rdig! Produktinformation Arkst\u00f8rrelse: 7 \u00d7 10 cm Antal Nail stickers: ca. 40\u201350 stk. Farver: Sort og r\u00f8d Motiver: Kranier, kiste, sommerfugl, \u00f8jne PS: K\u00f8b 6 ark og betal for 5 med rabatkoden INKNAILS \ud83d\udda4\" \/>\n<meta property=\"og:url\" content=\"https:\/\/likeink.com\/da\/midlertidige-tatoveringer\/tattoo-style-nail-stickers-black-red\/\" \/>\n<meta property=\"og:site_name\" content=\"Like ink\" \/>\n<meta property=\"article:publisher\" content=\"https:\/\/www.facebook.com\/LikeInkSe\" \/>\n<meta property=\"article:modified_time\" content=\"2026-02-25T09:52:25+00:00\" \/>\n<meta property=\"og:image\" content=\"https:\/\/likeink.com\/wp-content\/uploads\/2026\/02\/nail-stickers-design-coffin-likeink.png\" \/>\n\t<meta property=\"og:image:width\" content=\"1024\" \/>\n\t<meta property=\"og:image:height\" content=\"1024\" \/>\n\t<meta property=\"og:image:type\" content=\"image\/png\" \/>\n<meta name=\"twitter:card\" content=\"summary_large_image\" \/>\n<script type=\"application\/ld+json\" class=\"yoast-schema-graph\">{\"@context\":\"https:\\\/\\\/schema.org\",\"@graph\":[{\"@type\":\"WebPage\",\"@id\":\"https:\\\/\\\/likeink.com\\\/da\\\/midlertidige-tatoveringer\\\/tattoo-style-nail-stickers-black-red\\\/\",\"url\":\"https:\\\/\\\/likeink.com\\\/da\\\/midlertidige-tatoveringer\\\/tattoo-style-nail-stickers-black-red\\\/\",\"name\":\"Tattoo-stil Nail stickers Sort og r\u00f8d | Like Ink\",\"isPartOf\":{\"@id\":\"https:\\\/\\\/likeink.com\\\/da\\\/#website\"},\"primaryImageOfPage\":{\"@id\":\"https:\\\/\\\/likeink.com\\\/da\\\/midlertidige-tatoveringer\\\/tattoo-style-nail-stickers-black-red\\\/#primaryimage\"},\"image\":{\"@id\":\"https:\\\/\\\/likeink.com\\\/da\\\/midlertidige-tatoveringer\\\/tattoo-style-nail-stickers-black-red\\\/#primaryimage\"},\"thumbnailUrl\":\"https:\\\/\\\/likeink.com\\\/wp-content\\\/uploads\\\/2026\\\/02\\\/nail-stickers-design-coffin-likeink.png\",\"datePublished\":\"2026-02-02T10:20:49+00:00\",\"dateModified\":\"2026-02-25T09:52:25+00:00\",\"description\":\"Nail stickers i sort og r\u00f8d i tatoveringsstil fra Like Ink. Med motiver af kranier, kister, sommerfugle og \u00f8jne. Let at p\u00e5f\u00f8re og langtidsholdbar. - Like ink\",\"breadcrumb\":{\"@id\":\"https:\\\/\\\/likeink.com\\\/da\\\/midlertidige-tatoveringer\\\/tattoo-style-nail-stickers-black-red\\\/#breadcrumb\"},\"inLanguage\":\"da-DK\",\"potentialAction\":[{\"@type\":\"ReadAction\",\"target\":[\"https:\\\/\\\/likeink.com\\\/da\\\/midlertidige-tatoveringer\\\/tattoo-style-nail-stickers-black-red\\\/\"]}]},{\"@type\":\"ImageObject\",\"inLanguage\":\"da-DK\",\"@id\":\"https:\\\/\\\/likeink.com\\\/da\\\/midlertidige-tatoveringer\\\/tattoo-style-nail-stickers-black-red\\\/#primaryimage\",\"url\":\"https:\\\/\\\/likeink.com\\\/wp-content\\\/uploads\\\/2026\\\/02\\\/nail-stickers-design-coffin-likeink.png\",\"contentUrl\":\"https:\\\/\\\/likeink.com\\\/wp-content\\\/uploads\\\/2026\\\/02\\\/nail-stickers-design-coffin-likeink.png\",\"width\":1024,\"height\":1024,\"caption\":\"Fire fingernegle med nude lak har sorte kistemotiver med hvide kors p\u00e5 to negle og r\u00f8de sommerfugle med sorte kanter p\u00e5 de to andre. Motiverne veksler mellem kister og sommerfugle.\"},{\"@type\":\"BreadcrumbList\",\"@id\":\"https:\\\/\\\/likeink.com\\\/da\\\/midlertidige-tatoveringer\\\/tattoo-style-nail-stickers-black-red\\\/#breadcrumb\",\"itemListElement\":[{\"@type\":\"ListItem\",\"position\":1,\"name\":\"Hem\",\"item\":\"https:\\\/\\\/likeink.com\\\/da\\\/\"},{\"@type\":\"ListItem\",\"position\":2,\"name\":\"Shop\",\"item\":\"https:\\\/\\\/likeink.com\\\/da\\\/shop\\\/\"},{\"@type\":\"ListItem\",\"position\":3,\"name\":\"Tattoo-stil Nail stickers e \u2013 Sort og r\u00f8d\"}]},{\"@type\":\"WebSite\",\"@id\":\"https:\\\/\\\/likeink.com\\\/da\\\/#website\",\"url\":\"https:\\\/\\\/likeink.com\\\/da\\\/\",\"name\":\"Like ink\",\"description\":\"Make your own custom design\",\"potentialAction\":[{\"@type\":\"SearchAction\",\"target\":{\"@type\":\"EntryPoint\",\"urlTemplate\":\"https:\\\/\\\/likeink.com\\\/da\\\/?s={search_term_string}\"},\"query-input\":{\"@type\":\"PropertyValueSpecification\",\"valueRequired\":true,\"valueName\":\"search_term_string\"}}],\"inLanguage\":\"da-DK\"}]}<\/script>\n<!-- \/ Yoast SEO Premium plugin. -->","yoast_head_json":{"title":"Tattoo-stil Nail stickers Sort og r\u00f8d | Like Ink","description":"Nail stickers i sort og r\u00f8d i tatoveringsstil fra Like Ink. Med motiver af kranier, kister, sommerfugle og \u00f8jne. Let at p\u00e5f\u00f8re og langtidsholdbar. - Like ink","robots":{"index":"index","follow":"follow","max-snippet":"max-snippet:-1","max-image-preview":"max-image-preview:large","max-video-preview":"max-video-preview:-1"},"canonical":"https:\/\/likeink.com\/da\/midlertidige-tatoveringer\/tattoo-style-nail-stickers-black-red\/","og_locale":"da_DK","og_type":"article","og_title":"Tattoo-stil Nail stickers e \u2013 Sort og r\u00f8d","og_description":"Like Ink Nail tattoos \u2013 Tattoo Style Nail stickers Bestil Nail stickers inspireret af klassisk tatoveringskunst! Skab en dristig, udtryksfuld manicure med Like Ink Tattoo Style Nail stickers . Inspireret af traditionel tatoverings\u00e6stetik har disse Nail stickers detaljerede sorte og r\u00f8de designs, herunder kranier, kistemotiver, sommerfugle og \u00f8jne. Disse tatoveringsinspirerede Nail stickers er perfekte til kantede stilarter, alternative modefans og markante looks og tilf\u00f8jer attitude og personlighed til dine negle uden at du beh\u00f8ver at forpligte dig til permanent bl\u00e6k. De kontrastrige farver og ikoniske motiver fremst\u00e5r smukt p\u00e5 b\u00e5de naturlige og lakerede negle. De er nemme at p\u00e5f\u00f8re og behagelige at have p\u00e5 og holder sig p\u00e5 plads i flere dage uden at smitte af eller l\u00f8fte sig. Ingen t\u00f8rretid, ingen rod og ingen salonbes\u00f8g n\u00f8dvendigt \u2013 bare \u00f8jeblikkelige tatoveringsinspirerede Nail art . S\u00e5dan p\u00e5f\u00f8res Nail stickers Reng\u00f8r og t\u00f8r neglen V\u00e6lg et klisterm\u00e6rke fra arket og l\u00f8ft det forsigtigt op med en pincet Placer designet p\u00e5 neglen og tryk forsigtigt P\u00e5f\u00f8r et topcoat for ekstra holdbarhed F\u00e6rdig! Produktinformation Arkst\u00f8rrelse: 7 \u00d7 10 cm Antal Nail stickers: ca. 40\u201350 stk. Farver: Sort og r\u00f8d Motiver: Kranier, kiste, sommerfugl, \u00f8jne PS: K\u00f8b 6 ark og betal for 5 med rabatkoden INKNAILS \ud83d\udda4","og_url":"https:\/\/likeink.com\/da\/midlertidige-tatoveringer\/tattoo-style-nail-stickers-black-red\/","og_site_name":"Like ink","article_publisher":"https:\/\/www.facebook.com\/LikeInkSe","article_modified_time":"2026-02-25T09:52:25+00:00","og_image":[{"width":1024,"height":1024,"url":"https:\/\/likeink.com\/wp-content\/uploads\/2026\/02\/nail-stickers-design-coffin-likeink.png","type":"image\/png"}],"twitter_card":"summary_large_image","schema":{"@context":"https:\/\/schema.org","@graph":[{"@type":"WebPage","@id":"https:\/\/likeink.com\/da\/midlertidige-tatoveringer\/tattoo-style-nail-stickers-black-red\/","url":"https:\/\/likeink.com\/da\/midlertidige-tatoveringer\/tattoo-style-nail-stickers-black-red\/","name":"Tattoo-stil Nail stickers Sort og r\u00f8d | Like Ink","isPartOf":{"@id":"https:\/\/likeink.com\/da\/#website"},"primaryImageOfPage":{"@id":"https:\/\/likeink.com\/da\/midlertidige-tatoveringer\/tattoo-style-nail-stickers-black-red\/#primaryimage"},"image":{"@id":"https:\/\/likeink.com\/da\/midlertidige-tatoveringer\/tattoo-style-nail-stickers-black-red\/#primaryimage"},"thumbnailUrl":"https:\/\/likeink.com\/wp-content\/uploads\/2026\/02\/nail-stickers-design-coffin-likeink.png","datePublished":"2026-02-02T10:20:49+00:00","dateModified":"2026-02-25T09:52:25+00:00","description":"Nail stickers i sort og r\u00f8d i tatoveringsstil fra Like Ink. Med motiver af kranier, kister, sommerfugle og \u00f8jne. Let at p\u00e5f\u00f8re og langtidsholdbar. - Like ink","breadcrumb":{"@id":"https:\/\/likeink.com\/da\/midlertidige-tatoveringer\/tattoo-style-nail-stickers-black-red\/#breadcrumb"},"inLanguage":"da-DK","potentialAction":[{"@type":"ReadAction","target":["https:\/\/likeink.com\/da\/midlertidige-tatoveringer\/tattoo-style-nail-stickers-black-red\/"]}]},{"@type":"ImageObject","inLanguage":"da-DK","@id":"https:\/\/likeink.com\/da\/midlertidige-tatoveringer\/tattoo-style-nail-stickers-black-red\/#primaryimage","url":"https:\/\/likeink.com\/wp-content\/uploads\/2026\/02\/nail-stickers-design-coffin-likeink.png","contentUrl":"https:\/\/likeink.com\/wp-content\/uploads\/2026\/02\/nail-stickers-design-coffin-likeink.png","width":1024,"height":1024,"caption":"Fire fingernegle med nude lak har sorte kistemotiver med hvide kors p\u00e5 to negle og r\u00f8de sommerfugle med sorte kanter p\u00e5 de to andre. Motiverne veksler mellem kister og sommerfugle."},{"@type":"BreadcrumbList","@id":"https:\/\/likeink.com\/da\/midlertidige-tatoveringer\/tattoo-style-nail-stickers-black-red\/#breadcrumb","itemListElement":[{"@type":"ListItem","position":1,"name":"Hem","item":"https:\/\/likeink.com\/da\/"},{"@type":"ListItem","position":2,"name":"Shop","item":"https:\/\/likeink.com\/da\/shop\/"},{"@type":"ListItem","position":3,"name":"Tattoo-stil Nail stickers e \u2013 Sort og r\u00f8d"}]},{"@type":"WebSite","@id":"https:\/\/likeink.com\/da\/#website","url":"https:\/\/likeink.com\/da\/","name":"Like ink","description":"Make your own custom design","potentialAction":[{"@type":"SearchAction","target":{"@type":"EntryPoint","urlTemplate":"https:\/\/likeink.com\/da\/?s={search_term_string}"},"query-input":{"@type":"PropertyValueSpecification","valueRequired":true,"valueName":"search_term_string"}}],"inLanguage":"da-DK"}]}},"_links":{"self":[{"href":"https:\/\/likeink.com\/da\/wp-json\/wp\/v2\/product\/57410","targetHints":{"allow":["GET"]}}],"collection":[{"href":"https:\/\/likeink.com\/da\/wp-json\/wp\/v2\/product"}],"about":[{"href":"https:\/\/likeink.com\/da\/wp-json\/wp\/v2\/types\/product"}],"wp:featuredmedia":[{"embeddable":true,"href":"https:\/\/likeink.com\/da\/wp-json\/wp\/v2\/media\/59288"}],"wp:attachment":[{"href":"https:\/\/likeink.com\/da\/wp-json\/wp\/v2\/media?parent=57410"}],"wp:term":[{"taxonomy":"product_brand","embeddable":true,"href":"https:\/\/likeink.com\/da\/wp-json\/wp\/v2\/product_brand?post=57410"},{"taxonomy":"product_cat","embeddable":true,"href":"https:\/\/likeink.com\/da\/wp-json\/wp\/v2\/product_cat?post=57410"},{"taxonomy":"product_tag","embeddable":true,"href":"https:\/\/likeink.com\/da\/wp-json\/wp\/v2\/product_tag?post=57410"}],"curies":[{"name":"wp","href":"https:\/\/api.w.org\/{rel}","templated":true}]}}