{"id":60007,"date":"2026-03-05T19:37:17","date_gmt":"2026-03-05T19:37:17","guid":{"rendered":"https:\/\/likeink.com\/gnuggisar\/rocka-sockorna-tatueringar\/"},"modified":"2026-03-07T22:49:17","modified_gmt":"2026-03-07T22:49:17","slug":"rocka-sockorna-tattoos","status":"publish","type":"product","link":"https:\/\/likeink.com\/da\/midlertidige-tatoveringer\/rocka-sockorna-tattoos\/","title":{"rendered":"Rocka Sockorna Tattoos"},"content":{"rendered":"","protected":false},"excerpt":{"rendered":"<p>Vis din st\u00f8tte p\u00e5 Verdensdagen for Downs syndrom med Rocka Sockorna temporary tattoos. Veganske, CE-m\u00e6rkede og allergivenlige tatoveringer fra Like Ink.<\/p>\n<p>Product text<\/p>\n<p>FN har udn\u00e6vnt 21. marts til Verdensdagen for Downs syndrom. Form\u00e5let med dagen er at \u00f8ge offentlighedens bevidsthed om Downs syndrom og fremh\u00e6ve alle menneskers lige v\u00e6rdi.<\/p>\n<h2>Bestil Rocka Sockorna Tattoos og st\u00f8t den svenske Downforening<\/h2>\n<p>I Sverige og i mange andre lande markeres Verdensdagen for Downs syndrom gennem kampagnen Rocka sockorna. Ved at tage forskellige str\u00f8mper p\u00e5 den 21. marts viser du, at du st\u00f8tter mennesker med Downs syndrom og alle menneskers lige v\u00e6rdi og rettigheder.<\/p>\n<p>Kampagnen drives af Svenska Downf\u00f6reningen. N\u00e5r du k\u00f8ber et ark med temporary tattoos fra Like Ink, st\u00f8tter du samtidig foreningens vigtige arbejde.<\/p>\n<p>Med en Rocka sockorna temporary tattoo kan du rocke sokkerne b\u00e5de p\u00e5 f\u00f8dder og h\u00e6nder \u2013 en sjov og synlig m\u00e5de at vise din st\u00f8tte p\u00e5.<\/p>\n<p><strong>Alle Like Ink temporary tattoos er:<\/strong><br \/>\n\u2022 veganske<br \/>\n\u2022 CE-m\u00e6rkede<br \/>\n\u2022 allergivenlige<\/p>\n<p><strong>Arkst\u00f8rrelse:<\/strong> A5<br \/>\n<strong>Tatoveringsst\u00f8rrelse:<\/strong> 35 mm<br \/>\n<strong>Antal tatoveringer:<\/strong> 23<\/p>\n","protected":false},"featured_media":60095,"template":"","meta":[],"product_brand":[],"product_cat":[53,288],"product_tag":[],"class_list":{"0":"post-60007","1":"product","2":"type-product","3":"status-publish","4":"has-post-thumbnail","6":"product_cat-faerdige-ark","7":"product_cat-velgoerenhed","9":"first","10":"instock","11":"taxable","12":"shipping-taxable","13":"purchasable","14":"product-type-simple"},"yoast_head":"<!-- This site is optimized with the Yoast SEO Premium plugin v26.2 (Yoast SEO v27.4) - https:\/\/yoast.com\/product\/yoast-seo-premium-wordpress\/ -->\n<title>Rocka Sockorna Tattoos \u2013 Temporary Tattoos til Verdensdagen for Downs syndrom<\/title>\n<meta name=\"description\" content=\"Vis din st\u00f8tte p\u00e5 Verdensdagen for Downs syndrom med Rocka Sockorna temporary tattoos. Veganske, CE-m\u00e6rkede og allergivenlige tatoveringer fra Like Ink.\" \/>\n<meta name=\"robots\" content=\"index, follow, max-snippet:-1, max-image-preview:large, max-video-preview:-1\" \/>\n<link rel=\"canonical\" href=\"https:\/\/likeink.com\/da\/midlertidige-tatoveringer\/rocka-sockorna-tattoos\/\" \/>\n<meta property=\"og:locale\" content=\"da_DK\" \/>\n<meta property=\"og:type\" content=\"article\" \/>\n<meta property=\"og:title\" content=\"Rocka Sockorna Tattoos\" \/>\n<meta property=\"og:description\" content=\"Vis din st\u00f8tte p\u00e5 Verdensdagen for Downs syndrom med Rocka Sockorna temporary tattoos. Veganske, CE-m\u00e6rkede og allergivenlige tatoveringer fra Like Ink.  Product text  FN har udn\u00e6vnt 21. marts til Verdensdagen for Downs syndrom. Form\u00e5let med dagen er at \u00f8ge offentlighedens bevidsthed om Downs syndrom og fremh\u00e6ve alle menneskers lige v\u00e6rdi. Bestil Rocka Sockorna Tattoos og st\u00f8t den svenske Downforening I Sverige og i mange andre lande markeres Verdensdagen for Downs syndrom gennem kampagnen Rocka sockorna. Ved at tage forskellige str\u00f8mper p\u00e5 den 21. marts viser du, at du st\u00f8tter mennesker med Downs syndrom og alle menneskers lige v\u00e6rdi og rettigheder.  Kampagnen drives af Svenska Downf\u00f6reningen. N\u00e5r du k\u00f8ber et ark med temporary tattoos fra Like Ink, st\u00f8tter du samtidig foreningens vigtige arbejde.  Med en Rocka sockorna temporary tattoo kan du rocke sokkerne b\u00e5de p\u00e5 f\u00f8dder og h\u00e6nder \u2013 en sjov og synlig m\u00e5de at vise din st\u00f8tte p\u00e5.  Alle Like Ink temporary tattoos er: \u2022 veganske \u2022 CE-m\u00e6rkede \u2022 allergivenlige  Arkst\u00f8rrelse: A5 Tatoveringsst\u00f8rrelse: 35 mm Antal tatoveringer: 23\" \/>\n<meta property=\"og:url\" content=\"https:\/\/likeink.com\/da\/midlertidige-tatoveringer\/rocka-sockorna-tattoos\/\" \/>\n<meta property=\"og:site_name\" content=\"Like ink\" \/>\n<meta property=\"article:publisher\" content=\"https:\/\/www.facebook.com\/LikeInkSe\" \/>\n<meta property=\"article:modified_time\" content=\"2026-03-07T22:49:17+00:00\" \/>\n<meta property=\"og:image\" content=\"https:\/\/likeink.com\/wp-content\/uploads\/2026\/03\/Rocka-Sockorna-Tatuering-Likeink.jpg\" \/>\n\t<meta property=\"og:image:width\" content=\"1800\" \/>\n\t<meta property=\"og:image:height\" content=\"1268\" \/>\n\t<meta property=\"og:image:type\" content=\"image\/jpeg\" \/>\n<meta name=\"twitter:card\" content=\"summary_large_image\" \/>\n<meta name=\"twitter:label1\" content=\"Estimeret l\u00e6setid\" \/>\n\t<meta name=\"twitter:data1\" content=\"1 minut\" \/>\n<script type=\"application\/ld+json\" class=\"yoast-schema-graph\">{\"@context\":\"https:\\\/\\\/schema.org\",\"@graph\":[{\"@type\":\"WebPage\",\"@id\":\"https:\\\/\\\/likeink.com\\\/da\\\/midlertidige-tatoveringer\\\/rocka-sockorna-tattoos\\\/\",\"url\":\"https:\\\/\\\/likeink.com\\\/da\\\/midlertidige-tatoveringer\\\/rocka-sockorna-tattoos\\\/\",\"name\":\"Rocka Sockorna Tattoos \u2013 Temporary Tattoos til Verdensdagen for Downs syndrom\",\"isPartOf\":{\"@id\":\"https:\\\/\\\/likeink.com\\\/da\\\/#website\"},\"primaryImageOfPage\":{\"@id\":\"https:\\\/\\\/likeink.com\\\/da\\\/midlertidige-tatoveringer\\\/rocka-sockorna-tattoos\\\/#primaryimage\"},\"image\":{\"@id\":\"https:\\\/\\\/likeink.com\\\/da\\\/midlertidige-tatoveringer\\\/rocka-sockorna-tattoos\\\/#primaryimage\"},\"thumbnailUrl\":\"https:\\\/\\\/likeink.com\\\/wp-content\\\/uploads\\\/2026\\\/03\\\/Rocka-Sockorna-Tatuering-Likeink.jpg\",\"datePublished\":\"2026-03-05T19:37:17+00:00\",\"dateModified\":\"2026-03-07T22:49:17+00:00\",\"description\":\"Vis din st\u00f8tte p\u00e5 Verdensdagen for Downs syndrom med Rocka Sockorna temporary tattoos. Veganske, CE-m\u00e6rkede og allergivenlige tatoveringer fra Like Ink.\",\"breadcrumb\":{\"@id\":\"https:\\\/\\\/likeink.com\\\/da\\\/midlertidige-tatoveringer\\\/rocka-sockorna-tattoos\\\/#breadcrumb\"},\"inLanguage\":\"da-DK\",\"potentialAction\":[{\"@type\":\"ReadAction\",\"target\":[\"https:\\\/\\\/likeink.com\\\/da\\\/midlertidige-tatoveringer\\\/rocka-sockorna-tattoos\\\/\"]}]},{\"@type\":\"ImageObject\",\"inLanguage\":\"da-DK\",\"@id\":\"https:\\\/\\\/likeink.com\\\/da\\\/midlertidige-tatoveringer\\\/rocka-sockorna-tattoos\\\/#primaryimage\",\"url\":\"https:\\\/\\\/likeink.com\\\/wp-content\\\/uploads\\\/2026\\\/03\\\/Rocka-Sockorna-Tatuering-Likeink.jpg\",\"contentUrl\":\"https:\\\/\\\/likeink.com\\\/wp-content\\\/uploads\\\/2026\\\/03\\\/Rocka-Sockorna-Tatuering-Likeink.jpg\",\"width\":1800,\"height\":1268,\"caption\":\"Et m\u00f8nster af sorte og hvide konturer af par sokker med forskellige designs, afbrudt af den fede tekst ROCKA SOCKORNA i forskellige st\u00f8rrelser p\u00e5 en hvid baggrund.\"},{\"@type\":\"BreadcrumbList\",\"@id\":\"https:\\\/\\\/likeink.com\\\/da\\\/midlertidige-tatoveringer\\\/rocka-sockorna-tattoos\\\/#breadcrumb\",\"itemListElement\":[{\"@type\":\"ListItem\",\"position\":1,\"name\":\"Hem\",\"item\":\"https:\\\/\\\/likeink.com\\\/da\\\/\"},{\"@type\":\"ListItem\",\"position\":2,\"name\":\"Shop\",\"item\":\"https:\\\/\\\/likeink.com\\\/da\\\/shop\\\/\"},{\"@type\":\"ListItem\",\"position\":3,\"name\":\"Rocka Sockorna Tattoos\"}]},{\"@type\":\"WebSite\",\"@id\":\"https:\\\/\\\/likeink.com\\\/da\\\/#website\",\"url\":\"https:\\\/\\\/likeink.com\\\/da\\\/\",\"name\":\"Like ink\",\"description\":\"Make your own custom design\",\"potentialAction\":[{\"@type\":\"SearchAction\",\"target\":{\"@type\":\"EntryPoint\",\"urlTemplate\":\"https:\\\/\\\/likeink.com\\\/da\\\/?s={search_term_string}\"},\"query-input\":{\"@type\":\"PropertyValueSpecification\",\"valueRequired\":true,\"valueName\":\"search_term_string\"}}],\"inLanguage\":\"da-DK\"}]}<\/script>\n<!-- \/ Yoast SEO Premium plugin. -->","yoast_head_json":{"title":"Rocka Sockorna Tattoos \u2013 Temporary Tattoos til Verdensdagen for Downs syndrom","description":"Vis din st\u00f8tte p\u00e5 Verdensdagen for Downs syndrom med Rocka Sockorna temporary tattoos. Veganske, CE-m\u00e6rkede og allergivenlige tatoveringer fra Like Ink.","robots":{"index":"index","follow":"follow","max-snippet":"max-snippet:-1","max-image-preview":"max-image-preview:large","max-video-preview":"max-video-preview:-1"},"canonical":"https:\/\/likeink.com\/da\/midlertidige-tatoveringer\/rocka-sockorna-tattoos\/","og_locale":"da_DK","og_type":"article","og_title":"Rocka Sockorna Tattoos","og_description":"Vis din st\u00f8tte p\u00e5 Verdensdagen for Downs syndrom med Rocka Sockorna temporary tattoos. Veganske, CE-m\u00e6rkede og allergivenlige tatoveringer fra Like Ink.  Product text  FN har udn\u00e6vnt 21. marts til Verdensdagen for Downs syndrom. Form\u00e5let med dagen er at \u00f8ge offentlighedens bevidsthed om Downs syndrom og fremh\u00e6ve alle menneskers lige v\u00e6rdi. Bestil Rocka Sockorna Tattoos og st\u00f8t den svenske Downforening I Sverige og i mange andre lande markeres Verdensdagen for Downs syndrom gennem kampagnen Rocka sockorna. Ved at tage forskellige str\u00f8mper p\u00e5 den 21. marts viser du, at du st\u00f8tter mennesker med Downs syndrom og alle menneskers lige v\u00e6rdi og rettigheder.  Kampagnen drives af Svenska Downf\u00f6reningen. N\u00e5r du k\u00f8ber et ark med temporary tattoos fra Like Ink, st\u00f8tter du samtidig foreningens vigtige arbejde.  Med en Rocka sockorna temporary tattoo kan du rocke sokkerne b\u00e5de p\u00e5 f\u00f8dder og h\u00e6nder \u2013 en sjov og synlig m\u00e5de at vise din st\u00f8tte p\u00e5.  Alle Like Ink temporary tattoos er: \u2022 veganske \u2022 CE-m\u00e6rkede \u2022 allergivenlige  Arkst\u00f8rrelse: A5 Tatoveringsst\u00f8rrelse: 35 mm Antal tatoveringer: 23","og_url":"https:\/\/likeink.com\/da\/midlertidige-tatoveringer\/rocka-sockorna-tattoos\/","og_site_name":"Like ink","article_publisher":"https:\/\/www.facebook.com\/LikeInkSe","article_modified_time":"2026-03-07T22:49:17+00:00","og_image":[{"width":1800,"height":1268,"url":"https:\/\/likeink.com\/wp-content\/uploads\/2026\/03\/Rocka-Sockorna-Tatuering-Likeink.jpg","type":"image\/jpeg"}],"twitter_card":"summary_large_image","twitter_misc":{"Estimeret l\u00e6setid":"1 minut"},"schema":{"@context":"https:\/\/schema.org","@graph":[{"@type":"WebPage","@id":"https:\/\/likeink.com\/da\/midlertidige-tatoveringer\/rocka-sockorna-tattoos\/","url":"https:\/\/likeink.com\/da\/midlertidige-tatoveringer\/rocka-sockorna-tattoos\/","name":"Rocka Sockorna Tattoos \u2013 Temporary Tattoos til Verdensdagen for Downs syndrom","isPartOf":{"@id":"https:\/\/likeink.com\/da\/#website"},"primaryImageOfPage":{"@id":"https:\/\/likeink.com\/da\/midlertidige-tatoveringer\/rocka-sockorna-tattoos\/#primaryimage"},"image":{"@id":"https:\/\/likeink.com\/da\/midlertidige-tatoveringer\/rocka-sockorna-tattoos\/#primaryimage"},"thumbnailUrl":"https:\/\/likeink.com\/wp-content\/uploads\/2026\/03\/Rocka-Sockorna-Tatuering-Likeink.jpg","datePublished":"2026-03-05T19:37:17+00:00","dateModified":"2026-03-07T22:49:17+00:00","description":"Vis din st\u00f8tte p\u00e5 Verdensdagen for Downs syndrom med Rocka Sockorna temporary tattoos. Veganske, CE-m\u00e6rkede og allergivenlige tatoveringer fra Like Ink.","breadcrumb":{"@id":"https:\/\/likeink.com\/da\/midlertidige-tatoveringer\/rocka-sockorna-tattoos\/#breadcrumb"},"inLanguage":"da-DK","potentialAction":[{"@type":"ReadAction","target":["https:\/\/likeink.com\/da\/midlertidige-tatoveringer\/rocka-sockorna-tattoos\/"]}]},{"@type":"ImageObject","inLanguage":"da-DK","@id":"https:\/\/likeink.com\/da\/midlertidige-tatoveringer\/rocka-sockorna-tattoos\/#primaryimage","url":"https:\/\/likeink.com\/wp-content\/uploads\/2026\/03\/Rocka-Sockorna-Tatuering-Likeink.jpg","contentUrl":"https:\/\/likeink.com\/wp-content\/uploads\/2026\/03\/Rocka-Sockorna-Tatuering-Likeink.jpg","width":1800,"height":1268,"caption":"Et m\u00f8nster af sorte og hvide konturer af par sokker med forskellige designs, afbrudt af den fede tekst ROCKA SOCKORNA i forskellige st\u00f8rrelser p\u00e5 en hvid baggrund."},{"@type":"BreadcrumbList","@id":"https:\/\/likeink.com\/da\/midlertidige-tatoveringer\/rocka-sockorna-tattoos\/#breadcrumb","itemListElement":[{"@type":"ListItem","position":1,"name":"Hem","item":"https:\/\/likeink.com\/da\/"},{"@type":"ListItem","position":2,"name":"Shop","item":"https:\/\/likeink.com\/da\/shop\/"},{"@type":"ListItem","position":3,"name":"Rocka Sockorna Tattoos"}]},{"@type":"WebSite","@id":"https:\/\/likeink.com\/da\/#website","url":"https:\/\/likeink.com\/da\/","name":"Like ink","description":"Make your own custom design","potentialAction":[{"@type":"SearchAction","target":{"@type":"EntryPoint","urlTemplate":"https:\/\/likeink.com\/da\/?s={search_term_string}"},"query-input":{"@type":"PropertyValueSpecification","valueRequired":true,"valueName":"search_term_string"}}],"inLanguage":"da-DK"}]}},"_links":{"self":[{"href":"https:\/\/likeink.com\/da\/wp-json\/wp\/v2\/product\/60007","targetHints":{"allow":["GET"]}}],"collection":[{"href":"https:\/\/likeink.com\/da\/wp-json\/wp\/v2\/product"}],"about":[{"href":"https:\/\/likeink.com\/da\/wp-json\/wp\/v2\/types\/product"}],"wp:featuredmedia":[{"embeddable":true,"href":"https:\/\/likeink.com\/da\/wp-json\/wp\/v2\/media\/60095"}],"wp:attachment":[{"href":"https:\/\/likeink.com\/da\/wp-json\/wp\/v2\/media?parent=60007"}],"wp:term":[{"taxonomy":"product_brand","embeddable":true,"href":"https:\/\/likeink.com\/da\/wp-json\/wp\/v2\/product_brand?post=60007"},{"taxonomy":"product_cat","embeddable":true,"href":"https:\/\/likeink.com\/da\/wp-json\/wp\/v2\/product_cat?post=60007"},{"taxonomy":"product_tag","embeddable":true,"href":"https:\/\/likeink.com\/da\/wp-json\/wp\/v2\/product_tag?post=60007"}],"curies":[{"name":"wp","href":"https:\/\/api.w.org\/{rel}","templated":true}]}}