{"id":62286,"date":"2026-04-09T08:13:55","date_gmt":"2026-04-09T08:13:55","guid":{"rendered":"https:\/\/likeink.com\/gnuggisar\/colourful-dragron-tattoos\/"},"modified":"2026-04-09T09:28:49","modified_gmt":"2026-04-09T09:28:49","slug":"farverige-drage-tatoveringer","status":"publish","type":"product","link":"https:\/\/likeink.com\/da\/midlertidige-tatoveringer\/farverige-drage-tatoveringer\/","title":{"rendered":"Farverige Drage Tatoveringer"},"content":{"rendered":"","protected":false},"excerpt":{"rendered":"<p>Farverige Drage Tatoveringer: Disse dragetatoveringer er farverige og i h\u00f8j kvalitet \u2013 perfekte til din n\u00e6ste fest, festival eller enhver begivenhed. Vores midlertidige tatoveringer er allergivenlige og sk\u00e5nsomme, s\u00e5 de er sikre at bruge.<\/p>\n<h2>Bestil et ark med \u201cFarverige Drage Tatoveringer\u201d nu og v\u00e6r den sejeste til dit n\u00e6ste event.<\/h2>\n<p>Dette f\u00e6rdigdesignede ark indeholder to store drager, som er perfekte til arme, ben eller overkrop. Du f\u00e5r ogs\u00e5 to mindre slangedesigns, som du kan placere p\u00e5 nakken eller i ansigtet for at vise din vilde stil. Vi sender dine tatoveringer inden for 24 timer. Brug dem alle p\u00e5 \u00e9n gang, eller gem nogle til senere. Vores midlertidige tatoveringer er lavet i Malm\u00f6, Sverige, og er fremstillet i topkvalitet. Disse farverige drager er nemme at p\u00e5f\u00f8re og holder i 2\u20137 dage.<\/p>\n<p>Alle Like Ink midlertidige tatoveringer er:<br \/>\n\u2022 veganske<br \/>\n\u2022 CE-m\u00e6rkede<br \/>\n\u2022 allergivenlige<\/p>\n<p><strong>Arkst\u00f8rrelse:<\/strong> A5<br \/>\n<strong>Tatoveringsst\u00f8rrelse:<\/strong> 135&#215;112 mm<br \/>\n<strong>Antal tatoveringer:<\/strong> 4<\/p>\n","protected":false},"featured_media":62275,"template":"","meta":[],"product_brand":[],"product_cat":[53,163],"product_tag":[],"class_list":{"0":"post-62286","1":"product","2":"type-product","3":"status-publish","4":"has-post-thumbnail","6":"product_cat-faerdige-ark","7":"product_cat-sagndyr-tatoveringer","9":"first","10":"instock","11":"taxable","12":"shipping-taxable","13":"purchasable","14":"product-type-simple"},"yoast_head":"<!-- This site is optimized with the Yoast SEO Premium plugin v26.2 (Yoast SEO v27.4) - https:\/\/yoast.com\/product\/yoast-seo-premium-wordpress\/ -->\n<title>Farverige Drage Tatoveringer- Like ink<\/title>\n<meta name=\"description\" content=\"Farverige midlertidige dragetatoveringer med flotte og livlige designs. Nemme at p\u00e5f\u00f8re, hudvenlige og perfekte til festivaler, fester og sjov i hverdagen.\" \/>\n<meta name=\"robots\" content=\"index, follow, max-snippet:-1, max-image-preview:large, max-video-preview:-1\" \/>\n<link rel=\"canonical\" href=\"https:\/\/likeink.com\/da\/midlertidige-tatoveringer\/farverige-drage-tatoveringer\/\" \/>\n<meta property=\"og:locale\" content=\"da_DK\" \/>\n<meta property=\"og:type\" content=\"article\" \/>\n<meta property=\"og:title\" content=\"Farverige Drage Tatoveringer\" \/>\n<meta property=\"og:description\" content=\"Farverige Drage Tatoveringer: Disse dragetatoveringer er farverige og i h\u00f8j kvalitet \u2013 perfekte til din n\u00e6ste fest, festival eller enhver begivenhed. Vores midlertidige tatoveringer er allergivenlige og sk\u00e5nsomme, s\u00e5 de er sikre at bruge. Bestil et ark med \u201cFarverige Drage Tatoveringer\u201d nu og v\u00e6r den sejeste til dit n\u00e6ste event. Dette f\u00e6rdigdesignede ark indeholder to store drager, som er perfekte til arme, ben eller overkrop. Du f\u00e5r ogs\u00e5 to mindre slangedesigns, som du kan placere p\u00e5 nakken eller i ansigtet for at vise din vilde stil. Vi sender dine tatoveringer inden for 24 timer. Brug dem alle p\u00e5 \u00e9n gang, eller gem nogle til senere. Vores midlertidige tatoveringer er lavet i Malm\u00f6, Sverige, og er fremstillet i topkvalitet. Disse farverige drager er nemme at p\u00e5f\u00f8re og holder i 2\u20137 dage.  Alle Like Ink midlertidige tatoveringer er: \u2022 veganske \u2022 CE-m\u00e6rkede \u2022 allergivenlige  Arkst\u00f8rrelse: A5 Tatoveringsst\u00f8rrelse: 135x112 mm Antal tatoveringer: 4\" \/>\n<meta property=\"og:url\" content=\"https:\/\/likeink.com\/da\/midlertidige-tatoveringer\/farverige-drage-tatoveringer\/\" \/>\n<meta property=\"og:site_name\" content=\"Like ink\" \/>\n<meta property=\"article:publisher\" content=\"https:\/\/www.facebook.com\/LikeInkSe\" \/>\n<meta property=\"article:modified_time\" content=\"2026-04-09T09:28:49+00:00\" \/>\n<meta property=\"og:image\" content=\"https:\/\/likeink.com\/wp-content\/uploads\/2026\/04\/Colourful-Dragons-Tattoos-Likeink.jpg\" \/>\n\t<meta property=\"og:image:width\" content=\"1600\" \/>\n\t<meta property=\"og:image:height\" content=\"1127\" \/>\n\t<meta property=\"og:image:type\" content=\"image\/jpeg\" \/>\n<meta name=\"twitter:card\" content=\"summary_large_image\" \/>\n<meta name=\"twitter:label1\" content=\"Estimeret l\u00e6setid\" \/>\n\t<meta name=\"twitter:data1\" content=\"1 minut\" \/>\n<script type=\"application\/ld+json\" class=\"yoast-schema-graph\">{\"@context\":\"https:\\\/\\\/schema.org\",\"@graph\":[{\"@type\":\"WebPage\",\"@id\":\"https:\\\/\\\/likeink.com\\\/da\\\/midlertidige-tatoveringer\\\/farverige-drage-tatoveringer\\\/\",\"url\":\"https:\\\/\\\/likeink.com\\\/da\\\/midlertidige-tatoveringer\\\/farverige-drage-tatoveringer\\\/\",\"name\":\"Farverige Drage Tatoveringer- Like ink\",\"isPartOf\":{\"@id\":\"https:\\\/\\\/likeink.com\\\/da\\\/#website\"},\"primaryImageOfPage\":{\"@id\":\"https:\\\/\\\/likeink.com\\\/da\\\/midlertidige-tatoveringer\\\/farverige-drage-tatoveringer\\\/#primaryimage\"},\"image\":{\"@id\":\"https:\\\/\\\/likeink.com\\\/da\\\/midlertidige-tatoveringer\\\/farverige-drage-tatoveringer\\\/#primaryimage\"},\"thumbnailUrl\":\"https:\\\/\\\/likeink.com\\\/wp-content\\\/uploads\\\/2026\\\/04\\\/Colourful-Dragons-Tattoos-Likeink.jpg\",\"datePublished\":\"2026-04-09T08:13:55+00:00\",\"dateModified\":\"2026-04-09T09:28:49+00:00\",\"description\":\"Farverige midlertidige dragetatoveringer med flotte og livlige designs. Nemme at p\u00e5f\u00f8re, hudvenlige og perfekte til festivaler, fester og sjov i hverdagen.\",\"breadcrumb\":{\"@id\":\"https:\\\/\\\/likeink.com\\\/da\\\/midlertidige-tatoveringer\\\/farverige-drage-tatoveringer\\\/#breadcrumb\"},\"inLanguage\":\"da-DK\",\"potentialAction\":[{\"@type\":\"ReadAction\",\"target\":[\"https:\\\/\\\/likeink.com\\\/da\\\/midlertidige-tatoveringer\\\/farverige-drage-tatoveringer\\\/\"]}]},{\"@type\":\"ImageObject\",\"inLanguage\":\"da-DK\",\"@id\":\"https:\\\/\\\/likeink.com\\\/da\\\/midlertidige-tatoveringer\\\/farverige-drage-tatoveringer\\\/#primaryimage\",\"url\":\"https:\\\/\\\/likeink.com\\\/wp-content\\\/uploads\\\/2026\\\/04\\\/Colourful-Dragons-Tattoos-Likeink.jpg\",\"contentUrl\":\"https:\\\/\\\/likeink.com\\\/wp-content\\\/uploads\\\/2026\\\/04\\\/Colourful-Dragons-Tattoos-Likeink.jpg\",\"width\":1600,\"height\":1127,\"caption\":\"To farverige, udsmykkede drager omgivet af lyser\u00f8de blomster st\u00e5r over for to m\u00f8nstrede slanger. Dragerne har levende sk\u00e6l og lange knurh\u00e5r, mens slangerne er oprullede med indviklede m\u00f8nstre. Hvid baggrund.\"},{\"@type\":\"BreadcrumbList\",\"@id\":\"https:\\\/\\\/likeink.com\\\/da\\\/midlertidige-tatoveringer\\\/farverige-drage-tatoveringer\\\/#breadcrumb\",\"itemListElement\":[{\"@type\":\"ListItem\",\"position\":1,\"name\":\"Hem\",\"item\":\"https:\\\/\\\/likeink.com\\\/da\\\/\"},{\"@type\":\"ListItem\",\"position\":2,\"name\":\"Shop\",\"item\":\"https:\\\/\\\/likeink.com\\\/da\\\/shop\\\/\"},{\"@type\":\"ListItem\",\"position\":3,\"name\":\"Farverige Drage Tatoveringer\"}]},{\"@type\":\"WebSite\",\"@id\":\"https:\\\/\\\/likeink.com\\\/da\\\/#website\",\"url\":\"https:\\\/\\\/likeink.com\\\/da\\\/\",\"name\":\"Like ink\",\"description\":\"Make your own custom design\",\"potentialAction\":[{\"@type\":\"SearchAction\",\"target\":{\"@type\":\"EntryPoint\",\"urlTemplate\":\"https:\\\/\\\/likeink.com\\\/da\\\/?s={search_term_string}\"},\"query-input\":{\"@type\":\"PropertyValueSpecification\",\"valueRequired\":true,\"valueName\":\"search_term_string\"}}],\"inLanguage\":\"da-DK\"}]}<\/script>\n<!-- \/ Yoast SEO Premium plugin. -->","yoast_head_json":{"title":"Farverige Drage Tatoveringer- Like ink","description":"Farverige midlertidige dragetatoveringer med flotte og livlige designs. Nemme at p\u00e5f\u00f8re, hudvenlige og perfekte til festivaler, fester og sjov i hverdagen.","robots":{"index":"index","follow":"follow","max-snippet":"max-snippet:-1","max-image-preview":"max-image-preview:large","max-video-preview":"max-video-preview:-1"},"canonical":"https:\/\/likeink.com\/da\/midlertidige-tatoveringer\/farverige-drage-tatoveringer\/","og_locale":"da_DK","og_type":"article","og_title":"Farverige Drage Tatoveringer","og_description":"Farverige Drage Tatoveringer: Disse dragetatoveringer er farverige og i h\u00f8j kvalitet \u2013 perfekte til din n\u00e6ste fest, festival eller enhver begivenhed. Vores midlertidige tatoveringer er allergivenlige og sk\u00e5nsomme, s\u00e5 de er sikre at bruge. Bestil et ark med \u201cFarverige Drage Tatoveringer\u201d nu og v\u00e6r den sejeste til dit n\u00e6ste event. Dette f\u00e6rdigdesignede ark indeholder to store drager, som er perfekte til arme, ben eller overkrop. Du f\u00e5r ogs\u00e5 to mindre slangedesigns, som du kan placere p\u00e5 nakken eller i ansigtet for at vise din vilde stil. Vi sender dine tatoveringer inden for 24 timer. Brug dem alle p\u00e5 \u00e9n gang, eller gem nogle til senere. Vores midlertidige tatoveringer er lavet i Malm\u00f6, Sverige, og er fremstillet i topkvalitet. Disse farverige drager er nemme at p\u00e5f\u00f8re og holder i 2\u20137 dage.  Alle Like Ink midlertidige tatoveringer er: \u2022 veganske \u2022 CE-m\u00e6rkede \u2022 allergivenlige  Arkst\u00f8rrelse: A5 Tatoveringsst\u00f8rrelse: 135x112 mm Antal tatoveringer: 4","og_url":"https:\/\/likeink.com\/da\/midlertidige-tatoveringer\/farverige-drage-tatoveringer\/","og_site_name":"Like ink","article_publisher":"https:\/\/www.facebook.com\/LikeInkSe","article_modified_time":"2026-04-09T09:28:49+00:00","og_image":[{"width":1600,"height":1127,"url":"https:\/\/likeink.com\/wp-content\/uploads\/2026\/04\/Colourful-Dragons-Tattoos-Likeink.jpg","type":"image\/jpeg"}],"twitter_card":"summary_large_image","twitter_misc":{"Estimeret l\u00e6setid":"1 minut"},"schema":{"@context":"https:\/\/schema.org","@graph":[{"@type":"WebPage","@id":"https:\/\/likeink.com\/da\/midlertidige-tatoveringer\/farverige-drage-tatoveringer\/","url":"https:\/\/likeink.com\/da\/midlertidige-tatoveringer\/farverige-drage-tatoveringer\/","name":"Farverige Drage Tatoveringer- Like ink","isPartOf":{"@id":"https:\/\/likeink.com\/da\/#website"},"primaryImageOfPage":{"@id":"https:\/\/likeink.com\/da\/midlertidige-tatoveringer\/farverige-drage-tatoveringer\/#primaryimage"},"image":{"@id":"https:\/\/likeink.com\/da\/midlertidige-tatoveringer\/farverige-drage-tatoveringer\/#primaryimage"},"thumbnailUrl":"https:\/\/likeink.com\/wp-content\/uploads\/2026\/04\/Colourful-Dragons-Tattoos-Likeink.jpg","datePublished":"2026-04-09T08:13:55+00:00","dateModified":"2026-04-09T09:28:49+00:00","description":"Farverige midlertidige dragetatoveringer med flotte og livlige designs. Nemme at p\u00e5f\u00f8re, hudvenlige og perfekte til festivaler, fester og sjov i hverdagen.","breadcrumb":{"@id":"https:\/\/likeink.com\/da\/midlertidige-tatoveringer\/farverige-drage-tatoveringer\/#breadcrumb"},"inLanguage":"da-DK","potentialAction":[{"@type":"ReadAction","target":["https:\/\/likeink.com\/da\/midlertidige-tatoveringer\/farverige-drage-tatoveringer\/"]}]},{"@type":"ImageObject","inLanguage":"da-DK","@id":"https:\/\/likeink.com\/da\/midlertidige-tatoveringer\/farverige-drage-tatoveringer\/#primaryimage","url":"https:\/\/likeink.com\/wp-content\/uploads\/2026\/04\/Colourful-Dragons-Tattoos-Likeink.jpg","contentUrl":"https:\/\/likeink.com\/wp-content\/uploads\/2026\/04\/Colourful-Dragons-Tattoos-Likeink.jpg","width":1600,"height":1127,"caption":"To farverige, udsmykkede drager omgivet af lyser\u00f8de blomster st\u00e5r over for to m\u00f8nstrede slanger. Dragerne har levende sk\u00e6l og lange knurh\u00e5r, mens slangerne er oprullede med indviklede m\u00f8nstre. Hvid baggrund."},{"@type":"BreadcrumbList","@id":"https:\/\/likeink.com\/da\/midlertidige-tatoveringer\/farverige-drage-tatoveringer\/#breadcrumb","itemListElement":[{"@type":"ListItem","position":1,"name":"Hem","item":"https:\/\/likeink.com\/da\/"},{"@type":"ListItem","position":2,"name":"Shop","item":"https:\/\/likeink.com\/da\/shop\/"},{"@type":"ListItem","position":3,"name":"Farverige Drage Tatoveringer"}]},{"@type":"WebSite","@id":"https:\/\/likeink.com\/da\/#website","url":"https:\/\/likeink.com\/da\/","name":"Like ink","description":"Make your own custom design","potentialAction":[{"@type":"SearchAction","target":{"@type":"EntryPoint","urlTemplate":"https:\/\/likeink.com\/da\/?s={search_term_string}"},"query-input":{"@type":"PropertyValueSpecification","valueRequired":true,"valueName":"search_term_string"}}],"inLanguage":"da-DK"}]}},"_links":{"self":[{"href":"https:\/\/likeink.com\/da\/wp-json\/wp\/v2\/product\/62286","targetHints":{"allow":["GET"]}}],"collection":[{"href":"https:\/\/likeink.com\/da\/wp-json\/wp\/v2\/product"}],"about":[{"href":"https:\/\/likeink.com\/da\/wp-json\/wp\/v2\/types\/product"}],"wp:featuredmedia":[{"embeddable":true,"href":"https:\/\/likeink.com\/da\/wp-json\/wp\/v2\/media\/62275"}],"wp:attachment":[{"href":"https:\/\/likeink.com\/da\/wp-json\/wp\/v2\/media?parent=62286"}],"wp:term":[{"taxonomy":"product_brand","embeddable":true,"href":"https:\/\/likeink.com\/da\/wp-json\/wp\/v2\/product_brand?post=62286"},{"taxonomy":"product_cat","embeddable":true,"href":"https:\/\/likeink.com\/da\/wp-json\/wp\/v2\/product_cat?post=62286"},{"taxonomy":"product_tag","embeddable":true,"href":"https:\/\/likeink.com\/da\/wp-json\/wp\/v2\/product_tag?post=62286"}],"curies":[{"name":"wp","href":"https:\/\/api.w.org\/{rel}","templated":true}]}}