{"id":63585,"date":"2026-04-23T09:02:55","date_gmt":"2026-04-23T09:02:56","guid":{"rendered":"https:\/\/likeink.com\/?post_type=product&#038;p=63585"},"modified":"2026-04-23T09:17:27","modified_gmt":"2026-04-23T09:17:27","slug":"matt-machine-rock-out","status":"publish","type":"product","link":"https:\/\/likeink.com\/da\/midlertidige-tatoveringer\/matt-machine-rock-out\/","title":{"rendered":"Matt Machine &#8220;Rock Out&#8221;"},"content":{"rendered":"","protected":false},"excerpt":{"rendered":"<p>Like Inks f\u00e6rdige ark med midlertidige tatoveringer er cirka 20\u00d714 cm og indeholder motiverne, som vises p\u00e5 billedet. Vi trykker og sender inden for 24 timer efter din bestilling. Tatoveringerne er stilrene, af h\u00f8j kvalitet, nemme at p\u00e5f\u00f8re og lette at vaske af. Like Ink f\u00f8lger alle EU regler for kosmetiske produkter, s\u00e5 du kan bestille med tryghed.<\/p>\n<h2>Midlertidige tatoveringer designet af tatov\u00f8ren Mattias, ogs\u00e5 kendt som Matt Machine<\/h2>\n<p>Dette ark er designet af Mattias Andersson, ogs\u00e5 kendt som Matt Machine, en popul\u00e6r og erfaren tatov\u00f8r baseret i Kung\u00e4lv. Mattias har drevet sit private studie i cirka 12 \u00e5r og arbejder kun efter aftale. Han har elsket tatoveringer siden barndommen og er kendt for b\u00e5de sm\u00e5, enkle tatoveringer og st\u00f8rre skr\u00e6ddersyede projekter. Hans passion for tatoveringer og st\u00e6rke relation til sine kunder er en stor del af det, der g\u00f8r hans arbejde unikt.<\/p>\n<p><strong>Find Mattias her:<\/strong><br \/>\nInstagram: @straydogstattoo<br \/>\nStudio: @straydogstattoo<br \/>\nSted: G\u00f6teborg \/ Kung\u00e4lv<\/p>\n<p>St\u00f8rrelse ark: A5<br \/>\nAntal tatoveringer: 6<br \/>\nSt\u00f8rrelse tatoveringer: ca 5 &#8211; 9 cm<\/p>\n","protected":false},"featured_media":63574,"template":"","meta":[],"product_brand":[],"product_cat":[53,506,500],"product_tag":[],"class_list":{"0":"post-63585","1":"product","2":"type-product","3":"status-publish","4":"has-post-thumbnail","6":"product_cat-faerdige-ark","7":"product_cat-old-school-retro-da","8":"product_cat-samarbejder-med-tatovoerer","10":"first","11":"instock","12":"taxable","13":"shipping-taxable","14":"purchasable","15":"product-type-simple"},"yoast_head":"<!-- This site is optimized with the Yoast SEO Premium plugin v26.2 (Yoast SEO v27.4) - https:\/\/yoast.com\/product\/yoast-seo-premium-wordpress\/ -->\n<title>Matt Machine &quot;Rock Out&quot; A5 | Like Ink -<\/title>\n<meta name=\"description\" content=\"Matt Machine &quot;Rock Out&quot;. Ett ark tempor\u00e4ra tatueringar som har lekfulla och edgy motiv i old school-stil. H\u00f6g kvalitet och enkel applicering.\" \/>\n<meta name=\"robots\" content=\"index, follow, max-snippet:-1, max-image-preview:large, max-video-preview:-1\" \/>\n<link rel=\"canonical\" href=\"https:\/\/likeink.com\/da\/midlertidige-tatoveringer\/matt-machine-rock-out\/\" \/>\n<meta property=\"og:locale\" content=\"da_DK\" \/>\n<meta property=\"og:type\" content=\"article\" \/>\n<meta property=\"og:title\" content=\"Matt Machine &quot;Rock Out&quot;\" \/>\n<meta property=\"og:description\" content=\"Like Inks f\u00e6rdige ark med midlertidige tatoveringer er cirka 20\u00d714 cm og indeholder motiverne, som vises p\u00e5 billedet. Vi trykker og sender inden for 24 timer efter din bestilling. Tatoveringerne er stilrene, af h\u00f8j kvalitet, nemme at p\u00e5f\u00f8re og lette at vaske af. Like Ink f\u00f8lger alle EU regler for kosmetiske produkter, s\u00e5 du kan bestille med tryghed. Midlertidige tatoveringer designet af tatov\u00f8ren Mattias, ogs\u00e5 kendt som Matt Machine Dette ark er designet af Mattias Andersson, ogs\u00e5 kendt som Matt Machine, en popul\u00e6r og erfaren tatov\u00f8r baseret i Kung\u00e4lv. Mattias har drevet sit private studie i cirka 12 \u00e5r og arbejder kun efter aftale. Han har elsket tatoveringer siden barndommen og er kendt for b\u00e5de sm\u00e5, enkle tatoveringer og st\u00f8rre skr\u00e6ddersyede projekter. Hans passion for tatoveringer og st\u00e6rke relation til sine kunder er en stor del af det, der g\u00f8r hans arbejde unikt.  Find Mattias her: Instagram: @straydogstattoo Studio: @straydogstattoo Sted: G\u00f6teborg \/ Kung\u00e4lv  St\u00f8rrelse ark: A5 Antal tatoveringer: 6 St\u00f8rrelse tatoveringer: ca 5 - 9 cm\" \/>\n<meta property=\"og:url\" content=\"https:\/\/likeink.com\/da\/midlertidige-tatoveringer\/matt-machine-rock-out\/\" \/>\n<meta property=\"og:site_name\" content=\"Like ink\" \/>\n<meta property=\"article:publisher\" content=\"https:\/\/www.facebook.com\/LikeInkSe\" \/>\n<meta property=\"article:modified_time\" content=\"2026-04-23T09:17:27+00:00\" \/>\n<meta property=\"og:image\" content=\"https:\/\/likeink.com\/wp-content\/uploads\/2026\/04\/Rockout-MattMachine-Tattoo-Likeink.png\" \/>\n\t<meta property=\"og:image:width\" content=\"1400\" \/>\n\t<meta property=\"og:image:height\" content=\"986\" \/>\n\t<meta property=\"og:image:type\" content=\"image\/png\" \/>\n<meta name=\"twitter:card\" content=\"summary_large_image\" \/>\n<meta name=\"twitter:label1\" content=\"Estimeret l\u00e6setid\" \/>\n\t<meta name=\"twitter:data1\" content=\"1 minut\" \/>\n<!-- \/ Yoast SEO Premium plugin. -->","yoast_head_json":{"title":"Matt Machine \"Rock Out\" A5 | Like Ink -","description":"Matt Machine \"Rock Out\". Ett ark tempor\u00e4ra tatueringar som har lekfulla och edgy motiv i old school-stil. H\u00f6g kvalitet och enkel applicering.","robots":{"index":"index","follow":"follow","max-snippet":"max-snippet:-1","max-image-preview":"max-image-preview:large","max-video-preview":"max-video-preview:-1"},"canonical":"https:\/\/likeink.com\/da\/midlertidige-tatoveringer\/matt-machine-rock-out\/","og_locale":"da_DK","og_type":"article","og_title":"Matt Machine \"Rock Out\"","og_description":"Like Inks f\u00e6rdige ark med midlertidige tatoveringer er cirka 20\u00d714 cm og indeholder motiverne, som vises p\u00e5 billedet. Vi trykker og sender inden for 24 timer efter din bestilling. Tatoveringerne er stilrene, af h\u00f8j kvalitet, nemme at p\u00e5f\u00f8re og lette at vaske af. Like Ink f\u00f8lger alle EU regler for kosmetiske produkter, s\u00e5 du kan bestille med tryghed. Midlertidige tatoveringer designet af tatov\u00f8ren Mattias, ogs\u00e5 kendt som Matt Machine Dette ark er designet af Mattias Andersson, ogs\u00e5 kendt som Matt Machine, en popul\u00e6r og erfaren tatov\u00f8r baseret i Kung\u00e4lv. Mattias har drevet sit private studie i cirka 12 \u00e5r og arbejder kun efter aftale. Han har elsket tatoveringer siden barndommen og er kendt for b\u00e5de sm\u00e5, enkle tatoveringer og st\u00f8rre skr\u00e6ddersyede projekter. Hans passion for tatoveringer og st\u00e6rke relation til sine kunder er en stor del af det, der g\u00f8r hans arbejde unikt.  Find Mattias her: Instagram: @straydogstattoo Studio: @straydogstattoo Sted: G\u00f6teborg \/ Kung\u00e4lv  St\u00f8rrelse ark: A5 Antal tatoveringer: 6 St\u00f8rrelse tatoveringer: ca 5 - 9 cm","og_url":"https:\/\/likeink.com\/da\/midlertidige-tatoveringer\/matt-machine-rock-out\/","og_site_name":"Like ink","article_publisher":"https:\/\/www.facebook.com\/LikeInkSe","article_modified_time":"2026-04-23T09:17:27+00:00","og_image":[{"width":1400,"height":986,"url":"https:\/\/likeink.com\/wp-content\/uploads\/2026\/04\/Rockout-MattMachine-Tattoo-Likeink.png","type":"image\/png"}],"twitter_card":"summary_large_image","twitter_misc":{"Estimeret l\u00e6setid":"1 minut"},"schema":{"@context":"https:\/\/schema.org","@graph":[{"@type":"WebPage","@id":"https:\/\/likeink.com\/da\/midlertidige-tatoveringer\/matt-machine-rock-out\/","url":"https:\/\/likeink.com\/da\/midlertidige-tatoveringer\/matt-machine-rock-out\/","name":"Matt Machine \"Rock Out\" A5 | Like Ink -","isPartOf":{"@id":"https:\/\/likeink.com\/da\/#website"},"primaryImageOfPage":{"@id":"https:\/\/likeink.com\/da\/midlertidige-tatoveringer\/matt-machine-rock-out\/#primaryimage"},"image":{"@id":"https:\/\/likeink.com\/da\/midlertidige-tatoveringer\/matt-machine-rock-out\/#primaryimage"},"thumbnailUrl":"https:\/\/likeink.com\/wp-content\/uploads\/2026\/04\/Rockout-MattMachine-Tattoo-Likeink.png","datePublished":"2026-04-23T09:02:56+00:00","dateModified":"2026-04-23T09:17:27+00:00","description":"Matt Machine \"Rock Out\". Ett ark tempor\u00e4ra tatueringar som har lekfulla och edgy motiv i old school-stil. H\u00f6g kvalitet och enkel applicering.","breadcrumb":{"@id":"https:\/\/likeink.com\/da\/midlertidige-tatoveringer\/matt-machine-rock-out\/#breadcrumb"},"inLanguage":"da-DK","potentialAction":[{"@type":"ReadAction","target":["https:\/\/likeink.com\/da\/midlertidige-tatoveringer\/matt-machine-rock-out\/"]}]},{"@type":"ImageObject","inLanguage":"da-DK","@id":"https:\/\/likeink.com\/da\/midlertidige-tatoveringer\/matt-machine-rock-out\/#primaryimage","url":"https:\/\/likeink.com\/wp-content\/uploads\/2026\/04\/Rockout-MattMachine-Tattoo-Likeink.png","contentUrl":"https:\/\/likeink.com\/wp-content\/uploads\/2026\/04\/Rockout-MattMachine-Tattoo-Likeink.png","width":1400,"height":986,"caption":"En samling farverige Simpsons-tatoveringer i tegneseriestil, bl.a. en fallisk Dont be a dick, Principal Skinner i en fersken, bedstefar, der surfer n\u00f8gen, en orm, der vender fingeren, Matt Machine og Moe, der er indrammet p\u00e5 Moes Tavern."},{"@type":"BreadcrumbList","@id":"https:\/\/likeink.com\/da\/midlertidige-tatoveringer\/matt-machine-rock-out\/#breadcrumb","itemListElement":[{"@type":"ListItem","position":1,"name":"Hem","item":"https:\/\/likeink.com\/da\/"},{"@type":"ListItem","position":2,"name":"Shop","item":"https:\/\/likeink.com\/da\/shop\/"},{"@type":"ListItem","position":3,"name":"Matt Machine &#8220;Rock Out&#8221;"}]},{"@type":"WebSite","@id":"https:\/\/likeink.com\/da\/#website","url":"https:\/\/likeink.com\/da\/","name":"Like ink","description":"Make your own custom design","potentialAction":[{"@type":"SearchAction","target":{"@type":"EntryPoint","urlTemplate":"https:\/\/likeink.com\/da\/?s={search_term_string}"},"query-input":{"@type":"PropertyValueSpecification","valueRequired":true,"valueName":"search_term_string"}}],"inLanguage":"da-DK"}]}},"_links":{"self":[{"href":"https:\/\/likeink.com\/da\/wp-json\/wp\/v2\/product\/63585","targetHints":{"allow":["GET"]}}],"collection":[{"href":"https:\/\/likeink.com\/da\/wp-json\/wp\/v2\/product"}],"about":[{"href":"https:\/\/likeink.com\/da\/wp-json\/wp\/v2\/types\/product"}],"wp:featuredmedia":[{"embeddable":true,"href":"https:\/\/likeink.com\/da\/wp-json\/wp\/v2\/media\/63574"}],"wp:attachment":[{"href":"https:\/\/likeink.com\/da\/wp-json\/wp\/v2\/media?parent=63585"}],"wp:term":[{"taxonomy":"product_brand","embeddable":true,"href":"https:\/\/likeink.com\/da\/wp-json\/wp\/v2\/product_brand?post=63585"},{"taxonomy":"product_cat","embeddable":true,"href":"https:\/\/likeink.com\/da\/wp-json\/wp\/v2\/product_cat?post=63585"},{"taxonomy":"product_tag","embeddable":true,"href":"https:\/\/likeink.com\/da\/wp-json\/wp\/v2\/product_tag?post=63585"}],"curies":[{"name":"wp","href":"https:\/\/api.w.org\/{rel}","templated":true}]}}