{"id":64125,"date":"2026-04-29T09:36:07","date_gmt":"2026-04-29T09:36:07","guid":{"rendered":"https:\/\/likeink.com\/?post_type=product&#038;p=64125"},"modified":"2026-04-29T09:52:31","modified_gmt":"2026-04-29T09:52:31","slug":"gender-reveal-temporara-tatueringar","status":"publish","type":"product","link":"https:\/\/likeink.com\/da\/midlertidige-tatoveringer\/gender-reveal-temporara-tatueringar\/","title":{"rendered":"&#8220;Gender Reveal&#8221; midlertidige tatoveringer"},"content":{"rendered":"","protected":false},"excerpt":{"rendered":"<p>Dette ark indeholder midlertidige tatoveringer med et flot design til en &#8220;Gender Reveal&#8221;. Hvad tror du, det bliver? En pige eller en dreng? Like Inks f\u00e6rdige ark med midlertidige tatoveringer er cirka 20\u00d714 cm og indeholder motiverne, der vises p\u00e5 billedet. Vi trykker og sender inden for 24 timer efter din bestilling. Tatoveringerne er stilrene, af h\u00f8j kvalitet, nemme at p\u00e5f\u00f8re og lette at vaske af. Like Ink f\u00f8lger alle EU\u2019s regler for kosmetiske produkter, s\u00e5 du kan bestille med tryghed.<\/p>\n<h2><strong>&#8220;Gender Reveal&#8221; midlertidige tatoveringer med I vote girls og I vote boys design<\/strong><\/h2>\n<p>Dette ark indeholder 4 \u201cI vote girls\u201d tatoveringer og 4 \u201cI vote boys\u201d tatoveringer. Arket indeholder ogs\u00e5 sm\u00e5 hjerter, stjerner, bj\u00f8rne, sommerfugle og sl\u00f8jfer.<\/p>\n<p>Dette er perfekt til dig, der planl\u00e6gger en fest eller babyshower. Dette ark kan v\u00e6re med til at skabe en sjov fest, som ingen vil glemme. S\u00f8rg for at have nok, s\u00e5 alle til festen kan pr\u00f8ve dem og v\u00e6lge mellem \u201cI vote boys\u201d og \u201cI vote girls\u201d.<\/p>\n<p><strong>Arkst\u00f8rrelse:<\/strong> A5<\/p>\n<p><strong>Antal tatoveringer:<\/strong> 8 store, ca. 20 sm\u00e5<\/p>\n<p><strong>St\u00f8rrelse p\u00e5 store tatoveringer:<\/strong> 5 cm<\/p>\n<p><strong>St\u00f8rrelse p\u00e5 sm\u00e5 tatoveringer:<\/strong> 1 cm<\/p>\n","protected":false},"featured_media":64103,"template":"","meta":[],"product_brand":[],"product_cat":[53,554,513],"product_tag":[],"class_list":{"0":"post-64125","1":"product","2":"type-product","3":"status-publish","4":"has-post-thumbnail","6":"product_cat-faerdige-ark","7":"product_cat-kaerlighed-romantik","8":"product_cat-maskerade-saeson","10":"first","11":"instock","12":"taxable","13":"shipping-taxable","14":"purchasable","15":"product-type-simple"},"yoast_head":"<!-- This site is optimized with the Yoast SEO Premium plugin v26.2 (Yoast SEO v27.5) - https:\/\/yoast.com\/product\/yoast-seo-premium-wordpress\/ -->\n<title>&quot;Gender Reveal&quot; midlertidige tatoveringer - I vote girls &amp; boys - Like ink<\/title>\n<meta name=\"description\" content=\"K\u00f8b &quot;Gender Reveal&quot; midlertidige tatoveringer med Team Girl og Team Boy. Nemme at p\u00e5f\u00f8re, hudvenlige og sjove for alle g\u00e6ster.\" \/>\n<meta name=\"robots\" content=\"index, follow, max-snippet:-1, max-image-preview:large, max-video-preview:-1\" \/>\n<link rel=\"canonical\" href=\"https:\/\/likeink.com\/da\/midlertidige-tatoveringer\/gender-reveal-temporara-tatueringar\/\" \/>\n<meta property=\"og:locale\" content=\"da_DK\" \/>\n<meta property=\"og:type\" content=\"article\" \/>\n<meta property=\"og:title\" content=\"&quot;Gender Reveal&quot; midlertidige tatoveringer\" \/>\n<meta property=\"og:description\" content=\"Dette ark indeholder midlertidige tatoveringer med et flot design til en &quot;Gender Reveal&quot;. Hvad tror du, det bliver? En pige eller en dreng? Like Inks f\u00e6rdige ark med midlertidige tatoveringer er cirka 20\u00d714 cm og indeholder motiverne, der vises p\u00e5 billedet. Vi trykker og sender inden for 24 timer efter din bestilling. Tatoveringerne er stilrene, af h\u00f8j kvalitet, nemme at p\u00e5f\u00f8re og lette at vaske af. Like Ink f\u00f8lger alle EU\u2019s regler for kosmetiske produkter, s\u00e5 du kan bestille med tryghed. &quot;Gender Reveal&quot; midlertidige tatoveringer med I vote girls og I vote boys design Dette ark indeholder 4 \u201cI vote girls\u201d tatoveringer og 4 \u201cI vote boys\u201d tatoveringer. Arket indeholder ogs\u00e5 sm\u00e5 hjerter, stjerner, bj\u00f8rne, sommerfugle og sl\u00f8jfer.  Dette er perfekt til dig, der planl\u00e6gger en fest eller babyshower. Dette ark kan v\u00e6re med til at skabe en sjov fest, som ingen vil glemme. S\u00f8rg for at have nok, s\u00e5 alle til festen kan pr\u00f8ve dem og v\u00e6lge mellem \u201cI vote boys\u201d og \u201cI vote girls\u201d.  Arkst\u00f8rrelse: A5  Antal tatoveringer: 8 store, ca. 20 sm\u00e5  St\u00f8rrelse p\u00e5 store tatoveringer: 5 cm  St\u00f8rrelse p\u00e5 sm\u00e5 tatoveringer: 1 cm\" \/>\n<meta property=\"og:url\" content=\"https:\/\/likeink.com\/da\/midlertidige-tatoveringer\/gender-reveal-temporara-tatueringar\/\" \/>\n<meta property=\"og:site_name\" content=\"Like ink\" \/>\n<meta property=\"article:publisher\" content=\"https:\/\/www.facebook.com\/LikeInkSe\" \/>\n<meta property=\"article:modified_time\" content=\"2026-04-29T09:52:31+00:00\" \/>\n<meta property=\"og:image\" content=\"https:\/\/likeink.com\/wp-content\/uploads\/2026\/04\/Gender-revial-tattoos-likeink.jpg\" \/>\n\t<meta property=\"og:image:width\" content=\"1800\" \/>\n\t<meta property=\"og:image:height\" content=\"1268\" \/>\n\t<meta property=\"og:image:type\" content=\"image\/jpeg\" \/>\n<meta name=\"twitter:card\" content=\"summary_large_image\" \/>\n<meta name=\"twitter:label1\" content=\"Estimeret l\u00e6setid\" \/>\n\t<meta name=\"twitter:data1\" content=\"1 minut\" \/>\n<!-- \/ Yoast SEO Premium plugin. -->","yoast_head_json":{"title":"\"Gender Reveal\" midlertidige tatoveringer - I vote girls & boys - Like ink","description":"K\u00f8b \"Gender Reveal\" midlertidige tatoveringer med Team Girl og Team Boy. Nemme at p\u00e5f\u00f8re, hudvenlige og sjove for alle g\u00e6ster.","robots":{"index":"index","follow":"follow","max-snippet":"max-snippet:-1","max-image-preview":"max-image-preview:large","max-video-preview":"max-video-preview:-1"},"canonical":"https:\/\/likeink.com\/da\/midlertidige-tatoveringer\/gender-reveal-temporara-tatueringar\/","og_locale":"da_DK","og_type":"article","og_title":"\"Gender Reveal\" midlertidige tatoveringer","og_description":"Dette ark indeholder midlertidige tatoveringer med et flot design til en \"Gender Reveal\". Hvad tror du, det bliver? En pige eller en dreng? Like Inks f\u00e6rdige ark med midlertidige tatoveringer er cirka 20\u00d714 cm og indeholder motiverne, der vises p\u00e5 billedet. Vi trykker og sender inden for 24 timer efter din bestilling. Tatoveringerne er stilrene, af h\u00f8j kvalitet, nemme at p\u00e5f\u00f8re og lette at vaske af. Like Ink f\u00f8lger alle EU\u2019s regler for kosmetiske produkter, s\u00e5 du kan bestille med tryghed. \"Gender Reveal\" midlertidige tatoveringer med I vote girls og I vote boys design Dette ark indeholder 4 \u201cI vote girls\u201d tatoveringer og 4 \u201cI vote boys\u201d tatoveringer. Arket indeholder ogs\u00e5 sm\u00e5 hjerter, stjerner, bj\u00f8rne, sommerfugle og sl\u00f8jfer.  Dette er perfekt til dig, der planl\u00e6gger en fest eller babyshower. Dette ark kan v\u00e6re med til at skabe en sjov fest, som ingen vil glemme. S\u00f8rg for at have nok, s\u00e5 alle til festen kan pr\u00f8ve dem og v\u00e6lge mellem \u201cI vote boys\u201d og \u201cI vote girls\u201d.  Arkst\u00f8rrelse: A5  Antal tatoveringer: 8 store, ca. 20 sm\u00e5  St\u00f8rrelse p\u00e5 store tatoveringer: 5 cm  St\u00f8rrelse p\u00e5 sm\u00e5 tatoveringer: 1 cm","og_url":"https:\/\/likeink.com\/da\/midlertidige-tatoveringer\/gender-reveal-temporara-tatueringar\/","og_site_name":"Like ink","article_publisher":"https:\/\/www.facebook.com\/LikeInkSe","article_modified_time":"2026-04-29T09:52:31+00:00","og_image":[{"width":1800,"height":1268,"url":"https:\/\/likeink.com\/wp-content\/uploads\/2026\/04\/Gender-revial-tattoos-likeink.jpg","type":"image\/jpeg"}],"twitter_card":"summary_large_image","twitter_misc":{"Estimeret l\u00e6setid":"1 minut"},"schema":{"@context":"https:\/\/schema.org","@graph":[{"@type":"WebPage","@id":"https:\/\/likeink.com\/da\/midlertidige-tatoveringer\/gender-reveal-temporara-tatueringar\/","url":"https:\/\/likeink.com\/da\/midlertidige-tatoveringer\/gender-reveal-temporara-tatueringar\/","name":"\"Gender Reveal\" midlertidige tatoveringer - I vote girls & boys - Like ink","isPartOf":{"@id":"https:\/\/likeink.com\/da\/#website"},"primaryImageOfPage":{"@id":"https:\/\/likeink.com\/da\/midlertidige-tatoveringer\/gender-reveal-temporara-tatueringar\/#primaryimage"},"image":{"@id":"https:\/\/likeink.com\/da\/midlertidige-tatoveringer\/gender-reveal-temporara-tatueringar\/#primaryimage"},"thumbnailUrl":"https:\/\/likeink.com\/wp-content\/uploads\/2026\/04\/Gender-revial-tattoos-likeink.jpg","datePublished":"2026-04-29T09:36:07+00:00","dateModified":"2026-04-29T09:52:31+00:00","description":"K\u00f8b \"Gender Reveal\" midlertidige tatoveringer med Team Girl og Team Boy. Nemme at p\u00e5f\u00f8re, hudvenlige og sjove for alle g\u00e6ster.","breadcrumb":{"@id":"https:\/\/likeink.com\/da\/midlertidige-tatoveringer\/gender-reveal-temporara-tatueringar\/#breadcrumb"},"inLanguage":"da-DK","potentialAction":[{"@type":"ReadAction","target":["https:\/\/likeink.com\/da\/midlertidige-tatoveringer\/gender-reveal-temporara-tatueringar\/"]}]},{"@type":"ImageObject","inLanguage":"da-DK","@id":"https:\/\/likeink.com\/da\/midlertidige-tatoveringer\/gender-reveal-temporara-tatueringar\/#primaryimage","url":"https:\/\/likeink.com\/wp-content\/uploads\/2026\/04\/Gender-revial-tattoos-likeink.jpg","contentUrl":"https:\/\/likeink.com\/wp-content\/uploads\/2026\/04\/Gender-revial-tattoos-likeink.jpg","width":1800,"height":1268,"caption":"I r\u00f8d og bl\u00e5 tekst st\u00e5r der I VOTE Girls og I VOTE Boys gentagne gange p\u00e5 en hvid baggrund, omgivet af sm\u00e5 hjerter, stjerner, poteaftryk og smiley-ansigter."},{"@type":"BreadcrumbList","@id":"https:\/\/likeink.com\/da\/midlertidige-tatoveringer\/gender-reveal-temporara-tatueringar\/#breadcrumb","itemListElement":[{"@type":"ListItem","position":1,"name":"Hem","item":"https:\/\/likeink.com\/da\/"},{"@type":"ListItem","position":2,"name":"Shop","item":"https:\/\/likeink.com\/da\/shop\/"},{"@type":"ListItem","position":3,"name":"&#8220;Gender Reveal&#8221; midlertidige tatoveringer"}]},{"@type":"WebSite","@id":"https:\/\/likeink.com\/da\/#website","url":"https:\/\/likeink.com\/da\/","name":"Like ink","description":"Make your own custom design","potentialAction":[{"@type":"SearchAction","target":{"@type":"EntryPoint","urlTemplate":"https:\/\/likeink.com\/da\/?s={search_term_string}"},"query-input":{"@type":"PropertyValueSpecification","valueRequired":true,"valueName":"search_term_string"}}],"inLanguage":"da-DK"}]}},"_links":{"self":[{"href":"https:\/\/likeink.com\/da\/wp-json\/wp\/v2\/product\/64125","targetHints":{"allow":["GET"]}}],"collection":[{"href":"https:\/\/likeink.com\/da\/wp-json\/wp\/v2\/product"}],"about":[{"href":"https:\/\/likeink.com\/da\/wp-json\/wp\/v2\/types\/product"}],"wp:featuredmedia":[{"embeddable":true,"href":"https:\/\/likeink.com\/da\/wp-json\/wp\/v2\/media\/64103"}],"wp:attachment":[{"href":"https:\/\/likeink.com\/da\/wp-json\/wp\/v2\/media?parent=64125"}],"wp:term":[{"taxonomy":"product_brand","embeddable":true,"href":"https:\/\/likeink.com\/da\/wp-json\/wp\/v2\/product_brand?post=64125"},{"taxonomy":"product_cat","embeddable":true,"href":"https:\/\/likeink.com\/da\/wp-json\/wp\/v2\/product_cat?post=64125"},{"taxonomy":"product_tag","embeddable":true,"href":"https:\/\/likeink.com\/da\/wp-json\/wp\/v2\/product_tag?post=64125"}],"curies":[{"name":"wp","href":"https:\/\/api.w.org\/{rel}","templated":true}]}}