{"id":64765,"date":"2026-05-08T07:49:16","date_gmt":"2026-05-08T07:49:16","guid":{"rendered":"https:\/\/likeink.com\/?post_type=product&#038;p=64765"},"modified":"2026-05-08T09:51:48","modified_gmt":"2026-05-08T09:51:48","slug":"mors-dag-tatoveringer","status":"publish","type":"product","link":"https:\/\/likeink.com\/da\/midlertidige-tatoveringer\/mors-dag-tatoveringer\/","title":{"rendered":"Mors dag tatoveringer"},"content":{"rendered":"","protected":false},"excerpt":{"rendered":"<p>Dette ark indeholder fine midlertidige tatoveringer til Mors dag. K\u00f8b disse tatoveringer for at vise din mor, hvor meget hun betyder for dig. Dette ark indeholder hjerter og blomster med fin tekst. Like Inks f\u00e6rdige ark med midlertidige tatoveringer er cirka 20\u00d714 cm og indeholder motiverne, der vises p\u00e5 billedet. Vi trykker og sender inden for 24 timer efter din bestilling. Tatoveringerne er stilrene, af h\u00f8j kvalitet, nemme at p\u00e5f\u00f8re og lette at vaske af. Like Ink f\u00f8lger alle EU\u2019s regler for kosmetiske produkter, s\u00e5 du kan bestille trygt.<\/p>\n<h2><strong> Midlertidige tatoveringer med motiver af hjerter og blomster til Mors dag <\/strong><\/h2>\n<p>Dette ark indeholder hjerter og blomster, b\u00e5de med og uden tekst.<\/p>\n<p>Dette ark indeholder 8 store midlertidige tatoveringer. Det indeholder ogs\u00e5 12 mindre tatoveringer. De store tatoveringer er perfekte som dekoration p\u00e5 glatte overflader og kan ogs\u00e5 bruges p\u00e5 kroppen som midlertidige tatoveringer. De sm\u00e5 tatoveringer er perfekte til ansigtet eller h\u00e6nderne, men de kan ogs\u00e5 bruges som dekoration.<\/p>\n<p><strong>Arkets st\u00f8rrelse:<\/strong> A5<br \/>\n<strong>Antal tatoveringer:<\/strong> 8 store, 12 sm\u00e5<br \/>\n<strong>St\u00f8rrelse p\u00e5 store tatoveringer:<\/strong> 4-6 cm<br \/>\n<strong>St\u00f8rrelse p\u00e5 sm\u00e5 tatoveringer:<\/strong> 0,7-1,5 cm<\/p>\n","protected":false},"featured_media":64684,"template":"","meta":[],"product_brand":[],"product_cat":[53,513,506],"product_tag":[],"class_list":{"0":"post-64765","1":"product","2":"type-product","3":"status-publish","4":"has-post-thumbnail","6":"product_cat-faerdige-ark","7":"product_cat-maskerade-saeson","8":"product_cat-old-school-og-retro","10":"first","11":"instock","12":"taxable","13":"shipping-taxable","14":"purchasable","15":"product-type-simple"},"yoast_head":"<!-- This site is optimized with the Yoast SEO Premium plugin v27.5 (Yoast SEO v27.6) - https:\/\/yoast.com\/product\/yoast-seo-premium-wordpress\/ -->\n<title>Mors dag tatoveringer - Like ink<\/title>\n<meta name=\"description\" content=\"Mors dag tatoveringer med hjerter, roser og motiver med teksten &quot;Mom&quot; og &quot;I love Mom&quot;. Fine midlertidige tatoveringer til at fejre mors dag.\" \/>\n<meta name=\"robots\" content=\"index, follow, max-snippet:-1, max-image-preview:large, max-video-preview:-1\" \/>\n<link rel=\"canonical\" href=\"https:\/\/likeink.com\/da\/midlertidige-tatoveringer\/mors-dag-tatoveringer\/\" \/>\n<meta property=\"og:locale\" content=\"da_DK\" \/>\n<meta property=\"og:type\" content=\"article\" \/>\n<meta property=\"og:title\" content=\"Mors dag tatoveringer\" \/>\n<meta property=\"og:description\" content=\"Dette ark indeholder fine midlertidige tatoveringer til Mors dag. K\u00f8b disse tatoveringer for at vise din mor, hvor meget hun betyder for dig. Dette ark indeholder hjerter og blomster med fin tekst. Like Inks f\u00e6rdige ark med midlertidige tatoveringer er cirka 20\u00d714 cm og indeholder motiverne, der vises p\u00e5 billedet. Vi trykker og sender inden for 24 timer efter din bestilling. Tatoveringerne er stilrene, af h\u00f8j kvalitet, nemme at p\u00e5f\u00f8re og lette at vaske af. Like Ink f\u00f8lger alle EU\u2019s regler for kosmetiske produkter, s\u00e5 du kan bestille trygt.  Midlertidige tatoveringer med motiver af hjerter og blomster til Mors dag  Dette ark indeholder hjerter og blomster, b\u00e5de med og uden tekst.  Dette ark indeholder 8 store midlertidige tatoveringer. Det indeholder ogs\u00e5 12 mindre tatoveringer. De store tatoveringer er perfekte som dekoration p\u00e5 glatte overflader og kan ogs\u00e5 bruges p\u00e5 kroppen som midlertidige tatoveringer. De sm\u00e5 tatoveringer er perfekte til ansigtet eller h\u00e6nderne, men de kan ogs\u00e5 bruges som dekoration.  Arkets st\u00f8rrelse: A5 Antal tatoveringer: 8 store, 12 sm\u00e5 St\u00f8rrelse p\u00e5 store tatoveringer: 4-6 cm St\u00f8rrelse p\u00e5 sm\u00e5 tatoveringer: 0,7-1,5 cm\" \/>\n<meta property=\"og:url\" content=\"https:\/\/likeink.com\/da\/midlertidige-tatoveringer\/mors-dag-tatoveringer\/\" \/>\n<meta property=\"og:site_name\" content=\"Like ink\" \/>\n<meta property=\"article:publisher\" content=\"https:\/\/www.facebook.com\/LikeInkSe\" \/>\n<meta property=\"article:modified_time\" content=\"2026-05-08T09:51:48+00:00\" \/>\n<meta property=\"og:image\" content=\"https:\/\/likeink.com\/wp-content\/uploads\/2026\/05\/Mom-TemporaryTattoos-Likeink.jpg\" \/>\n\t<meta property=\"og:image:width\" content=\"1800\" \/>\n\t<meta property=\"og:image:height\" content=\"1268\" \/>\n\t<meta property=\"og:image:type\" content=\"image\/jpeg\" \/>\n<meta name=\"twitter:card\" content=\"summary_large_image\" \/>\n<meta name=\"twitter:label1\" content=\"Estimeret l\u00e6setid\" \/>\n\t<meta name=\"twitter:data1\" content=\"1 minut\" \/>\n<!-- \/ Yoast SEO Premium plugin. -->","yoast_head_json":{"title":"Mors dag tatoveringer - Like ink","description":"Mors dag tatoveringer med hjerter, roser og motiver med teksten \"Mom\" og \"I love Mom\". Fine midlertidige tatoveringer til at fejre mors dag.","robots":{"index":"index","follow":"follow","max-snippet":"max-snippet:-1","max-image-preview":"max-image-preview:large","max-video-preview":"max-video-preview:-1"},"canonical":"https:\/\/likeink.com\/da\/midlertidige-tatoveringer\/mors-dag-tatoveringer\/","og_locale":"da_DK","og_type":"article","og_title":"Mors dag tatoveringer","og_description":"Dette ark indeholder fine midlertidige tatoveringer til Mors dag. K\u00f8b disse tatoveringer for at vise din mor, hvor meget hun betyder for dig. Dette ark indeholder hjerter og blomster med fin tekst. Like Inks f\u00e6rdige ark med midlertidige tatoveringer er cirka 20\u00d714 cm og indeholder motiverne, der vises p\u00e5 billedet. Vi trykker og sender inden for 24 timer efter din bestilling. Tatoveringerne er stilrene, af h\u00f8j kvalitet, nemme at p\u00e5f\u00f8re og lette at vaske af. Like Ink f\u00f8lger alle EU\u2019s regler for kosmetiske produkter, s\u00e5 du kan bestille trygt.  Midlertidige tatoveringer med motiver af hjerter og blomster til Mors dag  Dette ark indeholder hjerter og blomster, b\u00e5de med og uden tekst.  Dette ark indeholder 8 store midlertidige tatoveringer. Det indeholder ogs\u00e5 12 mindre tatoveringer. De store tatoveringer er perfekte som dekoration p\u00e5 glatte overflader og kan ogs\u00e5 bruges p\u00e5 kroppen som midlertidige tatoveringer. De sm\u00e5 tatoveringer er perfekte til ansigtet eller h\u00e6nderne, men de kan ogs\u00e5 bruges som dekoration.  Arkets st\u00f8rrelse: A5 Antal tatoveringer: 8 store, 12 sm\u00e5 St\u00f8rrelse p\u00e5 store tatoveringer: 4-6 cm St\u00f8rrelse p\u00e5 sm\u00e5 tatoveringer: 0,7-1,5 cm","og_url":"https:\/\/likeink.com\/da\/midlertidige-tatoveringer\/mors-dag-tatoveringer\/","og_site_name":"Like ink","article_publisher":"https:\/\/www.facebook.com\/LikeInkSe","article_modified_time":"2026-05-08T09:51:48+00:00","og_image":[{"width":1800,"height":1268,"url":"https:\/\/likeink.com\/wp-content\/uploads\/2026\/05\/Mom-TemporaryTattoos-Likeink.jpg","type":"image\/jpeg"}],"twitter_card":"summary_large_image","twitter_misc":{"Estimeret l\u00e6setid":"1 minut"},"schema":{"@context":"https:\/\/schema.org","@graph":[{"@type":"WebPage","@id":"https:\/\/likeink.com\/da\/midlertidige-tatoveringer\/mors-dag-tatoveringer\/","url":"https:\/\/likeink.com\/da\/midlertidige-tatoveringer\/mors-dag-tatoveringer\/","name":"Mors dag tatoveringer - Like ink","isPartOf":{"@id":"https:\/\/likeink.com\/da\/#website"},"primaryImageOfPage":{"@id":"https:\/\/likeink.com\/da\/midlertidige-tatoveringer\/mors-dag-tatoveringer\/#primaryimage"},"image":{"@id":"https:\/\/likeink.com\/da\/midlertidige-tatoveringer\/mors-dag-tatoveringer\/#primaryimage"},"thumbnailUrl":"https:\/\/likeink.com\/wp-content\/uploads\/2026\/05\/Mom-TemporaryTattoos-Likeink.jpg","datePublished":"2026-05-08T07:49:16+00:00","dateModified":"2026-05-08T09:51:48+00:00","description":"Mors dag tatoveringer med hjerter, roser og motiver med teksten \"Mom\" og \"I love Mom\". Fine midlertidige tatoveringer til at fejre mors dag.","breadcrumb":{"@id":"https:\/\/likeink.com\/da\/midlertidige-tatoveringer\/mors-dag-tatoveringer\/#breadcrumb"},"inLanguage":"da-DK","potentialAction":[{"@type":"ReadAction","target":["https:\/\/likeink.com\/da\/midlertidige-tatoveringer\/mors-dag-tatoveringer\/"]}]},{"@type":"ImageObject","inLanguage":"da-DK","@id":"https:\/\/likeink.com\/da\/midlertidige-tatoveringer\/mors-dag-tatoveringer\/#primaryimage","url":"https:\/\/likeink.com\/wp-content\/uploads\/2026\/05\/Mom-TemporaryTattoos-Likeink.jpg","contentUrl":"https:\/\/likeink.com\/wp-content\/uploads\/2026\/05\/Mom-TemporaryTattoos-Likeink.jpg","width":1800,"height":1268,"caption":"Forskellige tatoveringslignende billeder af r\u00f8de hjerter og r\u00f8de roser. Nogle hjerter har solbrune bannere med budskaberne MOM eller I \u2665 MOM skrevet p\u00e5 dem. Baggrunden er hvid."},{"@type":"BreadcrumbList","@id":"https:\/\/likeink.com\/da\/midlertidige-tatoveringer\/mors-dag-tatoveringer\/#breadcrumb","itemListElement":[{"@type":"ListItem","position":1,"name":"Hem","item":"https:\/\/likeink.com\/da\/"},{"@type":"ListItem","position":2,"name":"Shop","item":"https:\/\/likeink.com\/da\/shop\/"},{"@type":"ListItem","position":3,"name":"Mors dag tatoveringer"}]},{"@type":"WebSite","@id":"https:\/\/likeink.com\/da\/#website","url":"https:\/\/likeink.com\/da\/","name":"Like ink","description":"Make your own custom design","potentialAction":[{"@type":"SearchAction","target":{"@type":"EntryPoint","urlTemplate":"https:\/\/likeink.com\/da\/?s={search_term_string}"},"query-input":{"@type":"PropertyValueSpecification","valueRequired":true,"valueName":"search_term_string"}}],"inLanguage":"da-DK"}]}},"_links":{"self":[{"href":"https:\/\/likeink.com\/da\/wp-json\/wp\/v2\/product\/64765","targetHints":{"allow":["GET"]}}],"collection":[{"href":"https:\/\/likeink.com\/da\/wp-json\/wp\/v2\/product"}],"about":[{"href":"https:\/\/likeink.com\/da\/wp-json\/wp\/v2\/types\/product"}],"wp:featuredmedia":[{"embeddable":true,"href":"https:\/\/likeink.com\/da\/wp-json\/wp\/v2\/media\/64684"}],"wp:attachment":[{"href":"https:\/\/likeink.com\/da\/wp-json\/wp\/v2\/media?parent=64765"}],"wp:term":[{"taxonomy":"product_brand","embeddable":true,"href":"https:\/\/likeink.com\/da\/wp-json\/wp\/v2\/product_brand?post=64765"},{"taxonomy":"product_cat","embeddable":true,"href":"https:\/\/likeink.com\/da\/wp-json\/wp\/v2\/product_cat?post=64765"},{"taxonomy":"product_tag","embeddable":true,"href":"https:\/\/likeink.com\/da\/wp-json\/wp\/v2\/product_tag?post=64765"}],"curies":[{"name":"wp","href":"https:\/\/api.w.org\/{rel}","templated":true}]}}