{"id":65109,"date":"2021-02-18T13:25:15","date_gmt":"2021-02-18T13:25:15","guid":{"rendered":"https:\/\/likeink.com\/gnuggisar\/flash-1-by-kain-at-zoi-tattoo\/"},"modified":"2026-05-12T11:09:11","modified_gmt":"2026-05-12T11:09:11","slug":"flash-pentagram-by-kain-toro-at-zoi-tattoo","status":"publish","type":"product","link":"https:\/\/likeink.com\/da\/midlertidige-tatoveringer\/flash-pentagram-by-kain-toro-at-zoi-tattoo\/","title":{"rendered":"Flash &#8220;Pentagram&#8221; af Kain Toro hos Zoi Tattoo"},"content":{"rendered":"","protected":false},"excerpt":{"rendered":"<p>Vores f\u00e6rdige ark med midlertidige tatoveringer er cirka 20\u00d715 cm store og fyldt med det design, du ser p\u00e5 billedet. For at sikre, at du bliver tilfreds, trykker og sender vi arket inden for 24 timer efter din bestilling.<\/p>\n<h2>Midlertidige tatoveringer af Kain<\/h2>\n<p>Dette ark er designet af den talentfulde tatov\u00f8r Kain Toro hos Zoi Tattoo.<\/p>\n<p><strong>Dette er Kain:<\/strong> En supertalentfuld tatov\u00f8r fra Colombia, som arbejder hos Zoi Tattoo i Malm\u00f6, Sverige. Kain elsker black and grey, kranier og rock n roll. For nogle \u00e5r siden tatoverede Kain et anker p\u00e5 min underarm. Jeg blev imponeret over, hvor hurtigt han tatoverede, hvor fine linjerne blev, og hans sans for detaljer.<br \/>\nVi er vilde med at kunne tilbyde nogle af Kains designs som midlertidige tatoveringer!<\/p>\n<p><strong>Kontakt Kain:<\/strong><\/p>\n<p><strong>Instagram:<\/strong><\/p>\n<p>@6kain6<\/p>\n<p><strong>Studio:<\/strong><\/p>\n<p>Zoi Tattoo<\/p>\n<p><strong>Adresse:<\/strong><\/p>\n<p>Stora Nygatan 42, MALM\u00d6<\/p>\n<p><strong>Hjemmeside:<\/strong> https:\/\/www.zoitattoo.com<\/p>\n","protected":false},"featured_media":60673,"template":"","meta":[],"product_brand":[],"product_cat":[53,500],"product_tag":[],"class_list":{"0":"post-65109","1":"product","2":"type-product","3":"status-publish","4":"has-post-thumbnail","6":"product_cat-faerdige-ark","7":"product_cat-samarbejder-med-tatovoerer","9":"first","10":"instock","11":"taxable","12":"shipping-taxable","13":"purchasable","14":"product-type-simple"},"yoast_head":"<!-- This site is optimized with the Yoast SEO Premium plugin v27.5 (Yoast SEO v27.6) - https:\/\/yoast.com\/product\/yoast-seo-premium-wordpress\/ -->\n<title>Flash &quot;Pentagram&quot; af Kain Toro hos Zoi Tattoo<\/title>\n<meta name=\"description\" content=\"Pentagram-tatovering: K\u00f8b fake tattoos flash sheet med design fra tatov\u00f8ren Kain hos Zoi Ink. A5-ark for 98 kr, hurtig levering og fri fragt - Like ink\" \/>\n<meta name=\"robots\" content=\"index, follow, max-snippet:-1, max-image-preview:large, max-video-preview:-1\" \/>\n<link rel=\"canonical\" href=\"https:\/\/likeink.com\/da\/midlertidige-tatoveringer\/flash-pentagram-by-kain-toro-at-zoi-tattoo\/\" \/>\n<meta property=\"og:locale\" content=\"da_DK\" \/>\n<meta property=\"og:type\" content=\"article\" \/>\n<meta property=\"og:title\" content=\"Flash &quot;Pentagram&quot; af Kain Toro hos Zoi Tattoo\" \/>\n<meta property=\"og:description\" content=\"Vores f\u00e6rdige ark med midlertidige tatoveringer er cirka 20\u00d715 cm store og fyldt med det design, du ser p\u00e5 billedet. For at sikre, at du bliver tilfreds, trykker og sender vi arket inden for 24 timer efter din bestilling. Midlertidige tatoveringer af Kain Dette ark er designet af den talentfulde tatov\u00f8r Kain Toro hos Zoi Tattoo.  Dette er Kain: En supertalentfuld tatov\u00f8r fra Colombia, som arbejder hos Zoi Tattoo i Malm\u00f6, Sverige. Kain elsker black and grey, kranier og rock n roll. For nogle \u00e5r siden tatoverede Kain et anker p\u00e5 min underarm. Jeg blev imponeret over, hvor hurtigt han tatoverede, hvor fine linjerne blev, og hans sans for detaljer. Vi er vilde med at kunne tilbyde nogle af Kains designs som midlertidige tatoveringer!  Kontakt Kain:  Instagram:  @6kain6  Studio:  Zoi Tattoo  Adresse:  Stora Nygatan 42, MALM\u00d6  Hjemmeside: https:\/\/www.zoitattoo.com\" \/>\n<meta property=\"og:url\" content=\"https:\/\/likeink.com\/da\/midlertidige-tatoveringer\/flash-pentagram-by-kain-toro-at-zoi-tattoo\/\" \/>\n<meta property=\"og:site_name\" content=\"Like ink\" \/>\n<meta property=\"article:publisher\" content=\"https:\/\/www.facebook.com\/LikeInkSe\" \/>\n<meta property=\"article:modified_time\" content=\"2026-05-12T11:09:11+00:00\" \/>\n<meta property=\"og:image\" content=\"https:\/\/likeink.com\/wp-content\/uploads\/2021\/02\/Kain4-TRYCK-e1613654184334.jpg\" \/>\n\t<meta property=\"og:image:width\" content=\"1135\" \/>\n\t<meta property=\"og:image:height\" content=\"800\" \/>\n\t<meta property=\"og:image:type\" content=\"image\/jpeg\" \/>\n<meta name=\"twitter:card\" content=\"summary_large_image\" \/>\n<meta name=\"twitter:label1\" content=\"Estimeret l\u00e6setid\" \/>\n\t<meta name=\"twitter:data1\" content=\"1 minut\" \/>\n<!-- \/ Yoast SEO Premium plugin. -->","yoast_head_json":{"title":"Flash \"Pentagram\" af Kain Toro hos Zoi Tattoo","description":"Pentagram-tatovering: K\u00f8b fake tattoos flash sheet med design fra tatov\u00f8ren Kain hos Zoi Ink. A5-ark for 98 kr, hurtig levering og fri fragt - Like ink","robots":{"index":"index","follow":"follow","max-snippet":"max-snippet:-1","max-image-preview":"max-image-preview:large","max-video-preview":"max-video-preview:-1"},"canonical":"https:\/\/likeink.com\/da\/midlertidige-tatoveringer\/flash-pentagram-by-kain-toro-at-zoi-tattoo\/","og_locale":"da_DK","og_type":"article","og_title":"Flash \"Pentagram\" af Kain Toro hos Zoi Tattoo","og_description":"Vores f\u00e6rdige ark med midlertidige tatoveringer er cirka 20\u00d715 cm store og fyldt med det design, du ser p\u00e5 billedet. For at sikre, at du bliver tilfreds, trykker og sender vi arket inden for 24 timer efter din bestilling. Midlertidige tatoveringer af Kain Dette ark er designet af den talentfulde tatov\u00f8r Kain Toro hos Zoi Tattoo.  Dette er Kain: En supertalentfuld tatov\u00f8r fra Colombia, som arbejder hos Zoi Tattoo i Malm\u00f6, Sverige. Kain elsker black and grey, kranier og rock n roll. For nogle \u00e5r siden tatoverede Kain et anker p\u00e5 min underarm. Jeg blev imponeret over, hvor hurtigt han tatoverede, hvor fine linjerne blev, og hans sans for detaljer. Vi er vilde med at kunne tilbyde nogle af Kains designs som midlertidige tatoveringer!  Kontakt Kain:  Instagram:  @6kain6  Studio:  Zoi Tattoo  Adresse:  Stora Nygatan 42, MALM\u00d6  Hjemmeside: https:\/\/www.zoitattoo.com","og_url":"https:\/\/likeink.com\/da\/midlertidige-tatoveringer\/flash-pentagram-by-kain-toro-at-zoi-tattoo\/","og_site_name":"Like ink","article_publisher":"https:\/\/www.facebook.com\/LikeInkSe","article_modified_time":"2026-05-12T11:09:11+00:00","og_image":[{"width":1135,"height":800,"url":"https:\/\/likeink.com\/wp-content\/uploads\/2021\/02\/Kain4-TRYCK-e1613654184334.jpg","type":"image\/jpeg"}],"twitter_card":"summary_large_image","twitter_misc":{"Estimeret l\u00e6setid":"1 minut"},"schema":{"@context":"https:\/\/schema.org","@graph":[{"@type":"WebPage","@id":"https:\/\/likeink.com\/da\/midlertidige-tatoveringer\/flash-pentagram-by-kain-toro-at-zoi-tattoo\/","url":"https:\/\/likeink.com\/da\/midlertidige-tatoveringer\/flash-pentagram-by-kain-toro-at-zoi-tattoo\/","name":"Flash \"Pentagram\" af Kain Toro hos Zoi Tattoo","isPartOf":{"@id":"https:\/\/likeink.com\/da\/#website"},"primaryImageOfPage":{"@id":"https:\/\/likeink.com\/da\/midlertidige-tatoveringer\/flash-pentagram-by-kain-toro-at-zoi-tattoo\/#primaryimage"},"image":{"@id":"https:\/\/likeink.com\/da\/midlertidige-tatoveringer\/flash-pentagram-by-kain-toro-at-zoi-tattoo\/#primaryimage"},"thumbnailUrl":"https:\/\/likeink.com\/wp-content\/uploads\/2021\/02\/Kain4-TRYCK-e1613654184334.jpg","datePublished":"2021-02-18T13:25:15+00:00","dateModified":"2026-05-12T11:09:11+00:00","description":"Pentagram-tatovering: K\u00f8b fake tattoos flash sheet med design fra tatov\u00f8ren Kain hos Zoi Ink. A5-ark for 98 kr, hurtig levering og fri fragt - Like ink","breadcrumb":{"@id":"https:\/\/likeink.com\/da\/midlertidige-tatoveringer\/flash-pentagram-by-kain-toro-at-zoi-tattoo\/#breadcrumb"},"inLanguage":"da-DK","potentialAction":[{"@type":"ReadAction","target":["https:\/\/likeink.com\/da\/midlertidige-tatoveringer\/flash-pentagram-by-kain-toro-at-zoi-tattoo\/"]}]},{"@type":"ImageObject","inLanguage":"da-DK","@id":"https:\/\/likeink.com\/da\/midlertidige-tatoveringer\/flash-pentagram-by-kain-toro-at-zoi-tattoo\/#primaryimage","url":"https:\/\/likeink.com\/wp-content\/uploads\/2021\/02\/Kain4-TRYCK-e1613654184334.jpg","contentUrl":"https:\/\/likeink.com\/wp-content\/uploads\/2021\/02\/Kain4-TRYCK-e1613654184334.jpg","width":1135,"height":800,"caption":"Tattoo designs by Kan Toro."},{"@type":"BreadcrumbList","@id":"https:\/\/likeink.com\/da\/midlertidige-tatoveringer\/flash-pentagram-by-kain-toro-at-zoi-tattoo\/#breadcrumb","itemListElement":[{"@type":"ListItem","position":1,"name":"Hem","item":"https:\/\/likeink.com\/da\/"},{"@type":"ListItem","position":2,"name":"Shop","item":"https:\/\/likeink.com\/da\/shop\/"},{"@type":"ListItem","position":3,"name":"Flash &#8220;Pentagram&#8221; af Kain Toro hos Zoi Tattoo"}]},{"@type":"WebSite","@id":"https:\/\/likeink.com\/da\/#website","url":"https:\/\/likeink.com\/da\/","name":"Like ink","description":"Make your own custom design","potentialAction":[{"@type":"SearchAction","target":{"@type":"EntryPoint","urlTemplate":"https:\/\/likeink.com\/da\/?s={search_term_string}"},"query-input":{"@type":"PropertyValueSpecification","valueRequired":true,"valueName":"search_term_string"}}],"inLanguage":"da-DK"}]}},"_links":{"self":[{"href":"https:\/\/likeink.com\/da\/wp-json\/wp\/v2\/product\/65109","targetHints":{"allow":["GET"]}}],"collection":[{"href":"https:\/\/likeink.com\/da\/wp-json\/wp\/v2\/product"}],"about":[{"href":"https:\/\/likeink.com\/da\/wp-json\/wp\/v2\/types\/product"}],"wp:featuredmedia":[{"embeddable":true,"href":"https:\/\/likeink.com\/da\/wp-json\/wp\/v2\/media\/60673"}],"wp:attachment":[{"href":"https:\/\/likeink.com\/da\/wp-json\/wp\/v2\/media?parent=65109"}],"wp:term":[{"taxonomy":"product_brand","embeddable":true,"href":"https:\/\/likeink.com\/da\/wp-json\/wp\/v2\/product_brand?post=65109"},{"taxonomy":"product_cat","embeddable":true,"href":"https:\/\/likeink.com\/da\/wp-json\/wp\/v2\/product_cat?post=65109"},{"taxonomy":"product_tag","embeddable":true,"href":"https:\/\/likeink.com\/da\/wp-json\/wp\/v2\/product_tag?post=65109"}],"curies":[{"name":"wp","href":"https:\/\/api.w.org\/{rel}","templated":true}]}}