{"id":7854,"date":"2021-10-07T05:13:50","date_gmt":"2021-10-07T05:13:50","guid":{"rendered":"https:\/\/likeink.se\/produkt\/halloween-ghost-by-akkas-tattoo\/"},"modified":"2026-03-16T15:38:56","modified_gmt":"2026-03-16T15:38:56","slug":"halloween-spoegelser","status":"publish","type":"product","link":"https:\/\/likeink.com\/da\/midlertidige-tatoveringer\/halloween-spoegelser\/","title":{"rendered":"Halloween \u201cSp\u00f8gelser\u201d Studio by Akka"},"content":{"rendered":"","protected":false},"excerpt":{"rendered":"<p>Hos Like ink kan du bestille f\u00e6rdige ark med engangstatoveringer, ogs\u00e5 kendt som midlertidige eller fake tatoveringer. Vi printer og sender dine tatoveringer inden for 24 timer!<br \/>\nVi har masser af f\u00e6rdige ark med fake tatoveringer, og du kan desuden uploade valgfrie billeder eller illustrationer og bestille midlertidige tatoveringer med dit eget design. <\/p>\n<p>Vi h\u00e5ber, du kan lide designet\/tatoveringerne p\u00e5 dette ark med produktnavnet &#8220;Halloween \u201cSp\u00f8gelser\u201d Studio by Akka A5-ark&#8221; &#8211; tak for, at du har valgt at bestille dine engangstatoveringer hos Like ink. <\/p>\n<h2>Bestil engangstatoveringer med sp\u00f8gelser tegnet af tatoveringsartist Akka fra Studio by Akka. Bestil sp\u00f8gelseslignende engangstatoveringer til halloween! <\/h2>\n<p>Tatoveringen m\u00e5ler:<br \/>\nVores ark med engangstatoveringer m\u00e5ler 20 x 14 cm og er udfyldt med det design, du ser p\u00e5 produktbilledet. <\/p>\n<p>Hvor l\u00e6nge holder jeres fake tatoveringer, og hvordan g\u00f8r man?<br \/>\nAlt afh\u00e6ngigt af hvor du v\u00e6lger at placere din tatovering, og hvordan du plejer den, vil den holde i ca. 1-10 dage. De fake tatoveringerne er nemme at s\u00e6tte p\u00e5 hunden og vaske af igen, og der medf\u00f8lger naturligvis instruktioner med din ordre. <\/p>\n<p>&#8211;\tKlip den midlertidige tatovering ud fra arket med en s\u00e5 lille margin som muligt<br \/>\n&#8211;\tFjern den beskyttende plastfilm<br \/>\n&#8211;\tPlac\u00e9r engangstatoveringen det \u00f8nskede sted p\u00e5 huden<br \/>\n&#8211;\tP\u00e5f\u00f8r vand med en v\u00e5d svamp eller et h\u00e5ndkl\u00e6de<br \/>\n&#8211;\tFjern forsigtigt det v\u00e5de papir efter 15 sekunder<br \/>\n&#8211;\tS\u00e5 er du f\u00e6rdig! God forn\u00f8jelse!<br \/>\n&#8211;\tHvis du vil undg\u00e5 alt for meget glans, kan du bruge lidt babypudder.<\/p>\n<p>\u00d8vrig information! <\/p>\n<p>Levering:<br \/>\nVi sender dagligt ordrer over hele verden fra vores trykkeri i Malm\u00f8. Vi printer og sender dine midlertidige tatoveringer inden for 24 timer, men selvom vi er hurtige, er den normale leveringstid 5-10 dage uden for Sveriges gr\u00e6nser. Bestil dine tatoveringer i god tid. <\/p>\n<p>Er jeres fake tatoveringer milj\u00f8venlige?<br \/>\nLike inks engangstatoveringer er veganske, da milj\u00f8et er et vigtigt element for hele vores team. Alle komponenter er fri for PVC og PCB.<br \/>\nVi klimakompenserer alle forsendelser og bruger bl\u00e6k, kuverter og tryksager, der er svanem\u00e6rket &#8211; det er b\u00e5de mere sikkert for dig og milj\u00f8et.<br \/>\nVi f\u00f8lger EC1223-2009 Cosmetics Regulations (EF-forordning om kosmetiske produkter vedr\u00f8rende sikkerhed)<\/p>\n<p>Hav en fantastisk dag! <\/p>\n<p>Like ink \u2013 Real Fake Tattoos! <\/p>\n<p>Antal motiver: 25<br \/>\nSt\u00f8rrelse p\u00e5 st\u00f8rste tatovering: 6 cm<\/p>\n<p>Get in touch with Annica:<\/p>\n<p>Instagram<br \/>\nakkas_tattoo<\/p>\n<p>Facebook:<br \/>\nAkkas Tattoo<\/p>\n<p>Studio:<br \/>\nAkkas Tattoo<br \/>\nAdress:<\/p>\n<p>S\u00f6dra J\u00e4rnv\u00e4gsgatan 27 i Vinsl\u00f6v<br \/>\nWeb: www.akkastattoo.se<\/p>\n","protected":false},"featured_media":60309,"template":"","meta":[],"product_brand":[],"product_cat":[53,513],"product_tag":[],"class_list":{"0":"post-7854","1":"product","2":"type-product","3":"status-publish","4":"has-post-thumbnail","6":"product_cat-faerdige-ark","7":"product_cat-maskerade-saeson","9":"first","10":"instock","11":"taxable","12":"shipping-taxable","13":"purchasable","14":"product-type-simple"},"yoast_head":"<!-- This site is optimized with the Yoast SEO Premium plugin v26.2 (Yoast SEO v27.5) - https:\/\/yoast.com\/product\/yoast-seo-premium-wordpress\/ -->\n<title>Halloween \u201cSp\u00f8gelser\u201d Engangstatoveringer - Like ink<\/title>\n<meta name=\"description\" content=\"Bestil engangstatoveringer med halloween sp\u00f8gelser tegnet af tatoveringsartist Studio by Akka. Engangstatoveringer til halloween! - Like ink\" \/>\n<meta name=\"robots\" content=\"index, follow, max-snippet:-1, max-image-preview:large, max-video-preview:-1\" \/>\n<link rel=\"canonical\" href=\"https:\/\/likeink.com\/da\/midlertidige-tatoveringer\/halloween-spoegelser\/\" \/>\n<meta property=\"og:locale\" content=\"da_DK\" \/>\n<meta property=\"og:type\" content=\"article\" \/>\n<meta property=\"og:title\" content=\"Halloween \u201cSp\u00f8gelser\u201d Studio by Akka\" \/>\n<meta property=\"og:description\" content=\"Hos Like ink kan du bestille f\u00e6rdige ark med engangstatoveringer, ogs\u00e5 kendt som midlertidige eller fake tatoveringer. Vi printer og sender dine tatoveringer inden for 24 timer!  Vi har masser af f\u00e6rdige ark med fake tatoveringer, og du kan desuden uploade valgfrie billeder eller illustrationer og bestille midlertidige tatoveringer med dit eget design.   Vi h\u00e5ber, du kan lide designet\/tatoveringerne p\u00e5 dette ark med produktnavnet &quot;Halloween \u201cSp\u00f8gelser\u201d Studio by Akka A5-ark&quot; - tak for, at du har valgt at bestille dine engangstatoveringer hos Like ink.   Bestil engangstatoveringer med sp\u00f8gelser tegnet af tatoveringsartist Akka fra Studio by Akka. Bestil sp\u00f8gelseslignende engangstatoveringer til halloween!   Tatoveringen m\u00e5ler:  Vores ark med engangstatoveringer m\u00e5ler 20 x 14 cm og er udfyldt med det design, du ser p\u00e5 produktbilledet.   Hvor l\u00e6nge holder jeres fake tatoveringer, og hvordan g\u00f8r man?  Alt afh\u00e6ngigt af hvor du v\u00e6lger at placere din tatovering, og hvordan du plejer den, vil den holde i ca. 1-10 dage. De fake tatoveringerne er nemme at s\u00e6tte p\u00e5 hunden og vaske af igen, og der medf\u00f8lger naturligvis instruktioner med din ordre.   - Klip den midlertidige tatovering ud fra arket med en s\u00e5 lille margin som muligt - Fjern den beskyttende plastfilm - Plac\u00e9r engangstatoveringen det \u00f8nskede sted p\u00e5 huden - P\u00e5f\u00f8r vand med en v\u00e5d svamp eller et h\u00e5ndkl\u00e6de - Fjern forsigtigt det v\u00e5de papir efter 15 sekunder - S\u00e5 er du f\u00e6rdig! God forn\u00f8jelse! - Hvis du vil undg\u00e5 alt for meget glans, kan du bruge lidt babypudder.  \u00d8vrig information!   Levering:  Vi sender dagligt ordrer over hele verden fra vores trykkeri i Malm\u00f8. Vi printer og sender dine midlertidige tatoveringer inden for 24 timer, men selvom vi er hurtige, er den normale leveringstid 5-10 dage uden for Sveriges gr\u00e6nser. Bestil dine tatoveringer i god tid.   Er jeres fake tatoveringer milj\u00f8venlige?  Like inks engangstatoveringer er veganske, da milj\u00f8et er et vigtigt element for hele vores team. Alle komponenter er fri for PVC og PCB. Vi klimakompenserer alle forsendelser og bruger bl\u00e6k, kuverter og tryksager, der er svanem\u00e6rket - det er b\u00e5de mere sikkert for dig og milj\u00f8et.  Vi f\u00f8lger EC1223-2009 Cosmetics Regulations (EF-forordning om kosmetiske produkter vedr\u00f8rende sikkerhed)  Hav en fantastisk dag!   Like ink \u2013 Real Fake Tattoos!   Antal motiver: 25 St\u00f8rrelse p\u00e5 st\u00f8rste tatovering: 6 cm  Get in touch with Annica:  Instagram akkas_tattoo  Facebook: Akkas Tattoo  Studio: Akkas Tattoo Adress:  S\u00f6dra J\u00e4rnv\u00e4gsgatan 27 i Vinsl\u00f6v Web: www.akkastattoo.se\" \/>\n<meta property=\"og:url\" content=\"https:\/\/likeink.com\/da\/midlertidige-tatoveringer\/halloween-spoegelser\/\" \/>\n<meta property=\"og:site_name\" content=\"Like ink\" \/>\n<meta property=\"article:publisher\" content=\"https:\/\/www.facebook.com\/LikeInkSe\" \/>\n<meta property=\"article:modified_time\" content=\"2026-03-16T15:38:56+00:00\" \/>\n<meta property=\"og:image\" content=\"https:\/\/likeink.com\/wp-content\/uploads\/2021\/10\/HAlloween-AKKA-GHOST-1536x1086-1.png\" \/>\n\t<meta property=\"og:image:width\" content=\"1536\" \/>\n\t<meta property=\"og:image:height\" content=\"1086\" \/>\n\t<meta property=\"og:image:type\" content=\"image\/png\" \/>\n<meta name=\"twitter:card\" content=\"summary_large_image\" \/>\n<!-- \/ Yoast SEO Premium plugin. -->","yoast_head_json":{"title":"Halloween \u201cSp\u00f8gelser\u201d Engangstatoveringer - Like ink","description":"Bestil engangstatoveringer med halloween sp\u00f8gelser tegnet af tatoveringsartist Studio by Akka. Engangstatoveringer til halloween! - Like ink","robots":{"index":"index","follow":"follow","max-snippet":"max-snippet:-1","max-image-preview":"max-image-preview:large","max-video-preview":"max-video-preview:-1"},"canonical":"https:\/\/likeink.com\/da\/midlertidige-tatoveringer\/halloween-spoegelser\/","og_locale":"da_DK","og_type":"article","og_title":"Halloween \u201cSp\u00f8gelser\u201d Studio by Akka","og_description":"Hos Like ink kan du bestille f\u00e6rdige ark med engangstatoveringer, ogs\u00e5 kendt som midlertidige eller fake tatoveringer. Vi printer og sender dine tatoveringer inden for 24 timer!  Vi har masser af f\u00e6rdige ark med fake tatoveringer, og du kan desuden uploade valgfrie billeder eller illustrationer og bestille midlertidige tatoveringer med dit eget design.   Vi h\u00e5ber, du kan lide designet\/tatoveringerne p\u00e5 dette ark med produktnavnet \"Halloween \u201cSp\u00f8gelser\u201d Studio by Akka A5-ark\" - tak for, at du har valgt at bestille dine engangstatoveringer hos Like ink.   Bestil engangstatoveringer med sp\u00f8gelser tegnet af tatoveringsartist Akka fra Studio by Akka. Bestil sp\u00f8gelseslignende engangstatoveringer til halloween!   Tatoveringen m\u00e5ler:  Vores ark med engangstatoveringer m\u00e5ler 20 x 14 cm og er udfyldt med det design, du ser p\u00e5 produktbilledet.   Hvor l\u00e6nge holder jeres fake tatoveringer, og hvordan g\u00f8r man?  Alt afh\u00e6ngigt af hvor du v\u00e6lger at placere din tatovering, og hvordan du plejer den, vil den holde i ca. 1-10 dage. De fake tatoveringerne er nemme at s\u00e6tte p\u00e5 hunden og vaske af igen, og der medf\u00f8lger naturligvis instruktioner med din ordre.   - Klip den midlertidige tatovering ud fra arket med en s\u00e5 lille margin som muligt - Fjern den beskyttende plastfilm - Plac\u00e9r engangstatoveringen det \u00f8nskede sted p\u00e5 huden - P\u00e5f\u00f8r vand med en v\u00e5d svamp eller et h\u00e5ndkl\u00e6de - Fjern forsigtigt det v\u00e5de papir efter 15 sekunder - S\u00e5 er du f\u00e6rdig! God forn\u00f8jelse! - Hvis du vil undg\u00e5 alt for meget glans, kan du bruge lidt babypudder.  \u00d8vrig information!   Levering:  Vi sender dagligt ordrer over hele verden fra vores trykkeri i Malm\u00f8. Vi printer og sender dine midlertidige tatoveringer inden for 24 timer, men selvom vi er hurtige, er den normale leveringstid 5-10 dage uden for Sveriges gr\u00e6nser. Bestil dine tatoveringer i god tid.   Er jeres fake tatoveringer milj\u00f8venlige?  Like inks engangstatoveringer er veganske, da milj\u00f8et er et vigtigt element for hele vores team. Alle komponenter er fri for PVC og PCB. Vi klimakompenserer alle forsendelser og bruger bl\u00e6k, kuverter og tryksager, der er svanem\u00e6rket - det er b\u00e5de mere sikkert for dig og milj\u00f8et.  Vi f\u00f8lger EC1223-2009 Cosmetics Regulations (EF-forordning om kosmetiske produkter vedr\u00f8rende sikkerhed)  Hav en fantastisk dag!   Like ink \u2013 Real Fake Tattoos!   Antal motiver: 25 St\u00f8rrelse p\u00e5 st\u00f8rste tatovering: 6 cm  Get in touch with Annica:  Instagram akkas_tattoo  Facebook: Akkas Tattoo  Studio: Akkas Tattoo Adress:  S\u00f6dra J\u00e4rnv\u00e4gsgatan 27 i Vinsl\u00f6v Web: www.akkastattoo.se","og_url":"https:\/\/likeink.com\/da\/midlertidige-tatoveringer\/halloween-spoegelser\/","og_site_name":"Like ink","article_publisher":"https:\/\/www.facebook.com\/LikeInkSe","article_modified_time":"2026-03-16T15:38:56+00:00","og_image":[{"width":1536,"height":1086,"url":"https:\/\/likeink.com\/wp-content\/uploads\/2021\/10\/HAlloween-AKKA-GHOST-1536x1086-1.png","type":"image\/png"}],"twitter_card":"summary_large_image","schema":{"@context":"https:\/\/schema.org","@graph":[{"@type":"WebPage","@id":"https:\/\/likeink.com\/da\/midlertidige-tatoveringer\/halloween-spoegelser\/","url":"https:\/\/likeink.com\/da\/midlertidige-tatoveringer\/halloween-spoegelser\/","name":"Halloween \u201cSp\u00f8gelser\u201d Engangstatoveringer - Like ink","isPartOf":{"@id":"https:\/\/likeink.com\/da\/#website"},"primaryImageOfPage":{"@id":"https:\/\/likeink.com\/da\/midlertidige-tatoveringer\/halloween-spoegelser\/#primaryimage"},"image":{"@id":"https:\/\/likeink.com\/da\/midlertidige-tatoveringer\/halloween-spoegelser\/#primaryimage"},"thumbnailUrl":"https:\/\/likeink.com\/wp-content\/uploads\/2021\/10\/HAlloween-AKKA-GHOST-1536x1086-1.png","datePublished":"2021-10-07T05:13:50+00:00","dateModified":"2026-03-16T15:38:56+00:00","description":"Bestil engangstatoveringer med halloween sp\u00f8gelser tegnet af tatoveringsartist Studio by Akka. Engangstatoveringer til halloween! - Like ink","breadcrumb":{"@id":"https:\/\/likeink.com\/da\/midlertidige-tatoveringer\/halloween-spoegelser\/#breadcrumb"},"inLanguage":"da-DK","potentialAction":[{"@type":"ReadAction","target":["https:\/\/likeink.com\/da\/midlertidige-tatoveringer\/halloween-spoegelser\/"]}]},{"@type":"ImageObject","inLanguage":"da-DK","@id":"https:\/\/likeink.com\/da\/midlertidige-tatoveringer\/halloween-spoegelser\/#primaryimage","url":"https:\/\/likeink.com\/wp-content\/uploads\/2021\/10\/HAlloween-AKKA-GHOST-1536x1086-1.png","contentUrl":"https:\/\/likeink.com\/wp-content\/uploads\/2021\/10\/HAlloween-AKKA-GHOST-1536x1086-1.png","width":1536,"height":1086,"caption":"Halloween \"Sp\u00f8gelser\" Studio af Akka A5-ark er en uhyggelig collage med et udsk\u00e5ret gr\u00e6skar, flyvende flagermus, sp\u00f8gelser, blodst\u00e6nk, et uhyggeligt tr\u00e6, edderkop og spind, en gravsten med teksten \"R.I.P.\" og \"HALLOWEEN\"."},{"@type":"BreadcrumbList","@id":"https:\/\/likeink.com\/da\/midlertidige-tatoveringer\/halloween-spoegelser\/#breadcrumb","itemListElement":[{"@type":"ListItem","position":1,"name":"Hem","item":"https:\/\/likeink.com\/da\/"},{"@type":"ListItem","position":2,"name":"Shop","item":"https:\/\/likeink.com\/da\/shop\/"},{"@type":"ListItem","position":3,"name":"Halloween \u201cSp\u00f8gelser\u201d Studio by Akka"}]},{"@type":"WebSite","@id":"https:\/\/likeink.com\/da\/#website","url":"https:\/\/likeink.com\/da\/","name":"Like ink","description":"Make your own custom design","potentialAction":[{"@type":"SearchAction","target":{"@type":"EntryPoint","urlTemplate":"https:\/\/likeink.com\/da\/?s={search_term_string}"},"query-input":{"@type":"PropertyValueSpecification","valueRequired":true,"valueName":"search_term_string"}}],"inLanguage":"da-DK"}]}},"_links":{"self":[{"href":"https:\/\/likeink.com\/da\/wp-json\/wp\/v2\/product\/7854","targetHints":{"allow":["GET"]}}],"collection":[{"href":"https:\/\/likeink.com\/da\/wp-json\/wp\/v2\/product"}],"about":[{"href":"https:\/\/likeink.com\/da\/wp-json\/wp\/v2\/types\/product"}],"wp:featuredmedia":[{"embeddable":true,"href":"https:\/\/likeink.com\/da\/wp-json\/wp\/v2\/media\/60309"}],"wp:attachment":[{"href":"https:\/\/likeink.com\/da\/wp-json\/wp\/v2\/media?parent=7854"}],"wp:term":[{"taxonomy":"product_brand","embeddable":true,"href":"https:\/\/likeink.com\/da\/wp-json\/wp\/v2\/product_brand?post=7854"},{"taxonomy":"product_cat","embeddable":true,"href":"https:\/\/likeink.com\/da\/wp-json\/wp\/v2\/product_cat?post=7854"},{"taxonomy":"product_tag","embeddable":true,"href":"https:\/\/likeink.com\/da\/wp-json\/wp\/v2\/product_tag?post=7854"}],"curies":[{"name":"wp","href":"https:\/\/api.w.org\/{rel}","templated":true}]}}