{"id":8929,"date":"2022-01-27T15:19:18","date_gmt":"2022-01-27T15:19:18","guid":{"rendered":"https:\/\/likeink.se\/produkt\/tatueringar-pirataventyr\/"},"modified":"2026-03-16T15:40:09","modified_gmt":"2026-03-16T15:40:09","slug":"tatoveringer-pirateventyr-a5","status":"publish","type":"product","link":"https:\/\/likeink.com\/da\/midlertidige-tatoveringer\/tatoveringer-pirateventyr-a5\/","title":{"rendered":"Tatoveringer Pirateventyr"},"content":{"rendered":"","protected":false},"excerpt":{"rendered":"<p>Hos Like ink kan du bestille f\u00e6rdige ark med engangstatoveringer, ogs\u00e5 kendt som midlertidige eller fake tatoveringer. Vi printer og sender dine tatoveringer inden for 24 timer!<br \/>\nVi har masser af f\u00e6rdige ark med fake tatoveringer, og du kan desuden uploade valgfrie billeder eller illustrationer og bestille midlertidige tatoveringer med dit eget design. <\/p>\n<p>Vi h\u00e5ber, du kan lide designet\/tatoveringerne p\u00e5 dette ark med produktnavnet &#8220;Tatoveringer Pirateventyr A5-ark&#8221; &#8211; tak for, at du har valgt at bestille dine engangstatoveringer hos Like ink. <\/p>\n<h2>Pirattatoveringer I Engangstatoveringer, der er sikre og lette at bruge! Alle de n\u00f8dvendige motiver til et pirateventyr! <\/h2>\n<p>Tatoveringen m\u00e5ler:<br \/>\nVores ark med engangstatoveringer m\u00e5ler 20 x 14 cm og er udfyldt med det design, du ser p\u00e5 produktbilledet. <\/p>\n<p>Hvor l\u00e6nge holder jeres fake tatoveringer, og hvordan g\u00f8r man?<br \/>\nAlt afh\u00e6ngigt af hvor du v\u00e6lger at placere din tatovering, og hvordan du plejer den, vil den holde i ca. 1-10 dage. De fake tatoveringerne er nemme at s\u00e6tte p\u00e5 hunden og vaske af igen, og der medf\u00f8lger naturligvis instruktioner med din ordre. <\/p>\n<p>&#8211;\tKlip den midlertidige tatovering ud fra arket med en s\u00e5 lille margin som muligt<br \/>\n&#8211;\tFjern den beskyttende plastfilm<br \/>\n&#8211;\tPlac\u00e9r engangstatoveringen det \u00f8nskede sted p\u00e5 huden<br \/>\n&#8211;\tP\u00e5f\u00f8r vand med en v\u00e5d svamp eller et h\u00e5ndkl\u00e6de<br \/>\n&#8211;\tFjern forsigtigt det v\u00e5de papir efter 15 sekunder<br \/>\n&#8211;\tS\u00e5 er du f\u00e6rdig! God forn\u00f8jelse!<br \/>\n&#8211;\tHvis du vil undg\u00e5 alt for meget glans, kan du bruge lidt babypudder.<\/p>\n<p>\u00d8vrig information! <\/p>\n<p>Levering:<br \/>\nVi sender dagligt ordrer over hele verden fra vores trykkeri i Malm\u00f8. Vi printer og sender dine midlertidige tatoveringer inden for 24 timer, men selvom vi er hurtige, er den normale leveringstid 5-10 dage uden for Sveriges gr\u00e6nser. Bestil dine tatoveringer i god tid. <\/p>\n<p>Er jeres fake tatoveringer milj\u00f8venlige?<br \/>\nLike inks engangstatoveringer er veganske, da milj\u00f8et er et vigtigt element for hele vores team. Alle komponenter er fri for PVC og PCB.<br \/>\nVi klimakompenserer alle forsendelser og bruger bl\u00e6k, kuverter og tryksager, der er svanem\u00e6rket &#8211; det er b\u00e5de mere sikkert for dig og milj\u00f8et.<br \/>\nVi f\u00f8lger EC1223-2009 Cosmetics Regulations (EF-forordning om kosmetiske produkter vedr\u00f8rende sikkerhed)<\/p>\n<p>Hav en fantastisk dag! <\/p>\n<p>Like ink \u2013 Real Fake Tattoos! <\/p>\n<p>Antal motiver: 17<br \/>\nSt\u00f8rrelse p\u00e5 st\u00f8rste tatovering: 9X9 cm<\/p>\n","protected":false},"featured_media":8179,"template":"","meta":[],"product_brand":[],"product_cat":[53,164],"product_tag":[],"class_list":{"0":"post-8929","1":"product","2":"type-product","3":"status-publish","4":"has-post-thumbnail","6":"product_cat-faerdige-ark","7":"product_cat-soe-og-marine-tatoveringer","9":"first","10":"instock","11":"taxable","12":"shipping-taxable","13":"purchasable","14":"product-type-simple"},"yoast_head":"<!-- This site is optimized with the Yoast SEO Premium plugin v26.2 (Yoast SEO v27.4) - https:\/\/yoast.com\/product\/yoast-seo-premium-wordpress\/ -->\n<title>Tatoveringer Pirateventyr - Like ink<\/title>\n<meta name=\"description\" content=\"Pirattatoveringer I Engangstatoveringer, der er sikre og lette at bruge! Alle de n\u00f8dvendige motiver til et pirateventyr! - Like ink\" \/>\n<meta name=\"robots\" content=\"index, follow, max-snippet:-1, max-image-preview:large, max-video-preview:-1\" \/>\n<link rel=\"canonical\" href=\"https:\/\/likeink.com\/da\/midlertidige-tatoveringer\/tatoveringer-pirateventyr-a5\/\" \/>\n<meta property=\"og:locale\" content=\"da_DK\" \/>\n<meta property=\"og:type\" content=\"article\" \/>\n<meta property=\"og:title\" content=\"Tatoveringer Pirateventyr\" \/>\n<meta property=\"og:description\" content=\"Hos Like ink kan du bestille f\u00e6rdige ark med engangstatoveringer, ogs\u00e5 kendt som midlertidige eller fake tatoveringer. Vi printer og sender dine tatoveringer inden for 24 timer!  Vi har masser af f\u00e6rdige ark med fake tatoveringer, og du kan desuden uploade valgfrie billeder eller illustrationer og bestille midlertidige tatoveringer med dit eget design.   Vi h\u00e5ber, du kan lide designet\/tatoveringerne p\u00e5 dette ark med produktnavnet &quot;Tatoveringer Pirateventyr A5-ark&quot; - tak for, at du har valgt at bestille dine engangstatoveringer hos Like ink.   Pirattatoveringer I Engangstatoveringer, der er sikre og lette at bruge! Alle de n\u00f8dvendige motiver til et pirateventyr!   Tatoveringen m\u00e5ler:  Vores ark med engangstatoveringer m\u00e5ler 20 x 14 cm og er udfyldt med det design, du ser p\u00e5 produktbilledet.   Hvor l\u00e6nge holder jeres fake tatoveringer, og hvordan g\u00f8r man?  Alt afh\u00e6ngigt af hvor du v\u00e6lger at placere din tatovering, og hvordan du plejer den, vil den holde i ca. 1-10 dage. De fake tatoveringerne er nemme at s\u00e6tte p\u00e5 hunden og vaske af igen, og der medf\u00f8lger naturligvis instruktioner med din ordre.   - Klip den midlertidige tatovering ud fra arket med en s\u00e5 lille margin som muligt - Fjern den beskyttende plastfilm - Plac\u00e9r engangstatoveringen det \u00f8nskede sted p\u00e5 huden - P\u00e5f\u00f8r vand med en v\u00e5d svamp eller et h\u00e5ndkl\u00e6de - Fjern forsigtigt det v\u00e5de papir efter 15 sekunder - S\u00e5 er du f\u00e6rdig! God forn\u00f8jelse! - Hvis du vil undg\u00e5 alt for meget glans, kan du bruge lidt babypudder.  \u00d8vrig information!   Levering:  Vi sender dagligt ordrer over hele verden fra vores trykkeri i Malm\u00f8. Vi printer og sender dine midlertidige tatoveringer inden for 24 timer, men selvom vi er hurtige, er den normale leveringstid 5-10 dage uden for Sveriges gr\u00e6nser. Bestil dine tatoveringer i god tid.   Er jeres fake tatoveringer milj\u00f8venlige?  Like inks engangstatoveringer er veganske, da milj\u00f8et er et vigtigt element for hele vores team. Alle komponenter er fri for PVC og PCB. Vi klimakompenserer alle forsendelser og bruger bl\u00e6k, kuverter og tryksager, der er svanem\u00e6rket - det er b\u00e5de mere sikkert for dig og milj\u00f8et.  Vi f\u00f8lger EC1223-2009 Cosmetics Regulations (EF-forordning om kosmetiske produkter vedr\u00f8rende sikkerhed)  Hav en fantastisk dag!   Like ink \u2013 Real Fake Tattoos!   Antal motiver: 17 St\u00f8rrelse p\u00e5 st\u00f8rste tatovering: 9X9 cm\" \/>\n<meta property=\"og:url\" content=\"https:\/\/likeink.com\/da\/midlertidige-tatoveringer\/tatoveringer-pirateventyr-a5\/\" \/>\n<meta property=\"og:site_name\" content=\"Like ink\" \/>\n<meta property=\"article:publisher\" content=\"https:\/\/www.facebook.com\/LikeInkSe\" \/>\n<meta property=\"article:modified_time\" content=\"2026-03-16T15:40:09+00:00\" \/>\n<meta property=\"og:image\" content=\"https:\/\/likeink.com\/wp-content\/uploads\/2022\/01\/PiratAventyr-Tatueringar-Likeink.jpg\" \/>\n\t<meta property=\"og:image:width\" content=\"1000\" \/>\n\t<meta property=\"og:image:height\" content=\"704\" \/>\n\t<meta property=\"og:image:type\" content=\"image\/jpeg\" \/>\n<meta name=\"twitter:card\" content=\"summary_large_image\" \/>\n<script type=\"application\/ld+json\" class=\"yoast-schema-graph\">{\"@context\":\"https:\\\/\\\/schema.org\",\"@graph\":[{\"@type\":\"WebPage\",\"@id\":\"https:\\\/\\\/likeink.com\\\/da\\\/midlertidige-tatoveringer\\\/tatoveringer-pirateventyr-a5\\\/\",\"url\":\"https:\\\/\\\/likeink.com\\\/da\\\/midlertidige-tatoveringer\\\/tatoveringer-pirateventyr-a5\\\/\",\"name\":\"Tatoveringer Pirateventyr - Like ink\",\"isPartOf\":{\"@id\":\"https:\\\/\\\/likeink.com\\\/da\\\/#website\"},\"primaryImageOfPage\":{\"@id\":\"https:\\\/\\\/likeink.com\\\/da\\\/midlertidige-tatoveringer\\\/tatoveringer-pirateventyr-a5\\\/#primaryimage\"},\"image\":{\"@id\":\"https:\\\/\\\/likeink.com\\\/da\\\/midlertidige-tatoveringer\\\/tatoveringer-pirateventyr-a5\\\/#primaryimage\"},\"thumbnailUrl\":\"https:\\\/\\\/likeink.com\\\/wp-content\\\/uploads\\\/2022\\\/01\\\/PiratAventyr-Tatueringar-Likeink.jpg\",\"datePublished\":\"2022-01-27T15:19:18+00:00\",\"dateModified\":\"2026-03-16T15:40:09+00:00\",\"description\":\"Pirattatoveringer I Engangstatoveringer, der er sikre og lette at bruge! Alle de n\u00f8dvendige motiver til et pirateventyr! - Like ink\",\"breadcrumb\":{\"@id\":\"https:\\\/\\\/likeink.com\\\/da\\\/midlertidige-tatoveringer\\\/tatoveringer-pirateventyr-a5\\\/#breadcrumb\"},\"inLanguage\":\"da-DK\",\"potentialAction\":[{\"@type\":\"ReadAction\",\"target\":[\"https:\\\/\\\/likeink.com\\\/da\\\/midlertidige-tatoveringer\\\/tatoveringer-pirateventyr-a5\\\/\"]}]},{\"@type\":\"ImageObject\",\"inLanguage\":\"da-DK\",\"@id\":\"https:\\\/\\\/likeink.com\\\/da\\\/midlertidige-tatoveringer\\\/tatoveringer-pirateventyr-a5\\\/#primaryimage\",\"url\":\"https:\\\/\\\/likeink.com\\\/wp-content\\\/uploads\\\/2022\\\/01\\\/PiratAventyr-Tatueringar-Likeink.jpg\",\"contentUrl\":\"https:\\\/\\\/likeink.com\\\/wp-content\\\/uploads\\\/2022\\\/01\\\/PiratAventyr-Tatueringar-Likeink.jpg\",\"width\":1000,\"height\":704,\"caption\":\"Engangs tatoveringer til pirateventyret. En flaske rom, anker, m\u00f8nter, kranium og skib.\"},{\"@type\":\"BreadcrumbList\",\"@id\":\"https:\\\/\\\/likeink.com\\\/da\\\/midlertidige-tatoveringer\\\/tatoveringer-pirateventyr-a5\\\/#breadcrumb\",\"itemListElement\":[{\"@type\":\"ListItem\",\"position\":1,\"name\":\"Hem\",\"item\":\"https:\\\/\\\/likeink.com\\\/da\\\/\"},{\"@type\":\"ListItem\",\"position\":2,\"name\":\"Shop\",\"item\":\"https:\\\/\\\/likeink.com\\\/da\\\/shop\\\/\"},{\"@type\":\"ListItem\",\"position\":3,\"name\":\"Tatoveringer Pirateventyr\"}]},{\"@type\":\"WebSite\",\"@id\":\"https:\\\/\\\/likeink.com\\\/da\\\/#website\",\"url\":\"https:\\\/\\\/likeink.com\\\/da\\\/\",\"name\":\"Like ink\",\"description\":\"Make your own custom design\",\"potentialAction\":[{\"@type\":\"SearchAction\",\"target\":{\"@type\":\"EntryPoint\",\"urlTemplate\":\"https:\\\/\\\/likeink.com\\\/da\\\/?s={search_term_string}\"},\"query-input\":{\"@type\":\"PropertyValueSpecification\",\"valueRequired\":true,\"valueName\":\"search_term_string\"}}],\"inLanguage\":\"da-DK\"}]}<\/script>\n<!-- \/ Yoast SEO Premium plugin. -->","yoast_head_json":{"title":"Tatoveringer Pirateventyr - Like ink","description":"Pirattatoveringer I Engangstatoveringer, der er sikre og lette at bruge! Alle de n\u00f8dvendige motiver til et pirateventyr! - Like ink","robots":{"index":"index","follow":"follow","max-snippet":"max-snippet:-1","max-image-preview":"max-image-preview:large","max-video-preview":"max-video-preview:-1"},"canonical":"https:\/\/likeink.com\/da\/midlertidige-tatoveringer\/tatoveringer-pirateventyr-a5\/","og_locale":"da_DK","og_type":"article","og_title":"Tatoveringer Pirateventyr","og_description":"Hos Like ink kan du bestille f\u00e6rdige ark med engangstatoveringer, ogs\u00e5 kendt som midlertidige eller fake tatoveringer. Vi printer og sender dine tatoveringer inden for 24 timer!  Vi har masser af f\u00e6rdige ark med fake tatoveringer, og du kan desuden uploade valgfrie billeder eller illustrationer og bestille midlertidige tatoveringer med dit eget design.   Vi h\u00e5ber, du kan lide designet\/tatoveringerne p\u00e5 dette ark med produktnavnet \"Tatoveringer Pirateventyr A5-ark\" - tak for, at du har valgt at bestille dine engangstatoveringer hos Like ink.   Pirattatoveringer I Engangstatoveringer, der er sikre og lette at bruge! Alle de n\u00f8dvendige motiver til et pirateventyr!   Tatoveringen m\u00e5ler:  Vores ark med engangstatoveringer m\u00e5ler 20 x 14 cm og er udfyldt med det design, du ser p\u00e5 produktbilledet.   Hvor l\u00e6nge holder jeres fake tatoveringer, og hvordan g\u00f8r man?  Alt afh\u00e6ngigt af hvor du v\u00e6lger at placere din tatovering, og hvordan du plejer den, vil den holde i ca. 1-10 dage. De fake tatoveringerne er nemme at s\u00e6tte p\u00e5 hunden og vaske af igen, og der medf\u00f8lger naturligvis instruktioner med din ordre.   - Klip den midlertidige tatovering ud fra arket med en s\u00e5 lille margin som muligt - Fjern den beskyttende plastfilm - Plac\u00e9r engangstatoveringen det \u00f8nskede sted p\u00e5 huden - P\u00e5f\u00f8r vand med en v\u00e5d svamp eller et h\u00e5ndkl\u00e6de - Fjern forsigtigt det v\u00e5de papir efter 15 sekunder - S\u00e5 er du f\u00e6rdig! God forn\u00f8jelse! - Hvis du vil undg\u00e5 alt for meget glans, kan du bruge lidt babypudder.  \u00d8vrig information!   Levering:  Vi sender dagligt ordrer over hele verden fra vores trykkeri i Malm\u00f8. Vi printer og sender dine midlertidige tatoveringer inden for 24 timer, men selvom vi er hurtige, er den normale leveringstid 5-10 dage uden for Sveriges gr\u00e6nser. Bestil dine tatoveringer i god tid.   Er jeres fake tatoveringer milj\u00f8venlige?  Like inks engangstatoveringer er veganske, da milj\u00f8et er et vigtigt element for hele vores team. Alle komponenter er fri for PVC og PCB. Vi klimakompenserer alle forsendelser og bruger bl\u00e6k, kuverter og tryksager, der er svanem\u00e6rket - det er b\u00e5de mere sikkert for dig og milj\u00f8et.  Vi f\u00f8lger EC1223-2009 Cosmetics Regulations (EF-forordning om kosmetiske produkter vedr\u00f8rende sikkerhed)  Hav en fantastisk dag!   Like ink \u2013 Real Fake Tattoos!   Antal motiver: 17 St\u00f8rrelse p\u00e5 st\u00f8rste tatovering: 9X9 cm","og_url":"https:\/\/likeink.com\/da\/midlertidige-tatoveringer\/tatoveringer-pirateventyr-a5\/","og_site_name":"Like ink","article_publisher":"https:\/\/www.facebook.com\/LikeInkSe","article_modified_time":"2026-03-16T15:40:09+00:00","og_image":[{"width":1000,"height":704,"url":"https:\/\/likeink.com\/wp-content\/uploads\/2022\/01\/PiratAventyr-Tatueringar-Likeink.jpg","type":"image\/jpeg"}],"twitter_card":"summary_large_image","schema":{"@context":"https:\/\/schema.org","@graph":[{"@type":"WebPage","@id":"https:\/\/likeink.com\/da\/midlertidige-tatoveringer\/tatoveringer-pirateventyr-a5\/","url":"https:\/\/likeink.com\/da\/midlertidige-tatoveringer\/tatoveringer-pirateventyr-a5\/","name":"Tatoveringer Pirateventyr - Like ink","isPartOf":{"@id":"https:\/\/likeink.com\/da\/#website"},"primaryImageOfPage":{"@id":"https:\/\/likeink.com\/da\/midlertidige-tatoveringer\/tatoveringer-pirateventyr-a5\/#primaryimage"},"image":{"@id":"https:\/\/likeink.com\/da\/midlertidige-tatoveringer\/tatoveringer-pirateventyr-a5\/#primaryimage"},"thumbnailUrl":"https:\/\/likeink.com\/wp-content\/uploads\/2022\/01\/PiratAventyr-Tatueringar-Likeink.jpg","datePublished":"2022-01-27T15:19:18+00:00","dateModified":"2026-03-16T15:40:09+00:00","description":"Pirattatoveringer I Engangstatoveringer, der er sikre og lette at bruge! Alle de n\u00f8dvendige motiver til et pirateventyr! - Like ink","breadcrumb":{"@id":"https:\/\/likeink.com\/da\/midlertidige-tatoveringer\/tatoveringer-pirateventyr-a5\/#breadcrumb"},"inLanguage":"da-DK","potentialAction":[{"@type":"ReadAction","target":["https:\/\/likeink.com\/da\/midlertidige-tatoveringer\/tatoveringer-pirateventyr-a5\/"]}]},{"@type":"ImageObject","inLanguage":"da-DK","@id":"https:\/\/likeink.com\/da\/midlertidige-tatoveringer\/tatoveringer-pirateventyr-a5\/#primaryimage","url":"https:\/\/likeink.com\/wp-content\/uploads\/2022\/01\/PiratAventyr-Tatueringar-Likeink.jpg","contentUrl":"https:\/\/likeink.com\/wp-content\/uploads\/2022\/01\/PiratAventyr-Tatueringar-Likeink.jpg","width":1000,"height":704,"caption":"Engangs tatoveringer til pirateventyret. En flaske rom, anker, m\u00f8nter, kranium og skib."},{"@type":"BreadcrumbList","@id":"https:\/\/likeink.com\/da\/midlertidige-tatoveringer\/tatoveringer-pirateventyr-a5\/#breadcrumb","itemListElement":[{"@type":"ListItem","position":1,"name":"Hem","item":"https:\/\/likeink.com\/da\/"},{"@type":"ListItem","position":2,"name":"Shop","item":"https:\/\/likeink.com\/da\/shop\/"},{"@type":"ListItem","position":3,"name":"Tatoveringer Pirateventyr"}]},{"@type":"WebSite","@id":"https:\/\/likeink.com\/da\/#website","url":"https:\/\/likeink.com\/da\/","name":"Like ink","description":"Make your own custom design","potentialAction":[{"@type":"SearchAction","target":{"@type":"EntryPoint","urlTemplate":"https:\/\/likeink.com\/da\/?s={search_term_string}"},"query-input":{"@type":"PropertyValueSpecification","valueRequired":true,"valueName":"search_term_string"}}],"inLanguage":"da-DK"}]}},"_links":{"self":[{"href":"https:\/\/likeink.com\/da\/wp-json\/wp\/v2\/product\/8929","targetHints":{"allow":["GET"]}}],"collection":[{"href":"https:\/\/likeink.com\/da\/wp-json\/wp\/v2\/product"}],"about":[{"href":"https:\/\/likeink.com\/da\/wp-json\/wp\/v2\/types\/product"}],"wp:featuredmedia":[{"embeddable":true,"href":"https:\/\/likeink.com\/da\/wp-json\/wp\/v2\/media\/8179"}],"wp:attachment":[{"href":"https:\/\/likeink.com\/da\/wp-json\/wp\/v2\/media?parent=8929"}],"wp:term":[{"taxonomy":"product_brand","embeddable":true,"href":"https:\/\/likeink.com\/da\/wp-json\/wp\/v2\/product_brand?post=8929"},{"taxonomy":"product_cat","embeddable":true,"href":"https:\/\/likeink.com\/da\/wp-json\/wp\/v2\/product_cat?post=8929"},{"taxonomy":"product_tag","embeddable":true,"href":"https:\/\/likeink.com\/da\/wp-json\/wp\/v2\/product_tag?post=8929"}],"curies":[{"name":"wp","href":"https:\/\/api.w.org\/{rel}","templated":true}]}}