{"id":21337,"date":"2022-10-04T14:01:26","date_gmt":"2022-10-04T14:01:26","guid":{"rendered":"https:\/\/likeink.se\/halloween-tatueringar\/"},"modified":"2025-10-18T08:41:32","modified_gmt":"2025-10-18T08:41:32","slug":"fake-tattoos-fuer-halloween","status":"publish","type":"page","link":"https:\/\/likeink.com\/de\/fake-tattoos-fuer-halloween\/","title":{"rendered":"Fake-Tattoos f\u00fcr Halloween"},"content":{"rendered":"\t\t<div data-elementor-type=\"wp-page\" data-elementor-id=\"21337\" class=\"elementor elementor-21337 elementor-13773\" data-elementor-post-type=\"page\">\n\t\t\t\t<div class=\"elementor-element elementor-element-9d04491 e-flex e-con-boxed e-con e-parent\" data-id=\"9d04491\" data-element_type=\"container\">\n\t\t\t\t\t<div class=\"e-con-inner\">\n\t\t<div class=\"elementor-element elementor-element-515ef69 e-con-full e-flex e-con e-child\" data-id=\"515ef69\" data-element_type=\"container\">\n\t\t\t\t<div class=\"elementor-element elementor-element-cdc4f40 elementor-widget elementor-widget-heading\" data-id=\"cdc4f40\" data-element_type=\"widget\" data-widget_type=\"heading.default\">\n\t\t\t\t<div class=\"elementor-widget-container\">\n\t\t\t\t\t<h1 class=\"elementor-heading-title elementor-size-default\">FERTIGE HALLOWEEN-TATTOOS<\/h1>\t\t\t\t<\/div>\n\t\t\t\t<\/div>\n\t\t\t\t<div class=\"elementor-element elementor-element-894a942 elementor-widget elementor-widget-text-editor\" data-id=\"894a942\" data-element_type=\"widget\" data-widget_type=\"text-editor.default\">\n\t\t\t\t<div class=\"elementor-widget-container\">\n\t\t\t\t\t\t\t\t\tPlanst du eine Halloween-Party, m\u00f6chtest freche Kinder erschrecken, die an die T\u00fcr klopfen, oder eine zus\u00e4tzliche Halloween-Stimmung bei der Arbeit schaffen, so findest du bei uns bei Like Ink die beste Auswahl an einzigartigen Fake-Tattoos in Europa.\t\t\t\t\t\t\t\t<\/div>\n\t\t\t\t<\/div>\n\t\t\t\t<\/div>\n\t\t\t\t\t<\/div>\n\t\t\t\t<\/div>\n\t\t<div class=\"elementor-element elementor-element-2451b3b e-flex e-con-boxed e-con e-parent\" data-id=\"2451b3b\" data-element_type=\"container\">\n\t\t\t\t\t<div class=\"e-con-inner\">\n\t\t<div class=\"elementor-element elementor-element-98623bf e-con-full e-flex e-con e-child\" data-id=\"98623bf\" data-element_type=\"container\">\n\t\t<div class=\"elementor-element elementor-element-f726c69 e-grid e-con-full e-con e-child\" data-id=\"f726c69\" data-element_type=\"container\">\n\t\t\t\t<div class=\"elementor-element elementor-element-122e50f elementor-widget elementor-widget-image\" data-id=\"122e50f\" data-element_type=\"widget\" data-widget_type=\"image.default\">\n\t\t\t\t<div class=\"elementor-widget-container\">\n\t\t\t\t\t\t\t\t\t\t\t\t\t\t\t<img decoding=\"async\" width=\"900\" height=\"1126\" src=\"https:\/\/likeink.com\/wp-content\/uploads\/2024\/10\/halloween_left_4.jpg\" class=\"attachment-full size-full wp-image-33117\" alt=\"En person som b\u00e4r en dekorerad vit mask med rosa m\u00f6nster stirrar rakt fram och h\u00e5ller sin knutna n\u00e4ve n\u00e4ra munnen. Specialeffektsmink och Fake-Tattoos f\u00f6r Halloween skapar blodiga klom\u00e4rken p\u00e5 handen.\" srcset=\"https:\/\/likeink.com\/wp-content\/uploads\/2024\/10\/halloween_left_4.jpg 900w, https:\/\/likeink.com\/wp-content\/uploads\/2024\/10\/halloween_left_4-240x300.jpg 240w, https:\/\/likeink.com\/wp-content\/uploads\/2024\/10\/halloween_left_4-818x1024.jpg 818w, https:\/\/likeink.com\/wp-content\/uploads\/2024\/10\/halloween_left_4-768x961.jpg 768w, https:\/\/likeink.com\/wp-content\/uploads\/2024\/10\/halloween_left_4-310x388.jpg 310w, https:\/\/likeink.com\/wp-content\/uploads\/2024\/10\/halloween_left_4-660x826.jpg 660w\" sizes=\"(max-width: 900px) 100vw, 900px\" \/>\t\t\t\t\t\t\t\t\t\t\t\t\t\t\t<\/div>\n\t\t\t\t<\/div>\n\t\t\t\t<div class=\"elementor-element elementor-element-69c2df1 elementor-widget elementor-widget-image\" data-id=\"69c2df1\" data-element_type=\"widget\" data-widget_type=\"image.default\">\n\t\t\t\t<div class=\"elementor-widget-container\">\n\t\t\t\t\t\t\t\t\t\t\t\t\t\t\t<img decoding=\"async\" width=\"238\" height=\"298\" src=\"https:\/\/likeink.com\/wp-content\/uploads\/2024\/10\/halloween3-1.gif\" class=\"attachment-full size-full wp-image-33102\" alt=\"En person med fl\u00e4tat blont h\u00e5r och l\u00e5nga svarta naglar har ansiktssmink som liknar stygn \u00f6ver kinden och munnen, perfekt f\u00f6r Fake-Tattoos f\u00f6r Halloween. Looken kompletteras med en dj\u00e4rv eyeliner, l\u00f6sfransar och ett r\u00f6tt l\u00e4ppstift.\" \/>\t\t\t\t\t\t\t\t\t\t\t\t\t\t\t<\/div>\n\t\t\t\t<\/div>\n\t\t\t\t<\/div>\n\t\t\t\t<\/div>\n\t\t\t\t\t<\/div>\n\t\t\t\t<\/div>\n\t\t<div class=\"elementor-element elementor-element-afd2deb elementor-hidden-mobile e-flex e-con-boxed e-con e-parent\" data-id=\"afd2deb\" data-element_type=\"container\">\n\t\t\t\t\t<div class=\"e-con-inner\">\n\t\t<div class=\"elementor-element elementor-element-cf28aff e-grid e-con-full e-con e-child\" data-id=\"cf28aff\" data-element_type=\"container\">\n\t\t\t\t<div class=\"elementor-element elementor-element-8f8407d elementor-position-left elementor-vertical-align-middle elementor-widget__width-initial elementor-widget elementor-widget-image-box\" data-id=\"8f8407d\" data-element_type=\"widget\" data-widget_type=\"image-box.default\">\n\t\t\t\t<div class=\"elementor-widget-container\">\n\t\t\t\t\t<div class=\"elementor-image-box-wrapper\"><figure class=\"elementor-image-box-img\"><img decoding=\"async\" width=\"1667\" height=\"1667\" src=\"https:\/\/likeink.com\/wp-content\/uploads\/2024\/10\/snabb_frakt_1.png\" class=\"attachment-full size-full wp-image-33033\" alt=\"En enkel svart konturikon av en budbil med r\u00f6rliga linjer bakom sig, som indikerar snabb- eller expressfrakt f\u00f6r Fake-Tattoos f\u00fcr Halloween, p\u00e5 en vit bakgrund.\" srcset=\"https:\/\/likeink.com\/wp-content\/uploads\/2024\/10\/snabb_frakt_1.png 1667w, https:\/\/likeink.com\/wp-content\/uploads\/2024\/10\/snabb_frakt_1-300x300.png 300w, https:\/\/likeink.com\/wp-content\/uploads\/2024\/10\/snabb_frakt_1-1024x1024.png 1024w, https:\/\/likeink.com\/wp-content\/uploads\/2024\/10\/snabb_frakt_1-150x150.png 150w, https:\/\/likeink.com\/wp-content\/uploads\/2024\/10\/snabb_frakt_1-768x768.png 768w, https:\/\/likeink.com\/wp-content\/uploads\/2024\/10\/snabb_frakt_1-1536x1536.png 1536w, https:\/\/likeink.com\/wp-content\/uploads\/2024\/10\/snabb_frakt_1-310x310.png 310w, https:\/\/likeink.com\/wp-content\/uploads\/2024\/10\/snabb_frakt_1-660x660.png 660w, https:\/\/likeink.com\/wp-content\/uploads\/2024\/10\/snabb_frakt_1-100x100.png 100w\" sizes=\"(max-width: 1667px) 100vw, 1667px\" \/><\/figure><div class=\"elementor-image-box-content\"><h3 class=\"elementor-image-box-title\">VERSAND INNERHALB VON 24H<\/h3><\/div><\/div>\t\t\t\t<\/div>\n\t\t\t\t<\/div>\n\t\t\t\t<div class=\"elementor-element elementor-element-8f17f99 elementor-position-left elementor-vertical-align-middle elementor-widget__width-initial elementor-widget elementor-widget-image-box\" data-id=\"8f17f99\" data-element_type=\"widget\" data-widget_type=\"image-box.default\">\n\t\t\t\t<div class=\"elementor-widget-container\">\n\t\t\t\t\t<div class=\"elementor-image-box-wrapper\"><figure class=\"elementor-image-box-img\"><img decoding=\"async\" width=\"992\" height=\"992\" src=\"https:\/\/likeink.com\/wp-content\/uploads\/2024\/10\/clock.png\" class=\"attachment-full size-full wp-image-33062\" alt=\"Svart klockikon som visar klockan 3 med en delvis prickad kontur l\u00e4ngst upp till h\u00f6ger, perfekt f\u00f6r Fake-Tattoos f\u00f6r Halloween f\u00f6r att symbolisera tidens g\u00e5ng eller en mystisk nedr\u00e4kning.\" srcset=\"https:\/\/likeink.com\/wp-content\/uploads\/2024\/10\/clock.png 992w, https:\/\/likeink.com\/wp-content\/uploads\/2024\/10\/clock-300x300.png 300w, https:\/\/likeink.com\/wp-content\/uploads\/2024\/10\/clock-150x150.png 150w, https:\/\/likeink.com\/wp-content\/uploads\/2024\/10\/clock-768x768.png 768w, https:\/\/likeink.com\/wp-content\/uploads\/2024\/10\/clock-310x310.png 310w, https:\/\/likeink.com\/wp-content\/uploads\/2024\/10\/clock-660x660.png 660w, https:\/\/likeink.com\/wp-content\/uploads\/2024\/10\/clock-100x100.png 100w\" sizes=\"(max-width: 992px) 100vw, 992px\" \/><\/figure><div class=\"elementor-image-box-content\"><h3 class=\"elementor-image-box-title\"> H\u00c4LT 2-5 TAGE<\/h3><\/div><\/div>\t\t\t\t<\/div>\n\t\t\t\t<\/div>\n\t\t\t\t<div class=\"elementor-element elementor-element-765dfce elementor-position-left elementor-vertical-align-middle elementor-widget__width-initial elementor-widget elementor-widget-image-box\" data-id=\"765dfce\" data-element_type=\"widget\" data-widget_type=\"image-box.default\">\n\t\t\t\t<div class=\"elementor-widget-container\">\n\t\t\t\t\t<div class=\"elementor-image-box-wrapper\"><figure class=\"elementor-image-box-img\"><img decoding=\"async\" width=\"1077\" height=\"679\" src=\"https:\/\/likeink.com\/wp-content\/uploads\/2024\/10\/sweden.png\" class=\"attachment-full size-full wp-image-33055\" alt=\"En svart flagga med ett dj\u00e4rvt vitt kors som delar den i fyra lika stora rektanglar - det h\u00e4r \u00e4r Cornwalls flagga, \u00e4ven k\u00e4nd som St Pirans Flag. Perfekt f\u00f6r dekorationer eller till och med Fake-Tattoos f\u00f6r Halloween.\" srcset=\"https:\/\/likeink.com\/wp-content\/uploads\/2024\/10\/sweden.png 1077w, https:\/\/likeink.com\/wp-content\/uploads\/2024\/10\/sweden-300x189.png 300w, https:\/\/likeink.com\/wp-content\/uploads\/2024\/10\/sweden-1024x646.png 1024w, https:\/\/likeink.com\/wp-content\/uploads\/2024\/10\/sweden-768x484.png 768w, https:\/\/likeink.com\/wp-content\/uploads\/2024\/10\/sweden-310x195.png 310w, https:\/\/likeink.com\/wp-content\/uploads\/2024\/10\/sweden-660x416.png 660w\" sizes=\"(max-width: 1077px) 100vw, 1077px\" \/><\/figure><div class=\"elementor-image-box-content\"><h3 class=\"elementor-image-box-title\">SCHWEDISCHE HERSTELLUNG<\/h3><\/div><\/div>\t\t\t\t<\/div>\n\t\t\t\t<\/div>\n\t\t\t\t<div class=\"elementor-element elementor-element-1b9a47c elementor-position-left elementor-vertical-align-middle elementor-widget__width-initial elementor-widget elementor-widget-image-box\" data-id=\"1b9a47c\" data-element_type=\"widget\" data-widget_type=\"image-box.default\">\n\t\t\t\t<div class=\"elementor-widget-container\">\n\t\t\t\t\t<div class=\"elementor-image-box-wrapper\"><figure class=\"elementor-image-box-img\"><img decoding=\"async\" width=\"1667\" height=\"1667\" src=\"https:\/\/likeink.com\/wp-content\/uploads\/2025\/06\/dermatest.png\" class=\"attachment-full size-full wp-image-45599\" alt=\"En svart kontur av en \u00f6ppen hand med en stor bock ovanf\u00f6r, som symboliserar godk\u00e4nnande eller st\u00f6d. Den h\u00e4r bilden \u00e4r perfekt som design f\u00f6r Fake-Tattoos f\u00f6r Halloween och sticker ut p\u00e5 en vit bakgrund.\" srcset=\"https:\/\/likeink.com\/wp-content\/uploads\/2025\/06\/dermatest.png 1667w, https:\/\/likeink.com\/wp-content\/uploads\/2025\/06\/dermatest-300x300.png 300w, https:\/\/likeink.com\/wp-content\/uploads\/2025\/06\/dermatest-1024x1024.png 1024w, https:\/\/likeink.com\/wp-content\/uploads\/2025\/06\/dermatest-150x150.png 150w, https:\/\/likeink.com\/wp-content\/uploads\/2025\/06\/dermatest-768x768.png 768w, https:\/\/likeink.com\/wp-content\/uploads\/2025\/06\/dermatest-1536x1536.png 1536w, https:\/\/likeink.com\/wp-content\/uploads\/2025\/06\/dermatest-310x310.png 310w, https:\/\/likeink.com\/wp-content\/uploads\/2025\/06\/dermatest-660x660.png 660w, https:\/\/likeink.com\/wp-content\/uploads\/2025\/06\/dermatest-100x100.png 100w\" sizes=\"(max-width: 1667px) 100vw, 1667px\" \/><\/figure><div class=\"elementor-image-box-content\"><h3 class=\"elementor-image-box-title\">GETESTET<\/h3><\/div><\/div>\t\t\t\t<\/div>\n\t\t\t\t<\/div>\n\t\t\t\t<div class=\"elementor-element elementor-element-30748ab elementor-position-left elementor-vertical-align-middle elementor-widget__width-initial elementor-widget elementor-widget-image-box\" data-id=\"30748ab\" data-element_type=\"widget\" data-widget_type=\"image-box.default\">\n\t\t\t\t<div class=\"elementor-widget-container\">\n\t\t\t\t\t<div class=\"elementor-image-box-wrapper\"><figure class=\"elementor-image-box-img\"><img decoding=\"async\" width=\"1165\" height=\"1044\" src=\"https:\/\/likeink.com\/wp-content\/uploads\/2024\/10\/vegan.png\" class=\"attachment-full size-full wp-image-33047\" alt=\"En enkel, svart silhuett av ett blad med en spetsig spets och en enda \u00e5dra som l\u00f6per genom mitten p\u00e5 en vit bakgrund - perfekt som Fake-Tattoos f\u00f6r Halloween.\" srcset=\"https:\/\/likeink.com\/wp-content\/uploads\/2024\/10\/vegan.png 1165w, https:\/\/likeink.com\/wp-content\/uploads\/2024\/10\/vegan-300x269.png 300w, https:\/\/likeink.com\/wp-content\/uploads\/2024\/10\/vegan-1024x918.png 1024w, https:\/\/likeink.com\/wp-content\/uploads\/2024\/10\/vegan-768x688.png 768w, https:\/\/likeink.com\/wp-content\/uploads\/2024\/10\/vegan-310x278.png 310w, https:\/\/likeink.com\/wp-content\/uploads\/2024\/10\/vegan-660x591.png 660w\" sizes=\"(max-width: 1165px) 100vw, 1165px\" \/><\/figure><div class=\"elementor-image-box-content\"><h3 class=\"elementor-image-box-title\">VEGAN<\/h3><\/div><\/div>\t\t\t\t<\/div>\n\t\t\t\t<\/div>\n\t\t\t\t<\/div>\n\t\t\t\t\t<\/div>\n\t\t\t\t<\/div>\n\t\t<div class=\"elementor-element elementor-element-4ddfc4e e-flex e-con-boxed e-con e-parent\" data-id=\"4ddfc4e\" data-element_type=\"container\">\n\t\t\t\t\t<div class=\"e-con-inner\">\n\t\t\t\t<div class=\"woocommerce elementor-element elementor-element-99b500d elementor-grid-3 elementor-grid-tablet-2 elementor-grid-mobile-1 elementor-widget elementor-widget-loop-grid\" data-id=\"99b500d\" data-element_type=\"widget\" data-settings=\"{&quot;_skin&quot;:&quot;product&quot;,&quot;template_id&quot;:47820,&quot;columns&quot;:&quot;3&quot;,&quot;columns_tablet&quot;:&quot;2&quot;,&quot;columns_mobile&quot;:&quot;1&quot;,&quot;edit_handle_selector&quot;:&quot;[data-elementor-type=\\&quot;loop-item\\&quot;]&quot;,&quot;row_gap&quot;:{&quot;unit&quot;:&quot;px&quot;,&quot;size&quot;:&quot;&quot;,&quot;sizes&quot;:[]},&quot;row_gap_tablet&quot;:{&quot;unit&quot;:&quot;px&quot;,&quot;size&quot;:&quot;&quot;,&quot;sizes&quot;:[]},&quot;row_gap_mobile&quot;:{&quot;unit&quot;:&quot;px&quot;,&quot;size&quot;:&quot;&quot;,&quot;sizes&quot;:[]}}\" data-widget_type=\"loop-grid.product\">\n\t\t\t\t<div class=\"elementor-widget-container\">\n\t\t\t\t\t\t\t<div class=\"e-loop-nothing-found-message\">\n\t\t<\/div>\n\t\t\t\t\t\t<\/div>\n\t\t\t\t<\/div>\n\t\t\t\t\t<\/div>\n\t\t\t\t<\/div>\n\t\t<div class=\"elementor-element elementor-element-14aebbd e-flex e-con-boxed e-con e-parent\" data-id=\"14aebbd\" data-element_type=\"container\" data-settings=\"{&quot;background_background&quot;:&quot;classic&quot;}\">\n\t\t\t\t\t<div class=\"e-con-inner\">\n\t\t<div class=\"elementor-element elementor-element-f8bfc04 e-con-full e-flex e-con e-child\" data-id=\"f8bfc04\" data-element_type=\"container\">\n\t\t<div class=\"elementor-element elementor-element-88ed44c e-con-full e-flex e-con e-child\" data-id=\"88ed44c\" data-element_type=\"container\">\n\t\t\t\t<div class=\"elementor-element elementor-element-22bce71 elementor-widget elementor-widget-heading\" data-id=\"22bce71\" data-element_type=\"widget\" data-widget_type=\"heading.default\">\n\t\t\t\t<div class=\"elementor-widget-container\">\n\t\t\t\t\t<h3 class=\"elementor-heading-title elementor-size-default\">MACHE DEINE EIGENEN HALLOWEEN FAKE TATTOOS\n<\/h3>\t\t\t\t<\/div>\n\t\t\t\t<\/div>\n\t\t\t\t<div class=\"elementor-element elementor-element-b0039c3 elementor-widget elementor-widget-text-editor\" data-id=\"b0039c3\" data-element_type=\"widget\" data-widget_type=\"text-editor.default\">\n\t\t\t\t<div class=\"elementor-widget-container\">\n\t\t\t\t\t\t\t\t\t<p>Bei uns kannst du deine eigenen Fake-Tattoos einfach und superschnell erstellen! Du musst nur ein Bild hochladen und eine Gr\u00f6\u00dfe ausw\u00e4hlen, dann stellen wir deine tempor\u00e4ren Tattoos am selben Tag in Schweden her.<\/p>\t\t\t\t\t\t\t\t<\/div>\n\t\t\t\t<\/div>\n\t\t\t\t<div class=\"elementor-element elementor-element-15a57f4 elementor-widget elementor-widget-button\" data-id=\"15a57f4\" data-element_type=\"widget\" data-widget_type=\"button.default\">\n\t\t\t\t<div class=\"elementor-widget-container\">\n\t\t\t\t\t\t\t\t\t<div class=\"elementor-button-wrapper\">\n\t\t\t\t\t<a class=\"elementor-button elementor-button-link elementor-size-sm\" href=\"https:\/\/likeink.com\/de\/tatowierungen\/custom-temporary-tattoos\/\">\n\t\t\t\t\t\t<span class=\"elementor-button-content-wrapper\">\n\t\t\t\t\t\t\t\t\t<span class=\"elementor-button-text\">Erstelle Fake-Tattoos mit eigenem Design<\/span>\n\t\t\t\t\t<\/span>\n\t\t\t\t\t<\/a>\n\t\t\t\t<\/div>\n\t\t\t\t\t\t\t\t<\/div>\n\t\t\t\t<\/div>\n\t\t\t\t<\/div>\n\t\t<div class=\"elementor-element elementor-element-0ac72a6 e-con-full e-flex e-con e-child\" data-id=\"0ac72a6\" data-element_type=\"container\">\n\t\t\t\t<div class=\"elementor-element elementor-element-81014d3 elementor-widget elementor-widget-image\" data-id=\"81014d3\" data-element_type=\"widget\" data-widget_type=\"image.default\">\n\t\t\t\t<div class=\"elementor-widget-container\">\n\t\t\t\t\t\t\t\t\t\t\t\t\t\t\t<img decoding=\"async\" width=\"677\" height=\"569\" src=\"https:\/\/likeink.com\/wp-content\/uploads\/2023\/09\/halloween-tatueringar-designa.jpg\" class=\"attachment-full size-full wp-image-21421\" alt=\"Halloween temporary tattoos cluster.\" srcset=\"https:\/\/likeink.com\/wp-content\/uploads\/2023\/09\/halloween-tatueringar-designa.jpg 677w, https:\/\/likeink.com\/wp-content\/uploads\/2023\/09\/halloween-tatueringar-designa-310x261.jpg 310w, https:\/\/likeink.com\/wp-content\/uploads\/2023\/09\/halloween-tatueringar-designa-660x555.jpg 660w, https:\/\/likeink.com\/wp-content\/uploads\/2023\/09\/halloween-tatueringar-designa-300x252.jpg 300w\" sizes=\"(max-width: 677px) 100vw, 677px\" \/>\t\t\t\t\t\t\t\t\t\t\t\t\t\t\t<\/div>\n\t\t\t\t<\/div>\n\t\t\t\t<\/div>\n\t\t\t\t<\/div>\n\t\t\t\t\t<\/div>\n\t\t\t\t<\/div>\n\t\t\t\t<\/div>\n\t\t","protected":false},"excerpt":{"rendered":"<p>FERTIGE HALLOWEEN-TATTOOS Planst du eine Halloween-Party, m\u00f6chtest freche Kinder erschrecken, die an die T\u00fcr klopfen, oder eine zus\u00e4tzliche Halloween-Stimmung bei der Arbeit schaffen, so findest du bei uns bei Like Ink die beste Auswahl an einzigartigen Fake-Tattoos in Europa. VERSAND INNERHALB VON 24H H\u00c4LT 2-5 TAGE SCHWEDISCHE HERSTELLUNG GETESTET VEGAN MACHE DEINE EIGENEN HALLOWEEN FAKE [&hellip;]<\/p>\n","protected":false},"author":7,"featured_media":0,"parent":0,"menu_order":0,"comment_status":"closed","ping_status":"closed","template":"","meta":{"footnotes":""},"class_list":["post-21337","page","type-page","status-publish","hentry"],"yoast_head":"<!-- This site is optimized with the Yoast SEO Premium plugin v26.2 (Yoast SEO v27.5) - https:\/\/yoast.com\/product\/yoast-seo-premium-wordpress\/ -->\n<title>Fake-Tattoos f\u00fcr Halloween Bestelle Fake-Tattoos f\u00fcr Halloween - Like ink<\/title>\n<meta name=\"description\" content=\"Kaufe Fake-Tattoos f\u00fcr Halloween! W\u00e4hle aus fertigen Halloween-Motiven oder lade dein eigenes Design hoch! - Trick oder Tattoo? - Like ink\" \/>\n<meta name=\"robots\" content=\"index, follow, max-snippet:-1, max-image-preview:large, max-video-preview:-1\" \/>\n<link rel=\"canonical\" href=\"https:\/\/likeink.com\/de\/fake-tattoos-fuer-halloween\/\" \/>\n<meta property=\"og:locale\" content=\"de_DE\" \/>\n<meta property=\"og:type\" content=\"article\" \/>\n<meta property=\"og:title\" content=\"Fake-Tattoos f\u00fcr Halloween\" \/>\n<meta property=\"og:description\" content=\"FERTIGE HALLOWEEN-TATTOOS Planst du eine Halloween-Party, m\u00f6chtest freche Kinder erschrecken, die an die T\u00fcr klopfen, oder eine zus\u00e4tzliche\" \/>\n<meta property=\"og:url\" content=\"https:\/\/likeink.com\/de\/fake-tattoos-fuer-halloween\/\" \/>\n<meta property=\"og:site_name\" content=\"Like ink\" \/>\n<meta property=\"article:publisher\" content=\"https:\/\/www.facebook.com\/LikeInkSe\" \/>\n<meta property=\"article:modified_time\" content=\"2025-10-18T08:41:32+00:00\" \/>\n<meta property=\"og:image\" content=\"https:\/\/likeink.com\/wp-content\/uploads\/2024\/10\/halloween_left_4.jpg\" \/>\n\t<meta property=\"og:image:width\" content=\"900\" \/>\n\t<meta property=\"og:image:height\" content=\"1126\" \/>\n\t<meta property=\"og:image:type\" content=\"image\/jpeg\" \/>\n<meta name=\"twitter:card\" content=\"summary_large_image\" \/>\n<meta name=\"twitter:label1\" content=\"Gesch\u00e4tzte Lesezeit\" \/>\n\t<meta name=\"twitter:data1\" content=\"18\u00a0Minuten\" \/>\n<!-- \/ Yoast SEO Premium plugin. -->","yoast_head_json":{"title":"Fake-Tattoos f\u00fcr Halloween Bestelle Fake-Tattoos f\u00fcr Halloween - Like ink","description":"Kaufe Fake-Tattoos f\u00fcr Halloween! W\u00e4hle aus fertigen Halloween-Motiven oder lade dein eigenes Design hoch! - Trick oder Tattoo? - Like ink","robots":{"index":"index","follow":"follow","max-snippet":"max-snippet:-1","max-image-preview":"max-image-preview:large","max-video-preview":"max-video-preview:-1"},"canonical":"https:\/\/likeink.com\/de\/fake-tattoos-fuer-halloween\/","og_locale":"de_DE","og_type":"article","og_title":"Fake-Tattoos f\u00fcr Halloween","og_description":"FERTIGE HALLOWEEN-TATTOOS Planst du eine Halloween-Party, m\u00f6chtest freche Kinder erschrecken, die an die T\u00fcr klopfen, oder eine zus\u00e4tzliche","og_url":"https:\/\/likeink.com\/de\/fake-tattoos-fuer-halloween\/","og_site_name":"Like ink","article_publisher":"https:\/\/www.facebook.com\/LikeInkSe","article_modified_time":"2025-10-18T08:41:32+00:00","og_image":[{"width":900,"height":1126,"url":"https:\/\/likeink.com\/wp-content\/uploads\/2024\/10\/halloween_left_4.jpg","type":"image\/jpeg"}],"twitter_card":"summary_large_image","twitter_misc":{"Gesch\u00e4tzte Lesezeit":"18\u00a0Minuten"},"schema":{"@context":"https:\/\/schema.org","@graph":[{"@type":"WebPage","@id":"https:\/\/likeink.com\/de\/fake-tattoos-fuer-halloween\/","url":"https:\/\/likeink.com\/de\/fake-tattoos-fuer-halloween\/","name":"Fake-Tattoos f\u00fcr Halloween Bestelle Fake-Tattoos f\u00fcr Halloween - Like ink","isPartOf":{"@id":"https:\/\/likeink.com\/de\/#website"},"primaryImageOfPage":{"@id":"https:\/\/likeink.com\/de\/fake-tattoos-fuer-halloween\/#primaryimage"},"image":{"@id":"https:\/\/likeink.com\/de\/fake-tattoos-fuer-halloween\/#primaryimage"},"thumbnailUrl":"https:\/\/likeink.com\/wp-content\/uploads\/2024\/10\/halloween_left_4.jpg","datePublished":"2022-10-04T14:01:26+00:00","dateModified":"2025-10-18T08:41:32+00:00","description":"Kaufe Fake-Tattoos f\u00fcr Halloween! W\u00e4hle aus fertigen Halloween-Motiven oder lade dein eigenes Design hoch! - Trick oder Tattoo? - Like ink","breadcrumb":{"@id":"https:\/\/likeink.com\/de\/fake-tattoos-fuer-halloween\/#breadcrumb"},"inLanguage":"de","potentialAction":[{"@type":"ReadAction","target":["https:\/\/likeink.com\/de\/fake-tattoos-fuer-halloween\/"]}]},{"@type":"ImageObject","inLanguage":"de","@id":"https:\/\/likeink.com\/de\/fake-tattoos-fuer-halloween\/#primaryimage","url":"https:\/\/likeink.com\/wp-content\/uploads\/2024\/10\/halloween_left_4.jpg","contentUrl":"https:\/\/likeink.com\/wp-content\/uploads\/2024\/10\/halloween_left_4.jpg"},{"@type":"BreadcrumbList","@id":"https:\/\/likeink.com\/de\/fake-tattoos-fuer-halloween\/#breadcrumb","itemListElement":[{"@type":"ListItem","position":1,"name":"Hem","item":"https:\/\/likeink.com\/de\/"},{"@type":"ListItem","position":2,"name":"Fake-Tattoos f\u00fcr Halloween"}]},{"@type":"WebSite","@id":"https:\/\/likeink.com\/de\/#website","url":"https:\/\/likeink.com\/de\/","name":"Like ink","description":"Gestalten Sie Ihre eigenen tempor\u00e4ren Tattoos","potentialAction":[{"@type":"SearchAction","target":{"@type":"EntryPoint","urlTemplate":"https:\/\/likeink.com\/de\/?s={search_term_string}"},"query-input":{"@type":"PropertyValueSpecification","valueRequired":true,"valueName":"search_term_string"}}],"inLanguage":"de"}]}},"_links":{"self":[{"href":"https:\/\/likeink.com\/de\/wp-json\/wp\/v2\/pages\/21337","targetHints":{"allow":["GET"]}}],"collection":[{"href":"https:\/\/likeink.com\/de\/wp-json\/wp\/v2\/pages"}],"about":[{"href":"https:\/\/likeink.com\/de\/wp-json\/wp\/v2\/types\/page"}],"author":[{"embeddable":true,"href":"https:\/\/likeink.com\/de\/wp-json\/wp\/v2\/users\/7"}],"replies":[{"embeddable":true,"href":"https:\/\/likeink.com\/de\/wp-json\/wp\/v2\/comments?post=21337"}],"version-history":[{"count":10,"href":"https:\/\/likeink.com\/de\/wp-json\/wp\/v2\/pages\/21337\/revisions"}],"predecessor-version":[{"id":52233,"href":"https:\/\/likeink.com\/de\/wp-json\/wp\/v2\/pages\/21337\/revisions\/52233"}],"wp:attachment":[{"href":"https:\/\/likeink.com\/de\/wp-json\/wp\/v2\/media?parent=21337"}],"curies":[{"name":"wp","href":"https:\/\/api.w.org\/{rel}","templated":true}]}}