{"id":2255,"date":"2019-11-26T11:39:42","date_gmt":"2019-11-26T11:39:42","guid":{"rendered":"https:\/\/likeink.se\/wagen\/"},"modified":"2025-06-25T11:31:50","modified_gmt":"2025-06-25T11:31:50","slug":"wagen","status":"publish","type":"page","link":"https:\/\/likeink.com\/de\/wagen\/","title":{"rendered":"Wagen"},"content":{"rendered":"<form action=\"https:\/\/likeink.com\/da\/cart\/\" method=\"post\">\n\t\t\t\t\t\t\t\t\t\t\tAnzahl<br \/>\n\t\t\t\t\t\t\t\t\t\t\tGesamtsumme<br \/>\n\t\t\t\t\t\t\t\t\t\t\t\t<a href=\"https:\/\/likeink.com\/de\/midlertidige-tatoveringer\/flash-boys-dont-cry\/\"><img width=\"310\" height=\"218\" src=\"https:\/\/likeink.com\/wp-content\/uploads\/2025\/03\/Kopparhjerta-666-tattoo-Likeink-310x218.jpg\" alt=\"Schwarz-wei\u00dfes Blatt mit tempor\u00e4ren Tattoos mit Blumen, einem Feuerzeug, gotischer Schrift, einer traurigen Figur mit Maske und punk-inspirierten Symbolen.\" decoding=\"async\" srcset=\"https:\/\/likeink.com\/wp-content\/uploads\/2025\/03\/Kopparhjerta-666-tattoo-Likeink-310x218.jpg 310w, https:\/\/likeink.com\/wp-content\/uploads\/2025\/03\/Kopparhjerta-666-tattoo-Likeink-300x211.jpg 300w, https:\/\/likeink.com\/wp-content\/uploads\/2025\/03\/Kopparhjerta-666-tattoo-Likeink-1024x721.jpg 1024w, https:\/\/likeink.com\/wp-content\/uploads\/2025\/03\/Kopparhjerta-666-tattoo-Likeink-768x541.jpg 768w, https:\/\/likeink.com\/wp-content\/uploads\/2025\/03\/Kopparhjerta-666-tattoo-Likeink-1536x1082.jpg 1536w, https:\/\/likeink.com\/wp-content\/uploads\/2025\/03\/Kopparhjerta-666-tattoo-Likeink-660x465.jpg 660w, https:\/\/likeink.com\/wp-content\/uploads\/2025\/03\/Kopparhjerta-666-tattoo-Likeink.jpg 1600w\" sizes=\"(max-width: 310px) 100vw, 310px\" \/><\/a><br \/>\n\t\t\t\t\t\t\t\t\t\t\t\t\t\t<a href=\"https:\/\/likeink.com\/de\/wagen\/?remove_item=cec4f3a10b0fb2e1a5ab8be64898168c&#038;_wpnonce=d1a5e258f8\" aria-label=\"Remove this item\" data-product_id=\"35906\" data-product_sku=\"313\"><svg aria-hidden=\"true\" viewBox=\"0 0 352 512\" xmlns=\"http:\/\/www.w3.org\/2000\/svg\"><path d=\"M242.72 256l100.07-100.07c12.28-12.28 12.28-32.19 0-44.48l-22.24-22.24c-12.28-12.28-32.19-12.28-44.48 0L176 189.28 75.93 89.21c-12.28-12.28-32.19-12.28-44.48 0L9.21 111.45c-12.28 12.28-12.28 32.19 0 44.48L109.28 256 9.21 356.07c-12.28 12.28-12.28 32.19 0 44.48l22.24 22.24c12.28 12.28 32.2 12.28 44.48 0L176 322.72l100.07 100.07c12.28 12.28 32.2 12.28 44.48 0l22.24-22.24c12.28-12.28 12.28-32.19 0-44.48L242.72 256z\"><\/path><\/svg><\/a><br \/>\n\t\t\t\t\t\t\t\t\t\t\t\t\t<a href=\"https:\/\/likeink.com\/de\/midlertidige-tatoveringer\/flash-boys-dont-cry\/\">Flash \u201dBoys dont cry\u201d by Kristoffer Don Cash<\/a><br \/>\n\t\t<label for=\"quantity_685bde2668f6b\">Flash \u201dBoys dont cry\u201d by Kristoffer Don Cash antal<\/label><br \/>\n\t<input\n\t\ttype=\"number\"\n\t\t\t\tid=\"quantity_685bde2668f6b\"\n\t\tclass=\"input-text qty text\"\n\t\tname=\"cart[cec4f3a10b0fb2e1a5ab8be64898168c][qty]\"\n\t\tvalue=\"1\"\n\t\taria-label=\"Vareantal\"\n\t\t\t\tmin=\"0\"\n\t\tmax=\"\"\n\t\t\t\t\tstep=\"1\"\n\t\t\tplaceholder=\"\"\n\t\t\tinputmode=\"numeric\"\n\t\t\tautocomplete=\"off\"\n\t\t\t\/><br \/>\n\t\t\t\t\t\t\t\t\t\t\t\t\t<bdi>78.40&nbsp;&#107;&#114;<\/bdi><br \/>\n\t\t\t\t\t\t\t\t\t\t\t\t\t<a href=\"https:\/\/likeink.com\/de\/wagen\/?remove_item=cec4f3a10b0fb2e1a5ab8be64898168c&#038;_wpnonce=d1a5e258f8\" aria-label=\"Remove this item\" data-product_id=\"35906\" data-product_sku=\"313\"><svg aria-hidden=\"true\" viewBox=\"0 0 352 512\" xmlns=\"http:\/\/www.w3.org\/2000\/svg\"><path d=\"M242.72 256l100.07-100.07c12.28-12.28 12.28-32.19 0-44.48l-22.24-22.24c-12.28-12.28-32.19-12.28-44.48 0L176 189.28 75.93 89.21c-12.28-12.28-32.19-12.28-44.48 0L9.21 111.45c-12.28 12.28-12.28 32.19 0 44.48L109.28 256 9.21 356.07c-12.28 12.28-12.28 32.19 0 44.48l22.24 22.24c12.28 12.28 32.2 12.28 44.48 0L176 322.72l100.07 100.07c12.28 12.28 32.2 12.28 44.48 0l22.24-22.24c12.28-12.28 12.28-32.19 0-44.48L242.72 256z\"><\/path><\/svg><\/a>                                                <\/p>\n<p>Nu \u00e4r ditt k\u00f6p strax klart och vi kommer omg\u00e5ende behandla din order. Dina uppgifter \u00e4r trygga, s\u00e4kra och krypterade. Vi s\u00e4ljer till b\u00e5de konsument och f\u00f6retag. <a href=\"https:\/\/likeink.se\/kassan\/\">Forts\u00e4tt till kassan<\/a><\/p>\n<p><\/p>\n<p><strong>KUNDTJ\u00c4NST<\/strong><br \/>Telefon: +46 72 502 96 57<br \/>vardagar 10-17<br \/>info@likeink.se <\/p>\n<p>Tilf\u00f8j en ekstra gruppe af falske tatoveringer til dig selv eller en du holder af!<\/p>\n<p>                        <label for=\"coupon_code\">Coupon:<\/label><br \/>\n                        <input type=\"text\" name=\"coupon_code\" id=\"coupon_code\" value=\"\" placeholder=\"Gutscheincode\"\/><br \/>\n                        <button type=\"submit\" name=\"apply_coupon\"\n                                value=\"Gutschein anwenden\">Gutschein anwenden<\/button><br \/>\n\t\t            <a href=\"https:\/\/likeink.com\/de\/shop\/\"><svg aria-hidden=\"true\" viewBox=\"0 0 320 512\" xmlns=\"http:\/\/www.w3.org\/2000\/svg\"><path d=\"M34.52 239.03L228.87 44.69c9.37-9.37 24.57-9.37 33.94 0l22.67 22.67c9.36 9.36 9.37 24.52.04 33.9L131.49 256l154.02 154.75c9.34 9.38 9.32 24.54-.04 33.9l-22.67 22.67c-9.37 9.37-24.57 9.37-33.94 0L34.52 272.97c-9.37-9.37-9.37-24.57 0-33.94z\"><\/path><\/svg> Weiter einkaufen<\/a><br \/>\n\t\t\t\t\t<button type=\"submit\" name=\"update_cart\" style=\"display:none;\"><\/button><input type=\"hidden\" id=\"woocommerce-cart-nonce\" name=\"woocommerce-cart-nonce\" value=\"d1a5e258f8\" \/><input type=\"hidden\" name=\"_wp_http_referer\" value=\"\/wp-admin\/admin-ajax.php\" \/>                <\/p>\n<table>\n<tr>\n<th>Subtotal<\/th>\n<td data-title=\"Subtotal\"><bdi>78.40&nbsp;&#107;&#114;<\/bdi><\/td>\n<\/tr>\n<tr class=\"woocommerce-shipping-totals shipping\n\tshipping--boxed\n\t\"><\/p>\n<td colspan=\"2\">\n<table>\n<tbody>\n<tr>\n<td>\n<p >\n\t\t\t\t\t\tForsendelse\n\t\t\t\t\t<\/p>\n<ul id=\"shipping_method\">\n<li>\n\t\t\t\t\t\t<input type=\"radio\" name=\"shipping_method[0]\" data-index=\"0\" id=\"shipping_method_0_smart_send_shipping18\" value=\"smart_send_shipping:18\"  checked='checked' \/><label for=\"shipping_method_0_smart_send_shipping18\">Free Shipping for orders over 19\u20ac: 3-7 days<\/label>\t\t\t\t\t<\/li>\n<li>\n\t\t\t\t\t\t<input type=\"radio\" name=\"shipping_method[0]\" data-index=\"0\" id=\"shipping_method_0_smart_send_shipping17\" value=\"smart_send_shipping:17\"  \/><label for=\"shipping_method_0_smart_send_shipping17\">Express: 2-5 days (Printed &amp; shipped within 24 hours, including tracking): <bdi>78.43&nbsp;&#107;&#114;<\/bdi><\/label>\t\t\t\t\t<\/li>\n<\/ul>\n<\/td>\n<\/tbody>\n<\/tr>\n<\/table>\n<\/td>\n<\/tr>\n<tr>\n<th>Total<\/th>\n<td data-title=\"Total\"><strong><bdi>78.40&nbsp;&#107;&#114;<\/bdi><\/strong> <\/td>\n<\/tr>\n<\/table>\n<p>                                <a href=\"https:\/\/likeink.com\/de\/kasse\/\"><br \/>\n\t\t\t\tWeiter zur Kasse            <\/a><br \/>\n\t\t        <\/form>\n<figure><img decoding=\"async\" width=\"190\" height=\"310\" src=\"https:\/\/likeink.com\/wp-content\/uploads\/2023\/04\/thump_up.png\" alt=\"thump logo\" \/><\/figure>\n<h3>REAL FAKE TATTOOS<\/h3>\n<p>\t\tWir stellen hochwertige tempor\u00e4re Tattoos von Ihrem Design, Foto, Text oder Logo her. Tempor\u00e4re Tattoos sind perfekt f\u00fcr Messen, Events und als Werbegeschenk. Beliebt bei Junggesellinnen- und Junggesellenabschieden, Partys &#038; Feiern. F\u00fcr alle, die sich ein richtiges Tattoo stechen lassen m\u00f6chten!<br \/>\n\t\t\t\t\t<a href=\"https:\/\/likeink.com\/de\/tatowierungen\/custom-temporary-tattoos\/\"><br \/>\n\t\t\t\t\t\t\t\t\tSCHAFFEN SIE EIN EIGENES DESIGN<br \/>\n\t\t\t\t\t<\/a><br \/>\n\t\t\t\t\t\t\t\t\t\t\t\t\t\t\t<img decoding=\"async\" width=\"591\" height=\"339\" src=\"https:\/\/likeink.com\/wp-content\/uploads\/2023\/05\/ezgif.com-crop.gif\" alt=\"Gif for Like ink Fake Tattoos\" \/><\/p>\n","protected":false},"excerpt":{"rendered":"<p>Anzahl Gesamtsumme Flash \u201dBoys dont cry\u201d by Kristoffer Don Cash Flash \u201dBoys dont cry\u201d by Kristoffer Don Cash antal 78.40&nbsp;&#107;&#114; Nu \u00e4r ditt k\u00f6p strax klart och vi kommer omg\u00e5ende behandla din order. Dina uppgifter \u00e4r trygga, s\u00e4kra och krypterade. Vi s\u00e4ljer till b\u00e5de konsument och f\u00f6retag. Forts\u00e4tt till kassan KUNDTJ\u00c4NSTTelefon: +46 72 502 96 [&hellip;]<\/p>\n","protected":false},"author":7,"featured_media":0,"parent":0,"menu_order":0,"comment_status":"closed","ping_status":"closed","template":"","meta":{"footnotes":""},"class_list":["post-2255","page","type-page","status-publish","hentry"],"yoast_head":"<!-- This site is optimized with the Yoast SEO Premium plugin v26.2 (Yoast SEO v27.5) - https:\/\/yoast.com\/product\/yoast-seo-premium-wordpress\/ -->\n<title>Wagen - Like ink<\/title>\n<meta name=\"description\" content=\"Wagen Like ink\" \/>\n<meta name=\"robots\" content=\"noindex, nofollow\" \/>\n<meta property=\"og:locale\" content=\"de_DE\" \/>\n<meta property=\"og:type\" content=\"article\" \/>\n<meta property=\"og:title\" content=\"Wagen\" \/>\n<meta property=\"og:description\" content=\"Anzahl Gesamtsumme Flash \u201dBoys dont cry\u201d by Kristoffer Don Cash Flash \u201dBoys dont cry\u201d by Kristoffer Don Cash antal 78.40&nbsp;&#107;&#114; Nu \u00e4r ditt k\u00f6p\" \/>\n<meta property=\"og:url\" content=\"https:\/\/likeink.com\/de\/wagen\/\" \/>\n<meta property=\"og:site_name\" content=\"Like ink\" \/>\n<meta property=\"article:publisher\" content=\"https:\/\/www.facebook.com\/LikeInkSe\" \/>\n<meta property=\"article:modified_time\" content=\"2025-06-25T11:31:50+00:00\" \/>\n<meta property=\"og:image\" content=\"https:\/\/likeink.com\/wp-content\/uploads\/2025\/03\/Kopparhjerta-666-tattoo-Likeink-310x218.jpg\" \/>\n<meta name=\"twitter:card\" content=\"summary_large_image\" \/>\n<meta name=\"twitter:label1\" content=\"Gesch\u00e4tzte Lesezeit\" \/>\n\t<meta name=\"twitter:data1\" content=\"1\u00a0Minute\" \/>\n<!-- \/ Yoast SEO Premium plugin. -->","yoast_head_json":{"title":"Wagen - Like ink","description":"Wagen Like ink","robots":{"index":"noindex","follow":"nofollow"},"og_locale":"de_DE","og_type":"article","og_title":"Wagen","og_description":"Anzahl Gesamtsumme Flash \u201dBoys dont cry\u201d by Kristoffer Don Cash Flash \u201dBoys dont cry\u201d by Kristoffer Don Cash antal 78.40&nbsp;&#107;&#114; Nu \u00e4r ditt k\u00f6p","og_url":"https:\/\/likeink.com\/de\/wagen\/","og_site_name":"Like ink","article_publisher":"https:\/\/www.facebook.com\/LikeInkSe","article_modified_time":"2025-06-25T11:31:50+00:00","og_image":[{"url":"https:\/\/likeink.com\/wp-content\/uploads\/2025\/03\/Kopparhjerta-666-tattoo-Likeink-310x218.jpg","type":"","width":"","height":""}],"twitter_card":"summary_large_image","twitter_misc":{"Gesch\u00e4tzte Lesezeit":"1\u00a0Minute"},"schema":{"@context":"https:\/\/schema.org","@graph":[{"@type":"WebPage","@id":"https:\/\/likeink.com\/de\/wagen\/","url":"https:\/\/likeink.com\/de\/wagen\/","name":"Wagen - Like ink","isPartOf":{"@id":"https:\/\/likeink.com\/de\/#website"},"primaryImageOfPage":{"@id":"https:\/\/likeink.com\/de\/wagen\/#primaryimage"},"image":{"@id":"https:\/\/likeink.com\/de\/wagen\/#primaryimage"},"thumbnailUrl":"https:\/\/likeink.com\/wp-content\/uploads\/2025\/03\/Kopparhjerta-666-tattoo-Likeink-310x218.jpg","datePublished":"2019-11-26T11:39:42+00:00","dateModified":"2025-06-25T11:31:50+00:00","description":"Wagen Like ink","breadcrumb":{"@id":"https:\/\/likeink.com\/de\/wagen\/#breadcrumb"},"inLanguage":"de","potentialAction":[{"@type":"ReadAction","target":["https:\/\/likeink.com\/de\/wagen\/"]}]},{"@type":"ImageObject","inLanguage":"de","@id":"https:\/\/likeink.com\/de\/wagen\/#primaryimage","url":"https:\/\/likeink.com\/wp-content\/uploads\/2025\/03\/Kopparhjerta-666-tattoo-Likeink-310x218.jpg","contentUrl":"https:\/\/likeink.com\/wp-content\/uploads\/2025\/03\/Kopparhjerta-666-tattoo-Likeink-310x218.jpg"},{"@type":"BreadcrumbList","@id":"https:\/\/likeink.com\/de\/wagen\/#breadcrumb","itemListElement":[{"@type":"ListItem","position":1,"name":"Hem","item":"https:\/\/likeink.com\/de\/"},{"@type":"ListItem","position":2,"name":"Wagen"}]},{"@type":"WebSite","@id":"https:\/\/likeink.com\/de\/#website","url":"https:\/\/likeink.com\/de\/","name":"Like ink","description":"Gestalten Sie Ihre eigenen tempor\u00e4ren Tattoos","potentialAction":[{"@type":"SearchAction","target":{"@type":"EntryPoint","urlTemplate":"https:\/\/likeink.com\/de\/?s={search_term_string}"},"query-input":{"@type":"PropertyValueSpecification","valueRequired":true,"valueName":"search_term_string"}}],"inLanguage":"de"}]}},"_links":{"self":[{"href":"https:\/\/likeink.com\/de\/wp-json\/wp\/v2\/pages\/2255","targetHints":{"allow":["GET"]}}],"collection":[{"href":"https:\/\/likeink.com\/de\/wp-json\/wp\/v2\/pages"}],"about":[{"href":"https:\/\/likeink.com\/de\/wp-json\/wp\/v2\/types\/page"}],"author":[{"embeddable":true,"href":"https:\/\/likeink.com\/de\/wp-json\/wp\/v2\/users\/7"}],"replies":[{"embeddable":true,"href":"https:\/\/likeink.com\/de\/wp-json\/wp\/v2\/comments?post=2255"}],"version-history":[{"count":7,"href":"https:\/\/likeink.com\/de\/wp-json\/wp\/v2\/pages\/2255\/revisions"}],"predecessor-version":[{"id":47692,"href":"https:\/\/likeink.com\/de\/wp-json\/wp\/v2\/pages\/2255\/revisions\/47692"}],"wp:attachment":[{"href":"https:\/\/likeink.com\/de\/wp-json\/wp\/v2\/media?parent=2255"}],"curies":[{"name":"wp","href":"https:\/\/api.w.org\/{rel}","templated":true}]}}