{"id":25235,"date":"2024-02-23T15:14:54","date_gmt":"2024-02-23T15:14:54","guid":{"rendered":"https:\/\/likeink.se\/hur-ont-gor-en-tatuering\/"},"modified":"2025-06-24T06:31:48","modified_gmt":"2025-06-24T06:31:48","slug":"wie-sehr-tun-tattoos-eigentlich-weh","status":"publish","type":"page","link":"https:\/\/likeink.com\/de\/wie-sehr-tun-tattoos-eigentlich-weh\/","title":{"rendered":"Wie sehr tun Tattoos eigentlich weh?"},"content":{"rendered":"\t\t<div data-elementor-type=\"wp-page\" data-elementor-id=\"25235\" class=\"elementor elementor-25235 elementor-25143\" data-elementor-post-type=\"page\">\n\t\t\t\t<div class=\"elementor-element elementor-element-65f0d72 e-flex e-con-boxed e-con e-parent\" data-id=\"65f0d72\" data-element_type=\"container\">\n\t\t\t\t\t<div class=\"e-con-inner\">\n\t\t\t\t<div class=\"elementor-element elementor-element-f5abff0 elementor-widget elementor-widget-image\" data-id=\"f5abff0\" data-element_type=\"widget\" data-widget_type=\"image.default\">\n\t\t\t\t<div class=\"elementor-widget-container\">\n\t\t\t\t\t\t\t\t\t\t\t\t\t\t\t<img decoding=\"async\" width=\"1400\" height=\"933\" src=\"https:\/\/likeink.com\/wp-content\/uploads\/2024\/02\/hur-ont-gor-det-att-tatuera-sig.jpg\" class=\"attachment-full size-full wp-image-25275\" alt=\"Wie schmerzhaft ist eine T\u00e4towierung. Like Ink erkl\u00e4rt, wo es am meisten weh tut, sich t\u00e4towieren zu lassen.\" srcset=\"https:\/\/likeink.com\/wp-content\/uploads\/2024\/02\/hur-ont-gor-det-att-tatuera-sig.jpg 1400w, https:\/\/likeink.com\/wp-content\/uploads\/2024\/02\/hur-ont-gor-det-att-tatuera-sig-300x200.jpg 300w, https:\/\/likeink.com\/wp-content\/uploads\/2024\/02\/hur-ont-gor-det-att-tatuera-sig-1024x682.jpg 1024w, https:\/\/likeink.com\/wp-content\/uploads\/2024\/02\/hur-ont-gor-det-att-tatuera-sig-768x512.jpg 768w, https:\/\/likeink.com\/wp-content\/uploads\/2024\/02\/hur-ont-gor-det-att-tatuera-sig-310x207.jpg 310w, https:\/\/likeink.com\/wp-content\/uploads\/2024\/02\/hur-ont-gor-det-att-tatuera-sig-660x440.jpg 660w\" sizes=\"(max-width: 1400px) 100vw, 1400px\" \/>\t\t\t\t\t\t\t\t\t\t\t\t\t\t\t<\/div>\n\t\t\t\t<\/div>\n\t\t\t\t\t<\/div>\n\t\t\t\t<\/div>\n\t\t<div class=\"elementor-element elementor-element-af1627d e-flex e-con-boxed e-con e-parent\" data-id=\"af1627d\" data-element_type=\"container\">\n\t\t\t\t\t<div class=\"e-con-inner\">\n\t\t<div class=\"elementor-element elementor-element-b9014c1 e-con-full e-flex e-con e-child\" data-id=\"b9014c1\" data-element_type=\"container\">\n\t\t\t\t<div class=\"elementor-element elementor-element-26c2da6 elementor-widget elementor-widget-heading\" data-id=\"26c2da6\" data-element_type=\"widget\" data-widget_type=\"heading.default\">\n\t\t\t\t<div class=\"elementor-widget-container\">\n\t\t\t\t\t<h2 class=\"elementor-heading-title elementor-size-default\">Wie sehr tun Tattoos eigentlich weh?\n<\/h2>\t\t\t\t<\/div>\n\t\t\t\t<\/div>\n\t\t\t\t<div class=\"elementor-element elementor-element-666651f elementor-widget elementor-widget-text-editor\" data-id=\"666651f\" data-element_type=\"widget\" data-widget_type=\"text-editor.default\">\n\t\t\t\t<div class=\"elementor-widget-container\">\n\t\t\t\t\t\t\t\t\tEin Tattoo zu bekommen ist eine Entscheidung f\u00fcrs Leben, die auch schmerzhaft sein kann, deshalb ist es wesentlich, sorgf\u00e4ltig zu planen, wie deine Tattoos aussehen sollen. Mit tempor\u00e4ren Tattoos von Like ink kannst du deine Tattoos bis ins kleinste Detail planen, um schnell und einfach zu sehen, wie sie aussehen werden. Bestelle deine geplanten Tattoos als Fake-Tattoos und sieh sofort, wie sie auf deinem K\u00f6rper aussehen. Erstelle hier deine Tattoos!\t\t\t\t\t\t\t\t<\/div>\n\t\t\t\t<\/div>\n\t\t\t\t<\/div>\n\t\t<div class=\"elementor-element elementor-element-e573a54 e-con-full e-flex e-con e-child\" data-id=\"e573a54\" data-element_type=\"container\">\n\t\t\t\t<div class=\"elementor-element elementor-element-42c4058 elementor-widget elementor-widget-heading\" data-id=\"42c4058\" data-element_type=\"widget\" data-widget_type=\"heading.default\">\n\t\t\t\t<div class=\"elementor-widget-container\">\n\t\t\t\t\t<h3 class=\"elementor-heading-title elementor-size-default\">Wo tut es am wenigsten weh, ein Tattoo zu bekommen?\n<\/h3>\t\t\t\t<\/div>\n\t\t\t\t<\/div>\n\t\t\t\t<div class=\"elementor-element elementor-element-1bb18d7 elementor-widget elementor-widget-text-editor\" data-id=\"1bb18d7\" data-element_type=\"widget\" data-widget_type=\"text-editor.default\">\n\t\t\t\t<div class=\"elementor-widget-container\">\n\t\t\t\t\t\t\t\t\tSchmerz ist sehr individuell und kann von Person zu Person variieren. Es wird jedoch oft empfunden, dass es an Stellen, wo die Haut d\u00fcnn ist, am meisten weh tut. Wo du mehr Unterhautfett hast, sind Tattoos oft weniger schmerzhaft. Unabh\u00e4ngig davon, wo du ein Tattoo haben m\u00f6chtest, wird es weh tun, also nutze Like ink, um dein Tattoo als tempor\u00e4res Tattoo zu bestellen und zu sehen, ob dir das Design gef\u00e4llt. Unten findest du Beschreibungen der am wenigsten schmerzhaften Stellen f\u00fcr ein Tattoo.\t\t\t\t\t\t\t\t<\/div>\n\t\t\t\t<\/div>\n\t\t\t\t<\/div>\n\t\t<div class=\"elementor-element elementor-element-26c28af e-con-full e-flex e-con e-child\" data-id=\"26c28af\" data-element_type=\"container\">\n\t\t\t\t<div class=\"elementor-element elementor-element-8322d57 elementor-widget elementor-widget-heading\" data-id=\"8322d57\" data-element_type=\"widget\" data-widget_type=\"heading.default\">\n\t\t\t\t<div class=\"elementor-widget-container\">\n\t\t\t\t\t<h3 class=\"elementor-heading-title elementor-size-default\">Arm-Tattoos\n<\/h3>\t\t\t\t<\/div>\n\t\t\t\t<\/div>\n\t\t\t\t<div class=\"elementor-element elementor-element-4251a1c elementor-widget elementor-widget-text-editor\" data-id=\"4251a1c\" data-element_type=\"widget\" data-widget_type=\"text-editor.default\">\n\t\t\t\t<div class=\"elementor-widget-container\">\n\t\t\t\t\t\t\t\t\tDas T\u00e4towieren des Arms gilt als weniger schmerzhafte Stelle f\u00fcr ein Tattoo, weil dort oft mehr Fleisch zwischen Haut und Knochen ist, was bedeutet, dass es weniger weh tut. Zum Beispiel ist ein Tattoo am Unterarm, wo du mehr Fett und Muskeln hast, nicht besonders schmerzhaft. Das T\u00e4towieren des Unterarms ist aus diesem Grund beliebt. Allerdings k\u00f6nnen Tattoos am Handgelenk oder Ellbogen schmerzhafter sein, weil die Haut dort n\u00e4her am Knochen liegt. Verwende Fake-Tattoos, um zu sehen, ob dir dein neues Tattoo gef\u00e4llt, wenn du nerv\u00f6s bist \u2013 dann wirst du wissen, ob es sich lohnt!\n\n\t\t\t\t\t\t\t\t<\/div>\n\t\t\t\t<\/div>\n\t\t\t\t<\/div>\n\t\t<div class=\"elementor-element elementor-element-e0f0064 e-con-full e-flex e-con e-child\" data-id=\"e0f0064\" data-element_type=\"container\">\n\t\t\t\t<div class=\"elementor-element elementor-element-425d71c elementor-widget elementor-widget-heading\" data-id=\"425d71c\" data-element_type=\"widget\" data-widget_type=\"heading.default\">\n\t\t\t\t<div class=\"elementor-widget-container\">\n\t\t\t\t\t<h3 class=\"elementor-heading-title elementor-size-default\">Bein-Tattoos\n<\/h3>\t\t\t\t<\/div>\n\t\t\t\t<\/div>\n\t\t\t\t<div class=\"elementor-element elementor-element-fdec6cb elementor-widget elementor-widget-text-editor\" data-id=\"fdec6cb\" data-element_type=\"widget\" data-widget_type=\"text-editor.default\">\n\t\t\t\t<div class=\"elementor-widget-container\">\n\t\t\t\t\t\t\t\t\tTattoos auf den Beinen tun weniger weh, weil die Haut weiter von den Knochen entfernt ist und die meisten Leute Fett und Muskeln zwischen Knochen und Haut haben. Ein Tattoo auf deinen Oberschenkeln oder der Wade tut am wenigsten weh, w\u00e4hrend Tattoos am Knie schmerzhafter sind. Wenn du vorhast, Tattoos auf deinen Oberschenkeln oder Waden zu bekommen und wegen des Schmerzes besorgt bist, ist es eine gute Idee, sicherzustellen, dass du mit der Platzierung zufrieden bist, bevor du t\u00e4towiert wirst. Bei Like ink kannst du deine eigenen tempor\u00e4ren Tattoos mit deinem Entwurf bestellen, um sicherzustellen, dass dir das Tattoo gef\u00e4llt.\t\t\t\t\t\t\t\t<\/div>\n\t\t\t\t<\/div>\n\t\t\t\t<\/div>\n\t\t<div class=\"elementor-element elementor-element-83a1647 e-con-full e-flex e-con e-child\" data-id=\"83a1647\" data-element_type=\"container\">\n\t\t\t\t<div class=\"elementor-element elementor-element-8ef787e elementor-widget elementor-widget-heading\" data-id=\"8ef787e\" data-element_type=\"widget\" data-widget_type=\"heading.default\">\n\t\t\t\t<div class=\"elementor-widget-container\">\n\t\t\t\t\t<h3 class=\"elementor-heading-title elementor-size-default\">Wo tut es am meisten weh, ein Tattoo zu bekommen?\n<\/h3>\t\t\t\t<\/div>\n\t\t\t\t<\/div>\n\t\t\t\t<div class=\"elementor-element elementor-element-a856c74 elementor-widget elementor-widget-text-editor\" data-id=\"a856c74\" data-element_type=\"widget\" data-widget_type=\"text-editor.default\">\n\t\t\t\t<div class=\"elementor-widget-container\">\n\t\t\t\t\t\t\t\t\tEs ist klug, sich Tattoos gut zu \u00fcberlegen, bevor man eins bekommt; ein Tattoo wird wehtun und wahrscheinlich f\u00fcr immer auf deinem K\u00f6rper bleiben. Tempor\u00e4re Tattoos von Like ink hingegen sind v\u00f6llig schmerzfrei und einfach abzuwaschen \u2013 probiere ein Fake-Tattoo aus, um zu entscheiden, wo du dein Tattoo haben m\u00f6chtest, bevor du ein echtes bekommst! Unten erkl\u00e4ren wir, an welchen K\u00f6rperstellen es am meisten wehtut, ein Tattoo zu bekommen.\t\t\t\t\t\t\t\t<\/div>\n\t\t\t\t<\/div>\n\t\t\t\t<\/div>\n\t\t<div class=\"elementor-element elementor-element-bed56d3 e-con-full e-flex e-con e-child\" data-id=\"bed56d3\" data-element_type=\"container\">\n\t\t\t\t<div class=\"elementor-element elementor-element-832b552 elementor-widget elementor-widget-heading\" data-id=\"832b552\" data-element_type=\"widget\" data-widget_type=\"heading.default\">\n\t\t\t\t<div class=\"elementor-widget-container\">\n\t\t\t\t\t<h3 class=\"elementor-heading-title elementor-size-default\">Nacken-Tattoos\n<\/h3>\t\t\t\t<\/div>\n\t\t\t\t<\/div>\n\t\t\t\t<div class=\"elementor-element elementor-element-ee01f7a elementor-widget elementor-widget-text-editor\" data-id=\"ee01f7a\" data-element_type=\"widget\" data-widget_type=\"text-editor.default\">\n\t\t\t\t<div class=\"elementor-widget-container\">\n\t\t\t\t\t\t\t\t\t<p>Das T\u00e4towieren des Kopfes, des Nackens und der Kehle kann eine schmerzhafte Erfahrung sein, vor allem wegen der begrenzten Fettschicht unter der Haut in diesen Bereichen. Wenn man das T\u00e4towieren dieser K\u00f6rperteile in Betracht zieht, ist es gut zu verstehen, warum der Schmerz hier intensiver sein kann als an anderen Stellen. Das T\u00e4towieren des Nackens ist ein Beispiel daf\u00fcr, da der Nacken normalerweise weniger Fettgewebe als viele andere K\u00f6rperbereiche hat. Wenn die Tattoo-Nadel die Haut am Nacken durchdringt, kommt sie den Nerven und Knochen darunter nahe.<\/p><p>Diese N\u00e4he zu Nerven und Knochen kann den Schmerz sch\u00e4rfer und intensiver erscheinen lassen. Deshalb ist es wichtig, mental vorbereitet zu sein und einen erfahrenen T\u00e4towierer auszuw\u00e4hlen, wenn man ein Nacken-Tattoo in Betracht zieht. Das gleiche Prinzip gilt f\u00fcr das T\u00e4towieren der Kehle. Die Kehle hat normalerweise weniger Fettgewebe und kann ein schmerzhafter Bereich zum T\u00e4towieren sein. Die Schmerzbew\u00e4ltigung kann herausfordernder sein, daher ist es wesentlich, dies zu bedenken, bevor man sich entscheidet, die Kehle zu t\u00e4towieren.<\/p><p>Um dir zu helfen zu entscheiden, ob ein Tattoo den Schmerz wert ist, ist es eine gute Idee, unsere tempor\u00e4ren Tattoos zu verwenden. Mit tempor\u00e4ren Tattoos kannst du verschiedene Designs und Platzierungen an deinem K\u00f6rper ausprobieren, bevor du dich f\u00fcr ein permanentes Tattoo entscheidest. Verwende unsere Fake-Tattoos, um gr\u00fcndlich zu \u00fcberlegen, ob das coole Tattoo, das du im Kopf hast, den Schmerz wert ist.\u00a0<\/p><p><b>Also, wenn du dir unsicher bist, ob du ein Brusttattoo m\u00f6chtest, warum versuchst du nicht zuerst ein tempor\u00e4res Tattoo, um sicherzustellen, dass du es wirklich lieben wirst?<\/b><\/p>\t\t\t\t\t\t\t\t<\/div>\n\t\t\t\t<\/div>\n\t\t\t\t<\/div>\n\t\t<div class=\"elementor-element elementor-element-e4c2471 e-con-full e-flex e-con e-child\" data-id=\"e4c2471\" data-element_type=\"container\">\n\t\t\t\t<div class=\"elementor-element elementor-element-3c05c46 elementor-widget elementor-widget-heading\" data-id=\"3c05c46\" data-element_type=\"widget\" data-widget_type=\"heading.default\">\n\t\t\t\t<div class=\"elementor-widget-container\">\n\t\t\t\t\t<h3 class=\"elementor-heading-title elementor-size-default\">Hand-Tattoos\n<\/h3>\t\t\t\t<\/div>\n\t\t\t\t<\/div>\n\t\t\t\t<div class=\"elementor-element elementor-element-1a43f18 elementor-widget elementor-widget-text-editor\" data-id=\"1a43f18\" data-element_type=\"widget\" data-widget_type=\"text-editor.default\">\n\t\t\t\t<div class=\"elementor-widget-container\">\n\t\t\t\t\t\t\t\t\tDas T\u00e4towieren der Hand ist nichts f\u00fcr Menschen mit einer niedrigen Schmerztoleranz, da es wegen der N\u00e4he der Haut zum Knochen weh tut. Daher solltest du sorgf\u00e4ltig \u00fcberlegen, ob du ein Handtattoo wirklich haben m\u00f6chtest. Das Gleiche gilt f\u00fcr ein Armbandtattoo \u2013 es tut weh, das Handgelenk zu t\u00e4towieren, weil dort weniger Muskeln und Fett unter der Haut sind. Tattoos an der Hand k\u00f6nnen auch bedeuten, dass dein Tattoo schnell verblasst. Tattoos auf der Handfl\u00e4che und den Fingern sind viel Abnutzung ausgesetzt, was dazu f\u00fchrt, dass sie schneller verblassen als andere Tattoos.\n\nDie Tinte wird oberfl\u00e4chlich in die Haut eingebracht, und wenn du deine H\u00e4nde jeden Tag benutzt, wird die \u00e4u\u00dferste Hautschicht abgetragen und durch neue Haut ersetzt \u2013 das ist der Moment, in dem das Tattoo verblasst. Selbst kleine Handtattoos k\u00f6nnen schmerzhaft sein. Deshalb nutze den Service von Like ink, um dein eigenes tempor\u00e4res Tattoo mit deinem Design zu bestellen, um sicherzustellen, dass du dein Design und die Platzierung wirklich magst, bevor du es t\u00e4towieren l\u00e4sst.\t\t\t\t\t\t\t\t<\/div>\n\t\t\t\t<\/div>\n\t\t\t\t<\/div>\n\t\t<div class=\"elementor-element elementor-element-1123d04 e-con-full e-flex e-con e-child\" data-id=\"1123d04\" data-element_type=\"container\">\n\t\t\t\t<div class=\"elementor-element elementor-element-e5e0c99 elementor-widget elementor-widget-heading\" data-id=\"e5e0c99\" data-element_type=\"widget\" data-widget_type=\"heading.default\">\n\t\t\t\t<div class=\"elementor-widget-container\">\n\t\t\t\t\t<h3 class=\"elementor-heading-title elementor-size-default\">Fu\u00df-Tattoos\n<\/h3>\t\t\t\t<\/div>\n\t\t\t\t<\/div>\n\t\t\t\t<div class=\"elementor-element elementor-element-6339792 elementor-widget elementor-widget-text-editor\" data-id=\"6339792\" data-element_type=\"widget\" data-widget_type=\"text-editor.default\">\n\t\t\t\t<div class=\"elementor-widget-container\">\n\t\t\t\t\t\t\t\t\t<p>Ein Tattoo am Fu\u00df zu bekommen, ist eine Entscheidung, die viele Tattoo-Liebhaber in Betracht ziehen, aber es gibt einige wesentliche Dinge, die man vorher bedenken sollte. Ein Tattoo am Fu\u00df kann wirklich cool aussehen, aber es ist auch bekannt, dass es eine der schmerzhafteren Stellen ist, um sich t\u00e4towieren zu lassen. Warum tut es also weh, ein Fu\u00dftattoo zu bekommen? Zuerst besteht der Fu\u00df aus vielen Knochen, Sehnen und Nerven nahe der Hautoberfl\u00e4che. Wenn die Nadel diese Bereiche durchsticht, kann der Schmerz intensiver sein als an Stellen mit dickerer Haut und weniger empfindlichen Bereichen. Auch der Fu\u00df ist ein st\u00e4ndig beanspruchter Teil des K\u00f6rpers, was den Heilungsprozess komplizieren kann.<\/p><p>St\u00e4ndige Bewegung und Reibung von Schuhen und Socken k\u00f6nnen beeinflussen, wie schnell und reibungslos dein Tattoo heilt. Es ist unerl\u00e4sslich, den Nachsorgeanweisungen des T\u00e4towierers sorgf\u00e4ltig zu folgen, um Infektionen und andere Komplikationen zu vermeiden. Verwende die Funktion von Like ink, um einfach und schnell tempor\u00e4re Tattoos mit deinen eigenen Designs zu bestellen, um sicherzustellen, dass dir dein geplantes Fu\u00dftattoo wirklich gef\u00e4llt.<\/p><p><b>Wie man seine eigenen tempor\u00e4ren Tattoos herstellt<br \/><\/b><br \/>Ob du ein kleines oder ein gro\u00dfes Tattoo m\u00f6chtest, Like ink bietet lustige Tattoos und sch\u00f6ne Tattoos f\u00fcr jeden Geschmack! Wir bieten Tattoos an, die zu verschiedenen Partys und Feiern passen \u2013 du kannst sogar dein eigenes tempor\u00e4res Tattoo bei uns gestalten<\/p><p>.<br \/>Das Bestellen von Fake-Tattoos mit deinem eigenen Design ist sowohl schnell als auch einfach! Lade dein Design auf unserer Webseite hoch, w\u00e4hle die Gr\u00f6\u00dfe und die Menge und bestelle es bequem. Verwende dein individuell gestaltetes Fake-Tattoo, um zu sehen, wie deine Tattoo-Idee auf deinem K\u00f6rper aussieht, oder nutze den Service, um personalisierte Tattoos f\u00fcr deine n\u00e4chste Party zu bestellen! Die M\u00f6glichkeiten sind endlos, aber immer schmerzfrei, schnell und stilvoll mit uns bei Like ink.<\/p>\t\t\t\t\t\t\t\t<\/div>\n\t\t\t\t<\/div>\n\t\t\t\t<\/div>\n\t\t\t\t\t<\/div>\n\t\t\t\t<\/div>\n\t\t<div class=\"elementor-element elementor-element-4673585 e-flex e-con-boxed e-con e-parent\" data-id=\"4673585\" data-element_type=\"container\" id=\"real-tatto\" data-settings=\"{&quot;background_background&quot;:&quot;classic&quot;}\">\n\t\t\t\t\t<div class=\"e-con-inner\">\n\t\t<div class=\"elementor-element elementor-element-510ac0c e-con-full e-flex e-con e-child\" data-id=\"510ac0c\" data-element_type=\"container\">\n\t\t<div class=\"elementor-element elementor-element-eba21bf e-con-full e-flex e-con e-child\" data-id=\"eba21bf\" data-element_type=\"container\">\n\t\t\t\t<div class=\"elementor-element elementor-element-fef55c8 elementor-position-left elementor-vertical-align-middle elementor-widget elementor-widget-image-box\" data-id=\"fef55c8\" data-element_type=\"widget\" data-widget_type=\"image-box.default\">\n\t\t\t\t<div class=\"elementor-widget-container\">\n\t\t\t\t\t<div class=\"elementor-image-box-wrapper\"><figure class=\"elementor-image-box-img\"><img decoding=\"async\" src=\"http:\/\/newweb.likeink.se\/wp-content\/uploads\/2024\/11\/thump_up.png\" title=\"\" alt=\"\" loading=\"lazy\" \/><\/figure><div class=\"elementor-image-box-content\"><h3 class=\"elementor-image-box-title\">REAL FAKE TATTOOS<\/h3><\/div><\/div>\t\t\t\t<\/div>\n\t\t\t\t<\/div>\n\t\t\t\t<div class=\"elementor-element elementor-element-85c24d2 elementor-widget elementor-widget-text-editor\" data-id=\"85c24d2\" data-element_type=\"widget\" data-widget_type=\"text-editor.default\">\n\t\t\t\t<div class=\"elementor-widget-container\">\n\t\t\t\t\t\t\t\t\tWir stellen hochwertige tempor\u00e4re Tattoos von Ihrem Design, Foto, Text oder Logo her. Tempor\u00e4re Tattoos sind perfekt f\u00fcr Messen, Events und als Werbegeschenk. Beliebt bei Junggesellinnen- und Junggesellenabschieden, Partys &#038; Feiern. F\u00fcr alle, die sich ein richtiges Tattoo stechen lassen m\u00f6chten! \t\t\t\t\t\t\t\t<\/div>\n\t\t\t\t<\/div>\n\t\t\t\t<div class=\"elementor-element elementor-element-c7c77b7 elementor-widget elementor-widget-button\" data-id=\"c7c77b7\" data-element_type=\"widget\" data-widget_type=\"button.default\">\n\t\t\t\t<div class=\"elementor-widget-container\">\n\t\t\t\t\t\t\t\t\t<div class=\"elementor-button-wrapper\">\n\t\t\t\t\t<a class=\"elementor-button elementor-button-link elementor-size-sm\" href=\"https:\/\/likeink.com\/de\/tatowierungen\/custom-temporary-tattoos\/\">\n\t\t\t\t\t\t<span class=\"elementor-button-content-wrapper\">\n\t\t\t\t\t\t\t\t\t<span class=\"elementor-button-text\">HAZ TUS PROPIOS TATUAJES TEMPORALES<\/span>\n\t\t\t\t\t<\/span>\n\t\t\t\t\t<\/a>\n\t\t\t\t<\/div>\n\t\t\t\t\t\t\t\t<\/div>\n\t\t\t\t<\/div>\n\t\t\t\t<\/div>\n\t\t<div class=\"elementor-element elementor-element-e10eb54 e-con-full e-flex e-con e-child\" data-id=\"e10eb54\" data-element_type=\"container\">\n\t\t\t\t<div class=\"elementor-element elementor-element-0bc3265 elementor-widget elementor-widget-image\" data-id=\"0bc3265\" data-element_type=\"widget\" data-widget_type=\"image.default\">\n\t\t\t\t<div class=\"elementor-widget-container\">\n\t\t\t\t\t\t\t\t\t\t\t\t\t\t\t<img decoding=\"async\" src=\"http:\/\/newweb.likeink.se\/wp-content\/uploads\/2024\/11\/ezgif.com-crop.gif\" title=\"\" alt=\"\" loading=\"lazy\" \/>\t\t\t\t\t\t\t\t\t\t\t\t\t\t\t<\/div>\n\t\t\t\t<\/div>\n\t\t\t\t<\/div>\n\t\t\t\t<\/div>\n\t\t\t\t\t<\/div>\n\t\t\t\t<\/div>\n\t\t\t\t<\/div>\n\t\t","protected":false},"excerpt":{"rendered":"<p>Wie sehr tun Tattoos eigentlich weh? Ein Tattoo zu bekommen ist eine Entscheidung f\u00fcrs Leben, die auch schmerzhaft sein kann, deshalb ist es wesentlich, sorgf\u00e4ltig zu planen, wie deine Tattoos aussehen sollen. Mit tempor\u00e4ren Tattoos von Like ink kannst du deine Tattoos bis ins kleinste Detail planen, um schnell und einfach zu sehen, wie sie [&hellip;]<\/p>\n","protected":false},"author":4,"featured_media":0,"parent":0,"menu_order":0,"comment_status":"closed","ping_status":"closed","template":"","meta":{"footnotes":""},"class_list":["post-25235","page","type-page","status-publish","hentry"],"yoast_head":"<!-- This site is optimized with the Yoast SEO Premium plugin v26.2 (Yoast SEO v27.5) - https:\/\/yoast.com\/product\/yoast-seo-premium-wordpress\/ -->\n<title>Wie sehr tun Tattoos eigentlich weh? - Like ink<\/title>\n<meta name=\"description\" content=\"Wie sehr tun Tattoos eigentlich weh? Wie f\u00fchlt es sich an, den Fu\u00df, die Brust und andere K\u00f6rperteile zu t\u00e4towieren? Tempor\u00e4ren Tattoos!\" \/>\n<meta name=\"robots\" content=\"index, follow, max-snippet:-1, max-image-preview:large, max-video-preview:-1\" \/>\n<link rel=\"canonical\" href=\"https:\/\/likeink.com\/de\/wie-sehr-tun-tattoos-eigentlich-weh\/\" \/>\n<meta property=\"og:locale\" content=\"de_DE\" \/>\n<meta property=\"og:type\" content=\"article\" \/>\n<meta property=\"og:title\" content=\"Wie sehr tun Tattoos eigentlich weh?\" \/>\n<meta property=\"og:description\" content=\"Wie sehr tun Tattoos eigentlich weh? Ein Tattoo zu bekommen ist eine Entscheidung f\u00fcrs Leben, die auch schmerzhaft sein kann, deshalb ist es wesentlich,\" \/>\n<meta property=\"og:url\" content=\"https:\/\/likeink.com\/de\/wie-sehr-tun-tattoos-eigentlich-weh\/\" \/>\n<meta property=\"og:site_name\" content=\"Like ink\" \/>\n<meta property=\"article:publisher\" content=\"https:\/\/www.facebook.com\/LikeInkSe\" \/>\n<meta property=\"article:modified_time\" content=\"2025-06-24T06:31:48+00:00\" \/>\n<meta property=\"og:image\" content=\"https:\/\/likeink.com\/wp-content\/uploads\/2024\/02\/hur-ont-gor-det-att-tatuera-sig.jpg\" \/>\n<meta name=\"twitter:card\" content=\"summary_large_image\" \/>\n<meta name=\"twitter:label1\" content=\"Gesch\u00e4tzte Lesezeit\" \/>\n\t<meta name=\"twitter:data1\" content=\"6\u00a0Minuten\" \/>\n<!-- \/ Yoast SEO Premium plugin. -->","yoast_head_json":{"title":"Wie sehr tun Tattoos eigentlich weh? - Like ink","description":"Wie sehr tun Tattoos eigentlich weh? Wie f\u00fchlt es sich an, den Fu\u00df, die Brust und andere K\u00f6rperteile zu t\u00e4towieren? Tempor\u00e4ren Tattoos!","robots":{"index":"index","follow":"follow","max-snippet":"max-snippet:-1","max-image-preview":"max-image-preview:large","max-video-preview":"max-video-preview:-1"},"canonical":"https:\/\/likeink.com\/de\/wie-sehr-tun-tattoos-eigentlich-weh\/","og_locale":"de_DE","og_type":"article","og_title":"Wie sehr tun Tattoos eigentlich weh?","og_description":"Wie sehr tun Tattoos eigentlich weh? Ein Tattoo zu bekommen ist eine Entscheidung f\u00fcrs Leben, die auch schmerzhaft sein kann, deshalb ist es wesentlich,","og_url":"https:\/\/likeink.com\/de\/wie-sehr-tun-tattoos-eigentlich-weh\/","og_site_name":"Like ink","article_publisher":"https:\/\/www.facebook.com\/LikeInkSe","article_modified_time":"2025-06-24T06:31:48+00:00","og_image":[{"url":"https:\/\/likeink.com\/wp-content\/uploads\/2024\/02\/hur-ont-gor-det-att-tatuera-sig.jpg","type":"","width":"","height":""}],"twitter_card":"summary_large_image","twitter_misc":{"Gesch\u00e4tzte Lesezeit":"6\u00a0Minuten"},"schema":{"@context":"https:\/\/schema.org","@graph":[{"@type":"WebPage","@id":"https:\/\/likeink.com\/de\/wie-sehr-tun-tattoos-eigentlich-weh\/","url":"https:\/\/likeink.com\/de\/wie-sehr-tun-tattoos-eigentlich-weh\/","name":"Wie sehr tun Tattoos eigentlich weh? - Like ink","isPartOf":{"@id":"https:\/\/likeink.com\/de\/#website"},"primaryImageOfPage":{"@id":"https:\/\/likeink.com\/de\/wie-sehr-tun-tattoos-eigentlich-weh\/#primaryimage"},"image":{"@id":"https:\/\/likeink.com\/de\/wie-sehr-tun-tattoos-eigentlich-weh\/#primaryimage"},"thumbnailUrl":"https:\/\/likeink.com\/wp-content\/uploads\/2024\/02\/hur-ont-gor-det-att-tatuera-sig.jpg","datePublished":"2024-02-23T15:14:54+00:00","dateModified":"2025-06-24T06:31:48+00:00","description":"Wie sehr tun Tattoos eigentlich weh? Wie f\u00fchlt es sich an, den Fu\u00df, die Brust und andere K\u00f6rperteile zu t\u00e4towieren? Tempor\u00e4ren Tattoos!","breadcrumb":{"@id":"https:\/\/likeink.com\/de\/wie-sehr-tun-tattoos-eigentlich-weh\/#breadcrumb"},"inLanguage":"de","potentialAction":[{"@type":"ReadAction","target":["https:\/\/likeink.com\/de\/wie-sehr-tun-tattoos-eigentlich-weh\/"]}]},{"@type":"ImageObject","inLanguage":"de","@id":"https:\/\/likeink.com\/de\/wie-sehr-tun-tattoos-eigentlich-weh\/#primaryimage","url":"https:\/\/likeink.com\/wp-content\/uploads\/2024\/02\/hur-ont-gor-det-att-tatuera-sig.jpg","contentUrl":"https:\/\/likeink.com\/wp-content\/uploads\/2024\/02\/hur-ont-gor-det-att-tatuera-sig.jpg"},{"@type":"BreadcrumbList","@id":"https:\/\/likeink.com\/de\/wie-sehr-tun-tattoos-eigentlich-weh\/#breadcrumb","itemListElement":[{"@type":"ListItem","position":1,"name":"Hem","item":"https:\/\/likeink.com\/de\/"},{"@type":"ListItem","position":2,"name":"Wie sehr tun Tattoos eigentlich weh?"}]},{"@type":"WebSite","@id":"https:\/\/likeink.com\/de\/#website","url":"https:\/\/likeink.com\/de\/","name":"Like ink","description":"Gestalten Sie Ihre eigenen tempor\u00e4ren Tattoos","potentialAction":[{"@type":"SearchAction","target":{"@type":"EntryPoint","urlTemplate":"https:\/\/likeink.com\/de\/?s={search_term_string}"},"query-input":{"@type":"PropertyValueSpecification","valueRequired":true,"valueName":"search_term_string"}}],"inLanguage":"de"}]}},"_links":{"self":[{"href":"https:\/\/likeink.com\/de\/wp-json\/wp\/v2\/pages\/25235","targetHints":{"allow":["GET"]}}],"collection":[{"href":"https:\/\/likeink.com\/de\/wp-json\/wp\/v2\/pages"}],"about":[{"href":"https:\/\/likeink.com\/de\/wp-json\/wp\/v2\/types\/page"}],"author":[{"embeddable":true,"href":"https:\/\/likeink.com\/de\/wp-json\/wp\/v2\/users\/4"}],"replies":[{"embeddable":true,"href":"https:\/\/likeink.com\/de\/wp-json\/wp\/v2\/comments?post=25235"}],"version-history":[{"count":2,"href":"https:\/\/likeink.com\/de\/wp-json\/wp\/v2\/pages\/25235\/revisions"}],"predecessor-version":[{"id":46013,"href":"https:\/\/likeink.com\/de\/wp-json\/wp\/v2\/pages\/25235\/revisions\/46013"}],"wp:attachment":[{"href":"https:\/\/likeink.com\/de\/wp-json\/wp\/v2\/media?parent=25235"}],"curies":[{"name":"wp","href":"https:\/\/api.w.org\/{rel}","templated":true}]}}