{"id":4184,"date":"2020-11-05T13:23:06","date_gmt":"2020-11-05T13:23:06","guid":{"rendered":"https:\/\/likeink.se\/kindertattoos\/"},"modified":"2025-06-24T06:31:21","modified_gmt":"2025-06-24T06:31:21","slug":"tattoos-fuer-kinder","status":"publish","type":"page","link":"https:\/\/likeink.com\/de\/tattoos-fuer-kinder\/","title":{"rendered":"Kindertattoos"},"content":{"rendered":"\t\t<div data-elementor-type=\"wp-page\" data-elementor-id=\"4184\" class=\"elementor elementor-4184 elementor-4193\" data-elementor-post-type=\"page\">\n\t\t\t\t<div class=\"elementor-element elementor-element-1a2e6cf e-flex e-con-boxed e-con e-parent\" data-id=\"1a2e6cf\" data-element_type=\"container\">\n\t\t\t\t\t<div class=\"e-con-inner\">\n\t\t\t\t<div class=\"elementor-element elementor-element-09aba9b elementor-widget elementor-widget-text-editor\" data-id=\"09aba9b\" data-element_type=\"widget\" data-widget_type=\"text-editor.default\">\n\t\t\t\t<div class=\"elementor-widget-container\">\n\t\t\t\t\t\t\t\t\t<h1><b>Fake Tattoos f\u00fcr Kinder mit frei w\u00e4hlbarem Design.<\/b><\/h1><p>Kinder-Tattoos f\u00fcr alle Gelegenheiten. Bei uns kannst du individuelle T\u00e4towierungen mit deinem ganz eigenen Design oder Motiv erstellen. Wir verwenden umweltfreundliches Material und alle unsere tempor\u00e4ren Tattoos sind allergikerfreundlich und getestet.<\/p><h3><b>Kinder lieben Tattoos!<\/b><\/h3><p>Vielleicht m\u00f6chtest du Fake Tattoos f\u00fcr eine Kindergeburtstagsfeier oder eine Halloween-Party bestellen oder deinem Kind gef\u00e4llt es, wie so vielen anderen auch, sich an einem ganz normalen Tag auf verschiedene Arten verzieren zu lassen oder zu verkleiden?<br \/>Die Erg\u00e4nzung eines Outfits mit tempor\u00e4ren Tattoos oder thematische Tattoos auf einer Kinderparty oder einem Sportereignis sind eine einfache und witzige M\u00f6glichkeit, dieses ganz gewisse kleine Extra zu schaffen.<\/p><p>\u00a0<\/p><h3><b>Allergikerfreundliche Tattoos f\u00fcr Kinder<\/b><\/h3><p>F\u00fcr die Herstellung des Materials, aus dem wir bei Like ink deine tempor\u00e4ren Tattoos machen, werden umweltfreundliche Klebstoffe, Papier und Tinte verwendet. Die Kinder-Tattoos von Like ink sind allergikerfreundlich und getestet. Sie werden ab einem Alter von drei Jahren empfohlen und k\u00f6nnen ohne Risiko f\u00fcr bekannte Allergien verwendet werden. Diese Altersbegrenzung beruht nicht darauf, dass die Haut eines j\u00fcngeren Kindes auf die Fake Tattoos reagieren w\u00fcrde, sondern darauf, dass es sie in den Mund stecken und verschlucken k\u00f6nnte.<\/p><p>\u00a0<\/p><h3><b>Wie lange h\u00e4lt ein Kinder-Tattoo?<\/b><\/h3><p>Unsere Tattoos f\u00fcr Kinder halten, je nach Hauttyp und Anbringungsstelle, zwischen 1 und 14 Tagen.<br \/>Das Tattoo l\u00e4sst sich mit warmem Wasser und Seife problemlos abwaschen und kann, wenn gew\u00fcnscht, auch sofort nach der Anbringung wieder entfernt werden.<\/p><p>\u00a0<\/p><h3><b>Kinder-Tattoos mit eigenem Design.<\/b><\/h3><p>Alle Kinder sind verschieden, weshalb ein selbstgestaltetes Fake Tattoo das Coolste ist, was ein Kind haben kann.<br \/>Was vielen Menschen, Kindern ebenso wie Erwachsenen, an Like ink gef\u00e4llt, ist, dass man selbst frei w\u00e4hlbare Motive hochl\u00e4dt, die wir dann drucken und dir in der gew\u00fcnschten Gr\u00f6\u00dfe und Anzahl zuschicken.<br \/>Manche Kinder m\u00f6chten das gleiche Tattoo, das ihr Idol oder ihre Eltern haben, ein selbstgezeichnetes Motiv oder ein Foto, w\u00e4hrend andere Hunde, Pferde oder Flugzeuge lieben oder ein Motiv aus einem Computerspiel oder einer Serie w\u00e4hlen. Die Entscheidung liegt ganz bei dir, lade einfach dein Lieblingsmotiv hoch und wir erstellen und senden dir deine Tattoos innerhalb von 24 Stunden zu.<\/p><p>\u00a0<\/p><h3><b>Unsere Tattoos f\u00fcr Kinder als Teil einer gro\u00dfen Aktion<\/b><\/h3><p>Im vergangenen Sommer haben wir erfolgreich mit einer der gr\u00f6\u00dften Apotheken Schwedens, Apotek Hj\u00e4rtat, zusammengearbeitet.<\/p><p>Ziel war es, mithilfe von Fake Tattoos f\u00fcr Kinder die Anzahl entz\u00fcndeter Insektenstiche zu reduzieren.<br \/>Kindern f\u00e4llt es oft schwer, nicht an Stichen und Bissen von M\u00fccken, Zecken, Bremsen und Wespen zu kratzen.<br \/>Um das Kind daran zu erinnern, sich nicht zu kratzen, entwickelte die Apotheke in Zusammenarbeit mit einer erfahrenen T\u00e4towiererin Motive, bei denen der Stich selbst Teil des Tattoos wird. Und mit einem sch\u00f6nen, coolen Tattoo neben dem Biss denkt man auch immer daran, die Finger davon zu lassen, was den Heilungsprozess schneller voranschreiten l\u00e4sst.<br \/>So einfach und so clever war diese Aktion ein voller Erfolg!<br \/>Die Tattoos wurden von der T\u00e4towiererin Victoria Sundqvist illustriert und ab Mitte Juni gratis an alle Filialen der Apotek Hj\u00e4rtat verteilt. Mehr Informationen zu den Fake Tattoos findest du unter Apotek hj\u00e4rtat (auf Schwedisch).<\/p><p>\u00a0<\/p><h3><b>T\u00e4towiere dein Kind mit eurer Telefonnummer<\/b><\/h3><p>Ein weiterer guter Tipp f\u00fcr Kinder-Tattoos ist, tempor\u00e4re Tattoos mit der Telefonnummer eines Erwachsenen zu bestellen. Dies ist eine gute Absicherung, wenn dein Kind sich verlaufen hat und Hilfe beim Anrufen nach Hause ben\u00f6tigt.<br \/>Kinder-Tattoos k\u00f6nnen also in vielen verschiedenen Kontexten verwendet werden und sind bei Kindern wie auch Erwachsenen gleicherma\u00dfen beliebt und unterhaltsam.<\/p><p>\u00a0<\/p><h4><b>Leicht anzubringen<\/b><\/h4><p>Schneide das Motiv mit so wenig Rand wie m\u00f6glich aus.<br \/>Entferne die Schutzfolie aus Plastik.<br \/>Lege das Motiv mit der klebrigen Seite nach unten auf die Hautstelle, auf der das Tattoo sitzen soll.<br \/>Weiche das Motiv mit einem lauwarmen feuchten Tuch ein oder halte es f\u00fcr etwa 20 Sekunden unter flie\u00dfendes Wasser.<br \/>Entferne das Papier.<br \/>Wear it like a rockstar!<\/p>\t\t\t\t\t\t\t\t<\/div>\n\t\t\t\t<\/div>\n\t\t\t\t\t<\/div>\n\t\t\t\t<\/div>\n\t\t<div class=\"elementor-element elementor-element-f711e11 e-flex e-con-boxed e-con e-parent\" data-id=\"f711e11\" data-element_type=\"container\" id=\"real-tatto\" data-settings=\"{&quot;background_background&quot;:&quot;classic&quot;}\">\n\t\t\t\t\t<div class=\"e-con-inner\">\n\t\t<div class=\"elementor-element elementor-element-184add3 e-con-full e-flex e-con e-child\" data-id=\"184add3\" data-element_type=\"container\">\n\t\t<div class=\"elementor-element elementor-element-0f8d39c e-con-full e-flex e-con e-child\" data-id=\"0f8d39c\" data-element_type=\"container\">\n\t\t\t\t<div class=\"elementor-element elementor-element-6983c6f elementor-position-left elementor-vertical-align-middle elementor-widget elementor-widget-image-box\" data-id=\"6983c6f\" data-element_type=\"widget\" data-widget_type=\"image-box.default\">\n\t\t\t\t<div class=\"elementor-widget-container\">\n\t\t\t\t\t<div class=\"elementor-image-box-wrapper\"><figure class=\"elementor-image-box-img\"><img decoding=\"async\" src=\"http:\/\/newweb.likeink.se\/wp-content\/uploads\/2024\/11\/thump_up.png\" title=\"\" alt=\"\" loading=\"lazy\" \/><\/figure><div class=\"elementor-image-box-content\"><h3 class=\"elementor-image-box-title\">REAL FAKE TATTOOS<\/h3><\/div><\/div>\t\t\t\t<\/div>\n\t\t\t\t<\/div>\n\t\t\t\t<div class=\"elementor-element elementor-element-cb90675 elementor-widget elementor-widget-text-editor\" data-id=\"cb90675\" data-element_type=\"widget\" data-widget_type=\"text-editor.default\">\n\t\t\t\t<div class=\"elementor-widget-container\">\n\t\t\t\t\t\t\t\t\tWir stellen hochwertige tempor\u00e4re Tattoos von Ihrem Design, Foto, Text oder Logo her. Tempor\u00e4re Tattoos sind perfekt f\u00fcr Messen, Events und als Werbegeschenk. Beliebt bei Junggesellinnen- und Junggesellenabschieden, Partys &#038; Feiern. F\u00fcr alle, die sich ein richtiges Tattoo stechen lassen m\u00f6chten!\t\t\t\t\t\t\t\t<\/div>\n\t\t\t\t<\/div>\n\t\t\t\t<div class=\"elementor-element elementor-element-43b059c elementor-widget elementor-widget-button\" data-id=\"43b059c\" data-element_type=\"widget\" data-widget_type=\"button.default\">\n\t\t\t\t<div class=\"elementor-widget-container\">\n\t\t\t\t\t\t\t\t\t<div class=\"elementor-button-wrapper\">\n\t\t\t\t\t<a class=\"elementor-button elementor-button-link elementor-size-sm\" href=\"https:\/\/likeink.com\/de\/tatowierungen\/custom-temporary-tattoos\/\">\n\t\t\t\t\t\t<span class=\"elementor-button-content-wrapper\">\n\t\t\t\t\t\t\t\t\t<span class=\"elementor-button-text\">HAZ TUS PROPIOS TATUAJES TEMPORALES<\/span>\n\t\t\t\t\t<\/span>\n\t\t\t\t\t<\/a>\n\t\t\t\t<\/div>\n\t\t\t\t\t\t\t\t<\/div>\n\t\t\t\t<\/div>\n\t\t\t\t<\/div>\n\t\t<div class=\"elementor-element elementor-element-5f52d5a e-con-full e-flex e-con e-child\" data-id=\"5f52d5a\" data-element_type=\"container\">\n\t\t\t\t<div class=\"elementor-element elementor-element-11b09c1 elementor-widget elementor-widget-image\" data-id=\"11b09c1\" data-element_type=\"widget\" data-widget_type=\"image.default\">\n\t\t\t\t<div class=\"elementor-widget-container\">\n\t\t\t\t\t\t\t\t\t\t\t\t\t\t\t<img decoding=\"async\" src=\"http:\/\/newweb.likeink.se\/wp-content\/uploads\/2024\/11\/ezgif.com-crop.gif\" title=\"\" alt=\"\" loading=\"lazy\" \/>\t\t\t\t\t\t\t\t\t\t\t\t\t\t\t<\/div>\n\t\t\t\t<\/div>\n\t\t\t\t<\/div>\n\t\t\t\t<\/div>\n\t\t\t\t\t<\/div>\n\t\t\t\t<\/div>\n\t\t\t\t<\/div>\n\t\t","protected":false},"excerpt":{"rendered":"<p>Fake Tattoos f\u00fcr Kinder mit frei w\u00e4hlbarem Design. Kinder-Tattoos f\u00fcr alle Gelegenheiten. Bei uns kannst du individuelle T\u00e4towierungen mit deinem ganz eigenen Design oder Motiv erstellen. Wir verwenden umweltfreundliches Material und alle unsere tempor\u00e4ren Tattoos sind allergikerfreundlich und getestet. Kinder lieben Tattoos! Vielleicht m\u00f6chtest du Fake Tattoos f\u00fcr eine Kindergeburtstagsfeier oder eine Halloween-Party bestellen oder [&hellip;]<\/p>\n","protected":false},"author":7,"featured_media":0,"parent":0,"menu_order":0,"comment_status":"closed","ping_status":"open","template":"","meta":{"footnotes":""},"class_list":["post-4184","page","type-page","status-publish","hentry"],"yoast_head":"<!-- This site is optimized with the Yoast SEO Premium plugin v26.2 (Yoast SEO v27.5) - https:\/\/yoast.com\/product\/yoast-seo-premium-wordpress\/ -->\n<title>Fake Tattoos f\u00fcr Kinder mit eigenem Design \u2013 Tempor\u00e4re Kinder-Tattoos<\/title>\n<meta name=\"description\" content=\"Kinder-Tattoos f\u00fcr alle Gelegenheiten. Kreiere deine eigenen tempor\u00e4ren Tattoos f\u00fcr Kinder mit wahlfreiem Design und Motiv. Fake Tattoos!\" \/>\n<meta name=\"robots\" content=\"index, follow, max-snippet:-1, max-image-preview:large, max-video-preview:-1\" \/>\n<link rel=\"canonical\" href=\"https:\/\/likeink.com\/de\/tattoos-fuer-kinder\/\" \/>\n<meta property=\"og:locale\" content=\"de_DE\" \/>\n<meta property=\"og:type\" content=\"article\" \/>\n<meta property=\"og:title\" content=\"Kindertattoos\" \/>\n<meta property=\"og:description\" content=\"Fake Tattoos f\u00fcr Kinder mit frei w\u00e4hlbarem Design. Kinder-Tattoos f\u00fcr alle Gelegenheiten. Bei uns kannst du individuelle T\u00e4towierungen mit deinem ganz\" \/>\n<meta property=\"og:url\" content=\"https:\/\/likeink.com\/de\/tattoos-fuer-kinder\/\" \/>\n<meta property=\"og:site_name\" content=\"Like ink\" \/>\n<meta property=\"article:publisher\" content=\"https:\/\/www.facebook.com\/LikeInkSe\" \/>\n<meta property=\"article:modified_time\" content=\"2025-06-24T06:31:21+00:00\" \/>\n<meta property=\"og:image\" content=\"https:\/\/likeink.com\/wp-content\/uploads\/2024\/11\/thump_up.png\" \/>\n<meta name=\"twitter:card\" content=\"summary_large_image\" \/>\n<meta name=\"twitter:label1\" content=\"Gesch\u00e4tzte Lesezeit\" \/>\n\t<meta name=\"twitter:data1\" content=\"4\u00a0Minuten\" \/>\n<!-- \/ Yoast SEO Premium plugin. -->","yoast_head_json":{"title":"Fake Tattoos f\u00fcr Kinder mit eigenem Design \u2013 Tempor\u00e4re Kinder-Tattoos","description":"Kinder-Tattoos f\u00fcr alle Gelegenheiten. Kreiere deine eigenen tempor\u00e4ren Tattoos f\u00fcr Kinder mit wahlfreiem Design und Motiv. Fake Tattoos!","robots":{"index":"index","follow":"follow","max-snippet":"max-snippet:-1","max-image-preview":"max-image-preview:large","max-video-preview":"max-video-preview:-1"},"canonical":"https:\/\/likeink.com\/de\/tattoos-fuer-kinder\/","og_locale":"de_DE","og_type":"article","og_title":"Kindertattoos","og_description":"Fake Tattoos f\u00fcr Kinder mit frei w\u00e4hlbarem Design. Kinder-Tattoos f\u00fcr alle Gelegenheiten. Bei uns kannst du individuelle T\u00e4towierungen mit deinem ganz","og_url":"https:\/\/likeink.com\/de\/tattoos-fuer-kinder\/","og_site_name":"Like ink","article_publisher":"https:\/\/www.facebook.com\/LikeInkSe","article_modified_time":"2025-06-24T06:31:21+00:00","og_image":[{"url":"https:\/\/likeink.com\/wp-content\/uploads\/2024\/11\/thump_up.png","type":"","width":"","height":""}],"twitter_card":"summary_large_image","twitter_misc":{"Gesch\u00e4tzte Lesezeit":"4\u00a0Minuten"},"schema":{"@context":"https:\/\/schema.org","@graph":[{"@type":"WebPage","@id":"https:\/\/likeink.com\/de\/tattoos-fuer-kinder\/","url":"https:\/\/likeink.com\/de\/tattoos-fuer-kinder\/","name":"Fake Tattoos f\u00fcr Kinder mit eigenem Design \u2013 Tempor\u00e4re Kinder-Tattoos","isPartOf":{"@id":"https:\/\/likeink.com\/de\/#website"},"primaryImageOfPage":{"@id":"https:\/\/likeink.com\/de\/tattoos-fuer-kinder\/#primaryimage"},"image":{"@id":"https:\/\/likeink.com\/de\/tattoos-fuer-kinder\/#primaryimage"},"thumbnailUrl":"https:\/\/likeink.com\/wp-content\/uploads\/2024\/11\/thump_up.png","datePublished":"2020-11-05T13:23:06+00:00","dateModified":"2025-06-24T06:31:21+00:00","description":"Kinder-Tattoos f\u00fcr alle Gelegenheiten. Kreiere deine eigenen tempor\u00e4ren Tattoos f\u00fcr Kinder mit wahlfreiem Design und Motiv. Fake Tattoos!","breadcrumb":{"@id":"https:\/\/likeink.com\/de\/tattoos-fuer-kinder\/#breadcrumb"},"inLanguage":"de","potentialAction":[{"@type":"ReadAction","target":["https:\/\/likeink.com\/de\/tattoos-fuer-kinder\/"]}]},{"@type":"ImageObject","inLanguage":"de","@id":"https:\/\/likeink.com\/de\/tattoos-fuer-kinder\/#primaryimage","url":"https:\/\/likeink.com\/wp-content\/uploads\/2024\/11\/thump_up.png","contentUrl":"https:\/\/likeink.com\/wp-content\/uploads\/2024\/11\/thump_up.png"},{"@type":"BreadcrumbList","@id":"https:\/\/likeink.com\/de\/tattoos-fuer-kinder\/#breadcrumb","itemListElement":[{"@type":"ListItem","position":1,"name":"Hem","item":"https:\/\/likeink.com\/de\/"},{"@type":"ListItem","position":2,"name":"Kindertattoos"}]},{"@type":"WebSite","@id":"https:\/\/likeink.com\/de\/#website","url":"https:\/\/likeink.com\/de\/","name":"Like ink","description":"Gestalten Sie Ihre eigenen tempor\u00e4ren Tattoos","potentialAction":[{"@type":"SearchAction","target":{"@type":"EntryPoint","urlTemplate":"https:\/\/likeink.com\/de\/?s={search_term_string}"},"query-input":{"@type":"PropertyValueSpecification","valueRequired":true,"valueName":"search_term_string"}}],"inLanguage":"de"}]}},"_links":{"self":[{"href":"https:\/\/likeink.com\/de\/wp-json\/wp\/v2\/pages\/4184","targetHints":{"allow":["GET"]}}],"collection":[{"href":"https:\/\/likeink.com\/de\/wp-json\/wp\/v2\/pages"}],"about":[{"href":"https:\/\/likeink.com\/de\/wp-json\/wp\/v2\/types\/page"}],"author":[{"embeddable":true,"href":"https:\/\/likeink.com\/de\/wp-json\/wp\/v2\/users\/7"}],"replies":[{"embeddable":true,"href":"https:\/\/likeink.com\/de\/wp-json\/wp\/v2\/comments?post=4184"}],"version-history":[{"count":1,"href":"https:\/\/likeink.com\/de\/wp-json\/wp\/v2\/pages\/4184\/revisions"}],"predecessor-version":[{"id":45933,"href":"https:\/\/likeink.com\/de\/wp-json\/wp\/v2\/pages\/4184\/revisions\/45933"}],"wp:attachment":[{"href":"https:\/\/likeink.com\/de\/wp-json\/wp\/v2\/media?parent=4184"}],"curies":[{"name":"wp","href":"https:\/\/api.w.org\/{rel}","templated":true}]}}