{"id":10254,"date":"2022-04-08T11:29:32","date_gmt":"2022-04-08T11:29:32","guid":{"rendered":"https:\/\/likeink.se\/produkt\/glad-pask-tatueringar-a5-ark\/"},"modified":"2024-02-14T16:11:07","modified_gmt":"2024-02-14T16:11:07","slug":"ostern-tattoo-bogen","status":"publish","type":"product","link":"https:\/\/likeink.com\/de\/tatowierungen\/ostern-tattoo-bogen\/","title":{"rendered":"Ostern-Tattoo-Bogen"},"content":{"rendered":"","protected":false},"excerpt":{"rendered":"<p>Bei Like ink k\u00f6nnen Sie fertige B\u00f6gen mit Einmal-Tattoos bestellen, die oft auch als Fake Tattoos oder tempor\u00e4re Tattoos bezeichnet werden. Wir drucken und versenden Ihre Tattoos innerhalb von 24 Stunden!<br \/>\nWir bieten viele vorgefertigte Fake Tattoos an und zus\u00e4tzlich k\u00f6nnen Sie Wunschmotive hochladen und Tattoos mit Ihrem eigenen Design bei uns bestellen. <\/p>\n<p>Wir hoffen, Ihnen gefallen die Entw\u00fcrfe und Tattoos auf diesem Bogen mit dem Produktnamen \u201dOstern-Tattoo-Bogen A5-Bogen\u201c. Vielen Dank, dass Sie Ihre Fake Tattoos bei Like ink bestellen.<\/p>\n<h2>Oster-T\u00e4towierungen I Kaufen Sie Fake Tattoos f\u00fcr das Osternest! Supersch\u00f6n, witzig und einfach. Bestellen Sie fertige B\u00f6gen oder Motive nach Wunsch <\/h2>\n<p>Tattoo-Gr\u00f6\u00dfe:<br \/>\nUnsere Tattoo-B\u00f6gen sind 20 \u00d7 14 cm gro\u00df und mit den Tattoos gef\u00fcllt, die Sie im Produktbild sehen. <\/p>\n<p>Wie lange h\u00e4lt ein Fake Tattoo und wie wird es angebracht?<br \/>\nUnsere tempor\u00e4ren Tattoos halten je nach Platzierung und Pflege 1\u201310 Tage. Fake Tattoos lassen sich leicht anbringen und auch wieder abwaschen. Zusammen mit Ihrer Bestellung erhalten Sie eine Anleitung. <\/p>\n<p>&#8211;\tSchneiden Sie das gew\u00fcnschte Tattoo nah an dessen Kante aus<br \/>\n&#8211;\tEntfernen Sie die durchsichtige Schutzfolie vom Tattoo<br \/>\n&#8211;\tPlatzieren Sie das Tattoo an der gew\u00fcnschten Stelle<br \/>\n&#8211;\tTragen Sie Wasser mit einem nassen Schwamm oder Handtuch auf<br \/>\n&#8211;\tEntfernen Sie das nasse Papier nach 15 Sekunden<br \/>\n&#8211;\tFertig. Viel Spa\u00df!<br \/>\n&#8211;\tWenn Sie m\u00f6chten, k\u00f6nnen Sie f\u00fcr ein matteres Finish Babypuder auftragen.<\/p>\n<p>Weitere Informationen! <\/p>\n<p>Zustellung:<br \/>\nVon unserer Druckerei in Malm\u00f6, Schweden, versenden wir t\u00e4glich Bestellungen in die ganze Welt. Wir drucken und versenden Ihre tempor\u00e4ren Tattoos innerhalb von 24 Stunden, doch obwohl wir selbst schnell sind, betr\u00e4gt die normale Lieferzeit au\u00dferhalb Schwedens dennoch 5\u201310 Tage. Bestellen Sie Ihre Tattoos also rechtzeitig. <\/p>\n<p>Sind Fake Tattoos umweltfreundlich?<br \/>\nUnsere Tattoos sind vegan, denn die Umwelt liegt uns bei Like ink am Herzen. Alle Komponenten sind frei von PVC und PCB.<br \/>\nWir klimakompensieren alle Warensendungen und verwenden Farben, Umschl\u00e4ge und Druckmaterialien, die das Nordische Umweltzeichen tragen \u2013 ungef\u00e4hrlich und umweltfreundlich.<br \/>\nWir befolgen die EC1223-2009 Cosmetics Regulations (EG-Verordnung \u00fcber kosmetische Produkte in Bezug auf deren Sicherheit)<\/p>\n<p>Wir w\u00fcnschen Ihnen einen wunderbaren Tag! <\/p>\n<p>Like ink \u2013 Real Fake Tattoos! <\/p>\n","protected":false},"featured_media":9553,"template":"","meta":[],"product_brand":[],"product_cat":[55,516],"product_tag":[],"class_list":{"0":"post-10254","1":"product","2":"type-product","3":"status-publish","4":"has-post-thumbnail","6":"product_cat-fertige-boegen","7":"product_cat-kostuem-saison","9":"first","10":"instock","11":"taxable","12":"shipping-taxable","13":"purchasable","14":"product-type-simple"},"yoast_head":"<!-- This site is optimized with the Yoast SEO Premium plugin v26.2 (Yoast SEO v27.5) - https:\/\/yoast.com\/product\/yoast-seo-premium-wordpress\/ -->\n<title>Oster-Tattoos I Ostern-Tattoo-Bogen I Fake Tattoos - Like ink<\/title>\n<meta name=\"description\" content=\"Oster-Tattoos | Kaufen Sie tempor\u00e4re Tattoos f\u00fcr Ihr Osterk\u00f6rbchen! Sehr sch\u00f6n, lustig und kinderleicht. W\u00e4hlen Sie vorgefertigte B\u00f6gen oder individuelle Designs nach Ihren W\u00fcnschen.\" \/>\n<meta name=\"robots\" content=\"index, follow, max-snippet:-1, max-image-preview:large, max-video-preview:-1\" \/>\n<link rel=\"canonical\" href=\"https:\/\/likeink.com\/de\/tatowierungen\/ostern-tattoo-bogen\/\" \/>\n<meta property=\"og:locale\" content=\"de_DE\" \/>\n<meta property=\"og:type\" content=\"article\" \/>\n<meta property=\"og:title\" content=\"Ostern-Tattoo-Bogen\" \/>\n<meta property=\"og:description\" content=\"Bei Like ink k\u00f6nnen Sie fertige B\u00f6gen mit Einmal-Tattoos bestellen, die oft auch als Fake Tattoos oder tempor\u00e4re Tattoos bezeichnet werden. Wir drucken und versenden Ihre Tattoos innerhalb von 24 Stunden!  Wir bieten viele vorgefertigte Fake Tattoos an und zus\u00e4tzlich k\u00f6nnen Sie Wunschmotive hochladen und Tattoos mit Ihrem eigenen Design bei uns bestellen.   Wir hoffen, Ihnen gefallen die Entw\u00fcrfe und Tattoos auf diesem Bogen mit dem Produktnamen \u201dOstern-Tattoo-Bogen A5-Bogen\u201c. Vielen Dank, dass Sie Ihre Fake Tattoos bei Like ink bestellen.    Oster-T\u00e4towierungen I Kaufen Sie Fake Tattoos f\u00fcr das Osternest! Supersch\u00f6n, witzig und einfach. Bestellen Sie fertige B\u00f6gen oder Motive nach Wunsch   Tattoo-Gr\u00f6\u00dfe:  Unsere Tattoo-B\u00f6gen sind 20 \u00d7 14 cm gro\u00df und mit den Tattoos gef\u00fcllt, die Sie im Produktbild sehen.   Wie lange h\u00e4lt ein Fake Tattoo und wie wird es angebracht?  Unsere tempor\u00e4ren Tattoos halten je nach Platzierung und Pflege 1\u201310 Tage. Fake Tattoos lassen sich leicht anbringen und auch wieder abwaschen. Zusammen mit Ihrer Bestellung erhalten Sie eine Anleitung.   - Schneiden Sie das gew\u00fcnschte Tattoo nah an dessen Kante aus - Entfernen Sie die durchsichtige Schutzfolie vom Tattoo - Platzieren Sie das Tattoo an der gew\u00fcnschten Stelle - Tragen Sie Wasser mit einem nassen Schwamm oder Handtuch auf - Entfernen Sie das nasse Papier nach 15 Sekunden  - Fertig. Viel Spa\u00df! - Wenn Sie m\u00f6chten, k\u00f6nnen Sie f\u00fcr ein matteres Finish Babypuder auftragen.  Weitere Informationen!   Zustellung:  Von unserer Druckerei in Malm\u00f6, Schweden, versenden wir t\u00e4glich Bestellungen in die ganze Welt. Wir drucken und versenden Ihre tempor\u00e4ren Tattoos innerhalb von 24 Stunden, doch obwohl wir selbst schnell sind, betr\u00e4gt die normale Lieferzeit au\u00dferhalb Schwedens dennoch 5\u201310 Tage. Bestellen Sie Ihre Tattoos also rechtzeitig.   Sind Fake Tattoos umweltfreundlich?  Unsere Tattoos sind vegan, denn die Umwelt liegt uns bei Like ink am Herzen. Alle Komponenten sind frei von PVC und PCB. Wir klimakompensieren alle Warensendungen und verwenden Farben, Umschl\u00e4ge und Druckmaterialien, die das Nordische Umweltzeichen tragen \u2013 ungef\u00e4hrlich und umweltfreundlich.  Wir befolgen die EC1223-2009 Cosmetics Regulations (EG-Verordnung \u00fcber kosmetische Produkte in Bezug auf deren Sicherheit)   Wir w\u00fcnschen Ihnen einen wunderbaren Tag!   Like ink \u2013 Real Fake Tattoos!\" \/>\n<meta property=\"og:url\" content=\"https:\/\/likeink.com\/de\/tatowierungen\/ostern-tattoo-bogen\/\" \/>\n<meta property=\"og:site_name\" content=\"Like ink\" \/>\n<meta property=\"article:publisher\" content=\"https:\/\/www.facebook.com\/LikeInkSe\" \/>\n<meta property=\"article:modified_time\" content=\"2024-02-14T16:11:07+00:00\" \/>\n<meta property=\"og:image\" content=\"https:\/\/likeink.com\/wp-content\/uploads\/2022\/04\/gladpask-Likeink.jpg\" \/>\n\t<meta property=\"og:image:width\" content=\"1200\" \/>\n\t<meta property=\"og:image:height\" content=\"845\" \/>\n\t<meta property=\"og:image:type\" content=\"image\/jpeg\" \/>\n<meta name=\"twitter:card\" content=\"summary_large_image\" \/>\n<!-- \/ Yoast SEO Premium plugin. -->","yoast_head_json":{"title":"Oster-Tattoos I Ostern-Tattoo-Bogen I Fake Tattoos - Like ink","description":"Oster-Tattoos | Kaufen Sie tempor\u00e4re Tattoos f\u00fcr Ihr Osterk\u00f6rbchen! Sehr sch\u00f6n, lustig und kinderleicht. W\u00e4hlen Sie vorgefertigte B\u00f6gen oder individuelle Designs nach Ihren W\u00fcnschen.","robots":{"index":"index","follow":"follow","max-snippet":"max-snippet:-1","max-image-preview":"max-image-preview:large","max-video-preview":"max-video-preview:-1"},"canonical":"https:\/\/likeink.com\/de\/tatowierungen\/ostern-tattoo-bogen\/","og_locale":"de_DE","og_type":"article","og_title":"Ostern-Tattoo-Bogen","og_description":"Bei Like ink k\u00f6nnen Sie fertige B\u00f6gen mit Einmal-Tattoos bestellen, die oft auch als Fake Tattoos oder tempor\u00e4re Tattoos bezeichnet werden. Wir drucken und versenden Ihre Tattoos innerhalb von 24 Stunden!  Wir bieten viele vorgefertigte Fake Tattoos an und zus\u00e4tzlich k\u00f6nnen Sie Wunschmotive hochladen und Tattoos mit Ihrem eigenen Design bei uns bestellen.   Wir hoffen, Ihnen gefallen die Entw\u00fcrfe und Tattoos auf diesem Bogen mit dem Produktnamen \u201dOstern-Tattoo-Bogen A5-Bogen\u201c. Vielen Dank, dass Sie Ihre Fake Tattoos bei Like ink bestellen.    Oster-T\u00e4towierungen I Kaufen Sie Fake Tattoos f\u00fcr das Osternest! Supersch\u00f6n, witzig und einfach. Bestellen Sie fertige B\u00f6gen oder Motive nach Wunsch   Tattoo-Gr\u00f6\u00dfe:  Unsere Tattoo-B\u00f6gen sind 20 \u00d7 14 cm gro\u00df und mit den Tattoos gef\u00fcllt, die Sie im Produktbild sehen.   Wie lange h\u00e4lt ein Fake Tattoo und wie wird es angebracht?  Unsere tempor\u00e4ren Tattoos halten je nach Platzierung und Pflege 1\u201310 Tage. Fake Tattoos lassen sich leicht anbringen und auch wieder abwaschen. Zusammen mit Ihrer Bestellung erhalten Sie eine Anleitung.   - Schneiden Sie das gew\u00fcnschte Tattoo nah an dessen Kante aus - Entfernen Sie die durchsichtige Schutzfolie vom Tattoo - Platzieren Sie das Tattoo an der gew\u00fcnschten Stelle - Tragen Sie Wasser mit einem nassen Schwamm oder Handtuch auf - Entfernen Sie das nasse Papier nach 15 Sekunden  - Fertig. Viel Spa\u00df! - Wenn Sie m\u00f6chten, k\u00f6nnen Sie f\u00fcr ein matteres Finish Babypuder auftragen.  Weitere Informationen!   Zustellung:  Von unserer Druckerei in Malm\u00f6, Schweden, versenden wir t\u00e4glich Bestellungen in die ganze Welt. Wir drucken und versenden Ihre tempor\u00e4ren Tattoos innerhalb von 24 Stunden, doch obwohl wir selbst schnell sind, betr\u00e4gt die normale Lieferzeit au\u00dferhalb Schwedens dennoch 5\u201310 Tage. Bestellen Sie Ihre Tattoos also rechtzeitig.   Sind Fake Tattoos umweltfreundlich?  Unsere Tattoos sind vegan, denn die Umwelt liegt uns bei Like ink am Herzen. Alle Komponenten sind frei von PVC und PCB. Wir klimakompensieren alle Warensendungen und verwenden Farben, Umschl\u00e4ge und Druckmaterialien, die das Nordische Umweltzeichen tragen \u2013 ungef\u00e4hrlich und umweltfreundlich.  Wir befolgen die EC1223-2009 Cosmetics Regulations (EG-Verordnung \u00fcber kosmetische Produkte in Bezug auf deren Sicherheit)   Wir w\u00fcnschen Ihnen einen wunderbaren Tag!   Like ink \u2013 Real Fake Tattoos!","og_url":"https:\/\/likeink.com\/de\/tatowierungen\/ostern-tattoo-bogen\/","og_site_name":"Like ink","article_publisher":"https:\/\/www.facebook.com\/LikeInkSe","article_modified_time":"2024-02-14T16:11:07+00:00","og_image":[{"width":1200,"height":845,"url":"https:\/\/likeink.com\/wp-content\/uploads\/2022\/04\/gladpask-Likeink.jpg","type":"image\/jpeg"}],"twitter_card":"summary_large_image","schema":{"@context":"https:\/\/schema.org","@graph":[{"@type":"WebPage","@id":"https:\/\/likeink.com\/de\/tatowierungen\/ostern-tattoo-bogen\/","url":"https:\/\/likeink.com\/de\/tatowierungen\/ostern-tattoo-bogen\/","name":"Oster-Tattoos I Ostern-Tattoo-Bogen I Fake Tattoos - Like ink","isPartOf":{"@id":"https:\/\/likeink.com\/de\/#website"},"primaryImageOfPage":{"@id":"https:\/\/likeink.com\/de\/tatowierungen\/ostern-tattoo-bogen\/#primaryimage"},"image":{"@id":"https:\/\/likeink.com\/de\/tatowierungen\/ostern-tattoo-bogen\/#primaryimage"},"thumbnailUrl":"https:\/\/likeink.com\/wp-content\/uploads\/2022\/04\/gladpask-Likeink.jpg","datePublished":"2022-04-08T11:29:32+00:00","dateModified":"2024-02-14T16:11:07+00:00","description":"Oster-Tattoos | Kaufen Sie tempor\u00e4re Tattoos f\u00fcr Ihr Osterk\u00f6rbchen! Sehr sch\u00f6n, lustig und kinderleicht. W\u00e4hlen Sie vorgefertigte B\u00f6gen oder individuelle Designs nach Ihren W\u00fcnschen.","breadcrumb":{"@id":"https:\/\/likeink.com\/de\/tatowierungen\/ostern-tattoo-bogen\/#breadcrumb"},"inLanguage":"de","potentialAction":[{"@type":"ReadAction","target":["https:\/\/likeink.com\/de\/tatowierungen\/ostern-tattoo-bogen\/"]}]},{"@type":"ImageObject","inLanguage":"de","@id":"https:\/\/likeink.com\/de\/tatowierungen\/ostern-tattoo-bogen\/#primaryimage","url":"https:\/\/likeink.com\/wp-content\/uploads\/2022\/04\/gladpask-Likeink.jpg","contentUrl":"https:\/\/likeink.com\/wp-content\/uploads\/2022\/04\/gladpask-Likeink.jpg","width":1200,"height":845,"caption":"Tempor\u00e4re Tattoos f\u00fcr Ostereier mit Ostermotiven."},{"@type":"BreadcrumbList","@id":"https:\/\/likeink.com\/de\/tatowierungen\/ostern-tattoo-bogen\/#breadcrumb","itemListElement":[{"@type":"ListItem","position":1,"name":"Hem","item":"https:\/\/likeink.com\/de\/"},{"@type":"ListItem","position":2,"name":"Shop","item":"https:\/\/likeink.com\/de\/shop\/"},{"@type":"ListItem","position":3,"name":"Ostern-Tattoo-Bogen"}]},{"@type":"WebSite","@id":"https:\/\/likeink.com\/de\/#website","url":"https:\/\/likeink.com\/de\/","name":"Like ink","description":"Gestalten Sie Ihre eigenen tempor\u00e4ren Tattoos","potentialAction":[{"@type":"SearchAction","target":{"@type":"EntryPoint","urlTemplate":"https:\/\/likeink.com\/de\/?s={search_term_string}"},"query-input":{"@type":"PropertyValueSpecification","valueRequired":true,"valueName":"search_term_string"}}],"inLanguage":"de"}]}},"_links":{"self":[{"href":"https:\/\/likeink.com\/de\/wp-json\/wp\/v2\/product\/10254","targetHints":{"allow":["GET"]}}],"collection":[{"href":"https:\/\/likeink.com\/de\/wp-json\/wp\/v2\/product"}],"about":[{"href":"https:\/\/likeink.com\/de\/wp-json\/wp\/v2\/types\/product"}],"wp:featuredmedia":[{"embeddable":true,"href":"https:\/\/likeink.com\/de\/wp-json\/wp\/v2\/media\/9553"}],"wp:attachment":[{"href":"https:\/\/likeink.com\/de\/wp-json\/wp\/v2\/media?parent=10254"}],"wp:term":[{"taxonomy":"product_brand","embeddable":true,"href":"https:\/\/likeink.com\/de\/wp-json\/wp\/v2\/product_brand?post=10254"},{"taxonomy":"product_cat","embeddable":true,"href":"https:\/\/likeink.com\/de\/wp-json\/wp\/v2\/product_cat?post=10254"},{"taxonomy":"product_tag","embeddable":true,"href":"https:\/\/likeink.com\/de\/wp-json\/wp\/v2\/product_tag?post=10254"}],"curies":[{"name":"wp","href":"https:\/\/api.w.org\/{rel}","templated":true}]}}