{"id":13677,"date":"2022-10-03T15:00:27","date_gmt":"2022-10-03T15:00:27","guid":{"rendered":"https:\/\/likeink.se\/produkt\/harley-quinn-fake-tattoos-a5\/"},"modified":"2026-03-17T12:13:52","modified_gmt":"2026-03-17T12:13:52","slug":"harley-quinn-temporaere-tattoos-a5","status":"publish","type":"product","link":"https:\/\/likeink.com\/de\/tatowierungen\/harley-quinn-temporaere-tattoos-a5\/","title":{"rendered":"Harley Quinn tempor\u00e4re Tattoos"},"content":{"rendered":"","protected":false},"excerpt":{"rendered":"<p>Die Fake-Tattoo-B\u00f6gen von Like ink haben eine Gr\u00f6\u00dfe von 20X14 cm und dieser Bogen ist mit dem Harley Quinn-Design aus den Filmen Suicide Squad und Birds of Prey gef\u00fcllt, wie Sie auf dem Bild sehen k\u00f6nnen. Wir drucken und versenden Ihre Bestellung innerhalb von 24 Stunden!<\/p>\n<h2>Kaufen Sie tempor\u00e4re K\u00f6rper-Tattoos von Harley Quinn f\u00fcr Maskeraden und Halloween-Partys<\/h2>\n<p>Eine Auswahl an Harley Quinn-Tattoos aus den Joker-Filmen &#8220;Suicide Squad&#8221; und &#8220;Birds of Prey&#8221;.<br \/>\nHarley Quinn hat den Text &#8220;Rotten&#8221; auf ihrem Kiefer und ein schwarzes Herz auf ihrem Gesicht. Zus\u00e4tzlich hat sie Texte und verschiedene Tattoos an ihren Armen und Beinen.<\/p>\n<p>Denken Sie daran, dass die Tattoos an den Beinen auf dem Kopf stehen sollten.<br \/>\nHarley Quinn ist ein fiktives M\u00e4dchen, haupts\u00e4chlich bekannt als die Freundin des Jokers. Harley Quinn ist gl\u00fccklich und fr\u00f6hlich, sie ist schelmisch und genau die richtige Menge an b\u00f6se. Harley ist der absolute gr\u00f6\u00dfte Fan des Jokers und seine st\u00e4ndige rechte Hand. Sie ist ihm gegen\u00fcber \u00e4u\u00dferst loyal, was sie zur einzigen Person in ganz Gotham City macht, auf die er sich verlassen kann, wenn er Hilfe bei seinen teuflischen und oft b\u00f6sen Pl\u00e4nen ben\u00f6tigt.<\/p>\n<p>Joker und Harley Quinn sind einige der wenigen fiktiven Charaktere, die Tattoos haben, was diese beiden nat\u00fcrlich zu unseren Favoriten macht!<\/p>\n<p>Like ink&#8217;s tempor\u00e4re Tattoos sind von h\u00f6chster Qualit\u00e4t, sicher und einfach zu verwenden, und die Tattoos sehen wirklich gut aus!<\/p>\n","protected":false},"featured_media":13671,"template":"","meta":[],"product_brand":[],"product_cat":[55,516],"product_tag":[],"class_list":{"0":"post-13677","1":"product","2":"type-product","3":"status-publish","4":"has-post-thumbnail","6":"product_cat-fertige-boegen","7":"product_cat-kostuem-saison","9":"first","10":"instock","11":"taxable","12":"shipping-taxable","13":"purchasable","14":"product-type-simple"},"yoast_head":"<!-- This site is optimized with the Yoast SEO Premium plugin v27.5 (Yoast SEO v27.6) - https:\/\/yoast.com\/product\/yoast-seo-premium-wordpress\/ -->\n<title>Harley Quinn tempor\u00e4re Tattoos A5 - Like ink<\/title>\n<meta name=\"description\" content=\"Harley Quinn tempor\u00e4re Tattoos A5. Harley Quinn-Tattoos, perfekt f\u00fcr Halloween-Partys und Maskeraden. - Like ink\" \/>\n<meta name=\"robots\" content=\"index, follow, max-snippet:-1, max-image-preview:large, max-video-preview:-1\" \/>\n<link rel=\"canonical\" href=\"https:\/\/likeink.com\/de\/tatowierungen\/harley-quinn-temporaere-tattoos-a5\/\" \/>\n<meta property=\"og:locale\" content=\"de_DE\" \/>\n<meta property=\"og:type\" content=\"article\" \/>\n<meta property=\"og:title\" content=\"Harley Quinn tempor\u00e4re Tattoos\" \/>\n<meta property=\"og:description\" content=\"Die Fake-Tattoo-B\u00f6gen von Like ink haben eine Gr\u00f6\u00dfe von 20X14 cm und dieser Bogen ist mit dem Harley Quinn-Design aus den Filmen Suicide Squad und Birds of Prey gef\u00fcllt, wie Sie auf dem Bild sehen k\u00f6nnen. Wir drucken und versenden Ihre Bestellung innerhalb von 24 Stunden!  Kaufen Sie tempor\u00e4re K\u00f6rper-Tattoos von Harley Quinn f\u00fcr Maskeraden und Halloween-Partys  Eine Auswahl an Harley Quinn-Tattoos aus den Joker-Filmen &quot;Suicide Squad&quot; und &quot;Birds of Prey&quot;. Harley Quinn hat den Text &quot;Rotten&quot; auf ihrem Kiefer und ein schwarzes Herz auf ihrem Gesicht. Zus\u00e4tzlich hat sie Texte und verschiedene Tattoos an ihren Armen und Beinen.  Denken Sie daran, dass die Tattoos an den Beinen auf dem Kopf stehen sollten. Harley Quinn ist ein fiktives M\u00e4dchen, haupts\u00e4chlich bekannt als die Freundin des Jokers. Harley Quinn ist gl\u00fccklich und fr\u00f6hlich, sie ist schelmisch und genau die richtige Menge an b\u00f6se. Harley ist der absolute gr\u00f6\u00dfte Fan des Jokers und seine st\u00e4ndige rechte Hand. Sie ist ihm gegen\u00fcber \u00e4u\u00dferst loyal, was sie zur einzigen Person in ganz Gotham City macht, auf die er sich verlassen kann, wenn er Hilfe bei seinen teuflischen und oft b\u00f6sen Pl\u00e4nen ben\u00f6tigt.  Joker und Harley Quinn sind einige der wenigen fiktiven Charaktere, die Tattoos haben, was diese beiden nat\u00fcrlich zu unseren Favoriten macht!  Like ink&#039;s tempor\u00e4re Tattoos sind von h\u00f6chster Qualit\u00e4t, sicher und einfach zu verwenden, und die Tattoos sehen wirklich gut aus!\" \/>\n<meta property=\"og:url\" content=\"https:\/\/likeink.com\/de\/tatowierungen\/harley-quinn-temporaere-tattoos-a5\/\" \/>\n<meta property=\"og:site_name\" content=\"Like ink\" \/>\n<meta property=\"article:publisher\" content=\"https:\/\/www.facebook.com\/LikeInkSe\" \/>\n<meta property=\"article:modified_time\" content=\"2026-03-17T12:13:52+00:00\" \/>\n<meta property=\"og:image\" content=\"https:\/\/likeink.com\/wp-content\/uploads\/2022\/10\/HarleyQuinn_Tatueringar_Likeink.jpg\" \/>\n\t<meta property=\"og:image:width\" content=\"1100\" \/>\n\t<meta property=\"og:image:height\" content=\"775\" \/>\n\t<meta property=\"og:image:type\" content=\"image\/jpeg\" \/>\n<meta name=\"twitter:card\" content=\"summary_large_image\" \/>\n<!-- \/ Yoast SEO Premium plugin. -->","yoast_head_json":{"title":"Harley Quinn tempor\u00e4re Tattoos A5 - Like ink","description":"Harley Quinn tempor\u00e4re Tattoos A5. Harley Quinn-Tattoos, perfekt f\u00fcr Halloween-Partys und Maskeraden. - Like ink","robots":{"index":"index","follow":"follow","max-snippet":"max-snippet:-1","max-image-preview":"max-image-preview:large","max-video-preview":"max-video-preview:-1"},"canonical":"https:\/\/likeink.com\/de\/tatowierungen\/harley-quinn-temporaere-tattoos-a5\/","og_locale":"de_DE","og_type":"article","og_title":"Harley Quinn tempor\u00e4re Tattoos","og_description":"Die Fake-Tattoo-B\u00f6gen von Like ink haben eine Gr\u00f6\u00dfe von 20X14 cm und dieser Bogen ist mit dem Harley Quinn-Design aus den Filmen Suicide Squad und Birds of Prey gef\u00fcllt, wie Sie auf dem Bild sehen k\u00f6nnen. Wir drucken und versenden Ihre Bestellung innerhalb von 24 Stunden!  Kaufen Sie tempor\u00e4re K\u00f6rper-Tattoos von Harley Quinn f\u00fcr Maskeraden und Halloween-Partys  Eine Auswahl an Harley Quinn-Tattoos aus den Joker-Filmen \"Suicide Squad\" und \"Birds of Prey\". Harley Quinn hat den Text \"Rotten\" auf ihrem Kiefer und ein schwarzes Herz auf ihrem Gesicht. Zus\u00e4tzlich hat sie Texte und verschiedene Tattoos an ihren Armen und Beinen.  Denken Sie daran, dass die Tattoos an den Beinen auf dem Kopf stehen sollten. Harley Quinn ist ein fiktives M\u00e4dchen, haupts\u00e4chlich bekannt als die Freundin des Jokers. Harley Quinn ist gl\u00fccklich und fr\u00f6hlich, sie ist schelmisch und genau die richtige Menge an b\u00f6se. Harley ist der absolute gr\u00f6\u00dfte Fan des Jokers und seine st\u00e4ndige rechte Hand. Sie ist ihm gegen\u00fcber \u00e4u\u00dferst loyal, was sie zur einzigen Person in ganz Gotham City macht, auf die er sich verlassen kann, wenn er Hilfe bei seinen teuflischen und oft b\u00f6sen Pl\u00e4nen ben\u00f6tigt.  Joker und Harley Quinn sind einige der wenigen fiktiven Charaktere, die Tattoos haben, was diese beiden nat\u00fcrlich zu unseren Favoriten macht!  Like ink's tempor\u00e4re Tattoos sind von h\u00f6chster Qualit\u00e4t, sicher und einfach zu verwenden, und die Tattoos sehen wirklich gut aus!","og_url":"https:\/\/likeink.com\/de\/tatowierungen\/harley-quinn-temporaere-tattoos-a5\/","og_site_name":"Like ink","article_publisher":"https:\/\/www.facebook.com\/LikeInkSe","article_modified_time":"2026-03-17T12:13:52+00:00","og_image":[{"width":1100,"height":775,"url":"https:\/\/likeink.com\/wp-content\/uploads\/2022\/10\/HarleyQuinn_Tatueringar_Likeink.jpg","type":"image\/jpeg"}],"twitter_card":"summary_large_image","schema":{"@context":"https:\/\/schema.org","@graph":[{"@type":"WebPage","@id":"https:\/\/likeink.com\/de\/tatowierungen\/harley-quinn-temporaere-tattoos-a5\/","url":"https:\/\/likeink.com\/de\/tatowierungen\/harley-quinn-temporaere-tattoos-a5\/","name":"Harley Quinn tempor\u00e4re Tattoos A5 - Like ink","isPartOf":{"@id":"https:\/\/likeink.com\/de\/#website"},"primaryImageOfPage":{"@id":"https:\/\/likeink.com\/de\/tatowierungen\/harley-quinn-temporaere-tattoos-a5\/#primaryimage"},"image":{"@id":"https:\/\/likeink.com\/de\/tatowierungen\/harley-quinn-temporaere-tattoos-a5\/#primaryimage"},"thumbnailUrl":"https:\/\/likeink.com\/wp-content\/uploads\/2022\/10\/HarleyQuinn_Tatueringar_Likeink.jpg","datePublished":"2022-10-03T15:00:27+00:00","dateModified":"2026-03-17T12:13:52+00:00","description":"Harley Quinn tempor\u00e4re Tattoos A5. Harley Quinn-Tattoos, perfekt f\u00fcr Halloween-Partys und Maskeraden. - Like ink","breadcrumb":{"@id":"https:\/\/likeink.com\/de\/tatowierungen\/harley-quinn-temporaere-tattoos-a5\/#breadcrumb"},"inLanguage":"de","potentialAction":[{"@type":"ReadAction","target":["https:\/\/likeink.com\/de\/tatowierungen\/harley-quinn-temporaere-tattoos-a5\/"]}]},{"@type":"ImageObject","inLanguage":"de","@id":"https:\/\/likeink.com\/de\/tatowierungen\/harley-quinn-temporaere-tattoos-a5\/#primaryimage","url":"https:\/\/likeink.com\/wp-content\/uploads\/2022\/10\/HarleyQuinn_Tatueringar_Likeink.jpg","contentUrl":"https:\/\/likeink.com\/wp-content\/uploads\/2022\/10\/HarleyQuinn_Tatueringar_Likeink.jpg","width":1100,"height":775,"caption":"Harley Quinn tempor\u00e4re Tattoos."},{"@type":"BreadcrumbList","@id":"https:\/\/likeink.com\/de\/tatowierungen\/harley-quinn-temporaere-tattoos-a5\/#breadcrumb","itemListElement":[{"@type":"ListItem","position":1,"name":"Hem","item":"https:\/\/likeink.com\/de\/"},{"@type":"ListItem","position":2,"name":"Shop","item":"https:\/\/likeink.com\/de\/shop\/"},{"@type":"ListItem","position":3,"name":"Harley Quinn tempor\u00e4re Tattoos"}]},{"@type":"WebSite","@id":"https:\/\/likeink.com\/de\/#website","url":"https:\/\/likeink.com\/de\/","name":"Like ink","description":"Gestalten Sie Ihre eigenen tempor\u00e4ren Tattoos","potentialAction":[{"@type":"SearchAction","target":{"@type":"EntryPoint","urlTemplate":"https:\/\/likeink.com\/de\/?s={search_term_string}"},"query-input":{"@type":"PropertyValueSpecification","valueRequired":true,"valueName":"search_term_string"}}],"inLanguage":"de"}]}},"_links":{"self":[{"href":"https:\/\/likeink.com\/de\/wp-json\/wp\/v2\/product\/13677","targetHints":{"allow":["GET"]}}],"collection":[{"href":"https:\/\/likeink.com\/de\/wp-json\/wp\/v2\/product"}],"about":[{"href":"https:\/\/likeink.com\/de\/wp-json\/wp\/v2\/types\/product"}],"wp:featuredmedia":[{"embeddable":true,"href":"https:\/\/likeink.com\/de\/wp-json\/wp\/v2\/media\/13671"}],"wp:attachment":[{"href":"https:\/\/likeink.com\/de\/wp-json\/wp\/v2\/media?parent=13677"}],"wp:term":[{"taxonomy":"product_brand","embeddable":true,"href":"https:\/\/likeink.com\/de\/wp-json\/wp\/v2\/product_brand?post=13677"},{"taxonomy":"product_cat","embeddable":true,"href":"https:\/\/likeink.com\/de\/wp-json\/wp\/v2\/product_cat?post=13677"},{"taxonomy":"product_tag","embeddable":true,"href":"https:\/\/likeink.com\/de\/wp-json\/wp\/v2\/product_tag?post=13677"}],"curies":[{"name":"wp","href":"https:\/\/api.w.org\/{rel}","templated":true}]}}