{"id":13917,"date":"2022-10-11T15:28:39","date_gmt":"2022-10-11T15:28:39","guid":{"rendered":"https:\/\/likeink.se\/produkt\/lines-fake-tattoos-a5\/"},"modified":"2026-03-17T12:13:52","modified_gmt":"2026-03-17T12:13:52","slug":"linien-gefaelschte-tattoos","status":"publish","type":"product","link":"https:\/\/likeink.com\/de\/tatowierungen\/linien-gefaelschte-tattoos\/","title":{"rendered":"Linien gef\u00e4lschte Tattoos"},"content":{"rendered":"","protected":false},"excerpt":{"rendered":"<p>Sie k\u00f6nnen tempor\u00e4re Tattoos in B\u00f6gen bei Like ink bestellen. Tempor\u00e4re Tattoos werden auch als Fake-Tattoos bezeichnet. Wir drucken und senden Ihre Tattoos innerhalb von 24 Stunden!<br \/>\nWir haben viele fertige Fake-Tattoos und Sie k\u00f6nnen auch Ihr eigenes Design hochladen und tempor\u00e4re Tattoos mit Ihrem eigenen Design bei uns bestellen.<\/p>\n<p>Wir hoffen, dass Ihnen das Design\/Tattoos auf diesem Blatt mit dem Produktnamen &#8222;Lines fake tattoos A5&#8220; gef\u00e4llt. Vielen Dank, dass Sie Ihre tempor\u00e4ren Tattoos bei Like ink bestellt haben.<\/p>\n<h2>Linien-Fake-Tattoos. Linien-Tattoos in verschiedenen Farben, sei kreativ und habe Spa\u00df<\/h2>\n<p>Gr\u00f6\u00dfe des Tattoos:<br \/>\nUnser Bogen mit tempor\u00e4ren Tattoos hat eine Gr\u00f6\u00dfe von 20&#215;14 cm und ist mit den Tattoos auf dem Produktbild gef\u00fcllt.<br \/>\nWie lange h\u00e4lt ein tempor\u00e4res Tattoo und wie funktioniert es?<br \/>\nUnsere tempor\u00e4ren Tattoos halten je nach Position und Pflege des Tattoos ein bis zehn Tage. Fake-Tattoos sind einfach aufzutragen und abzuwaschen, und Sie erhalten Anweisungen mit Ihrer Bestellung.<br \/>\nSchneiden Sie das einzelne Tattoo nah am Bild ab<br \/>\nEntfernen Sie die klare Folie von der Klebeschicht<br \/>\nPlatzieren Sie das Tattoo an der gew\u00fcnschten Stelle<br \/>\nTragen Sie Wasser mit einem nassen Schwamm oder Handtuch auf<br \/>\nEntfernen Sie nach 15 Sekunden das nasse Papier<br \/>\nFertig. Haben Sie Spa\u00df und genie\u00dfen Sie es!<br \/>\nTragen Sie bei Bedarf Babypuder f\u00fcr ein mattes Finish auf.<br \/>\nAndere Informationen!<\/p>\n<p>Lieferung:<br \/>\nWir senden t\u00e4glich Bestellungen von unseren Druckern in Malm\u00f6, Schweden, weltweit aus. Wir drucken und senden Ihre Tattoos innerhalb von 24 Stunden, aber die normale Lieferzeit au\u00dferhalb von Schweden betr\u00e4gt 5-10 Tage. Bestellen Sie Ihre Tattoos rechtzeitig.<br \/>\nSind Fake-Tattoos umweltfreundlich?<br \/>\nDie Tattoos sind vegan und die Umwelt ist uns hier bei Like ink sehr wichtig. Alle Komponenten sind frei von PVC und PCB. Wir kompensieren alle Sendungen klimatisch und verwenden Farben, Umschl\u00e4ge und gedruckte Materialien, die nordisch umweltfreundlich sind, sicher f\u00fcr Sie und gut f\u00fcr die Umwelt. Wir folgen der Kosmetikverordnung EC1223-2009.<\/p>\n<p>Ich w\u00fcnsche Ihnen einen fantastischen Tag!<br \/>\nLike ink \u2013 Echte Fake-Tattoos!<\/p>\n","protected":false},"featured_media":13909,"template":"","meta":[],"product_brand":[],"product_cat":[55,187],"product_tag":[],"class_list":{"0":"post-13917","1":"product","2":"type-product","3":"status-publish","4":"has-post-thumbnail","6":"product_cat-fertige-boegen","7":"product_cat-sonstige-taetowierungen","9":"first","10":"instock","11":"taxable","12":"shipping-taxable","13":"purchasable","14":"product-type-simple"},"yoast_head":"<!-- This site is optimized with the Yoast SEO Premium plugin v26.2 (Yoast SEO v27.4) - https:\/\/yoast.com\/product\/yoast-seo-premium-wordpress\/ -->\n<title>Linien gef\u00e4lschte Tattoos I So viele M\u00f6glichkeiten!- Like ink<\/title>\n<meta name=\"description\" content=\"Linien gef\u00e4lschte Tattoos! Die meisten Linien sind 6 x 150 mm gro\u00df. Seien Sie kreativ und haben Sie Spa\u00df! Wir versenden innerhalb von 24 h. - Like ink\" \/>\n<meta name=\"robots\" content=\"index, follow, max-snippet:-1, max-image-preview:large, max-video-preview:-1\" \/>\n<link rel=\"canonical\" href=\"https:\/\/likeink.com\/de\/tatowierungen\/linien-gefaelschte-tattoos\/\" \/>\n<meta property=\"og:locale\" content=\"de_DE\" \/>\n<meta property=\"og:type\" content=\"article\" \/>\n<meta property=\"og:title\" content=\"Linien gef\u00e4lschte Tattoos\" \/>\n<meta property=\"og:description\" content=\"Sie k\u00f6nnen tempor\u00e4re Tattoos in B\u00f6gen bei Like ink bestellen. Tempor\u00e4re Tattoos werden auch als Fake-Tattoos bezeichnet. Wir drucken und senden Ihre Tattoos innerhalb von 24 Stunden! Wir haben viele fertige Fake-Tattoos und Sie k\u00f6nnen auch Ihr eigenes Design hochladen und tempor\u00e4re Tattoos mit Ihrem eigenen Design bei uns bestellen.  Wir hoffen, dass Ihnen das Design\/Tattoos auf diesem Blatt mit dem Produktnamen &quot;Lines fake tattoos A5&quot; gef\u00e4llt. Vielen Dank, dass Sie Ihre tempor\u00e4ren Tattoos bei Like ink bestellt haben.  Linien-Fake-Tattoos. Linien-Tattoos in verschiedenen Farben, sei kreativ und habe Spa\u00df  Gr\u00f6\u00dfe des Tattoos: Unser Bogen mit tempor\u00e4ren Tattoos hat eine Gr\u00f6\u00dfe von 20x14 cm und ist mit den Tattoos auf dem Produktbild gef\u00fcllt. Wie lange h\u00e4lt ein tempor\u00e4res Tattoo und wie funktioniert es? Unsere tempor\u00e4ren Tattoos halten je nach Position und Pflege des Tattoos ein bis zehn Tage. Fake-Tattoos sind einfach aufzutragen und abzuwaschen, und Sie erhalten Anweisungen mit Ihrer Bestellung. Schneiden Sie das einzelne Tattoo nah am Bild ab Entfernen Sie die klare Folie von der Klebeschicht Platzieren Sie das Tattoo an der gew\u00fcnschten Stelle Tragen Sie Wasser mit einem nassen Schwamm oder Handtuch auf Entfernen Sie nach 15 Sekunden das nasse Papier Fertig. Haben Sie Spa\u00df und genie\u00dfen Sie es! Tragen Sie bei Bedarf Babypuder f\u00fcr ein mattes Finish auf. Andere Informationen!  Lieferung: Wir senden t\u00e4glich Bestellungen von unseren Druckern in Malm\u00f6, Schweden, weltweit aus. Wir drucken und senden Ihre Tattoos innerhalb von 24 Stunden, aber die normale Lieferzeit au\u00dferhalb von Schweden betr\u00e4gt 5-10 Tage. Bestellen Sie Ihre Tattoos rechtzeitig. Sind Fake-Tattoos umweltfreundlich? Die Tattoos sind vegan und die Umwelt ist uns hier bei Like ink sehr wichtig. Alle Komponenten sind frei von PVC und PCB. Wir kompensieren alle Sendungen klimatisch und verwenden Farben, Umschl\u00e4ge und gedruckte Materialien, die nordisch umweltfreundlich sind, sicher f\u00fcr Sie und gut f\u00fcr die Umwelt. Wir folgen der Kosmetikverordnung EC1223-2009.  Ich w\u00fcnsche Ihnen einen fantastischen Tag! Like ink \u2013 Echte Fake-Tattoos!\" \/>\n<meta property=\"og:url\" content=\"https:\/\/likeink.com\/de\/tatowierungen\/linien-gefaelschte-tattoos\/\" \/>\n<meta property=\"og:site_name\" content=\"Like ink\" \/>\n<meta property=\"article:publisher\" content=\"https:\/\/www.facebook.com\/LikeInkSe\" \/>\n<meta property=\"article:modified_time\" content=\"2026-03-17T12:13:52+00:00\" \/>\n<meta property=\"og:image\" content=\"https:\/\/likeink.com\/wp-content\/uploads\/2022\/10\/Likeink_Lines_Tattoos.jpg\" \/>\n\t<meta property=\"og:image:width\" content=\"1200\" \/>\n\t<meta property=\"og:image:height\" content=\"845\" \/>\n\t<meta property=\"og:image:type\" content=\"image\/jpeg\" \/>\n<meta name=\"twitter:card\" content=\"summary_large_image\" \/>\n<script type=\"application\/ld+json\" class=\"yoast-schema-graph\">{\"@context\":\"https:\\\/\\\/schema.org\",\"@graph\":[{\"@type\":\"WebPage\",\"@id\":\"https:\\\/\\\/likeink.com\\\/de\\\/tatowierungen\\\/linien-gefaelschte-tattoos\\\/\",\"url\":\"https:\\\/\\\/likeink.com\\\/de\\\/tatowierungen\\\/linien-gefaelschte-tattoos\\\/\",\"name\":\"Linien gef\u00e4lschte Tattoos I So viele M\u00f6glichkeiten!- Like ink\",\"isPartOf\":{\"@id\":\"https:\\\/\\\/likeink.com\\\/de\\\/#website\"},\"primaryImageOfPage\":{\"@id\":\"https:\\\/\\\/likeink.com\\\/de\\\/tatowierungen\\\/linien-gefaelschte-tattoos\\\/#primaryimage\"},\"image\":{\"@id\":\"https:\\\/\\\/likeink.com\\\/de\\\/tatowierungen\\\/linien-gefaelschte-tattoos\\\/#primaryimage\"},\"thumbnailUrl\":\"https:\\\/\\\/likeink.com\\\/wp-content\\\/uploads\\\/2022\\\/10\\\/Likeink_Lines_Tattoos.jpg\",\"datePublished\":\"2022-10-11T15:28:39+00:00\",\"dateModified\":\"2026-03-17T12:13:52+00:00\",\"description\":\"Linien gef\u00e4lschte Tattoos! Die meisten Linien sind 6 x 150 mm gro\u00df. Seien Sie kreativ und haben Sie Spa\u00df! Wir versenden innerhalb von 24 h. - Like ink\",\"breadcrumb\":{\"@id\":\"https:\\\/\\\/likeink.com\\\/de\\\/tatowierungen\\\/linien-gefaelschte-tattoos\\\/#breadcrumb\"},\"inLanguage\":\"de\",\"potentialAction\":[{\"@type\":\"ReadAction\",\"target\":[\"https:\\\/\\\/likeink.com\\\/de\\\/tatowierungen\\\/linien-gefaelschte-tattoos\\\/\"]}]},{\"@type\":\"ImageObject\",\"inLanguage\":\"de\",\"@id\":\"https:\\\/\\\/likeink.com\\\/de\\\/tatowierungen\\\/linien-gefaelschte-tattoos\\\/#primaryimage\",\"url\":\"https:\\\/\\\/likeink.com\\\/wp-content\\\/uploads\\\/2022\\\/10\\\/Likeink_Lines_Tattoos.jpg\",\"contentUrl\":\"https:\\\/\\\/likeink.com\\\/wp-content\\\/uploads\\\/2022\\\/10\\\/Likeink_Lines_Tattoos.jpg\",\"width\":1200,\"height\":845,\"caption\":\"Linien Tattoos.\"},{\"@type\":\"BreadcrumbList\",\"@id\":\"https:\\\/\\\/likeink.com\\\/de\\\/tatowierungen\\\/linien-gefaelschte-tattoos\\\/#breadcrumb\",\"itemListElement\":[{\"@type\":\"ListItem\",\"position\":1,\"name\":\"Hem\",\"item\":\"https:\\\/\\\/likeink.com\\\/de\\\/\"},{\"@type\":\"ListItem\",\"position\":2,\"name\":\"Shop\",\"item\":\"https:\\\/\\\/likeink.com\\\/de\\\/shop\\\/\"},{\"@type\":\"ListItem\",\"position\":3,\"name\":\"Linien gef\u00e4lschte Tattoos\"}]},{\"@type\":\"WebSite\",\"@id\":\"https:\\\/\\\/likeink.com\\\/de\\\/#website\",\"url\":\"https:\\\/\\\/likeink.com\\\/de\\\/\",\"name\":\"Like ink\",\"description\":\"Gestalten Sie Ihre eigenen tempor\u00e4ren Tattoos\",\"potentialAction\":[{\"@type\":\"SearchAction\",\"target\":{\"@type\":\"EntryPoint\",\"urlTemplate\":\"https:\\\/\\\/likeink.com\\\/de\\\/?s={search_term_string}\"},\"query-input\":{\"@type\":\"PropertyValueSpecification\",\"valueRequired\":true,\"valueName\":\"search_term_string\"}}],\"inLanguage\":\"de\"}]}<\/script>\n<!-- \/ Yoast SEO Premium plugin. -->","yoast_head_json":{"title":"Linien gef\u00e4lschte Tattoos I So viele M\u00f6glichkeiten!- Like ink","description":"Linien gef\u00e4lschte Tattoos! Die meisten Linien sind 6 x 150 mm gro\u00df. Seien Sie kreativ und haben Sie Spa\u00df! Wir versenden innerhalb von 24 h. - Like ink","robots":{"index":"index","follow":"follow","max-snippet":"max-snippet:-1","max-image-preview":"max-image-preview:large","max-video-preview":"max-video-preview:-1"},"canonical":"https:\/\/likeink.com\/de\/tatowierungen\/linien-gefaelschte-tattoos\/","og_locale":"de_DE","og_type":"article","og_title":"Linien gef\u00e4lschte Tattoos","og_description":"Sie k\u00f6nnen tempor\u00e4re Tattoos in B\u00f6gen bei Like ink bestellen. Tempor\u00e4re Tattoos werden auch als Fake-Tattoos bezeichnet. Wir drucken und senden Ihre Tattoos innerhalb von 24 Stunden! Wir haben viele fertige Fake-Tattoos und Sie k\u00f6nnen auch Ihr eigenes Design hochladen und tempor\u00e4re Tattoos mit Ihrem eigenen Design bei uns bestellen.  Wir hoffen, dass Ihnen das Design\/Tattoos auf diesem Blatt mit dem Produktnamen \"Lines fake tattoos A5\" gef\u00e4llt. Vielen Dank, dass Sie Ihre tempor\u00e4ren Tattoos bei Like ink bestellt haben.  Linien-Fake-Tattoos. Linien-Tattoos in verschiedenen Farben, sei kreativ und habe Spa\u00df  Gr\u00f6\u00dfe des Tattoos: Unser Bogen mit tempor\u00e4ren Tattoos hat eine Gr\u00f6\u00dfe von 20x14 cm und ist mit den Tattoos auf dem Produktbild gef\u00fcllt. Wie lange h\u00e4lt ein tempor\u00e4res Tattoo und wie funktioniert es? Unsere tempor\u00e4ren Tattoos halten je nach Position und Pflege des Tattoos ein bis zehn Tage. Fake-Tattoos sind einfach aufzutragen und abzuwaschen, und Sie erhalten Anweisungen mit Ihrer Bestellung. Schneiden Sie das einzelne Tattoo nah am Bild ab Entfernen Sie die klare Folie von der Klebeschicht Platzieren Sie das Tattoo an der gew\u00fcnschten Stelle Tragen Sie Wasser mit einem nassen Schwamm oder Handtuch auf Entfernen Sie nach 15 Sekunden das nasse Papier Fertig. Haben Sie Spa\u00df und genie\u00dfen Sie es! Tragen Sie bei Bedarf Babypuder f\u00fcr ein mattes Finish auf. Andere Informationen!  Lieferung: Wir senden t\u00e4glich Bestellungen von unseren Druckern in Malm\u00f6, Schweden, weltweit aus. Wir drucken und senden Ihre Tattoos innerhalb von 24 Stunden, aber die normale Lieferzeit au\u00dferhalb von Schweden betr\u00e4gt 5-10 Tage. Bestellen Sie Ihre Tattoos rechtzeitig. Sind Fake-Tattoos umweltfreundlich? Die Tattoos sind vegan und die Umwelt ist uns hier bei Like ink sehr wichtig. Alle Komponenten sind frei von PVC und PCB. Wir kompensieren alle Sendungen klimatisch und verwenden Farben, Umschl\u00e4ge und gedruckte Materialien, die nordisch umweltfreundlich sind, sicher f\u00fcr Sie und gut f\u00fcr die Umwelt. Wir folgen der Kosmetikverordnung EC1223-2009.  Ich w\u00fcnsche Ihnen einen fantastischen Tag! Like ink \u2013 Echte Fake-Tattoos!","og_url":"https:\/\/likeink.com\/de\/tatowierungen\/linien-gefaelschte-tattoos\/","og_site_name":"Like ink","article_publisher":"https:\/\/www.facebook.com\/LikeInkSe","article_modified_time":"2026-03-17T12:13:52+00:00","og_image":[{"width":1200,"height":845,"url":"https:\/\/likeink.com\/wp-content\/uploads\/2022\/10\/Likeink_Lines_Tattoos.jpg","type":"image\/jpeg"}],"twitter_card":"summary_large_image","schema":{"@context":"https:\/\/schema.org","@graph":[{"@type":"WebPage","@id":"https:\/\/likeink.com\/de\/tatowierungen\/linien-gefaelschte-tattoos\/","url":"https:\/\/likeink.com\/de\/tatowierungen\/linien-gefaelschte-tattoos\/","name":"Linien gef\u00e4lschte Tattoos I So viele M\u00f6glichkeiten!- Like ink","isPartOf":{"@id":"https:\/\/likeink.com\/de\/#website"},"primaryImageOfPage":{"@id":"https:\/\/likeink.com\/de\/tatowierungen\/linien-gefaelschte-tattoos\/#primaryimage"},"image":{"@id":"https:\/\/likeink.com\/de\/tatowierungen\/linien-gefaelschte-tattoos\/#primaryimage"},"thumbnailUrl":"https:\/\/likeink.com\/wp-content\/uploads\/2022\/10\/Likeink_Lines_Tattoos.jpg","datePublished":"2022-10-11T15:28:39+00:00","dateModified":"2026-03-17T12:13:52+00:00","description":"Linien gef\u00e4lschte Tattoos! Die meisten Linien sind 6 x 150 mm gro\u00df. Seien Sie kreativ und haben Sie Spa\u00df! Wir versenden innerhalb von 24 h. - Like ink","breadcrumb":{"@id":"https:\/\/likeink.com\/de\/tatowierungen\/linien-gefaelschte-tattoos\/#breadcrumb"},"inLanguage":"de","potentialAction":[{"@type":"ReadAction","target":["https:\/\/likeink.com\/de\/tatowierungen\/linien-gefaelschte-tattoos\/"]}]},{"@type":"ImageObject","inLanguage":"de","@id":"https:\/\/likeink.com\/de\/tatowierungen\/linien-gefaelschte-tattoos\/#primaryimage","url":"https:\/\/likeink.com\/wp-content\/uploads\/2022\/10\/Likeink_Lines_Tattoos.jpg","contentUrl":"https:\/\/likeink.com\/wp-content\/uploads\/2022\/10\/Likeink_Lines_Tattoos.jpg","width":1200,"height":845,"caption":"Linien Tattoos."},{"@type":"BreadcrumbList","@id":"https:\/\/likeink.com\/de\/tatowierungen\/linien-gefaelschte-tattoos\/#breadcrumb","itemListElement":[{"@type":"ListItem","position":1,"name":"Hem","item":"https:\/\/likeink.com\/de\/"},{"@type":"ListItem","position":2,"name":"Shop","item":"https:\/\/likeink.com\/de\/shop\/"},{"@type":"ListItem","position":3,"name":"Linien gef\u00e4lschte Tattoos"}]},{"@type":"WebSite","@id":"https:\/\/likeink.com\/de\/#website","url":"https:\/\/likeink.com\/de\/","name":"Like ink","description":"Gestalten Sie Ihre eigenen tempor\u00e4ren Tattoos","potentialAction":[{"@type":"SearchAction","target":{"@type":"EntryPoint","urlTemplate":"https:\/\/likeink.com\/de\/?s={search_term_string}"},"query-input":{"@type":"PropertyValueSpecification","valueRequired":true,"valueName":"search_term_string"}}],"inLanguage":"de"}]}},"_links":{"self":[{"href":"https:\/\/likeink.com\/de\/wp-json\/wp\/v2\/product\/13917","targetHints":{"allow":["GET"]}}],"collection":[{"href":"https:\/\/likeink.com\/de\/wp-json\/wp\/v2\/product"}],"about":[{"href":"https:\/\/likeink.com\/de\/wp-json\/wp\/v2\/types\/product"}],"wp:featuredmedia":[{"embeddable":true,"href":"https:\/\/likeink.com\/de\/wp-json\/wp\/v2\/media\/13909"}],"wp:attachment":[{"href":"https:\/\/likeink.com\/de\/wp-json\/wp\/v2\/media?parent=13917"}],"wp:term":[{"taxonomy":"product_brand","embeddable":true,"href":"https:\/\/likeink.com\/de\/wp-json\/wp\/v2\/product_brand?post=13917"},{"taxonomy":"product_cat","embeddable":true,"href":"https:\/\/likeink.com\/de\/wp-json\/wp\/v2\/product_cat?post=13917"},{"taxonomy":"product_tag","embeddable":true,"href":"https:\/\/likeink.com\/de\/wp-json\/wp\/v2\/product_tag?post=13917"}],"curies":[{"name":"wp","href":"https:\/\/api.w.org\/{rel}","templated":true}]}}