{"id":14383,"date":"2022-11-04T16:15:54","date_gmt":"2022-11-04T16:15:54","guid":{"rendered":"https:\/\/likeink.se\/produkt\/november-temporary-tattoos-a5\/"},"modified":"2026-03-17T12:14:06","modified_gmt":"2026-03-17T12:14:06","slug":"temporaere-tattoos-mit-movember-schnurrbart","status":"publish","type":"product","link":"https:\/\/likeink.com\/de\/tatowierungen\/temporaere-tattoos-mit-movember-schnurrbart\/","title":{"rendered":"Tempor\u00e4re Tattoos mit Movember-Schnurrbart"},"content":{"rendered":"","protected":false},"excerpt":{"rendered":"<p>Like ink arbeitet mit Movember zusammen und sammelt Geld f\u00fcr die Bewegung f\u00fcr die M\u00e4nnergesundheit!<br \/>\nDie tempor\u00e4ren Tattoos von Like ink sind auf B\u00f6gen mit einer Gr\u00f6\u00dfe von 20&#215;14 cm erh\u00e4ltlich und wir drucken und versenden Ihre Bestellung innerhalb von 24 Stunden.<br \/>\nDas Blatt ist mit den Motiven gef\u00fcllt, die Sie auf dem Produktbild sehen. Unsere tempor\u00e4ren Tattoos sind einfach aufzutragen und abzuwaschen. Ein Fake-Tattoo h\u00e4lt normalerweise 2-7 Tage, abh\u00e4ngig von der Platzierung, dem Hauttyp und wie Sie es pflegen.<\/p>\n<h2>Kaufen Sie ein Blatt Movember-Tattoos! Alle Gewinne gehen an die Movember-Stiftung.<\/h2>\n<p><strong>Was ist Movember und was tut die Bewegung?<\/strong><br \/>\nMovember ist die f\u00fchrende Wohlt\u00e4tigkeitsorganisation f\u00fcr M\u00e4nnergesundheit.<br \/>\nDer Fokus von Movembers Arbeit liegt auf der Bek\u00e4mpfung von Prostatakrebs, Hodenkrebs, psychischen Erkrankungen und der Vorbeugung von Suiziden.<br \/>\nDie Organisation Movember setzt sich daf\u00fcr ein, dass M\u00e4nner ein gl\u00fccklicheres, ges\u00fcnderes und l\u00e4ngeres Leben f\u00fchren k\u00f6nnen, und wir von Like ink m\u00f6chten uns daran beteiligen und das unterst\u00fctzen!<\/p>\n<p><strong>Wie spendet Like ink Geld?<\/strong><br \/>\nKaufen Sie ein Blatt Movember-Tattoos!<br \/>\nMarkieren Sie @movember und @likeinkse auf Instagram oder TikTok und wir spenden zus\u00e4tzlich 1 Euro pro Beitrag<br \/>\nIm Zusammenhang mit Ihrem Kauf &#8211; laden wir Sie auch ein, \u00fcber den folgenden Link Geld zu spenden: <a href=\"https:\/\/movember.com\/m\/14927304?mc=1\">https:\/\/movember.com\/Likeink<\/a><br \/>\nZuletzt, aber nicht zuletzt! Tragen Sie Ihre Movember-Tattoos so, dass sie sichtbar sind. Dies zieht Aufmerksamkeit auf sich und hilft, die Bewegung von Movember zu verbreiten.<br \/>\nBestellen Sie ein Blatt tempor\u00e4rer Tattoos f\u00fcr sich selbst, Ihre Freunde, Kollegen und Mitarbeiter!<\/p>\n<p>Blattgr\u00f6\u00dfe: A5<br \/>\nAnzahl der Tattoos: 60<br \/>\nGr\u00f6\u00dfe des gr\u00f6\u00dften Tattoos: 90X25 mm<\/p>\n","protected":false},"featured_media":14452,"template":"","meta":[],"product_brand":[],"product_cat":[55,539],"product_tag":[],"class_list":{"0":"post-14383","1":"product","2":"type-product","3":"status-publish","4":"has-post-thumbnail","6":"product_cat-fertige-boegen","7":"product_cat-kooperationen-mit-unternehmen","9":"first","10":"instock","11":"taxable","12":"shipping-taxable","13":"purchasable","14":"product-type-simple"},"yoast_head":"<!-- This site is optimized with the Yoast SEO Premium plugin v26.2 (Yoast SEO v27.5) - https:\/\/yoast.com\/product\/yoast-seo-premium-wordpress\/ -->\n<title>Tempor\u00e4re Tattoos mit Movember-Schnurrbart - Like ink<\/title>\n<meta name=\"description\" content=\"Bestelle November-Tempor\u00e4re Tattoos! Der gesamte Gewinn geht an die Movember-Bewegung! Hochwertige Movember-Tattoos!- Like ink\" \/>\n<meta name=\"robots\" content=\"index, follow, max-snippet:-1, max-image-preview:large, max-video-preview:-1\" \/>\n<link rel=\"canonical\" href=\"https:\/\/likeink.com\/de\/tatowierungen\/temporaere-tattoos-mit-movember-schnurrbart\/\" \/>\n<meta property=\"og:locale\" content=\"de_DE\" \/>\n<meta property=\"og:type\" content=\"article\" \/>\n<meta property=\"og:title\" content=\"Tempor\u00e4re Tattoos mit Movember-Schnurrbart\" \/>\n<meta property=\"og:description\" content=\"Like ink arbeitet mit Movember zusammen und sammelt Geld f\u00fcr die Bewegung f\u00fcr die M\u00e4nnergesundheit! Die tempor\u00e4ren Tattoos von Like ink sind auf B\u00f6gen mit einer Gr\u00f6\u00dfe von 20x14 cm erh\u00e4ltlich und wir drucken und versenden Ihre Bestellung innerhalb von 24 Stunden. Das Blatt ist mit den Motiven gef\u00fcllt, die Sie auf dem Produktbild sehen. Unsere tempor\u00e4ren Tattoos sind einfach aufzutragen und abzuwaschen. Ein Fake-Tattoo h\u00e4lt normalerweise 2-7 Tage, abh\u00e4ngig von der Platzierung, dem Hauttyp und wie Sie es pflegen.  Kaufen Sie ein Blatt Movember-Tattoos! Alle Gewinne gehen an die Movember-Stiftung.  Was ist Movember und was tut die Bewegung? Movember ist die f\u00fchrende Wohlt\u00e4tigkeitsorganisation f\u00fcr M\u00e4nnergesundheit. Der Fokus von Movembers Arbeit liegt auf der Bek\u00e4mpfung von Prostatakrebs, Hodenkrebs, psychischen Erkrankungen und der Vorbeugung von Suiziden. Die Organisation Movember setzt sich daf\u00fcr ein, dass M\u00e4nner ein gl\u00fccklicheres, ges\u00fcnderes und l\u00e4ngeres Leben f\u00fchren k\u00f6nnen, und wir von Like ink m\u00f6chten uns daran beteiligen und das unterst\u00fctzen!  Wie spendet Like ink Geld? Kaufen Sie ein Blatt Movember-Tattoos!  Markieren Sie @movember und @likeinkse auf Instagram oder TikTok und wir spenden zus\u00e4tzlich 1 Euro pro Beitrag Im Zusammenhang mit Ihrem Kauf - laden wir Sie auch ein, \u00fcber den folgenden Link Geld zu spenden: https:\/\/movember.com\/Likeink Zuletzt, aber nicht zuletzt! Tragen Sie Ihre Movember-Tattoos so, dass sie sichtbar sind. Dies zieht Aufmerksamkeit auf sich und hilft, die Bewegung von Movember zu verbreiten. Bestellen Sie ein Blatt tempor\u00e4rer Tattoos f\u00fcr sich selbst, Ihre Freunde, Kollegen und Mitarbeiter!  Blattgr\u00f6\u00dfe: A5 Anzahl der Tattoos: 60 Gr\u00f6\u00dfe des gr\u00f6\u00dften Tattoos: 90X25 mm\" \/>\n<meta property=\"og:url\" content=\"https:\/\/likeink.com\/de\/tatowierungen\/temporaere-tattoos-mit-movember-schnurrbart\/\" \/>\n<meta property=\"og:site_name\" content=\"Like ink\" \/>\n<meta property=\"article:publisher\" content=\"https:\/\/www.facebook.com\/LikeInkSe\" \/>\n<meta property=\"article:modified_time\" content=\"2026-03-17T12:14:06+00:00\" \/>\n<meta property=\"og:image\" content=\"https:\/\/likeink.com\/wp-content\/uploads\/2022\/11\/Movember-Tatueringar-Likeink.jpg\" \/>\n\t<meta property=\"og:image:width\" content=\"1418\" \/>\n\t<meta property=\"og:image:height\" content=\"1000\" \/>\n\t<meta property=\"og:image:type\" content=\"image\/jpeg\" \/>\n<meta name=\"twitter:card\" content=\"summary_large_image\" \/>\n<!-- \/ Yoast SEO Premium plugin. -->","yoast_head_json":{"title":"Tempor\u00e4re Tattoos mit Movember-Schnurrbart - Like ink","description":"Bestelle November-Tempor\u00e4re Tattoos! Der gesamte Gewinn geht an die Movember-Bewegung! Hochwertige Movember-Tattoos!- Like ink","robots":{"index":"index","follow":"follow","max-snippet":"max-snippet:-1","max-image-preview":"max-image-preview:large","max-video-preview":"max-video-preview:-1"},"canonical":"https:\/\/likeink.com\/de\/tatowierungen\/temporaere-tattoos-mit-movember-schnurrbart\/","og_locale":"de_DE","og_type":"article","og_title":"Tempor\u00e4re Tattoos mit Movember-Schnurrbart","og_description":"Like ink arbeitet mit Movember zusammen und sammelt Geld f\u00fcr die Bewegung f\u00fcr die M\u00e4nnergesundheit! Die tempor\u00e4ren Tattoos von Like ink sind auf B\u00f6gen mit einer Gr\u00f6\u00dfe von 20x14 cm erh\u00e4ltlich und wir drucken und versenden Ihre Bestellung innerhalb von 24 Stunden. Das Blatt ist mit den Motiven gef\u00fcllt, die Sie auf dem Produktbild sehen. Unsere tempor\u00e4ren Tattoos sind einfach aufzutragen und abzuwaschen. Ein Fake-Tattoo h\u00e4lt normalerweise 2-7 Tage, abh\u00e4ngig von der Platzierung, dem Hauttyp und wie Sie es pflegen.  Kaufen Sie ein Blatt Movember-Tattoos! Alle Gewinne gehen an die Movember-Stiftung.  Was ist Movember und was tut die Bewegung? Movember ist die f\u00fchrende Wohlt\u00e4tigkeitsorganisation f\u00fcr M\u00e4nnergesundheit. Der Fokus von Movembers Arbeit liegt auf der Bek\u00e4mpfung von Prostatakrebs, Hodenkrebs, psychischen Erkrankungen und der Vorbeugung von Suiziden. Die Organisation Movember setzt sich daf\u00fcr ein, dass M\u00e4nner ein gl\u00fccklicheres, ges\u00fcnderes und l\u00e4ngeres Leben f\u00fchren k\u00f6nnen, und wir von Like ink m\u00f6chten uns daran beteiligen und das unterst\u00fctzen!  Wie spendet Like ink Geld? Kaufen Sie ein Blatt Movember-Tattoos!  Markieren Sie @movember und @likeinkse auf Instagram oder TikTok und wir spenden zus\u00e4tzlich 1 Euro pro Beitrag Im Zusammenhang mit Ihrem Kauf - laden wir Sie auch ein, \u00fcber den folgenden Link Geld zu spenden: https:\/\/movember.com\/Likeink Zuletzt, aber nicht zuletzt! Tragen Sie Ihre Movember-Tattoos so, dass sie sichtbar sind. Dies zieht Aufmerksamkeit auf sich und hilft, die Bewegung von Movember zu verbreiten. Bestellen Sie ein Blatt tempor\u00e4rer Tattoos f\u00fcr sich selbst, Ihre Freunde, Kollegen und Mitarbeiter!  Blattgr\u00f6\u00dfe: A5 Anzahl der Tattoos: 60 Gr\u00f6\u00dfe des gr\u00f6\u00dften Tattoos: 90X25 mm","og_url":"https:\/\/likeink.com\/de\/tatowierungen\/temporaere-tattoos-mit-movember-schnurrbart\/","og_site_name":"Like ink","article_publisher":"https:\/\/www.facebook.com\/LikeInkSe","article_modified_time":"2026-03-17T12:14:06+00:00","og_image":[{"width":1418,"height":1000,"url":"https:\/\/likeink.com\/wp-content\/uploads\/2022\/11\/Movember-Tatueringar-Likeink.jpg","type":"image\/jpeg"}],"twitter_card":"summary_large_image","schema":{"@context":"https:\/\/schema.org","@graph":[{"@type":"WebPage","@id":"https:\/\/likeink.com\/de\/tatowierungen\/temporaere-tattoos-mit-movember-schnurrbart\/","url":"https:\/\/likeink.com\/de\/tatowierungen\/temporaere-tattoos-mit-movember-schnurrbart\/","name":"Tempor\u00e4re Tattoos mit Movember-Schnurrbart - Like ink","isPartOf":{"@id":"https:\/\/likeink.com\/de\/#website"},"primaryImageOfPage":{"@id":"https:\/\/likeink.com\/de\/tatowierungen\/temporaere-tattoos-mit-movember-schnurrbart\/#primaryimage"},"image":{"@id":"https:\/\/likeink.com\/de\/tatowierungen\/temporaere-tattoos-mit-movember-schnurrbart\/#primaryimage"},"thumbnailUrl":"https:\/\/likeink.com\/wp-content\/uploads\/2022\/11\/Movember-Tatueringar-Likeink.jpg","datePublished":"2022-11-04T16:15:54+00:00","dateModified":"2026-03-17T12:14:06+00:00","description":"Bestelle November-Tempor\u00e4re Tattoos! Der gesamte Gewinn geht an die Movember-Bewegung! Hochwertige Movember-Tattoos!- Like ink","breadcrumb":{"@id":"https:\/\/likeink.com\/de\/tatowierungen\/temporaere-tattoos-mit-movember-schnurrbart\/#breadcrumb"},"inLanguage":"de","potentialAction":[{"@type":"ReadAction","target":["https:\/\/likeink.com\/de\/tatowierungen\/temporaere-tattoos-mit-movember-schnurrbart\/"]}]},{"@type":"ImageObject","inLanguage":"de","@id":"https:\/\/likeink.com\/de\/tatowierungen\/temporaere-tattoos-mit-movember-schnurrbart\/#primaryimage","url":"https:\/\/likeink.com\/wp-content\/uploads\/2022\/11\/Movember-Tatueringar-Likeink.jpg","contentUrl":"https:\/\/likeink.com\/wp-content\/uploads\/2022\/11\/Movember-Tatueringar-Likeink.jpg","width":1418,"height":1000,"caption":"Movember-Nep Tattoos Like ink."},{"@type":"BreadcrumbList","@id":"https:\/\/likeink.com\/de\/tatowierungen\/temporaere-tattoos-mit-movember-schnurrbart\/#breadcrumb","itemListElement":[{"@type":"ListItem","position":1,"name":"Hem","item":"https:\/\/likeink.com\/de\/"},{"@type":"ListItem","position":2,"name":"Shop","item":"https:\/\/likeink.com\/de\/shop\/"},{"@type":"ListItem","position":3,"name":"Tempor\u00e4re Tattoos mit Movember-Schnurrbart"}]},{"@type":"WebSite","@id":"https:\/\/likeink.com\/de\/#website","url":"https:\/\/likeink.com\/de\/","name":"Like ink","description":"Gestalten Sie Ihre eigenen tempor\u00e4ren Tattoos","potentialAction":[{"@type":"SearchAction","target":{"@type":"EntryPoint","urlTemplate":"https:\/\/likeink.com\/de\/?s={search_term_string}"},"query-input":{"@type":"PropertyValueSpecification","valueRequired":true,"valueName":"search_term_string"}}],"inLanguage":"de"}]}},"_links":{"self":[{"href":"https:\/\/likeink.com\/de\/wp-json\/wp\/v2\/product\/14383","targetHints":{"allow":["GET"]}}],"collection":[{"href":"https:\/\/likeink.com\/de\/wp-json\/wp\/v2\/product"}],"about":[{"href":"https:\/\/likeink.com\/de\/wp-json\/wp\/v2\/types\/product"}],"wp:featuredmedia":[{"embeddable":true,"href":"https:\/\/likeink.com\/de\/wp-json\/wp\/v2\/media\/14452"}],"wp:attachment":[{"href":"https:\/\/likeink.com\/de\/wp-json\/wp\/v2\/media?parent=14383"}],"wp:term":[{"taxonomy":"product_brand","embeddable":true,"href":"https:\/\/likeink.com\/de\/wp-json\/wp\/v2\/product_brand?post=14383"},{"taxonomy":"product_cat","embeddable":true,"href":"https:\/\/likeink.com\/de\/wp-json\/wp\/v2\/product_cat?post=14383"},{"taxonomy":"product_tag","embeddable":true,"href":"https:\/\/likeink.com\/de\/wp-json\/wp\/v2\/product_tag?post=14383"}],"curies":[{"name":"wp","href":"https:\/\/api.w.org\/{rel}","templated":true}]}}