{"id":15420,"date":"2023-02-16T13:15:31","date_gmt":"2023-02-16T13:15:31","guid":{"rendered":"https:\/\/likeink.se\/produkt\/crane-fake-tattoos-sheet\/"},"modified":"2026-03-17T12:14:06","modified_gmt":"2026-03-17T12:14:06","slug":"kranich-temporaere-tattoos","status":"publish","type":"product","link":"https:\/\/likeink.com\/de\/tatowierungen\/kranich-temporaere-tattoos\/","title":{"rendered":"Kranich tempor\u00e4re Tattoos"},"content":{"rendered":"","protected":false},"excerpt":{"rendered":"<p>Verleihen Sie Ihrem Stil mit unseren Kranich-Fake-Tattoos eine Note von Eleganz und Symbolik. Diese wundersch\u00f6nen Tattoos zeigen den anmutigen und majest\u00e4tischen Kranich, ein Symbol f\u00fcr Langlebigkeit, Weisheit und Frieden in vielen Kulturen.<\/p>\n<p>Unsere hochwertigen Fake-Tattoos sind einfach anzuwenden und halten mehrere Tage, so dass Sie Ihr sch\u00f6nes Design ohne die Verpflichtung eines permanenten Tattoos zeigen k\u00f6nnen. Die Tattoos bestehen aus sicheren, ungiftigen Materialien, die sanft zu Ihrer Haut sind, so dass Sie sie mit Zuversicht tragen k\u00f6nnen.<br \/>\nOb Sie nach einem bedeutungsvollen Tattoo-Design suchen oder einfach nur Ihrem Outfit etwas Flair verleihen m\u00f6chten, unsere tempor\u00e4ren Kranich-Tattoos sind eine gro\u00dfartige Wahl. Sie sind einzigartig und nachdenklich als Geschenk f\u00fcr Freunde, Familie oder jeden, der die Sch\u00f6nheit und Symbolik dieses ikonischen Vogels sch\u00e4tzt.<br \/>\nBestellen Sie Ihre tempor\u00e4ren Kranichtattoos noch heute und genie\u00dfen Sie die Sch\u00f6nheit und Symbolik dieses zeitlosen Designs!<\/p>\n<h2>Bestellen Sie Crane Fake Tattoos<\/h2>\n<p>Hat ein Kranich-Tattoo eine Bedeutung?<br \/>\nIn vielen Kulturen ist der Kranich ein Symbol f\u00fcr Langlebigkeit, Anmut und Weisheit. In der japanischen Kultur ist der Kranich zum Beispiel ein bedeutendes Symbol und wird oft mit Gl\u00fcck und Langlebigkeit sowie Frieden und Gl\u00fcck verbunden. Der Kranich wird auch als heilige Kreatur in einigen Native American-Kulturen angesehen und ist mit Weisheit, Spiritualit\u00e4t und Kommunikation mit dem G\u00f6ttlichen verbunden.<\/p>\n<p>Ein Kranich-Tattoo kann daher eine oder mehrere dieser Bedeutungen darstellen, je nach den pers\u00f6nlichen \u00dcberzeugungen und Werten des Einzelnen. Es kann auch andere Dinge repr\u00e4sentieren, wie St\u00e4rke, Widerstandsf\u00e4higkeit oder Unabh\u00e4ngigkeit. Das Design des Tattoos kann auch seine Bedeutung beeinflussen, da verschiedene Arten von Kranichen oder verschiedene Einstellungen unterschiedliche Botschaften vermitteln k\u00f6nnen. Letztendlich ist die Bedeutung eines Kranich-Tattoos einzigartig f\u00fcr die Person, die es tr\u00e4gt, und kann eine pers\u00f6nliche Bedeutung haben, die auf ihren Erfahrungen und \u00dcberzeugungen basiert.<\/p>\n<p>Blattgr\u00f6\u00dfe: A5<br \/>\nAnzahl der Tattoos: 13<br \/>\nGr\u00f6\u00dfter Kran: 77x70mm<\/p>\n","protected":false},"featured_media":15413,"template":"","meta":[],"product_brand":[],"product_cat":[55,177],"product_tag":[],"class_list":{"0":"post-15420","1":"product","2":"type-product","3":"status-publish","4":"has-post-thumbnail","6":"product_cat-fertige-boegen","7":"product_cat-tier-natur-taetowierungen-blumen-taetowierungen","9":"first","10":"instock","11":"taxable","12":"shipping-taxable","13":"purchasable","14":"product-type-simple"},"yoast_head":"<!-- This site is optimized with the Yoast SEO Premium plugin v26.2 (Yoast SEO v27.4) - https:\/\/yoast.com\/product\/yoast-seo-premium-wordpress\/ -->\n<title>Kranich tempor\u00e4re Tattoos A5-Bogen I schnelle Lieferung - Like ink<\/title>\n<meta name=\"description\" content=\"Kranich tempor\u00e4re Tattoos auf einem A5-Blatt platziert. Bestellen Sie noch heute Ihre tempor\u00e4ren Kranichtattoos und genie\u00dfen Sie die Sch\u00f6nheit und Symbolik dieses zeitlosen Designs! - Like ink\" \/>\n<meta name=\"robots\" content=\"index, follow, max-snippet:-1, max-image-preview:large, max-video-preview:-1\" \/>\n<link rel=\"canonical\" href=\"https:\/\/likeink.com\/de\/tatowierungen\/kranich-temporaere-tattoos\/\" \/>\n<meta property=\"og:locale\" content=\"de_DE\" \/>\n<meta property=\"og:type\" content=\"article\" \/>\n<meta property=\"og:title\" content=\"Kranich tempor\u00e4re Tattoos\" \/>\n<meta property=\"og:description\" content=\"Verleihen Sie Ihrem Stil mit unseren Kranich-Fake-Tattoos eine Note von Eleganz und Symbolik. Diese wundersch\u00f6nen Tattoos zeigen den anmutigen und majest\u00e4tischen Kranich, ein Symbol f\u00fcr Langlebigkeit, Weisheit und Frieden in vielen Kulturen.  Unsere hochwertigen Fake-Tattoos sind einfach anzuwenden und halten mehrere Tage, so dass Sie Ihr sch\u00f6nes Design ohne die Verpflichtung eines permanenten Tattoos zeigen k\u00f6nnen. Die Tattoos bestehen aus sicheren, ungiftigen Materialien, die sanft zu Ihrer Haut sind, so dass Sie sie mit Zuversicht tragen k\u00f6nnen. Ob Sie nach einem bedeutungsvollen Tattoo-Design suchen oder einfach nur Ihrem Outfit etwas Flair verleihen m\u00f6chten, unsere tempor\u00e4ren Kranich-Tattoos sind eine gro\u00dfartige Wahl. Sie sind einzigartig und nachdenklich als Geschenk f\u00fcr Freunde, Familie oder jeden, der die Sch\u00f6nheit und Symbolik dieses ikonischen Vogels sch\u00e4tzt. Bestellen Sie Ihre tempor\u00e4ren Kranichtattoos noch heute und genie\u00dfen Sie die Sch\u00f6nheit und Symbolik dieses zeitlosen Designs!  Bestellen Sie Crane Fake Tattoos  Hat ein Kranich-Tattoo eine Bedeutung? In vielen Kulturen ist der Kranich ein Symbol f\u00fcr Langlebigkeit, Anmut und Weisheit. In der japanischen Kultur ist der Kranich zum Beispiel ein bedeutendes Symbol und wird oft mit Gl\u00fcck und Langlebigkeit sowie Frieden und Gl\u00fcck verbunden. Der Kranich wird auch als heilige Kreatur in einigen Native American-Kulturen angesehen und ist mit Weisheit, Spiritualit\u00e4t und Kommunikation mit dem G\u00f6ttlichen verbunden.  Ein Kranich-Tattoo kann daher eine oder mehrere dieser Bedeutungen darstellen, je nach den pers\u00f6nlichen \u00dcberzeugungen und Werten des Einzelnen. Es kann auch andere Dinge repr\u00e4sentieren, wie St\u00e4rke, Widerstandsf\u00e4higkeit oder Unabh\u00e4ngigkeit. Das Design des Tattoos kann auch seine Bedeutung beeinflussen, da verschiedene Arten von Kranichen oder verschiedene Einstellungen unterschiedliche Botschaften vermitteln k\u00f6nnen. Letztendlich ist die Bedeutung eines Kranich-Tattoos einzigartig f\u00fcr die Person, die es tr\u00e4gt, und kann eine pers\u00f6nliche Bedeutung haben, die auf ihren Erfahrungen und \u00dcberzeugungen basiert.  Blattgr\u00f6\u00dfe: A5 Anzahl der Tattoos: 13 Gr\u00f6\u00dfter Kran: 77x70mm\" \/>\n<meta property=\"og:url\" content=\"https:\/\/likeink.com\/de\/tatowierungen\/kranich-temporaere-tattoos\/\" \/>\n<meta property=\"og:site_name\" content=\"Like ink\" \/>\n<meta property=\"article:publisher\" content=\"https:\/\/www.facebook.com\/LikeInkSe\" \/>\n<meta property=\"article:modified_time\" content=\"2026-03-17T12:14:06+00:00\" \/>\n<meta property=\"og:image\" content=\"https:\/\/likeink.com\/wp-content\/uploads\/2023\/02\/Tranor-Likeink-Gnuggisar.jpg\" \/>\n\t<meta property=\"og:image:width\" content=\"1200\" \/>\n\t<meta property=\"og:image:height\" content=\"845\" \/>\n\t<meta property=\"og:image:type\" content=\"image\/jpeg\" \/>\n<meta name=\"twitter:card\" content=\"summary_large_image\" \/>\n<script type=\"application\/ld+json\" class=\"yoast-schema-graph\">{\"@context\":\"https:\\\/\\\/schema.org\",\"@graph\":[{\"@type\":\"WebPage\",\"@id\":\"https:\\\/\\\/likeink.com\\\/de\\\/tatowierungen\\\/kranich-temporaere-tattoos\\\/\",\"url\":\"https:\\\/\\\/likeink.com\\\/de\\\/tatowierungen\\\/kranich-temporaere-tattoos\\\/\",\"name\":\"Kranich tempor\u00e4re Tattoos A5-Bogen I schnelle Lieferung - Like ink\",\"isPartOf\":{\"@id\":\"https:\\\/\\\/likeink.com\\\/de\\\/#website\"},\"primaryImageOfPage\":{\"@id\":\"https:\\\/\\\/likeink.com\\\/de\\\/tatowierungen\\\/kranich-temporaere-tattoos\\\/#primaryimage\"},\"image\":{\"@id\":\"https:\\\/\\\/likeink.com\\\/de\\\/tatowierungen\\\/kranich-temporaere-tattoos\\\/#primaryimage\"},\"thumbnailUrl\":\"https:\\\/\\\/likeink.com\\\/wp-content\\\/uploads\\\/2023\\\/02\\\/Tranor-Likeink-Gnuggisar.jpg\",\"datePublished\":\"2023-02-16T13:15:31+00:00\",\"dateModified\":\"2026-03-17T12:14:06+00:00\",\"description\":\"Kranich tempor\u00e4re Tattoos auf einem A5-Blatt platziert. Bestellen Sie noch heute Ihre tempor\u00e4ren Kranichtattoos und genie\u00dfen Sie die Sch\u00f6nheit und Symbolik dieses zeitlosen Designs! - Like ink\",\"breadcrumb\":{\"@id\":\"https:\\\/\\\/likeink.com\\\/de\\\/tatowierungen\\\/kranich-temporaere-tattoos\\\/#breadcrumb\"},\"inLanguage\":\"de\",\"potentialAction\":[{\"@type\":\"ReadAction\",\"target\":[\"https:\\\/\\\/likeink.com\\\/de\\\/tatowierungen\\\/kranich-temporaere-tattoos\\\/\"]}]},{\"@type\":\"ImageObject\",\"inLanguage\":\"de\",\"@id\":\"https:\\\/\\\/likeink.com\\\/de\\\/tatowierungen\\\/kranich-temporaere-tattoos\\\/#primaryimage\",\"url\":\"https:\\\/\\\/likeink.com\\\/wp-content\\\/uploads\\\/2023\\\/02\\\/Tranor-Likeink-Gnuggisar.jpg\",\"contentUrl\":\"https:\\\/\\\/likeink.com\\\/wp-content\\\/uploads\\\/2023\\\/02\\\/Tranor-Likeink-Gnuggisar.jpg\",\"width\":1200,\"height\":845,\"caption\":\"Nep Tattoo Kranich.\"},{\"@type\":\"BreadcrumbList\",\"@id\":\"https:\\\/\\\/likeink.com\\\/de\\\/tatowierungen\\\/kranich-temporaere-tattoos\\\/#breadcrumb\",\"itemListElement\":[{\"@type\":\"ListItem\",\"position\":1,\"name\":\"Hem\",\"item\":\"https:\\\/\\\/likeink.com\\\/de\\\/\"},{\"@type\":\"ListItem\",\"position\":2,\"name\":\"Shop\",\"item\":\"https:\\\/\\\/likeink.com\\\/de\\\/shop\\\/\"},{\"@type\":\"ListItem\",\"position\":3,\"name\":\"Kranich tempor\u00e4re Tattoos\"}]},{\"@type\":\"WebSite\",\"@id\":\"https:\\\/\\\/likeink.com\\\/de\\\/#website\",\"url\":\"https:\\\/\\\/likeink.com\\\/de\\\/\",\"name\":\"Like ink\",\"description\":\"Gestalten Sie Ihre eigenen tempor\u00e4ren Tattoos\",\"potentialAction\":[{\"@type\":\"SearchAction\",\"target\":{\"@type\":\"EntryPoint\",\"urlTemplate\":\"https:\\\/\\\/likeink.com\\\/de\\\/?s={search_term_string}\"},\"query-input\":{\"@type\":\"PropertyValueSpecification\",\"valueRequired\":true,\"valueName\":\"search_term_string\"}}],\"inLanguage\":\"de\"}]}<\/script>\n<!-- \/ Yoast SEO Premium plugin. -->","yoast_head_json":{"title":"Kranich tempor\u00e4re Tattoos A5-Bogen I schnelle Lieferung - Like ink","description":"Kranich tempor\u00e4re Tattoos auf einem A5-Blatt platziert. Bestellen Sie noch heute Ihre tempor\u00e4ren Kranichtattoos und genie\u00dfen Sie die Sch\u00f6nheit und Symbolik dieses zeitlosen Designs! - Like ink","robots":{"index":"index","follow":"follow","max-snippet":"max-snippet:-1","max-image-preview":"max-image-preview:large","max-video-preview":"max-video-preview:-1"},"canonical":"https:\/\/likeink.com\/de\/tatowierungen\/kranich-temporaere-tattoos\/","og_locale":"de_DE","og_type":"article","og_title":"Kranich tempor\u00e4re Tattoos","og_description":"Verleihen Sie Ihrem Stil mit unseren Kranich-Fake-Tattoos eine Note von Eleganz und Symbolik. Diese wundersch\u00f6nen Tattoos zeigen den anmutigen und majest\u00e4tischen Kranich, ein Symbol f\u00fcr Langlebigkeit, Weisheit und Frieden in vielen Kulturen.  Unsere hochwertigen Fake-Tattoos sind einfach anzuwenden und halten mehrere Tage, so dass Sie Ihr sch\u00f6nes Design ohne die Verpflichtung eines permanenten Tattoos zeigen k\u00f6nnen. Die Tattoos bestehen aus sicheren, ungiftigen Materialien, die sanft zu Ihrer Haut sind, so dass Sie sie mit Zuversicht tragen k\u00f6nnen. Ob Sie nach einem bedeutungsvollen Tattoo-Design suchen oder einfach nur Ihrem Outfit etwas Flair verleihen m\u00f6chten, unsere tempor\u00e4ren Kranich-Tattoos sind eine gro\u00dfartige Wahl. Sie sind einzigartig und nachdenklich als Geschenk f\u00fcr Freunde, Familie oder jeden, der die Sch\u00f6nheit und Symbolik dieses ikonischen Vogels sch\u00e4tzt. Bestellen Sie Ihre tempor\u00e4ren Kranichtattoos noch heute und genie\u00dfen Sie die Sch\u00f6nheit und Symbolik dieses zeitlosen Designs!  Bestellen Sie Crane Fake Tattoos  Hat ein Kranich-Tattoo eine Bedeutung? In vielen Kulturen ist der Kranich ein Symbol f\u00fcr Langlebigkeit, Anmut und Weisheit. In der japanischen Kultur ist der Kranich zum Beispiel ein bedeutendes Symbol und wird oft mit Gl\u00fcck und Langlebigkeit sowie Frieden und Gl\u00fcck verbunden. Der Kranich wird auch als heilige Kreatur in einigen Native American-Kulturen angesehen und ist mit Weisheit, Spiritualit\u00e4t und Kommunikation mit dem G\u00f6ttlichen verbunden.  Ein Kranich-Tattoo kann daher eine oder mehrere dieser Bedeutungen darstellen, je nach den pers\u00f6nlichen \u00dcberzeugungen und Werten des Einzelnen. Es kann auch andere Dinge repr\u00e4sentieren, wie St\u00e4rke, Widerstandsf\u00e4higkeit oder Unabh\u00e4ngigkeit. Das Design des Tattoos kann auch seine Bedeutung beeinflussen, da verschiedene Arten von Kranichen oder verschiedene Einstellungen unterschiedliche Botschaften vermitteln k\u00f6nnen. Letztendlich ist die Bedeutung eines Kranich-Tattoos einzigartig f\u00fcr die Person, die es tr\u00e4gt, und kann eine pers\u00f6nliche Bedeutung haben, die auf ihren Erfahrungen und \u00dcberzeugungen basiert.  Blattgr\u00f6\u00dfe: A5 Anzahl der Tattoos: 13 Gr\u00f6\u00dfter Kran: 77x70mm","og_url":"https:\/\/likeink.com\/de\/tatowierungen\/kranich-temporaere-tattoos\/","og_site_name":"Like ink","article_publisher":"https:\/\/www.facebook.com\/LikeInkSe","article_modified_time":"2026-03-17T12:14:06+00:00","og_image":[{"width":1200,"height":845,"url":"https:\/\/likeink.com\/wp-content\/uploads\/2023\/02\/Tranor-Likeink-Gnuggisar.jpg","type":"image\/jpeg"}],"twitter_card":"summary_large_image","schema":{"@context":"https:\/\/schema.org","@graph":[{"@type":"WebPage","@id":"https:\/\/likeink.com\/de\/tatowierungen\/kranich-temporaere-tattoos\/","url":"https:\/\/likeink.com\/de\/tatowierungen\/kranich-temporaere-tattoos\/","name":"Kranich tempor\u00e4re Tattoos A5-Bogen I schnelle Lieferung - Like ink","isPartOf":{"@id":"https:\/\/likeink.com\/de\/#website"},"primaryImageOfPage":{"@id":"https:\/\/likeink.com\/de\/tatowierungen\/kranich-temporaere-tattoos\/#primaryimage"},"image":{"@id":"https:\/\/likeink.com\/de\/tatowierungen\/kranich-temporaere-tattoos\/#primaryimage"},"thumbnailUrl":"https:\/\/likeink.com\/wp-content\/uploads\/2023\/02\/Tranor-Likeink-Gnuggisar.jpg","datePublished":"2023-02-16T13:15:31+00:00","dateModified":"2026-03-17T12:14:06+00:00","description":"Kranich tempor\u00e4re Tattoos auf einem A5-Blatt platziert. Bestellen Sie noch heute Ihre tempor\u00e4ren Kranichtattoos und genie\u00dfen Sie die Sch\u00f6nheit und Symbolik dieses zeitlosen Designs! - Like ink","breadcrumb":{"@id":"https:\/\/likeink.com\/de\/tatowierungen\/kranich-temporaere-tattoos\/#breadcrumb"},"inLanguage":"de","potentialAction":[{"@type":"ReadAction","target":["https:\/\/likeink.com\/de\/tatowierungen\/kranich-temporaere-tattoos\/"]}]},{"@type":"ImageObject","inLanguage":"de","@id":"https:\/\/likeink.com\/de\/tatowierungen\/kranich-temporaere-tattoos\/#primaryimage","url":"https:\/\/likeink.com\/wp-content\/uploads\/2023\/02\/Tranor-Likeink-Gnuggisar.jpg","contentUrl":"https:\/\/likeink.com\/wp-content\/uploads\/2023\/02\/Tranor-Likeink-Gnuggisar.jpg","width":1200,"height":845,"caption":"Nep Tattoo Kranich."},{"@type":"BreadcrumbList","@id":"https:\/\/likeink.com\/de\/tatowierungen\/kranich-temporaere-tattoos\/#breadcrumb","itemListElement":[{"@type":"ListItem","position":1,"name":"Hem","item":"https:\/\/likeink.com\/de\/"},{"@type":"ListItem","position":2,"name":"Shop","item":"https:\/\/likeink.com\/de\/shop\/"},{"@type":"ListItem","position":3,"name":"Kranich tempor\u00e4re Tattoos"}]},{"@type":"WebSite","@id":"https:\/\/likeink.com\/de\/#website","url":"https:\/\/likeink.com\/de\/","name":"Like ink","description":"Gestalten Sie Ihre eigenen tempor\u00e4ren Tattoos","potentialAction":[{"@type":"SearchAction","target":{"@type":"EntryPoint","urlTemplate":"https:\/\/likeink.com\/de\/?s={search_term_string}"},"query-input":{"@type":"PropertyValueSpecification","valueRequired":true,"valueName":"search_term_string"}}],"inLanguage":"de"}]}},"_links":{"self":[{"href":"https:\/\/likeink.com\/de\/wp-json\/wp\/v2\/product\/15420","targetHints":{"allow":["GET"]}}],"collection":[{"href":"https:\/\/likeink.com\/de\/wp-json\/wp\/v2\/product"}],"about":[{"href":"https:\/\/likeink.com\/de\/wp-json\/wp\/v2\/types\/product"}],"wp:featuredmedia":[{"embeddable":true,"href":"https:\/\/likeink.com\/de\/wp-json\/wp\/v2\/media\/15413"}],"wp:attachment":[{"href":"https:\/\/likeink.com\/de\/wp-json\/wp\/v2\/media?parent=15420"}],"wp:term":[{"taxonomy":"product_brand","embeddable":true,"href":"https:\/\/likeink.com\/de\/wp-json\/wp\/v2\/product_brand?post=15420"},{"taxonomy":"product_cat","embeddable":true,"href":"https:\/\/likeink.com\/de\/wp-json\/wp\/v2\/product_cat?post=15420"},{"taxonomy":"product_tag","embeddable":true,"href":"https:\/\/likeink.com\/de\/wp-json\/wp\/v2\/product_tag?post=15420"}],"curies":[{"name":"wp","href":"https:\/\/api.w.org\/{rel}","templated":true}]}}