{"id":16016,"date":"2023-03-31T18:10:09","date_gmt":"2023-03-31T18:10:09","guid":{"rendered":"https:\/\/likeink.se\/produkt\/flash-grim-reaper-tattoo-by-kain\/"},"modified":"2026-04-27T14:36:06","modified_gmt":"2026-04-27T14:36:06","slug":"grim-reaper-tattoo","status":"publish","type":"product","link":"https:\/\/likeink.com\/de\/tatowierungen\/grim-reaper-tattoo\/","title":{"rendered":"Flash &#8220;Grim Reaper&#8221; by Kain at Zoi Tattoo"},"content":{"rendered":"","protected":false},"excerpt":{"rendered":"<p>Unsere fertigen Einwegb\u00f6gen mit tempor\u00e4ren Tattoos sind 20\u00d714 cm gro\u00df und mit dem Design gef\u00fcllt, das du auf dem Bild siehst. Wir drucken und versenden den Bogen innerhalb von 24 Stunden nach deiner Bestellung.<\/p>\n<h2>Bestelle tempor\u00e4re Tattoos mit Sensenmann, Schlange und Totenkopf<\/h2>\n<p>Dieser Bogen wurde vom talentierten T\u00e4towierer Kain Toro bei Zoi Tattoo entworfen.<\/p>\n<p><strong>Das ist Kain:<\/strong> Ein \u00e4u\u00dferst talentierter T\u00e4towierer aus Kolumbien, der bei Zoi Tattoo in Malm\u00f6, Schweden arbeitet. Kain liebt Black and Grey, Totenk\u00f6pfe und Rock\u2019n\u2019Roll. Vor ein paar Jahren hat Kain einen Anker auf meinen Unterarm t\u00e4towiert. Ich war beeindruckt, wie schnell er t\u00e4towierte, wie fein die Linien wurden und von seinem Gesp\u00fcr f\u00fcr Details.<br \/>\nWir freuen uns sehr, einige von Kains Designs als tempor\u00e4re Tattoos anbieten zu k\u00f6nnen!<\/p>\n<p><strong>Kontakt zu Kain:<\/strong><\/p>\n<p><strong>Instagram:<\/strong><\/p>\n<p>@6kain6<\/p>\n<p><strong>Studio:<\/strong><\/p>\n<p>Zoi Tattoo<\/p>\n<p><strong>Adresse:<\/strong><\/p>\n<p>Stora Nygatan 42, MALM\u00d6<\/p>\n<p><strong>Webseite:<\/strong> https:\/\/www.zoitattoo.com<\/p>\n","protected":false},"featured_media":16007,"template":"","meta":[],"product_brand":[],"product_cat":[55,503],"product_tag":[],"class_list":{"0":"post-16016","1":"product","2":"type-product","3":"status-publish","4":"has-post-thumbnail","6":"product_cat-fertige-boegen","7":"product_cat-kooperationen-mit-taetowierern","9":"first","10":"instock","11":"taxable","12":"shipping-taxable","13":"purchasable","14":"product-type-simple"},"yoast_head":"<!-- This site is optimized with the Yoast SEO Premium plugin v27.5 (Yoast SEO v27.6) - https:\/\/yoast.com\/product\/yoast-seo-premium-wordpress\/ -->\n<title>Flash &#039;Grim Reaper&#039; von Kain bei Zoi Tattoo A5 - Like ink<\/title>\n<meta name=\"description\" content=\"Bestellen Sie ein Grim Reaper-Tattoo zusammen mit einem Sch\u00e4del- und Schlangen-Design vom talentierten T\u00e4towierer Kain - Like ink\" \/>\n<meta name=\"robots\" content=\"index, follow, max-snippet:-1, max-image-preview:large, max-video-preview:-1\" \/>\n<link rel=\"canonical\" href=\"https:\/\/likeink.com\/de\/tatowierungen\/grim-reaper-tattoo\/\" \/>\n<meta property=\"og:locale\" content=\"de_DE\" \/>\n<meta property=\"og:type\" content=\"article\" \/>\n<meta property=\"og:title\" content=\"Flash &quot;Grim Reaper&quot; by Kain at Zoi Tattoo\" \/>\n<meta property=\"og:description\" content=\"Unsere fertigen Einwegb\u00f6gen mit tempor\u00e4ren Tattoos sind 20\u00d714 cm gro\u00df und mit dem Design gef\u00fcllt, das du auf dem Bild siehst. Wir drucken und versenden den Bogen innerhalb von 24 Stunden nach deiner Bestellung. Bestelle tempor\u00e4re Tattoos mit Sensenmann, Schlange und Totenkopf Dieser Bogen wurde vom talentierten T\u00e4towierer Kain Toro bei Zoi Tattoo entworfen.  Das ist Kain: Ein \u00e4u\u00dferst talentierter T\u00e4towierer aus Kolumbien, der bei Zoi Tattoo in Malm\u00f6, Schweden arbeitet. Kain liebt Black and Grey, Totenk\u00f6pfe und Rock\u2019n\u2019Roll. Vor ein paar Jahren hat Kain einen Anker auf meinen Unterarm t\u00e4towiert. Ich war beeindruckt, wie schnell er t\u00e4towierte, wie fein die Linien wurden und von seinem Gesp\u00fcr f\u00fcr Details. Wir freuen uns sehr, einige von Kains Designs als tempor\u00e4re Tattoos anbieten zu k\u00f6nnen!  Kontakt zu Kain:  Instagram:  @6kain6  Studio:  Zoi Tattoo  Adresse:  Stora Nygatan 42, MALM\u00d6  Webseite: https:\/\/www.zoitattoo.com\" \/>\n<meta property=\"og:url\" content=\"https:\/\/likeink.com\/de\/tatowierungen\/grim-reaper-tattoo\/\" \/>\n<meta property=\"og:site_name\" content=\"Like ink\" \/>\n<meta property=\"article:publisher\" content=\"https:\/\/www.facebook.com\/LikeInkSe\" \/>\n<meta property=\"article:modified_time\" content=\"2026-04-27T14:36:06+00:00\" \/>\n<meta property=\"og:image\" content=\"https:\/\/likeink.com\/wp-content\/uploads\/2023\/03\/Kain-Liemannen-Tatuering-Likeink.jpg\" \/>\n\t<meta property=\"og:image:width\" content=\"1100\" \/>\n\t<meta property=\"og:image:height\" content=\"775\" \/>\n\t<meta property=\"og:image:type\" content=\"image\/jpeg\" \/>\n<meta name=\"twitter:card\" content=\"summary_large_image\" \/>\n<meta name=\"twitter:label1\" content=\"Gesch\u00e4tzte Lesezeit\" \/>\n\t<meta name=\"twitter:data1\" content=\"1\u00a0Minute\" \/>\n<!-- \/ Yoast SEO Premium plugin. -->","yoast_head_json":{"title":"Flash 'Grim Reaper' von Kain bei Zoi Tattoo A5 - Like ink","description":"Bestellen Sie ein Grim Reaper-Tattoo zusammen mit einem Sch\u00e4del- und Schlangen-Design vom talentierten T\u00e4towierer Kain - Like ink","robots":{"index":"index","follow":"follow","max-snippet":"max-snippet:-1","max-image-preview":"max-image-preview:large","max-video-preview":"max-video-preview:-1"},"canonical":"https:\/\/likeink.com\/de\/tatowierungen\/grim-reaper-tattoo\/","og_locale":"de_DE","og_type":"article","og_title":"Flash \"Grim Reaper\" by Kain at Zoi Tattoo","og_description":"Unsere fertigen Einwegb\u00f6gen mit tempor\u00e4ren Tattoos sind 20\u00d714 cm gro\u00df und mit dem Design gef\u00fcllt, das du auf dem Bild siehst. Wir drucken und versenden den Bogen innerhalb von 24 Stunden nach deiner Bestellung. Bestelle tempor\u00e4re Tattoos mit Sensenmann, Schlange und Totenkopf Dieser Bogen wurde vom talentierten T\u00e4towierer Kain Toro bei Zoi Tattoo entworfen.  Das ist Kain: Ein \u00e4u\u00dferst talentierter T\u00e4towierer aus Kolumbien, der bei Zoi Tattoo in Malm\u00f6, Schweden arbeitet. Kain liebt Black and Grey, Totenk\u00f6pfe und Rock\u2019n\u2019Roll. Vor ein paar Jahren hat Kain einen Anker auf meinen Unterarm t\u00e4towiert. Ich war beeindruckt, wie schnell er t\u00e4towierte, wie fein die Linien wurden und von seinem Gesp\u00fcr f\u00fcr Details. Wir freuen uns sehr, einige von Kains Designs als tempor\u00e4re Tattoos anbieten zu k\u00f6nnen!  Kontakt zu Kain:  Instagram:  @6kain6  Studio:  Zoi Tattoo  Adresse:  Stora Nygatan 42, MALM\u00d6  Webseite: https:\/\/www.zoitattoo.com","og_url":"https:\/\/likeink.com\/de\/tatowierungen\/grim-reaper-tattoo\/","og_site_name":"Like ink","article_publisher":"https:\/\/www.facebook.com\/LikeInkSe","article_modified_time":"2026-04-27T14:36:06+00:00","og_image":[{"width":1100,"height":775,"url":"https:\/\/likeink.com\/wp-content\/uploads\/2023\/03\/Kain-Liemannen-Tatuering-Likeink.jpg","type":"image\/jpeg"}],"twitter_card":"summary_large_image","twitter_misc":{"Gesch\u00e4tzte Lesezeit":"1\u00a0Minute"},"schema":{"@context":"https:\/\/schema.org","@graph":[{"@type":"WebPage","@id":"https:\/\/likeink.com\/de\/tatowierungen\/grim-reaper-tattoo\/","url":"https:\/\/likeink.com\/de\/tatowierungen\/grim-reaper-tattoo\/","name":"Flash 'Grim Reaper' von Kain bei Zoi Tattoo A5 - Like ink","isPartOf":{"@id":"https:\/\/likeink.com\/de\/#website"},"primaryImageOfPage":{"@id":"https:\/\/likeink.com\/de\/tatowierungen\/grim-reaper-tattoo\/#primaryimage"},"image":{"@id":"https:\/\/likeink.com\/de\/tatowierungen\/grim-reaper-tattoo\/#primaryimage"},"thumbnailUrl":"https:\/\/likeink.com\/wp-content\/uploads\/2023\/03\/Kain-Liemannen-Tatuering-Likeink.jpg","datePublished":"2023-03-31T18:10:09+00:00","dateModified":"2026-04-27T14:36:06+00:00","description":"Bestellen Sie ein Grim Reaper-Tattoo zusammen mit einem Sch\u00e4del- und Schlangen-Design vom talentierten T\u00e4towierer Kain - Like ink","breadcrumb":{"@id":"https:\/\/likeink.com\/de\/tatowierungen\/grim-reaper-tattoo\/#breadcrumb"},"inLanguage":"de","potentialAction":[{"@type":"ReadAction","target":["https:\/\/likeink.com\/de\/tatowierungen\/grim-reaper-tattoo\/"]}]},{"@type":"ImageObject","inLanguage":"de","@id":"https:\/\/likeink.com\/de\/tatowierungen\/grim-reaper-tattoo\/#primaryimage","url":"https:\/\/likeink.com\/wp-content\/uploads\/2023\/03\/Kain-Liemannen-Tatuering-Likeink.jpg","contentUrl":"https:\/\/likeink.com\/wp-content\/uploads\/2023\/03\/Kain-Liemannen-Tatuering-Likeink.jpg","width":1100,"height":775,"caption":"Tattoos des T\u00e4towierers Liemannens Sch\u00e4del."},{"@type":"BreadcrumbList","@id":"https:\/\/likeink.com\/de\/tatowierungen\/grim-reaper-tattoo\/#breadcrumb","itemListElement":[{"@type":"ListItem","position":1,"name":"Hem","item":"https:\/\/likeink.com\/de\/"},{"@type":"ListItem","position":2,"name":"Shop","item":"https:\/\/likeink.com\/de\/shop\/"},{"@type":"ListItem","position":3,"name":"Flash &#8220;Grim Reaper&#8221; by Kain at Zoi Tattoo"}]},{"@type":"WebSite","@id":"https:\/\/likeink.com\/de\/#website","url":"https:\/\/likeink.com\/de\/","name":"Like ink","description":"Gestalten Sie Ihre eigenen tempor\u00e4ren Tattoos","potentialAction":[{"@type":"SearchAction","target":{"@type":"EntryPoint","urlTemplate":"https:\/\/likeink.com\/de\/?s={search_term_string}"},"query-input":{"@type":"PropertyValueSpecification","valueRequired":true,"valueName":"search_term_string"}}],"inLanguage":"de"}]}},"_links":{"self":[{"href":"https:\/\/likeink.com\/de\/wp-json\/wp\/v2\/product\/16016","targetHints":{"allow":["GET"]}}],"collection":[{"href":"https:\/\/likeink.com\/de\/wp-json\/wp\/v2\/product"}],"about":[{"href":"https:\/\/likeink.com\/de\/wp-json\/wp\/v2\/types\/product"}],"wp:featuredmedia":[{"embeddable":true,"href":"https:\/\/likeink.com\/de\/wp-json\/wp\/v2\/media\/16007"}],"wp:attachment":[{"href":"https:\/\/likeink.com\/de\/wp-json\/wp\/v2\/media?parent=16016"}],"wp:term":[{"taxonomy":"product_brand","embeddable":true,"href":"https:\/\/likeink.com\/de\/wp-json\/wp\/v2\/product_brand?post=16016"},{"taxonomy":"product_cat","embeddable":true,"href":"https:\/\/likeink.com\/de\/wp-json\/wp\/v2\/product_cat?post=16016"},{"taxonomy":"product_tag","embeddable":true,"href":"https:\/\/likeink.com\/de\/wp-json\/wp\/v2\/product_tag?post=16016"}],"curies":[{"name":"wp","href":"https:\/\/api.w.org\/{rel}","templated":true}]}}