{"id":17046,"date":"2023-04-19T15:58:19","date_gmt":"2023-04-19T15:58:19","guid":{"rendered":"https:\/\/likeink.se\/produkt\/flash-mix-sheet-by-zoi-tattoo\/"},"modified":"2026-04-27T11:27:16","modified_gmt":"2026-04-27T11:27:16","slug":"flash-sheet-by-zoi-tattoo","status":"publish","type":"product","link":"https:\/\/likeink.com\/de\/tatowierungen\/flash-sheet-by-zoi-tattoo\/","title":{"rendered":"Flash &#8220;Mix Sheet&#8221; by Zoi Tattoo"},"content":{"rendered":"","protected":false},"excerpt":{"rendered":"<p>Die fertigen B\u00f6gen mit tempor\u00e4ren Tattoos von Like Ink sind etwa 20&#215;14 cm gro\u00df und enthalten die Designs, die du auf dem Bild siehst. Wir drucken und versenden deinen Bogen mit diesen stilvollen Tattoos innerhalb von 24 Stunden nach deiner Bestellung. Die Tattoos sehen gut aus, sind von hoher Qualit\u00e4t und lassen sich einfach anbringen und wieder entfernen. Like Ink erf\u00fcllt alle EU Vorschriften f\u00fcr kosmetische Produkte, sodass du mit gutem Gef\u00fchl bei uns bestellen kannst.<\/p>\n<p>Bei Like Ink arbeiten wir mit mehreren T\u00e4towierern von Zoi Tattoo zusammen, und dieser Bogen ist eine Mischung aus einzigartigen Designs, die von vier verschiedenen T\u00e4towierern erstellt wurden, Kain, Oliver, Dominic und Nicklas.<\/p>\n<p>Zoi Tattoo in Malm\u00f6 ist ein Tattoostudio mit einem eigenen Team von 15 erfahrenen T\u00e4towierern. Jeder hat seinen eigenen Stil, sodass es unabh\u00e4ngig von deinen Vorlieben f\u00fcr Stil und Design bei Zoi immer einen T\u00e4towierer gibt, der dir helfen kann, dein Traum Tattoo zu verwirklichen. Au\u00dferdem wird Zoi regelm\u00e4\u00dfig von bekannten Gast T\u00e4towierern aus der ganzen Welt besucht.<\/p>\n<h2>Bestelle tempor\u00e4re Tattoos, entworfen von einigen der T\u00e4towierer bei Zoi Tattoo<\/h2>\n<p>Echte T\u00e4towierer entwerfen tempor\u00e4re Tattoos f\u00fcr Like Ink<br \/>\nIn der Welt der K\u00f6rperkunst ver\u00e4ndert die Zusammenarbeit zwischen echten T\u00e4towierern und Like Ink die Branche, indem hochwertige tempor\u00e4re Tattoos f\u00fcr alle geschaffen werden, die sich noch nicht f\u00fcr ein dauerhaftes Tattoo entscheiden m\u00f6chten.<\/p>\n<p>Die Zusammenarbeit mit diesen talentierten K\u00fcnstlern erm\u00f6glicht es Like Ink, eine gro\u00dfe Auswahl an detaillierten und auff\u00e4lligen Designs anzubieten, die die Qualit\u00e4t und Kunstfertigkeit echter Tattoos widerspiegeln.<\/p>\n<p><strong>Kontakt zu Zoi Tattoo:<\/strong><\/p>\n<p><strong>Instagram:<\/strong><\/p>\n<p>@zoitattoo<\/p>\n<p><strong>Studio:<\/strong><\/p>\n<p>Zoi Tattoo<\/p>\n<p><strong>Web:<\/strong><\/p>\n<p>https:\/\/www.zoitattoo.com<\/p>\n<p><strong>Adresse:<\/strong><\/p>\n<p>Sora Nygatan 42, Malm\u00f6<\/p>\n","protected":false},"featured_media":16985,"template":"","meta":[],"product_brand":[],"product_cat":[55,503],"product_tag":[],"class_list":{"0":"post-17046","1":"product","2":"type-product","3":"status-publish","4":"has-post-thumbnail","6":"product_cat-fertige-boegen","7":"product_cat-kooperationen-mit-taetowierern","9":"first","10":"instock","11":"taxable","12":"shipping-taxable","13":"purchasable","14":"product-type-simple"},"yoast_head":"<!-- This site is optimized with the Yoast SEO Premium plugin v27.5 (Yoast SEO v27.6) - https:\/\/yoast.com\/product\/yoast-seo-premium-wordpress\/ -->\n<title>Flash &quot;Mix Sheet&quot; by Zoi Tattoo - Like ink<\/title>\n<meta name=\"description\" content=\"Bestellen Sie tempor\u00e4re Tattoos, die von vier Tattoo-K\u00fcnstlern aus dem Studio Zoi Tattoo entworfen wurden. Echte Fake-Tattoos! - Like ink\" \/>\n<meta name=\"robots\" content=\"index, follow, max-snippet:-1, max-image-preview:large, max-video-preview:-1\" \/>\n<link rel=\"canonical\" href=\"https:\/\/likeink.com\/de\/tatowierungen\/flash-sheet-by-zoi-tattoo\/\" \/>\n<meta property=\"og:locale\" content=\"de_DE\" \/>\n<meta property=\"og:type\" content=\"article\" \/>\n<meta property=\"og:title\" content=\"Flash &quot;Mix Sheet&quot; by Zoi Tattoo\" \/>\n<meta property=\"og:description\" content=\"Die fertigen B\u00f6gen mit tempor\u00e4ren Tattoos von Like Ink sind etwa 20x14 cm gro\u00df und enthalten die Designs, die du auf dem Bild siehst. Wir drucken und versenden deinen Bogen mit diesen stilvollen Tattoos innerhalb von 24 Stunden nach deiner Bestellung. Die Tattoos sehen gut aus, sind von hoher Qualit\u00e4t und lassen sich einfach anbringen und wieder entfernen. Like Ink erf\u00fcllt alle EU Vorschriften f\u00fcr kosmetische Produkte, sodass du mit gutem Gef\u00fchl bei uns bestellen kannst.  Bei Like Ink arbeiten wir mit mehreren T\u00e4towierern von Zoi Tattoo zusammen, und dieser Bogen ist eine Mischung aus einzigartigen Designs, die von vier verschiedenen T\u00e4towierern erstellt wurden, Kain, Oliver, Dominic und Nicklas.  Zoi Tattoo in Malm\u00f6 ist ein Tattoostudio mit einem eigenen Team von 15 erfahrenen T\u00e4towierern. Jeder hat seinen eigenen Stil, sodass es unabh\u00e4ngig von deinen Vorlieben f\u00fcr Stil und Design bei Zoi immer einen T\u00e4towierer gibt, der dir helfen kann, dein Traum Tattoo zu verwirklichen. Au\u00dferdem wird Zoi regelm\u00e4\u00dfig von bekannten Gast T\u00e4towierern aus der ganzen Welt besucht.  Bestelle tempor\u00e4re Tattoos, entworfen von einigen der T\u00e4towierer bei Zoi Tattoo  Echte T\u00e4towierer entwerfen tempor\u00e4re Tattoos f\u00fcr Like Ink In der Welt der K\u00f6rperkunst ver\u00e4ndert die Zusammenarbeit zwischen echten T\u00e4towierern und Like Ink die Branche, indem hochwertige tempor\u00e4re Tattoos f\u00fcr alle geschaffen werden, die sich noch nicht f\u00fcr ein dauerhaftes Tattoo entscheiden m\u00f6chten.  Die Zusammenarbeit mit diesen talentierten K\u00fcnstlern erm\u00f6glicht es Like Ink, eine gro\u00dfe Auswahl an detaillierten und auff\u00e4lligen Designs anzubieten, die die Qualit\u00e4t und Kunstfertigkeit echter Tattoos widerspiegeln.  Kontakt zu Zoi Tattoo:  Instagram:  @zoitattoo  Studio:  Zoi Tattoo  Web:  https:\/\/www.zoitattoo.com  Adresse:  Sora Nygatan 42, Malm\u00f6\" \/>\n<meta property=\"og:url\" content=\"https:\/\/likeink.com\/de\/tatowierungen\/flash-sheet-by-zoi-tattoo\/\" \/>\n<meta property=\"og:site_name\" content=\"Like ink\" \/>\n<meta property=\"article:publisher\" content=\"https:\/\/www.facebook.com\/LikeInkSe\" \/>\n<meta property=\"article:modified_time\" content=\"2026-04-27T11:27:16+00:00\" \/>\n<meta property=\"og:image\" content=\"https:\/\/likeink.com\/wp-content\/uploads\/2023\/04\/ZoiTattoo-Mixed-Likeink-faketattoos.jpg\" \/>\n\t<meta property=\"og:image:width\" content=\"2481\" \/>\n\t<meta property=\"og:image:height\" content=\"1749\" \/>\n\t<meta property=\"og:image:type\" content=\"image\/jpeg\" \/>\n<meta name=\"twitter:card\" content=\"summary_large_image\" \/>\n<meta name=\"twitter:label1\" content=\"Gesch\u00e4tzte Lesezeit\" \/>\n\t<meta name=\"twitter:data1\" content=\"1\u00a0Minute\" \/>\n<!-- \/ Yoast SEO Premium plugin. -->","yoast_head_json":{"title":"Flash \"Mix Sheet\" by Zoi Tattoo - Like ink","description":"Bestellen Sie tempor\u00e4re Tattoos, die von vier Tattoo-K\u00fcnstlern aus dem Studio Zoi Tattoo entworfen wurden. Echte Fake-Tattoos! - Like ink","robots":{"index":"index","follow":"follow","max-snippet":"max-snippet:-1","max-image-preview":"max-image-preview:large","max-video-preview":"max-video-preview:-1"},"canonical":"https:\/\/likeink.com\/de\/tatowierungen\/flash-sheet-by-zoi-tattoo\/","og_locale":"de_DE","og_type":"article","og_title":"Flash \"Mix Sheet\" by Zoi Tattoo","og_description":"Die fertigen B\u00f6gen mit tempor\u00e4ren Tattoos von Like Ink sind etwa 20x14 cm gro\u00df und enthalten die Designs, die du auf dem Bild siehst. Wir drucken und versenden deinen Bogen mit diesen stilvollen Tattoos innerhalb von 24 Stunden nach deiner Bestellung. Die Tattoos sehen gut aus, sind von hoher Qualit\u00e4t und lassen sich einfach anbringen und wieder entfernen. Like Ink erf\u00fcllt alle EU Vorschriften f\u00fcr kosmetische Produkte, sodass du mit gutem Gef\u00fchl bei uns bestellen kannst.  Bei Like Ink arbeiten wir mit mehreren T\u00e4towierern von Zoi Tattoo zusammen, und dieser Bogen ist eine Mischung aus einzigartigen Designs, die von vier verschiedenen T\u00e4towierern erstellt wurden, Kain, Oliver, Dominic und Nicklas.  Zoi Tattoo in Malm\u00f6 ist ein Tattoostudio mit einem eigenen Team von 15 erfahrenen T\u00e4towierern. Jeder hat seinen eigenen Stil, sodass es unabh\u00e4ngig von deinen Vorlieben f\u00fcr Stil und Design bei Zoi immer einen T\u00e4towierer gibt, der dir helfen kann, dein Traum Tattoo zu verwirklichen. Au\u00dferdem wird Zoi regelm\u00e4\u00dfig von bekannten Gast T\u00e4towierern aus der ganzen Welt besucht.  Bestelle tempor\u00e4re Tattoos, entworfen von einigen der T\u00e4towierer bei Zoi Tattoo  Echte T\u00e4towierer entwerfen tempor\u00e4re Tattoos f\u00fcr Like Ink In der Welt der K\u00f6rperkunst ver\u00e4ndert die Zusammenarbeit zwischen echten T\u00e4towierern und Like Ink die Branche, indem hochwertige tempor\u00e4re Tattoos f\u00fcr alle geschaffen werden, die sich noch nicht f\u00fcr ein dauerhaftes Tattoo entscheiden m\u00f6chten.  Die Zusammenarbeit mit diesen talentierten K\u00fcnstlern erm\u00f6glicht es Like Ink, eine gro\u00dfe Auswahl an detaillierten und auff\u00e4lligen Designs anzubieten, die die Qualit\u00e4t und Kunstfertigkeit echter Tattoos widerspiegeln.  Kontakt zu Zoi Tattoo:  Instagram:  @zoitattoo  Studio:  Zoi Tattoo  Web:  https:\/\/www.zoitattoo.com  Adresse:  Sora Nygatan 42, Malm\u00f6","og_url":"https:\/\/likeink.com\/de\/tatowierungen\/flash-sheet-by-zoi-tattoo\/","og_site_name":"Like ink","article_publisher":"https:\/\/www.facebook.com\/LikeInkSe","article_modified_time":"2026-04-27T11:27:16+00:00","og_image":[{"width":2481,"height":1749,"url":"https:\/\/likeink.com\/wp-content\/uploads\/2023\/04\/ZoiTattoo-Mixed-Likeink-faketattoos.jpg","type":"image\/jpeg"}],"twitter_card":"summary_large_image","twitter_misc":{"Gesch\u00e4tzte Lesezeit":"1\u00a0Minute"},"schema":{"@context":"https:\/\/schema.org","@graph":[{"@type":"WebPage","@id":"https:\/\/likeink.com\/de\/tatowierungen\/flash-sheet-by-zoi-tattoo\/","url":"https:\/\/likeink.com\/de\/tatowierungen\/flash-sheet-by-zoi-tattoo\/","name":"Flash \"Mix Sheet\" by Zoi Tattoo - Like ink","isPartOf":{"@id":"https:\/\/likeink.com\/de\/#website"},"primaryImageOfPage":{"@id":"https:\/\/likeink.com\/de\/tatowierungen\/flash-sheet-by-zoi-tattoo\/#primaryimage"},"image":{"@id":"https:\/\/likeink.com\/de\/tatowierungen\/flash-sheet-by-zoi-tattoo\/#primaryimage"},"thumbnailUrl":"https:\/\/likeink.com\/wp-content\/uploads\/2023\/04\/ZoiTattoo-Mixed-Likeink-faketattoos.jpg","datePublished":"2023-04-19T15:58:19+00:00","dateModified":"2026-04-27T11:27:16+00:00","description":"Bestellen Sie tempor\u00e4re Tattoos, die von vier Tattoo-K\u00fcnstlern aus dem Studio Zoi Tattoo entworfen wurden. Echte Fake-Tattoos! - Like ink","breadcrumb":{"@id":"https:\/\/likeink.com\/de\/tatowierungen\/flash-sheet-by-zoi-tattoo\/#breadcrumb"},"inLanguage":"de","potentialAction":[{"@type":"ReadAction","target":["https:\/\/likeink.com\/de\/tatowierungen\/flash-sheet-by-zoi-tattoo\/"]}]},{"@type":"ImageObject","inLanguage":"de","@id":"https:\/\/likeink.com\/de\/tatowierungen\/flash-sheet-by-zoi-tattoo\/#primaryimage","url":"https:\/\/likeink.com\/wp-content\/uploads\/2023\/04\/ZoiTattoo-Mixed-Likeink-faketattoos.jpg","contentUrl":"https:\/\/likeink.com\/wp-content\/uploads\/2023\/04\/ZoiTattoo-Mixed-Likeink-faketattoos.jpg","width":2481,"height":1749,"caption":"Zoi Tattoo - Like ink Collab - Fake Tattoos"},{"@type":"BreadcrumbList","@id":"https:\/\/likeink.com\/de\/tatowierungen\/flash-sheet-by-zoi-tattoo\/#breadcrumb","itemListElement":[{"@type":"ListItem","position":1,"name":"Hem","item":"https:\/\/likeink.com\/de\/"},{"@type":"ListItem","position":2,"name":"Shop","item":"https:\/\/likeink.com\/de\/shop\/"},{"@type":"ListItem","position":3,"name":"Flash &#8220;Mix Sheet&#8221; by Zoi Tattoo"}]},{"@type":"WebSite","@id":"https:\/\/likeink.com\/de\/#website","url":"https:\/\/likeink.com\/de\/","name":"Like ink","description":"Gestalten Sie Ihre eigenen tempor\u00e4ren Tattoos","potentialAction":[{"@type":"SearchAction","target":{"@type":"EntryPoint","urlTemplate":"https:\/\/likeink.com\/de\/?s={search_term_string}"},"query-input":{"@type":"PropertyValueSpecification","valueRequired":true,"valueName":"search_term_string"}}],"inLanguage":"de"}]}},"_links":{"self":[{"href":"https:\/\/likeink.com\/de\/wp-json\/wp\/v2\/product\/17046","targetHints":{"allow":["GET"]}}],"collection":[{"href":"https:\/\/likeink.com\/de\/wp-json\/wp\/v2\/product"}],"about":[{"href":"https:\/\/likeink.com\/de\/wp-json\/wp\/v2\/types\/product"}],"wp:featuredmedia":[{"embeddable":true,"href":"https:\/\/likeink.com\/de\/wp-json\/wp\/v2\/media\/16985"}],"wp:attachment":[{"href":"https:\/\/likeink.com\/de\/wp-json\/wp\/v2\/media?parent=17046"}],"wp:term":[{"taxonomy":"product_brand","embeddable":true,"href":"https:\/\/likeink.com\/de\/wp-json\/wp\/v2\/product_brand?post=17046"},{"taxonomy":"product_cat","embeddable":true,"href":"https:\/\/likeink.com\/de\/wp-json\/wp\/v2\/product_cat?post=17046"},{"taxonomy":"product_tag","embeddable":true,"href":"https:\/\/likeink.com\/de\/wp-json\/wp\/v2\/product_tag?post=17046"}],"curies":[{"name":"wp","href":"https:\/\/api.w.org\/{rel}","templated":true}]}}