{"id":17173,"date":"2023-04-18T11:51:14","date_gmt":"2023-04-18T11:51:14","guid":{"rendered":"https:\/\/likeink.se\/produkt\/duck-off\/"},"modified":"2026-04-27T13:50:01","modified_gmt":"2026-04-27T13:50:01","slug":"duck-off","status":"publish","type":"product","link":"https:\/\/likeink.com\/de\/tatowierungen\/duck-off\/","title":{"rendered":"Flash &#8220;Duck Off&#8221; by Matt Machine at Straydogs Tattoo"},"content":{"rendered":"","protected":false},"excerpt":{"rendered":"<p>Die fertigen B\u00f6gen mit tempor\u00e4ren Tattoos von Like Ink sind etwa 20&#215;14 cm gro\u00df und enthalten die Designs, die du auf dem Bild siehst. Wir drucken und versenden deinen Bogen mit diesen stilvollen Tattoos innerhalb von 24 Stunden nach deiner Bestellung. Die Tattoos sehen gut aus, sind von hoher Qualit\u00e4t und lassen sich einfach anbringen und wieder entfernen. Like Ink erf\u00fcllt alle EU Vorschriften f\u00fcr kosmetische Produkte, sodass du mit gutem Gef\u00fchl bei uns bestellen kannst.<\/p>\n<h2>Bestelle tempor\u00e4re Tattoos, entworfen vom T\u00e4towierer Mattias, auch bekannt als Matt Machine<\/h2>\n<p>Dieser Bogen wurde vom gro\u00dfartigen T\u00e4towierer &#8220;Matt Machine&#8221; entworfen, einem erfahrenen und sehr beliebten Tattoo K\u00fcnstler aus Kung\u00e4lv. Es macht wirklich Spa\u00df, Motive von diesem super coolen Tattoo K\u00fcnstler anbieten zu k\u00f6nnen!<\/p>\n<p><strong>Das ist Mattias Andersson, auch bekannt als Matt Machine:<\/strong><\/p>\n<p>Mein Name ist Mattias Andersson, auch bekannt als Matt Machine. Diesen Spitznamen bekam ich zum Spa\u00df von den Jungs von Sick Boys Tattoo, nachdem ich einmal \u00fcber 15 Stunden am St\u00fcck auf einer Jubil\u00e4umsfeier in meinem Studio t\u00e4towiert hatte. Ich habe den Namen behalten \ud83d\ude0a er passt zu mir.<\/p>\n<p>Wer bin ich? Nun, ich bin fast 41 Jahre alt. Ich bin verheiratet, habe zwei Kinder, einen Hund und zwei Katzen. Ich fahre einen Volvo Kombi und lebe in einem Haus. Ich f\u00fchre ein ganz normales Familienleben mit Fu\u00dfballtraining und allem, was dazugeh\u00f6rt. Aber ich bin selbst vielleicht nicht ganz der typische Typ, doch zum Gl\u00fcck kann man immer sein eigenes Ding in seinem &#8220;Jungszimmer&#8221; machen, was in meinem Fall das Tattoostudio ist. Dort f\u00fchlt sich alles einfach richtig an. Dort passt jeder hinein und jeder ist willkommen!<\/p>\n<p>Ich habe nun seit etwa 12 Jahren ein eigenes Studio, in dem ich nur nach Termin t\u00e4towiere, keine Laufkundschaft. Ich liebe Tattoos, seit ich 6 Jahre alt bin, und bin dankbar f\u00fcr alle Kunden, die immer wieder kommen, sowohl aus der Umgebung als auch von weit her, um sich von mir t\u00e4towieren zu lassen. Alle Kunden sind wichtig. Kleine Namens Tattoos genauso wie gro\u00dfe R\u00fcckenprojekte. Ich mache alles, was ich mir zutraue! Ich bin schlie\u00dflich T\u00e4towierer. Wenn du einen gro\u00dfen schwarzen Punkt willst, der die H\u00e4lfte deines Oberschenkels bedeckt, ist das auch in Ordnung.<\/p>\n<p>Es f\u00fchlt sich an, als h\u00e4tte ich Gl\u00fcck, aber in Wirklichkeit kommt alles, was man hat, von jahrelanger harter Arbeit. Einen starken Kundenstamm aufzubauen erfordert Einsatz. Der Beruf des T\u00e4towierers ist nicht so rock and roll, wie viele denken. Es ist fast ein Job rund um die Uhr. Aber die Freiheit macht das wett. Die Freiheit zu entscheiden, wie und wann man arbeitet. Und die Tatsache, dass ich liebe, was ich tue! Tattoos sind einfach das Beste \ud83d\ude02\ud83d\udc4d<\/p>\n<p><strong>Kontakt zu Mattias:<\/strong><br \/>\nDu findest mich und all meine traditionellen Arbeiten in den sozialen Medien<\/p>\n<p><strong>Instagram:<\/strong><\/p>\n<p>@straydogstattoo<\/p>\n<p><strong>Studio:<\/strong><\/p>\n<p>@straydogstattoo<\/p>\n<p><strong>Adresse:<\/strong><\/p>\n<p>Gothenburg \/ Kung\u00e4lv<\/p>\n","protected":false},"featured_media":16607,"template":"","meta":[],"product_brand":[],"product_cat":[55,503],"product_tag":[],"class_list":{"0":"post-17173","1":"product","2":"type-product","3":"status-publish","4":"has-post-thumbnail","6":"product_cat-fertige-boegen","7":"product_cat-kooperationen-mit-taetowierern","9":"first","10":"instock","11":"taxable","12":"shipping-taxable","13":"purchasable","14":"product-type-simple"},"yoast_head":"<!-- This site is optimized with the Yoast SEO Premium plugin v27.5 (Yoast SEO v27.6) - https:\/\/yoast.com\/product\/yoast-seo-premium-wordpress\/ -->\n<title>Duck Off - tattoos von Matt Machine I A5 tempor\u00e4re T\u00e4towierung - Like ink<\/title>\n<meta name=\"description\" content=\"Duck Off - Bestellen Sie Falsch Tattoos entworfen vom Tattoo-K\u00fcnstler, Mattias alias Matt Machine. Real Fake Tattoos - Like ink\" \/>\n<meta name=\"robots\" content=\"index, follow, max-snippet:-1, max-image-preview:large, max-video-preview:-1\" \/>\n<link rel=\"canonical\" href=\"https:\/\/likeink.com\/de\/tatowierungen\/duck-off\/\" \/>\n<meta property=\"og:locale\" content=\"de_DE\" \/>\n<meta property=\"og:type\" content=\"article\" \/>\n<meta property=\"og:title\" content=\"Flash &quot;Duck Off&quot; by Matt Machine at Straydogs Tattoo\" \/>\n<meta property=\"og:description\" content=\"Die fertigen B\u00f6gen mit tempor\u00e4ren Tattoos von Like Ink sind etwa 20x14 cm gro\u00df und enthalten die Designs, die du auf dem Bild siehst. Wir drucken und versenden deinen Bogen mit diesen stilvollen Tattoos innerhalb von 24 Stunden nach deiner Bestellung. Die Tattoos sehen gut aus, sind von hoher Qualit\u00e4t und lassen sich einfach anbringen und wieder entfernen. Like Ink erf\u00fcllt alle EU Vorschriften f\u00fcr kosmetische Produkte, sodass du mit gutem Gef\u00fchl bei uns bestellen kannst. Bestelle tempor\u00e4re Tattoos, entworfen vom T\u00e4towierer Mattias, auch bekannt als Matt Machine Dieser Bogen wurde vom gro\u00dfartigen T\u00e4towierer &quot;Matt Machine&quot; entworfen, einem erfahrenen und sehr beliebten Tattoo K\u00fcnstler aus Kung\u00e4lv. Es macht wirklich Spa\u00df, Motive von diesem super coolen Tattoo K\u00fcnstler anbieten zu k\u00f6nnen!  Das ist Mattias Andersson, auch bekannt als Matt Machine:  Mein Name ist Mattias Andersson, auch bekannt als Matt Machine. Diesen Spitznamen bekam ich zum Spa\u00df von den Jungs von Sick Boys Tattoo, nachdem ich einmal \u00fcber 15 Stunden am St\u00fcck auf einer Jubil\u00e4umsfeier in meinem Studio t\u00e4towiert hatte. Ich habe den Namen behalten \ud83d\ude0a er passt zu mir.  Wer bin ich? Nun, ich bin fast 41 Jahre alt. Ich bin verheiratet, habe zwei Kinder, einen Hund und zwei Katzen. Ich fahre einen Volvo Kombi und lebe in einem Haus. Ich f\u00fchre ein ganz normales Familienleben mit Fu\u00dfballtraining und allem, was dazugeh\u00f6rt. Aber ich bin selbst vielleicht nicht ganz der typische Typ, doch zum Gl\u00fcck kann man immer sein eigenes Ding in seinem &quot;Jungszimmer&quot; machen, was in meinem Fall das Tattoostudio ist. Dort f\u00fchlt sich alles einfach richtig an. Dort passt jeder hinein und jeder ist willkommen!  Ich habe nun seit etwa 12 Jahren ein eigenes Studio, in dem ich nur nach Termin t\u00e4towiere, keine Laufkundschaft. Ich liebe Tattoos, seit ich 6 Jahre alt bin, und bin dankbar f\u00fcr alle Kunden, die immer wieder kommen, sowohl aus der Umgebung als auch von weit her, um sich von mir t\u00e4towieren zu lassen. Alle Kunden sind wichtig. Kleine Namens Tattoos genauso wie gro\u00dfe R\u00fcckenprojekte. Ich mache alles, was ich mir zutraue! Ich bin schlie\u00dflich T\u00e4towierer. Wenn du einen gro\u00dfen schwarzen Punkt willst, der die H\u00e4lfte deines Oberschenkels bedeckt, ist das auch in Ordnung.  Es f\u00fchlt sich an, als h\u00e4tte ich Gl\u00fcck, aber in Wirklichkeit kommt alles, was man hat, von jahrelanger harter Arbeit. Einen starken Kundenstamm aufzubauen erfordert Einsatz. Der Beruf des T\u00e4towierers ist nicht so rock and roll, wie viele denken. Es ist fast ein Job rund um die Uhr. Aber die Freiheit macht das wett. Die Freiheit zu entscheiden, wie und wann man arbeitet. Und die Tatsache, dass ich liebe, was ich tue! Tattoos sind einfach das Beste \ud83d\ude02\ud83d\udc4d  Kontakt zu Mattias: Du findest mich und all meine traditionellen Arbeiten in den sozialen Medien  Instagram:  @straydogstattoo  Studio:  @straydogstattoo  Adresse:  Gothenburg \/ Kung\u00e4lv\" \/>\n<meta property=\"og:url\" content=\"https:\/\/likeink.com\/de\/tatowierungen\/duck-off\/\" \/>\n<meta property=\"og:site_name\" content=\"Like ink\" \/>\n<meta property=\"article:publisher\" content=\"https:\/\/www.facebook.com\/LikeInkSe\" \/>\n<meta property=\"article:modified_time\" content=\"2026-04-27T13:50:01+00:00\" \/>\n<meta property=\"og:image\" content=\"https:\/\/likeink.com\/wp-content\/uploads\/2023\/04\/MattMachine-DuckOff-Likeink-Faketattoos.png\" \/>\n\t<meta property=\"og:image:width\" content=\"600\" \/>\n\t<meta property=\"og:image:height\" content=\"422\" \/>\n\t<meta property=\"og:image:type\" content=\"image\/png\" \/>\n<meta name=\"twitter:card\" content=\"summary_large_image\" \/>\n<meta name=\"twitter:label1\" content=\"Gesch\u00e4tzte Lesezeit\" \/>\n\t<meta name=\"twitter:data1\" content=\"1\u00a0Minute\" \/>\n<!-- \/ Yoast SEO Premium plugin. -->","yoast_head_json":{"title":"Duck Off - tattoos von Matt Machine I A5 tempor\u00e4re T\u00e4towierung - Like ink","description":"Duck Off - Bestellen Sie Falsch Tattoos entworfen vom Tattoo-K\u00fcnstler, Mattias alias Matt Machine. Real Fake Tattoos - Like ink","robots":{"index":"index","follow":"follow","max-snippet":"max-snippet:-1","max-image-preview":"max-image-preview:large","max-video-preview":"max-video-preview:-1"},"canonical":"https:\/\/likeink.com\/de\/tatowierungen\/duck-off\/","og_locale":"de_DE","og_type":"article","og_title":"Flash \"Duck Off\" by Matt Machine at Straydogs Tattoo","og_description":"Die fertigen B\u00f6gen mit tempor\u00e4ren Tattoos von Like Ink sind etwa 20x14 cm gro\u00df und enthalten die Designs, die du auf dem Bild siehst. Wir drucken und versenden deinen Bogen mit diesen stilvollen Tattoos innerhalb von 24 Stunden nach deiner Bestellung. Die Tattoos sehen gut aus, sind von hoher Qualit\u00e4t und lassen sich einfach anbringen und wieder entfernen. Like Ink erf\u00fcllt alle EU Vorschriften f\u00fcr kosmetische Produkte, sodass du mit gutem Gef\u00fchl bei uns bestellen kannst. Bestelle tempor\u00e4re Tattoos, entworfen vom T\u00e4towierer Mattias, auch bekannt als Matt Machine Dieser Bogen wurde vom gro\u00dfartigen T\u00e4towierer \"Matt Machine\" entworfen, einem erfahrenen und sehr beliebten Tattoo K\u00fcnstler aus Kung\u00e4lv. Es macht wirklich Spa\u00df, Motive von diesem super coolen Tattoo K\u00fcnstler anbieten zu k\u00f6nnen!  Das ist Mattias Andersson, auch bekannt als Matt Machine:  Mein Name ist Mattias Andersson, auch bekannt als Matt Machine. Diesen Spitznamen bekam ich zum Spa\u00df von den Jungs von Sick Boys Tattoo, nachdem ich einmal \u00fcber 15 Stunden am St\u00fcck auf einer Jubil\u00e4umsfeier in meinem Studio t\u00e4towiert hatte. Ich habe den Namen behalten \ud83d\ude0a er passt zu mir.  Wer bin ich? Nun, ich bin fast 41 Jahre alt. Ich bin verheiratet, habe zwei Kinder, einen Hund und zwei Katzen. Ich fahre einen Volvo Kombi und lebe in einem Haus. Ich f\u00fchre ein ganz normales Familienleben mit Fu\u00dfballtraining und allem, was dazugeh\u00f6rt. Aber ich bin selbst vielleicht nicht ganz der typische Typ, doch zum Gl\u00fcck kann man immer sein eigenes Ding in seinem \"Jungszimmer\" machen, was in meinem Fall das Tattoostudio ist. Dort f\u00fchlt sich alles einfach richtig an. Dort passt jeder hinein und jeder ist willkommen!  Ich habe nun seit etwa 12 Jahren ein eigenes Studio, in dem ich nur nach Termin t\u00e4towiere, keine Laufkundschaft. Ich liebe Tattoos, seit ich 6 Jahre alt bin, und bin dankbar f\u00fcr alle Kunden, die immer wieder kommen, sowohl aus der Umgebung als auch von weit her, um sich von mir t\u00e4towieren zu lassen. Alle Kunden sind wichtig. Kleine Namens Tattoos genauso wie gro\u00dfe R\u00fcckenprojekte. Ich mache alles, was ich mir zutraue! Ich bin schlie\u00dflich T\u00e4towierer. Wenn du einen gro\u00dfen schwarzen Punkt willst, der die H\u00e4lfte deines Oberschenkels bedeckt, ist das auch in Ordnung.  Es f\u00fchlt sich an, als h\u00e4tte ich Gl\u00fcck, aber in Wirklichkeit kommt alles, was man hat, von jahrelanger harter Arbeit. Einen starken Kundenstamm aufzubauen erfordert Einsatz. Der Beruf des T\u00e4towierers ist nicht so rock and roll, wie viele denken. Es ist fast ein Job rund um die Uhr. Aber die Freiheit macht das wett. Die Freiheit zu entscheiden, wie und wann man arbeitet. Und die Tatsache, dass ich liebe, was ich tue! Tattoos sind einfach das Beste \ud83d\ude02\ud83d\udc4d  Kontakt zu Mattias: Du findest mich und all meine traditionellen Arbeiten in den sozialen Medien  Instagram:  @straydogstattoo  Studio:  @straydogstattoo  Adresse:  Gothenburg \/ Kung\u00e4lv","og_url":"https:\/\/likeink.com\/de\/tatowierungen\/duck-off\/","og_site_name":"Like ink","article_publisher":"https:\/\/www.facebook.com\/LikeInkSe","article_modified_time":"2026-04-27T13:50:01+00:00","og_image":[{"width":600,"height":422,"url":"https:\/\/likeink.com\/wp-content\/uploads\/2023\/04\/MattMachine-DuckOff-Likeink-Faketattoos.png","type":"image\/png"}],"twitter_card":"summary_large_image","twitter_misc":{"Gesch\u00e4tzte Lesezeit":"1\u00a0Minute"},"schema":{"@context":"https:\/\/schema.org","@graph":[{"@type":"WebPage","@id":"https:\/\/likeink.com\/de\/tatowierungen\/duck-off\/","url":"https:\/\/likeink.com\/de\/tatowierungen\/duck-off\/","name":"Duck Off - tattoos von Matt Machine I A5 tempor\u00e4re T\u00e4towierung - Like ink","isPartOf":{"@id":"https:\/\/likeink.com\/de\/#website"},"primaryImageOfPage":{"@id":"https:\/\/likeink.com\/de\/tatowierungen\/duck-off\/#primaryimage"},"image":{"@id":"https:\/\/likeink.com\/de\/tatowierungen\/duck-off\/#primaryimage"},"thumbnailUrl":"https:\/\/likeink.com\/wp-content\/uploads\/2023\/04\/MattMachine-DuckOff-Likeink-Faketattoos.png","datePublished":"2023-04-18T11:51:14+00:00","dateModified":"2026-04-27T13:50:01+00:00","description":"Duck Off - Bestellen Sie Falsch Tattoos entworfen vom Tattoo-K\u00fcnstler, Mattias alias Matt Machine. Real Fake Tattoos - Like ink","breadcrumb":{"@id":"https:\/\/likeink.com\/de\/tatowierungen\/duck-off\/#breadcrumb"},"inLanguage":"de","potentialAction":[{"@type":"ReadAction","target":["https:\/\/likeink.com\/de\/tatowierungen\/duck-off\/"]}]},{"@type":"ImageObject","inLanguage":"de","@id":"https:\/\/likeink.com\/de\/tatowierungen\/duck-off\/#primaryimage","url":"https:\/\/likeink.com\/wp-content\/uploads\/2023\/04\/MattMachine-DuckOff-Likeink-Faketattoos.png","contentUrl":"https:\/\/likeink.com\/wp-content\/uploads\/2023\/04\/MattMachine-DuckOff-Likeink-Faketattoos.png","width":600,"height":422,"caption":"StrayDogsTattoo Flash Like ink fake Tattoos"},{"@type":"BreadcrumbList","@id":"https:\/\/likeink.com\/de\/tatowierungen\/duck-off\/#breadcrumb","itemListElement":[{"@type":"ListItem","position":1,"name":"Hem","item":"https:\/\/likeink.com\/de\/"},{"@type":"ListItem","position":2,"name":"Shop","item":"https:\/\/likeink.com\/de\/shop\/"},{"@type":"ListItem","position":3,"name":"Flash &#8220;Duck Off&#8221; by Matt Machine at Straydogs Tattoo"}]},{"@type":"WebSite","@id":"https:\/\/likeink.com\/de\/#website","url":"https:\/\/likeink.com\/de\/","name":"Like ink","description":"Gestalten Sie Ihre eigenen tempor\u00e4ren Tattoos","potentialAction":[{"@type":"SearchAction","target":{"@type":"EntryPoint","urlTemplate":"https:\/\/likeink.com\/de\/?s={search_term_string}"},"query-input":{"@type":"PropertyValueSpecification","valueRequired":true,"valueName":"search_term_string"}}],"inLanguage":"de"}]}},"_links":{"self":[{"href":"https:\/\/likeink.com\/de\/wp-json\/wp\/v2\/product\/17173","targetHints":{"allow":["GET"]}}],"collection":[{"href":"https:\/\/likeink.com\/de\/wp-json\/wp\/v2\/product"}],"about":[{"href":"https:\/\/likeink.com\/de\/wp-json\/wp\/v2\/types\/product"}],"wp:featuredmedia":[{"embeddable":true,"href":"https:\/\/likeink.com\/de\/wp-json\/wp\/v2\/media\/16607"}],"wp:attachment":[{"href":"https:\/\/likeink.com\/de\/wp-json\/wp\/v2\/media?parent=17173"}],"wp:term":[{"taxonomy":"product_brand","embeddable":true,"href":"https:\/\/likeink.com\/de\/wp-json\/wp\/v2\/product_brand?post=17173"},{"taxonomy":"product_cat","embeddable":true,"href":"https:\/\/likeink.com\/de\/wp-json\/wp\/v2\/product_cat?post=17173"},{"taxonomy":"product_tag","embeddable":true,"href":"https:\/\/likeink.com\/de\/wp-json\/wp\/v2\/product_tag?post=17173"}],"curies":[{"name":"wp","href":"https:\/\/api.w.org\/{rel}","templated":true}]}}