{"id":17524,"date":"2023-04-21T14:02:49","date_gmt":"2023-04-21T14:02:49","guid":{"rendered":"https:\/\/likeink.se\/gnuggis\/djurens-ratt-im-vegan\/"},"modified":"2024-02-14T16:12:29","modified_gmt":"2024-02-14T16:12:29","slug":"djurens-ratt-im-vegan","status":"publish","type":"product","link":"https:\/\/likeink.com\/de\/tatowierungen\/djurens-ratt-im-vegan\/","title":{"rendered":"Djurens R\u00e4tt I`m Vegan"},"content":{"rendered":"","protected":false},"excerpt":{"rendered":"<p>Erhalten Sie eine tempor\u00e4re T\u00e4towierung zur Unterst\u00fctzung von Tieren mit Fake-Tattoos von uns bei Like ink!<br \/>\nLike ink druckt stilvolle, vegane und allergiegetestete Fake-Tattoos, die nun mit Djurens R\u00e4tts I&#8217;M VEGAN gekennzeichnet sind.<\/p>\n<p>Im Moment haben wir eine Kampagne zusammen mit Djurens R\u00e4tt! 30% des Umsatzes aus vorgefertigten B\u00f6gen in der Djurens R\u00e4tt-Kategorie im Like ink-Webshop flie\u00dfen in die Arbeit von Djurens R\u00e4tt, um die Bedingungen f\u00fcr die am schlechtesten gestellten Tiere in Schweden zu verbessern.<\/p>\n<h2>Bestellen Sie gef\u00e4lschte Tattoos mit illustriertem Gem\u00fcse und unterst\u00fctzen Sie Djurens R\u00e4tt <\/h2>\n<p>Ein A5-Bogen kostet 11 Euro, und je mehr B\u00f6gen Sie bestellen, desto gr\u00f6\u00dfer der Rabatt! Beginnen Sie jetzt mit dem Einkaufen und denken Sie daran, alle Fotos dieser Fake-Tattoos mit @likeinkse auf Instagram und TikTok zu versehen, wir spenden zus\u00e4tzlich 1 Euro pro Tag und teilen nat\u00fcrlich auch Ihr Foto.<\/p>\n<p>Bogengr\u00f6\u00dfe: A5<br \/>\nTattoo-Gr\u00f6\u00dfe: 3-7cm<\/p>\n","protected":false},"featured_media":17033,"template":"","meta":[],"product_brand":[],"product_cat":[292,55],"product_tag":[],"class_list":{"0":"post-17524","1":"product","2":"type-product","3":"status-publish","4":"has-post-thumbnail","6":"product_cat-charity-de","7":"product_cat-fertige-boegen","9":"first","10":"instock","11":"taxable","12":"shipping-taxable","13":"purchasable","14":"product-type-simple"},"yoast_head":"<!-- This site is optimized with the Yoast SEO Premium plugin v26.2 (Yoast SEO v27.4) - https:\/\/yoast.com\/product\/yoast-seo-premium-wordpress\/ -->\n<title>Vegane Fake Tattoos zugunsten von Djurens R\u00e4tt. Like ink<\/title>\n<meta name=\"description\" content=\"Vegane Fake Tattoos! Bestellen Sie gef\u00e4lschte Tattoos mit illustriertem Gem\u00fcse und unterst\u00fctzen Sie Djurens R\u00e4tt Like ink\" \/>\n<meta name=\"robots\" content=\"index, follow, max-snippet:-1, max-image-preview:large, max-video-preview:-1\" \/>\n<link rel=\"canonical\" href=\"https:\/\/likeink.com\/de\/tatowierungen\/djurens-ratt-im-vegan\/\" \/>\n<meta property=\"og:locale\" content=\"de_DE\" \/>\n<meta property=\"og:type\" content=\"article\" \/>\n<meta property=\"og:title\" content=\"Djurens R\u00e4tt I`m Vegan\" \/>\n<meta property=\"og:description\" content=\"Erhalten Sie eine tempor\u00e4re T\u00e4towierung zur Unterst\u00fctzung von Tieren mit Fake-Tattoos von uns bei Like ink! Like ink druckt stilvolle, vegane und allergiegetestete Fake-Tattoos, die nun mit Djurens R\u00e4tts I&#039;M VEGAN gekennzeichnet sind.  Im Moment haben wir eine Kampagne zusammen mit Djurens R\u00e4tt! 30% des Umsatzes aus vorgefertigten B\u00f6gen in der Djurens R\u00e4tt-Kategorie im Like ink-Webshop flie\u00dfen in die Arbeit von Djurens R\u00e4tt, um die Bedingungen f\u00fcr die am schlechtesten gestellten Tiere in Schweden zu verbessern.  Bestellen Sie gef\u00e4lschte Tattoos mit illustriertem Gem\u00fcse und unterst\u00fctzen Sie Djurens R\u00e4tt   Ein A5-Bogen kostet 11 Euro, und je mehr B\u00f6gen Sie bestellen, desto gr\u00f6\u00dfer der Rabatt! Beginnen Sie jetzt mit dem Einkaufen und denken Sie daran, alle Fotos dieser Fake-Tattoos mit @likeinkse auf Instagram und TikTok zu versehen, wir spenden zus\u00e4tzlich 1 Euro pro Tag und teilen nat\u00fcrlich auch Ihr Foto.  Bogengr\u00f6\u00dfe: A5 Tattoo-Gr\u00f6\u00dfe: 3-7cm\" \/>\n<meta property=\"og:url\" content=\"https:\/\/likeink.com\/de\/tatowierungen\/djurens-ratt-im-vegan\/\" \/>\n<meta property=\"og:site_name\" content=\"Like ink\" \/>\n<meta property=\"article:publisher\" content=\"https:\/\/www.facebook.com\/LikeInkSe\" \/>\n<meta property=\"article:modified_time\" content=\"2024-02-14T16:12:29+00:00\" \/>\n<meta property=\"og:image\" content=\"https:\/\/likeink.com\/wp-content\/uploads\/2023\/04\/DjurensRatt-Gronsaker-Likeink.png\" \/>\n\t<meta property=\"og:image:width\" content=\"400\" \/>\n\t<meta property=\"og:image:height\" content=\"281\" \/>\n\t<meta property=\"og:image:type\" content=\"image\/png\" \/>\n<meta name=\"twitter:card\" content=\"summary_large_image\" \/>\n<script type=\"application\/ld+json\" class=\"yoast-schema-graph\">{\"@context\":\"https:\\\/\\\/schema.org\",\"@graph\":[{\"@type\":\"WebPage\",\"@id\":\"https:\\\/\\\/likeink.com\\\/de\\\/tatowierungen\\\/djurens-ratt-im-vegan\\\/\",\"url\":\"https:\\\/\\\/likeink.com\\\/de\\\/tatowierungen\\\/djurens-ratt-im-vegan\\\/\",\"name\":\"Vegane Fake Tattoos zugunsten von Djurens R\u00e4tt. Like ink\",\"isPartOf\":{\"@id\":\"https:\\\/\\\/likeink.com\\\/de\\\/#website\"},\"primaryImageOfPage\":{\"@id\":\"https:\\\/\\\/likeink.com\\\/de\\\/tatowierungen\\\/djurens-ratt-im-vegan\\\/#primaryimage\"},\"image\":{\"@id\":\"https:\\\/\\\/likeink.com\\\/de\\\/tatowierungen\\\/djurens-ratt-im-vegan\\\/#primaryimage\"},\"thumbnailUrl\":\"https:\\\/\\\/likeink.com\\\/wp-content\\\/uploads\\\/2023\\\/04\\\/DjurensRatt-Gronsaker-Likeink.png\",\"datePublished\":\"2023-04-21T14:02:49+00:00\",\"dateModified\":\"2024-02-14T16:12:29+00:00\",\"description\":\"Vegane Fake Tattoos! Bestellen Sie gef\u00e4lschte Tattoos mit illustriertem Gem\u00fcse und unterst\u00fctzen Sie Djurens R\u00e4tt Like ink\",\"breadcrumb\":{\"@id\":\"https:\\\/\\\/likeink.com\\\/de\\\/tatowierungen\\\/djurens-ratt-im-vegan\\\/#breadcrumb\"},\"inLanguage\":\"de\",\"potentialAction\":[{\"@type\":\"ReadAction\",\"target\":[\"https:\\\/\\\/likeink.com\\\/de\\\/tatowierungen\\\/djurens-ratt-im-vegan\\\/\"]}]},{\"@type\":\"ImageObject\",\"inLanguage\":\"de\",\"@id\":\"https:\\\/\\\/likeink.com\\\/de\\\/tatowierungen\\\/djurens-ratt-im-vegan\\\/#primaryimage\",\"url\":\"https:\\\/\\\/likeink.com\\\/wp-content\\\/uploads\\\/2023\\\/04\\\/DjurensRatt-Gronsaker-Likeink.png\",\"contentUrl\":\"https:\\\/\\\/likeink.com\\\/wp-content\\\/uploads\\\/2023\\\/04\\\/DjurensRatt-Gronsaker-Likeink.png\",\"width\":400,\"height\":281,\"caption\":\"Djurens R\u00e4tt gr\u00f6nsaker\"},{\"@type\":\"BreadcrumbList\",\"@id\":\"https:\\\/\\\/likeink.com\\\/de\\\/tatowierungen\\\/djurens-ratt-im-vegan\\\/#breadcrumb\",\"itemListElement\":[{\"@type\":\"ListItem\",\"position\":1,\"name\":\"Hem\",\"item\":\"https:\\\/\\\/likeink.com\\\/de\\\/\"},{\"@type\":\"ListItem\",\"position\":2,\"name\":\"Shop\",\"item\":\"https:\\\/\\\/likeink.com\\\/de\\\/shop\\\/\"},{\"@type\":\"ListItem\",\"position\":3,\"name\":\"Djurens R\u00e4tt I`m Vegan\"}]},{\"@type\":\"WebSite\",\"@id\":\"https:\\\/\\\/likeink.com\\\/de\\\/#website\",\"url\":\"https:\\\/\\\/likeink.com\\\/de\\\/\",\"name\":\"Like ink\",\"description\":\"Gestalten Sie Ihre eigenen tempor\u00e4ren Tattoos\",\"potentialAction\":[{\"@type\":\"SearchAction\",\"target\":{\"@type\":\"EntryPoint\",\"urlTemplate\":\"https:\\\/\\\/likeink.com\\\/de\\\/?s={search_term_string}\"},\"query-input\":{\"@type\":\"PropertyValueSpecification\",\"valueRequired\":true,\"valueName\":\"search_term_string\"}}],\"inLanguage\":\"de\"}]}<\/script>\n<!-- \/ Yoast SEO Premium plugin. -->","yoast_head_json":{"title":"Vegane Fake Tattoos zugunsten von Djurens R\u00e4tt. Like ink","description":"Vegane Fake Tattoos! Bestellen Sie gef\u00e4lschte Tattoos mit illustriertem Gem\u00fcse und unterst\u00fctzen Sie Djurens R\u00e4tt Like ink","robots":{"index":"index","follow":"follow","max-snippet":"max-snippet:-1","max-image-preview":"max-image-preview:large","max-video-preview":"max-video-preview:-1"},"canonical":"https:\/\/likeink.com\/de\/tatowierungen\/djurens-ratt-im-vegan\/","og_locale":"de_DE","og_type":"article","og_title":"Djurens R\u00e4tt I`m Vegan","og_description":"Erhalten Sie eine tempor\u00e4re T\u00e4towierung zur Unterst\u00fctzung von Tieren mit Fake-Tattoos von uns bei Like ink! Like ink druckt stilvolle, vegane und allergiegetestete Fake-Tattoos, die nun mit Djurens R\u00e4tts I'M VEGAN gekennzeichnet sind.  Im Moment haben wir eine Kampagne zusammen mit Djurens R\u00e4tt! 30% des Umsatzes aus vorgefertigten B\u00f6gen in der Djurens R\u00e4tt-Kategorie im Like ink-Webshop flie\u00dfen in die Arbeit von Djurens R\u00e4tt, um die Bedingungen f\u00fcr die am schlechtesten gestellten Tiere in Schweden zu verbessern.  Bestellen Sie gef\u00e4lschte Tattoos mit illustriertem Gem\u00fcse und unterst\u00fctzen Sie Djurens R\u00e4tt   Ein A5-Bogen kostet 11 Euro, und je mehr B\u00f6gen Sie bestellen, desto gr\u00f6\u00dfer der Rabatt! Beginnen Sie jetzt mit dem Einkaufen und denken Sie daran, alle Fotos dieser Fake-Tattoos mit @likeinkse auf Instagram und TikTok zu versehen, wir spenden zus\u00e4tzlich 1 Euro pro Tag und teilen nat\u00fcrlich auch Ihr Foto.  Bogengr\u00f6\u00dfe: A5 Tattoo-Gr\u00f6\u00dfe: 3-7cm","og_url":"https:\/\/likeink.com\/de\/tatowierungen\/djurens-ratt-im-vegan\/","og_site_name":"Like ink","article_publisher":"https:\/\/www.facebook.com\/LikeInkSe","article_modified_time":"2024-02-14T16:12:29+00:00","og_image":[{"width":400,"height":281,"url":"https:\/\/likeink.com\/wp-content\/uploads\/2023\/04\/DjurensRatt-Gronsaker-Likeink.png","type":"image\/png"}],"twitter_card":"summary_large_image","schema":{"@context":"https:\/\/schema.org","@graph":[{"@type":"WebPage","@id":"https:\/\/likeink.com\/de\/tatowierungen\/djurens-ratt-im-vegan\/","url":"https:\/\/likeink.com\/de\/tatowierungen\/djurens-ratt-im-vegan\/","name":"Vegane Fake Tattoos zugunsten von Djurens R\u00e4tt. Like ink","isPartOf":{"@id":"https:\/\/likeink.com\/de\/#website"},"primaryImageOfPage":{"@id":"https:\/\/likeink.com\/de\/tatowierungen\/djurens-ratt-im-vegan\/#primaryimage"},"image":{"@id":"https:\/\/likeink.com\/de\/tatowierungen\/djurens-ratt-im-vegan\/#primaryimage"},"thumbnailUrl":"https:\/\/likeink.com\/wp-content\/uploads\/2023\/04\/DjurensRatt-Gronsaker-Likeink.png","datePublished":"2023-04-21T14:02:49+00:00","dateModified":"2024-02-14T16:12:29+00:00","description":"Vegane Fake Tattoos! Bestellen Sie gef\u00e4lschte Tattoos mit illustriertem Gem\u00fcse und unterst\u00fctzen Sie Djurens R\u00e4tt Like ink","breadcrumb":{"@id":"https:\/\/likeink.com\/de\/tatowierungen\/djurens-ratt-im-vegan\/#breadcrumb"},"inLanguage":"de","potentialAction":[{"@type":"ReadAction","target":["https:\/\/likeink.com\/de\/tatowierungen\/djurens-ratt-im-vegan\/"]}]},{"@type":"ImageObject","inLanguage":"de","@id":"https:\/\/likeink.com\/de\/tatowierungen\/djurens-ratt-im-vegan\/#primaryimage","url":"https:\/\/likeink.com\/wp-content\/uploads\/2023\/04\/DjurensRatt-Gronsaker-Likeink.png","contentUrl":"https:\/\/likeink.com\/wp-content\/uploads\/2023\/04\/DjurensRatt-Gronsaker-Likeink.png","width":400,"height":281,"caption":"Djurens R\u00e4tt gr\u00f6nsaker"},{"@type":"BreadcrumbList","@id":"https:\/\/likeink.com\/de\/tatowierungen\/djurens-ratt-im-vegan\/#breadcrumb","itemListElement":[{"@type":"ListItem","position":1,"name":"Hem","item":"https:\/\/likeink.com\/de\/"},{"@type":"ListItem","position":2,"name":"Shop","item":"https:\/\/likeink.com\/de\/shop\/"},{"@type":"ListItem","position":3,"name":"Djurens R\u00e4tt I`m Vegan"}]},{"@type":"WebSite","@id":"https:\/\/likeink.com\/de\/#website","url":"https:\/\/likeink.com\/de\/","name":"Like ink","description":"Gestalten Sie Ihre eigenen tempor\u00e4ren Tattoos","potentialAction":[{"@type":"SearchAction","target":{"@type":"EntryPoint","urlTemplate":"https:\/\/likeink.com\/de\/?s={search_term_string}"},"query-input":{"@type":"PropertyValueSpecification","valueRequired":true,"valueName":"search_term_string"}}],"inLanguage":"de"}]}},"_links":{"self":[{"href":"https:\/\/likeink.com\/de\/wp-json\/wp\/v2\/product\/17524","targetHints":{"allow":["GET"]}}],"collection":[{"href":"https:\/\/likeink.com\/de\/wp-json\/wp\/v2\/product"}],"about":[{"href":"https:\/\/likeink.com\/de\/wp-json\/wp\/v2\/types\/product"}],"wp:featuredmedia":[{"embeddable":true,"href":"https:\/\/likeink.com\/de\/wp-json\/wp\/v2\/media\/17033"}],"wp:attachment":[{"href":"https:\/\/likeink.com\/de\/wp-json\/wp\/v2\/media?parent=17524"}],"wp:term":[{"taxonomy":"product_brand","embeddable":true,"href":"https:\/\/likeink.com\/de\/wp-json\/wp\/v2\/product_brand?post=17524"},{"taxonomy":"product_cat","embeddable":true,"href":"https:\/\/likeink.com\/de\/wp-json\/wp\/v2\/product_cat?post=17524"},{"taxonomy":"product_tag","embeddable":true,"href":"https:\/\/likeink.com\/de\/wp-json\/wp\/v2\/product_tag?post=17524"}],"curies":[{"name":"wp","href":"https:\/\/api.w.org\/{rel}","templated":true}]}}