{"id":17660,"date":"2023-05-02T13:06:06","date_gmt":"2023-05-02T13:06:06","guid":{"rendered":"https:\/\/likeink.se\/gnuggis\/old-school-karlekstatueringar-a5-ark\/"},"modified":"2026-03-17T12:14:19","modified_gmt":"2026-03-17T12:14:19","slug":"old-school-liebestattoos","status":"publish","type":"product","link":"https:\/\/likeink.com\/de\/tatowierungen\/old-school-liebestattoos\/","title":{"rendered":"Old School Liebestattoos"},"content":{"rendered":"","protected":false},"excerpt":{"rendered":"<p>Unsere B\u00f6gen mit gef\u00e4lschten Tattoos haben eine Gr\u00f6\u00dfe von 20X14 cm, und dieser Bogen ist gef\u00fcllt mit Herzen in verschiedenen Farben und Gr\u00f6\u00dfen. Wir drucken und versenden Ihre Bestellung innerhalb von 24 Stunden!<\/p>\n<p>Dieser Bogen ist gef\u00fcllt mit Liebestattoos im klassischen Stil, Herzen, Bannern zusammen mit Blumen, einer Schwalbe und nat\u00fcrlich Totenk\u00f6pfen. Gef\u00e4lschte Tattoos sind perfekt f\u00fcr Hochzeiten, Junggesellenabschiede und Junggesellinnenabschiede.<\/p>\n<h2>Bestellen Sie einen Bogen mit wundersch\u00f6n illustrierten und stilvollen Old School Liebestattoos<\/h2>\n<p><strong>Was bedeutet ein Herz-Tattoo? <\/strong><br \/>\nEin Herz-Tattoo kann je nach Tr\u00e4ger und Grund unterschiedliche Bedeutungen haben. F\u00fcr viele repr\u00e4sentiert das Herz Liebe, Leidenschaft und Romantik. Es kann auch die Liebe zu einer Person, einer Sache oder einem Ort symbolisieren. F\u00fcr andere kann ein Herz-Tattoo ein Symbol f\u00fcr Mut und St\u00e4rke sein oder ein Zeichen daf\u00fcr, dass sie eine Art von Hindernis oder Herzschmerz \u00fcberwunden haben. Zusammenfassend kann das Herz-Tattoo f\u00fcr verschiedene Menschen unterschiedliche Bedeutungen haben und je nach Kontext und Verwendung auf unterschiedliche Weise interpretiert werden. Wir denken, dass ein Herz Liebe symbolisiert, und der Old School Stil verleiht dem Gef\u00fchl dieses gef\u00e4lschten Tattoos Authentizit\u00e4t!<\/p>\n<p>Alle Tattoos von uns bei Like ink werden in Schweden hergestellt und sind einfach aufzutragen und abzuwaschen. Die Tattoos sehen toll aus, sind vegan und allergikerfreundlich.<\/p>\n<p>Bogengr\u00f6\u00dfe: A5<br \/>\nAnzahl der Tattoos: 11<br \/>\nTattoogr\u00f6\u00dfe: 4-7 cm<\/p>\n","protected":false},"featured_media":17648,"template":"","meta":[],"product_brand":[],"product_cat":[55,558,511],"product_tag":[],"class_list":{"0":"post-17660","1":"product","2":"type-product","3":"status-publish","4":"has-post-thumbnail","6":"product_cat-fertige-boegen","7":"product_cat-liebe-romantik","8":"product_cat-old-school-retro-de","10":"first","11":"instock","12":"taxable","13":"shipping-taxable","14":"purchasable","15":"product-type-simple"},"yoast_head":"<!-- This site is optimized with the Yoast SEO Premium plugin v26.2 (Yoast SEO v27.5) - https:\/\/yoast.com\/product\/yoast-seo-premium-wordpress\/ -->\n<title>Old School Liebestattoos auf A5 - Like ink<\/title>\n<meta name=\"description\" content=\"Old school Liebestattoos A5-arkilla. T\u00e4ydelliset polttari- tai h\u00e4\u00e4tapahtumiin. V\u00e4liaikaiset tatuoinnit ovat rakkautta! Old School Liebestattoos - Like ink\" \/>\n<meta name=\"robots\" content=\"index, follow, max-snippet:-1, max-image-preview:large, max-video-preview:-1\" \/>\n<link rel=\"canonical\" href=\"https:\/\/likeink.com\/de\/tatowierungen\/old-school-liebestattoos\/\" \/>\n<meta property=\"og:locale\" content=\"de_DE\" \/>\n<meta property=\"og:type\" content=\"article\" \/>\n<meta property=\"og:title\" content=\"Old School Liebestattoos\" \/>\n<meta property=\"og:description\" content=\"Unsere B\u00f6gen mit gef\u00e4lschten Tattoos haben eine Gr\u00f6\u00dfe von 20X14 cm, und dieser Bogen ist gef\u00fcllt mit Herzen in verschiedenen Farben und Gr\u00f6\u00dfen. Wir drucken und versenden Ihre Bestellung innerhalb von 24 Stunden!  Dieser Bogen ist gef\u00fcllt mit Liebestattoos im klassischen Stil, Herzen, Bannern zusammen mit Blumen, einer Schwalbe und nat\u00fcrlich Totenk\u00f6pfen. Gef\u00e4lschte Tattoos sind perfekt f\u00fcr Hochzeiten, Junggesellenabschiede und Junggesellinnenabschiede.  Bestellen Sie einen Bogen mit wundersch\u00f6n illustrierten und stilvollen Old School Liebestattoos  Was bedeutet ein Herz-Tattoo?  Ein Herz-Tattoo kann je nach Tr\u00e4ger und Grund unterschiedliche Bedeutungen haben. F\u00fcr viele repr\u00e4sentiert das Herz Liebe, Leidenschaft und Romantik. Es kann auch die Liebe zu einer Person, einer Sache oder einem Ort symbolisieren. F\u00fcr andere kann ein Herz-Tattoo ein Symbol f\u00fcr Mut und St\u00e4rke sein oder ein Zeichen daf\u00fcr, dass sie eine Art von Hindernis oder Herzschmerz \u00fcberwunden haben. Zusammenfassend kann das Herz-Tattoo f\u00fcr verschiedene Menschen unterschiedliche Bedeutungen haben und je nach Kontext und Verwendung auf unterschiedliche Weise interpretiert werden. Wir denken, dass ein Herz Liebe symbolisiert, und der Old School Stil verleiht dem Gef\u00fchl dieses gef\u00e4lschten Tattoos Authentizit\u00e4t!  Alle Tattoos von uns bei Like ink werden in Schweden hergestellt und sind einfach aufzutragen und abzuwaschen. Die Tattoos sehen toll aus, sind vegan und allergikerfreundlich.  Bogengr\u00f6\u00dfe: A5 Anzahl der Tattoos: 11 Tattoogr\u00f6\u00dfe: 4-7 cm\" \/>\n<meta property=\"og:url\" content=\"https:\/\/likeink.com\/de\/tatowierungen\/old-school-liebestattoos\/\" \/>\n<meta property=\"og:site_name\" content=\"Like ink\" \/>\n<meta property=\"article:publisher\" content=\"https:\/\/www.facebook.com\/LikeInkSe\" \/>\n<meta property=\"article:modified_time\" content=\"2026-03-17T12:14:19+00:00\" \/>\n<meta property=\"og:image\" content=\"https:\/\/likeink.com\/wp-content\/uploads\/2023\/05\/Oldschool-love-tattoos-likeink.jpg\" \/>\n\t<meta property=\"og:image:width\" content=\"1200\" \/>\n\t<meta property=\"og:image:height\" content=\"845\" \/>\n\t<meta property=\"og:image:type\" content=\"image\/jpeg\" \/>\n<meta name=\"twitter:card\" content=\"summary_large_image\" \/>\n<!-- \/ Yoast SEO Premium plugin. -->","yoast_head_json":{"title":"Old School Liebestattoos auf A5 - Like ink","description":"Old school Liebestattoos A5-arkilla. T\u00e4ydelliset polttari- tai h\u00e4\u00e4tapahtumiin. V\u00e4liaikaiset tatuoinnit ovat rakkautta! Old School Liebestattoos - Like ink","robots":{"index":"index","follow":"follow","max-snippet":"max-snippet:-1","max-image-preview":"max-image-preview:large","max-video-preview":"max-video-preview:-1"},"canonical":"https:\/\/likeink.com\/de\/tatowierungen\/old-school-liebestattoos\/","og_locale":"de_DE","og_type":"article","og_title":"Old School Liebestattoos","og_description":"Unsere B\u00f6gen mit gef\u00e4lschten Tattoos haben eine Gr\u00f6\u00dfe von 20X14 cm, und dieser Bogen ist gef\u00fcllt mit Herzen in verschiedenen Farben und Gr\u00f6\u00dfen. Wir drucken und versenden Ihre Bestellung innerhalb von 24 Stunden!  Dieser Bogen ist gef\u00fcllt mit Liebestattoos im klassischen Stil, Herzen, Bannern zusammen mit Blumen, einer Schwalbe und nat\u00fcrlich Totenk\u00f6pfen. Gef\u00e4lschte Tattoos sind perfekt f\u00fcr Hochzeiten, Junggesellenabschiede und Junggesellinnenabschiede.  Bestellen Sie einen Bogen mit wundersch\u00f6n illustrierten und stilvollen Old School Liebestattoos  Was bedeutet ein Herz-Tattoo?  Ein Herz-Tattoo kann je nach Tr\u00e4ger und Grund unterschiedliche Bedeutungen haben. F\u00fcr viele repr\u00e4sentiert das Herz Liebe, Leidenschaft und Romantik. Es kann auch die Liebe zu einer Person, einer Sache oder einem Ort symbolisieren. F\u00fcr andere kann ein Herz-Tattoo ein Symbol f\u00fcr Mut und St\u00e4rke sein oder ein Zeichen daf\u00fcr, dass sie eine Art von Hindernis oder Herzschmerz \u00fcberwunden haben. Zusammenfassend kann das Herz-Tattoo f\u00fcr verschiedene Menschen unterschiedliche Bedeutungen haben und je nach Kontext und Verwendung auf unterschiedliche Weise interpretiert werden. Wir denken, dass ein Herz Liebe symbolisiert, und der Old School Stil verleiht dem Gef\u00fchl dieses gef\u00e4lschten Tattoos Authentizit\u00e4t!  Alle Tattoos von uns bei Like ink werden in Schweden hergestellt und sind einfach aufzutragen und abzuwaschen. Die Tattoos sehen toll aus, sind vegan und allergikerfreundlich.  Bogengr\u00f6\u00dfe: A5 Anzahl der Tattoos: 11 Tattoogr\u00f6\u00dfe: 4-7 cm","og_url":"https:\/\/likeink.com\/de\/tatowierungen\/old-school-liebestattoos\/","og_site_name":"Like ink","article_publisher":"https:\/\/www.facebook.com\/LikeInkSe","article_modified_time":"2026-03-17T12:14:19+00:00","og_image":[{"width":1200,"height":845,"url":"https:\/\/likeink.com\/wp-content\/uploads\/2023\/05\/Oldschool-love-tattoos-likeink.jpg","type":"image\/jpeg"}],"twitter_card":"summary_large_image","schema":{"@context":"https:\/\/schema.org","@graph":[{"@type":"WebPage","@id":"https:\/\/likeink.com\/de\/tatowierungen\/old-school-liebestattoos\/","url":"https:\/\/likeink.com\/de\/tatowierungen\/old-school-liebestattoos\/","name":"Old School Liebestattoos auf A5 - Like ink","isPartOf":{"@id":"https:\/\/likeink.com\/de\/#website"},"primaryImageOfPage":{"@id":"https:\/\/likeink.com\/de\/tatowierungen\/old-school-liebestattoos\/#primaryimage"},"image":{"@id":"https:\/\/likeink.com\/de\/tatowierungen\/old-school-liebestattoos\/#primaryimage"},"thumbnailUrl":"https:\/\/likeink.com\/wp-content\/uploads\/2023\/05\/Oldschool-love-tattoos-likeink.jpg","datePublished":"2023-05-02T13:06:06+00:00","dateModified":"2026-03-17T12:14:19+00:00","description":"Old school Liebestattoos A5-arkilla. T\u00e4ydelliset polttari- tai h\u00e4\u00e4tapahtumiin. V\u00e4liaikaiset tatuoinnit ovat rakkautta! Old School Liebestattoos - Like ink","breadcrumb":{"@id":"https:\/\/likeink.com\/de\/tatowierungen\/old-school-liebestattoos\/#breadcrumb"},"inLanguage":"de","potentialAction":[{"@type":"ReadAction","target":["https:\/\/likeink.com\/de\/tatowierungen\/old-school-liebestattoos\/"]}]},{"@type":"ImageObject","inLanguage":"de","@id":"https:\/\/likeink.com\/de\/tatowierungen\/old-school-liebestattoos\/#primaryimage","url":"https:\/\/likeink.com\/wp-content\/uploads\/2023\/05\/Oldschool-love-tattoos-likeink.jpg","contentUrl":"https:\/\/likeink.com\/wp-content\/uploads\/2023\/05\/Oldschool-love-tattoos-likeink.jpg","width":1200,"height":845,"caption":"Einmal-Tattoos mit Liebesmotiven im Old-School-Stil."},{"@type":"BreadcrumbList","@id":"https:\/\/likeink.com\/de\/tatowierungen\/old-school-liebestattoos\/#breadcrumb","itemListElement":[{"@type":"ListItem","position":1,"name":"Hem","item":"https:\/\/likeink.com\/de\/"},{"@type":"ListItem","position":2,"name":"Shop","item":"https:\/\/likeink.com\/de\/shop\/"},{"@type":"ListItem","position":3,"name":"Old School Liebestattoos"}]},{"@type":"WebSite","@id":"https:\/\/likeink.com\/de\/#website","url":"https:\/\/likeink.com\/de\/","name":"Like ink","description":"Gestalten Sie Ihre eigenen tempor\u00e4ren Tattoos","potentialAction":[{"@type":"SearchAction","target":{"@type":"EntryPoint","urlTemplate":"https:\/\/likeink.com\/de\/?s={search_term_string}"},"query-input":{"@type":"PropertyValueSpecification","valueRequired":true,"valueName":"search_term_string"}}],"inLanguage":"de"}]}},"_links":{"self":[{"href":"https:\/\/likeink.com\/de\/wp-json\/wp\/v2\/product\/17660","targetHints":{"allow":["GET"]}}],"collection":[{"href":"https:\/\/likeink.com\/de\/wp-json\/wp\/v2\/product"}],"about":[{"href":"https:\/\/likeink.com\/de\/wp-json\/wp\/v2\/types\/product"}],"wp:featuredmedia":[{"embeddable":true,"href":"https:\/\/likeink.com\/de\/wp-json\/wp\/v2\/media\/17648"}],"wp:attachment":[{"href":"https:\/\/likeink.com\/de\/wp-json\/wp\/v2\/media?parent=17660"}],"wp:term":[{"taxonomy":"product_brand","embeddable":true,"href":"https:\/\/likeink.com\/de\/wp-json\/wp\/v2\/product_brand?post=17660"},{"taxonomy":"product_cat","embeddable":true,"href":"https:\/\/likeink.com\/de\/wp-json\/wp\/v2\/product_cat?post=17660"},{"taxonomy":"product_tag","embeddable":true,"href":"https:\/\/likeink.com\/de\/wp-json\/wp\/v2\/product_tag?post=17660"}],"curies":[{"name":"wp","href":"https:\/\/api.w.org\/{rel}","templated":true}]}}