{"id":17979,"date":"2023-05-09T11:35:43","date_gmt":"2023-05-09T11:35:43","guid":{"rendered":"https:\/\/likeink.se\/gnuggis\/birthday-dino-tattoos\/"},"modified":"2026-03-17T12:14:31","modified_gmt":"2026-03-17T12:14:31","slug":"geburtstag-dino-tattoos","status":"publish","type":"product","link":"https:\/\/likeink.com\/de\/tatowierungen\/geburtstag-dino-tattoos\/","title":{"rendered":"Geburtstag Dino-Tattoos"},"content":{"rendered":"","protected":false},"excerpt":{"rendered":"<p>Geburtstag Dino Fake Tattoos! Perfekt f\u00fcr jede Dino-Themenparty, lassen sich diese leicht aufzubringenden Designs aufbringen und sorgen bei Ihren G\u00e4sten f\u00fcr Begeisterung.<\/p>\n<p>Wir pr\u00e4sentieren unsere Geburtstag Dinosaurier Fake Tattoos &#8211; die perfekte Erg\u00e4nzung f\u00fcr den besonderen Tag eines jeden Dino-Liebhabers! Diese lebendigen und verspielten Designs bringen Ihre Dinosaurier-Themenparty zum Leben und lassen alle das Gef\u00fchl haben, Teil der Jurazeit zu sein. Jedes A5-Blatt enth\u00e4lt eine Vielzahl einzigartiger, hochwertiger tempor\u00e4rer Tattoos mit einer Auswahl faszinierender Dinosaurier. Die Tattoos bestehen aus ungiftigen, hautfreundlichen Materialien, um ein sicheres und angenehmes Erlebnis f\u00fcr alle Altersgruppen zu gew\u00e4hrleisten.<\/p>\n<h2>Bestellen Sie Fake-Tattoos mit s\u00fc\u00dfen Dinosauriern f\u00fcr die Kinderparty<\/h2>\n<p>Das Auftragen dieser tempor\u00e4ren Tattoos ist kinderleicht &#8211; dr\u00fccken Sie sie einfach mit einem feuchten Tuch auf die saubere, trockene Haut und beobachten Sie, wie sie in nur wenigen Sekunden \u00fcbertragen werden. Wenn es an der Zeit ist, sie zu entfernen, reichen etwas Seife und Wasser aus.<\/p>\n<p>Mit unseren Geburtstag Dinosaurier Fake Tattoos schaffen Sie unvergessliche Erinnerungen und befl\u00fcgeln die Fantasie jedes Gastes auf Ihrer Party. Verpassen Sie nicht diese dino-mite Erg\u00e4nzung zu Ihrer Feier!<\/p>\n<p>Blattgr\u00f6\u00dfe: A5<\/p>\n<p>Anzahl der Tattoos: 14<\/p>\n<p>Gr\u00f6\u00dfe: 3,5-4,5 cm<\/p>\n","protected":false},"featured_media":17949,"template":"","meta":[],"product_brand":[],"product_cat":[55,176],"product_tag":[],"class_list":{"0":"post-17979","1":"product","2":"type-product","3":"status-publish","4":"has-post-thumbnail","6":"product_cat-fertige-boegen","7":"product_cat-taetowierungen-fuer-kinder","9":"first","10":"instock","11":"taxable","12":"shipping-taxable","13":"purchasable","14":"product-type-simple"},"yoast_head":"<!-- This site is optimized with the Yoast SEO Premium plugin v26.2 (Yoast SEO v27.4) - https:\/\/yoast.com\/product\/yoast-seo-premium-wordpress\/ -->\n<title>Geburtstag Dino Tattoos A5 I Dino Fake Tattoos - Like ink<\/title>\n<meta name=\"description\" content=\"Geburtstag Dino Tattoos! Perfekt f\u00fcr jede Dino-Themenparty! Geburtstag Dinosaurier Fake Tattoo - Like ink\" \/>\n<meta name=\"robots\" content=\"index, follow, max-snippet:-1, max-image-preview:large, max-video-preview:-1\" \/>\n<link rel=\"canonical\" href=\"https:\/\/likeink.com\/de\/tatowierungen\/geburtstag-dino-tattoos\/\" \/>\n<meta property=\"og:locale\" content=\"de_DE\" \/>\n<meta property=\"og:type\" content=\"article\" \/>\n<meta property=\"og:title\" content=\"Geburtstag Dino-Tattoos\" \/>\n<meta property=\"og:description\" content=\"Geburtstag Dino Fake Tattoos! Perfekt f\u00fcr jede Dino-Themenparty, lassen sich diese leicht aufzubringenden Designs aufbringen und sorgen bei Ihren G\u00e4sten f\u00fcr Begeisterung.  Wir pr\u00e4sentieren unsere Geburtstag Dinosaurier Fake Tattoos - die perfekte Erg\u00e4nzung f\u00fcr den besonderen Tag eines jeden Dino-Liebhabers! Diese lebendigen und verspielten Designs bringen Ihre Dinosaurier-Themenparty zum Leben und lassen alle das Gef\u00fchl haben, Teil der Jurazeit zu sein. Jedes A5-Blatt enth\u00e4lt eine Vielzahl einzigartiger, hochwertiger tempor\u00e4rer Tattoos mit einer Auswahl faszinierender Dinosaurier. Die Tattoos bestehen aus ungiftigen, hautfreundlichen Materialien, um ein sicheres und angenehmes Erlebnis f\u00fcr alle Altersgruppen zu gew\u00e4hrleisten.  Bestellen Sie Fake-Tattoos mit s\u00fc\u00dfen Dinosauriern f\u00fcr die Kinderparty  Das Auftragen dieser tempor\u00e4ren Tattoos ist kinderleicht - dr\u00fccken Sie sie einfach mit einem feuchten Tuch auf die saubere, trockene Haut und beobachten Sie, wie sie in nur wenigen Sekunden \u00fcbertragen werden. Wenn es an der Zeit ist, sie zu entfernen, reichen etwas Seife und Wasser aus.  Mit unseren Geburtstag Dinosaurier Fake Tattoos schaffen Sie unvergessliche Erinnerungen und befl\u00fcgeln die Fantasie jedes Gastes auf Ihrer Party. Verpassen Sie nicht diese dino-mite Erg\u00e4nzung zu Ihrer Feier!  Blattgr\u00f6\u00dfe: A5  Anzahl der Tattoos: 14  Gr\u00f6\u00dfe: 3,5-4,5 cm\" \/>\n<meta property=\"og:url\" content=\"https:\/\/likeink.com\/de\/tatowierungen\/geburtstag-dino-tattoos\/\" \/>\n<meta property=\"og:site_name\" content=\"Like ink\" \/>\n<meta property=\"article:publisher\" content=\"https:\/\/www.facebook.com\/LikeInkSe\" \/>\n<meta property=\"article:modified_time\" content=\"2026-03-17T12:14:31+00:00\" \/>\n<meta property=\"og:image\" content=\"https:\/\/likeink.com\/wp-content\/uploads\/2023\/05\/Fodelsedag-dinosaurier-likeink-gnuggisar.jpg\" \/>\n\t<meta property=\"og:image:width\" content=\"2481\" \/>\n\t<meta property=\"og:image:height\" content=\"1749\" \/>\n\t<meta property=\"og:image:type\" content=\"image\/jpeg\" \/>\n<meta name=\"twitter:card\" content=\"summary_large_image\" \/>\n<script type=\"application\/ld+json\" class=\"yoast-schema-graph\">{\"@context\":\"https:\\\/\\\/schema.org\",\"@graph\":[{\"@type\":\"WebPage\",\"@id\":\"https:\\\/\\\/likeink.com\\\/de\\\/tatowierungen\\\/geburtstag-dino-tattoos\\\/\",\"url\":\"https:\\\/\\\/likeink.com\\\/de\\\/tatowierungen\\\/geburtstag-dino-tattoos\\\/\",\"name\":\"Geburtstag Dino Tattoos A5 I Dino Fake Tattoos - Like ink\",\"isPartOf\":{\"@id\":\"https:\\\/\\\/likeink.com\\\/de\\\/#website\"},\"primaryImageOfPage\":{\"@id\":\"https:\\\/\\\/likeink.com\\\/de\\\/tatowierungen\\\/geburtstag-dino-tattoos\\\/#primaryimage\"},\"image\":{\"@id\":\"https:\\\/\\\/likeink.com\\\/de\\\/tatowierungen\\\/geburtstag-dino-tattoos\\\/#primaryimage\"},\"thumbnailUrl\":\"https:\\\/\\\/likeink.com\\\/wp-content\\\/uploads\\\/2023\\\/05\\\/Fodelsedag-dinosaurier-likeink-gnuggisar.jpg\",\"datePublished\":\"2023-05-09T11:35:43+00:00\",\"dateModified\":\"2026-03-17T12:14:31+00:00\",\"description\":\"Geburtstag Dino Tattoos! Perfekt f\u00fcr jede Dino-Themenparty! Geburtstag Dinosaurier Fake Tattoo - Like ink\",\"breadcrumb\":{\"@id\":\"https:\\\/\\\/likeink.com\\\/de\\\/tatowierungen\\\/geburtstag-dino-tattoos\\\/#breadcrumb\"},\"inLanguage\":\"de\",\"potentialAction\":[{\"@type\":\"ReadAction\",\"target\":[\"https:\\\/\\\/likeink.com\\\/de\\\/tatowierungen\\\/geburtstag-dino-tattoos\\\/\"]}]},{\"@type\":\"ImageObject\",\"inLanguage\":\"de\",\"@id\":\"https:\\\/\\\/likeink.com\\\/de\\\/tatowierungen\\\/geburtstag-dino-tattoos\\\/#primaryimage\",\"url\":\"https:\\\/\\\/likeink.com\\\/wp-content\\\/uploads\\\/2023\\\/05\\\/Fodelsedag-dinosaurier-likeink-gnuggisar.jpg\",\"contentUrl\":\"https:\\\/\\\/likeink.com\\\/wp-content\\\/uploads\\\/2023\\\/05\\\/Fodelsedag-dinosaurier-likeink-gnuggisar.jpg\",\"width\":2481,\"height\":1749,\"caption\":\"Feiere deine Party mit Dinosaurier tempor\u00e4ren Tattoos von Like ink. Guter Preis.\"},{\"@type\":\"BreadcrumbList\",\"@id\":\"https:\\\/\\\/likeink.com\\\/de\\\/tatowierungen\\\/geburtstag-dino-tattoos\\\/#breadcrumb\",\"itemListElement\":[{\"@type\":\"ListItem\",\"position\":1,\"name\":\"Hem\",\"item\":\"https:\\\/\\\/likeink.com\\\/de\\\/\"},{\"@type\":\"ListItem\",\"position\":2,\"name\":\"Shop\",\"item\":\"https:\\\/\\\/likeink.com\\\/de\\\/shop\\\/\"},{\"@type\":\"ListItem\",\"position\":3,\"name\":\"Geburtstag Dino-Tattoos\"}]},{\"@type\":\"WebSite\",\"@id\":\"https:\\\/\\\/likeink.com\\\/de\\\/#website\",\"url\":\"https:\\\/\\\/likeink.com\\\/de\\\/\",\"name\":\"Like ink\",\"description\":\"Gestalten Sie Ihre eigenen tempor\u00e4ren Tattoos\",\"potentialAction\":[{\"@type\":\"SearchAction\",\"target\":{\"@type\":\"EntryPoint\",\"urlTemplate\":\"https:\\\/\\\/likeink.com\\\/de\\\/?s={search_term_string}\"},\"query-input\":{\"@type\":\"PropertyValueSpecification\",\"valueRequired\":true,\"valueName\":\"search_term_string\"}}],\"inLanguage\":\"de\"}]}<\/script>\n<!-- \/ Yoast SEO Premium plugin. -->","yoast_head_json":{"title":"Geburtstag Dino Tattoos A5 I Dino Fake Tattoos - Like ink","description":"Geburtstag Dino Tattoos! Perfekt f\u00fcr jede Dino-Themenparty! Geburtstag Dinosaurier Fake Tattoo - Like ink","robots":{"index":"index","follow":"follow","max-snippet":"max-snippet:-1","max-image-preview":"max-image-preview:large","max-video-preview":"max-video-preview:-1"},"canonical":"https:\/\/likeink.com\/de\/tatowierungen\/geburtstag-dino-tattoos\/","og_locale":"de_DE","og_type":"article","og_title":"Geburtstag Dino-Tattoos","og_description":"Geburtstag Dino Fake Tattoos! Perfekt f\u00fcr jede Dino-Themenparty, lassen sich diese leicht aufzubringenden Designs aufbringen und sorgen bei Ihren G\u00e4sten f\u00fcr Begeisterung.  Wir pr\u00e4sentieren unsere Geburtstag Dinosaurier Fake Tattoos - die perfekte Erg\u00e4nzung f\u00fcr den besonderen Tag eines jeden Dino-Liebhabers! Diese lebendigen und verspielten Designs bringen Ihre Dinosaurier-Themenparty zum Leben und lassen alle das Gef\u00fchl haben, Teil der Jurazeit zu sein. Jedes A5-Blatt enth\u00e4lt eine Vielzahl einzigartiger, hochwertiger tempor\u00e4rer Tattoos mit einer Auswahl faszinierender Dinosaurier. Die Tattoos bestehen aus ungiftigen, hautfreundlichen Materialien, um ein sicheres und angenehmes Erlebnis f\u00fcr alle Altersgruppen zu gew\u00e4hrleisten.  Bestellen Sie Fake-Tattoos mit s\u00fc\u00dfen Dinosauriern f\u00fcr die Kinderparty  Das Auftragen dieser tempor\u00e4ren Tattoos ist kinderleicht - dr\u00fccken Sie sie einfach mit einem feuchten Tuch auf die saubere, trockene Haut und beobachten Sie, wie sie in nur wenigen Sekunden \u00fcbertragen werden. Wenn es an der Zeit ist, sie zu entfernen, reichen etwas Seife und Wasser aus.  Mit unseren Geburtstag Dinosaurier Fake Tattoos schaffen Sie unvergessliche Erinnerungen und befl\u00fcgeln die Fantasie jedes Gastes auf Ihrer Party. Verpassen Sie nicht diese dino-mite Erg\u00e4nzung zu Ihrer Feier!  Blattgr\u00f6\u00dfe: A5  Anzahl der Tattoos: 14  Gr\u00f6\u00dfe: 3,5-4,5 cm","og_url":"https:\/\/likeink.com\/de\/tatowierungen\/geburtstag-dino-tattoos\/","og_site_name":"Like ink","article_publisher":"https:\/\/www.facebook.com\/LikeInkSe","article_modified_time":"2026-03-17T12:14:31+00:00","og_image":[{"width":2481,"height":1749,"url":"https:\/\/likeink.com\/wp-content\/uploads\/2023\/05\/Fodelsedag-dinosaurier-likeink-gnuggisar.jpg","type":"image\/jpeg"}],"twitter_card":"summary_large_image","schema":{"@context":"https:\/\/schema.org","@graph":[{"@type":"WebPage","@id":"https:\/\/likeink.com\/de\/tatowierungen\/geburtstag-dino-tattoos\/","url":"https:\/\/likeink.com\/de\/tatowierungen\/geburtstag-dino-tattoos\/","name":"Geburtstag Dino Tattoos A5 I Dino Fake Tattoos - Like ink","isPartOf":{"@id":"https:\/\/likeink.com\/de\/#website"},"primaryImageOfPage":{"@id":"https:\/\/likeink.com\/de\/tatowierungen\/geburtstag-dino-tattoos\/#primaryimage"},"image":{"@id":"https:\/\/likeink.com\/de\/tatowierungen\/geburtstag-dino-tattoos\/#primaryimage"},"thumbnailUrl":"https:\/\/likeink.com\/wp-content\/uploads\/2023\/05\/Fodelsedag-dinosaurier-likeink-gnuggisar.jpg","datePublished":"2023-05-09T11:35:43+00:00","dateModified":"2026-03-17T12:14:31+00:00","description":"Geburtstag Dino Tattoos! Perfekt f\u00fcr jede Dino-Themenparty! Geburtstag Dinosaurier Fake Tattoo - Like ink","breadcrumb":{"@id":"https:\/\/likeink.com\/de\/tatowierungen\/geburtstag-dino-tattoos\/#breadcrumb"},"inLanguage":"de","potentialAction":[{"@type":"ReadAction","target":["https:\/\/likeink.com\/de\/tatowierungen\/geburtstag-dino-tattoos\/"]}]},{"@type":"ImageObject","inLanguage":"de","@id":"https:\/\/likeink.com\/de\/tatowierungen\/geburtstag-dino-tattoos\/#primaryimage","url":"https:\/\/likeink.com\/wp-content\/uploads\/2023\/05\/Fodelsedag-dinosaurier-likeink-gnuggisar.jpg","contentUrl":"https:\/\/likeink.com\/wp-content\/uploads\/2023\/05\/Fodelsedag-dinosaurier-likeink-gnuggisar.jpg","width":2481,"height":1749,"caption":"Feiere deine Party mit Dinosaurier tempor\u00e4ren Tattoos von Like ink. Guter Preis."},{"@type":"BreadcrumbList","@id":"https:\/\/likeink.com\/de\/tatowierungen\/geburtstag-dino-tattoos\/#breadcrumb","itemListElement":[{"@type":"ListItem","position":1,"name":"Hem","item":"https:\/\/likeink.com\/de\/"},{"@type":"ListItem","position":2,"name":"Shop","item":"https:\/\/likeink.com\/de\/shop\/"},{"@type":"ListItem","position":3,"name":"Geburtstag Dino-Tattoos"}]},{"@type":"WebSite","@id":"https:\/\/likeink.com\/de\/#website","url":"https:\/\/likeink.com\/de\/","name":"Like ink","description":"Gestalten Sie Ihre eigenen tempor\u00e4ren Tattoos","potentialAction":[{"@type":"SearchAction","target":{"@type":"EntryPoint","urlTemplate":"https:\/\/likeink.com\/de\/?s={search_term_string}"},"query-input":{"@type":"PropertyValueSpecification","valueRequired":true,"valueName":"search_term_string"}}],"inLanguage":"de"}]}},"_links":{"self":[{"href":"https:\/\/likeink.com\/de\/wp-json\/wp\/v2\/product\/17979","targetHints":{"allow":["GET"]}}],"collection":[{"href":"https:\/\/likeink.com\/de\/wp-json\/wp\/v2\/product"}],"about":[{"href":"https:\/\/likeink.com\/de\/wp-json\/wp\/v2\/types\/product"}],"wp:featuredmedia":[{"embeddable":true,"href":"https:\/\/likeink.com\/de\/wp-json\/wp\/v2\/media\/17949"}],"wp:attachment":[{"href":"https:\/\/likeink.com\/de\/wp-json\/wp\/v2\/media?parent=17979"}],"wp:term":[{"taxonomy":"product_brand","embeddable":true,"href":"https:\/\/likeink.com\/de\/wp-json\/wp\/v2\/product_brand?post=17979"},{"taxonomy":"product_cat","embeddable":true,"href":"https:\/\/likeink.com\/de\/wp-json\/wp\/v2\/product_cat?post=17979"},{"taxonomy":"product_tag","embeddable":true,"href":"https:\/\/likeink.com\/de\/wp-json\/wp\/v2\/product_tag?post=17979"}],"curies":[{"name":"wp","href":"https:\/\/api.w.org\/{rel}","templated":true}]}}