{"id":17993,"date":"2023-05-09T12:41:12","date_gmt":"2023-05-09T12:41:12","guid":{"rendered":"https:\/\/likeink.se\/gnuggis\/birthday-party-dog-tattoos\/"},"modified":"2026-03-17T12:14:31","modified_gmt":"2026-03-17T12:14:31","slug":"geburtstags-hunde-taetowierungen","status":"publish","type":"product","link":"https:\/\/likeink.com\/de\/tatowierungen\/geburtstags-hunde-taetowierungen\/","title":{"rendered":"Geburtstags-Hunde-T\u00e4towierungen"},"content":{"rendered":"","protected":false},"excerpt":{"rendered":"<p>Lassen Sie uns unsere entz\u00fcckenden tempor\u00e4ren T\u00e4towierungen in Form von Geburtstagshunden vorstellen, speziell f\u00fcr Kinder entwickelt, die unsere vierbeinigen Freunde lieben! Diese charmanten und leicht aufzubringenden tempor\u00e4ren T\u00e4towierungen werden dem Geburtstagsfest das gewisse Extra verleihen. Jedes Blatt enth\u00e4lt eine Vielzahl von s\u00fc\u00dfen, hochwertigen Motiven mit verspielten Hunden, Ballons und anderen Geburtstagselementen.<\/p>\n<h2>Bestellen Sie Fake-Tattoos mit s\u00fc\u00dfen Hunden f\u00fcr die Party<\/h2>\n<p>Wir stellen unsere Abziehbilder aus ungiftigen, hautfreundlichen Materialien her, sodass diese T\u00e4towierungen nat\u00fcrlich sicher und spa\u00dfig f\u00fcr Kinder jeden Alters sind. Die Anwendung ist super einfach \u2013 dr\u00fccken Sie einfach die T\u00e4towierungen auf saubere, trockene Haut mit einem feuchten Tuch und sehen Sie, wie sie innerhalb weniger Sekunden \u00fcbertragen werden. Wenn es Zeit ist, sie zu entfernen, wird etwas Seife und Wasser den Trick tun.<\/p>\n<p>Mit unseren Geburtstags-Hunde-T\u00e4towierungen kreieren Sie sch\u00f6ne Erinnerungen und jeder Gast auf Ihrer Party wird w\u00e4hrend der Feierlichkeiten ein bisschen gl\u00fccklicher sein. Verpassen Sie nicht diese fan-tastische Erg\u00e4nzung zu Ihrem besonderen Tag!<\/p>\n<p>Blattgr\u00f6\u00dfe: A5<\/p>\n<p>Anzahl der T\u00e4towierungen: 15<\/p>\n<p>Gr\u00f6\u00dfe: 4 cm<\/p>\n","protected":false},"featured_media":17956,"template":"","meta":[],"product_brand":[],"product_cat":[55,176],"product_tag":[],"class_list":{"0":"post-17993","1":"product","2":"type-product","3":"status-publish","4":"has-post-thumbnail","6":"product_cat-fertige-boegen","7":"product_cat-taetowierungen-fuer-kinder","9":"first","10":"instock","11":"taxable","12":"shipping-taxable","13":"purchasable","14":"product-type-simple"},"yoast_head":"<!-- This site is optimized with the Yoast SEO Premium plugin v26.2 (Yoast SEO v27.4) - https:\/\/yoast.com\/product\/yoast-seo-premium-wordpress\/ -->\n<title>Geburtstags-Hunde-T\u00e4towierungen I Fake T\u00e4towierungen - Like ink<\/title>\n<meta name=\"description\" content=\"Geburtstags-Hunde-T\u00e4towierungen. Feiern Sie Ihren Geburtstag mit diesen s\u00fc\u00dfen Hundet\u00e4towierungen! Kostenloser Versand und schnelle Lieferung! - Like ink\" \/>\n<meta name=\"robots\" content=\"index, follow, max-snippet:-1, max-image-preview:large, max-video-preview:-1\" \/>\n<link rel=\"canonical\" href=\"https:\/\/likeink.com\/de\/tatowierungen\/geburtstags-hunde-taetowierungen\/\" \/>\n<meta property=\"og:locale\" content=\"de_DE\" \/>\n<meta property=\"og:type\" content=\"article\" \/>\n<meta property=\"og:title\" content=\"Geburtstags-Hunde-T\u00e4towierungen\" \/>\n<meta property=\"og:description\" content=\"Lassen Sie uns unsere entz\u00fcckenden tempor\u00e4ren T\u00e4towierungen in Form von Geburtstagshunden vorstellen, speziell f\u00fcr Kinder entwickelt, die unsere vierbeinigen Freunde lieben! Diese charmanten und leicht aufzubringenden tempor\u00e4ren T\u00e4towierungen werden dem Geburtstagsfest das gewisse Extra verleihen. Jedes Blatt enth\u00e4lt eine Vielzahl von s\u00fc\u00dfen, hochwertigen Motiven mit verspielten Hunden, Ballons und anderen Geburtstagselementen.  Bestellen Sie Fake-Tattoos mit s\u00fc\u00dfen Hunden f\u00fcr die Party  Wir stellen unsere Abziehbilder aus ungiftigen, hautfreundlichen Materialien her, sodass diese T\u00e4towierungen nat\u00fcrlich sicher und spa\u00dfig f\u00fcr Kinder jeden Alters sind. Die Anwendung ist super einfach \u2013 dr\u00fccken Sie einfach die T\u00e4towierungen auf saubere, trockene Haut mit einem feuchten Tuch und sehen Sie, wie sie innerhalb weniger Sekunden \u00fcbertragen werden. Wenn es Zeit ist, sie zu entfernen, wird etwas Seife und Wasser den Trick tun.  Mit unseren Geburtstags-Hunde-T\u00e4towierungen kreieren Sie sch\u00f6ne Erinnerungen und jeder Gast auf Ihrer Party wird w\u00e4hrend der Feierlichkeiten ein bisschen gl\u00fccklicher sein. Verpassen Sie nicht diese fan-tastische Erg\u00e4nzung zu Ihrem besonderen Tag!  Blattgr\u00f6\u00dfe: A5  Anzahl der T\u00e4towierungen: 15  Gr\u00f6\u00dfe: 4 cm\" \/>\n<meta property=\"og:url\" content=\"https:\/\/likeink.com\/de\/tatowierungen\/geburtstags-hunde-taetowierungen\/\" \/>\n<meta property=\"og:site_name\" content=\"Like ink\" \/>\n<meta property=\"article:publisher\" content=\"https:\/\/www.facebook.com\/LikeInkSe\" \/>\n<meta property=\"article:modified_time\" content=\"2026-03-17T12:14:31+00:00\" \/>\n<meta property=\"og:image\" content=\"https:\/\/likeink.com\/wp-content\/uploads\/2023\/05\/Fodelsedags-hundar-gnuggis-likeink.jpg\" \/>\n\t<meta property=\"og:image:width\" content=\"1400\" \/>\n\t<meta property=\"og:image:height\" content=\"986\" \/>\n\t<meta property=\"og:image:type\" content=\"image\/jpeg\" \/>\n<meta name=\"twitter:card\" content=\"summary_large_image\" \/>\n<script type=\"application\/ld+json\" class=\"yoast-schema-graph\">{\"@context\":\"https:\\\/\\\/schema.org\",\"@graph\":[{\"@type\":\"WebPage\",\"@id\":\"https:\\\/\\\/likeink.com\\\/de\\\/tatowierungen\\\/geburtstags-hunde-taetowierungen\\\/\",\"url\":\"https:\\\/\\\/likeink.com\\\/de\\\/tatowierungen\\\/geburtstags-hunde-taetowierungen\\\/\",\"name\":\"Geburtstags-Hunde-T\u00e4towierungen I Fake T\u00e4towierungen - Like ink\",\"isPartOf\":{\"@id\":\"https:\\\/\\\/likeink.com\\\/de\\\/#website\"},\"primaryImageOfPage\":{\"@id\":\"https:\\\/\\\/likeink.com\\\/de\\\/tatowierungen\\\/geburtstags-hunde-taetowierungen\\\/#primaryimage\"},\"image\":{\"@id\":\"https:\\\/\\\/likeink.com\\\/de\\\/tatowierungen\\\/geburtstags-hunde-taetowierungen\\\/#primaryimage\"},\"thumbnailUrl\":\"https:\\\/\\\/likeink.com\\\/wp-content\\\/uploads\\\/2023\\\/05\\\/Fodelsedags-hundar-gnuggis-likeink.jpg\",\"datePublished\":\"2023-05-09T12:41:12+00:00\",\"dateModified\":\"2026-03-17T12:14:31+00:00\",\"description\":\"Geburtstags-Hunde-T\u00e4towierungen. Feiern Sie Ihren Geburtstag mit diesen s\u00fc\u00dfen Hundet\u00e4towierungen! Kostenloser Versand und schnelle Lieferung! - Like ink\",\"breadcrumb\":{\"@id\":\"https:\\\/\\\/likeink.com\\\/de\\\/tatowierungen\\\/geburtstags-hunde-taetowierungen\\\/#breadcrumb\"},\"inLanguage\":\"de\",\"potentialAction\":[{\"@type\":\"ReadAction\",\"target\":[\"https:\\\/\\\/likeink.com\\\/de\\\/tatowierungen\\\/geburtstags-hunde-taetowierungen\\\/\"]}]},{\"@type\":\"ImageObject\",\"inLanguage\":\"de\",\"@id\":\"https:\\\/\\\/likeink.com\\\/de\\\/tatowierungen\\\/geburtstags-hunde-taetowierungen\\\/#primaryimage\",\"url\":\"https:\\\/\\\/likeink.com\\\/wp-content\\\/uploads\\\/2023\\\/05\\\/Fodelsedags-hundar-gnuggis-likeink.jpg\",\"contentUrl\":\"https:\\\/\\\/likeink.com\\\/wp-content\\\/uploads\\\/2023\\\/05\\\/Fodelsedags-hundar-gnuggis-likeink.jpg\",\"width\":1400,\"height\":986,\"caption\":\"Falsche Tattoos von Hunden f\u00fcr deine Party.\"},{\"@type\":\"BreadcrumbList\",\"@id\":\"https:\\\/\\\/likeink.com\\\/de\\\/tatowierungen\\\/geburtstags-hunde-taetowierungen\\\/#breadcrumb\",\"itemListElement\":[{\"@type\":\"ListItem\",\"position\":1,\"name\":\"Hem\",\"item\":\"https:\\\/\\\/likeink.com\\\/de\\\/\"},{\"@type\":\"ListItem\",\"position\":2,\"name\":\"Shop\",\"item\":\"https:\\\/\\\/likeink.com\\\/de\\\/shop\\\/\"},{\"@type\":\"ListItem\",\"position\":3,\"name\":\"Geburtstags-Hunde-T\u00e4towierungen\"}]},{\"@type\":\"WebSite\",\"@id\":\"https:\\\/\\\/likeink.com\\\/de\\\/#website\",\"url\":\"https:\\\/\\\/likeink.com\\\/de\\\/\",\"name\":\"Like ink\",\"description\":\"Gestalten Sie Ihre eigenen tempor\u00e4ren Tattoos\",\"potentialAction\":[{\"@type\":\"SearchAction\",\"target\":{\"@type\":\"EntryPoint\",\"urlTemplate\":\"https:\\\/\\\/likeink.com\\\/de\\\/?s={search_term_string}\"},\"query-input\":{\"@type\":\"PropertyValueSpecification\",\"valueRequired\":true,\"valueName\":\"search_term_string\"}}],\"inLanguage\":\"de\"}]}<\/script>\n<!-- \/ Yoast SEO Premium plugin. -->","yoast_head_json":{"title":"Geburtstags-Hunde-T\u00e4towierungen I Fake T\u00e4towierungen - Like ink","description":"Geburtstags-Hunde-T\u00e4towierungen. Feiern Sie Ihren Geburtstag mit diesen s\u00fc\u00dfen Hundet\u00e4towierungen! Kostenloser Versand und schnelle Lieferung! - Like ink","robots":{"index":"index","follow":"follow","max-snippet":"max-snippet:-1","max-image-preview":"max-image-preview:large","max-video-preview":"max-video-preview:-1"},"canonical":"https:\/\/likeink.com\/de\/tatowierungen\/geburtstags-hunde-taetowierungen\/","og_locale":"de_DE","og_type":"article","og_title":"Geburtstags-Hunde-T\u00e4towierungen","og_description":"Lassen Sie uns unsere entz\u00fcckenden tempor\u00e4ren T\u00e4towierungen in Form von Geburtstagshunden vorstellen, speziell f\u00fcr Kinder entwickelt, die unsere vierbeinigen Freunde lieben! Diese charmanten und leicht aufzubringenden tempor\u00e4ren T\u00e4towierungen werden dem Geburtstagsfest das gewisse Extra verleihen. Jedes Blatt enth\u00e4lt eine Vielzahl von s\u00fc\u00dfen, hochwertigen Motiven mit verspielten Hunden, Ballons und anderen Geburtstagselementen.  Bestellen Sie Fake-Tattoos mit s\u00fc\u00dfen Hunden f\u00fcr die Party  Wir stellen unsere Abziehbilder aus ungiftigen, hautfreundlichen Materialien her, sodass diese T\u00e4towierungen nat\u00fcrlich sicher und spa\u00dfig f\u00fcr Kinder jeden Alters sind. Die Anwendung ist super einfach \u2013 dr\u00fccken Sie einfach die T\u00e4towierungen auf saubere, trockene Haut mit einem feuchten Tuch und sehen Sie, wie sie innerhalb weniger Sekunden \u00fcbertragen werden. Wenn es Zeit ist, sie zu entfernen, wird etwas Seife und Wasser den Trick tun.  Mit unseren Geburtstags-Hunde-T\u00e4towierungen kreieren Sie sch\u00f6ne Erinnerungen und jeder Gast auf Ihrer Party wird w\u00e4hrend der Feierlichkeiten ein bisschen gl\u00fccklicher sein. Verpassen Sie nicht diese fan-tastische Erg\u00e4nzung zu Ihrem besonderen Tag!  Blattgr\u00f6\u00dfe: A5  Anzahl der T\u00e4towierungen: 15  Gr\u00f6\u00dfe: 4 cm","og_url":"https:\/\/likeink.com\/de\/tatowierungen\/geburtstags-hunde-taetowierungen\/","og_site_name":"Like ink","article_publisher":"https:\/\/www.facebook.com\/LikeInkSe","article_modified_time":"2026-03-17T12:14:31+00:00","og_image":[{"width":1400,"height":986,"url":"https:\/\/likeink.com\/wp-content\/uploads\/2023\/05\/Fodelsedags-hundar-gnuggis-likeink.jpg","type":"image\/jpeg"}],"twitter_card":"summary_large_image","schema":{"@context":"https:\/\/schema.org","@graph":[{"@type":"WebPage","@id":"https:\/\/likeink.com\/de\/tatowierungen\/geburtstags-hunde-taetowierungen\/","url":"https:\/\/likeink.com\/de\/tatowierungen\/geburtstags-hunde-taetowierungen\/","name":"Geburtstags-Hunde-T\u00e4towierungen I Fake T\u00e4towierungen - Like ink","isPartOf":{"@id":"https:\/\/likeink.com\/de\/#website"},"primaryImageOfPage":{"@id":"https:\/\/likeink.com\/de\/tatowierungen\/geburtstags-hunde-taetowierungen\/#primaryimage"},"image":{"@id":"https:\/\/likeink.com\/de\/tatowierungen\/geburtstags-hunde-taetowierungen\/#primaryimage"},"thumbnailUrl":"https:\/\/likeink.com\/wp-content\/uploads\/2023\/05\/Fodelsedags-hundar-gnuggis-likeink.jpg","datePublished":"2023-05-09T12:41:12+00:00","dateModified":"2026-03-17T12:14:31+00:00","description":"Geburtstags-Hunde-T\u00e4towierungen. Feiern Sie Ihren Geburtstag mit diesen s\u00fc\u00dfen Hundet\u00e4towierungen! Kostenloser Versand und schnelle Lieferung! - Like ink","breadcrumb":{"@id":"https:\/\/likeink.com\/de\/tatowierungen\/geburtstags-hunde-taetowierungen\/#breadcrumb"},"inLanguage":"de","potentialAction":[{"@type":"ReadAction","target":["https:\/\/likeink.com\/de\/tatowierungen\/geburtstags-hunde-taetowierungen\/"]}]},{"@type":"ImageObject","inLanguage":"de","@id":"https:\/\/likeink.com\/de\/tatowierungen\/geburtstags-hunde-taetowierungen\/#primaryimage","url":"https:\/\/likeink.com\/wp-content\/uploads\/2023\/05\/Fodelsedags-hundar-gnuggis-likeink.jpg","contentUrl":"https:\/\/likeink.com\/wp-content\/uploads\/2023\/05\/Fodelsedags-hundar-gnuggis-likeink.jpg","width":1400,"height":986,"caption":"Falsche Tattoos von Hunden f\u00fcr deine Party."},{"@type":"BreadcrumbList","@id":"https:\/\/likeink.com\/de\/tatowierungen\/geburtstags-hunde-taetowierungen\/#breadcrumb","itemListElement":[{"@type":"ListItem","position":1,"name":"Hem","item":"https:\/\/likeink.com\/de\/"},{"@type":"ListItem","position":2,"name":"Shop","item":"https:\/\/likeink.com\/de\/shop\/"},{"@type":"ListItem","position":3,"name":"Geburtstags-Hunde-T\u00e4towierungen"}]},{"@type":"WebSite","@id":"https:\/\/likeink.com\/de\/#website","url":"https:\/\/likeink.com\/de\/","name":"Like ink","description":"Gestalten Sie Ihre eigenen tempor\u00e4ren Tattoos","potentialAction":[{"@type":"SearchAction","target":{"@type":"EntryPoint","urlTemplate":"https:\/\/likeink.com\/de\/?s={search_term_string}"},"query-input":{"@type":"PropertyValueSpecification","valueRequired":true,"valueName":"search_term_string"}}],"inLanguage":"de"}]}},"_links":{"self":[{"href":"https:\/\/likeink.com\/de\/wp-json\/wp\/v2\/product\/17993","targetHints":{"allow":["GET"]}}],"collection":[{"href":"https:\/\/likeink.com\/de\/wp-json\/wp\/v2\/product"}],"about":[{"href":"https:\/\/likeink.com\/de\/wp-json\/wp\/v2\/types\/product"}],"wp:featuredmedia":[{"embeddable":true,"href":"https:\/\/likeink.com\/de\/wp-json\/wp\/v2\/media\/17956"}],"wp:attachment":[{"href":"https:\/\/likeink.com\/de\/wp-json\/wp\/v2\/media?parent=17993"}],"wp:term":[{"taxonomy":"product_brand","embeddable":true,"href":"https:\/\/likeink.com\/de\/wp-json\/wp\/v2\/product_brand?post=17993"},{"taxonomy":"product_cat","embeddable":true,"href":"https:\/\/likeink.com\/de\/wp-json\/wp\/v2\/product_cat?post=17993"},{"taxonomy":"product_tag","embeddable":true,"href":"https:\/\/likeink.com\/de\/wp-json\/wp\/v2\/product_tag?post=17993"}],"curies":[{"name":"wp","href":"https:\/\/api.w.org\/{rel}","templated":true}]}}