{"id":18061,"date":"2023-05-10T16:24:26","date_gmt":"2023-05-10T16:24:26","guid":{"rendered":"https:\/\/likeink.se\/gnuggis\/rockets-and-space-tattoos\/"},"modified":"2026-03-17T12:14:47","modified_gmt":"2026-03-17T12:14:47","slug":"raketen-und-weltraumtattoos","status":"publish","type":"product","link":"https:\/\/likeink.com\/de\/tatowierungen\/raketen-und-weltraumtattoos\/","title":{"rendered":"Raketen- und Weltraum-tattoos"},"content":{"rendered":"","protected":false},"excerpt":{"rendered":"<p>Lassen Sie die Fantasie Ihres Kindes mit unseren sch\u00f6nen T\u00e4towierungen mit Raketen- und Weltraumthema eine Reise ins Universum antreten! Diese sch\u00f6ne Sammlung von tempor\u00e4ren T\u00e4towierungen ist perfekt, um sie auf Kindergeburtstagen, Partys auszugeben oder jemandem zu schenken, der sich f\u00fcr das Weltall interessiert.<\/p>\n<p>Jedes Blatt enth\u00e4lt 21 einzigartig gestaltete Weltraumt\u00e4towierungen, alle mit einem spannenden Weltraumthema. Ihr Kind wird es lieben, seine Arme und Beine mit Bildern von sch\u00f6nen Weltraumraketen, lustigen Aliens und fliegenden Untertassen zu schm\u00fccken. Unsere T\u00e4towierungen sind leicht aufzutragen und zu entfernen, und sie sind sicher f\u00fcr die Haut der Kinder.<\/p>\n<h2>Bestellen Sie Fake Tattoos mit Raketen- und Weltraumthema<\/h2>\n<p>Blattgr\u00f6\u00dfe: A5<br \/>\nAnzahl der T\u00e4towierungen: 21<br \/>\nGr\u00f6\u00dfe der T\u00e4towierungen: 2-4 cm<\/p>\n","protected":false},"featured_media":18055,"template":"","meta":[],"product_brand":[],"product_cat":[55,530],"product_tag":[],"class_list":{"0":"post-18061","1":"product","2":"type-product","3":"status-publish","4":"has-post-thumbnail","6":"product_cat-fertige-boegen","7":"product_cat-kinderfest","9":"first","10":"instock","11":"taxable","12":"shipping-taxable","13":"purchasable","14":"product-type-simple"},"yoast_head":"<!-- This site is optimized with the Yoast SEO Premium plugin v26.2 (Yoast SEO v27.5) - https:\/\/yoast.com\/product\/yoast-seo-premium-wordpress\/ -->\n<title>Raketen- und Weltraumtattoos A5 I Kinder-Fake-Tattoos - Like ink<\/title>\n<meta name=\"description\" content=\"Raketen- und Weltraumtattoos. Raketenraumschiff, Weltraum und Alien-Fake-Tattoos f\u00fcr Kinder, einfach zu verwenden und hautfreundlich! Schneller Versand!- Like ink\" \/>\n<meta name=\"robots\" content=\"index, follow, max-snippet:-1, max-image-preview:large, max-video-preview:-1\" \/>\n<link rel=\"canonical\" href=\"https:\/\/likeink.com\/de\/tatowierungen\/raketen-und-weltraumtattoos\/\" \/>\n<meta property=\"og:locale\" content=\"de_DE\" \/>\n<meta property=\"og:type\" content=\"article\" \/>\n<meta property=\"og:title\" content=\"Raketen- und Weltraum-tattoos\" \/>\n<meta property=\"og:description\" content=\"Lassen Sie die Fantasie Ihres Kindes mit unseren sch\u00f6nen T\u00e4towierungen mit Raketen- und Weltraumthema eine Reise ins Universum antreten! Diese sch\u00f6ne Sammlung von tempor\u00e4ren T\u00e4towierungen ist perfekt, um sie auf Kindergeburtstagen, Partys auszugeben oder jemandem zu schenken, der sich f\u00fcr das Weltall interessiert.  Jedes Blatt enth\u00e4lt 21 einzigartig gestaltete Weltraumt\u00e4towierungen, alle mit einem spannenden Weltraumthema. Ihr Kind wird es lieben, seine Arme und Beine mit Bildern von sch\u00f6nen Weltraumraketen, lustigen Aliens und fliegenden Untertassen zu schm\u00fccken. Unsere T\u00e4towierungen sind leicht aufzutragen und zu entfernen, und sie sind sicher f\u00fcr die Haut der Kinder.  Bestellen Sie Fake Tattoos mit Raketen- und Weltraumthema  Blattgr\u00f6\u00dfe: A5 Anzahl der T\u00e4towierungen: 21 Gr\u00f6\u00dfe der T\u00e4towierungen: 2-4 cm\" \/>\n<meta property=\"og:url\" content=\"https:\/\/likeink.com\/de\/tatowierungen\/raketen-und-weltraumtattoos\/\" \/>\n<meta property=\"og:site_name\" content=\"Like ink\" \/>\n<meta property=\"article:publisher\" content=\"https:\/\/www.facebook.com\/LikeInkSe\" \/>\n<meta property=\"article:modified_time\" content=\"2026-03-17T12:14:47+00:00\" \/>\n<meta property=\"og:image\" content=\"https:\/\/likeink.com\/wp-content\/uploads\/2023\/05\/Raketer-och-rymden-gnuggisar-likeink.jpg\" \/>\n\t<meta property=\"og:image:width\" content=\"1600\" \/>\n\t<meta property=\"og:image:height\" content=\"1127\" \/>\n\t<meta property=\"og:image:type\" content=\"image\/jpeg\" \/>\n<meta name=\"twitter:card\" content=\"summary_large_image\" \/>\n<!-- \/ Yoast SEO Premium plugin. -->","yoast_head_json":{"title":"Raketen- und Weltraumtattoos A5 I Kinder-Fake-Tattoos - Like ink","description":"Raketen- und Weltraumtattoos. Raketenraumschiff, Weltraum und Alien-Fake-Tattoos f\u00fcr Kinder, einfach zu verwenden und hautfreundlich! Schneller Versand!- Like ink","robots":{"index":"index","follow":"follow","max-snippet":"max-snippet:-1","max-image-preview":"max-image-preview:large","max-video-preview":"max-video-preview:-1"},"canonical":"https:\/\/likeink.com\/de\/tatowierungen\/raketen-und-weltraumtattoos\/","og_locale":"de_DE","og_type":"article","og_title":"Raketen- und Weltraum-tattoos","og_description":"Lassen Sie die Fantasie Ihres Kindes mit unseren sch\u00f6nen T\u00e4towierungen mit Raketen- und Weltraumthema eine Reise ins Universum antreten! Diese sch\u00f6ne Sammlung von tempor\u00e4ren T\u00e4towierungen ist perfekt, um sie auf Kindergeburtstagen, Partys auszugeben oder jemandem zu schenken, der sich f\u00fcr das Weltall interessiert.  Jedes Blatt enth\u00e4lt 21 einzigartig gestaltete Weltraumt\u00e4towierungen, alle mit einem spannenden Weltraumthema. Ihr Kind wird es lieben, seine Arme und Beine mit Bildern von sch\u00f6nen Weltraumraketen, lustigen Aliens und fliegenden Untertassen zu schm\u00fccken. Unsere T\u00e4towierungen sind leicht aufzutragen und zu entfernen, und sie sind sicher f\u00fcr die Haut der Kinder.  Bestellen Sie Fake Tattoos mit Raketen- und Weltraumthema  Blattgr\u00f6\u00dfe: A5 Anzahl der T\u00e4towierungen: 21 Gr\u00f6\u00dfe der T\u00e4towierungen: 2-4 cm","og_url":"https:\/\/likeink.com\/de\/tatowierungen\/raketen-und-weltraumtattoos\/","og_site_name":"Like ink","article_publisher":"https:\/\/www.facebook.com\/LikeInkSe","article_modified_time":"2026-03-17T12:14:47+00:00","og_image":[{"width":1600,"height":1127,"url":"https:\/\/likeink.com\/wp-content\/uploads\/2023\/05\/Raketer-och-rymden-gnuggisar-likeink.jpg","type":"image\/jpeg"}],"twitter_card":"summary_large_image","schema":{"@context":"https:\/\/schema.org","@graph":[{"@type":"WebPage","@id":"https:\/\/likeink.com\/de\/tatowierungen\/raketen-und-weltraumtattoos\/","url":"https:\/\/likeink.com\/de\/tatowierungen\/raketen-und-weltraumtattoos\/","name":"Raketen- und Weltraumtattoos A5 I Kinder-Fake-Tattoos - Like ink","isPartOf":{"@id":"https:\/\/likeink.com\/de\/#website"},"primaryImageOfPage":{"@id":"https:\/\/likeink.com\/de\/tatowierungen\/raketen-und-weltraumtattoos\/#primaryimage"},"image":{"@id":"https:\/\/likeink.com\/de\/tatowierungen\/raketen-und-weltraumtattoos\/#primaryimage"},"thumbnailUrl":"https:\/\/likeink.com\/wp-content\/uploads\/2023\/05\/Raketer-och-rymden-gnuggisar-likeink.jpg","datePublished":"2023-05-10T16:24:26+00:00","dateModified":"2026-03-17T12:14:47+00:00","description":"Raketen- und Weltraumtattoos. Raketenraumschiff, Weltraum und Alien-Fake-Tattoos f\u00fcr Kinder, einfach zu verwenden und hautfreundlich! Schneller Versand!- Like ink","breadcrumb":{"@id":"https:\/\/likeink.com\/de\/tatowierungen\/raketen-und-weltraumtattoos\/#breadcrumb"},"inLanguage":"de","potentialAction":[{"@type":"ReadAction","target":["https:\/\/likeink.com\/de\/tatowierungen\/raketen-und-weltraumtattoos\/"]}]},{"@type":"ImageObject","inLanguage":"de","@id":"https:\/\/likeink.com\/de\/tatowierungen\/raketen-und-weltraumtattoos\/#primaryimage","url":"https:\/\/likeink.com\/wp-content\/uploads\/2023\/05\/Raketer-och-rymden-gnuggisar-likeink.jpg","contentUrl":"https:\/\/likeink.com\/wp-content\/uploads\/2023\/05\/Raketer-och-rymden-gnuggisar-likeink.jpg","width":1600,"height":1127,"caption":"Raketen, Weltraum Tattoos, Party, Alien like ink Fake Tattoos."},{"@type":"BreadcrumbList","@id":"https:\/\/likeink.com\/de\/tatowierungen\/raketen-und-weltraumtattoos\/#breadcrumb","itemListElement":[{"@type":"ListItem","position":1,"name":"Hem","item":"https:\/\/likeink.com\/de\/"},{"@type":"ListItem","position":2,"name":"Shop","item":"https:\/\/likeink.com\/de\/shop\/"},{"@type":"ListItem","position":3,"name":"Raketen- und Weltraum-tattoos"}]},{"@type":"WebSite","@id":"https:\/\/likeink.com\/de\/#website","url":"https:\/\/likeink.com\/de\/","name":"Like ink","description":"Gestalten Sie Ihre eigenen tempor\u00e4ren Tattoos","potentialAction":[{"@type":"SearchAction","target":{"@type":"EntryPoint","urlTemplate":"https:\/\/likeink.com\/de\/?s={search_term_string}"},"query-input":{"@type":"PropertyValueSpecification","valueRequired":true,"valueName":"search_term_string"}}],"inLanguage":"de"}]}},"_links":{"self":[{"href":"https:\/\/likeink.com\/de\/wp-json\/wp\/v2\/product\/18061","targetHints":{"allow":["GET"]}}],"collection":[{"href":"https:\/\/likeink.com\/de\/wp-json\/wp\/v2\/product"}],"about":[{"href":"https:\/\/likeink.com\/de\/wp-json\/wp\/v2\/types\/product"}],"wp:featuredmedia":[{"embeddable":true,"href":"https:\/\/likeink.com\/de\/wp-json\/wp\/v2\/media\/18055"}],"wp:attachment":[{"href":"https:\/\/likeink.com\/de\/wp-json\/wp\/v2\/media?parent=18061"}],"wp:term":[{"taxonomy":"product_brand","embeddable":true,"href":"https:\/\/likeink.com\/de\/wp-json\/wp\/v2\/product_brand?post=18061"},{"taxonomy":"product_cat","embeddable":true,"href":"https:\/\/likeink.com\/de\/wp-json\/wp\/v2\/product_cat?post=18061"},{"taxonomy":"product_tag","embeddable":true,"href":"https:\/\/likeink.com\/de\/wp-json\/wp\/v2\/product_tag?post=18061"}],"curies":[{"name":"wp","href":"https:\/\/api.w.org\/{rel}","templated":true}]}}