{"id":18363,"date":"2023-05-25T13:31:18","date_gmt":"2023-05-25T13:31:18","guid":{"rendered":"https:\/\/likeink.se\/gnuggis\/6-kanda-viking-symboler\/"},"modified":"2026-03-17T12:14:59","modified_gmt":"2026-03-17T12:14:59","slug":"6-bekannte-wikingersymbole","status":"publish","type":"product","link":"https:\/\/likeink.com\/de\/tatowierungen\/6-bekannte-wikingersymbole\/","title":{"rendered":"6 bekannte Wikingersymbole"},"content":{"rendered":"","protected":false},"excerpt":{"rendered":"<p>Tilaa feikkikuvatatuoinnit kuudesta tunnetusta viikinkisymbolista. Hauskaa vikingijuhliin tai kokeilemaan mahdollista tatuointia.<\/p>\n<p>Alla kuvataan niiden merkitys.<br \/>\n<strong>Valknuten<\/strong>, tunnetaan my\u00f6s eri nimill\u00e4, kuten <strong>Odinin solmu<\/strong>, Hrungnerin syd\u00e4n, tapetun soturin solmu ja V\u00f6lvan syd\u00e4n, on ep\u00e4ilem\u00e4tt\u00e4 yksi merkitt\u00e4vimmist\u00e4 ja rakastetuimmista viikinkisymboleista. Siin\u00e4 on syv\u00e4 merkitys symbolina, joka liittyy mahtavaan pohjoismaiseen jumalaan, Odiin.<br \/>\n<strong>Yggdrasil, el\u00e4m\u00e4n puu<\/strong>, on suuri merkitys sek\u00e4 tunnettu viikinkisymboli ett\u00e4 t\u00e4rke\u00e4 osa pohjoismaista uskoa. Pohjoismaisen mytologian mukaan Yggdrasil on mahtava puu, joka toimii kosmisena yhteyten\u00e4 yhdeks\u00e4n maailman v\u00e4lill\u00e4, mukaan lukien Asgard, Midgard, Muspelheim, Jotunheim, Vanaheim, Nifelheim, Alfheim, Svartalfheim ja Helheim.<br \/>\n<strong>Aegishjalmr<\/strong>, tunnetaan my\u00f6s kauhun ja kauhistuksen kyp\u00e4r\u00e4n\u00e4, on toinen viikinkisymboli, joka edustaa suojaa. Se on riimukeppi, joka muodostuu yhdist\u00e4m\u00e4ll\u00e4 muinais-islantilaiset sanat &#8220;aegis&#8221;, joka tarkoittaa kilpe\u00e4, ja &#8220;hjalmr&#8221;, joka tarkoittaa kyp\u00e4r\u00e4\u00e4.<br \/>\n<strong>Viikinkikompassi<\/strong>, tunnetaan my\u00f6s nimill\u00e4 riimukompassi tai Vegvisir, liittyy usein Aegishjalmriin niiden samankaltaisuuden vuoksi. Se on viikinkisymboli, joka koostuu punoutuneista riimukepeist\u00e4 ja liittyy opastamiseen.<br \/>\n<strong>Odinin kolmi sarvi<\/strong>, tunnetaan my\u00f6s sarvi-triskelionina, on viikinkisymboli, joka edustaa kolmea sarvea tarinassa Odinin pyrkimyksest\u00e4 maagiseen simaan, Odhroeririin\/\u00d3\u00f0reririin, jota tunnetaan my\u00f6s runouden simana.<br \/>\n<strong>Mj\u00f6lnir<\/strong>, <strong>Thors vasara<\/strong>, on valtavan merkityksen omaava ja yksi t\u00e4rkeimmist\u00e4 viikinkisymboleista\/pohjoismaisista symboleista. Se symboloi voimaa ja suojaa, ja sen rooli pohjoismaisessa mytologiassa on eritt\u00e4in arvostettu.<\/p>\n<h2>Tilaa feikkikuvatatuoinnit kuudella tunnetulla viikinkisymbolilla<\/h2>\n<p>Kaikki tatuoinnit valmistetaan tatuoitujen viikinkien toimesta, ja l\u00e4het\u00e4mme tilauksesi 24 tunnin kuluessa.<\/p>\n<p>Arkiston koko: A5<br \/>\nTatuointien m\u00e4\u00e4r\u00e4: 6<br \/>\nTatuoinnin koko: 7 cm<\/p>\n","protected":false},"featured_media":18355,"template":"","meta":[],"product_brand":[],"product_cat":[55,545],"product_tag":[],"class_list":{"0":"post-18363","1":"product","2":"type-product","3":"status-publish","4":"has-post-thumbnail","6":"product_cat-fertige-boegen","7":"product_cat-tribal-symbole-runen","9":"first","10":"instock","11":"taxable","12":"shipping-taxable","13":"purchasable","14":"product-type-simple"},"yoast_head":"<!-- This site is optimized with the Yoast SEO Premium plugin v27.5 (Yoast SEO v27.6) - https:\/\/yoast.com\/product\/yoast-seo-premium-wordpress\/ -->\n<title>6 bekannte Wikingersymbole, siirtotatuointeina - Like ink<\/title>\n<meta name=\"description\" content=\"6 bekannte Wikingersymbole. Osta arkki, jossa on 6 tunnettua viikinkisymbolia tatuointeina! Nopea toimitus ja ilmainen toimitus! - Like ink\" \/>\n<meta name=\"robots\" content=\"index, follow, max-snippet:-1, max-image-preview:large, max-video-preview:-1\" \/>\n<link rel=\"canonical\" href=\"https:\/\/likeink.com\/de\/tatowierungen\/6-bekannte-wikingersymbole\/\" \/>\n<meta property=\"og:locale\" content=\"de_DE\" \/>\n<meta property=\"og:type\" content=\"article\" \/>\n<meta property=\"og:title\" content=\"6 bekannte Wikingersymbole\" \/>\n<meta property=\"og:description\" content=\"Tilaa feikkikuvatatuoinnit kuudesta tunnetusta viikinkisymbolista. Hauskaa vikingijuhliin tai kokeilemaan mahdollista tatuointia.  Alla kuvataan niiden merkitys. Valknuten, tunnetaan my\u00f6s eri nimill\u00e4, kuten Odinin solmu, Hrungnerin syd\u00e4n, tapetun soturin solmu ja V\u00f6lvan syd\u00e4n, on ep\u00e4ilem\u00e4tt\u00e4 yksi merkitt\u00e4vimmist\u00e4 ja rakastetuimmista viikinkisymboleista. Siin\u00e4 on syv\u00e4 merkitys symbolina, joka liittyy mahtavaan pohjoismaiseen jumalaan, Odiin. Yggdrasil, el\u00e4m\u00e4n puu, on suuri merkitys sek\u00e4 tunnettu viikinkisymboli ett\u00e4 t\u00e4rke\u00e4 osa pohjoismaista uskoa. Pohjoismaisen mytologian mukaan Yggdrasil on mahtava puu, joka toimii kosmisena yhteyten\u00e4 yhdeks\u00e4n maailman v\u00e4lill\u00e4, mukaan lukien Asgard, Midgard, Muspelheim, Jotunheim, Vanaheim, Nifelheim, Alfheim, Svartalfheim ja Helheim. Aegishjalmr, tunnetaan my\u00f6s kauhun ja kauhistuksen kyp\u00e4r\u00e4n\u00e4, on toinen viikinkisymboli, joka edustaa suojaa. Se on riimukeppi, joka muodostuu yhdist\u00e4m\u00e4ll\u00e4 muinais-islantilaiset sanat &quot;aegis&quot;, joka tarkoittaa kilpe\u00e4, ja &quot;hjalmr&quot;, joka tarkoittaa kyp\u00e4r\u00e4\u00e4. Viikinkikompassi, tunnetaan my\u00f6s nimill\u00e4 riimukompassi tai Vegvisir, liittyy usein Aegishjalmriin niiden samankaltaisuuden vuoksi. Se on viikinkisymboli, joka koostuu punoutuneista riimukepeist\u00e4 ja liittyy opastamiseen. Odinin kolmi sarvi, tunnetaan my\u00f6s sarvi-triskelionina, on viikinkisymboli, joka edustaa kolmea sarvea tarinassa Odinin pyrkimyksest\u00e4 maagiseen simaan, Odhroeririin\/\u00d3\u00f0reririin, jota tunnetaan my\u00f6s runouden simana. Mj\u00f6lnir, Thors vasara, on valtavan merkityksen omaava ja yksi t\u00e4rkeimmist\u00e4 viikinkisymboleista\/pohjoismaisista symboleista. Se symboloi voimaa ja suojaa, ja sen rooli pohjoismaisessa mytologiassa on eritt\u00e4in arvostettu.  Tilaa feikkikuvatatuoinnit kuudella tunnetulla viikinkisymbolilla  Kaikki tatuoinnit valmistetaan tatuoitujen viikinkien toimesta, ja l\u00e4het\u00e4mme tilauksesi 24 tunnin kuluessa.  Arkiston koko: A5 Tatuointien m\u00e4\u00e4r\u00e4: 6 Tatuoinnin koko: 7 cm\" \/>\n<meta property=\"og:url\" content=\"https:\/\/likeink.com\/de\/tatowierungen\/6-bekannte-wikingersymbole\/\" \/>\n<meta property=\"og:site_name\" content=\"Like ink\" \/>\n<meta property=\"article:publisher\" content=\"https:\/\/www.facebook.com\/LikeInkSe\" \/>\n<meta property=\"article:modified_time\" content=\"2026-03-17T12:14:59+00:00\" \/>\n<meta property=\"og:image\" content=\"https:\/\/likeink.com\/wp-content\/uploads\/2023\/05\/Viking-symboler-faketattoo-likeink.jpg\" \/>\n\t<meta property=\"og:image:width\" content=\"2481\" \/>\n\t<meta property=\"og:image:height\" content=\"1749\" \/>\n\t<meta property=\"og:image:type\" content=\"image\/jpeg\" \/>\n<meta name=\"twitter:card\" content=\"summary_large_image\" \/>\n<!-- \/ Yoast SEO Premium plugin. -->","yoast_head_json":{"title":"6 bekannte Wikingersymbole, siirtotatuointeina - Like ink","description":"6 bekannte Wikingersymbole. Osta arkki, jossa on 6 tunnettua viikinkisymbolia tatuointeina! Nopea toimitus ja ilmainen toimitus! - Like ink","robots":{"index":"index","follow":"follow","max-snippet":"max-snippet:-1","max-image-preview":"max-image-preview:large","max-video-preview":"max-video-preview:-1"},"canonical":"https:\/\/likeink.com\/de\/tatowierungen\/6-bekannte-wikingersymbole\/","og_locale":"de_DE","og_type":"article","og_title":"6 bekannte Wikingersymbole","og_description":"Tilaa feikkikuvatatuoinnit kuudesta tunnetusta viikinkisymbolista. Hauskaa vikingijuhliin tai kokeilemaan mahdollista tatuointia.  Alla kuvataan niiden merkitys. Valknuten, tunnetaan my\u00f6s eri nimill\u00e4, kuten Odinin solmu, Hrungnerin syd\u00e4n, tapetun soturin solmu ja V\u00f6lvan syd\u00e4n, on ep\u00e4ilem\u00e4tt\u00e4 yksi merkitt\u00e4vimmist\u00e4 ja rakastetuimmista viikinkisymboleista. Siin\u00e4 on syv\u00e4 merkitys symbolina, joka liittyy mahtavaan pohjoismaiseen jumalaan, Odiin. Yggdrasil, el\u00e4m\u00e4n puu, on suuri merkitys sek\u00e4 tunnettu viikinkisymboli ett\u00e4 t\u00e4rke\u00e4 osa pohjoismaista uskoa. Pohjoismaisen mytologian mukaan Yggdrasil on mahtava puu, joka toimii kosmisena yhteyten\u00e4 yhdeks\u00e4n maailman v\u00e4lill\u00e4, mukaan lukien Asgard, Midgard, Muspelheim, Jotunheim, Vanaheim, Nifelheim, Alfheim, Svartalfheim ja Helheim. Aegishjalmr, tunnetaan my\u00f6s kauhun ja kauhistuksen kyp\u00e4r\u00e4n\u00e4, on toinen viikinkisymboli, joka edustaa suojaa. Se on riimukeppi, joka muodostuu yhdist\u00e4m\u00e4ll\u00e4 muinais-islantilaiset sanat \"aegis\", joka tarkoittaa kilpe\u00e4, ja \"hjalmr\", joka tarkoittaa kyp\u00e4r\u00e4\u00e4. Viikinkikompassi, tunnetaan my\u00f6s nimill\u00e4 riimukompassi tai Vegvisir, liittyy usein Aegishjalmriin niiden samankaltaisuuden vuoksi. Se on viikinkisymboli, joka koostuu punoutuneista riimukepeist\u00e4 ja liittyy opastamiseen. Odinin kolmi sarvi, tunnetaan my\u00f6s sarvi-triskelionina, on viikinkisymboli, joka edustaa kolmea sarvea tarinassa Odinin pyrkimyksest\u00e4 maagiseen simaan, Odhroeririin\/\u00d3\u00f0reririin, jota tunnetaan my\u00f6s runouden simana. Mj\u00f6lnir, Thors vasara, on valtavan merkityksen omaava ja yksi t\u00e4rkeimmist\u00e4 viikinkisymboleista\/pohjoismaisista symboleista. Se symboloi voimaa ja suojaa, ja sen rooli pohjoismaisessa mytologiassa on eritt\u00e4in arvostettu.  Tilaa feikkikuvatatuoinnit kuudella tunnetulla viikinkisymbolilla  Kaikki tatuoinnit valmistetaan tatuoitujen viikinkien toimesta, ja l\u00e4het\u00e4mme tilauksesi 24 tunnin kuluessa.  Arkiston koko: A5 Tatuointien m\u00e4\u00e4r\u00e4: 6 Tatuoinnin koko: 7 cm","og_url":"https:\/\/likeink.com\/de\/tatowierungen\/6-bekannte-wikingersymbole\/","og_site_name":"Like ink","article_publisher":"https:\/\/www.facebook.com\/LikeInkSe","article_modified_time":"2026-03-17T12:14:59+00:00","og_image":[{"width":2481,"height":1749,"url":"https:\/\/likeink.com\/wp-content\/uploads\/2023\/05\/Viking-symboler-faketattoo-likeink.jpg","type":"image\/jpeg"}],"twitter_card":"summary_large_image","schema":{"@context":"https:\/\/schema.org","@graph":[{"@type":"WebPage","@id":"https:\/\/likeink.com\/de\/tatowierungen\/6-bekannte-wikingersymbole\/","url":"https:\/\/likeink.com\/de\/tatowierungen\/6-bekannte-wikingersymbole\/","name":"6 bekannte Wikingersymbole, siirtotatuointeina - Like ink","isPartOf":{"@id":"https:\/\/likeink.com\/de\/#website"},"primaryImageOfPage":{"@id":"https:\/\/likeink.com\/de\/tatowierungen\/6-bekannte-wikingersymbole\/#primaryimage"},"image":{"@id":"https:\/\/likeink.com\/de\/tatowierungen\/6-bekannte-wikingersymbole\/#primaryimage"},"thumbnailUrl":"https:\/\/likeink.com\/wp-content\/uploads\/2023\/05\/Viking-symboler-faketattoo-likeink.jpg","datePublished":"2023-05-25T13:31:18+00:00","dateModified":"2026-03-17T12:14:59+00:00","description":"6 bekannte Wikingersymbole. Osta arkki, jossa on 6 tunnettua viikinkisymbolia tatuointeina! Nopea toimitus ja ilmainen toimitus! - Like ink","breadcrumb":{"@id":"https:\/\/likeink.com\/de\/tatowierungen\/6-bekannte-wikingersymbole\/#breadcrumb"},"inLanguage":"de","potentialAction":[{"@type":"ReadAction","target":["https:\/\/likeink.com\/de\/tatowierungen\/6-bekannte-wikingersymbole\/"]}]},{"@type":"ImageObject","inLanguage":"de","@id":"https:\/\/likeink.com\/de\/tatowierungen\/6-bekannte-wikingersymbole\/#primaryimage","url":"https:\/\/likeink.com\/wp-content\/uploads\/2023\/05\/Viking-symboler-faketattoo-likeink.jpg","contentUrl":"https:\/\/likeink.com\/wp-content\/uploads\/2023\/05\/Viking-symboler-faketattoo-likeink.jpg","width":2481,"height":1749,"caption":"Kaufe falsche Tattoos mit 6 bekannten Wikinger-Symbolen."},{"@type":"BreadcrumbList","@id":"https:\/\/likeink.com\/de\/tatowierungen\/6-bekannte-wikingersymbole\/#breadcrumb","itemListElement":[{"@type":"ListItem","position":1,"name":"Hem","item":"https:\/\/likeink.com\/de\/"},{"@type":"ListItem","position":2,"name":"Shop","item":"https:\/\/likeink.com\/de\/shop\/"},{"@type":"ListItem","position":3,"name":"6 bekannte Wikingersymbole"}]},{"@type":"WebSite","@id":"https:\/\/likeink.com\/de\/#website","url":"https:\/\/likeink.com\/de\/","name":"Like ink","description":"Gestalten Sie Ihre eigenen tempor\u00e4ren Tattoos","potentialAction":[{"@type":"SearchAction","target":{"@type":"EntryPoint","urlTemplate":"https:\/\/likeink.com\/de\/?s={search_term_string}"},"query-input":{"@type":"PropertyValueSpecification","valueRequired":true,"valueName":"search_term_string"}}],"inLanguage":"de"}]}},"_links":{"self":[{"href":"https:\/\/likeink.com\/de\/wp-json\/wp\/v2\/product\/18363","targetHints":{"allow":["GET"]}}],"collection":[{"href":"https:\/\/likeink.com\/de\/wp-json\/wp\/v2\/product"}],"about":[{"href":"https:\/\/likeink.com\/de\/wp-json\/wp\/v2\/types\/product"}],"wp:featuredmedia":[{"embeddable":true,"href":"https:\/\/likeink.com\/de\/wp-json\/wp\/v2\/media\/18355"}],"wp:attachment":[{"href":"https:\/\/likeink.com\/de\/wp-json\/wp\/v2\/media?parent=18363"}],"wp:term":[{"taxonomy":"product_brand","embeddable":true,"href":"https:\/\/likeink.com\/de\/wp-json\/wp\/v2\/product_brand?post=18363"},{"taxonomy":"product_cat","embeddable":true,"href":"https:\/\/likeink.com\/de\/wp-json\/wp\/v2\/product_cat?post=18363"},{"taxonomy":"product_tag","embeddable":true,"href":"https:\/\/likeink.com\/de\/wp-json\/wp\/v2\/product_tag?post=18363"}],"curies":[{"name":"wp","href":"https:\/\/api.w.org\/{rel}","templated":true}]}}