{"id":18829,"date":"2023-06-14T17:30:29","date_gmt":"2023-06-14T17:30:29","guid":{"rendered":"https:\/\/likeink.se\/gnuggis\/satanism-tatueringar\/"},"modified":"2026-03-17T12:14:59","modified_gmt":"2026-03-17T12:14:59","slug":"satanismus-tattoos","status":"publish","type":"product","link":"https:\/\/likeink.com\/de\/tatowierungen\/satanismus-tattoos\/","title":{"rendered":"Satanismus Tattoos"},"content":{"rendered":"","protected":false},"excerpt":{"rendered":"<p>Der Tattoo-Bogen &#8220;Satanismus Tattoos&#8221; bietet eine visuell fesselnde Auswahl an tempor\u00e4ren Tattoos, die alle von der reichen und faszinierenden Symbolik des Satanismus inspiriert sind.<\/p>\n<h2>Bestellen Sie Satanismus Tattoos mit Symbolen wie dem Pentagramm und Kreuz<\/h2>\n<p>Von der dominierenden Pr\u00e4senz eines Pentagramms bis zur kraftvollen Anziehungskraft eines umgekehrten Kreuzes dr\u00fccken diese satanischen Tattoos einen alternativen Stil aus, der sowohl auff\u00e4llig als auch gespr\u00e4chsanregend ist. Tragen Sie diese tempor\u00e4ren Tattoos einfach auf und entfernen Sie sie, um Ihren pers\u00f6nlichen Stil auszudr\u00fccken oder wenn Sie etwas extra Aufmerksamkeit erregen m\u00f6chten. Die tempor\u00e4ren Tattoos von Like Ink bieten Ihnen die Freiheit, Ihren Stil jederzeit nach Belieben zu \u00e4ndern. Wer wei\u00df, vielleicht m\u00f6chten Sie n\u00e4chste Woche buddhistisch sein?<br \/>\nWir drucken und versenden innerhalb von 24 Stunden!<br \/>\n<strong>Bogengr\u00f6\u00dfe: A5<\/strong><br \/>\n<strong>Anzahl der Tattoos: 18<\/strong><br \/>\n<strong>Gr\u00f6\u00dfe des gr\u00f6\u00dften Pentagramms: 60 mm<\/strong><\/p>\n","protected":false},"featured_media":18739,"template":"","meta":[],"product_brand":[],"product_cat":[55,545],"product_tag":[],"class_list":{"0":"post-18829","1":"product","2":"type-product","3":"status-publish","4":"has-post-thumbnail","6":"product_cat-fertige-boegen","7":"product_cat-tribal-symbole-runen","9":"first","10":"instock","11":"taxable","12":"shipping-taxable","13":"purchasable","14":"product-type-simple"},"yoast_head":"<!-- This site is optimized with the Yoast SEO Premium plugin v26.2 (Yoast SEO v27.4) - https:\/\/yoast.com\/product\/yoast-seo-premium-wordpress\/ -->\n<title>Satanismus Tattoos - Hochwertig und Schneller Versand - Like ink<\/title>\n<meta name=\"description\" content=\"Bestellen Sie Satanismus Tattoos mit Pentagrammen, umgekehrten Kreuzen und anderen Motiven! - Like ink\" \/>\n<meta name=\"robots\" content=\"index, follow, max-snippet:-1, max-image-preview:large, max-video-preview:-1\" \/>\n<link rel=\"canonical\" href=\"https:\/\/likeink.com\/de\/tatowierungen\/satanismus-tattoos\/\" \/>\n<meta property=\"og:locale\" content=\"de_DE\" \/>\n<meta property=\"og:type\" content=\"article\" \/>\n<meta property=\"og:title\" content=\"Satanismus Tattoos\" \/>\n<meta property=\"og:description\" content=\"Der Tattoo-Bogen &quot;Satanismus Tattoos&quot; bietet eine visuell fesselnde Auswahl an tempor\u00e4ren Tattoos, die alle von der reichen und faszinierenden Symbolik des Satanismus inspiriert sind. Bestellen Sie Satanismus Tattoos mit Symbolen wie dem Pentagramm und Kreuz Von der dominierenden Pr\u00e4senz eines Pentagramms bis zur kraftvollen Anziehungskraft eines umgekehrten Kreuzes dr\u00fccken diese satanischen Tattoos einen alternativen Stil aus, der sowohl auff\u00e4llig als auch gespr\u00e4chsanregend ist. Tragen Sie diese tempor\u00e4ren Tattoos einfach auf und entfernen Sie sie, um Ihren pers\u00f6nlichen Stil auszudr\u00fccken oder wenn Sie etwas extra Aufmerksamkeit erregen m\u00f6chten. Die tempor\u00e4ren Tattoos von Like Ink bieten Ihnen die Freiheit, Ihren Stil jederzeit nach Belieben zu \u00e4ndern. Wer wei\u00df, vielleicht m\u00f6chten Sie n\u00e4chste Woche buddhistisch sein? Wir drucken und versenden innerhalb von 24 Stunden! Bogengr\u00f6\u00dfe: A5 Anzahl der Tattoos: 18 Gr\u00f6\u00dfe des gr\u00f6\u00dften Pentagramms: 60 mm\" \/>\n<meta property=\"og:url\" content=\"https:\/\/likeink.com\/de\/tatowierungen\/satanismus-tattoos\/\" \/>\n<meta property=\"og:site_name\" content=\"Like ink\" \/>\n<meta property=\"article:publisher\" content=\"https:\/\/www.facebook.com\/LikeInkSe\" \/>\n<meta property=\"article:modified_time\" content=\"2026-03-17T12:14:59+00:00\" \/>\n<meta property=\"og:image\" content=\"https:\/\/likeink.com\/wp-content\/uploads\/2023\/06\/Satanism-tatueringar-likeink.jpg\" \/>\n\t<meta property=\"og:image:width\" content=\"1200\" \/>\n\t<meta property=\"og:image:height\" content=\"845\" \/>\n\t<meta property=\"og:image:type\" content=\"image\/jpeg\" \/>\n<meta name=\"twitter:card\" content=\"summary_large_image\" \/>\n<!-- \/ Yoast SEO Premium plugin. -->","yoast_head_json":{"title":"Satanismus Tattoos - Hochwertig und Schneller Versand - Like ink","description":"Bestellen Sie Satanismus Tattoos mit Pentagrammen, umgekehrten Kreuzen und anderen Motiven! - Like ink","robots":{"index":"index","follow":"follow","max-snippet":"max-snippet:-1","max-image-preview":"max-image-preview:large","max-video-preview":"max-video-preview:-1"},"canonical":"https:\/\/likeink.com\/de\/tatowierungen\/satanismus-tattoos\/","og_locale":"de_DE","og_type":"article","og_title":"Satanismus Tattoos","og_description":"Der Tattoo-Bogen \"Satanismus Tattoos\" bietet eine visuell fesselnde Auswahl an tempor\u00e4ren Tattoos, die alle von der reichen und faszinierenden Symbolik des Satanismus inspiriert sind. Bestellen Sie Satanismus Tattoos mit Symbolen wie dem Pentagramm und Kreuz Von der dominierenden Pr\u00e4senz eines Pentagramms bis zur kraftvollen Anziehungskraft eines umgekehrten Kreuzes dr\u00fccken diese satanischen Tattoos einen alternativen Stil aus, der sowohl auff\u00e4llig als auch gespr\u00e4chsanregend ist. Tragen Sie diese tempor\u00e4ren Tattoos einfach auf und entfernen Sie sie, um Ihren pers\u00f6nlichen Stil auszudr\u00fccken oder wenn Sie etwas extra Aufmerksamkeit erregen m\u00f6chten. Die tempor\u00e4ren Tattoos von Like Ink bieten Ihnen die Freiheit, Ihren Stil jederzeit nach Belieben zu \u00e4ndern. Wer wei\u00df, vielleicht m\u00f6chten Sie n\u00e4chste Woche buddhistisch sein? Wir drucken und versenden innerhalb von 24 Stunden! Bogengr\u00f6\u00dfe: A5 Anzahl der Tattoos: 18 Gr\u00f6\u00dfe des gr\u00f6\u00dften Pentagramms: 60 mm","og_url":"https:\/\/likeink.com\/de\/tatowierungen\/satanismus-tattoos\/","og_site_name":"Like ink","article_publisher":"https:\/\/www.facebook.com\/LikeInkSe","article_modified_time":"2026-03-17T12:14:59+00:00","og_image":[{"width":1200,"height":845,"url":"https:\/\/likeink.com\/wp-content\/uploads\/2023\/06\/Satanism-tatueringar-likeink.jpg","type":"image\/jpeg"}],"twitter_card":"summary_large_image","schema":{"@context":"https:\/\/schema.org","@graph":[{"@type":"WebPage","@id":"https:\/\/likeink.com\/de\/tatowierungen\/satanismus-tattoos\/","url":"https:\/\/likeink.com\/de\/tatowierungen\/satanismus-tattoos\/","name":"Satanismus Tattoos - Hochwertig und Schneller Versand - Like ink","isPartOf":{"@id":"https:\/\/likeink.com\/de\/#website"},"primaryImageOfPage":{"@id":"https:\/\/likeink.com\/de\/tatowierungen\/satanismus-tattoos\/#primaryimage"},"image":{"@id":"https:\/\/likeink.com\/de\/tatowierungen\/satanismus-tattoos\/#primaryimage"},"thumbnailUrl":"https:\/\/likeink.com\/wp-content\/uploads\/2023\/06\/Satanism-tatueringar-likeink.jpg","datePublished":"2023-06-14T17:30:29+00:00","dateModified":"2026-03-17T12:14:59+00:00","description":"Bestellen Sie Satanismus Tattoos mit Pentagrammen, umgekehrten Kreuzen und anderen Motiven! - Like ink","breadcrumb":{"@id":"https:\/\/likeink.com\/de\/tatowierungen\/satanismus-tattoos\/#breadcrumb"},"inLanguage":"de","potentialAction":[{"@type":"ReadAction","target":["https:\/\/likeink.com\/de\/tatowierungen\/satanismus-tattoos\/"]}]},{"@type":"ImageObject","inLanguage":"de","@id":"https:\/\/likeink.com\/de\/tatowierungen\/satanismus-tattoos\/#primaryimage","url":"https:\/\/likeink.com\/wp-content\/uploads\/2023\/06\/Satanism-tatueringar-likeink.jpg","contentUrl":"https:\/\/likeink.com\/wp-content\/uploads\/2023\/06\/Satanism-tatueringar-likeink.jpg","width":1200,"height":845,"caption":"Satanismus Tattoos, Pentagramm, umgedrehte Kreuze und andere satanische Tattoos."},{"@type":"BreadcrumbList","@id":"https:\/\/likeink.com\/de\/tatowierungen\/satanismus-tattoos\/#breadcrumb","itemListElement":[{"@type":"ListItem","position":1,"name":"Hem","item":"https:\/\/likeink.com\/de\/"},{"@type":"ListItem","position":2,"name":"Shop","item":"https:\/\/likeink.com\/de\/shop\/"},{"@type":"ListItem","position":3,"name":"Satanismus Tattoos"}]},{"@type":"WebSite","@id":"https:\/\/likeink.com\/de\/#website","url":"https:\/\/likeink.com\/de\/","name":"Like ink","description":"Gestalten Sie Ihre eigenen tempor\u00e4ren Tattoos","potentialAction":[{"@type":"SearchAction","target":{"@type":"EntryPoint","urlTemplate":"https:\/\/likeink.com\/de\/?s={search_term_string}"},"query-input":{"@type":"PropertyValueSpecification","valueRequired":true,"valueName":"search_term_string"}}],"inLanguage":"de"}]}},"_links":{"self":[{"href":"https:\/\/likeink.com\/de\/wp-json\/wp\/v2\/product\/18829","targetHints":{"allow":["GET"]}}],"collection":[{"href":"https:\/\/likeink.com\/de\/wp-json\/wp\/v2\/product"}],"about":[{"href":"https:\/\/likeink.com\/de\/wp-json\/wp\/v2\/types\/product"}],"wp:featuredmedia":[{"embeddable":true,"href":"https:\/\/likeink.com\/de\/wp-json\/wp\/v2\/media\/18739"}],"wp:attachment":[{"href":"https:\/\/likeink.com\/de\/wp-json\/wp\/v2\/media?parent=18829"}],"wp:term":[{"taxonomy":"product_brand","embeddable":true,"href":"https:\/\/likeink.com\/de\/wp-json\/wp\/v2\/product_brand?post=18829"},{"taxonomy":"product_cat","embeddable":true,"href":"https:\/\/likeink.com\/de\/wp-json\/wp\/v2\/product_cat?post=18829"},{"taxonomy":"product_tag","embeddable":true,"href":"https:\/\/likeink.com\/de\/wp-json\/wp\/v2\/product_tag?post=18829"}],"curies":[{"name":"wp","href":"https:\/\/api.w.org\/{rel}","templated":true}]}}