{"id":19113,"date":"2023-06-30T13:12:25","date_gmt":"2023-06-30T13:12:25","guid":{"rendered":"https:\/\/likeink.se\/gnuggis\/svensexa-fake-tatueringar\/"},"modified":"2026-03-17T12:15:13","modified_gmt":"2026-03-17T12:15:13","slug":"junggesellenabschied-fake-tattoosr","status":"publish","type":"product","link":"https:\/\/likeink.com\/de\/tatowierungen\/junggesellenabschied-fake-tattoosr\/","title":{"rendered":"Junggesellenabschied Fake Tattoos"},"content":{"rendered":"","protected":false},"excerpt":{"rendered":"<p>Das Tattooblatt &#8222;Junggesellenabschied Fake Tattoos&#8220; wurde entwickelt, um deinen Junggesellenabschied etwas unterhaltsamer zu gestalten, lustige Erinnerungen zu schaffen und die Bindung innerhalb der Gruppe zu st\u00e4rken!<\/p>\n<h2>Bestelle lustige und coole Tattoos f\u00fcr den Junggesellenabschied<\/h2>\n<p>Unsere tempor\u00e4ren Tattoos sind sanft zur Haut und leicht aufzutragen und abzuwaschen. Wir drucken und versenden die Tattoos innerhalb von 24 Stunden, und wenn du falsche Tattoos mit deinem eigenen Design f\u00fcr die Hochzeit bestellen m\u00f6chtest, ist das auch super einfach \u00fcber uns bei Like Ink!<\/p>\n<p><strong>Blattgr\u00f6\u00dfe: A5<\/strong><br \/>\n<strong>Anzahl der Tattoos: 17<\/strong><br \/>\n<strong>Tattoo-Gr\u00f6\u00dfe: 4,5 cm<\/strong><\/p>\n","protected":false},"featured_media":19089,"template":"","meta":[],"product_brand":[],"product_cat":[185,55,181],"product_tag":[],"class_list":{"0":"post-19113","1":"product","2":"type-product","3":"status-publish","4":"has-post-thumbnail","6":"product_cat-feiertags-tattoos","7":"product_cat-fertige-boegen","8":"product_cat-liebestattoos","10":"first","11":"instock","12":"taxable","13":"shipping-taxable","14":"purchasable","15":"product-type-simple"},"yoast_head":"<!-- This site is optimized with the Yoast SEO Premium plugin v26.2 (Yoast SEO v27.4) - https:\/\/yoast.com\/product\/yoast-seo-premium-wordpress\/ -->\n<title>Junggesellenabschied Fake Tattoos - Schnelle Lieferung - Like ink<\/title>\n<meta name=\"description\" content=\"Junggesellenabschied Fake Tattoos! Bereichere den Junggesellenabschied und verbringe einen unterhaltsamen Abend mit falschen Tattoos von uns bei Like Ink!- Like ink\" \/>\n<meta name=\"robots\" content=\"index, follow, max-snippet:-1, max-image-preview:large, max-video-preview:-1\" \/>\n<link rel=\"canonical\" href=\"https:\/\/likeink.com\/de\/tatowierungen\/junggesellenabschied-fake-tattoosr\/\" \/>\n<meta property=\"og:locale\" content=\"de_DE\" \/>\n<meta property=\"og:type\" content=\"article\" \/>\n<meta property=\"og:title\" content=\"Junggesellenabschied Fake Tattoos\" \/>\n<meta property=\"og:description\" content=\"Das Tattooblatt &quot;Junggesellenabschied Fake Tattoos&quot; wurde entwickelt, um deinen Junggesellenabschied etwas unterhaltsamer zu gestalten, lustige Erinnerungen zu schaffen und die Bindung innerhalb der Gruppe zu st\u00e4rken! Bestelle lustige und coole Tattoos f\u00fcr den Junggesellenabschied Unsere tempor\u00e4ren Tattoos sind sanft zur Haut und leicht aufzutragen und abzuwaschen. Wir drucken und versenden die Tattoos innerhalb von 24 Stunden, und wenn du falsche Tattoos mit deinem eigenen Design f\u00fcr die Hochzeit bestellen m\u00f6chtest, ist das auch super einfach \u00fcber uns bei Like Ink!  Blattgr\u00f6\u00dfe: A5 Anzahl der Tattoos: 17 Tattoo-Gr\u00f6\u00dfe: 4,5 cm\" \/>\n<meta property=\"og:url\" content=\"https:\/\/likeink.com\/de\/tatowierungen\/junggesellenabschied-fake-tattoosr\/\" \/>\n<meta property=\"og:site_name\" content=\"Like ink\" \/>\n<meta property=\"article:publisher\" content=\"https:\/\/www.facebook.com\/LikeInkSe\" \/>\n<meta property=\"article:modified_time\" content=\"2026-03-17T12:15:13+00:00\" \/>\n<meta property=\"og:image\" content=\"https:\/\/likeink.com\/wp-content\/uploads\/2023\/06\/Svensexa2-likeink-tatueringar.jpg\" \/>\n\t<meta property=\"og:image:width\" content=\"1400\" \/>\n\t<meta property=\"og:image:height\" content=\"986\" \/>\n\t<meta property=\"og:image:type\" content=\"image\/jpeg\" \/>\n<meta name=\"twitter:card\" content=\"summary_large_image\" \/>\n<script type=\"application\/ld+json\" class=\"yoast-schema-graph\">{\"@context\":\"https:\\\/\\\/schema.org\",\"@graph\":[{\"@type\":\"WebPage\",\"@id\":\"https:\\\/\\\/likeink.com\\\/de\\\/tatowierungen\\\/junggesellenabschied-fake-tattoosr\\\/\",\"url\":\"https:\\\/\\\/likeink.com\\\/de\\\/tatowierungen\\\/junggesellenabschied-fake-tattoosr\\\/\",\"name\":\"Junggesellenabschied Fake Tattoos - Schnelle Lieferung - Like ink\",\"isPartOf\":{\"@id\":\"https:\\\/\\\/likeink.com\\\/de\\\/#website\"},\"primaryImageOfPage\":{\"@id\":\"https:\\\/\\\/likeink.com\\\/de\\\/tatowierungen\\\/junggesellenabschied-fake-tattoosr\\\/#primaryimage\"},\"image\":{\"@id\":\"https:\\\/\\\/likeink.com\\\/de\\\/tatowierungen\\\/junggesellenabschied-fake-tattoosr\\\/#primaryimage\"},\"thumbnailUrl\":\"https:\\\/\\\/likeink.com\\\/wp-content\\\/uploads\\\/2023\\\/06\\\/Svensexa2-likeink-tatueringar.jpg\",\"datePublished\":\"2023-06-30T13:12:25+00:00\",\"dateModified\":\"2026-03-17T12:15:13+00:00\",\"description\":\"Junggesellenabschied Fake Tattoos! Bereichere den Junggesellenabschied und verbringe einen unterhaltsamen Abend mit falschen Tattoos von uns bei Like Ink!- Like ink\",\"breadcrumb\":{\"@id\":\"https:\\\/\\\/likeink.com\\\/de\\\/tatowierungen\\\/junggesellenabschied-fake-tattoosr\\\/#breadcrumb\"},\"inLanguage\":\"de\",\"potentialAction\":[{\"@type\":\"ReadAction\",\"target\":[\"https:\\\/\\\/likeink.com\\\/de\\\/tatowierungen\\\/junggesellenabschied-fake-tattoosr\\\/\"]}]},{\"@type\":\"ImageObject\",\"inLanguage\":\"de\",\"@id\":\"https:\\\/\\\/likeink.com\\\/de\\\/tatowierungen\\\/junggesellenabschied-fake-tattoosr\\\/#primaryimage\",\"url\":\"https:\\\/\\\/likeink.com\\\/wp-content\\\/uploads\\\/2023\\\/06\\\/Svensexa2-likeink-tatueringar.jpg\",\"contentUrl\":\"https:\\\/\\\/likeink.com\\\/wp-content\\\/uploads\\\/2023\\\/06\\\/Svensexa2-likeink-tatueringar.jpg\",\"width\":1400,\"height\":986,\"caption\":\"Kaufe tempor\u00e4re Tattoos f\u00fcr den Junggesellenabschied.\"},{\"@type\":\"BreadcrumbList\",\"@id\":\"https:\\\/\\\/likeink.com\\\/de\\\/tatowierungen\\\/junggesellenabschied-fake-tattoosr\\\/#breadcrumb\",\"itemListElement\":[{\"@type\":\"ListItem\",\"position\":1,\"name\":\"Hem\",\"item\":\"https:\\\/\\\/likeink.com\\\/de\\\/\"},{\"@type\":\"ListItem\",\"position\":2,\"name\":\"Shop\",\"item\":\"https:\\\/\\\/likeink.com\\\/de\\\/shop\\\/\"},{\"@type\":\"ListItem\",\"position\":3,\"name\":\"Junggesellenabschied Fake Tattoos\"}]},{\"@type\":\"WebSite\",\"@id\":\"https:\\\/\\\/likeink.com\\\/de\\\/#website\",\"url\":\"https:\\\/\\\/likeink.com\\\/de\\\/\",\"name\":\"Like ink\",\"description\":\"Gestalten Sie Ihre eigenen tempor\u00e4ren Tattoos\",\"potentialAction\":[{\"@type\":\"SearchAction\",\"target\":{\"@type\":\"EntryPoint\",\"urlTemplate\":\"https:\\\/\\\/likeink.com\\\/de\\\/?s={search_term_string}\"},\"query-input\":{\"@type\":\"PropertyValueSpecification\",\"valueRequired\":true,\"valueName\":\"search_term_string\"}}],\"inLanguage\":\"de\"}]}<\/script>\n<!-- \/ Yoast SEO Premium plugin. -->","yoast_head_json":{"title":"Junggesellenabschied Fake Tattoos - Schnelle Lieferung - Like ink","description":"Junggesellenabschied Fake Tattoos! Bereichere den Junggesellenabschied und verbringe einen unterhaltsamen Abend mit falschen Tattoos von uns bei Like Ink!- Like ink","robots":{"index":"index","follow":"follow","max-snippet":"max-snippet:-1","max-image-preview":"max-image-preview:large","max-video-preview":"max-video-preview:-1"},"canonical":"https:\/\/likeink.com\/de\/tatowierungen\/junggesellenabschied-fake-tattoosr\/","og_locale":"de_DE","og_type":"article","og_title":"Junggesellenabschied Fake Tattoos","og_description":"Das Tattooblatt \"Junggesellenabschied Fake Tattoos\" wurde entwickelt, um deinen Junggesellenabschied etwas unterhaltsamer zu gestalten, lustige Erinnerungen zu schaffen und die Bindung innerhalb der Gruppe zu st\u00e4rken! Bestelle lustige und coole Tattoos f\u00fcr den Junggesellenabschied Unsere tempor\u00e4ren Tattoos sind sanft zur Haut und leicht aufzutragen und abzuwaschen. Wir drucken und versenden die Tattoos innerhalb von 24 Stunden, und wenn du falsche Tattoos mit deinem eigenen Design f\u00fcr die Hochzeit bestellen m\u00f6chtest, ist das auch super einfach \u00fcber uns bei Like Ink!  Blattgr\u00f6\u00dfe: A5 Anzahl der Tattoos: 17 Tattoo-Gr\u00f6\u00dfe: 4,5 cm","og_url":"https:\/\/likeink.com\/de\/tatowierungen\/junggesellenabschied-fake-tattoosr\/","og_site_name":"Like ink","article_publisher":"https:\/\/www.facebook.com\/LikeInkSe","article_modified_time":"2026-03-17T12:15:13+00:00","og_image":[{"width":1400,"height":986,"url":"https:\/\/likeink.com\/wp-content\/uploads\/2023\/06\/Svensexa2-likeink-tatueringar.jpg","type":"image\/jpeg"}],"twitter_card":"summary_large_image","schema":{"@context":"https:\/\/schema.org","@graph":[{"@type":"WebPage","@id":"https:\/\/likeink.com\/de\/tatowierungen\/junggesellenabschied-fake-tattoosr\/","url":"https:\/\/likeink.com\/de\/tatowierungen\/junggesellenabschied-fake-tattoosr\/","name":"Junggesellenabschied Fake Tattoos - Schnelle Lieferung - Like ink","isPartOf":{"@id":"https:\/\/likeink.com\/de\/#website"},"primaryImageOfPage":{"@id":"https:\/\/likeink.com\/de\/tatowierungen\/junggesellenabschied-fake-tattoosr\/#primaryimage"},"image":{"@id":"https:\/\/likeink.com\/de\/tatowierungen\/junggesellenabschied-fake-tattoosr\/#primaryimage"},"thumbnailUrl":"https:\/\/likeink.com\/wp-content\/uploads\/2023\/06\/Svensexa2-likeink-tatueringar.jpg","datePublished":"2023-06-30T13:12:25+00:00","dateModified":"2026-03-17T12:15:13+00:00","description":"Junggesellenabschied Fake Tattoos! Bereichere den Junggesellenabschied und verbringe einen unterhaltsamen Abend mit falschen Tattoos von uns bei Like Ink!- Like ink","breadcrumb":{"@id":"https:\/\/likeink.com\/de\/tatowierungen\/junggesellenabschied-fake-tattoosr\/#breadcrumb"},"inLanguage":"de","potentialAction":[{"@type":"ReadAction","target":["https:\/\/likeink.com\/de\/tatowierungen\/junggesellenabschied-fake-tattoosr\/"]}]},{"@type":"ImageObject","inLanguage":"de","@id":"https:\/\/likeink.com\/de\/tatowierungen\/junggesellenabschied-fake-tattoosr\/#primaryimage","url":"https:\/\/likeink.com\/wp-content\/uploads\/2023\/06\/Svensexa2-likeink-tatueringar.jpg","contentUrl":"https:\/\/likeink.com\/wp-content\/uploads\/2023\/06\/Svensexa2-likeink-tatueringar.jpg","width":1400,"height":986,"caption":"Kaufe tempor\u00e4re Tattoos f\u00fcr den Junggesellenabschied."},{"@type":"BreadcrumbList","@id":"https:\/\/likeink.com\/de\/tatowierungen\/junggesellenabschied-fake-tattoosr\/#breadcrumb","itemListElement":[{"@type":"ListItem","position":1,"name":"Hem","item":"https:\/\/likeink.com\/de\/"},{"@type":"ListItem","position":2,"name":"Shop","item":"https:\/\/likeink.com\/de\/shop\/"},{"@type":"ListItem","position":3,"name":"Junggesellenabschied Fake Tattoos"}]},{"@type":"WebSite","@id":"https:\/\/likeink.com\/de\/#website","url":"https:\/\/likeink.com\/de\/","name":"Like ink","description":"Gestalten Sie Ihre eigenen tempor\u00e4ren Tattoos","potentialAction":[{"@type":"SearchAction","target":{"@type":"EntryPoint","urlTemplate":"https:\/\/likeink.com\/de\/?s={search_term_string}"},"query-input":{"@type":"PropertyValueSpecification","valueRequired":true,"valueName":"search_term_string"}}],"inLanguage":"de"}]}},"_links":{"self":[{"href":"https:\/\/likeink.com\/de\/wp-json\/wp\/v2\/product\/19113","targetHints":{"allow":["GET"]}}],"collection":[{"href":"https:\/\/likeink.com\/de\/wp-json\/wp\/v2\/product"}],"about":[{"href":"https:\/\/likeink.com\/de\/wp-json\/wp\/v2\/types\/product"}],"wp:featuredmedia":[{"embeddable":true,"href":"https:\/\/likeink.com\/de\/wp-json\/wp\/v2\/media\/19089"}],"wp:attachment":[{"href":"https:\/\/likeink.com\/de\/wp-json\/wp\/v2\/media?parent=19113"}],"wp:term":[{"taxonomy":"product_brand","embeddable":true,"href":"https:\/\/likeink.com\/de\/wp-json\/wp\/v2\/product_brand?post=19113"},{"taxonomy":"product_cat","embeddable":true,"href":"https:\/\/likeink.com\/de\/wp-json\/wp\/v2\/product_cat?post=19113"},{"taxonomy":"product_tag","embeddable":true,"href":"https:\/\/likeink.com\/de\/wp-json\/wp\/v2\/product_tag?post=19113"}],"curies":[{"name":"wp","href":"https:\/\/api.w.org\/{rel}","templated":true}]}}