{"id":22116,"date":"2023-10-06T20:58:42","date_gmt":"2023-10-06T20:58:43","guid":{"rendered":"https:\/\/likeink.se\/?post_type=product&#038;p=22116"},"modified":"2026-04-24T08:34:47","modified_gmt":"2026-04-24T08:34:47","slug":"schwarz-und-grau-tattoos","status":"publish","type":"product","link":"https:\/\/likeink.com\/de\/tatowierungen\/schwarz-und-grau-tattoos\/","title":{"rendered":"Flash &#8220;Schwarz und Grau Tattoos&#8221; by Matte Bokis"},"content":{"rendered":"","protected":false},"excerpt":{"rendered":"<p>Die fertigen Flash B\u00f6gen mit tempor\u00e4ren Tattoos von Like Ink sind 195&#215;140 mm gro\u00df und enthalten die Designs, die du auf dem Bild siehst. Wir drucken und versenden deinen Bogen mit diesen starken Tattoos innerhalb von 24 Stunden nach deiner Bestellung. Die Tattoos sehen gut aus, sind von hoher Qualit\u00e4t und lassen sich einfach anbringen und wieder entfernen. Like Ink erf\u00fcllt alle EU Vorschriften f\u00fcr kosmetische Produkte, sodass du mit gutem Gef\u00fchl bei uns bestellen kannst.<\/p>\n<h2>Bestelle eine Sammlung wirklich cooler Black and Gray tempor\u00e4rer Tattoos, entworfen vom K\u00fcnstler und T\u00e4towierer Matte Bokis<\/h2>\n<p>Dieser Bogen wurde vom gro\u00dfartigen T\u00e4towierer Matte Bokis entworfen, einem erfahrenen und sehr beliebten Tattoo K\u00fcnstler aus Stockholm, Schweden. Es ist wirklich toll, Kunst von diesem talentierten Graffiti und Tattoo K\u00fcnstler anbieten zu k\u00f6nnen.<\/p>\n<p><strong>Das ist Matte Bokis:<\/strong><br \/>\nIch bin T\u00e4towierer in Stockholm. Ich freue mich sehr, Flash Designs f\u00fcr Like Ink zu gestalten, das beste Unternehmen f\u00fcr tempor\u00e4re Tattoos in Europa. Meine Reise in die Kunstwelt begann in der Graffiti Szene Anfang der 90er Jahre, und seit 2006 bin ich tief in der Tattoo Szene aktiv.<\/p>\n<p>Meine Leidenschaft liegt in der traditionellen Tattoo Kunst, aber ich gebe ihr immer meine eigene einzigartige Note. Das Erstellen und Gestalten von Tattoos ist f\u00fcr mich ein t\u00e4gliches Ritual, und jedes Werk ist ein Ausdruck meiner Liebe zu dieser Kunstform.<\/p>\n<p>Ich hoffe, du sch\u00e4tzt und genie\u00dft meine Arbeiten genauso sehr, wie ich es geliebt habe, sie zu erschaffen.<\/p>\n<p>Alles Gute<\/p>\n<p>Matte Bokis<\/p>\n<p><strong>Kontakt zu Matte Bokis:<\/strong><br \/>\nDu findest mich und all meine Tattoo Arbeiten auf Social Media<\/p>\n<p><strong>Instagram:<\/strong><br \/>\n@mattebokis<\/p>\n<p><strong>Studio:<\/strong><br \/>\nStudio Merentis<\/p>\n<p><strong>Adresse:<\/strong><br \/>\nStudio Merentis, Stockholm<\/p>\n","protected":false},"featured_media":21959,"template":"","meta":[],"product_brand":[],"product_cat":[55,503,511],"product_tag":[],"class_list":{"0":"post-22116","1":"product","2":"type-product","3":"status-publish","4":"has-post-thumbnail","6":"product_cat-fertige-boegen","7":"product_cat-kooperationen-mit-taetowierern","8":"product_cat-old-school-und-retro","10":"first","11":"instock","12":"taxable","13":"shipping-taxable","14":"purchasable","15":"product-type-simple"},"yoast_head":"<!-- This site is optimized with the Yoast SEO Premium plugin v27.5 (Yoast SEO v27.6) - https:\/\/yoast.com\/product\/yoast-seo-premium-wordpress\/ -->\n<title>Schwarz und Grau Tattoos von T\u00e4towierer | tempor\u00e4res Tattoo - Like ink<\/title>\n<meta name=\"description\" content=\"Schwarz und Grau Tattoos, entworfen vom T\u00e4towierer Matte Bokis. Stilvolle, allergikerfreundliche und qualitativ hochwertige Fake-Tattoos - Like ink\" \/>\n<meta name=\"robots\" content=\"index, follow, max-snippet:-1, max-image-preview:large, max-video-preview:-1\" \/>\n<link rel=\"canonical\" href=\"https:\/\/likeink.com\/de\/tatowierungen\/schwarz-und-grau-tattoos\/\" \/>\n<meta property=\"og:locale\" content=\"de_DE\" \/>\n<meta property=\"og:type\" content=\"article\" \/>\n<meta property=\"og:title\" content=\"Flash &quot;Schwarz und Grau Tattoos&quot; by Matte Bokis\" \/>\n<meta property=\"og:description\" content=\"Die fertigen Flash B\u00f6gen mit tempor\u00e4ren Tattoos von Like Ink sind 195x140 mm gro\u00df und enthalten die Designs, die du auf dem Bild siehst. Wir drucken und versenden deinen Bogen mit diesen starken Tattoos innerhalb von 24 Stunden nach deiner Bestellung. Die Tattoos sehen gut aus, sind von hoher Qualit\u00e4t und lassen sich einfach anbringen und wieder entfernen. Like Ink erf\u00fcllt alle EU Vorschriften f\u00fcr kosmetische Produkte, sodass du mit gutem Gef\u00fchl bei uns bestellen kannst.  Bestelle eine Sammlung wirklich cooler Black and Gray tempor\u00e4rer Tattoos, entworfen vom K\u00fcnstler und T\u00e4towierer Matte Bokis  Dieser Bogen wurde vom gro\u00dfartigen T\u00e4towierer Matte Bokis entworfen, einem erfahrenen und sehr beliebten Tattoo K\u00fcnstler aus Stockholm, Schweden. Es ist wirklich toll, Kunst von diesem talentierten Graffiti und Tattoo K\u00fcnstler anbieten zu k\u00f6nnen.  Das ist Matte Bokis: Ich bin T\u00e4towierer in Stockholm. Ich freue mich sehr, Flash Designs f\u00fcr Like Ink zu gestalten, das beste Unternehmen f\u00fcr tempor\u00e4re Tattoos in Europa. Meine Reise in die Kunstwelt begann in der Graffiti Szene Anfang der 90er Jahre, und seit 2006 bin ich tief in der Tattoo Szene aktiv.  Meine Leidenschaft liegt in der traditionellen Tattoo Kunst, aber ich gebe ihr immer meine eigene einzigartige Note. Das Erstellen und Gestalten von Tattoos ist f\u00fcr mich ein t\u00e4gliches Ritual, und jedes Werk ist ein Ausdruck meiner Liebe zu dieser Kunstform.  Ich hoffe, du sch\u00e4tzt und genie\u00dft meine Arbeiten genauso sehr, wie ich es geliebt habe, sie zu erschaffen.  Alles Gute  Matte Bokis  Kontakt zu Matte Bokis: Du findest mich und all meine Tattoo Arbeiten auf Social Media  Instagram: @mattebokis  Studio: Studio Merentis  Adresse: Studio Merentis, Stockholm\" \/>\n<meta property=\"og:url\" content=\"https:\/\/likeink.com\/de\/tatowierungen\/schwarz-und-grau-tattoos\/\" \/>\n<meta property=\"og:site_name\" content=\"Like ink\" \/>\n<meta property=\"article:publisher\" content=\"https:\/\/www.facebook.com\/LikeInkSe\" \/>\n<meta property=\"article:modified_time\" content=\"2026-04-24T08:34:47+00:00\" \/>\n<meta property=\"og:image\" content=\"https:\/\/likeink.com\/wp-content\/uploads\/2023\/10\/MatteBokis-BlacknGray-Flash-Likeink.jpg\" \/>\n\t<meta property=\"og:image:width\" content=\"1400\" \/>\n\t<meta property=\"og:image:height\" content=\"986\" \/>\n\t<meta property=\"og:image:type\" content=\"image\/jpeg\" \/>\n<meta name=\"twitter:card\" content=\"summary_large_image\" \/>\n<meta name=\"twitter:label1\" content=\"Gesch\u00e4tzte Lesezeit\" \/>\n\t<meta name=\"twitter:data1\" content=\"1\u00a0Minute\" \/>\n<!-- \/ Yoast SEO Premium plugin. -->","yoast_head_json":{"title":"Schwarz und Grau Tattoos von T\u00e4towierer | tempor\u00e4res Tattoo - Like ink","description":"Schwarz und Grau Tattoos, entworfen vom T\u00e4towierer Matte Bokis. Stilvolle, allergikerfreundliche und qualitativ hochwertige Fake-Tattoos - Like ink","robots":{"index":"index","follow":"follow","max-snippet":"max-snippet:-1","max-image-preview":"max-image-preview:large","max-video-preview":"max-video-preview:-1"},"canonical":"https:\/\/likeink.com\/de\/tatowierungen\/schwarz-und-grau-tattoos\/","og_locale":"de_DE","og_type":"article","og_title":"Flash \"Schwarz und Grau Tattoos\" by Matte Bokis","og_description":"Die fertigen Flash B\u00f6gen mit tempor\u00e4ren Tattoos von Like Ink sind 195x140 mm gro\u00df und enthalten die Designs, die du auf dem Bild siehst. Wir drucken und versenden deinen Bogen mit diesen starken Tattoos innerhalb von 24 Stunden nach deiner Bestellung. Die Tattoos sehen gut aus, sind von hoher Qualit\u00e4t und lassen sich einfach anbringen und wieder entfernen. Like Ink erf\u00fcllt alle EU Vorschriften f\u00fcr kosmetische Produkte, sodass du mit gutem Gef\u00fchl bei uns bestellen kannst.  Bestelle eine Sammlung wirklich cooler Black and Gray tempor\u00e4rer Tattoos, entworfen vom K\u00fcnstler und T\u00e4towierer Matte Bokis  Dieser Bogen wurde vom gro\u00dfartigen T\u00e4towierer Matte Bokis entworfen, einem erfahrenen und sehr beliebten Tattoo K\u00fcnstler aus Stockholm, Schweden. Es ist wirklich toll, Kunst von diesem talentierten Graffiti und Tattoo K\u00fcnstler anbieten zu k\u00f6nnen.  Das ist Matte Bokis: Ich bin T\u00e4towierer in Stockholm. Ich freue mich sehr, Flash Designs f\u00fcr Like Ink zu gestalten, das beste Unternehmen f\u00fcr tempor\u00e4re Tattoos in Europa. Meine Reise in die Kunstwelt begann in der Graffiti Szene Anfang der 90er Jahre, und seit 2006 bin ich tief in der Tattoo Szene aktiv.  Meine Leidenschaft liegt in der traditionellen Tattoo Kunst, aber ich gebe ihr immer meine eigene einzigartige Note. Das Erstellen und Gestalten von Tattoos ist f\u00fcr mich ein t\u00e4gliches Ritual, und jedes Werk ist ein Ausdruck meiner Liebe zu dieser Kunstform.  Ich hoffe, du sch\u00e4tzt und genie\u00dft meine Arbeiten genauso sehr, wie ich es geliebt habe, sie zu erschaffen.  Alles Gute  Matte Bokis  Kontakt zu Matte Bokis: Du findest mich und all meine Tattoo Arbeiten auf Social Media  Instagram: @mattebokis  Studio: Studio Merentis  Adresse: Studio Merentis, Stockholm","og_url":"https:\/\/likeink.com\/de\/tatowierungen\/schwarz-und-grau-tattoos\/","og_site_name":"Like ink","article_publisher":"https:\/\/www.facebook.com\/LikeInkSe","article_modified_time":"2026-04-24T08:34:47+00:00","og_image":[{"width":1400,"height":986,"url":"https:\/\/likeink.com\/wp-content\/uploads\/2023\/10\/MatteBokis-BlacknGray-Flash-Likeink.jpg","type":"image\/jpeg"}],"twitter_card":"summary_large_image","twitter_misc":{"Gesch\u00e4tzte Lesezeit":"1\u00a0Minute"},"schema":{"@context":"https:\/\/schema.org","@graph":[{"@type":"WebPage","@id":"https:\/\/likeink.com\/de\/tatowierungen\/schwarz-und-grau-tattoos\/","url":"https:\/\/likeink.com\/de\/tatowierungen\/schwarz-und-grau-tattoos\/","name":"Schwarz und Grau Tattoos von T\u00e4towierer | tempor\u00e4res Tattoo - Like ink","isPartOf":{"@id":"https:\/\/likeink.com\/de\/#website"},"primaryImageOfPage":{"@id":"https:\/\/likeink.com\/de\/tatowierungen\/schwarz-und-grau-tattoos\/#primaryimage"},"image":{"@id":"https:\/\/likeink.com\/de\/tatowierungen\/schwarz-und-grau-tattoos\/#primaryimage"},"thumbnailUrl":"https:\/\/likeink.com\/wp-content\/uploads\/2023\/10\/MatteBokis-BlacknGray-Flash-Likeink.jpg","datePublished":"2023-10-06T20:58:43+00:00","dateModified":"2026-04-24T08:34:47+00:00","description":"Schwarz und Grau Tattoos, entworfen vom T\u00e4towierer Matte Bokis. Stilvolle, allergikerfreundliche und qualitativ hochwertige Fake-Tattoos - Like ink","breadcrumb":{"@id":"https:\/\/likeink.com\/de\/tatowierungen\/schwarz-und-grau-tattoos\/#breadcrumb"},"inLanguage":"de","potentialAction":[{"@type":"ReadAction","target":["https:\/\/likeink.com\/de\/tatowierungen\/schwarz-und-grau-tattoos\/"]}]},{"@type":"ImageObject","inLanguage":"de","@id":"https:\/\/likeink.com\/de\/tatowierungen\/schwarz-und-grau-tattoos\/#primaryimage","url":"https:\/\/likeink.com\/wp-content\/uploads\/2023\/10\/MatteBokis-BlacknGray-Flash-Likeink.jpg","contentUrl":"https:\/\/likeink.com\/wp-content\/uploads\/2023\/10\/MatteBokis-BlacknGray-Flash-Likeink.jpg","width":1400,"height":986,"caption":"Real Fake Tattoos von Like ink pr\u00e4sentiert eine Schwarz-wei\u00df-Serie mit ausgepr\u00e4gten Designs: eine geheimnisvolle Meerjungfrau, ein Paar Boxhandschuhe und eine Sanduhr."},{"@type":"BreadcrumbList","@id":"https:\/\/likeink.com\/de\/tatowierungen\/schwarz-und-grau-tattoos\/#breadcrumb","itemListElement":[{"@type":"ListItem","position":1,"name":"Hem","item":"https:\/\/likeink.com\/de\/"},{"@type":"ListItem","position":2,"name":"Shop","item":"https:\/\/likeink.com\/de\/shop\/"},{"@type":"ListItem","position":3,"name":"Flash &#8220;Schwarz und Grau Tattoos&#8221; by Matte Bokis"}]},{"@type":"WebSite","@id":"https:\/\/likeink.com\/de\/#website","url":"https:\/\/likeink.com\/de\/","name":"Like ink","description":"Gestalten Sie Ihre eigenen tempor\u00e4ren Tattoos","potentialAction":[{"@type":"SearchAction","target":{"@type":"EntryPoint","urlTemplate":"https:\/\/likeink.com\/de\/?s={search_term_string}"},"query-input":{"@type":"PropertyValueSpecification","valueRequired":true,"valueName":"search_term_string"}}],"inLanguage":"de"}]}},"_links":{"self":[{"href":"https:\/\/likeink.com\/de\/wp-json\/wp\/v2\/product\/22116","targetHints":{"allow":["GET"]}}],"collection":[{"href":"https:\/\/likeink.com\/de\/wp-json\/wp\/v2\/product"}],"about":[{"href":"https:\/\/likeink.com\/de\/wp-json\/wp\/v2\/types\/product"}],"wp:featuredmedia":[{"embeddable":true,"href":"https:\/\/likeink.com\/de\/wp-json\/wp\/v2\/media\/21959"}],"wp:attachment":[{"href":"https:\/\/likeink.com\/de\/wp-json\/wp\/v2\/media?parent=22116"}],"wp:term":[{"taxonomy":"product_brand","embeddable":true,"href":"https:\/\/likeink.com\/de\/wp-json\/wp\/v2\/product_brand?post=22116"},{"taxonomy":"product_cat","embeddable":true,"href":"https:\/\/likeink.com\/de\/wp-json\/wp\/v2\/product_cat?post=22116"},{"taxonomy":"product_tag","embeddable":true,"href":"https:\/\/likeink.com\/de\/wp-json\/wp\/v2\/product_tag?post=22116"}],"curies":[{"name":"wp","href":"https:\/\/api.w.org\/{rel}","templated":true}]}}