{"id":2241,"date":"2019-11-25T13:17:54","date_gmt":"2019-11-25T13:17:54","guid":{"rendered":"https:\/\/likeink.se\/produkt\/happy-new-year\/"},"modified":"2026-03-17T12:10:17","modified_gmt":"2026-03-17T12:10:17","slug":"happy-new-year","status":"publish","type":"product","link":"https:\/\/likeink.com\/de\/tatowierungen\/happy-new-year\/","title":{"rendered":"Happy new year"},"content":{"rendered":"","protected":false},"excerpt":{"rendered":"<p>Unsere fertigen B\u00f6gen mit den tempor\u00e4ren Tattoos sind ca. 20&#215;15 cm gro\u00df und voll mit dem Design, das Sie auf dem Bild sehen. Vielleicht gef\u00e4llt Ihnen, was Sie sehen, vielleicht m\u00f6chten Sie die Qualit\u00e4t aber auch noch etwas verbessern, bevor Sie eine gr\u00f6\u00dfere Bestellung mit Ihrem eigenen Design aufgeben. In jedem Fall drucken und versenden wir Ihren Bogen mit tempor\u00e4ren Tattoos innerhalb von 24 Stunden ab Eingang Ihrer Bestellung.<\/p>\n","protected":false},"featured_media":34071,"template":"","meta":[],"product_brand":[],"product_cat":[55,516],"product_tag":[],"class_list":{"0":"post-2241","1":"product","2":"type-product","3":"status-publish","4":"has-post-thumbnail","6":"product_cat-fertige-boegen","7":"product_cat-kostuem-saison","9":"first","10":"instock","11":"taxable","12":"shipping-taxable","13":"purchasable","14":"product-type-simple"},"yoast_head":"<!-- This site is optimized with the Yoast SEO Premium plugin v26.2 (Yoast SEO v27.4) - https:\/\/yoast.com\/product\/yoast-seo-premium-wordpress\/ -->\n<title>Happy new year - Like ink<\/title>\n<meta name=\"description\" content=\"Happy new year: B\u00f6gen mit den tempor\u00e4ren Tattoos sind ca. 20x15 cm - Like ink\" \/>\n<meta name=\"robots\" content=\"index, follow, max-snippet:-1, max-image-preview:large, max-video-preview:-1\" \/>\n<link rel=\"canonical\" href=\"https:\/\/likeink.com\/de\/tatowierungen\/happy-new-year\/\" \/>\n<meta property=\"og:locale\" content=\"de_DE\" \/>\n<meta property=\"og:type\" content=\"article\" \/>\n<meta property=\"og:title\" content=\"Happy new year\" \/>\n<meta property=\"og:description\" content=\"Unsere fertigen B\u00f6gen mit den tempor\u00e4ren Tattoos sind ca. 20x15 cm gro\u00df und voll mit dem Design, das Sie auf dem Bild sehen. Vielleicht gef\u00e4llt Ihnen, was Sie sehen, vielleicht m\u00f6chten Sie die Qualit\u00e4t aber auch noch etwas verbessern, bevor Sie eine gr\u00f6\u00dfere Bestellung mit Ihrem eigenen Design aufgeben. In jedem Fall drucken und versenden wir Ihren Bogen mit tempor\u00e4ren Tattoos innerhalb von 24 Stunden ab Eingang Ihrer Bestellung.\" \/>\n<meta property=\"og:url\" content=\"https:\/\/likeink.com\/de\/tatowierungen\/happy-new-year\/\" \/>\n<meta property=\"og:site_name\" content=\"Like ink\" \/>\n<meta property=\"article:publisher\" content=\"https:\/\/www.facebook.com\/LikeInkSe\" \/>\n<meta property=\"article:modified_time\" content=\"2026-03-17T12:10:17+00:00\" \/>\n<meta property=\"og:image\" content=\"https:\/\/likeink.com\/wp-content\/uploads\/2024\/11\/2025-nyar-design-likeink-gnuggisar.png\" \/>\n\t<meta property=\"og:image:width\" content=\"1418\" \/>\n\t<meta property=\"og:image:height\" content=\"1000\" \/>\n\t<meta property=\"og:image:type\" content=\"image\/png\" \/>\n<meta name=\"twitter:card\" content=\"summary_large_image\" \/>\n<!-- \/ Yoast SEO Premium plugin. -->","yoast_head_json":{"title":"Happy new year - Like ink","description":"Happy new year: B\u00f6gen mit den tempor\u00e4ren Tattoos sind ca. 20x15 cm - Like ink","robots":{"index":"index","follow":"follow","max-snippet":"max-snippet:-1","max-image-preview":"max-image-preview:large","max-video-preview":"max-video-preview:-1"},"canonical":"https:\/\/likeink.com\/de\/tatowierungen\/happy-new-year\/","og_locale":"de_DE","og_type":"article","og_title":"Happy new year","og_description":"Unsere fertigen B\u00f6gen mit den tempor\u00e4ren Tattoos sind ca. 20x15 cm gro\u00df und voll mit dem Design, das Sie auf dem Bild sehen. Vielleicht gef\u00e4llt Ihnen, was Sie sehen, vielleicht m\u00f6chten Sie die Qualit\u00e4t aber auch noch etwas verbessern, bevor Sie eine gr\u00f6\u00dfere Bestellung mit Ihrem eigenen Design aufgeben. In jedem Fall drucken und versenden wir Ihren Bogen mit tempor\u00e4ren Tattoos innerhalb von 24 Stunden ab Eingang Ihrer Bestellung.","og_url":"https:\/\/likeink.com\/de\/tatowierungen\/happy-new-year\/","og_site_name":"Like ink","article_publisher":"https:\/\/www.facebook.com\/LikeInkSe","article_modified_time":"2026-03-17T12:10:17+00:00","og_image":[{"width":1418,"height":1000,"url":"https:\/\/likeink.com\/wp-content\/uploads\/2024\/11\/2025-nyar-design-likeink-gnuggisar.png","type":"image\/png"}],"twitter_card":"summary_large_image","schema":{"@context":"https:\/\/schema.org","@graph":[{"@type":"WebPage","@id":"https:\/\/likeink.com\/de\/tatowierungen\/happy-new-year\/","url":"https:\/\/likeink.com\/de\/tatowierungen\/happy-new-year\/","name":"Happy new year - Like ink","isPartOf":{"@id":"https:\/\/likeink.com\/de\/#website"},"primaryImageOfPage":{"@id":"https:\/\/likeink.com\/de\/tatowierungen\/happy-new-year\/#primaryimage"},"image":{"@id":"https:\/\/likeink.com\/de\/tatowierungen\/happy-new-year\/#primaryimage"},"thumbnailUrl":"https:\/\/likeink.com\/wp-content\/uploads\/2024\/11\/2025-nyar-design-likeink-gnuggisar.png","datePublished":"2019-11-25T13:17:54+00:00","dateModified":"2026-03-17T12:10:17+00:00","description":"Happy new year: B\u00f6gen mit den tempor\u00e4ren Tattoos sind ca. 20x15 cm - Like ink","breadcrumb":{"@id":"https:\/\/likeink.com\/de\/tatowierungen\/happy-new-year\/#breadcrumb"},"inLanguage":"de","potentialAction":[{"@type":"ReadAction","target":["https:\/\/likeink.com\/de\/tatowierungen\/happy-new-year\/"]}]},{"@type":"ImageObject","inLanguage":"de","@id":"https:\/\/likeink.com\/de\/tatowierungen\/happy-new-year\/#primaryimage","url":"https:\/\/likeink.com\/wp-content\/uploads\/2024\/11\/2025-nyar-design-likeink-gnuggisar.png","contentUrl":"https:\/\/likeink.com\/wp-content\/uploads\/2024\/11\/2025-nyar-design-likeink-gnuggisar.png","width":1418,"height":1000,"caption":"New Year Temporary Tattoos"},{"@type":"BreadcrumbList","@id":"https:\/\/likeink.com\/de\/tatowierungen\/happy-new-year\/#breadcrumb","itemListElement":[{"@type":"ListItem","position":1,"name":"Hem","item":"https:\/\/likeink.com\/de\/"},{"@type":"ListItem","position":2,"name":"Shop","item":"https:\/\/likeink.com\/de\/shop\/"},{"@type":"ListItem","position":3,"name":"Happy new year"}]},{"@type":"WebSite","@id":"https:\/\/likeink.com\/de\/#website","url":"https:\/\/likeink.com\/de\/","name":"Like ink","description":"Gestalten Sie Ihre eigenen tempor\u00e4ren Tattoos","potentialAction":[{"@type":"SearchAction","target":{"@type":"EntryPoint","urlTemplate":"https:\/\/likeink.com\/de\/?s={search_term_string}"},"query-input":{"@type":"PropertyValueSpecification","valueRequired":true,"valueName":"search_term_string"}}],"inLanguage":"de"}]}},"_links":{"self":[{"href":"https:\/\/likeink.com\/de\/wp-json\/wp\/v2\/product\/2241","targetHints":{"allow":["GET"]}}],"collection":[{"href":"https:\/\/likeink.com\/de\/wp-json\/wp\/v2\/product"}],"about":[{"href":"https:\/\/likeink.com\/de\/wp-json\/wp\/v2\/types\/product"}],"wp:featuredmedia":[{"embeddable":true,"href":"https:\/\/likeink.com\/de\/wp-json\/wp\/v2\/media\/34071"}],"wp:attachment":[{"href":"https:\/\/likeink.com\/de\/wp-json\/wp\/v2\/media?parent=2241"}],"wp:term":[{"taxonomy":"product_brand","embeddable":true,"href":"https:\/\/likeink.com\/de\/wp-json\/wp\/v2\/product_brand?post=2241"},{"taxonomy":"product_cat","embeddable":true,"href":"https:\/\/likeink.com\/de\/wp-json\/wp\/v2\/product_cat?post=2241"},{"taxonomy":"product_tag","embeddable":true,"href":"https:\/\/likeink.com\/de\/wp-json\/wp\/v2\/product_tag?post=2241"}],"curies":[{"name":"wp","href":"https:\/\/api.w.org\/{rel}","templated":true}]}}