{"id":2386,"date":"2020-01-21T14:24:43","date_gmt":"2020-01-21T14:24:43","guid":{"rendered":"https:\/\/likeink.se\/produkt\/flash-1-by-helene-at-studio-black\/"},"modified":"2026-04-28T13:53:52","modified_gmt":"2026-04-28T13:53:52","slug":"flash-1-by-helene-at-studio-black","status":"publish","type":"product","link":"https:\/\/likeink.com\/de\/tatowierungen\/flash-1-by-helene-at-studio-black\/","title":{"rendered":"Flash &#8220;owl&#8221; by Hel\u00e9ne at Studio Bl\u00e4ck"},"content":{"rendered":"","protected":false},"excerpt":{"rendered":"<p>Unsere fertigen B\u00f6gen mit tempor\u00e4ren Tattoos sind etwa 20\u00d715 cm gro\u00df und mit dem Design gef\u00fcllt, das du auf dem Bild siehst. Wir drucken und versenden deinen Bogen mit tempor\u00e4ren Tattoos innerhalb von 24 Stunden nach deiner Bestellung.<\/p>\n<h2>Tempor\u00e4re Tattoos Flash &#8220;owl&#8221; von Hel\u00e9ne<\/h2>\n<p>Dieser Bogen wurde von der talentierten T\u00e4towiererin Hel\u00e9ne von Studio Bl\u00e4ck in V\u00e4rmland entworfen.<\/p>\n<p><strong>Das ist Hel\u00e9ne:<\/strong><br \/>\nT\u00e4towiererin aus Schweden, die Tattoos und das T\u00e4towieren LIEBT. Der Prozess, die Ideen meiner Kunden in Tattoos umzusetzen, ist die inspirierendste Art, Kunst zu schaffen. Deshalb arbeite ich in allen Stilrichtungen, von Old School mit kr\u00e4ftigen Linien bis hin zum Fotorealismus. Alles, was zur Vision, Pers\u00f6nlichkeit und zum Stil meiner Kunden passt.<\/p>\n<p>Wenn es um kleine Tattoos geht, mag ich einfache Motive mit einem sch\u00f6nen Flow. Klassische feine Linien und vielleicht ein kleiner Hauch von Farbe. Die Sch\u00f6nheit des Lebens liegt in den kleinen Details, genau wie bei Tattoos.<\/p>\n<p>Ich hoffe, dir gefallen diese B\u00f6gen mit Motiven. Markiere gerne Like Ink und mich, wenn du Bilder mit diesen tempor\u00e4ren Tattoos in den sozialen Medien postest. Ich hoffe, wir sehen uns bei Studio Bl\u00e4ck in den magischen W\u00e4ldern von V\u00e4rmland.<\/p>\n<p><strong>Wenn du Hel\u00e9ne kontaktieren m\u00f6chtest:<\/strong><\/p>\n<p><strong>Instagram:<\/strong><br \/>\nhelene_studioblack<\/p>\n<p><strong>Facebook:<\/strong><br \/>\nFacebook.com\/studioblack.forshaga<\/p>\n<p><strong>Studio:<\/strong><br \/>\nStudio Bl\u00e4ck<\/p>\n<p><strong>Adresse:<\/strong><br \/>\nStorgatan 33, 667 30 FORSHAGA<\/p>\n<p><strong>Website:<\/strong><br \/>\nstudioblack.se<\/p>\n","protected":false},"featured_media":60141,"template":"","meta":[],"product_brand":[],"product_cat":[55,503],"product_tag":[],"class_list":{"0":"post-2386","1":"product","2":"type-product","3":"status-publish","4":"has-post-thumbnail","6":"product_cat-fertige-boegen","7":"product_cat-kooperationen-mit-taetowierern","9":"first","10":"instock","11":"taxable","12":"shipping-taxable","13":"purchasable","14":"product-type-simple"},"yoast_head":"<!-- This site is optimized with the Yoast SEO Premium plugin v26.2 (Yoast SEO v27.4) - https:\/\/yoast.com\/product\/yoast-seo-premium-wordpress\/ -->\n<title>Eulen-Fake-Tattoos: Gezeichnet von einem talentierten T\u00e4towierer!- Like ink<\/title>\n<meta name=\"description\" content=\"Eulen-Fake-Tattoos: Schwarz-graue Fake-Tattoos, die eine gute Qualit\u00e4t haben und einfach aufzutragen und zu entfernen sind.&quot;\" \/>\n<meta name=\"robots\" content=\"index, follow, max-snippet:-1, max-image-preview:large, max-video-preview:-1\" \/>\n<link rel=\"canonical\" href=\"https:\/\/likeink.com\/de\/tatowierungen\/flash-1-by-helene-at-studio-black\/\" \/>\n<meta property=\"og:locale\" content=\"de_DE\" \/>\n<meta property=\"og:type\" content=\"article\" \/>\n<meta property=\"og:title\" content=\"Flash &quot;owl&quot; by Hel\u00e9ne at Studio Bl\u00e4ck\" \/>\n<meta property=\"og:description\" content=\"Unsere fertigen B\u00f6gen mit tempor\u00e4ren Tattoos sind etwa 20\u00d715 cm gro\u00df und mit dem Design gef\u00fcllt, das du auf dem Bild siehst. Wir drucken und versenden deinen Bogen mit tempor\u00e4ren Tattoos innerhalb von 24 Stunden nach deiner Bestellung. Tempor\u00e4re Tattoos Flash &quot;owl&quot; von Hel\u00e9ne Dieser Bogen wurde von der talentierten T\u00e4towiererin Hel\u00e9ne von Studio Bl\u00e4ck in V\u00e4rmland entworfen.  Das ist Hel\u00e9ne: T\u00e4towiererin aus Schweden, die Tattoos und das T\u00e4towieren LIEBT. Der Prozess, die Ideen meiner Kunden in Tattoos umzusetzen, ist die inspirierendste Art, Kunst zu schaffen. Deshalb arbeite ich in allen Stilrichtungen, von Old School mit kr\u00e4ftigen Linien bis hin zum Fotorealismus. Alles, was zur Vision, Pers\u00f6nlichkeit und zum Stil meiner Kunden passt.  Wenn es um kleine Tattoos geht, mag ich einfache Motive mit einem sch\u00f6nen Flow. Klassische feine Linien und vielleicht ein kleiner Hauch von Farbe. Die Sch\u00f6nheit des Lebens liegt in den kleinen Details, genau wie bei Tattoos.  Ich hoffe, dir gefallen diese B\u00f6gen mit Motiven. Markiere gerne Like Ink und mich, wenn du Bilder mit diesen tempor\u00e4ren Tattoos in den sozialen Medien postest. Ich hoffe, wir sehen uns bei Studio Bl\u00e4ck in den magischen W\u00e4ldern von V\u00e4rmland.  Wenn du Hel\u00e9ne kontaktieren m\u00f6chtest:  Instagram: helene_studioblack  Facebook: Facebook.com\/studioblack.forshaga  Studio: Studio Bl\u00e4ck  Adresse: Storgatan 33, 667 30 FORSHAGA  Website: studioblack.se\" \/>\n<meta property=\"og:url\" content=\"https:\/\/likeink.com\/de\/tatowierungen\/flash-1-by-helene-at-studio-black\/\" \/>\n<meta property=\"og:site_name\" content=\"Like ink\" \/>\n<meta property=\"article:publisher\" content=\"https:\/\/www.facebook.com\/LikeInkSe\" \/>\n<meta property=\"article:modified_time\" content=\"2026-04-28T13:53:52+00:00\" \/>\n<meta property=\"og:image\" content=\"https:\/\/likeink.com\/wp-content\/uploads\/2026\/03\/StudioBlack-norrkoping-flash-likeink.jpg\" \/>\n\t<meta property=\"og:image:width\" content=\"2481\" \/>\n\t<meta property=\"og:image:height\" content=\"1749\" \/>\n\t<meta property=\"og:image:type\" content=\"image\/jpeg\" \/>\n<meta name=\"twitter:card\" content=\"summary_large_image\" \/>\n<meta name=\"twitter:label1\" content=\"Gesch\u00e4tzte Lesezeit\" \/>\n\t<meta name=\"twitter:data1\" content=\"1\u00a0Minute\" \/>\n<!-- \/ Yoast SEO Premium plugin. -->","yoast_head_json":{"title":"Eulen-Fake-Tattoos: Gezeichnet von einem talentierten T\u00e4towierer!- Like ink","description":"Eulen-Fake-Tattoos: Schwarz-graue Fake-Tattoos, die eine gute Qualit\u00e4t haben und einfach aufzutragen und zu entfernen sind.\"","robots":{"index":"index","follow":"follow","max-snippet":"max-snippet:-1","max-image-preview":"max-image-preview:large","max-video-preview":"max-video-preview:-1"},"canonical":"https:\/\/likeink.com\/de\/tatowierungen\/flash-1-by-helene-at-studio-black\/","og_locale":"de_DE","og_type":"article","og_title":"Flash \"owl\" by Hel\u00e9ne at Studio Bl\u00e4ck","og_description":"Unsere fertigen B\u00f6gen mit tempor\u00e4ren Tattoos sind etwa 20\u00d715 cm gro\u00df und mit dem Design gef\u00fcllt, das du auf dem Bild siehst. Wir drucken und versenden deinen Bogen mit tempor\u00e4ren Tattoos innerhalb von 24 Stunden nach deiner Bestellung. Tempor\u00e4re Tattoos Flash \"owl\" von Hel\u00e9ne Dieser Bogen wurde von der talentierten T\u00e4towiererin Hel\u00e9ne von Studio Bl\u00e4ck in V\u00e4rmland entworfen.  Das ist Hel\u00e9ne: T\u00e4towiererin aus Schweden, die Tattoos und das T\u00e4towieren LIEBT. Der Prozess, die Ideen meiner Kunden in Tattoos umzusetzen, ist die inspirierendste Art, Kunst zu schaffen. Deshalb arbeite ich in allen Stilrichtungen, von Old School mit kr\u00e4ftigen Linien bis hin zum Fotorealismus. Alles, was zur Vision, Pers\u00f6nlichkeit und zum Stil meiner Kunden passt.  Wenn es um kleine Tattoos geht, mag ich einfache Motive mit einem sch\u00f6nen Flow. Klassische feine Linien und vielleicht ein kleiner Hauch von Farbe. Die Sch\u00f6nheit des Lebens liegt in den kleinen Details, genau wie bei Tattoos.  Ich hoffe, dir gefallen diese B\u00f6gen mit Motiven. Markiere gerne Like Ink und mich, wenn du Bilder mit diesen tempor\u00e4ren Tattoos in den sozialen Medien postest. Ich hoffe, wir sehen uns bei Studio Bl\u00e4ck in den magischen W\u00e4ldern von V\u00e4rmland.  Wenn du Hel\u00e9ne kontaktieren m\u00f6chtest:  Instagram: helene_studioblack  Facebook: Facebook.com\/studioblack.forshaga  Studio: Studio Bl\u00e4ck  Adresse: Storgatan 33, 667 30 FORSHAGA  Website: studioblack.se","og_url":"https:\/\/likeink.com\/de\/tatowierungen\/flash-1-by-helene-at-studio-black\/","og_site_name":"Like ink","article_publisher":"https:\/\/www.facebook.com\/LikeInkSe","article_modified_time":"2026-04-28T13:53:52+00:00","og_image":[{"width":2481,"height":1749,"url":"https:\/\/likeink.com\/wp-content\/uploads\/2026\/03\/StudioBlack-norrkoping-flash-likeink.jpg","type":"image\/jpeg"}],"twitter_card":"summary_large_image","twitter_misc":{"Gesch\u00e4tzte Lesezeit":"1\u00a0Minute"},"schema":{"@context":"https:\/\/schema.org","@graph":[{"@type":"WebPage","@id":"https:\/\/likeink.com\/de\/tatowierungen\/flash-1-by-helene-at-studio-black\/","url":"https:\/\/likeink.com\/de\/tatowierungen\/flash-1-by-helene-at-studio-black\/","name":"Eulen-Fake-Tattoos: Gezeichnet von einem talentierten T\u00e4towierer!- Like ink","isPartOf":{"@id":"https:\/\/likeink.com\/de\/#website"},"primaryImageOfPage":{"@id":"https:\/\/likeink.com\/de\/tatowierungen\/flash-1-by-helene-at-studio-black\/#primaryimage"},"image":{"@id":"https:\/\/likeink.com\/de\/tatowierungen\/flash-1-by-helene-at-studio-black\/#primaryimage"},"thumbnailUrl":"https:\/\/likeink.com\/wp-content\/uploads\/2026\/03\/StudioBlack-norrkoping-flash-likeink.jpg","datePublished":"2020-01-21T14:24:43+00:00","dateModified":"2026-04-28T13:53:52+00:00","description":"Eulen-Fake-Tattoos: Schwarz-graue Fake-Tattoos, die eine gute Qualit\u00e4t haben und einfach aufzutragen und zu entfernen sind.\"","breadcrumb":{"@id":"https:\/\/likeink.com\/de\/tatowierungen\/flash-1-by-helene-at-studio-black\/#breadcrumb"},"inLanguage":"de","potentialAction":[{"@type":"ReadAction","target":["https:\/\/likeink.com\/de\/tatowierungen\/flash-1-by-helene-at-studio-black\/"]}]},{"@type":"ImageObject","inLanguage":"de","@id":"https:\/\/likeink.com\/de\/tatowierungen\/flash-1-by-helene-at-studio-black\/#primaryimage","url":"https:\/\/likeink.com\/wp-content\/uploads\/2026\/03\/StudioBlack-norrkoping-flash-likeink.jpg","contentUrl":"https:\/\/likeink.com\/wp-content\/uploads\/2026\/03\/StudioBlack-norrkoping-flash-likeink.jpg","width":2481,"height":1749,"caption":"Eine surreale Schwarz-Wei\u00df-Collage mit einer Eule, einem Tiger, Motten, menschlichen Augen, Tintenspritzern, Spatensymbolen und geometrischen Formen, die alle auf einem wei\u00dfen Hintergrund mit skizzenhaften k\u00fcnstlerischen Strichen angeordnet sind."},{"@type":"BreadcrumbList","@id":"https:\/\/likeink.com\/de\/tatowierungen\/flash-1-by-helene-at-studio-black\/#breadcrumb","itemListElement":[{"@type":"ListItem","position":1,"name":"Hem","item":"https:\/\/likeink.com\/de\/"},{"@type":"ListItem","position":2,"name":"Shop","item":"https:\/\/likeink.com\/de\/shop\/"},{"@type":"ListItem","position":3,"name":"Flash &#8220;owl&#8221; by Hel\u00e9ne at Studio Bl\u00e4ck"}]},{"@type":"WebSite","@id":"https:\/\/likeink.com\/de\/#website","url":"https:\/\/likeink.com\/de\/","name":"Like ink","description":"Gestalten Sie Ihre eigenen tempor\u00e4ren Tattoos","potentialAction":[{"@type":"SearchAction","target":{"@type":"EntryPoint","urlTemplate":"https:\/\/likeink.com\/de\/?s={search_term_string}"},"query-input":{"@type":"PropertyValueSpecification","valueRequired":true,"valueName":"search_term_string"}}],"inLanguage":"de"}]}},"_links":{"self":[{"href":"https:\/\/likeink.com\/de\/wp-json\/wp\/v2\/product\/2386","targetHints":{"allow":["GET"]}}],"collection":[{"href":"https:\/\/likeink.com\/de\/wp-json\/wp\/v2\/product"}],"about":[{"href":"https:\/\/likeink.com\/de\/wp-json\/wp\/v2\/types\/product"}],"wp:featuredmedia":[{"embeddable":true,"href":"https:\/\/likeink.com\/de\/wp-json\/wp\/v2\/media\/60141"}],"wp:attachment":[{"href":"https:\/\/likeink.com\/de\/wp-json\/wp\/v2\/media?parent=2386"}],"wp:term":[{"taxonomy":"product_brand","embeddable":true,"href":"https:\/\/likeink.com\/de\/wp-json\/wp\/v2\/product_brand?post=2386"},{"taxonomy":"product_cat","embeddable":true,"href":"https:\/\/likeink.com\/de\/wp-json\/wp\/v2\/product_cat?post=2386"},{"taxonomy":"product_tag","embeddable":true,"href":"https:\/\/likeink.com\/de\/wp-json\/wp\/v2\/product_tag?post=2386"}],"curies":[{"name":"wp","href":"https:\/\/api.w.org\/{rel}","templated":true}]}}