{"id":24180,"date":"2024-01-11T20:06:01","date_gmt":"2024-01-11T20:06:01","guid":{"rendered":"https:\/\/likeink.se\/gnuggis\/watercolor-flashar-av-malin-carper\/"},"modified":"2024-02-14T16:13:30","modified_gmt":"2024-02-14T16:13:30","slug":"aquarell-flashar","status":"publish","type":"product","link":"https:\/\/likeink.com\/de\/tatowierungen\/aquarell-flashar\/","title":{"rendered":"Flash &#8218;Aquarell Flashar&#8216; von Malin Carper"},"content":{"rendered":"","protected":false},"excerpt":{"rendered":"<p>Like inks fertige B\u00f6gen mit tempor\u00e4ren T\u00e4towierungen sind etwa 20\u00d714 cm gro\u00df und mit dem Design gef\u00fcllt, das Sie auf dem Bild sehen. Wir drucken und versenden Ihr Blatt mit T\u00e4towierungen innerhalb von 24 Stunden, nachdem Sie bestellt haben.<\/p>\n<h2>Bestellen Sie Fake-Tattoos im Aquarell-Stil, &#8218;Watercolor Tattoos&#8216;, entworfen von der T\u00e4towiererin Malin Carper.<\/h2>\n<p>Dieses Blatt wurde von der talentierten T\u00e4towiererin Malin Carper von Bad Mood Tattoo in Helsingborg entworfen. Es ist super toll, T\u00e4towierungskunst von Malin anbieten zu k\u00f6nnen, die eine der coolsten T\u00e4towiererinnen ist, die wir gesehen haben! Bestellen Sie ein Blatt mit Rubbel-Tattoos, um ihre Kunst ein paar Tage zu tragen, und wenn Sie an einem echten Tattoo interessiert sind, schauen Sie auf Malins Instagram oder Website.<\/p>\n<p><strong>Das ist Malin:<\/strong> Mein Name ist Malin Carper, und ich komme urspr\u00fcnglich aus Arboga. Jetzt arbeite ich bei Bad Mood Tattoo in Helsingborg. Ich arbeite am liebsten in Farbrealismus mit einem Hauch von Abstraktem.<br \/>\nIch bin seit 2010 in der Tattoo-Branche und habe in all diesen Jahren viele spannende Orte bereist. Ich habe als Gast bei anderen talentierten T\u00e4towierern gearbeitet, auf Tattoo-Messen t\u00e4towiert, Musiker t\u00e4towiert und viele gute Freunde getroffen! Ich h\u00e4tte mir nichts Besseres vom T\u00e4towierberuf w\u00fcnschen k\u00f6nnen! Ich hoffe, Sie m\u00f6gen meine kleinen Flash-Designs, einige der Tattoos auf diesem Blatt habe ich t\u00e4towiert.<\/p>\n<p>Alles Gute,<\/p>\n<p>Malin<\/p>\n<p><strong>Bogengr\u00f6\u00dfe:<\/strong> A5<br \/>\n<strong>Tattoogr\u00f6\u00dfe:<\/strong> 4-10 cm<\/p>\n<p><strong>Kontaktieren Sie Malin:<\/strong><\/p>\n<p><strong>Instagram:<\/strong><\/p>\n<p>@malincarper<\/p>\n<p><strong>Studio:<\/strong><\/p>\n<p>Bad Mood Tattoo<\/p>\n<p><strong>Adresse:<\/strong><\/p>\n<p>Nedre L\u00e5ngvinkelsgatan 17, 25220 Helsingborg<\/p>\n<p><strong>Webseite:<\/strong><\/p>\n<p>carperink.se<\/p>\n","protected":false},"featured_media":24132,"template":"","meta":[],"product_brand":[],"product_cat":[55,172],"product_tag":[],"class_list":{"0":"post-24180","1":"product","2":"type-product","3":"status-publish","4":"has-post-thumbnail","6":"product_cat-fertige-boegen","7":"product_cat-zusammenarbeit-mit-taetowierern","9":"first","10":"instock","11":"taxable","12":"shipping-taxable","13":"purchasable","14":"product-type-simple"},"yoast_head":"<!-- This site is optimized with the Yoast SEO Premium plugin v26.2 (Yoast SEO v27.4) - https:\/\/yoast.com\/product\/yoast-seo-premium-wordpress\/ -->\n<title>Flash &#039;Aquarell Flashar&#039; von Malin Carper - Like ink<\/title>\n<meta name=\"description\" content=\"Aquarell-T\u00e4towierungen als Fake-T\u00e4towierungen, entworfen von Carper Ink. Farbenfrohe Abziehtattoos! Schnelle Lieferung und kostenloser Versand. - Like ink\" \/>\n<meta name=\"robots\" content=\"index, follow, max-snippet:-1, max-image-preview:large, max-video-preview:-1\" \/>\n<link rel=\"canonical\" href=\"https:\/\/likeink.com\/de\/tatowierungen\/aquarell-flashar\/\" \/>\n<meta property=\"og:locale\" content=\"de_DE\" \/>\n<meta property=\"og:type\" content=\"article\" \/>\n<meta property=\"og:title\" content=\"Flash &#039;Aquarell Flashar&#039; von Malin Carper\" \/>\n<meta property=\"og:description\" content=\"Like inks fertige B\u00f6gen mit tempor\u00e4ren T\u00e4towierungen sind etwa 20\u00d714 cm gro\u00df und mit dem Design gef\u00fcllt, das Sie auf dem Bild sehen. Wir drucken und versenden Ihr Blatt mit T\u00e4towierungen innerhalb von 24 Stunden, nachdem Sie bestellt haben. Bestellen Sie Fake-Tattoos im Aquarell-Stil, &#039;Watercolor Tattoos&#039;, entworfen von der T\u00e4towiererin Malin Carper. Dieses Blatt wurde von der talentierten T\u00e4towiererin Malin Carper von Bad Mood Tattoo in Helsingborg entworfen. Es ist super toll, T\u00e4towierungskunst von Malin anbieten zu k\u00f6nnen, die eine der coolsten T\u00e4towiererinnen ist, die wir gesehen haben! Bestellen Sie ein Blatt mit Rubbel-Tattoos, um ihre Kunst ein paar Tage zu tragen, und wenn Sie an einem echten Tattoo interessiert sind, schauen Sie auf Malins Instagram oder Website.  Das ist Malin: Mein Name ist Malin Carper, und ich komme urspr\u00fcnglich aus Arboga. Jetzt arbeite ich bei Bad Mood Tattoo in Helsingborg. Ich arbeite am liebsten in Farbrealismus mit einem Hauch von Abstraktem. Ich bin seit 2010 in der Tattoo-Branche und habe in all diesen Jahren viele spannende Orte bereist. Ich habe als Gast bei anderen talentierten T\u00e4towierern gearbeitet, auf Tattoo-Messen t\u00e4towiert, Musiker t\u00e4towiert und viele gute Freunde getroffen! Ich h\u00e4tte mir nichts Besseres vom T\u00e4towierberuf w\u00fcnschen k\u00f6nnen! Ich hoffe, Sie m\u00f6gen meine kleinen Flash-Designs, einige der Tattoos auf diesem Blatt habe ich t\u00e4towiert.  Alles Gute,  Malin  Bogengr\u00f6\u00dfe: A5 Tattoogr\u00f6\u00dfe: 4-10 cm  Kontaktieren Sie Malin:  Instagram:  @malincarper  Studio:  Bad Mood Tattoo  Adresse:  Nedre L\u00e5ngvinkelsgatan 17, 25220 Helsingborg  Webseite:  carperink.se\" \/>\n<meta property=\"og:url\" content=\"https:\/\/likeink.com\/de\/tatowierungen\/aquarell-flashar\/\" \/>\n<meta property=\"og:site_name\" content=\"Like ink\" \/>\n<meta property=\"article:publisher\" content=\"https:\/\/www.facebook.com\/LikeInkSe\" \/>\n<meta property=\"article:modified_time\" content=\"2024-02-14T16:13:30+00:00\" \/>\n<meta property=\"og:image\" content=\"https:\/\/likeink.com\/wp-content\/uploads\/2024\/01\/MalinCarper-WaterColor-Flashes-Likeink.jpg\" \/>\n\t<meta property=\"og:image:width\" content=\"1702\" \/>\n\t<meta property=\"og:image:height\" content=\"1200\" \/>\n\t<meta property=\"og:image:type\" content=\"image\/jpeg\" \/>\n<meta name=\"twitter:card\" content=\"summary_large_image\" \/>\n<meta name=\"twitter:label1\" content=\"Gesch\u00e4tzte Lesezeit\" \/>\n\t<meta name=\"twitter:data1\" content=\"1\u00a0Minute\" \/>\n<script type=\"application\/ld+json\" class=\"yoast-schema-graph\">{\"@context\":\"https:\\\/\\\/schema.org\",\"@graph\":[{\"@type\":\"WebPage\",\"@id\":\"https:\\\/\\\/likeink.com\\\/de\\\/tatowierungen\\\/aquarell-flashar\\\/\",\"url\":\"https:\\\/\\\/likeink.com\\\/de\\\/tatowierungen\\\/aquarell-flashar\\\/\",\"name\":\"Flash 'Aquarell Flashar' von Malin Carper - Like ink\",\"isPartOf\":{\"@id\":\"https:\\\/\\\/likeink.com\\\/de\\\/#website\"},\"primaryImageOfPage\":{\"@id\":\"https:\\\/\\\/likeink.com\\\/de\\\/tatowierungen\\\/aquarell-flashar\\\/#primaryimage\"},\"image\":{\"@id\":\"https:\\\/\\\/likeink.com\\\/de\\\/tatowierungen\\\/aquarell-flashar\\\/#primaryimage\"},\"thumbnailUrl\":\"https:\\\/\\\/likeink.com\\\/wp-content\\\/uploads\\\/2024\\\/01\\\/MalinCarper-WaterColor-Flashes-Likeink.jpg\",\"datePublished\":\"2024-01-11T20:06:01+00:00\",\"dateModified\":\"2024-02-14T16:13:30+00:00\",\"description\":\"Aquarell-T\u00e4towierungen als Fake-T\u00e4towierungen, entworfen von Carper Ink. Farbenfrohe Abziehtattoos! Schnelle Lieferung und kostenloser Versand. - Like ink\",\"breadcrumb\":{\"@id\":\"https:\\\/\\\/likeink.com\\\/de\\\/tatowierungen\\\/aquarell-flashar\\\/#breadcrumb\"},\"inLanguage\":\"de\",\"potentialAction\":[{\"@type\":\"ReadAction\",\"target\":[\"https:\\\/\\\/likeink.com\\\/de\\\/tatowierungen\\\/aquarell-flashar\\\/\"]}]},{\"@type\":\"ImageObject\",\"inLanguage\":\"de\",\"@id\":\"https:\\\/\\\/likeink.com\\\/de\\\/tatowierungen\\\/aquarell-flashar\\\/#primaryimage\",\"url\":\"https:\\\/\\\/likeink.com\\\/wp-content\\\/uploads\\\/2024\\\/01\\\/MalinCarper-WaterColor-Flashes-Likeink.jpg\",\"contentUrl\":\"https:\\\/\\\/likeink.com\\\/wp-content\\\/uploads\\\/2024\\\/01\\\/MalinCarper-WaterColor-Flashes-Likeink.jpg\",\"width\":1702,\"height\":1200,\"caption\":\"Bildunterschrift: Sammlung von Aquarell-T\u00e4towierungen von Malin Carper \u2013 Tattoo-Motive aus Natur und Spiel.\"},{\"@type\":\"BreadcrumbList\",\"@id\":\"https:\\\/\\\/likeink.com\\\/de\\\/tatowierungen\\\/aquarell-flashar\\\/#breadcrumb\",\"itemListElement\":[{\"@type\":\"ListItem\",\"position\":1,\"name\":\"Hem\",\"item\":\"https:\\\/\\\/likeink.com\\\/de\\\/\"},{\"@type\":\"ListItem\",\"position\":2,\"name\":\"Shop\",\"item\":\"https:\\\/\\\/likeink.com\\\/de\\\/shop\\\/\"},{\"@type\":\"ListItem\",\"position\":3,\"name\":\"Flash &#8218;Aquarell Flashar&#8216; von Malin Carper\"}]},{\"@type\":\"WebSite\",\"@id\":\"https:\\\/\\\/likeink.com\\\/de\\\/#website\",\"url\":\"https:\\\/\\\/likeink.com\\\/de\\\/\",\"name\":\"Like ink\",\"description\":\"Gestalten Sie Ihre eigenen tempor\u00e4ren Tattoos\",\"potentialAction\":[{\"@type\":\"SearchAction\",\"target\":{\"@type\":\"EntryPoint\",\"urlTemplate\":\"https:\\\/\\\/likeink.com\\\/de\\\/?s={search_term_string}\"},\"query-input\":{\"@type\":\"PropertyValueSpecification\",\"valueRequired\":true,\"valueName\":\"search_term_string\"}}],\"inLanguage\":\"de\"}]}<\/script>\n<!-- \/ Yoast SEO Premium plugin. -->","yoast_head_json":{"title":"Flash 'Aquarell Flashar' von Malin Carper - Like ink","description":"Aquarell-T\u00e4towierungen als Fake-T\u00e4towierungen, entworfen von Carper Ink. Farbenfrohe Abziehtattoos! Schnelle Lieferung und kostenloser Versand. - Like ink","robots":{"index":"index","follow":"follow","max-snippet":"max-snippet:-1","max-image-preview":"max-image-preview:large","max-video-preview":"max-video-preview:-1"},"canonical":"https:\/\/likeink.com\/de\/tatowierungen\/aquarell-flashar\/","og_locale":"de_DE","og_type":"article","og_title":"Flash 'Aquarell Flashar' von Malin Carper","og_description":"Like inks fertige B\u00f6gen mit tempor\u00e4ren T\u00e4towierungen sind etwa 20\u00d714 cm gro\u00df und mit dem Design gef\u00fcllt, das Sie auf dem Bild sehen. Wir drucken und versenden Ihr Blatt mit T\u00e4towierungen innerhalb von 24 Stunden, nachdem Sie bestellt haben. Bestellen Sie Fake-Tattoos im Aquarell-Stil, 'Watercolor Tattoos', entworfen von der T\u00e4towiererin Malin Carper. Dieses Blatt wurde von der talentierten T\u00e4towiererin Malin Carper von Bad Mood Tattoo in Helsingborg entworfen. Es ist super toll, T\u00e4towierungskunst von Malin anbieten zu k\u00f6nnen, die eine der coolsten T\u00e4towiererinnen ist, die wir gesehen haben! Bestellen Sie ein Blatt mit Rubbel-Tattoos, um ihre Kunst ein paar Tage zu tragen, und wenn Sie an einem echten Tattoo interessiert sind, schauen Sie auf Malins Instagram oder Website.  Das ist Malin: Mein Name ist Malin Carper, und ich komme urspr\u00fcnglich aus Arboga. Jetzt arbeite ich bei Bad Mood Tattoo in Helsingborg. Ich arbeite am liebsten in Farbrealismus mit einem Hauch von Abstraktem. Ich bin seit 2010 in der Tattoo-Branche und habe in all diesen Jahren viele spannende Orte bereist. Ich habe als Gast bei anderen talentierten T\u00e4towierern gearbeitet, auf Tattoo-Messen t\u00e4towiert, Musiker t\u00e4towiert und viele gute Freunde getroffen! Ich h\u00e4tte mir nichts Besseres vom T\u00e4towierberuf w\u00fcnschen k\u00f6nnen! Ich hoffe, Sie m\u00f6gen meine kleinen Flash-Designs, einige der Tattoos auf diesem Blatt habe ich t\u00e4towiert.  Alles Gute,  Malin  Bogengr\u00f6\u00dfe: A5 Tattoogr\u00f6\u00dfe: 4-10 cm  Kontaktieren Sie Malin:  Instagram:  @malincarper  Studio:  Bad Mood Tattoo  Adresse:  Nedre L\u00e5ngvinkelsgatan 17, 25220 Helsingborg  Webseite:  carperink.se","og_url":"https:\/\/likeink.com\/de\/tatowierungen\/aquarell-flashar\/","og_site_name":"Like ink","article_publisher":"https:\/\/www.facebook.com\/LikeInkSe","article_modified_time":"2024-02-14T16:13:30+00:00","og_image":[{"width":1702,"height":1200,"url":"https:\/\/likeink.com\/wp-content\/uploads\/2024\/01\/MalinCarper-WaterColor-Flashes-Likeink.jpg","type":"image\/jpeg"}],"twitter_card":"summary_large_image","twitter_misc":{"Gesch\u00e4tzte Lesezeit":"1\u00a0Minute"},"schema":{"@context":"https:\/\/schema.org","@graph":[{"@type":"WebPage","@id":"https:\/\/likeink.com\/de\/tatowierungen\/aquarell-flashar\/","url":"https:\/\/likeink.com\/de\/tatowierungen\/aquarell-flashar\/","name":"Flash 'Aquarell Flashar' von Malin Carper - Like ink","isPartOf":{"@id":"https:\/\/likeink.com\/de\/#website"},"primaryImageOfPage":{"@id":"https:\/\/likeink.com\/de\/tatowierungen\/aquarell-flashar\/#primaryimage"},"image":{"@id":"https:\/\/likeink.com\/de\/tatowierungen\/aquarell-flashar\/#primaryimage"},"thumbnailUrl":"https:\/\/likeink.com\/wp-content\/uploads\/2024\/01\/MalinCarper-WaterColor-Flashes-Likeink.jpg","datePublished":"2024-01-11T20:06:01+00:00","dateModified":"2024-02-14T16:13:30+00:00","description":"Aquarell-T\u00e4towierungen als Fake-T\u00e4towierungen, entworfen von Carper Ink. Farbenfrohe Abziehtattoos! Schnelle Lieferung und kostenloser Versand. - Like ink","breadcrumb":{"@id":"https:\/\/likeink.com\/de\/tatowierungen\/aquarell-flashar\/#breadcrumb"},"inLanguage":"de","potentialAction":[{"@type":"ReadAction","target":["https:\/\/likeink.com\/de\/tatowierungen\/aquarell-flashar\/"]}]},{"@type":"ImageObject","inLanguage":"de","@id":"https:\/\/likeink.com\/de\/tatowierungen\/aquarell-flashar\/#primaryimage","url":"https:\/\/likeink.com\/wp-content\/uploads\/2024\/01\/MalinCarper-WaterColor-Flashes-Likeink.jpg","contentUrl":"https:\/\/likeink.com\/wp-content\/uploads\/2024\/01\/MalinCarper-WaterColor-Flashes-Likeink.jpg","width":1702,"height":1200,"caption":"Bildunterschrift: Sammlung von Aquarell-T\u00e4towierungen von Malin Carper \u2013 Tattoo-Motive aus Natur und Spiel."},{"@type":"BreadcrumbList","@id":"https:\/\/likeink.com\/de\/tatowierungen\/aquarell-flashar\/#breadcrumb","itemListElement":[{"@type":"ListItem","position":1,"name":"Hem","item":"https:\/\/likeink.com\/de\/"},{"@type":"ListItem","position":2,"name":"Shop","item":"https:\/\/likeink.com\/de\/shop\/"},{"@type":"ListItem","position":3,"name":"Flash &#8218;Aquarell Flashar&#8216; von Malin Carper"}]},{"@type":"WebSite","@id":"https:\/\/likeink.com\/de\/#website","url":"https:\/\/likeink.com\/de\/","name":"Like ink","description":"Gestalten Sie Ihre eigenen tempor\u00e4ren Tattoos","potentialAction":[{"@type":"SearchAction","target":{"@type":"EntryPoint","urlTemplate":"https:\/\/likeink.com\/de\/?s={search_term_string}"},"query-input":{"@type":"PropertyValueSpecification","valueRequired":true,"valueName":"search_term_string"}}],"inLanguage":"de"}]}},"_links":{"self":[{"href":"https:\/\/likeink.com\/de\/wp-json\/wp\/v2\/product\/24180","targetHints":{"allow":["GET"]}}],"collection":[{"href":"https:\/\/likeink.com\/de\/wp-json\/wp\/v2\/product"}],"about":[{"href":"https:\/\/likeink.com\/de\/wp-json\/wp\/v2\/types\/product"}],"wp:featuredmedia":[{"embeddable":true,"href":"https:\/\/likeink.com\/de\/wp-json\/wp\/v2\/media\/24132"}],"wp:attachment":[{"href":"https:\/\/likeink.com\/de\/wp-json\/wp\/v2\/media?parent=24180"}],"wp:term":[{"taxonomy":"product_brand","embeddable":true,"href":"https:\/\/likeink.com\/de\/wp-json\/wp\/v2\/product_brand?post=24180"},{"taxonomy":"product_cat","embeddable":true,"href":"https:\/\/likeink.com\/de\/wp-json\/wp\/v2\/product_cat?post=24180"},{"taxonomy":"product_tag","embeddable":true,"href":"https:\/\/likeink.com\/de\/wp-json\/wp\/v2\/product_tag?post=24180"}],"curies":[{"name":"wp","href":"https:\/\/api.w.org\/{rel}","templated":true}]}}